{"id":255135,"date":"2026-03-15T00:55:43","date_gmt":"2026-03-14T23:55:43","guid":{"rendered":"https:\/\/schweizversand.ch\/produkt\/nedis-bluetooth-lautsprecher-kabellos-2\/"},"modified":"2026-04-19T02:04:27","modified_gmt":"2026-04-19T00:04:27","slug":"nedis-bluetooth-lautsprecher-kabellos-2","status":"publish","type":"product","link":"https:\/\/schweizversand.ch\/fr\/produkt\/nedis-bluetooth-lautsprecher-kabellos-2\/","title":{"rendered":"Enceinte Bluetooth sans fil Nedis"},"content":{"rendered":"<p>Le design m\u00e9tallique de cette enceinte Bluetooth sans fil lui conf\u00e8re une allure \u00e9l\u00e9gante et une excellente qualit\u00e9 sonore.<\/p>\n<p>Diffusez votre musique o\u00f9 que vous soyez. Avec une puissance de cr\u00eate de 15 W, cette enceinte offre un son portable exceptionnel. L\u00e9g\u00e8re, elle vous permet de profiter d&rsquo;une exp\u00e9rience audio immersive en d\u00e9placement.<\/p>\n<p>Connectez-vous sans fil \u00e0 votre smartphone ou \u00e0 tout autre appareil Bluetooth et que la f\u00eate commence\u00a0!<\/p>\n<p>Sa batterie int\u00e9gr\u00e9e de 800 mAh offre jusqu&rsquo;\u00e0 quatre heures d&rsquo;autonomie sur une seule charge. La f\u00eate peut continuer pendant que l&rsquo;enceinte se recharge pour votre prochaine destination.<\/p>\n<p>Emportez votre musique partout avec vous. Gr\u00e2ce \u00e0 son microphone int\u00e9gr\u00e9, vous pouvez passer et recevoir des appels directement depuis l&rsquo;enceinte lorsqu&rsquo;elle est connect\u00e9e \u00e0 votre smartphone.<\/p>\n<p>Sp\u00e9cifications techniques :<\/p>\n<p>\u2022 Type de batterie : Batterie lithium-ion int\u00e9gr\u00e9e<\/p>\n<p>\u2022 Nombre de canaux : 1<\/p>\n<p>\u2022 Capacit\u00e9 : 800 mAh<\/p>\n<p>\u2022 Alimentation : Micro-USB<\/p>\n<p>\u2022 Courant d&rsquo;entr\u00e9e : 1 A<\/p>\n<p>\u2022 Autonomie : 4 heures<\/p>\n<p>\u2022 Puissance RMS : 5 W<\/p>\n<p>\u2022 Imp\u00e9dance : 4 ohms<\/p>\n<p>\u2022 Longueur du c\u00e2ble d&rsquo;alimentation : 0,60 m<\/p>\n<p>\u2022 R\u00e9ponse en fr\u00e9quence : 2402\u20132480 MHz<\/p>\n<p>\u2022 Port\u00e9e : 10 m<\/p>\n<p>\u2022 Puissance d&rsquo;\u00e9mission maximale : 1,17 dBm<\/p>\n<p>\u2022 Puissance cr\u00eate : 15 W<\/p>\n<p>\u2022 Rapport signal\/bruit (SNR) : 85 dB<\/p>\n<p>\u2022 R\u00e9ponse en fr\u00e9quence : 120 Hz \u2013 18 kHz<\/p>\n<p>Contenu de l&#8217;emballage :<\/p>\n<p>\u2022 Enceinte Bluetooth<\/p>\n<p>\u2022 C\u00e2ble de chargement USB<\/p>\n<p>\u2022 Guide de d\u00e9marrage rapide<\/p>\n","protected":false},"excerpt":{"rendered":"<p>Le design m\u00e9tallique de cette enceinte Bluetooth sans fil lui conf\u00e8re une allure \u00e9l\u00e9gante et une excellente qualit\u00e9 sonore. Diffusez votre musique o\u00f9 que vous soyez. Avec une puissance de cr\u00eate de 15 W, cette enceinte offre un son portable exceptionnel. L\u00e9g\u00e8re, elle vous permet de profiter d&rsquo;une exp\u00e9rience audio immersive en d\u00e9placement. Connectez-vous sans fil \u00e0 votre smartphone ou \u00e0 tout autre appareil Bluetooth et que la f\u00eate commence\u00a0! Sa batterie int\u00e9gr\u00e9e de 800&hellip;<\/p>\n","protected":false},"featured_media":160656,"comment_status":"open","ping_status":"closed","template":"","meta":[],"product_brand":[],"product_cat":[38625],"product_tag":[],"class_list":{"0":"post-255135","1":"product","2":"type-product","3":"status-publish","4":"has-post-thumbnail","6":"product_cat-lautsprecher","7":"product_shipping_class-global_methods","9":"first","10":"instock","11":"taxable","12":"shipping-taxable","13":"purchasable","14":"product-type-simple"},"yoast_head":"<!-- This site is optimized with the Yoast SEO plugin v27.4 - https:\/\/yoast.com\/product\/yoast-seo-wordpress\/ -->\n<title>Nedis Bluetooth-Lautsprecher Kabellos | Jetzt kaufen | Schweizversand.ch<\/title>\n<meta name=\"description\" content=\"Nedis Bluetooth-Lautsprecher Kabellos g\u00fcnstig kaufen bei Schweizversand.ch. Schnelle Lieferung in der Schweiz. Gratisversand ab CHF 50.\" \/>\n<meta name=\"robots\" content=\"index, follow, max-snippet:-1, max-image-preview:large, max-video-preview:-1\" \/>\n<link rel=\"canonical\" href=\"https:\/\/schweizversand.ch\/fr\/produkt\/nedis-bluetooth-lautsprecher-kabellos-2\/\" \/>\n<meta property=\"og:locale\" content=\"fr_FR\" \/>\n<meta property=\"og:type\" content=\"article\" \/>\n<meta property=\"og:title\" content=\"Nedis Bluetooth-Lautsprecher Kabellos | Jetzt kaufen | Schweizversand.ch\" \/>\n<meta property=\"og:description\" content=\"Nedis Bluetooth-Lautsprecher Kabellos g\u00fcnstig kaufen bei Schweizversand.ch. Schnelle Lieferung in der Schweiz. Gratisversand ab CHF 50.\" \/>\n<meta property=\"og:url\" content=\"https:\/\/schweizversand.ch\/fr\/produkt\/nedis-bluetooth-lautsprecher-kabellos-2\/\" \/>\n<meta property=\"og:site_name\" content=\"Schweizer Shop f\u00fcr Sport, Spiel und Freizeit\" \/>\n<meta property=\"article:publisher\" content=\"https:\/\/www.facebook.com\/Schweizversand\" \/>\n<meta property=\"article:modified_time\" content=\"2026-04-19T00:04:27+00:00\" \/>\n<meta property=\"og:image\" content=\"https:\/\/schweizversand.ch\/wp-content\/uploads\/2026\/02\/5471694914.jpg\" \/>\n\t<meta property=\"og:image:width\" content=\"1024\" \/>\n\t<meta property=\"og:image:height\" content=\"1024\" \/>\n\t<meta property=\"og:image:type\" content=\"image\/jpeg\" \/>\n<meta name=\"twitter:card\" content=\"summary_large_image\" \/>\n<meta name=\"twitter:label1\" content=\"Dur\u00e9e de lecture estim\u00e9e\" \/>\n\t<meta name=\"twitter:data1\" content=\"1 minute\" \/>\n<script type=\"application\/ld+json\" class=\"yoast-schema-graph\">{\"@context\":\"https:\\\/\\\/schema.org\",\"@graph\":[{\"@type\":\"WebPage\",\"@id\":\"https:\\\/\\\/schweizversand.ch\\\/fr\\\/produkt\\\/nedis-bluetooth-lautsprecher-kabellos-2\\\/\",\"url\":\"https:\\\/\\\/schweizversand.ch\\\/fr\\\/produkt\\\/nedis-bluetooth-lautsprecher-kabellos-2\\\/\",\"name\":\"Nedis Bluetooth-Lautsprecher Kabellos | Jetzt kaufen | Schweizversand.ch\",\"isPartOf\":{\"@id\":\"https:\\\/\\\/schweizversand.ch\\\/fr\\\/#website\"},\"primaryImageOfPage\":{\"@id\":\"https:\\\/\\\/schweizversand.ch\\\/fr\\\/produkt\\\/nedis-bluetooth-lautsprecher-kabellos-2\\\/#primaryimage\"},\"image\":{\"@id\":\"https:\\\/\\\/schweizversand.ch\\\/fr\\\/produkt\\\/nedis-bluetooth-lautsprecher-kabellos-2\\\/#primaryimage\"},\"thumbnailUrl\":\"https:\\\/\\\/schweizversand.ch\\\/wp-content\\\/uploads\\\/2026\\\/02\\\/5471694914.jpg\",\"datePublished\":\"2026-03-14T23:55:43+00:00\",\"dateModified\":\"2026-04-19T00:04:27+00:00\",\"description\":\"Nedis Bluetooth-Lautsprecher Kabellos g\u00fcnstig kaufen bei Schweizversand.ch. Schnelle Lieferung in der Schweiz. Gratisversand ab CHF 50.\",\"breadcrumb\":{\"@id\":\"https:\\\/\\\/schweizversand.ch\\\/fr\\\/produkt\\\/nedis-bluetooth-lautsprecher-kabellos-2\\\/#breadcrumb\"},\"inLanguage\":\"fr-FR\",\"potentialAction\":[{\"@type\":\"ReadAction\",\"target\":[\"https:\\\/\\\/schweizversand.ch\\\/fr\\\/produkt\\\/nedis-bluetooth-lautsprecher-kabellos-2\\\/\"]}]},{\"@type\":\"ImageObject\",\"inLanguage\":\"fr-FR\",\"@id\":\"https:\\\/\\\/schweizversand.ch\\\/fr\\\/produkt\\\/nedis-bluetooth-lautsprecher-kabellos-2\\\/#primaryimage\",\"url\":\"https:\\\/\\\/schweizversand.ch\\\/wp-content\\\/uploads\\\/2026\\\/02\\\/5471694914.jpg\",\"contentUrl\":\"https:\\\/\\\/schweizversand.ch\\\/wp-content\\\/uploads\\\/2026\\\/02\\\/5471694914.jpg\",\"width\":1024,\"height\":1024},{\"@type\":\"BreadcrumbList\",\"@id\":\"https:\\\/\\\/schweizversand.ch\\\/fr\\\/produkt\\\/nedis-bluetooth-lautsprecher-kabellos-2\\\/#breadcrumb\",\"itemListElement\":[{\"@type\":\"ListItem\",\"position\":1,\"name\":\"Startseite\",\"item\":\"https:\\\/\\\/schweizversand.ch\\\/fr\\\/home\\\/\"},{\"@type\":\"ListItem\",\"position\":2,\"name\":\"Boutique\",\"item\":\"https:\\\/\\\/schweizversand.ch\\\/fr\\\/boutique\\\/\"},{\"@type\":\"ListItem\",\"position\":3,\"name\":\"\u00c9lectronique\",\"item\":\"https:\\\/\\\/schweizversand.ch\\\/fr\\\/produkt-kategorie\\\/electronique\\\/\"},{\"@type\":\"ListItem\",\"position\":4,\"name\":\"Audio\",\"item\":\"https:\\\/\\\/schweizversand.ch\\\/fr\\\/produkt-kategorie\\\/electronique\\\/audio\\\/\"},{\"@type\":\"ListItem\",\"position\":5,\"name\":\"Haut-parleurs\",\"item\":\"https:\\\/\\\/schweizversand.ch\\\/fr\\\/produkt-kategorie\\\/electronique\\\/audio\\\/lautsprecher\\\/\"},{\"@type\":\"ListItem\",\"position\":6,\"name\":\"Enceinte Bluetooth sans fil Nedis\"}]},{\"@type\":\"WebSite\",\"@id\":\"https:\\\/\\\/schweizversand.ch\\\/fr\\\/#website\",\"url\":\"https:\\\/\\\/schweizversand.ch\\\/fr\\\/\",\"name\":\"Schweizer Shop f\u00fcr Sport, Spiel und Freizeit\",\"description\":\"Gratisversand ab 50.- (netto), ab eigenem schweizer Lager, Lieferung innert 48h\",\"publisher\":{\"@id\":\"https:\\\/\\\/schweizversand.ch\\\/fr\\\/#organization\"},\"alternateName\":\"Schweizversand.ch\",\"potentialAction\":[{\"@type\":\"SearchAction\",\"target\":{\"@type\":\"EntryPoint\",\"urlTemplate\":\"https:\\\/\\\/schweizversand.ch\\\/fr\\\/?s={search_term_string}\"},\"query-input\":{\"@type\":\"PropertyValueSpecification\",\"valueRequired\":true,\"valueName\":\"search_term_string\"}}],\"inLanguage\":\"fr-FR\"},{\"@type\":\"Organization\",\"@id\":\"https:\\\/\\\/schweizversand.ch\\\/fr\\\/#organization\",\"name\":\"Schweizversand.ch\",\"url\":\"https:\\\/\\\/schweizversand.ch\\\/fr\\\/\",\"logo\":{\"@type\":\"ImageObject\",\"inLanguage\":\"fr-FR\",\"@id\":\"https:\\\/\\\/schweizversand.ch\\\/fr\\\/#\\\/schema\\\/logo\\\/image\\\/\",\"url\":\"https:\\\/\\\/schweizversand.ch\\\/wp-content\\\/uploads\\\/2026\\\/03\\\/Logo_Rund_Final-1.png\",\"contentUrl\":\"https:\\\/\\\/schweizversand.ch\\\/wp-content\\\/uploads\\\/2026\\\/03\\\/Logo_Rund_Final-1.png\",\"width\":404,\"height\":404,\"caption\":\"Schweizversand.ch\"},\"image\":{\"@id\":\"https:\\\/\\\/schweizversand.ch\\\/fr\\\/#\\\/schema\\\/logo\\\/image\\\/\"},\"sameAs\":[\"https:\\\/\\\/www.facebook.com\\\/Schweizversand\",\"https:\\\/\\\/www.instagram.com\\\/schweizversand.ch\\\/\"]}]}<\/script>\n<!-- \/ Yoast SEO plugin. -->","yoast_head_json":{"title":"Nedis Bluetooth-Lautsprecher Kabellos | Jetzt kaufen | Schweizversand.ch","description":"Nedis Bluetooth-Lautsprecher Kabellos g\u00fcnstig kaufen bei Schweizversand.ch. Schnelle Lieferung in der Schweiz. Gratisversand ab CHF 50.","robots":{"index":"index","follow":"follow","max-snippet":"max-snippet:-1","max-image-preview":"max-image-preview:large","max-video-preview":"max-video-preview:-1"},"canonical":"https:\/\/schweizversand.ch\/fr\/produkt\/nedis-bluetooth-lautsprecher-kabellos-2\/","og_locale":"fr_FR","og_type":"article","og_title":"Nedis Bluetooth-Lautsprecher Kabellos | Jetzt kaufen | Schweizversand.ch","og_description":"Nedis Bluetooth-Lautsprecher Kabellos g\u00fcnstig kaufen bei Schweizversand.ch. Schnelle Lieferung in der Schweiz. Gratisversand ab CHF 50.","og_url":"https:\/\/schweizversand.ch\/fr\/produkt\/nedis-bluetooth-lautsprecher-kabellos-2\/","og_site_name":"Schweizer Shop f\u00fcr Sport, Spiel und Freizeit","article_publisher":"https:\/\/www.facebook.com\/Schweizversand","article_modified_time":"2026-04-19T00:04:27+00:00","og_image":[{"width":1024,"height":1024,"url":"https:\/\/schweizversand.ch\/wp-content\/uploads\/2026\/02\/5471694914.jpg","type":"image\/jpeg"}],"twitter_card":"summary_large_image","twitter_misc":{"Dur\u00e9e de lecture estim\u00e9e":"1 minute"},"schema":{"@context":"https:\/\/schema.org","@graph":[{"@type":"WebPage","@id":"https:\/\/schweizversand.ch\/fr\/produkt\/nedis-bluetooth-lautsprecher-kabellos-2\/","url":"https:\/\/schweizversand.ch\/fr\/produkt\/nedis-bluetooth-lautsprecher-kabellos-2\/","name":"Nedis Bluetooth-Lautsprecher Kabellos | Jetzt kaufen | Schweizversand.ch","isPartOf":{"@id":"https:\/\/schweizversand.ch\/fr\/#website"},"primaryImageOfPage":{"@id":"https:\/\/schweizversand.ch\/fr\/produkt\/nedis-bluetooth-lautsprecher-kabellos-2\/#primaryimage"},"image":{"@id":"https:\/\/schweizversand.ch\/fr\/produkt\/nedis-bluetooth-lautsprecher-kabellos-2\/#primaryimage"},"thumbnailUrl":"https:\/\/schweizversand.ch\/wp-content\/uploads\/2026\/02\/5471694914.jpg","datePublished":"2026-03-14T23:55:43+00:00","dateModified":"2026-04-19T00:04:27+00:00","description":"Nedis Bluetooth-Lautsprecher Kabellos g\u00fcnstig kaufen bei Schweizversand.ch. Schnelle Lieferung in der Schweiz. Gratisversand ab CHF 50.","breadcrumb":{"@id":"https:\/\/schweizversand.ch\/fr\/produkt\/nedis-bluetooth-lautsprecher-kabellos-2\/#breadcrumb"},"inLanguage":"fr-FR","potentialAction":[{"@type":"ReadAction","target":["https:\/\/schweizversand.ch\/fr\/produkt\/nedis-bluetooth-lautsprecher-kabellos-2\/"]}]},{"@type":"ImageObject","inLanguage":"fr-FR","@id":"https:\/\/schweizversand.ch\/fr\/produkt\/nedis-bluetooth-lautsprecher-kabellos-2\/#primaryimage","url":"https:\/\/schweizversand.ch\/wp-content\/uploads\/2026\/02\/5471694914.jpg","contentUrl":"https:\/\/schweizversand.ch\/wp-content\/uploads\/2026\/02\/5471694914.jpg","width":1024,"height":1024},{"@type":"BreadcrumbList","@id":"https:\/\/schweizversand.ch\/fr\/produkt\/nedis-bluetooth-lautsprecher-kabellos-2\/#breadcrumb","itemListElement":[{"@type":"ListItem","position":1,"name":"Startseite","item":"https:\/\/schweizversand.ch\/fr\/home\/"},{"@type":"ListItem","position":2,"name":"Boutique","item":"https:\/\/schweizversand.ch\/fr\/boutique\/"},{"@type":"ListItem","position":3,"name":"\u00c9lectronique","item":"https:\/\/schweizversand.ch\/fr\/produkt-kategorie\/electronique\/"},{"@type":"ListItem","position":4,"name":"Audio","item":"https:\/\/schweizversand.ch\/fr\/produkt-kategorie\/electronique\/audio\/"},{"@type":"ListItem","position":5,"name":"Haut-parleurs","item":"https:\/\/schweizversand.ch\/fr\/produkt-kategorie\/electronique\/audio\/lautsprecher\/"},{"@type":"ListItem","position":6,"name":"Enceinte Bluetooth sans fil Nedis"}]},{"@type":"WebSite","@id":"https:\/\/schweizversand.ch\/fr\/#website","url":"https:\/\/schweizversand.ch\/fr\/","name":"Schweizer Shop f\u00fcr Sport, Spiel und Freizeit","description":"Gratisversand ab 50.- (netto), ab eigenem schweizer Lager, Lieferung innert 48h","publisher":{"@id":"https:\/\/schweizversand.ch\/fr\/#organization"},"alternateName":"Schweizversand.ch","potentialAction":[{"@type":"SearchAction","target":{"@type":"EntryPoint","urlTemplate":"https:\/\/schweizversand.ch\/fr\/?s={search_term_string}"},"query-input":{"@type":"PropertyValueSpecification","valueRequired":true,"valueName":"search_term_string"}}],"inLanguage":"fr-FR"},{"@type":"Organization","@id":"https:\/\/schweizversand.ch\/fr\/#organization","name":"Schweizversand.ch","url":"https:\/\/schweizversand.ch\/fr\/","logo":{"@type":"ImageObject","inLanguage":"fr-FR","@id":"https:\/\/schweizversand.ch\/fr\/#\/schema\/logo\/image\/","url":"https:\/\/schweizversand.ch\/wp-content\/uploads\/2026\/03\/Logo_Rund_Final-1.png","contentUrl":"https:\/\/schweizversand.ch\/wp-content\/uploads\/2026\/03\/Logo_Rund_Final-1.png","width":404,"height":404,"caption":"Schweizversand.ch"},"image":{"@id":"https:\/\/schweizversand.ch\/fr\/#\/schema\/logo\/image\/"},"sameAs":["https:\/\/www.facebook.com\/Schweizversand","https:\/\/www.instagram.com\/schweizversand.ch\/"]}]}},"jetpack_sharing_enabled":true,"_links":{"self":[{"href":"https:\/\/schweizversand.ch\/fr\/wp-json\/wp\/v2\/product\/255135","targetHints":{"allow":["GET"]}}],"collection":[{"href":"https:\/\/schweizversand.ch\/fr\/wp-json\/wp\/v2\/product"}],"about":[{"href":"https:\/\/schweizversand.ch\/fr\/wp-json\/wp\/v2\/types\/product"}],"replies":[{"embeddable":true,"href":"https:\/\/schweizversand.ch\/fr\/wp-json\/wp\/v2\/comments?post=255135"}],"wp:featuredmedia":[{"embeddable":true,"href":"https:\/\/schweizversand.ch\/fr\/wp-json\/wp\/v2\/media\/160656"}],"wp:attachment":[{"href":"https:\/\/schweizversand.ch\/fr\/wp-json\/wp\/v2\/media?parent=255135"}],"wp:term":[{"taxonomy":"product_brand","embeddable":true,"href":"https:\/\/schweizversand.ch\/fr\/wp-json\/wp\/v2\/product_brand?post=255135"},{"taxonomy":"product_cat","embeddable":true,"href":"https:\/\/schweizversand.ch\/fr\/wp-json\/wp\/v2\/product_cat?post=255135"},{"taxonomy":"product_tag","embeddable":true,"href":"https:\/\/schweizversand.ch\/fr\/wp-json\/wp\/v2\/product_tag?post=255135"}],"curies":[{"name":"wp","href":"https:\/\/api.w.org\/{rel}","templated":true}]}}