{"id":255137,"date":"2026-03-15T00:55:43","date_gmt":"2026-03-14T23:55:43","guid":{"rendered":"https:\/\/schweizversand.ch\/produkt\/dare2b-damen-fit-regulations-skihose-2\/"},"modified":"2026-04-19T02:04:28","modified_gmt":"2026-04-19T00:04:28","slug":"dare2b-damen-fit-regulations-skihose-2","status":"publish","type":"product","link":"https:\/\/schweizversand.ch\/fr\/produkt\/dare2b-damen-fit-regulations-skihose-2\/","title":{"rendered":"Pantalon de ski DARE2B pour femmes, conforme \u00e0 la r\u00e9glementation Fit Regulations"},"content":{"rendered":"<p>D\u00e9couvrez l&rsquo;alliance parfaite du style et de la fonctionnalit\u00e9 avec ce pantalon de ski femme imperm\u00e9able et respirant sign\u00e9 Julien Macdonald, le c\u00e9l\u00e8bre cr\u00e9ateur gallois. Ce pantalon bootcut pr\u00e8s du corps est con\u00e7u pour un confort optimal lors de vos activit\u00e9s hivernales, offrant \u00e0 la fois une grande libert\u00e9 de mouvement et une excellente protection contre les intemp\u00e9ries.<\/p>\n<\/p>\n<p>Confectionn\u00e9 en softshell extensible et r\u00e9sistant, ce pantalon \u00e9pouse parfaitement vos formes sans entraver vos mouvements. La doublure micropolaire extensible apporte chaleur et confort suppl\u00e9mentaires, tandis que les deux poches zipp\u00e9es permettent de ranger vos essentiels.<\/p>\n<\/p>\n<p>Des renforts sp\u00e9ciaux au bas des jambes augmentent la durabilit\u00e9 et r\u00e9duisent l&rsquo;abrasion. Les bas de jambes l\u00e9g\u00e8rement \u00e9vas\u00e9s avec fermeture \u00e9clair facilitent l&rsquo;enfilage et le retrait et assurent un ajustement parfait par-dessus vos chaussures de ski.<\/p>\n<\/p>\n<p>Caract\u00e9ristiques techniques :<\/p>\n<\/p>\n<p>\u2022 Mati\u00e8re softshell pour une protection optimale<\/p>\n<\/p>\n<p>\u2022 Doublure polaire pour plus de chaleur<\/p>\n<\/p>\n<p>\u2022 Imperm\u00e9abilit\u00e9 : 10\u00a0000 mm<\/p>\n<\/p>\n<p>\u2022 Respirabilit\u00e9 : 5\u00a0000 g\/m\u00b2\/24 h<\/p>\n<\/p>\n<p>\u2022 Caract\u00e9ristiques sp\u00e9cifiques au ski, notamment des gu\u00eatres pare-neige et des bas de jambes zipp\u00e9s<\/p>\n<\/p>\n<p>\u2022 Bande logot\u00e9e sur les c\u00f4t\u00e9s des jambes pour une touche d&rsquo;\u00e9l\u00e9gance<\/p>\n<\/p>\n<p>Id\u00e9al pour toutes vos aventures hivernales\u00a0!<\/p>\n","protected":false},"excerpt":{"rendered":"<p>D\u00e9couvrez l&rsquo;alliance parfaite du style et de la fonctionnalit\u00e9 avec ce pantalon de ski femme imperm\u00e9able et respirant sign\u00e9 Julien Macdonald, le c\u00e9l\u00e8bre cr\u00e9ateur gallois. Ce pantalon bootcut pr\u00e8s du corps est con\u00e7u pour un confort optimal lors de vos activit\u00e9s hivernales, offrant \u00e0 la fois une grande libert\u00e9 de mouvement et une excellente protection contre les intemp\u00e9ries. Confectionn\u00e9 en softshell extensible et r\u00e9sistant, ce pantalon \u00e9pouse parfaitement vos formes sans entraver vos mouvements. La&hellip;<\/p>\n","protected":false},"featured_media":160668,"comment_status":"open","ping_status":"closed","template":"","meta":[],"product_brand":[],"product_cat":[38524],"product_tag":[],"class_list":{"0":"post-255137","1":"product","2":"type-product","3":"status-publish","4":"has-post-thumbnail","6":"product_cat-wintersportbekleidung","7":"product_shipping_class-global_methods","9":"first","10":"instock","11":"taxable","12":"shipping-taxable","13":"purchasable","14":"product-type-simple"},"yoast_head":"<!-- This site is optimized with the Yoast SEO plugin v27.4 - https:\/\/yoast.com\/product\/yoast-seo-wordpress\/ -->\n<title>DARE2B Damen Fit Regulations Skihose | Jetzt kaufen | Schweizversand.ch<\/title>\n<meta name=\"description\" content=\"DARE2B Damen Fit Regulations Skihose g\u00fcnstig kaufen bei Schweizversand.ch. Schnelle Lieferung in der Schweiz. Gratisversand ab CHF 50.\" \/>\n<meta name=\"robots\" content=\"index, follow, max-snippet:-1, max-image-preview:large, max-video-preview:-1\" \/>\n<link rel=\"canonical\" href=\"https:\/\/schweizversand.ch\/fr\/produkt\/dare2b-damen-fit-regulations-skihose-2\/\" \/>\n<meta property=\"og:locale\" content=\"fr_FR\" \/>\n<meta property=\"og:type\" content=\"article\" \/>\n<meta property=\"og:title\" content=\"DARE2B Damen Fit Regulations Skihose | Jetzt kaufen | Schweizversand.ch\" \/>\n<meta property=\"og:description\" content=\"DARE2B Damen Fit Regulations Skihose g\u00fcnstig kaufen bei Schweizversand.ch. Schnelle Lieferung in der Schweiz. Gratisversand ab CHF 50.\" \/>\n<meta property=\"og:url\" content=\"https:\/\/schweizversand.ch\/fr\/produkt\/dare2b-damen-fit-regulations-skihose-2\/\" \/>\n<meta property=\"og:site_name\" content=\"Schweizer Shop f\u00fcr Sport, Spiel und Freizeit\" \/>\n<meta property=\"article:publisher\" content=\"https:\/\/www.facebook.com\/Schweizversand\" \/>\n<meta property=\"article:modified_time\" content=\"2026-04-19T00:04:28+00:00\" \/>\n<meta property=\"og:image\" content=\"https:\/\/schweizversand.ch\/wp-content\/uploads\/2026\/02\/5471817242.jpg\" \/>\n\t<meta property=\"og:image:width\" content=\"446\" \/>\n\t<meta property=\"og:image:height\" content=\"1024\" \/>\n\t<meta property=\"og:image:type\" content=\"image\/jpeg\" \/>\n<meta name=\"twitter:card\" content=\"summary_large_image\" \/>\n<meta name=\"twitter:label1\" content=\"Dur\u00e9e de lecture estim\u00e9e\" \/>\n\t<meta name=\"twitter:data1\" content=\"1 minute\" \/>\n<script type=\"application\/ld+json\" class=\"yoast-schema-graph\">{\"@context\":\"https:\\\/\\\/schema.org\",\"@graph\":[{\"@type\":\"WebPage\",\"@id\":\"https:\\\/\\\/schweizversand.ch\\\/fr\\\/produkt\\\/dare2b-damen-fit-regulations-skihose-2\\\/\",\"url\":\"https:\\\/\\\/schweizversand.ch\\\/fr\\\/produkt\\\/dare2b-damen-fit-regulations-skihose-2\\\/\",\"name\":\"DARE2B Damen Fit Regulations Skihose | Jetzt kaufen | Schweizversand.ch\",\"isPartOf\":{\"@id\":\"https:\\\/\\\/schweizversand.ch\\\/fr\\\/#website\"},\"primaryImageOfPage\":{\"@id\":\"https:\\\/\\\/schweizversand.ch\\\/fr\\\/produkt\\\/dare2b-damen-fit-regulations-skihose-2\\\/#primaryimage\"},\"image\":{\"@id\":\"https:\\\/\\\/schweizversand.ch\\\/fr\\\/produkt\\\/dare2b-damen-fit-regulations-skihose-2\\\/#primaryimage\"},\"thumbnailUrl\":\"https:\\\/\\\/schweizversand.ch\\\/wp-content\\\/uploads\\\/2026\\\/02\\\/5471817242.jpg\",\"datePublished\":\"2026-03-14T23:55:43+00:00\",\"dateModified\":\"2026-04-19T00:04:28+00:00\",\"description\":\"DARE2B Damen Fit Regulations Skihose g\u00fcnstig kaufen bei Schweizversand.ch. Schnelle Lieferung in der Schweiz. Gratisversand ab CHF 50.\",\"breadcrumb\":{\"@id\":\"https:\\\/\\\/schweizversand.ch\\\/fr\\\/produkt\\\/dare2b-damen-fit-regulations-skihose-2\\\/#breadcrumb\"},\"inLanguage\":\"fr-FR\",\"potentialAction\":[{\"@type\":\"ReadAction\",\"target\":[\"https:\\\/\\\/schweizversand.ch\\\/fr\\\/produkt\\\/dare2b-damen-fit-regulations-skihose-2\\\/\"]}]},{\"@type\":\"ImageObject\",\"inLanguage\":\"fr-FR\",\"@id\":\"https:\\\/\\\/schweizversand.ch\\\/fr\\\/produkt\\\/dare2b-damen-fit-regulations-skihose-2\\\/#primaryimage\",\"url\":\"https:\\\/\\\/schweizversand.ch\\\/wp-content\\\/uploads\\\/2026\\\/02\\\/5471817242.jpg\",\"contentUrl\":\"https:\\\/\\\/schweizversand.ch\\\/wp-content\\\/uploads\\\/2026\\\/02\\\/5471817242.jpg\",\"width\":446,\"height\":1024},{\"@type\":\"BreadcrumbList\",\"@id\":\"https:\\\/\\\/schweizversand.ch\\\/fr\\\/produkt\\\/dare2b-damen-fit-regulations-skihose-2\\\/#breadcrumb\",\"itemListElement\":[{\"@type\":\"ListItem\",\"position\":1,\"name\":\"Startseite\",\"item\":\"https:\\\/\\\/schweizversand.ch\\\/fr\\\/home\\\/\"},{\"@type\":\"ListItem\",\"position\":2,\"name\":\"Boutique\",\"item\":\"https:\\\/\\\/schweizversand.ch\\\/fr\\\/boutique\\\/\"},{\"@type\":\"ListItem\",\"position\":3,\"name\":\"Sports\",\"item\":\"https:\\\/\\\/schweizversand.ch\\\/fr\\\/produkt-kategorie\\\/sports\\\/\"},{\"@type\":\"ListItem\",\"position\":4,\"name\":\"Sports d'hiver\",\"item\":\"https:\\\/\\\/schweizversand.ch\\\/fr\\\/produkt-kategorie\\\/sports\\\/sports-dhiver\\\/\"},{\"@type\":\"ListItem\",\"position\":5,\"name\":\"V\u00eatements de sports d'hiver\",\"item\":\"https:\\\/\\\/schweizversand.ch\\\/fr\\\/produkt-kategorie\\\/sports\\\/sports-dhiver\\\/wintersportbekleidung\\\/\"},{\"@type\":\"ListItem\",\"position\":6,\"name\":\"Pantalon de ski DARE2B pour femmes, conforme \u00e0 la r\u00e9glementation Fit Regulations\"}]},{\"@type\":\"WebSite\",\"@id\":\"https:\\\/\\\/schweizversand.ch\\\/fr\\\/#website\",\"url\":\"https:\\\/\\\/schweizversand.ch\\\/fr\\\/\",\"name\":\"Schweizer Shop f\u00fcr Sport, Spiel und Freizeit\",\"description\":\"Gratisversand ab 50.- (netto), ab eigenem schweizer Lager, Lieferung innert 48h\",\"publisher\":{\"@id\":\"https:\\\/\\\/schweizversand.ch\\\/fr\\\/#organization\"},\"alternateName\":\"Schweizversand.ch\",\"potentialAction\":[{\"@type\":\"SearchAction\",\"target\":{\"@type\":\"EntryPoint\",\"urlTemplate\":\"https:\\\/\\\/schweizversand.ch\\\/fr\\\/?s={search_term_string}\"},\"query-input\":{\"@type\":\"PropertyValueSpecification\",\"valueRequired\":true,\"valueName\":\"search_term_string\"}}],\"inLanguage\":\"fr-FR\"},{\"@type\":\"Organization\",\"@id\":\"https:\\\/\\\/schweizversand.ch\\\/fr\\\/#organization\",\"name\":\"Schweizversand.ch\",\"url\":\"https:\\\/\\\/schweizversand.ch\\\/fr\\\/\",\"logo\":{\"@type\":\"ImageObject\",\"inLanguage\":\"fr-FR\",\"@id\":\"https:\\\/\\\/schweizversand.ch\\\/fr\\\/#\\\/schema\\\/logo\\\/image\\\/\",\"url\":\"https:\\\/\\\/schweizversand.ch\\\/wp-content\\\/uploads\\\/2026\\\/03\\\/Logo_Rund_Final-1.png\",\"contentUrl\":\"https:\\\/\\\/schweizversand.ch\\\/wp-content\\\/uploads\\\/2026\\\/03\\\/Logo_Rund_Final-1.png\",\"width\":404,\"height\":404,\"caption\":\"Schweizversand.ch\"},\"image\":{\"@id\":\"https:\\\/\\\/schweizversand.ch\\\/fr\\\/#\\\/schema\\\/logo\\\/image\\\/\"},\"sameAs\":[\"https:\\\/\\\/www.facebook.com\\\/Schweizversand\",\"https:\\\/\\\/www.instagram.com\\\/schweizversand.ch\\\/\"]}]}<\/script>\n<!-- \/ Yoast SEO plugin. -->","yoast_head_json":{"title":"DARE2B Damen Fit Regulations Skihose | Jetzt kaufen | Schweizversand.ch","description":"DARE2B Damen Fit Regulations Skihose g\u00fcnstig kaufen bei Schweizversand.ch. Schnelle Lieferung in der Schweiz. Gratisversand ab CHF 50.","robots":{"index":"index","follow":"follow","max-snippet":"max-snippet:-1","max-image-preview":"max-image-preview:large","max-video-preview":"max-video-preview:-1"},"canonical":"https:\/\/schweizversand.ch\/fr\/produkt\/dare2b-damen-fit-regulations-skihose-2\/","og_locale":"fr_FR","og_type":"article","og_title":"DARE2B Damen Fit Regulations Skihose | Jetzt kaufen | Schweizversand.ch","og_description":"DARE2B Damen Fit Regulations Skihose g\u00fcnstig kaufen bei Schweizversand.ch. Schnelle Lieferung in der Schweiz. Gratisversand ab CHF 50.","og_url":"https:\/\/schweizversand.ch\/fr\/produkt\/dare2b-damen-fit-regulations-skihose-2\/","og_site_name":"Schweizer Shop f\u00fcr Sport, Spiel und Freizeit","article_publisher":"https:\/\/www.facebook.com\/Schweizversand","article_modified_time":"2026-04-19T00:04:28+00:00","og_image":[{"width":446,"height":1024,"url":"https:\/\/schweizversand.ch\/wp-content\/uploads\/2026\/02\/5471817242.jpg","type":"image\/jpeg"}],"twitter_card":"summary_large_image","twitter_misc":{"Dur\u00e9e de lecture estim\u00e9e":"1 minute"},"schema":{"@context":"https:\/\/schema.org","@graph":[{"@type":"WebPage","@id":"https:\/\/schweizversand.ch\/fr\/produkt\/dare2b-damen-fit-regulations-skihose-2\/","url":"https:\/\/schweizversand.ch\/fr\/produkt\/dare2b-damen-fit-regulations-skihose-2\/","name":"DARE2B Damen Fit Regulations Skihose | Jetzt kaufen | Schweizversand.ch","isPartOf":{"@id":"https:\/\/schweizversand.ch\/fr\/#website"},"primaryImageOfPage":{"@id":"https:\/\/schweizversand.ch\/fr\/produkt\/dare2b-damen-fit-regulations-skihose-2\/#primaryimage"},"image":{"@id":"https:\/\/schweizversand.ch\/fr\/produkt\/dare2b-damen-fit-regulations-skihose-2\/#primaryimage"},"thumbnailUrl":"https:\/\/schweizversand.ch\/wp-content\/uploads\/2026\/02\/5471817242.jpg","datePublished":"2026-03-14T23:55:43+00:00","dateModified":"2026-04-19T00:04:28+00:00","description":"DARE2B Damen Fit Regulations Skihose g\u00fcnstig kaufen bei Schweizversand.ch. Schnelle Lieferung in der Schweiz. Gratisversand ab CHF 50.","breadcrumb":{"@id":"https:\/\/schweizversand.ch\/fr\/produkt\/dare2b-damen-fit-regulations-skihose-2\/#breadcrumb"},"inLanguage":"fr-FR","potentialAction":[{"@type":"ReadAction","target":["https:\/\/schweizversand.ch\/fr\/produkt\/dare2b-damen-fit-regulations-skihose-2\/"]}]},{"@type":"ImageObject","inLanguage":"fr-FR","@id":"https:\/\/schweizversand.ch\/fr\/produkt\/dare2b-damen-fit-regulations-skihose-2\/#primaryimage","url":"https:\/\/schweizversand.ch\/wp-content\/uploads\/2026\/02\/5471817242.jpg","contentUrl":"https:\/\/schweizversand.ch\/wp-content\/uploads\/2026\/02\/5471817242.jpg","width":446,"height":1024},{"@type":"BreadcrumbList","@id":"https:\/\/schweizversand.ch\/fr\/produkt\/dare2b-damen-fit-regulations-skihose-2\/#breadcrumb","itemListElement":[{"@type":"ListItem","position":1,"name":"Startseite","item":"https:\/\/schweizversand.ch\/fr\/home\/"},{"@type":"ListItem","position":2,"name":"Boutique","item":"https:\/\/schweizversand.ch\/fr\/boutique\/"},{"@type":"ListItem","position":3,"name":"Sports","item":"https:\/\/schweizversand.ch\/fr\/produkt-kategorie\/sports\/"},{"@type":"ListItem","position":4,"name":"Sports d'hiver","item":"https:\/\/schweizversand.ch\/fr\/produkt-kategorie\/sports\/sports-dhiver\/"},{"@type":"ListItem","position":5,"name":"V\u00eatements de sports d'hiver","item":"https:\/\/schweizversand.ch\/fr\/produkt-kategorie\/sports\/sports-dhiver\/wintersportbekleidung\/"},{"@type":"ListItem","position":6,"name":"Pantalon de ski DARE2B pour femmes, conforme \u00e0 la r\u00e9glementation Fit Regulations"}]},{"@type":"WebSite","@id":"https:\/\/schweizversand.ch\/fr\/#website","url":"https:\/\/schweizversand.ch\/fr\/","name":"Schweizer Shop f\u00fcr Sport, Spiel und Freizeit","description":"Gratisversand ab 50.- (netto), ab eigenem schweizer Lager, Lieferung innert 48h","publisher":{"@id":"https:\/\/schweizversand.ch\/fr\/#organization"},"alternateName":"Schweizversand.ch","potentialAction":[{"@type":"SearchAction","target":{"@type":"EntryPoint","urlTemplate":"https:\/\/schweizversand.ch\/fr\/?s={search_term_string}"},"query-input":{"@type":"PropertyValueSpecification","valueRequired":true,"valueName":"search_term_string"}}],"inLanguage":"fr-FR"},{"@type":"Organization","@id":"https:\/\/schweizversand.ch\/fr\/#organization","name":"Schweizversand.ch","url":"https:\/\/schweizversand.ch\/fr\/","logo":{"@type":"ImageObject","inLanguage":"fr-FR","@id":"https:\/\/schweizversand.ch\/fr\/#\/schema\/logo\/image\/","url":"https:\/\/schweizversand.ch\/wp-content\/uploads\/2026\/03\/Logo_Rund_Final-1.png","contentUrl":"https:\/\/schweizversand.ch\/wp-content\/uploads\/2026\/03\/Logo_Rund_Final-1.png","width":404,"height":404,"caption":"Schweizversand.ch"},"image":{"@id":"https:\/\/schweizversand.ch\/fr\/#\/schema\/logo\/image\/"},"sameAs":["https:\/\/www.facebook.com\/Schweizversand","https:\/\/www.instagram.com\/schweizversand.ch\/"]}]}},"jetpack_sharing_enabled":true,"_links":{"self":[{"href":"https:\/\/schweizversand.ch\/fr\/wp-json\/wp\/v2\/product\/255137","targetHints":{"allow":["GET"]}}],"collection":[{"href":"https:\/\/schweizversand.ch\/fr\/wp-json\/wp\/v2\/product"}],"about":[{"href":"https:\/\/schweizversand.ch\/fr\/wp-json\/wp\/v2\/types\/product"}],"replies":[{"embeddable":true,"href":"https:\/\/schweizversand.ch\/fr\/wp-json\/wp\/v2\/comments?post=255137"}],"wp:featuredmedia":[{"embeddable":true,"href":"https:\/\/schweizversand.ch\/fr\/wp-json\/wp\/v2\/media\/160668"}],"wp:attachment":[{"href":"https:\/\/schweizversand.ch\/fr\/wp-json\/wp\/v2\/media?parent=255137"}],"wp:term":[{"taxonomy":"product_brand","embeddable":true,"href":"https:\/\/schweizversand.ch\/fr\/wp-json\/wp\/v2\/product_brand?post=255137"},{"taxonomy":"product_cat","embeddable":true,"href":"https:\/\/schweizversand.ch\/fr\/wp-json\/wp\/v2\/product_cat?post=255137"},{"taxonomy":"product_tag","embeddable":true,"href":"https:\/\/schweizversand.ch\/fr\/wp-json\/wp\/v2\/product_tag?post=255137"}],"curies":[{"name":"wp","href":"https:\/\/api.w.org\/{rel}","templated":true}]}}