{"id":255139,"date":"2026-03-15T00:55:45","date_gmt":"2026-03-14T23:55:45","guid":{"rendered":"https:\/\/schweizversand.ch\/produkt\/trespass-chomp-besteck-set\/"},"modified":"2026-04-19T02:04:30","modified_gmt":"2026-04-19T00:04:30","slug":"trespass-chomp-besteck-set","status":"publish","type":"product","link":"https:\/\/schweizversand.ch\/fr\/produkt\/trespass-chomp-besteck-set\/","title":{"rendered":"Ensemble de couverts Trespass Chomp"},"content":{"rendered":"<h1><strong>Ensemble de couverts de camping CHOMP \u2013 Compact et robuste<\/strong><\/h1>\n<div>\n<\/div>\n<div>Vous planifiez votre prochaine aventure\u00a0? L\u2019ensemble de couverts de camping CHOMP de Trespass est la solution id\u00e9ale pour ceux qui privil\u00e9gient la fonctionnalit\u00e9 et un encombrement minimal. Cet ensemble compact a \u00e9t\u00e9 sp\u00e9cialement con\u00e7u pour r\u00e9pondre aux exigences de la vie nomade, vous permettant ainsi de savourer un repas complet m\u00eame en d\u00e9placement.<\/p>\n<\/div>\n<div><strong>Parfait pour les activit\u00e9s de plein air<\/strong><br \/>Que ce soit pour la randonn\u00e9e, le camping ou un pique-nique, cet ensemble est votre compagnon id\u00e9al. Gr\u00e2ce \u00e0 sa l\u00e9g\u00e8ret\u00e9 et \u00e0 sa conception ing\u00e9nieuse, cet ensemble de couverts de voyage se glisse facilement dans n\u2019importe quel sac \u00e0 dos sans prendre de place. C\u2019est un indispensable pour tous les amoureux de la nature. Syst\u00e8me d\u2019embo\u00eetement intelligent\u00a0: La particularit\u00e9 de cet ensemble de couverts r\u00e9side dans son syst\u00e8me d\u2019embo\u00eetement astucieux. Couteau, fourchette et cuill\u00e8re restent bien en place, ce qui simplifie le transport et \u00e9vite de perdre les couverts. Ce set de couverts offre une efficacit\u00e9 de rangement optimale et est toujours pr\u00eat \u00e0 l&#8217;emploi. Contenu de la livraison\u00a0: &#8211; Set de couverts de camping de haute qualit\u00e9 &#8211; Compos\u00e9 d&rsquo;un couteau, d&rsquo;une fourchette et d&rsquo;une cuill\u00e8re &#8211; Extr\u00eamement l\u00e9ger et compact &#8211; Id\u00e9al pour le camping, la randonn\u00e9e et les voyages. Investissez dans le set de couverts CHOMP et d\u00e9couvrez la simplicit\u00e9 et la praticit\u00e9 des repas nomades. Commandez votre set de couverts compacts d\u00e8s aujourd&rsquo;hui et pr\u00e9parez-vous pour votre prochaine aventure\u00a0!<\/p>\n","protected":false},"excerpt":{"rendered":"<p>Ensemble de couverts de camping CHOMP \u2013 Compact et robuste Vous planifiez votre prochaine aventure\u00a0? L\u2019ensemble de couverts de camping CHOMP de Trespass est la solution id\u00e9ale pour ceux qui privil\u00e9gient la fonctionnalit\u00e9 et un encombrement minimal. Cet ensemble compact a \u00e9t\u00e9 sp\u00e9cialement con\u00e7u pour r\u00e9pondre aux exigences de la vie nomade, vous permettant ainsi de savourer un repas complet m\u00eame en d\u00e9placement. Parfait pour les activit\u00e9s de plein airQue ce soit pour la randonn\u00e9e,&hellip;<\/p>\n","protected":false},"featured_media":160700,"comment_status":"open","ping_status":"closed","template":"","meta":[],"product_brand":[],"product_cat":[38332],"product_tag":[],"class_list":{"0":"post-255139","1":"product","2":"type-product","3":"status-publish","4":"has-post-thumbnail","6":"product_cat-outdoorausruestung","7":"product_shipping_class-global_methods","9":"first","10":"instock","11":"taxable","12":"shipping-taxable","13":"purchasable","14":"product-type-simple"},"yoast_head":"<!-- This site is optimized with the Yoast SEO plugin v27.4 - https:\/\/yoast.com\/product\/yoast-seo-wordpress\/ -->\n<title>Trespass CHOMP Besteck Set | Jetzt kaufen | Schweizversand.ch<\/title>\n<meta name=\"description\" content=\"Trespass CHOMP Besteck Set g\u00fcnstig kaufen bei Schweizversand.ch. Schnelle Lieferung in der Schweiz. Gratisversand ab CHF 50.\" \/>\n<meta name=\"robots\" content=\"index, follow, max-snippet:-1, max-image-preview:large, max-video-preview:-1\" \/>\n<link rel=\"canonical\" href=\"https:\/\/schweizversand.ch\/fr\/produkt\/trespass-chomp-besteck-set\/\" \/>\n<meta property=\"og:locale\" content=\"fr_FR\" \/>\n<meta property=\"og:type\" content=\"article\" \/>\n<meta property=\"og:title\" content=\"Trespass CHOMP Besteck Set | Jetzt kaufen | Schweizversand.ch\" \/>\n<meta property=\"og:description\" content=\"Trespass CHOMP Besteck Set g\u00fcnstig kaufen bei Schweizversand.ch. Schnelle Lieferung in der Schweiz. Gratisversand ab CHF 50.\" \/>\n<meta property=\"og:url\" content=\"https:\/\/schweizversand.ch\/fr\/produkt\/trespass-chomp-besteck-set\/\" \/>\n<meta property=\"og:site_name\" content=\"Schweizer Shop f\u00fcr Sport, Spiel und Freizeit\" \/>\n<meta property=\"article:publisher\" content=\"https:\/\/www.facebook.com\/Schweizversand\" \/>\n<meta property=\"article:modified_time\" content=\"2026-04-19T00:04:30+00:00\" \/>\n<meta property=\"og:image\" content=\"https:\/\/schweizversand.ch\/wp-content\/uploads\/2026\/02\/5471489275.jpg\" \/>\n\t<meta property=\"og:image:width\" content=\"1024\" \/>\n\t<meta property=\"og:image:height\" content=\"572\" \/>\n\t<meta property=\"og:image:type\" content=\"image\/jpeg\" \/>\n<meta name=\"twitter:card\" content=\"summary_large_image\" \/>\n<meta name=\"twitter:label1\" content=\"Dur\u00e9e de lecture estim\u00e9e\" \/>\n\t<meta name=\"twitter:data1\" content=\"1 minute\" \/>\n<script type=\"application\/ld+json\" class=\"yoast-schema-graph\">{\"@context\":\"https:\\\/\\\/schema.org\",\"@graph\":[{\"@type\":\"WebPage\",\"@id\":\"https:\\\/\\\/schweizversand.ch\\\/fr\\\/produkt\\\/trespass-chomp-besteck-set\\\/\",\"url\":\"https:\\\/\\\/schweizversand.ch\\\/fr\\\/produkt\\\/trespass-chomp-besteck-set\\\/\",\"name\":\"Trespass CHOMP Besteck Set | Jetzt kaufen | Schweizversand.ch\",\"isPartOf\":{\"@id\":\"https:\\\/\\\/schweizversand.ch\\\/fr\\\/#website\"},\"primaryImageOfPage\":{\"@id\":\"https:\\\/\\\/schweizversand.ch\\\/fr\\\/produkt\\\/trespass-chomp-besteck-set\\\/#primaryimage\"},\"image\":{\"@id\":\"https:\\\/\\\/schweizversand.ch\\\/fr\\\/produkt\\\/trespass-chomp-besteck-set\\\/#primaryimage\"},\"thumbnailUrl\":\"https:\\\/\\\/schweizversand.ch\\\/wp-content\\\/uploads\\\/2026\\\/02\\\/5471489275.jpg\",\"datePublished\":\"2026-03-14T23:55:45+00:00\",\"dateModified\":\"2026-04-19T00:04:30+00:00\",\"description\":\"Trespass CHOMP Besteck Set g\u00fcnstig kaufen bei Schweizversand.ch. Schnelle Lieferung in der Schweiz. Gratisversand ab CHF 50.\",\"breadcrumb\":{\"@id\":\"https:\\\/\\\/schweizversand.ch\\\/fr\\\/produkt\\\/trespass-chomp-besteck-set\\\/#breadcrumb\"},\"inLanguage\":\"fr-FR\",\"potentialAction\":[{\"@type\":\"ReadAction\",\"target\":[\"https:\\\/\\\/schweizversand.ch\\\/fr\\\/produkt\\\/trespass-chomp-besteck-set\\\/\"]}]},{\"@type\":\"ImageObject\",\"inLanguage\":\"fr-FR\",\"@id\":\"https:\\\/\\\/schweizversand.ch\\\/fr\\\/produkt\\\/trespass-chomp-besteck-set\\\/#primaryimage\",\"url\":\"https:\\\/\\\/schweizversand.ch\\\/wp-content\\\/uploads\\\/2026\\\/02\\\/5471489275.jpg\",\"contentUrl\":\"https:\\\/\\\/schweizversand.ch\\\/wp-content\\\/uploads\\\/2026\\\/02\\\/5471489275.jpg\",\"width\":1024,\"height\":572},{\"@type\":\"BreadcrumbList\",\"@id\":\"https:\\\/\\\/schweizversand.ch\\\/fr\\\/produkt\\\/trespass-chomp-besteck-set\\\/#breadcrumb\",\"itemListElement\":[{\"@type\":\"ListItem\",\"position\":1,\"name\":\"Startseite\",\"item\":\"https:\\\/\\\/schweizversand.ch\\\/fr\\\/home\\\/\"},{\"@type\":\"ListItem\",\"position\":2,\"name\":\"Boutique\",\"item\":\"https:\\\/\\\/schweizversand.ch\\\/fr\\\/boutique\\\/\"},{\"@type\":\"ListItem\",\"position\":3,\"name\":\"Sports\",\"item\":\"https:\\\/\\\/schweizversand.ch\\\/fr\\\/produkt-kategorie\\\/sports\\\/\"},{\"@type\":\"ListItem\",\"position\":4,\"name\":\"Plein air\",\"item\":\"https:\\\/\\\/schweizversand.ch\\\/fr\\\/produkt-kategorie\\\/sports\\\/plein-air\\\/\"},{\"@type\":\"ListItem\",\"position\":5,\"name\":\"\u00c9quipement de plein air\",\"item\":\"https:\\\/\\\/schweizversand.ch\\\/fr\\\/produkt-kategorie\\\/sports\\\/plein-air\\\/outdoorausruestung\\\/\"},{\"@type\":\"ListItem\",\"position\":6,\"name\":\"Ensemble de couverts Trespass Chomp\"}]},{\"@type\":\"WebSite\",\"@id\":\"https:\\\/\\\/schweizversand.ch\\\/fr\\\/#website\",\"url\":\"https:\\\/\\\/schweizversand.ch\\\/fr\\\/\",\"name\":\"Schweizer Shop f\u00fcr Sport, Spiel und Freizeit\",\"description\":\"Gratisversand ab 50.- (netto), ab eigenem schweizer Lager, Lieferung innert 48h\",\"publisher\":{\"@id\":\"https:\\\/\\\/schweizversand.ch\\\/fr\\\/#organization\"},\"alternateName\":\"Schweizversand.ch\",\"potentialAction\":[{\"@type\":\"SearchAction\",\"target\":{\"@type\":\"EntryPoint\",\"urlTemplate\":\"https:\\\/\\\/schweizversand.ch\\\/fr\\\/?s={search_term_string}\"},\"query-input\":{\"@type\":\"PropertyValueSpecification\",\"valueRequired\":true,\"valueName\":\"search_term_string\"}}],\"inLanguage\":\"fr-FR\"},{\"@type\":\"Organization\",\"@id\":\"https:\\\/\\\/schweizversand.ch\\\/fr\\\/#organization\",\"name\":\"Schweizversand.ch\",\"url\":\"https:\\\/\\\/schweizversand.ch\\\/fr\\\/\",\"logo\":{\"@type\":\"ImageObject\",\"inLanguage\":\"fr-FR\",\"@id\":\"https:\\\/\\\/schweizversand.ch\\\/fr\\\/#\\\/schema\\\/logo\\\/image\\\/\",\"url\":\"https:\\\/\\\/schweizversand.ch\\\/wp-content\\\/uploads\\\/2026\\\/03\\\/Logo_Rund_Final-1.png\",\"contentUrl\":\"https:\\\/\\\/schweizversand.ch\\\/wp-content\\\/uploads\\\/2026\\\/03\\\/Logo_Rund_Final-1.png\",\"width\":404,\"height\":404,\"caption\":\"Schweizversand.ch\"},\"image\":{\"@id\":\"https:\\\/\\\/schweizversand.ch\\\/fr\\\/#\\\/schema\\\/logo\\\/image\\\/\"},\"sameAs\":[\"https:\\\/\\\/www.facebook.com\\\/Schweizversand\",\"https:\\\/\\\/www.instagram.com\\\/schweizversand.ch\\\/\"]}]}<\/script>\n<!-- \/ Yoast SEO plugin. -->","yoast_head_json":{"title":"Trespass CHOMP Besteck Set | Jetzt kaufen | Schweizversand.ch","description":"Trespass CHOMP Besteck Set g\u00fcnstig kaufen bei Schweizversand.ch. Schnelle Lieferung in der Schweiz. Gratisversand ab CHF 50.","robots":{"index":"index","follow":"follow","max-snippet":"max-snippet:-1","max-image-preview":"max-image-preview:large","max-video-preview":"max-video-preview:-1"},"canonical":"https:\/\/schweizversand.ch\/fr\/produkt\/trespass-chomp-besteck-set\/","og_locale":"fr_FR","og_type":"article","og_title":"Trespass CHOMP Besteck Set | Jetzt kaufen | Schweizversand.ch","og_description":"Trespass CHOMP Besteck Set g\u00fcnstig kaufen bei Schweizversand.ch. Schnelle Lieferung in der Schweiz. Gratisversand ab CHF 50.","og_url":"https:\/\/schweizversand.ch\/fr\/produkt\/trespass-chomp-besteck-set\/","og_site_name":"Schweizer Shop f\u00fcr Sport, Spiel und Freizeit","article_publisher":"https:\/\/www.facebook.com\/Schweizversand","article_modified_time":"2026-04-19T00:04:30+00:00","og_image":[{"width":1024,"height":572,"url":"https:\/\/schweizversand.ch\/wp-content\/uploads\/2026\/02\/5471489275.jpg","type":"image\/jpeg"}],"twitter_card":"summary_large_image","twitter_misc":{"Dur\u00e9e de lecture estim\u00e9e":"1 minute"},"schema":{"@context":"https:\/\/schema.org","@graph":[{"@type":"WebPage","@id":"https:\/\/schweizversand.ch\/fr\/produkt\/trespass-chomp-besteck-set\/","url":"https:\/\/schweizversand.ch\/fr\/produkt\/trespass-chomp-besteck-set\/","name":"Trespass CHOMP Besteck Set | Jetzt kaufen | Schweizversand.ch","isPartOf":{"@id":"https:\/\/schweizversand.ch\/fr\/#website"},"primaryImageOfPage":{"@id":"https:\/\/schweizversand.ch\/fr\/produkt\/trespass-chomp-besteck-set\/#primaryimage"},"image":{"@id":"https:\/\/schweizversand.ch\/fr\/produkt\/trespass-chomp-besteck-set\/#primaryimage"},"thumbnailUrl":"https:\/\/schweizversand.ch\/wp-content\/uploads\/2026\/02\/5471489275.jpg","datePublished":"2026-03-14T23:55:45+00:00","dateModified":"2026-04-19T00:04:30+00:00","description":"Trespass CHOMP Besteck Set g\u00fcnstig kaufen bei Schweizversand.ch. Schnelle Lieferung in der Schweiz. Gratisversand ab CHF 50.","breadcrumb":{"@id":"https:\/\/schweizversand.ch\/fr\/produkt\/trespass-chomp-besteck-set\/#breadcrumb"},"inLanguage":"fr-FR","potentialAction":[{"@type":"ReadAction","target":["https:\/\/schweizversand.ch\/fr\/produkt\/trespass-chomp-besteck-set\/"]}]},{"@type":"ImageObject","inLanguage":"fr-FR","@id":"https:\/\/schweizversand.ch\/fr\/produkt\/trespass-chomp-besteck-set\/#primaryimage","url":"https:\/\/schweizversand.ch\/wp-content\/uploads\/2026\/02\/5471489275.jpg","contentUrl":"https:\/\/schweizversand.ch\/wp-content\/uploads\/2026\/02\/5471489275.jpg","width":1024,"height":572},{"@type":"BreadcrumbList","@id":"https:\/\/schweizversand.ch\/fr\/produkt\/trespass-chomp-besteck-set\/#breadcrumb","itemListElement":[{"@type":"ListItem","position":1,"name":"Startseite","item":"https:\/\/schweizversand.ch\/fr\/home\/"},{"@type":"ListItem","position":2,"name":"Boutique","item":"https:\/\/schweizversand.ch\/fr\/boutique\/"},{"@type":"ListItem","position":3,"name":"Sports","item":"https:\/\/schweizversand.ch\/fr\/produkt-kategorie\/sports\/"},{"@type":"ListItem","position":4,"name":"Plein air","item":"https:\/\/schweizversand.ch\/fr\/produkt-kategorie\/sports\/plein-air\/"},{"@type":"ListItem","position":5,"name":"\u00c9quipement de plein air","item":"https:\/\/schweizversand.ch\/fr\/produkt-kategorie\/sports\/plein-air\/outdoorausruestung\/"},{"@type":"ListItem","position":6,"name":"Ensemble de couverts Trespass Chomp"}]},{"@type":"WebSite","@id":"https:\/\/schweizversand.ch\/fr\/#website","url":"https:\/\/schweizversand.ch\/fr\/","name":"Schweizer Shop f\u00fcr Sport, Spiel und Freizeit","description":"Gratisversand ab 50.- (netto), ab eigenem schweizer Lager, Lieferung innert 48h","publisher":{"@id":"https:\/\/schweizversand.ch\/fr\/#organization"},"alternateName":"Schweizversand.ch","potentialAction":[{"@type":"SearchAction","target":{"@type":"EntryPoint","urlTemplate":"https:\/\/schweizversand.ch\/fr\/?s={search_term_string}"},"query-input":{"@type":"PropertyValueSpecification","valueRequired":true,"valueName":"search_term_string"}}],"inLanguage":"fr-FR"},{"@type":"Organization","@id":"https:\/\/schweizversand.ch\/fr\/#organization","name":"Schweizversand.ch","url":"https:\/\/schweizversand.ch\/fr\/","logo":{"@type":"ImageObject","inLanguage":"fr-FR","@id":"https:\/\/schweizversand.ch\/fr\/#\/schema\/logo\/image\/","url":"https:\/\/schweizversand.ch\/wp-content\/uploads\/2026\/03\/Logo_Rund_Final-1.png","contentUrl":"https:\/\/schweizversand.ch\/wp-content\/uploads\/2026\/03\/Logo_Rund_Final-1.png","width":404,"height":404,"caption":"Schweizversand.ch"},"image":{"@id":"https:\/\/schweizversand.ch\/fr\/#\/schema\/logo\/image\/"},"sameAs":["https:\/\/www.facebook.com\/Schweizversand","https:\/\/www.instagram.com\/schweizversand.ch\/"]}]}},"jetpack_sharing_enabled":true,"_links":{"self":[{"href":"https:\/\/schweizversand.ch\/fr\/wp-json\/wp\/v2\/product\/255139","targetHints":{"allow":["GET"]}}],"collection":[{"href":"https:\/\/schweizversand.ch\/fr\/wp-json\/wp\/v2\/product"}],"about":[{"href":"https:\/\/schweizversand.ch\/fr\/wp-json\/wp\/v2\/types\/product"}],"replies":[{"embeddable":true,"href":"https:\/\/schweizversand.ch\/fr\/wp-json\/wp\/v2\/comments?post=255139"}],"wp:featuredmedia":[{"embeddable":true,"href":"https:\/\/schweizversand.ch\/fr\/wp-json\/wp\/v2\/media\/160700"}],"wp:attachment":[{"href":"https:\/\/schweizversand.ch\/fr\/wp-json\/wp\/v2\/media?parent=255139"}],"wp:term":[{"taxonomy":"product_brand","embeddable":true,"href":"https:\/\/schweizversand.ch\/fr\/wp-json\/wp\/v2\/product_brand?post=255139"},{"taxonomy":"product_cat","embeddable":true,"href":"https:\/\/schweizversand.ch\/fr\/wp-json\/wp\/v2\/product_cat?post=255139"},{"taxonomy":"product_tag","embeddable":true,"href":"https:\/\/schweizversand.ch\/fr\/wp-json\/wp\/v2\/product_tag?post=255139"}],"curies":[{"name":"wp","href":"https:\/\/api.w.org\/{rel}","templated":true}]}}