{"id":255155,"date":"2026-03-15T00:55:55","date_gmt":"2026-03-14T23:55:55","guid":{"rendered":"https:\/\/schweizversand.ch\/produkt\/trespass-emma-damen-skijacke-4\/"},"modified":"2026-04-19T15:35:24","modified_gmt":"2026-04-19T13:35:24","slug":"trespass-emma-damen-skijacke-4","status":"publish","type":"product","link":"https:\/\/schweizversand.ch\/fr\/produkt\/trespass-emma-damen-skijacke-4\/","title":{"rendered":"Veste de ski femme Trespass EMMA"},"content":{"rendered":"<div>Veste de ski femme ultime \u2013 Performance sur les pistes<\/p>\n<p>Pr\u00eate pour votre prochaine aventure hivernale\u00a0? Cette veste de ski femme haute performance est sp\u00e9cialement con\u00e7ue pour vous offrir un maximum de protection, de style et de confort sur les pistes. Avec cette veste, vous ma\u00eetriserez toutes les conditions m\u00e9t\u00e9orologiques et profiterez d&rsquo;une libert\u00e9 de mouvement totale.<br \/>Protection sup\u00e9rieure contre les intemp\u00e9ries gr\u00e2ce \u00e0 la membrane TPU<br \/>Cette veste de ski fonctionnelle est \u00e9quip\u00e9e d&rsquo;une membrane TPU haute performance, la rendant totalement imperm\u00e9able et coupe-vent tout en assurant une respirabilit\u00e9 optimale. Ses impressionnantes valeurs d&rsquo;imperm\u00e9abilit\u00e9 (5\u00a0000\u00a0mm) et de respirabilit\u00e9 (5\u00a0000\u00a0mvp) vous garantissent de rester au sec et \u00e0 l&rsquo;aise m\u00eame dans des conditions difficiles. Le rembourrage et les empi\u00e8cements matelass\u00e9s offrent une excellente isolation et vous gardent bien au chaud.<br \/>Conception intelligente et confort optimal<br \/>Cette veste allie une fonctionnalit\u00e9 de pointe \u00e0 des d\u00e9tails bien pens\u00e9s qui vous simplifieront la vie sur les pistes. La fermeture \u00e9clair centrale est d\u00e9perlante et vous prot\u00e8ge efficacement des intemp\u00e9ries. Pour une r\u00e9gulation thermique optimale lors des descentes intenses, les a\u00e9rations pratiques sous les bras peuvent \u00eatre ouvertes selon vos besoins. Cette veste de ski pour femme est le choix id\u00e9al pour les passionn\u00e9es de sports d&rsquo;hiver exigeantes. Adaptabilit\u00e9 et d\u00e9tails pratiques\u00a0: La coupe de cette veste d&rsquo;hiver pour femme est ajustable pour \u00e9viter les zones froides et garantir une protection maximale. La capuche amovible zipp\u00e9e offre une grande flexibilit\u00e9 par tous les temps. La jupe pare-neige amovible emp\u00eache la neige de p\u00e9n\u00e9trer, tandis que le cordon de serrage \u00e0 l&rsquo;ourlet et les pattes de serrage aux poignets assurent une \u00e9tanch\u00e9it\u00e9 parfaite. <br \/>Caract\u00e9ristiques et sp\u00e9cifications<br \/>&#8211; Mati\u00e8re\u00a0: Tissu ext\u00e9rieur de haute qualit\u00e9 avec membrane TPU<br \/>&#8211; Imperm\u00e9abilit\u00e9\u00a0: 5\u00a0000\u00a0mm<br \/>&#8211; Respirabilit\u00e9\u00a0: 5\u00a0000\u00a0mvp<br \/>&#8211; Fermeture\u00a0: Fermeture \u00e9clair centrale d\u00e9perlante<br \/>&#8211; Capuche\u00a0: Amovible avec fermeture \u00e9clair<br \/>&#8211; Jupe pare-neige\u00a0: Amovible<br \/>&#8211; Ventilation\u00a0: Ventilation basse pour la r\u00e9gulation de la temp\u00e9rature<br \/>&#8211; Poignets\u00a0: Poignets int\u00e9rieurs extensibles pour une protection accrue<br \/>Des poches pratiques pour les pistes<br \/>Cette veste de ski offre un grand espace de rangement pour tous vos indispensables sur les pistes. La poche pour forfait de ski sur la manche permet un acc\u00e8s rapide et facile aux remont\u00e9es m\u00e9caniques. Deux poches zipp\u00e9es suppl\u00e9mentaires offrent un rangement s\u00e9curis\u00e9 pour votre smartphone, vos cl\u00e9s et autres objets de valeur.<\/p>\n","protected":false},"excerpt":{"rendered":"<p>Veste de ski femme ultime \u2013 Performance sur les pistes Pr\u00eate pour votre prochaine aventure hivernale\u00a0? Cette veste de ski femme haute performance est sp\u00e9cialement con\u00e7ue pour vous offrir un maximum de protection, de style et de confort sur les pistes. Avec cette veste, vous ma\u00eetriserez toutes les conditions m\u00e9t\u00e9orologiques et profiterez d&rsquo;une libert\u00e9 de mouvement totale.Protection sup\u00e9rieure contre les intemp\u00e9ries gr\u00e2ce \u00e0 la membrane TPUCette veste de ski fonctionnelle est \u00e9quip\u00e9e d&rsquo;une membrane TPU&hellip;<\/p>\n","protected":false},"featured_media":161031,"comment_status":"open","ping_status":"closed","template":"","meta":[],"product_brand":[],"product_cat":[38524],"product_tag":[],"class_list":{"0":"post-255155","1":"product","2":"type-product","3":"status-publish","4":"has-post-thumbnail","6":"product_cat-wintersportbekleidung","7":"product_shipping_class-global_methods","9":"first","10":"instock","11":"taxable","12":"shipping-taxable","13":"purchasable","14":"product-type-simple"},"yoast_head":"<!-- This site is optimized with the Yoast SEO plugin v27.4 - https:\/\/yoast.com\/product\/yoast-seo-wordpress\/ -->\n<title>Trespass EMMA - Damen Skijacke | Jetzt kaufen | Schweizversand.ch<\/title>\n<meta name=\"description\" content=\"Trespass EMMA - Damen Skijacke g\u00fcnstig kaufen bei Schweizversand.ch. Schnelle Lieferung in der Schweiz. Gratisversand ab CHF 50.\" \/>\n<meta name=\"robots\" content=\"index, follow, max-snippet:-1, max-image-preview:large, max-video-preview:-1\" \/>\n<link rel=\"canonical\" href=\"https:\/\/schweizversand.ch\/fr\/produkt\/trespass-emma-damen-skijacke-4\/\" \/>\n<meta property=\"og:locale\" content=\"fr_FR\" \/>\n<meta property=\"og:type\" content=\"article\" \/>\n<meta property=\"og:title\" content=\"Trespass EMMA - Damen Skijacke | Jetzt kaufen | Schweizversand.ch\" \/>\n<meta property=\"og:description\" content=\"Trespass EMMA - Damen Skijacke g\u00fcnstig kaufen bei Schweizversand.ch. Schnelle Lieferung in der Schweiz. Gratisversand ab CHF 50.\" \/>\n<meta property=\"og:url\" content=\"https:\/\/schweizversand.ch\/fr\/produkt\/trespass-emma-damen-skijacke-4\/\" \/>\n<meta property=\"og:site_name\" content=\"Schweizer Shop f\u00fcr Sport, Spiel und Freizeit\" \/>\n<meta property=\"article:publisher\" content=\"https:\/\/www.facebook.com\/Schweizversand\" \/>\n<meta property=\"article:modified_time\" content=\"2026-04-19T13:35:24+00:00\" \/>\n<meta property=\"og:image\" content=\"https:\/\/schweizversand.ch\/wp-content\/uploads\/2026\/02\/5472055831.jpg\" \/>\n\t<meta property=\"og:image:width\" content=\"732\" \/>\n\t<meta property=\"og:image:height\" content=\"1024\" \/>\n\t<meta property=\"og:image:type\" content=\"image\/jpeg\" \/>\n<meta name=\"twitter:card\" content=\"summary_large_image\" \/>\n<meta name=\"twitter:label1\" content=\"Dur\u00e9e de lecture estim\u00e9e\" \/>\n\t<meta name=\"twitter:data1\" content=\"2 minutes\" \/>\n<script type=\"application\/ld+json\" class=\"yoast-schema-graph\">{\"@context\":\"https:\\\/\\\/schema.org\",\"@graph\":[{\"@type\":\"WebPage\",\"@id\":\"https:\\\/\\\/schweizversand.ch\\\/fr\\\/produkt\\\/trespass-emma-damen-skijacke-4\\\/\",\"url\":\"https:\\\/\\\/schweizversand.ch\\\/fr\\\/produkt\\\/trespass-emma-damen-skijacke-4\\\/\",\"name\":\"Trespass EMMA - Damen Skijacke | Jetzt kaufen | Schweizversand.ch\",\"isPartOf\":{\"@id\":\"https:\\\/\\\/schweizversand.ch\\\/fr\\\/#website\"},\"primaryImageOfPage\":{\"@id\":\"https:\\\/\\\/schweizversand.ch\\\/fr\\\/produkt\\\/trespass-emma-damen-skijacke-4\\\/#primaryimage\"},\"image\":{\"@id\":\"https:\\\/\\\/schweizversand.ch\\\/fr\\\/produkt\\\/trespass-emma-damen-skijacke-4\\\/#primaryimage\"},\"thumbnailUrl\":\"https:\\\/\\\/schweizversand.ch\\\/wp-content\\\/uploads\\\/2026\\\/02\\\/5472055831.jpg\",\"datePublished\":\"2026-03-14T23:55:55+00:00\",\"dateModified\":\"2026-04-19T13:35:24+00:00\",\"description\":\"Trespass EMMA - Damen Skijacke g\u00fcnstig kaufen bei Schweizversand.ch. Schnelle Lieferung in der Schweiz. Gratisversand ab CHF 50.\",\"breadcrumb\":{\"@id\":\"https:\\\/\\\/schweizversand.ch\\\/fr\\\/produkt\\\/trespass-emma-damen-skijacke-4\\\/#breadcrumb\"},\"inLanguage\":\"fr-FR\",\"potentialAction\":[{\"@type\":\"ReadAction\",\"target\":[\"https:\\\/\\\/schweizversand.ch\\\/fr\\\/produkt\\\/trespass-emma-damen-skijacke-4\\\/\"]}]},{\"@type\":\"ImageObject\",\"inLanguage\":\"fr-FR\",\"@id\":\"https:\\\/\\\/schweizversand.ch\\\/fr\\\/produkt\\\/trespass-emma-damen-skijacke-4\\\/#primaryimage\",\"url\":\"https:\\\/\\\/schweizversand.ch\\\/wp-content\\\/uploads\\\/2026\\\/02\\\/5472055831.jpg\",\"contentUrl\":\"https:\\\/\\\/schweizversand.ch\\\/wp-content\\\/uploads\\\/2026\\\/02\\\/5472055831.jpg\",\"width\":732,\"height\":1024},{\"@type\":\"BreadcrumbList\",\"@id\":\"https:\\\/\\\/schweizversand.ch\\\/fr\\\/produkt\\\/trespass-emma-damen-skijacke-4\\\/#breadcrumb\",\"itemListElement\":[{\"@type\":\"ListItem\",\"position\":1,\"name\":\"Startseite\",\"item\":\"https:\\\/\\\/schweizversand.ch\\\/fr\\\/home\\\/\"},{\"@type\":\"ListItem\",\"position\":2,\"name\":\"Boutique\",\"item\":\"https:\\\/\\\/schweizversand.ch\\\/fr\\\/boutique\\\/\"},{\"@type\":\"ListItem\",\"position\":3,\"name\":\"Sports\",\"item\":\"https:\\\/\\\/schweizversand.ch\\\/fr\\\/produkt-kategorie\\\/sports\\\/\"},{\"@type\":\"ListItem\",\"position\":4,\"name\":\"Sports d'hiver\",\"item\":\"https:\\\/\\\/schweizversand.ch\\\/fr\\\/produkt-kategorie\\\/sports\\\/sports-dhiver\\\/\"},{\"@type\":\"ListItem\",\"position\":5,\"name\":\"V\u00eatements de sports d'hiver\",\"item\":\"https:\\\/\\\/schweizversand.ch\\\/fr\\\/produkt-kategorie\\\/sports\\\/sports-dhiver\\\/wintersportbekleidung\\\/\"},{\"@type\":\"ListItem\",\"position\":6,\"name\":\"Veste de ski femme Trespass EMMA\"}]},{\"@type\":\"WebSite\",\"@id\":\"https:\\\/\\\/schweizversand.ch\\\/fr\\\/#website\",\"url\":\"https:\\\/\\\/schweizversand.ch\\\/fr\\\/\",\"name\":\"Schweizer Shop f\u00fcr Sport, Spiel und Freizeit\",\"description\":\"Gratisversand ab 50.- (netto), ab eigenem schweizer Lager, Lieferung innert 48h\",\"publisher\":{\"@id\":\"https:\\\/\\\/schweizversand.ch\\\/fr\\\/#organization\"},\"alternateName\":\"Schweizversand.ch\",\"potentialAction\":[{\"@type\":\"SearchAction\",\"target\":{\"@type\":\"EntryPoint\",\"urlTemplate\":\"https:\\\/\\\/schweizversand.ch\\\/fr\\\/?s={search_term_string}\"},\"query-input\":{\"@type\":\"PropertyValueSpecification\",\"valueRequired\":true,\"valueName\":\"search_term_string\"}}],\"inLanguage\":\"fr-FR\"},{\"@type\":\"Organization\",\"@id\":\"https:\\\/\\\/schweizversand.ch\\\/fr\\\/#organization\",\"name\":\"Schweizversand.ch\",\"url\":\"https:\\\/\\\/schweizversand.ch\\\/fr\\\/\",\"logo\":{\"@type\":\"ImageObject\",\"inLanguage\":\"fr-FR\",\"@id\":\"https:\\\/\\\/schweizversand.ch\\\/fr\\\/#\\\/schema\\\/logo\\\/image\\\/\",\"url\":\"https:\\\/\\\/schweizversand.ch\\\/wp-content\\\/uploads\\\/2026\\\/03\\\/Logo_Rund_Final-1.png\",\"contentUrl\":\"https:\\\/\\\/schweizversand.ch\\\/wp-content\\\/uploads\\\/2026\\\/03\\\/Logo_Rund_Final-1.png\",\"width\":404,\"height\":404,\"caption\":\"Schweizversand.ch\"},\"image\":{\"@id\":\"https:\\\/\\\/schweizversand.ch\\\/fr\\\/#\\\/schema\\\/logo\\\/image\\\/\"},\"sameAs\":[\"https:\\\/\\\/www.facebook.com\\\/Schweizversand\",\"https:\\\/\\\/www.instagram.com\\\/schweizversand.ch\\\/\"]}]}<\/script>\n<!-- \/ Yoast SEO plugin. -->","yoast_head_json":{"title":"Trespass EMMA - Damen Skijacke | Jetzt kaufen | Schweizversand.ch","description":"Trespass EMMA - Damen Skijacke g\u00fcnstig kaufen bei Schweizversand.ch. Schnelle Lieferung in der Schweiz. Gratisversand ab CHF 50.","robots":{"index":"index","follow":"follow","max-snippet":"max-snippet:-1","max-image-preview":"max-image-preview:large","max-video-preview":"max-video-preview:-1"},"canonical":"https:\/\/schweizversand.ch\/fr\/produkt\/trespass-emma-damen-skijacke-4\/","og_locale":"fr_FR","og_type":"article","og_title":"Trespass EMMA - Damen Skijacke | Jetzt kaufen | Schweizversand.ch","og_description":"Trespass EMMA - Damen Skijacke g\u00fcnstig kaufen bei Schweizversand.ch. Schnelle Lieferung in der Schweiz. Gratisversand ab CHF 50.","og_url":"https:\/\/schweizversand.ch\/fr\/produkt\/trespass-emma-damen-skijacke-4\/","og_site_name":"Schweizer Shop f\u00fcr Sport, Spiel und Freizeit","article_publisher":"https:\/\/www.facebook.com\/Schweizversand","article_modified_time":"2026-04-19T13:35:24+00:00","og_image":[{"width":732,"height":1024,"url":"https:\/\/schweizversand.ch\/wp-content\/uploads\/2026\/02\/5472055831.jpg","type":"image\/jpeg"}],"twitter_card":"summary_large_image","twitter_misc":{"Dur\u00e9e de lecture estim\u00e9e":"2 minutes"},"schema":{"@context":"https:\/\/schema.org","@graph":[{"@type":"WebPage","@id":"https:\/\/schweizversand.ch\/fr\/produkt\/trespass-emma-damen-skijacke-4\/","url":"https:\/\/schweizversand.ch\/fr\/produkt\/trespass-emma-damen-skijacke-4\/","name":"Trespass EMMA - Damen Skijacke | Jetzt kaufen | Schweizversand.ch","isPartOf":{"@id":"https:\/\/schweizversand.ch\/fr\/#website"},"primaryImageOfPage":{"@id":"https:\/\/schweizversand.ch\/fr\/produkt\/trespass-emma-damen-skijacke-4\/#primaryimage"},"image":{"@id":"https:\/\/schweizversand.ch\/fr\/produkt\/trespass-emma-damen-skijacke-4\/#primaryimage"},"thumbnailUrl":"https:\/\/schweizversand.ch\/wp-content\/uploads\/2026\/02\/5472055831.jpg","datePublished":"2026-03-14T23:55:55+00:00","dateModified":"2026-04-19T13:35:24+00:00","description":"Trespass EMMA - Damen Skijacke g\u00fcnstig kaufen bei Schweizversand.ch. Schnelle Lieferung in der Schweiz. Gratisversand ab CHF 50.","breadcrumb":{"@id":"https:\/\/schweizversand.ch\/fr\/produkt\/trespass-emma-damen-skijacke-4\/#breadcrumb"},"inLanguage":"fr-FR","potentialAction":[{"@type":"ReadAction","target":["https:\/\/schweizversand.ch\/fr\/produkt\/trespass-emma-damen-skijacke-4\/"]}]},{"@type":"ImageObject","inLanguage":"fr-FR","@id":"https:\/\/schweizversand.ch\/fr\/produkt\/trespass-emma-damen-skijacke-4\/#primaryimage","url":"https:\/\/schweizversand.ch\/wp-content\/uploads\/2026\/02\/5472055831.jpg","contentUrl":"https:\/\/schweizversand.ch\/wp-content\/uploads\/2026\/02\/5472055831.jpg","width":732,"height":1024},{"@type":"BreadcrumbList","@id":"https:\/\/schweizversand.ch\/fr\/produkt\/trespass-emma-damen-skijacke-4\/#breadcrumb","itemListElement":[{"@type":"ListItem","position":1,"name":"Startseite","item":"https:\/\/schweizversand.ch\/fr\/home\/"},{"@type":"ListItem","position":2,"name":"Boutique","item":"https:\/\/schweizversand.ch\/fr\/boutique\/"},{"@type":"ListItem","position":3,"name":"Sports","item":"https:\/\/schweizversand.ch\/fr\/produkt-kategorie\/sports\/"},{"@type":"ListItem","position":4,"name":"Sports d'hiver","item":"https:\/\/schweizversand.ch\/fr\/produkt-kategorie\/sports\/sports-dhiver\/"},{"@type":"ListItem","position":5,"name":"V\u00eatements de sports d'hiver","item":"https:\/\/schweizversand.ch\/fr\/produkt-kategorie\/sports\/sports-dhiver\/wintersportbekleidung\/"},{"@type":"ListItem","position":6,"name":"Veste de ski femme Trespass EMMA"}]},{"@type":"WebSite","@id":"https:\/\/schweizversand.ch\/fr\/#website","url":"https:\/\/schweizversand.ch\/fr\/","name":"Schweizer Shop f\u00fcr Sport, Spiel und Freizeit","description":"Gratisversand ab 50.- (netto), ab eigenem schweizer Lager, Lieferung innert 48h","publisher":{"@id":"https:\/\/schweizversand.ch\/fr\/#organization"},"alternateName":"Schweizversand.ch","potentialAction":[{"@type":"SearchAction","target":{"@type":"EntryPoint","urlTemplate":"https:\/\/schweizversand.ch\/fr\/?s={search_term_string}"},"query-input":{"@type":"PropertyValueSpecification","valueRequired":true,"valueName":"search_term_string"}}],"inLanguage":"fr-FR"},{"@type":"Organization","@id":"https:\/\/schweizversand.ch\/fr\/#organization","name":"Schweizversand.ch","url":"https:\/\/schweizversand.ch\/fr\/","logo":{"@type":"ImageObject","inLanguage":"fr-FR","@id":"https:\/\/schweizversand.ch\/fr\/#\/schema\/logo\/image\/","url":"https:\/\/schweizversand.ch\/wp-content\/uploads\/2026\/03\/Logo_Rund_Final-1.png","contentUrl":"https:\/\/schweizversand.ch\/wp-content\/uploads\/2026\/03\/Logo_Rund_Final-1.png","width":404,"height":404,"caption":"Schweizversand.ch"},"image":{"@id":"https:\/\/schweizversand.ch\/fr\/#\/schema\/logo\/image\/"},"sameAs":["https:\/\/www.facebook.com\/Schweizversand","https:\/\/www.instagram.com\/schweizversand.ch\/"]}]}},"jetpack_sharing_enabled":true,"_links":{"self":[{"href":"https:\/\/schweizversand.ch\/fr\/wp-json\/wp\/v2\/product\/255155","targetHints":{"allow":["GET"]}}],"collection":[{"href":"https:\/\/schweizversand.ch\/fr\/wp-json\/wp\/v2\/product"}],"about":[{"href":"https:\/\/schweizversand.ch\/fr\/wp-json\/wp\/v2\/types\/product"}],"replies":[{"embeddable":true,"href":"https:\/\/schweizversand.ch\/fr\/wp-json\/wp\/v2\/comments?post=255155"}],"wp:featuredmedia":[{"embeddable":true,"href":"https:\/\/schweizversand.ch\/fr\/wp-json\/wp\/v2\/media\/161031"}],"wp:attachment":[{"href":"https:\/\/schweizversand.ch\/fr\/wp-json\/wp\/v2\/media?parent=255155"}],"wp:term":[{"taxonomy":"product_brand","embeddable":true,"href":"https:\/\/schweizversand.ch\/fr\/wp-json\/wp\/v2\/product_brand?post=255155"},{"taxonomy":"product_cat","embeddable":true,"href":"https:\/\/schweizversand.ch\/fr\/wp-json\/wp\/v2\/product_cat?post=255155"},{"taxonomy":"product_tag","embeddable":true,"href":"https:\/\/schweizversand.ch\/fr\/wp-json\/wp\/v2\/product_tag?post=255155"}],"curies":[{"name":"wp","href":"https:\/\/api.w.org\/{rel}","templated":true}]}}