{"id":255161,"date":"2026-03-15T00:06:40","date_gmt":"2026-03-14T23:06:40","guid":{"rendered":"https:\/\/schweizversand.ch\/produkt\/trespass-darren-halswaermer-schlauchschal\/"},"modified":"2026-04-20T02:03:52","modified_gmt":"2026-04-20T00:03:52","slug":"trespass-darren-halswaermer-schlauchschal","status":"publish","type":"product","link":"https:\/\/schweizversand.ch\/fr\/produkt\/trespass-darren-halswaermer-schlauchschal\/","title":{"rendered":"Cache-cou\/Snood Trespass DARREN"},"content":{"rendered":"<p>Ce cache-cou pour enfants est \u00e0 la fois pratique et \u00e9l\u00e9gant, assurant aux plus petits une chaleur optimale lors de leurs jeux en ext\u00e9rieur. Avec son imprim\u00e9 int\u00e9gral attrayant et son logo Trespass brod\u00e9, il est parfait pour les enfants actifs qui ont leur propre style.<\/p>\n<\/p>\n<p>Compos\u00e9 \u00e0 95 % d&rsquo;acrylique et \u00e0 5 % d&rsquo;\u00e9lasthanne, ce cache-cou offre un confort optimal gr\u00e2ce \u00e0 son \u00e9lasticit\u00e9. Facile \u00e0 enfiler, il prot\u00e8ge efficacement du vent et du froid.<\/p>\n<\/p>\n<p>Que ce soit pour la luge, le ski ou les jeux dans la neige, ce cache-cou garde le cou au chaud avec style. Sa mati\u00e8re r\u00e9sistante et sa conception adapt\u00e9e aux enfants en font le compagnon id\u00e9al pour toutes les aventures hivernales.<\/p>\n","protected":false},"excerpt":{"rendered":"<p>Ce cache-cou pour enfants est \u00e0 la fois pratique et \u00e9l\u00e9gant, assurant aux plus petits une chaleur optimale lors de leurs jeux en ext\u00e9rieur. Avec son imprim\u00e9 int\u00e9gral attrayant et son logo Trespass brod\u00e9, il est parfait pour les enfants actifs qui ont leur propre style. Compos\u00e9 \u00e0 95 % d&rsquo;acrylique et \u00e0 5 % d&rsquo;\u00e9lasthanne, ce cache-cou offre un confort optimal gr\u00e2ce \u00e0 son \u00e9lasticit\u00e9. Facile \u00e0 enfiler, il prot\u00e8ge efficacement du vent et&hellip;<\/p>\n","protected":false},"featured_media":161177,"comment_status":"open","ping_status":"closed","template":"","meta":[],"product_brand":[],"product_cat":[38947,38948],"product_tag":[],"class_list":{"0":"post-255161","1":"product","2":"type-product","3":"status-publish","4":"has-post-thumbnail","6":"product_cat-schal-handschuhe","7":"product_cat-echarpes-et-gants","8":"product_shipping_class-global_methods","10":"first","11":"instock","12":"taxable","13":"shipping-taxable","14":"purchasable","15":"product-type-simple"},"yoast_head":"<!-- This site is optimized with the Yoast SEO plugin v27.4 - https:\/\/yoast.com\/product\/yoast-seo-wordpress\/ -->\n<title>Trespass DARREN Halsw\u00e4rmer \/ Schlauchschal | Jetzt kaufen | Schweizversand.ch<\/title>\n<meta name=\"description\" content=\"Trespass DARREN Halsw\u00e4rmer \/ Schlauchschal g\u00fcnstig kaufen bei Schweizversand.ch. Schnelle Lieferung in der Schweiz. Gratisversand ab CHF 50.\" \/>\n<meta name=\"robots\" content=\"index, follow, max-snippet:-1, max-image-preview:large, max-video-preview:-1\" \/>\n<link rel=\"canonical\" href=\"https:\/\/schweizversand.ch\/fr\/produkt\/trespass-darren-halswaermer-schlauchschal\/\" \/>\n<meta property=\"og:locale\" content=\"fr_FR\" \/>\n<meta property=\"og:type\" content=\"article\" \/>\n<meta property=\"og:title\" content=\"Trespass DARREN Halsw\u00e4rmer \/ Schlauchschal | Jetzt kaufen | Schweizversand.ch\" \/>\n<meta property=\"og:description\" content=\"Trespass DARREN Halsw\u00e4rmer \/ Schlauchschal g\u00fcnstig kaufen bei Schweizversand.ch. Schnelle Lieferung in der Schweiz. Gratisversand ab CHF 50.\" \/>\n<meta property=\"og:url\" content=\"https:\/\/schweizversand.ch\/fr\/produkt\/trespass-darren-halswaermer-schlauchschal\/\" \/>\n<meta property=\"og:site_name\" content=\"Schweizer Shop f\u00fcr Sport, Spiel und Freizeit\" \/>\n<meta property=\"article:publisher\" content=\"https:\/\/www.facebook.com\/Schweizversand\" \/>\n<meta property=\"article:modified_time\" content=\"2026-04-20T00:03:52+00:00\" \/>\n<meta property=\"og:image\" content=\"https:\/\/schweizversand.ch\/wp-content\/uploads\/2026\/02\/5471733022.jpg\" \/>\n\t<meta property=\"og:image:width\" content=\"1024\" \/>\n\t<meta property=\"og:image:height\" content=\"1024\" \/>\n\t<meta property=\"og:image:type\" content=\"image\/jpeg\" \/>\n<meta name=\"twitter:card\" content=\"summary_large_image\" \/>\n<meta name=\"twitter:label1\" content=\"Dur\u00e9e de lecture estim\u00e9e\" \/>\n\t<meta name=\"twitter:data1\" content=\"1 minute\" \/>\n<script type=\"application\/ld+json\" class=\"yoast-schema-graph\">{\"@context\":\"https:\\\/\\\/schema.org\",\"@graph\":[{\"@type\":\"WebPage\",\"@id\":\"https:\\\/\\\/schweizversand.ch\\\/fr\\\/produkt\\\/trespass-darren-halswaermer-schlauchschal\\\/\",\"url\":\"https:\\\/\\\/schweizversand.ch\\\/fr\\\/produkt\\\/trespass-darren-halswaermer-schlauchschal\\\/\",\"name\":\"Trespass DARREN Halsw\u00e4rmer \\\/ Schlauchschal | Jetzt kaufen | Schweizversand.ch\",\"isPartOf\":{\"@id\":\"https:\\\/\\\/schweizversand.ch\\\/fr\\\/#website\"},\"primaryImageOfPage\":{\"@id\":\"https:\\\/\\\/schweizversand.ch\\\/fr\\\/produkt\\\/trespass-darren-halswaermer-schlauchschal\\\/#primaryimage\"},\"image\":{\"@id\":\"https:\\\/\\\/schweizversand.ch\\\/fr\\\/produkt\\\/trespass-darren-halswaermer-schlauchschal\\\/#primaryimage\"},\"thumbnailUrl\":\"https:\\\/\\\/schweizversand.ch\\\/wp-content\\\/uploads\\\/2026\\\/02\\\/5471733022.jpg\",\"datePublished\":\"2026-03-14T23:06:40+00:00\",\"dateModified\":\"2026-04-20T00:03:52+00:00\",\"description\":\"Trespass DARREN Halsw\u00e4rmer \\\/ Schlauchschal g\u00fcnstig kaufen bei Schweizversand.ch. Schnelle Lieferung in der Schweiz. Gratisversand ab CHF 50.\",\"breadcrumb\":{\"@id\":\"https:\\\/\\\/schweizversand.ch\\\/fr\\\/produkt\\\/trespass-darren-halswaermer-schlauchschal\\\/#breadcrumb\"},\"inLanguage\":\"fr-FR\",\"potentialAction\":[{\"@type\":\"ReadAction\",\"target\":[\"https:\\\/\\\/schweizversand.ch\\\/fr\\\/produkt\\\/trespass-darren-halswaermer-schlauchschal\\\/\"]}]},{\"@type\":\"ImageObject\",\"inLanguage\":\"fr-FR\",\"@id\":\"https:\\\/\\\/schweizversand.ch\\\/fr\\\/produkt\\\/trespass-darren-halswaermer-schlauchschal\\\/#primaryimage\",\"url\":\"https:\\\/\\\/schweizversand.ch\\\/wp-content\\\/uploads\\\/2026\\\/02\\\/5471733022.jpg\",\"contentUrl\":\"https:\\\/\\\/schweizversand.ch\\\/wp-content\\\/uploads\\\/2026\\\/02\\\/5471733022.jpg\",\"width\":1024,\"height\":1024},{\"@type\":\"BreadcrumbList\",\"@id\":\"https:\\\/\\\/schweizversand.ch\\\/fr\\\/produkt\\\/trespass-darren-halswaermer-schlauchschal\\\/#breadcrumb\",\"itemListElement\":[{\"@type\":\"ListItem\",\"position\":1,\"name\":\"Startseite\",\"item\":\"https:\\\/\\\/schweizversand.ch\\\/fr\\\/home\\\/\"},{\"@type\":\"ListItem\",\"position\":2,\"name\":\"Boutique\",\"item\":\"https:\\\/\\\/schweizversand.ch\\\/fr\\\/boutique\\\/\"},{\"@type\":\"ListItem\",\"position\":3,\"name\":\"Mode\",\"item\":\"https:\\\/\\\/schweizversand.ch\\\/fr\\\/produkt-kategorie\\\/mode-fr\\\/\"},{\"@type\":\"ListItem\",\"position\":4,\"name\":\"Accessoires de mode\",\"item\":\"https:\\\/\\\/schweizversand.ch\\\/fr\\\/produkt-kategorie\\\/mode\\\/accessoires-de-mode\\\/\"},{\"@type\":\"ListItem\",\"position\":5,\"name\":\"\u00c9charpes et gants\",\"item\":\"https:\\\/\\\/schweizversand.ch\\\/fr\\\/produkt-kategorie\\\/mode\\\/accessoires-de-mode\\\/echarpes-et-gants\\\/\"},{\"@type\":\"ListItem\",\"position\":6,\"name\":\"Cache-cou\\\/Snood Trespass DARREN\"}]},{\"@type\":\"WebSite\",\"@id\":\"https:\\\/\\\/schweizversand.ch\\\/fr\\\/#website\",\"url\":\"https:\\\/\\\/schweizversand.ch\\\/fr\\\/\",\"name\":\"Schweizer Shop f\u00fcr Sport, Spiel und Freizeit\",\"description\":\"Gratisversand ab 50.- (netto), ab eigenem schweizer Lager, Lieferung innert 48h\",\"publisher\":{\"@id\":\"https:\\\/\\\/schweizversand.ch\\\/fr\\\/#organization\"},\"alternateName\":\"Schweizversand.ch\",\"potentialAction\":[{\"@type\":\"SearchAction\",\"target\":{\"@type\":\"EntryPoint\",\"urlTemplate\":\"https:\\\/\\\/schweizversand.ch\\\/fr\\\/?s={search_term_string}\"},\"query-input\":{\"@type\":\"PropertyValueSpecification\",\"valueRequired\":true,\"valueName\":\"search_term_string\"}}],\"inLanguage\":\"fr-FR\"},{\"@type\":\"Organization\",\"@id\":\"https:\\\/\\\/schweizversand.ch\\\/fr\\\/#organization\",\"name\":\"Schweizversand.ch\",\"url\":\"https:\\\/\\\/schweizversand.ch\\\/fr\\\/\",\"logo\":{\"@type\":\"ImageObject\",\"inLanguage\":\"fr-FR\",\"@id\":\"https:\\\/\\\/schweizversand.ch\\\/fr\\\/#\\\/schema\\\/logo\\\/image\\\/\",\"url\":\"https:\\\/\\\/schweizversand.ch\\\/wp-content\\\/uploads\\\/2026\\\/03\\\/Logo_Rund_Final-1.png\",\"contentUrl\":\"https:\\\/\\\/schweizversand.ch\\\/wp-content\\\/uploads\\\/2026\\\/03\\\/Logo_Rund_Final-1.png\",\"width\":404,\"height\":404,\"caption\":\"Schweizversand.ch\"},\"image\":{\"@id\":\"https:\\\/\\\/schweizversand.ch\\\/fr\\\/#\\\/schema\\\/logo\\\/image\\\/\"},\"sameAs\":[\"https:\\\/\\\/www.facebook.com\\\/Schweizversand\",\"https:\\\/\\\/www.instagram.com\\\/schweizversand.ch\\\/\"]}]}<\/script>\n<!-- \/ Yoast SEO plugin. -->","yoast_head_json":{"title":"Trespass DARREN Halsw\u00e4rmer \/ Schlauchschal | Jetzt kaufen | Schweizversand.ch","description":"Trespass DARREN Halsw\u00e4rmer \/ Schlauchschal g\u00fcnstig kaufen bei Schweizversand.ch. Schnelle Lieferung in der Schweiz. Gratisversand ab CHF 50.","robots":{"index":"index","follow":"follow","max-snippet":"max-snippet:-1","max-image-preview":"max-image-preview:large","max-video-preview":"max-video-preview:-1"},"canonical":"https:\/\/schweizversand.ch\/fr\/produkt\/trespass-darren-halswaermer-schlauchschal\/","og_locale":"fr_FR","og_type":"article","og_title":"Trespass DARREN Halsw\u00e4rmer \/ Schlauchschal | Jetzt kaufen | Schweizversand.ch","og_description":"Trespass DARREN Halsw\u00e4rmer \/ Schlauchschal g\u00fcnstig kaufen bei Schweizversand.ch. Schnelle Lieferung in der Schweiz. Gratisversand ab CHF 50.","og_url":"https:\/\/schweizversand.ch\/fr\/produkt\/trespass-darren-halswaermer-schlauchschal\/","og_site_name":"Schweizer Shop f\u00fcr Sport, Spiel und Freizeit","article_publisher":"https:\/\/www.facebook.com\/Schweizversand","article_modified_time":"2026-04-20T00:03:52+00:00","og_image":[{"width":1024,"height":1024,"url":"https:\/\/schweizversand.ch\/wp-content\/uploads\/2026\/02\/5471733022.jpg","type":"image\/jpeg"}],"twitter_card":"summary_large_image","twitter_misc":{"Dur\u00e9e de lecture estim\u00e9e":"1 minute"},"schema":{"@context":"https:\/\/schema.org","@graph":[{"@type":"WebPage","@id":"https:\/\/schweizversand.ch\/fr\/produkt\/trespass-darren-halswaermer-schlauchschal\/","url":"https:\/\/schweizversand.ch\/fr\/produkt\/trespass-darren-halswaermer-schlauchschal\/","name":"Trespass DARREN Halsw\u00e4rmer \/ Schlauchschal | Jetzt kaufen | Schweizversand.ch","isPartOf":{"@id":"https:\/\/schweizversand.ch\/fr\/#website"},"primaryImageOfPage":{"@id":"https:\/\/schweizversand.ch\/fr\/produkt\/trespass-darren-halswaermer-schlauchschal\/#primaryimage"},"image":{"@id":"https:\/\/schweizversand.ch\/fr\/produkt\/trespass-darren-halswaermer-schlauchschal\/#primaryimage"},"thumbnailUrl":"https:\/\/schweizversand.ch\/wp-content\/uploads\/2026\/02\/5471733022.jpg","datePublished":"2026-03-14T23:06:40+00:00","dateModified":"2026-04-20T00:03:52+00:00","description":"Trespass DARREN Halsw\u00e4rmer \/ Schlauchschal g\u00fcnstig kaufen bei Schweizversand.ch. Schnelle Lieferung in der Schweiz. Gratisversand ab CHF 50.","breadcrumb":{"@id":"https:\/\/schweizversand.ch\/fr\/produkt\/trespass-darren-halswaermer-schlauchschal\/#breadcrumb"},"inLanguage":"fr-FR","potentialAction":[{"@type":"ReadAction","target":["https:\/\/schweizversand.ch\/fr\/produkt\/trespass-darren-halswaermer-schlauchschal\/"]}]},{"@type":"ImageObject","inLanguage":"fr-FR","@id":"https:\/\/schweizversand.ch\/fr\/produkt\/trespass-darren-halswaermer-schlauchschal\/#primaryimage","url":"https:\/\/schweizversand.ch\/wp-content\/uploads\/2026\/02\/5471733022.jpg","contentUrl":"https:\/\/schweizversand.ch\/wp-content\/uploads\/2026\/02\/5471733022.jpg","width":1024,"height":1024},{"@type":"BreadcrumbList","@id":"https:\/\/schweizversand.ch\/fr\/produkt\/trespass-darren-halswaermer-schlauchschal\/#breadcrumb","itemListElement":[{"@type":"ListItem","position":1,"name":"Startseite","item":"https:\/\/schweizversand.ch\/fr\/home\/"},{"@type":"ListItem","position":2,"name":"Boutique","item":"https:\/\/schweizversand.ch\/fr\/boutique\/"},{"@type":"ListItem","position":3,"name":"Mode","item":"https:\/\/schweizversand.ch\/fr\/produkt-kategorie\/mode-fr\/"},{"@type":"ListItem","position":4,"name":"Accessoires de mode","item":"https:\/\/schweizversand.ch\/fr\/produkt-kategorie\/mode\/accessoires-de-mode\/"},{"@type":"ListItem","position":5,"name":"\u00c9charpes et gants","item":"https:\/\/schweizversand.ch\/fr\/produkt-kategorie\/mode\/accessoires-de-mode\/echarpes-et-gants\/"},{"@type":"ListItem","position":6,"name":"Cache-cou\/Snood Trespass DARREN"}]},{"@type":"WebSite","@id":"https:\/\/schweizversand.ch\/fr\/#website","url":"https:\/\/schweizversand.ch\/fr\/","name":"Schweizer Shop f\u00fcr Sport, Spiel und Freizeit","description":"Gratisversand ab 50.- (netto), ab eigenem schweizer Lager, Lieferung innert 48h","publisher":{"@id":"https:\/\/schweizversand.ch\/fr\/#organization"},"alternateName":"Schweizversand.ch","potentialAction":[{"@type":"SearchAction","target":{"@type":"EntryPoint","urlTemplate":"https:\/\/schweizversand.ch\/fr\/?s={search_term_string}"},"query-input":{"@type":"PropertyValueSpecification","valueRequired":true,"valueName":"search_term_string"}}],"inLanguage":"fr-FR"},{"@type":"Organization","@id":"https:\/\/schweizversand.ch\/fr\/#organization","name":"Schweizversand.ch","url":"https:\/\/schweizversand.ch\/fr\/","logo":{"@type":"ImageObject","inLanguage":"fr-FR","@id":"https:\/\/schweizversand.ch\/fr\/#\/schema\/logo\/image\/","url":"https:\/\/schweizversand.ch\/wp-content\/uploads\/2026\/03\/Logo_Rund_Final-1.png","contentUrl":"https:\/\/schweizversand.ch\/wp-content\/uploads\/2026\/03\/Logo_Rund_Final-1.png","width":404,"height":404,"caption":"Schweizversand.ch"},"image":{"@id":"https:\/\/schweizversand.ch\/fr\/#\/schema\/logo\/image\/"},"sameAs":["https:\/\/www.facebook.com\/Schweizversand","https:\/\/www.instagram.com\/schweizversand.ch\/"]}]}},"jetpack_sharing_enabled":true,"_links":{"self":[{"href":"https:\/\/schweizversand.ch\/fr\/wp-json\/wp\/v2\/product\/255161","targetHints":{"allow":["GET"]}}],"collection":[{"href":"https:\/\/schweizversand.ch\/fr\/wp-json\/wp\/v2\/product"}],"about":[{"href":"https:\/\/schweizversand.ch\/fr\/wp-json\/wp\/v2\/types\/product"}],"replies":[{"embeddable":true,"href":"https:\/\/schweizversand.ch\/fr\/wp-json\/wp\/v2\/comments?post=255161"}],"wp:featuredmedia":[{"embeddable":true,"href":"https:\/\/schweizversand.ch\/fr\/wp-json\/wp\/v2\/media\/161177"}],"wp:attachment":[{"href":"https:\/\/schweizversand.ch\/fr\/wp-json\/wp\/v2\/media?parent=255161"}],"wp:term":[{"taxonomy":"product_brand","embeddable":true,"href":"https:\/\/schweizversand.ch\/fr\/wp-json\/wp\/v2\/product_brand?post=255161"},{"taxonomy":"product_cat","embeddable":true,"href":"https:\/\/schweizversand.ch\/fr\/wp-json\/wp\/v2\/product_cat?post=255161"},{"taxonomy":"product_tag","embeddable":true,"href":"https:\/\/schweizversand.ch\/fr\/wp-json\/wp\/v2\/product_tag?post=255161"}],"curies":[{"name":"wp","href":"https:\/\/api.w.org\/{rel}","templated":true}]}}