{"id":255163,"date":"2026-03-15T00:56:20","date_gmt":"2026-03-14T23:56:20","guid":{"rendered":"https:\/\/schweizversand.ch\/produkt\/trespass-caelan-herren-wanderschuhe-4\/"},"modified":"2026-04-20T02:04:01","modified_gmt":"2026-04-20T00:04:01","slug":"trespass-caelan-herren-wanderschuhe-4","status":"publish","type":"product","link":"https:\/\/schweizversand.ch\/fr\/produkt\/trespass-caelan-herren-wanderschuhe-4\/","title":{"rendered":"Bottes de randonn\u00e9e pour hommes Trespass CAELAN"},"content":{"rendered":"<p>Les chaussures de randonn\u00e9e pour hommes Trespass \u00ab Caelan \u00bb sont sp\u00e9cialement con\u00e7ues pour la randonn\u00e9e et offrent une gamme de caract\u00e9ristiques qui garantissent confort et protection lors de vos aventures en plein air.<\/p>\n<\/p>\n<p>Voici les principales caract\u00e9ristiques et d\u00e9tails de ces chaussures de randonn\u00e9e\u00a0:<\/p>\n<\/p>\n<p>\u2022 Membrane imperm\u00e9able et respirante\u00a0: Ces chaussures de randonn\u00e9e sont \u00e9quip\u00e9es d\u2019une membrane imperm\u00e9able et respirante qui emp\u00eache l\u2019eau de p\u00e9n\u00e9trer tout en laissant l\u2019humidit\u00e9 s\u2019\u00e9vacuer. Vos pieds restent ainsi au sec et confortables, quelles que soient les conditions m\u00e9t\u00e9orologiques.<\/p>\n<\/p>\n<p>\u2022 Languette \u00e0 soufflet\u00a0: La languette des chaussures est dot\u00e9e d\u2019un soufflet qui permet un meilleur ajustement. Cela emp\u00eache la salet\u00e9, les cailloux ou autres corps \u00e9trangers de p\u00e9n\u00e9trer dans la chaussure.<\/p>\n<\/p>\n<p>\u2022 Col et languette rembourr\u00e9s pour un meilleur maintien de la cheville\u00a0: Ces chaussures de randonn\u00e9e sont dot\u00e9es d\u2019un col et d\u2019une languette rembourr\u00e9s pour soutenir la cheville et offrir un confort accru. Ceci est particuli\u00e8rement important pour prot\u00e9ger vos pieds des frottements et des blessures potentielles lors de la randonn\u00e9e.<\/p>\n<\/p>\n<p>\u2022 Renforts protecteurs et r\u00e9sistants au niveau des orteils et du talon\u00a0: Ces chaussures sont dot\u00e9es de renforts protecteurs au niveau des orteils et du talon pour prot\u00e9ger vos pieds des chocs, de l\u2019usure et des autres \u00e9l\u00e9ments ext\u00e9rieurs.<\/p>\n<\/p>\n<p>Semelle int\u00e9rieure moul\u00e9e : La semelle int\u00e9rieure moul\u00e9e offre amorti et soutien, pour un confort accru lors de vos randonn\u00e9es.<\/p>\n<\/p>\n<p>En r\u00e9sum\u00e9, les chaussures de randonn\u00e9e Trespass Caelan pour homme combinent imperm\u00e9abilit\u00e9, respirabilit\u00e9, maintien de la cheville et protection optimale. Ces caract\u00e9ristiques en font un excellent choix pour les activit\u00e9s de plein air telles que la randonn\u00e9e et le trekking sur tous types de terrains.<\/p>\n<\/p>\n<p>Composition :<\/p>\n<\/p>\n<p>\u2022 Tige : Daim\/Textile\/Caoutchouc<\/p>\n<\/p>\n<p>\u2022 Doublure : Textile<\/p>\n<\/p>\n<p>\u2022 Semelle int\u00e9rieure : EVA<\/p>\n<\/p>\n<p>\u2022 Semelle ext\u00e9rieure : Phylon\/Caoutchouc<\/p>\n<\/p>\n<p>Cette composition garantit durabilit\u00e9, confort et fonctionnalit\u00e9, essentiels pour une exp\u00e9rience de randonn\u00e9e r\u00e9ussie.<\/p>\n","protected":false},"excerpt":{"rendered":"<p>Les chaussures de randonn\u00e9e pour hommes Trespass \u00ab Caelan \u00bb sont sp\u00e9cialement con\u00e7ues pour la randonn\u00e9e et offrent une gamme de caract\u00e9ristiques qui garantissent confort et protection lors de vos aventures en plein air. Voici les principales caract\u00e9ristiques et d\u00e9tails de ces chaussures de randonn\u00e9e\u00a0: \u2022 Membrane imperm\u00e9able et respirante\u00a0: Ces chaussures de randonn\u00e9e sont \u00e9quip\u00e9es d\u2019une membrane imperm\u00e9able et respirante qui emp\u00eache l\u2019eau de p\u00e9n\u00e9trer tout en laissant l\u2019humidit\u00e9 s\u2019\u00e9vacuer. Vos pieds restent ainsi&hellip;<\/p>\n","protected":false},"featured_media":162410,"comment_status":"open","ping_status":"closed","template":"","meta":[],"product_brand":[],"product_cat":[38335],"product_tag":[],"class_list":{"0":"post-255163","1":"product","2":"type-product","3":"status-publish","4":"has-post-thumbnail","6":"product_cat-wandern","7":"product_shipping_class-global_methods","9":"first","10":"instock","11":"taxable","12":"shipping-taxable","13":"purchasable","14":"product-type-simple"},"yoast_head":"<!-- This site is optimized with the Yoast SEO plugin v27.4 - https:\/\/yoast.com\/product\/yoast-seo-wordpress\/ -->\n<title>Trespass CAELAN Herren Wanderschuhe | Jetzt kaufen | Schweizversand.ch<\/title>\n<meta name=\"description\" content=\"Trespass CAELAN Herren Wanderschuhe g\u00fcnstig kaufen bei Schweizversand.ch. Schnelle Lieferung in der Schweiz. Gratisversand ab CHF 50.\" \/>\n<meta name=\"robots\" content=\"index, follow, max-snippet:-1, max-image-preview:large, max-video-preview:-1\" \/>\n<link rel=\"canonical\" href=\"https:\/\/schweizversand.ch\/fr\/produkt\/trespass-caelan-herren-wanderschuhe-4\/\" \/>\n<meta property=\"og:locale\" content=\"fr_FR\" \/>\n<meta property=\"og:type\" content=\"article\" \/>\n<meta property=\"og:title\" content=\"Trespass CAELAN Herren Wanderschuhe | Jetzt kaufen | Schweizversand.ch\" \/>\n<meta property=\"og:description\" content=\"Trespass CAELAN Herren Wanderschuhe g\u00fcnstig kaufen bei Schweizversand.ch. Schnelle Lieferung in der Schweiz. Gratisversand ab CHF 50.\" \/>\n<meta property=\"og:url\" content=\"https:\/\/schweizversand.ch\/fr\/produkt\/trespass-caelan-herren-wanderschuhe-4\/\" \/>\n<meta property=\"og:site_name\" content=\"Schweizer Shop f\u00fcr Sport, Spiel und Freizeit\" \/>\n<meta property=\"article:publisher\" content=\"https:\/\/www.facebook.com\/Schweizversand\" \/>\n<meta property=\"article:modified_time\" content=\"2026-04-20T00:04:01+00:00\" \/>\n<meta name=\"twitter:card\" content=\"summary_large_image\" \/>\n<meta name=\"twitter:label1\" content=\"Dur\u00e9e de lecture estim\u00e9e\" \/>\n\t<meta name=\"twitter:data1\" content=\"2 minutes\" \/>\n<script type=\"application\/ld+json\" class=\"yoast-schema-graph\">{\"@context\":\"https:\\\/\\\/schema.org\",\"@graph\":[{\"@type\":\"WebPage\",\"@id\":\"https:\\\/\\\/schweizversand.ch\\\/fr\\\/produkt\\\/trespass-caelan-herren-wanderschuhe-4\\\/\",\"url\":\"https:\\\/\\\/schweizversand.ch\\\/fr\\\/produkt\\\/trespass-caelan-herren-wanderschuhe-4\\\/\",\"name\":\"Trespass CAELAN Herren Wanderschuhe | Jetzt kaufen | Schweizversand.ch\",\"isPartOf\":{\"@id\":\"https:\\\/\\\/schweizversand.ch\\\/fr\\\/#website\"},\"primaryImageOfPage\":{\"@id\":\"https:\\\/\\\/schweizversand.ch\\\/fr\\\/produkt\\\/trespass-caelan-herren-wanderschuhe-4\\\/#primaryimage\"},\"image\":{\"@id\":\"https:\\\/\\\/schweizversand.ch\\\/fr\\\/produkt\\\/trespass-caelan-herren-wanderschuhe-4\\\/#primaryimage\"},\"thumbnailUrl\":\"https:\\\/\\\/schweizversand.ch\\\/wp-content\\\/uploads\\\/2026\\\/02\\\/5471682780.jpg\",\"datePublished\":\"2026-03-14T23:56:20+00:00\",\"dateModified\":\"2026-04-20T00:04:01+00:00\",\"description\":\"Trespass CAELAN Herren Wanderschuhe g\u00fcnstig kaufen bei Schweizversand.ch. Schnelle Lieferung in der Schweiz. Gratisversand ab CHF 50.\",\"breadcrumb\":{\"@id\":\"https:\\\/\\\/schweizversand.ch\\\/fr\\\/produkt\\\/trespass-caelan-herren-wanderschuhe-4\\\/#breadcrumb\"},\"inLanguage\":\"fr-FR\",\"potentialAction\":[{\"@type\":\"ReadAction\",\"target\":[\"https:\\\/\\\/schweizversand.ch\\\/fr\\\/produkt\\\/trespass-caelan-herren-wanderschuhe-4\\\/\"]}]},{\"@type\":\"ImageObject\",\"inLanguage\":\"fr-FR\",\"@id\":\"https:\\\/\\\/schweizversand.ch\\\/fr\\\/produkt\\\/trespass-caelan-herren-wanderschuhe-4\\\/#primaryimage\",\"url\":\"https:\\\/\\\/schweizversand.ch\\\/wp-content\\\/uploads\\\/2026\\\/02\\\/5471682780.jpg\",\"contentUrl\":\"https:\\\/\\\/schweizversand.ch\\\/wp-content\\\/uploads\\\/2026\\\/02\\\/5471682780.jpg\",\"width\":1024,\"height\":752},{\"@type\":\"BreadcrumbList\",\"@id\":\"https:\\\/\\\/schweizversand.ch\\\/fr\\\/produkt\\\/trespass-caelan-herren-wanderschuhe-4\\\/#breadcrumb\",\"itemListElement\":[{\"@type\":\"ListItem\",\"position\":1,\"name\":\"Startseite\",\"item\":\"https:\\\/\\\/schweizversand.ch\\\/fr\\\/home\\\/\"},{\"@type\":\"ListItem\",\"position\":2,\"name\":\"Boutique\",\"item\":\"https:\\\/\\\/schweizversand.ch\\\/fr\\\/boutique\\\/\"},{\"@type\":\"ListItem\",\"position\":3,\"name\":\"Sports\",\"item\":\"https:\\\/\\\/schweizversand.ch\\\/fr\\\/produkt-kategorie\\\/sports\\\/\"},{\"@type\":\"ListItem\",\"position\":4,\"name\":\"Plein air\",\"item\":\"https:\\\/\\\/schweizversand.ch\\\/fr\\\/produkt-kategorie\\\/sports\\\/plein-air\\\/\"},{\"@type\":\"ListItem\",\"position\":5,\"name\":\"Randonn\u00e9e\",\"item\":\"https:\\\/\\\/schweizversand.ch\\\/fr\\\/produkt-kategorie\\\/sports\\\/plein-air\\\/wandern\\\/\"},{\"@type\":\"ListItem\",\"position\":6,\"name\":\"Bottes de randonn\u00e9e pour hommes Trespass CAELAN\"}]},{\"@type\":\"WebSite\",\"@id\":\"https:\\\/\\\/schweizversand.ch\\\/fr\\\/#website\",\"url\":\"https:\\\/\\\/schweizversand.ch\\\/fr\\\/\",\"name\":\"Schweizer Shop f\u00fcr Sport, Spiel und Freizeit\",\"description\":\"Gratisversand ab 50.- (netto), ab eigenem schweizer Lager, Lieferung innert 48h\",\"publisher\":{\"@id\":\"https:\\\/\\\/schweizversand.ch\\\/fr\\\/#organization\"},\"alternateName\":\"Schweizversand.ch\",\"potentialAction\":[{\"@type\":\"SearchAction\",\"target\":{\"@type\":\"EntryPoint\",\"urlTemplate\":\"https:\\\/\\\/schweizversand.ch\\\/fr\\\/?s={search_term_string}\"},\"query-input\":{\"@type\":\"PropertyValueSpecification\",\"valueRequired\":true,\"valueName\":\"search_term_string\"}}],\"inLanguage\":\"fr-FR\"},{\"@type\":\"Organization\",\"@id\":\"https:\\\/\\\/schweizversand.ch\\\/fr\\\/#organization\",\"name\":\"Schweizversand.ch\",\"url\":\"https:\\\/\\\/schweizversand.ch\\\/fr\\\/\",\"logo\":{\"@type\":\"ImageObject\",\"inLanguage\":\"fr-FR\",\"@id\":\"https:\\\/\\\/schweizversand.ch\\\/fr\\\/#\\\/schema\\\/logo\\\/image\\\/\",\"url\":\"https:\\\/\\\/schweizversand.ch\\\/wp-content\\\/uploads\\\/2026\\\/03\\\/Logo_Rund_Final-1.png\",\"contentUrl\":\"https:\\\/\\\/schweizversand.ch\\\/wp-content\\\/uploads\\\/2026\\\/03\\\/Logo_Rund_Final-1.png\",\"width\":404,\"height\":404,\"caption\":\"Schweizversand.ch\"},\"image\":{\"@id\":\"https:\\\/\\\/schweizversand.ch\\\/fr\\\/#\\\/schema\\\/logo\\\/image\\\/\"},\"sameAs\":[\"https:\\\/\\\/www.facebook.com\\\/Schweizversand\",\"https:\\\/\\\/www.instagram.com\\\/schweizversand.ch\\\/\"]}]}<\/script>\n<!-- \/ Yoast SEO plugin. -->","yoast_head_json":{"title":"Trespass CAELAN Herren Wanderschuhe | Jetzt kaufen | Schweizversand.ch","description":"Trespass CAELAN Herren Wanderschuhe g\u00fcnstig kaufen bei Schweizversand.ch. Schnelle Lieferung in der Schweiz. Gratisversand ab CHF 50.","robots":{"index":"index","follow":"follow","max-snippet":"max-snippet:-1","max-image-preview":"max-image-preview:large","max-video-preview":"max-video-preview:-1"},"canonical":"https:\/\/schweizversand.ch\/fr\/produkt\/trespass-caelan-herren-wanderschuhe-4\/","og_locale":"fr_FR","og_type":"article","og_title":"Trespass CAELAN Herren Wanderschuhe | Jetzt kaufen | Schweizversand.ch","og_description":"Trespass CAELAN Herren Wanderschuhe g\u00fcnstig kaufen bei Schweizversand.ch. Schnelle Lieferung in der Schweiz. Gratisversand ab CHF 50.","og_url":"https:\/\/schweizversand.ch\/fr\/produkt\/trespass-caelan-herren-wanderschuhe-4\/","og_site_name":"Schweizer Shop f\u00fcr Sport, Spiel und Freizeit","article_publisher":"https:\/\/www.facebook.com\/Schweizversand","article_modified_time":"2026-04-20T00:04:01+00:00","twitter_card":"summary_large_image","twitter_misc":{"Dur\u00e9e de lecture estim\u00e9e":"2 minutes"},"schema":{"@context":"https:\/\/schema.org","@graph":[{"@type":"WebPage","@id":"https:\/\/schweizversand.ch\/fr\/produkt\/trespass-caelan-herren-wanderschuhe-4\/","url":"https:\/\/schweizversand.ch\/fr\/produkt\/trespass-caelan-herren-wanderschuhe-4\/","name":"Trespass CAELAN Herren Wanderschuhe | Jetzt kaufen | Schweizversand.ch","isPartOf":{"@id":"https:\/\/schweizversand.ch\/fr\/#website"},"primaryImageOfPage":{"@id":"https:\/\/schweizversand.ch\/fr\/produkt\/trespass-caelan-herren-wanderschuhe-4\/#primaryimage"},"image":{"@id":"https:\/\/schweizversand.ch\/fr\/produkt\/trespass-caelan-herren-wanderschuhe-4\/#primaryimage"},"thumbnailUrl":"https:\/\/schweizversand.ch\/wp-content\/uploads\/2026\/02\/5471682780.jpg","datePublished":"2026-03-14T23:56:20+00:00","dateModified":"2026-04-20T00:04:01+00:00","description":"Trespass CAELAN Herren Wanderschuhe g\u00fcnstig kaufen bei Schweizversand.ch. Schnelle Lieferung in der Schweiz. Gratisversand ab CHF 50.","breadcrumb":{"@id":"https:\/\/schweizversand.ch\/fr\/produkt\/trespass-caelan-herren-wanderschuhe-4\/#breadcrumb"},"inLanguage":"fr-FR","potentialAction":[{"@type":"ReadAction","target":["https:\/\/schweizversand.ch\/fr\/produkt\/trespass-caelan-herren-wanderschuhe-4\/"]}]},{"@type":"ImageObject","inLanguage":"fr-FR","@id":"https:\/\/schweizversand.ch\/fr\/produkt\/trespass-caelan-herren-wanderschuhe-4\/#primaryimage","url":"https:\/\/schweizversand.ch\/wp-content\/uploads\/2026\/02\/5471682780.jpg","contentUrl":"https:\/\/schweizversand.ch\/wp-content\/uploads\/2026\/02\/5471682780.jpg","width":1024,"height":752},{"@type":"BreadcrumbList","@id":"https:\/\/schweizversand.ch\/fr\/produkt\/trespass-caelan-herren-wanderschuhe-4\/#breadcrumb","itemListElement":[{"@type":"ListItem","position":1,"name":"Startseite","item":"https:\/\/schweizversand.ch\/fr\/home\/"},{"@type":"ListItem","position":2,"name":"Boutique","item":"https:\/\/schweizversand.ch\/fr\/boutique\/"},{"@type":"ListItem","position":3,"name":"Sports","item":"https:\/\/schweizversand.ch\/fr\/produkt-kategorie\/sports\/"},{"@type":"ListItem","position":4,"name":"Plein air","item":"https:\/\/schweizversand.ch\/fr\/produkt-kategorie\/sports\/plein-air\/"},{"@type":"ListItem","position":5,"name":"Randonn\u00e9e","item":"https:\/\/schweizversand.ch\/fr\/produkt-kategorie\/sports\/plein-air\/wandern\/"},{"@type":"ListItem","position":6,"name":"Bottes de randonn\u00e9e pour hommes Trespass CAELAN"}]},{"@type":"WebSite","@id":"https:\/\/schweizversand.ch\/fr\/#website","url":"https:\/\/schweizversand.ch\/fr\/","name":"Schweizer Shop f\u00fcr Sport, Spiel und Freizeit","description":"Gratisversand ab 50.- (netto), ab eigenem schweizer Lager, Lieferung innert 48h","publisher":{"@id":"https:\/\/schweizversand.ch\/fr\/#organization"},"alternateName":"Schweizversand.ch","potentialAction":[{"@type":"SearchAction","target":{"@type":"EntryPoint","urlTemplate":"https:\/\/schweizversand.ch\/fr\/?s={search_term_string}"},"query-input":{"@type":"PropertyValueSpecification","valueRequired":true,"valueName":"search_term_string"}}],"inLanguage":"fr-FR"},{"@type":"Organization","@id":"https:\/\/schweizversand.ch\/fr\/#organization","name":"Schweizversand.ch","url":"https:\/\/schweizversand.ch\/fr\/","logo":{"@type":"ImageObject","inLanguage":"fr-FR","@id":"https:\/\/schweizversand.ch\/fr\/#\/schema\/logo\/image\/","url":"https:\/\/schweizversand.ch\/wp-content\/uploads\/2026\/03\/Logo_Rund_Final-1.png","contentUrl":"https:\/\/schweizversand.ch\/wp-content\/uploads\/2026\/03\/Logo_Rund_Final-1.png","width":404,"height":404,"caption":"Schweizversand.ch"},"image":{"@id":"https:\/\/schweizversand.ch\/fr\/#\/schema\/logo\/image\/"},"sameAs":["https:\/\/www.facebook.com\/Schweizversand","https:\/\/www.instagram.com\/schweizversand.ch\/"]}]}},"jetpack_sharing_enabled":true,"_links":{"self":[{"href":"https:\/\/schweizversand.ch\/fr\/wp-json\/wp\/v2\/product\/255163","targetHints":{"allow":["GET"]}}],"collection":[{"href":"https:\/\/schweizversand.ch\/fr\/wp-json\/wp\/v2\/product"}],"about":[{"href":"https:\/\/schweizversand.ch\/fr\/wp-json\/wp\/v2\/types\/product"}],"replies":[{"embeddable":true,"href":"https:\/\/schweizversand.ch\/fr\/wp-json\/wp\/v2\/comments?post=255163"}],"wp:featuredmedia":[{"embeddable":true,"href":"https:\/\/schweizversand.ch\/fr\/wp-json\/wp\/v2\/media\/162410"}],"wp:attachment":[{"href":"https:\/\/schweizversand.ch\/fr\/wp-json\/wp\/v2\/media?parent=255163"}],"wp:term":[{"taxonomy":"product_brand","embeddable":true,"href":"https:\/\/schweizversand.ch\/fr\/wp-json\/wp\/v2\/product_brand?post=255163"},{"taxonomy":"product_cat","embeddable":true,"href":"https:\/\/schweizversand.ch\/fr\/wp-json\/wp\/v2\/product_cat?post=255163"},{"taxonomy":"product_tag","embeddable":true,"href":"https:\/\/schweizversand.ch\/fr\/wp-json\/wp\/v2\/product_tag?post=255163"}],"curies":[{"name":"wp","href":"https:\/\/api.w.org\/{rel}","templated":true}]}}