{"id":255165,"date":"2026-03-15T00:56:20","date_gmt":"2026-03-14T23:56:20","guid":{"rendered":"https:\/\/schweizversand.ch\/produkt\/trespass-dlx-renton-herren-wanderschuhe\/"},"modified":"2026-04-20T02:04:02","modified_gmt":"2026-04-20T00:04:02","slug":"trespass-dlx-renton-herren-wanderschuhe","status":"publish","type":"product","link":"https:\/\/schweizversand.ch\/fr\/produkt\/trespass-dlx-renton-herren-wanderschuhe\/","title":{"rendered":"Bottes de randonn\u00e9e pour hommes Trespass DLX RENTON"},"content":{"rendered":"<p>Nos chaussures de randonn\u00e9e l\u00e9g\u00e8res DLX pour hommes sont le choix id\u00e9al pour les aventures en plein air exigeantes. Elles offrent une gamme de caract\u00e9ristiques essentielles pour vous assurer d&rsquo;\u00eatre toujours bien \u00e9quip\u00e9 pour vos randonn\u00e9es.<\/p>\n<\/p>\n<p>Imperm\u00e9ables : Gr\u00e2ce \u00e0 une membrane imperm\u00e9able de haute qualit\u00e9, vos pieds restent au sec, m\u00eame par mauvais temps. Fini les infiltrations d&rsquo;eau et les chaussettes mouill\u00e9es !<\/p>\n<\/p>\n<p>Respirantes : La membrane respirante permet \u00e0 l&rsquo;humidit\u00e9 de s&rsquo;\u00e9vacuer, gardant vos pieds confortablement au sec.<\/p>\n<\/p>\n<p>La languette ail\u00e9e emp\u00eache la salet\u00e9 et les d\u00e9bris de p\u00e9n\u00e9trer dans la chaussure, am\u00e9liorant le confort et gardant vos pieds propres.<\/p>\n<\/p>\n<p>Col et languette rembourr\u00e9s pour un bon maintien de la cheville : La chaussure offre un excellent maintien de la cheville tout en assurant un confort maximal, m\u00eame lors de longues randonn\u00e9es.<\/p>\n<\/p>\n<p>Respirantes. Cambrion en acier stabilisateur de la vo\u00fbte plantaire : Un cambrion en acier int\u00e9gr\u00e9 stabilise votre vo\u00fbte plantaire et offre un soutien suppl\u00e9mentaire \u00e0 vos pieds, notamment sur les terrains accident\u00e9s.<\/p>\n<\/p>\n<p>Semelle int\u00e9rieure coussin\u00e9e : La semelle int\u00e9rieure coussin\u00e9e offre une excellente absorption des chocs et un confort optimal, m\u00eame lors de longues randonn\u00e9es.<\/p>\n<\/p>\n<p>Ces chaussures de randonn\u00e9e l\u00e9g\u00e8res DLX sont con\u00e7ues pour apporter une touche de luxe et de s\u00e9curit\u00e9 \u00e0 vos aventures en plein air. Que vous partiez en randonn\u00e9e en montagne ou en promenade en for\u00eat, ces chaussures sont le choix id\u00e9al. Optez pour la qualit\u00e9 et la fonctionnalit\u00e9\u00a0: choisissez nos chaussures de randonn\u00e9e l\u00e9g\u00e8res DLX. Explorez le monde pleinement\u00a0!<\/p>\n","protected":false},"excerpt":{"rendered":"<p>Nos chaussures de randonn\u00e9e l\u00e9g\u00e8res DLX pour hommes sont le choix id\u00e9al pour les aventures en plein air exigeantes. Elles offrent une gamme de caract\u00e9ristiques essentielles pour vous assurer d&rsquo;\u00eatre toujours bien \u00e9quip\u00e9 pour vos randonn\u00e9es. Imperm\u00e9ables : Gr\u00e2ce \u00e0 une membrane imperm\u00e9able de haute qualit\u00e9, vos pieds restent au sec, m\u00eame par mauvais temps. Fini les infiltrations d&rsquo;eau et les chaussettes mouill\u00e9es ! Respirantes : La membrane respirante permet \u00e0 l&rsquo;humidit\u00e9 de s&rsquo;\u00e9vacuer, gardant&hellip;<\/p>\n","protected":false},"featured_media":162437,"comment_status":"open","ping_status":"closed","template":"","meta":[],"product_brand":[],"product_cat":[38335],"product_tag":[],"class_list":{"0":"post-255165","1":"product","2":"type-product","3":"status-publish","4":"has-post-thumbnail","6":"product_cat-wandern","7":"product_shipping_class-global_methods","9":"first","10":"instock","11":"taxable","12":"shipping-taxable","13":"purchasable","14":"product-type-simple"},"yoast_head":"<!-- This site is optimized with the Yoast SEO plugin v27.4 - https:\/\/yoast.com\/product\/yoast-seo-wordpress\/ -->\n<title>Trespass DLX RENTON - Herren Wanderschuhe | Jetzt kaufen | Schweizversand.ch<\/title>\n<meta name=\"description\" content=\"Trespass DLX RENTON - Herren Wanderschuhe g\u00fcnstig kaufen bei Schweizversand.ch. Schnelle Lieferung in der Schweiz. Gratisversand ab CHF 50.\" \/>\n<meta name=\"robots\" content=\"index, follow, max-snippet:-1, max-image-preview:large, max-video-preview:-1\" \/>\n<link rel=\"canonical\" href=\"https:\/\/schweizversand.ch\/fr\/produkt\/trespass-dlx-renton-herren-wanderschuhe\/\" \/>\n<meta property=\"og:locale\" content=\"fr_FR\" \/>\n<meta property=\"og:type\" content=\"article\" \/>\n<meta property=\"og:title\" content=\"Trespass DLX RENTON - Herren Wanderschuhe | Jetzt kaufen | Schweizversand.ch\" \/>\n<meta property=\"og:description\" content=\"Trespass DLX RENTON - Herren Wanderschuhe g\u00fcnstig kaufen bei Schweizversand.ch. Schnelle Lieferung in der Schweiz. Gratisversand ab CHF 50.\" \/>\n<meta property=\"og:url\" content=\"https:\/\/schweizversand.ch\/fr\/produkt\/trespass-dlx-renton-herren-wanderschuhe\/\" \/>\n<meta property=\"og:site_name\" content=\"Schweizer Shop f\u00fcr Sport, Spiel und Freizeit\" \/>\n<meta property=\"article:publisher\" content=\"https:\/\/www.facebook.com\/Schweizversand\" \/>\n<meta property=\"article:modified_time\" content=\"2026-04-20T00:04:02+00:00\" \/>\n<meta property=\"og:image\" content=\"https:\/\/schweizversand.ch\/wp-content\/uploads\/2026\/02\/5471699982.jpg\" \/>\n\t<meta property=\"og:image:width\" content=\"1024\" \/>\n\t<meta property=\"og:image:height\" content=\"1024\" \/>\n\t<meta property=\"og:image:type\" content=\"image\/jpeg\" \/>\n<meta name=\"twitter:card\" content=\"summary_large_image\" \/>\n<meta name=\"twitter:label1\" content=\"Dur\u00e9e de lecture estim\u00e9e\" \/>\n\t<meta name=\"twitter:data1\" content=\"1 minute\" \/>\n<script type=\"application\/ld+json\" class=\"yoast-schema-graph\">{\"@context\":\"https:\\\/\\\/schema.org\",\"@graph\":[{\"@type\":\"WebPage\",\"@id\":\"https:\\\/\\\/schweizversand.ch\\\/fr\\\/produkt\\\/trespass-dlx-renton-herren-wanderschuhe\\\/\",\"url\":\"https:\\\/\\\/schweizversand.ch\\\/fr\\\/produkt\\\/trespass-dlx-renton-herren-wanderschuhe\\\/\",\"name\":\"Trespass DLX RENTON - Herren Wanderschuhe | Jetzt kaufen | Schweizversand.ch\",\"isPartOf\":{\"@id\":\"https:\\\/\\\/schweizversand.ch\\\/fr\\\/#website\"},\"primaryImageOfPage\":{\"@id\":\"https:\\\/\\\/schweizversand.ch\\\/fr\\\/produkt\\\/trespass-dlx-renton-herren-wanderschuhe\\\/#primaryimage\"},\"image\":{\"@id\":\"https:\\\/\\\/schweizversand.ch\\\/fr\\\/produkt\\\/trespass-dlx-renton-herren-wanderschuhe\\\/#primaryimage\"},\"thumbnailUrl\":\"https:\\\/\\\/schweizversand.ch\\\/wp-content\\\/uploads\\\/2026\\\/02\\\/5471699982.jpg\",\"datePublished\":\"2026-03-14T23:56:20+00:00\",\"dateModified\":\"2026-04-20T00:04:02+00:00\",\"description\":\"Trespass DLX RENTON - Herren Wanderschuhe g\u00fcnstig kaufen bei Schweizversand.ch. Schnelle Lieferung in der Schweiz. Gratisversand ab CHF 50.\",\"breadcrumb\":{\"@id\":\"https:\\\/\\\/schweizversand.ch\\\/fr\\\/produkt\\\/trespass-dlx-renton-herren-wanderschuhe\\\/#breadcrumb\"},\"inLanguage\":\"fr-FR\",\"potentialAction\":[{\"@type\":\"ReadAction\",\"target\":[\"https:\\\/\\\/schweizversand.ch\\\/fr\\\/produkt\\\/trespass-dlx-renton-herren-wanderschuhe\\\/\"]}]},{\"@type\":\"ImageObject\",\"inLanguage\":\"fr-FR\",\"@id\":\"https:\\\/\\\/schweizversand.ch\\\/fr\\\/produkt\\\/trespass-dlx-renton-herren-wanderschuhe\\\/#primaryimage\",\"url\":\"https:\\\/\\\/schweizversand.ch\\\/wp-content\\\/uploads\\\/2026\\\/02\\\/5471699982.jpg\",\"contentUrl\":\"https:\\\/\\\/schweizversand.ch\\\/wp-content\\\/uploads\\\/2026\\\/02\\\/5471699982.jpg\",\"width\":1024,\"height\":1024},{\"@type\":\"BreadcrumbList\",\"@id\":\"https:\\\/\\\/schweizversand.ch\\\/fr\\\/produkt\\\/trespass-dlx-renton-herren-wanderschuhe\\\/#breadcrumb\",\"itemListElement\":[{\"@type\":\"ListItem\",\"position\":1,\"name\":\"Startseite\",\"item\":\"https:\\\/\\\/schweizversand.ch\\\/fr\\\/home\\\/\"},{\"@type\":\"ListItem\",\"position\":2,\"name\":\"Boutique\",\"item\":\"https:\\\/\\\/schweizversand.ch\\\/fr\\\/boutique\\\/\"},{\"@type\":\"ListItem\",\"position\":3,\"name\":\"Sports\",\"item\":\"https:\\\/\\\/schweizversand.ch\\\/fr\\\/produkt-kategorie\\\/sports\\\/\"},{\"@type\":\"ListItem\",\"position\":4,\"name\":\"Plein air\",\"item\":\"https:\\\/\\\/schweizversand.ch\\\/fr\\\/produkt-kategorie\\\/sports\\\/plein-air\\\/\"},{\"@type\":\"ListItem\",\"position\":5,\"name\":\"Randonn\u00e9e\",\"item\":\"https:\\\/\\\/schweizversand.ch\\\/fr\\\/produkt-kategorie\\\/sports\\\/plein-air\\\/wandern\\\/\"},{\"@type\":\"ListItem\",\"position\":6,\"name\":\"Bottes de randonn\u00e9e pour hommes Trespass DLX RENTON\"}]},{\"@type\":\"WebSite\",\"@id\":\"https:\\\/\\\/schweizversand.ch\\\/fr\\\/#website\",\"url\":\"https:\\\/\\\/schweizversand.ch\\\/fr\\\/\",\"name\":\"Schweizer Shop f\u00fcr Sport, Spiel und Freizeit\",\"description\":\"Gratisversand ab 50.- (netto), ab eigenem schweizer Lager, Lieferung innert 48h\",\"publisher\":{\"@id\":\"https:\\\/\\\/schweizversand.ch\\\/fr\\\/#organization\"},\"alternateName\":\"Schweizversand.ch\",\"potentialAction\":[{\"@type\":\"SearchAction\",\"target\":{\"@type\":\"EntryPoint\",\"urlTemplate\":\"https:\\\/\\\/schweizversand.ch\\\/fr\\\/?s={search_term_string}\"},\"query-input\":{\"@type\":\"PropertyValueSpecification\",\"valueRequired\":true,\"valueName\":\"search_term_string\"}}],\"inLanguage\":\"fr-FR\"},{\"@type\":\"Organization\",\"@id\":\"https:\\\/\\\/schweizversand.ch\\\/fr\\\/#organization\",\"name\":\"Schweizversand.ch\",\"url\":\"https:\\\/\\\/schweizversand.ch\\\/fr\\\/\",\"logo\":{\"@type\":\"ImageObject\",\"inLanguage\":\"fr-FR\",\"@id\":\"https:\\\/\\\/schweizversand.ch\\\/fr\\\/#\\\/schema\\\/logo\\\/image\\\/\",\"url\":\"https:\\\/\\\/schweizversand.ch\\\/wp-content\\\/uploads\\\/2026\\\/03\\\/Logo_Rund_Final-1.png\",\"contentUrl\":\"https:\\\/\\\/schweizversand.ch\\\/wp-content\\\/uploads\\\/2026\\\/03\\\/Logo_Rund_Final-1.png\",\"width\":404,\"height\":404,\"caption\":\"Schweizversand.ch\"},\"image\":{\"@id\":\"https:\\\/\\\/schweizversand.ch\\\/fr\\\/#\\\/schema\\\/logo\\\/image\\\/\"},\"sameAs\":[\"https:\\\/\\\/www.facebook.com\\\/Schweizversand\",\"https:\\\/\\\/www.instagram.com\\\/schweizversand.ch\\\/\"]}]}<\/script>\n<!-- \/ Yoast SEO plugin. -->","yoast_head_json":{"title":"Trespass DLX RENTON - Herren Wanderschuhe | Jetzt kaufen | Schweizversand.ch","description":"Trespass DLX RENTON - Herren Wanderschuhe g\u00fcnstig kaufen bei Schweizversand.ch. Schnelle Lieferung in der Schweiz. Gratisversand ab CHF 50.","robots":{"index":"index","follow":"follow","max-snippet":"max-snippet:-1","max-image-preview":"max-image-preview:large","max-video-preview":"max-video-preview:-1"},"canonical":"https:\/\/schweizversand.ch\/fr\/produkt\/trespass-dlx-renton-herren-wanderschuhe\/","og_locale":"fr_FR","og_type":"article","og_title":"Trespass DLX RENTON - Herren Wanderschuhe | Jetzt kaufen | Schweizversand.ch","og_description":"Trespass DLX RENTON - Herren Wanderschuhe g\u00fcnstig kaufen bei Schweizversand.ch. Schnelle Lieferung in der Schweiz. Gratisversand ab CHF 50.","og_url":"https:\/\/schweizversand.ch\/fr\/produkt\/trespass-dlx-renton-herren-wanderschuhe\/","og_site_name":"Schweizer Shop f\u00fcr Sport, Spiel und Freizeit","article_publisher":"https:\/\/www.facebook.com\/Schweizversand","article_modified_time":"2026-04-20T00:04:02+00:00","og_image":[{"width":1024,"height":1024,"url":"https:\/\/schweizversand.ch\/wp-content\/uploads\/2026\/02\/5471699982.jpg","type":"image\/jpeg"}],"twitter_card":"summary_large_image","twitter_misc":{"Dur\u00e9e de lecture estim\u00e9e":"1 minute"},"schema":{"@context":"https:\/\/schema.org","@graph":[{"@type":"WebPage","@id":"https:\/\/schweizversand.ch\/fr\/produkt\/trespass-dlx-renton-herren-wanderschuhe\/","url":"https:\/\/schweizversand.ch\/fr\/produkt\/trespass-dlx-renton-herren-wanderschuhe\/","name":"Trespass DLX RENTON - Herren Wanderschuhe | Jetzt kaufen | Schweizversand.ch","isPartOf":{"@id":"https:\/\/schweizversand.ch\/fr\/#website"},"primaryImageOfPage":{"@id":"https:\/\/schweizversand.ch\/fr\/produkt\/trespass-dlx-renton-herren-wanderschuhe\/#primaryimage"},"image":{"@id":"https:\/\/schweizversand.ch\/fr\/produkt\/trespass-dlx-renton-herren-wanderschuhe\/#primaryimage"},"thumbnailUrl":"https:\/\/schweizversand.ch\/wp-content\/uploads\/2026\/02\/5471699982.jpg","datePublished":"2026-03-14T23:56:20+00:00","dateModified":"2026-04-20T00:04:02+00:00","description":"Trespass DLX RENTON - Herren Wanderschuhe g\u00fcnstig kaufen bei Schweizversand.ch. Schnelle Lieferung in der Schweiz. Gratisversand ab CHF 50.","breadcrumb":{"@id":"https:\/\/schweizversand.ch\/fr\/produkt\/trespass-dlx-renton-herren-wanderschuhe\/#breadcrumb"},"inLanguage":"fr-FR","potentialAction":[{"@type":"ReadAction","target":["https:\/\/schweizversand.ch\/fr\/produkt\/trespass-dlx-renton-herren-wanderschuhe\/"]}]},{"@type":"ImageObject","inLanguage":"fr-FR","@id":"https:\/\/schweizversand.ch\/fr\/produkt\/trespass-dlx-renton-herren-wanderschuhe\/#primaryimage","url":"https:\/\/schweizversand.ch\/wp-content\/uploads\/2026\/02\/5471699982.jpg","contentUrl":"https:\/\/schweizversand.ch\/wp-content\/uploads\/2026\/02\/5471699982.jpg","width":1024,"height":1024},{"@type":"BreadcrumbList","@id":"https:\/\/schweizversand.ch\/fr\/produkt\/trespass-dlx-renton-herren-wanderschuhe\/#breadcrumb","itemListElement":[{"@type":"ListItem","position":1,"name":"Startseite","item":"https:\/\/schweizversand.ch\/fr\/home\/"},{"@type":"ListItem","position":2,"name":"Boutique","item":"https:\/\/schweizversand.ch\/fr\/boutique\/"},{"@type":"ListItem","position":3,"name":"Sports","item":"https:\/\/schweizversand.ch\/fr\/produkt-kategorie\/sports\/"},{"@type":"ListItem","position":4,"name":"Plein air","item":"https:\/\/schweizversand.ch\/fr\/produkt-kategorie\/sports\/plein-air\/"},{"@type":"ListItem","position":5,"name":"Randonn\u00e9e","item":"https:\/\/schweizversand.ch\/fr\/produkt-kategorie\/sports\/plein-air\/wandern\/"},{"@type":"ListItem","position":6,"name":"Bottes de randonn\u00e9e pour hommes Trespass DLX RENTON"}]},{"@type":"WebSite","@id":"https:\/\/schweizversand.ch\/fr\/#website","url":"https:\/\/schweizversand.ch\/fr\/","name":"Schweizer Shop f\u00fcr Sport, Spiel und Freizeit","description":"Gratisversand ab 50.- (netto), ab eigenem schweizer Lager, Lieferung innert 48h","publisher":{"@id":"https:\/\/schweizversand.ch\/fr\/#organization"},"alternateName":"Schweizversand.ch","potentialAction":[{"@type":"SearchAction","target":{"@type":"EntryPoint","urlTemplate":"https:\/\/schweizversand.ch\/fr\/?s={search_term_string}"},"query-input":{"@type":"PropertyValueSpecification","valueRequired":true,"valueName":"search_term_string"}}],"inLanguage":"fr-FR"},{"@type":"Organization","@id":"https:\/\/schweizversand.ch\/fr\/#organization","name":"Schweizversand.ch","url":"https:\/\/schweizversand.ch\/fr\/","logo":{"@type":"ImageObject","inLanguage":"fr-FR","@id":"https:\/\/schweizversand.ch\/fr\/#\/schema\/logo\/image\/","url":"https:\/\/schweizversand.ch\/wp-content\/uploads\/2026\/03\/Logo_Rund_Final-1.png","contentUrl":"https:\/\/schweizversand.ch\/wp-content\/uploads\/2026\/03\/Logo_Rund_Final-1.png","width":404,"height":404,"caption":"Schweizversand.ch"},"image":{"@id":"https:\/\/schweizversand.ch\/fr\/#\/schema\/logo\/image\/"},"sameAs":["https:\/\/www.facebook.com\/Schweizversand","https:\/\/www.instagram.com\/schweizversand.ch\/"]}]}},"jetpack_sharing_enabled":true,"_links":{"self":[{"href":"https:\/\/schweizversand.ch\/fr\/wp-json\/wp\/v2\/product\/255165","targetHints":{"allow":["GET"]}}],"collection":[{"href":"https:\/\/schweizversand.ch\/fr\/wp-json\/wp\/v2\/product"}],"about":[{"href":"https:\/\/schweizversand.ch\/fr\/wp-json\/wp\/v2\/types\/product"}],"replies":[{"embeddable":true,"href":"https:\/\/schweizversand.ch\/fr\/wp-json\/wp\/v2\/comments?post=255165"}],"wp:featuredmedia":[{"embeddable":true,"href":"https:\/\/schweizversand.ch\/fr\/wp-json\/wp\/v2\/media\/162437"}],"wp:attachment":[{"href":"https:\/\/schweizversand.ch\/fr\/wp-json\/wp\/v2\/media?parent=255165"}],"wp:term":[{"taxonomy":"product_brand","embeddable":true,"href":"https:\/\/schweizversand.ch\/fr\/wp-json\/wp\/v2\/product_brand?post=255165"},{"taxonomy":"product_cat","embeddable":true,"href":"https:\/\/schweizversand.ch\/fr\/wp-json\/wp\/v2\/product_cat?post=255165"},{"taxonomy":"product_tag","embeddable":true,"href":"https:\/\/schweizversand.ch\/fr\/wp-json\/wp\/v2\/product_tag?post=255165"}],"curies":[{"name":"wp","href":"https:\/\/api.w.org\/{rel}","templated":true}]}}