{"id":255228,"date":"2026-03-15T00:56:51","date_gmt":"2026-03-14T23:56:51","guid":{"rendered":"https:\/\/schweizversand.ch\/produkt\/puma-damen-trainingsjacke-teamgoal-23\/"},"modified":"2026-04-20T02:04:16","modified_gmt":"2026-04-20T00:04:16","slug":"puma-damen-trainingsjacke-teamgoal-23","status":"publish","type":"product","link":"https:\/\/schweizversand.ch\/fr\/produkt\/puma-damen-trainingsjacke-teamgoal-23\/","title":{"rendered":"Veste d&rsquo;entra\u00eenement Puma pour femme TeamGoal 23"},"content":{"rendered":"<p>La veste \u00e0 capuche grise TeamGoal pour femme de PUMA est l&rsquo;\u00e9quipement id\u00e9al pour optimiser vos performances.<\/p>\n<\/p>\n<p>Nous vous recommandons cette veste d&rsquo;entra\u00eenement TeamGoal respirante, l\u00e9g\u00e8re et incroyablement confortable. D\u00e9couvrez le confort de cette veste \u00e0 capuche sign\u00e9e PUMA, fabricant allemand de v\u00eatements de sport de renomm\u00e9e mondiale, fond\u00e9 en 1948.<\/p>\n<\/p>\n<p>Cette veste \u00e0 manches longues est dot\u00e9e d&rsquo;un col rond simple, de poches lat\u00e9rales et d&rsquo;une fermeture \u00e9clair. La capuche \u00e0 cordon de serrage vous prot\u00e8ge des intemp\u00e9ries et du vent. Cette veste est con\u00e7ue pour booster vos performances.<\/p>\n<\/p>\n<p>D\u00e9tails :<\/p>\n<\/p>\n<p>\u2022 Mati\u00e8res :<\/p>\n<\/p>\n<p>&#8211; Doublure de la capuche : 100 % coton<\/p>\n<\/p>\n<p>Poignets c\u00f4tel\u00e9s : 97 % coton, 3 % \u00e9lasthanne<\/p>\n<\/p>\n<p>Veste : 68 % coton, 32 % polyester<\/p>\n<\/p>\n<p>\u2022 Coupe classique<\/p>\n<\/p>\n<p>\u2022 Fermeture \u00e9clair int\u00e9grale<\/p>\n<\/p>\n<p>\u2022 Capuche \u00e0 cordon de serrage pour un ajustement personnalis\u00e9<\/p>\n<\/p>\n<p>\u2022 Poche kangourou<\/p>\n<\/p>\n<p>\u2022 Poignets et ourlet c\u00f4tel\u00e9s<\/p>\n<\/p>\n<p>\u2022 Logo du fabricant brod\u00e9<\/p>\n","protected":false},"excerpt":{"rendered":"<p>La veste \u00e0 capuche grise TeamGoal pour femme de PUMA est l&rsquo;\u00e9quipement id\u00e9al pour optimiser vos performances. Nous vous recommandons cette veste d&rsquo;entra\u00eenement TeamGoal respirante, l\u00e9g\u00e8re et incroyablement confortable. D\u00e9couvrez le confort de cette veste \u00e0 capuche sign\u00e9e PUMA, fabricant allemand de v\u00eatements de sport de renomm\u00e9e mondiale, fond\u00e9 en 1948. Cette veste \u00e0 manches longues est dot\u00e9e d&rsquo;un col rond simple, de poches lat\u00e9rales et d&rsquo;une fermeture \u00e9clair. La capuche \u00e0 cordon de serrage&hellip;<\/p>\n","protected":false},"featured_media":164234,"comment_status":"open","ping_status":"closed","template":"","meta":[],"product_brand":[],"product_cat":[38520],"product_tag":[],"class_list":{"0":"post-255228","1":"product","2":"type-product","3":"status-publish","4":"has-post-thumbnail","6":"product_cat-fitness-textilien","7":"product_shipping_class-global_methods","9":"first","10":"instock","11":"taxable","12":"shipping-taxable","13":"purchasable","14":"product-type-simple"},"yoast_head":"<!-- This site is optimized with the Yoast SEO plugin v27.4 - https:\/\/yoast.com\/product\/yoast-seo-wordpress\/ -->\n<title>Puma Damen Trainingsjacke TeamGoal 23 | Jetzt kaufen | Schweizversand.ch<\/title>\n<meta name=\"description\" content=\"Puma Damen Trainingsjacke TeamGoal 23 g\u00fcnstig kaufen bei Schweizversand.ch. Schnelle Lieferung in der Schweiz. Gratisversand ab CHF 50.\" \/>\n<meta name=\"robots\" content=\"index, follow, max-snippet:-1, max-image-preview:large, max-video-preview:-1\" \/>\n<link rel=\"canonical\" href=\"https:\/\/schweizversand.ch\/fr\/produkt\/puma-damen-trainingsjacke-teamgoal-23\/\" \/>\n<meta property=\"og:locale\" content=\"fr_FR\" \/>\n<meta property=\"og:type\" content=\"article\" \/>\n<meta property=\"og:title\" content=\"Puma Damen Trainingsjacke TeamGoal 23 | Jetzt kaufen | Schweizversand.ch\" \/>\n<meta property=\"og:description\" content=\"Puma Damen Trainingsjacke TeamGoal 23 g\u00fcnstig kaufen bei Schweizversand.ch. Schnelle Lieferung in der Schweiz. Gratisversand ab CHF 50.\" \/>\n<meta property=\"og:url\" content=\"https:\/\/schweizversand.ch\/fr\/produkt\/puma-damen-trainingsjacke-teamgoal-23\/\" \/>\n<meta property=\"og:site_name\" content=\"Schweizer Shop f\u00fcr Sport, Spiel und Freizeit\" \/>\n<meta property=\"article:publisher\" content=\"https:\/\/www.facebook.com\/Schweizversand\" \/>\n<meta property=\"article:modified_time\" content=\"2026-04-20T00:04:16+00:00\" \/>\n<meta property=\"og:image\" content=\"https:\/\/schweizversand.ch\/wp-content\/uploads\/2026\/02\/5471817220.jpg\" \/>\n\t<meta property=\"og:image:width\" content=\"702\" \/>\n\t<meta property=\"og:image:height\" content=\"1024\" \/>\n\t<meta property=\"og:image:type\" content=\"image\/jpeg\" \/>\n<meta name=\"twitter:card\" content=\"summary_large_image\" \/>\n<meta name=\"twitter:label1\" content=\"Dur\u00e9e de lecture estim\u00e9e\" \/>\n\t<meta name=\"twitter:data1\" content=\"1 minute\" \/>\n<script type=\"application\/ld+json\" class=\"yoast-schema-graph\">{\"@context\":\"https:\\\/\\\/schema.org\",\"@graph\":[{\"@type\":\"WebPage\",\"@id\":\"https:\\\/\\\/schweizversand.ch\\\/fr\\\/produkt\\\/puma-damen-trainingsjacke-teamgoal-23\\\/\",\"url\":\"https:\\\/\\\/schweizversand.ch\\\/fr\\\/produkt\\\/puma-damen-trainingsjacke-teamgoal-23\\\/\",\"name\":\"Puma Damen Trainingsjacke TeamGoal 23 | Jetzt kaufen | Schweizversand.ch\",\"isPartOf\":{\"@id\":\"https:\\\/\\\/schweizversand.ch\\\/fr\\\/#website\"},\"primaryImageOfPage\":{\"@id\":\"https:\\\/\\\/schweizversand.ch\\\/fr\\\/produkt\\\/puma-damen-trainingsjacke-teamgoal-23\\\/#primaryimage\"},\"image\":{\"@id\":\"https:\\\/\\\/schweizversand.ch\\\/fr\\\/produkt\\\/puma-damen-trainingsjacke-teamgoal-23\\\/#primaryimage\"},\"thumbnailUrl\":\"https:\\\/\\\/schweizversand.ch\\\/wp-content\\\/uploads\\\/2026\\\/02\\\/5471817220.jpg\",\"datePublished\":\"2026-03-14T23:56:51+00:00\",\"dateModified\":\"2026-04-20T00:04:16+00:00\",\"description\":\"Puma Damen Trainingsjacke TeamGoal 23 g\u00fcnstig kaufen bei Schweizversand.ch. Schnelle Lieferung in der Schweiz. Gratisversand ab CHF 50.\",\"breadcrumb\":{\"@id\":\"https:\\\/\\\/schweizversand.ch\\\/fr\\\/produkt\\\/puma-damen-trainingsjacke-teamgoal-23\\\/#breadcrumb\"},\"inLanguage\":\"fr-FR\",\"potentialAction\":[{\"@type\":\"ReadAction\",\"target\":[\"https:\\\/\\\/schweizversand.ch\\\/fr\\\/produkt\\\/puma-damen-trainingsjacke-teamgoal-23\\\/\"]}]},{\"@type\":\"ImageObject\",\"inLanguage\":\"fr-FR\",\"@id\":\"https:\\\/\\\/schweizversand.ch\\\/fr\\\/produkt\\\/puma-damen-trainingsjacke-teamgoal-23\\\/#primaryimage\",\"url\":\"https:\\\/\\\/schweizversand.ch\\\/wp-content\\\/uploads\\\/2026\\\/02\\\/5471817220.jpg\",\"contentUrl\":\"https:\\\/\\\/schweizversand.ch\\\/wp-content\\\/uploads\\\/2026\\\/02\\\/5471817220.jpg\",\"width\":702,\"height\":1024},{\"@type\":\"BreadcrumbList\",\"@id\":\"https:\\\/\\\/schweizversand.ch\\\/fr\\\/produkt\\\/puma-damen-trainingsjacke-teamgoal-23\\\/#breadcrumb\",\"itemListElement\":[{\"@type\":\"ListItem\",\"position\":1,\"name\":\"Startseite\",\"item\":\"https:\\\/\\\/schweizversand.ch\\\/fr\\\/home\\\/\"},{\"@type\":\"ListItem\",\"position\":2,\"name\":\"Boutique\",\"item\":\"https:\\\/\\\/schweizversand.ch\\\/fr\\\/boutique\\\/\"},{\"@type\":\"ListItem\",\"position\":3,\"name\":\"Sports\",\"item\":\"https:\\\/\\\/schweizversand.ch\\\/fr\\\/produkt-kategorie\\\/sports\\\/\"},{\"@type\":\"ListItem\",\"position\":4,\"name\":\"Fitness\",\"item\":\"https:\\\/\\\/schweizversand.ch\\\/fr\\\/produkt-kategorie\\\/sports\\\/fitness\\\/\"},{\"@type\":\"ListItem\",\"position\":5,\"name\":\"Textiles de fitness\",\"item\":\"https:\\\/\\\/schweizversand.ch\\\/fr\\\/produkt-kategorie\\\/sports\\\/fitness\\\/fitness-textilien\\\/\"},{\"@type\":\"ListItem\",\"position\":6,\"name\":\"Veste d&#8217;entra\u00eenement Puma pour femme TeamGoal 23\"}]},{\"@type\":\"WebSite\",\"@id\":\"https:\\\/\\\/schweizversand.ch\\\/fr\\\/#website\",\"url\":\"https:\\\/\\\/schweizversand.ch\\\/fr\\\/\",\"name\":\"Schweizer Shop f\u00fcr Sport, Spiel und Freizeit\",\"description\":\"Gratisversand ab 50.- (netto), ab eigenem schweizer Lager, Lieferung innert 48h\",\"publisher\":{\"@id\":\"https:\\\/\\\/schweizversand.ch\\\/fr\\\/#organization\"},\"alternateName\":\"Schweizversand.ch\",\"potentialAction\":[{\"@type\":\"SearchAction\",\"target\":{\"@type\":\"EntryPoint\",\"urlTemplate\":\"https:\\\/\\\/schweizversand.ch\\\/fr\\\/?s={search_term_string}\"},\"query-input\":{\"@type\":\"PropertyValueSpecification\",\"valueRequired\":true,\"valueName\":\"search_term_string\"}}],\"inLanguage\":\"fr-FR\"},{\"@type\":\"Organization\",\"@id\":\"https:\\\/\\\/schweizversand.ch\\\/fr\\\/#organization\",\"name\":\"Schweizversand.ch\",\"url\":\"https:\\\/\\\/schweizversand.ch\\\/fr\\\/\",\"logo\":{\"@type\":\"ImageObject\",\"inLanguage\":\"fr-FR\",\"@id\":\"https:\\\/\\\/schweizversand.ch\\\/fr\\\/#\\\/schema\\\/logo\\\/image\\\/\",\"url\":\"https:\\\/\\\/schweizversand.ch\\\/wp-content\\\/uploads\\\/2026\\\/03\\\/Logo_Rund_Final-1.png\",\"contentUrl\":\"https:\\\/\\\/schweizversand.ch\\\/wp-content\\\/uploads\\\/2026\\\/03\\\/Logo_Rund_Final-1.png\",\"width\":404,\"height\":404,\"caption\":\"Schweizversand.ch\"},\"image\":{\"@id\":\"https:\\\/\\\/schweizversand.ch\\\/fr\\\/#\\\/schema\\\/logo\\\/image\\\/\"},\"sameAs\":[\"https:\\\/\\\/www.facebook.com\\\/Schweizversand\",\"https:\\\/\\\/www.instagram.com\\\/schweizversand.ch\\\/\"]}]}<\/script>\n<!-- \/ Yoast SEO plugin. -->","yoast_head_json":{"title":"Puma Damen Trainingsjacke TeamGoal 23 | Jetzt kaufen | Schweizversand.ch","description":"Puma Damen Trainingsjacke TeamGoal 23 g\u00fcnstig kaufen bei Schweizversand.ch. Schnelle Lieferung in der Schweiz. Gratisversand ab CHF 50.","robots":{"index":"index","follow":"follow","max-snippet":"max-snippet:-1","max-image-preview":"max-image-preview:large","max-video-preview":"max-video-preview:-1"},"canonical":"https:\/\/schweizversand.ch\/fr\/produkt\/puma-damen-trainingsjacke-teamgoal-23\/","og_locale":"fr_FR","og_type":"article","og_title":"Puma Damen Trainingsjacke TeamGoal 23 | Jetzt kaufen | Schweizversand.ch","og_description":"Puma Damen Trainingsjacke TeamGoal 23 g\u00fcnstig kaufen bei Schweizversand.ch. Schnelle Lieferung in der Schweiz. Gratisversand ab CHF 50.","og_url":"https:\/\/schweizversand.ch\/fr\/produkt\/puma-damen-trainingsjacke-teamgoal-23\/","og_site_name":"Schweizer Shop f\u00fcr Sport, Spiel und Freizeit","article_publisher":"https:\/\/www.facebook.com\/Schweizversand","article_modified_time":"2026-04-20T00:04:16+00:00","og_image":[{"width":702,"height":1024,"url":"https:\/\/schweizversand.ch\/wp-content\/uploads\/2026\/02\/5471817220.jpg","type":"image\/jpeg"}],"twitter_card":"summary_large_image","twitter_misc":{"Dur\u00e9e de lecture estim\u00e9e":"1 minute"},"schema":{"@context":"https:\/\/schema.org","@graph":[{"@type":"WebPage","@id":"https:\/\/schweizversand.ch\/fr\/produkt\/puma-damen-trainingsjacke-teamgoal-23\/","url":"https:\/\/schweizversand.ch\/fr\/produkt\/puma-damen-trainingsjacke-teamgoal-23\/","name":"Puma Damen Trainingsjacke TeamGoal 23 | Jetzt kaufen | Schweizversand.ch","isPartOf":{"@id":"https:\/\/schweizversand.ch\/fr\/#website"},"primaryImageOfPage":{"@id":"https:\/\/schweizversand.ch\/fr\/produkt\/puma-damen-trainingsjacke-teamgoal-23\/#primaryimage"},"image":{"@id":"https:\/\/schweizversand.ch\/fr\/produkt\/puma-damen-trainingsjacke-teamgoal-23\/#primaryimage"},"thumbnailUrl":"https:\/\/schweizversand.ch\/wp-content\/uploads\/2026\/02\/5471817220.jpg","datePublished":"2026-03-14T23:56:51+00:00","dateModified":"2026-04-20T00:04:16+00:00","description":"Puma Damen Trainingsjacke TeamGoal 23 g\u00fcnstig kaufen bei Schweizversand.ch. Schnelle Lieferung in der Schweiz. Gratisversand ab CHF 50.","breadcrumb":{"@id":"https:\/\/schweizversand.ch\/fr\/produkt\/puma-damen-trainingsjacke-teamgoal-23\/#breadcrumb"},"inLanguage":"fr-FR","potentialAction":[{"@type":"ReadAction","target":["https:\/\/schweizversand.ch\/fr\/produkt\/puma-damen-trainingsjacke-teamgoal-23\/"]}]},{"@type":"ImageObject","inLanguage":"fr-FR","@id":"https:\/\/schweizversand.ch\/fr\/produkt\/puma-damen-trainingsjacke-teamgoal-23\/#primaryimage","url":"https:\/\/schweizversand.ch\/wp-content\/uploads\/2026\/02\/5471817220.jpg","contentUrl":"https:\/\/schweizversand.ch\/wp-content\/uploads\/2026\/02\/5471817220.jpg","width":702,"height":1024},{"@type":"BreadcrumbList","@id":"https:\/\/schweizversand.ch\/fr\/produkt\/puma-damen-trainingsjacke-teamgoal-23\/#breadcrumb","itemListElement":[{"@type":"ListItem","position":1,"name":"Startseite","item":"https:\/\/schweizversand.ch\/fr\/home\/"},{"@type":"ListItem","position":2,"name":"Boutique","item":"https:\/\/schweizversand.ch\/fr\/boutique\/"},{"@type":"ListItem","position":3,"name":"Sports","item":"https:\/\/schweizversand.ch\/fr\/produkt-kategorie\/sports\/"},{"@type":"ListItem","position":4,"name":"Fitness","item":"https:\/\/schweizversand.ch\/fr\/produkt-kategorie\/sports\/fitness\/"},{"@type":"ListItem","position":5,"name":"Textiles de fitness","item":"https:\/\/schweizversand.ch\/fr\/produkt-kategorie\/sports\/fitness\/fitness-textilien\/"},{"@type":"ListItem","position":6,"name":"Veste d&#8217;entra\u00eenement Puma pour femme TeamGoal 23"}]},{"@type":"WebSite","@id":"https:\/\/schweizversand.ch\/fr\/#website","url":"https:\/\/schweizversand.ch\/fr\/","name":"Schweizer Shop f\u00fcr Sport, Spiel und Freizeit","description":"Gratisversand ab 50.- (netto), ab eigenem schweizer Lager, Lieferung innert 48h","publisher":{"@id":"https:\/\/schweizversand.ch\/fr\/#organization"},"alternateName":"Schweizversand.ch","potentialAction":[{"@type":"SearchAction","target":{"@type":"EntryPoint","urlTemplate":"https:\/\/schweizversand.ch\/fr\/?s={search_term_string}"},"query-input":{"@type":"PropertyValueSpecification","valueRequired":true,"valueName":"search_term_string"}}],"inLanguage":"fr-FR"},{"@type":"Organization","@id":"https:\/\/schweizversand.ch\/fr\/#organization","name":"Schweizversand.ch","url":"https:\/\/schweizversand.ch\/fr\/","logo":{"@type":"ImageObject","inLanguage":"fr-FR","@id":"https:\/\/schweizversand.ch\/fr\/#\/schema\/logo\/image\/","url":"https:\/\/schweizversand.ch\/wp-content\/uploads\/2026\/03\/Logo_Rund_Final-1.png","contentUrl":"https:\/\/schweizversand.ch\/wp-content\/uploads\/2026\/03\/Logo_Rund_Final-1.png","width":404,"height":404,"caption":"Schweizversand.ch"},"image":{"@id":"https:\/\/schweizversand.ch\/fr\/#\/schema\/logo\/image\/"},"sameAs":["https:\/\/www.facebook.com\/Schweizversand","https:\/\/www.instagram.com\/schweizversand.ch\/"]}]}},"jetpack_sharing_enabled":true,"_links":{"self":[{"href":"https:\/\/schweizversand.ch\/fr\/wp-json\/wp\/v2\/product\/255228","targetHints":{"allow":["GET"]}}],"collection":[{"href":"https:\/\/schweizversand.ch\/fr\/wp-json\/wp\/v2\/product"}],"about":[{"href":"https:\/\/schweizversand.ch\/fr\/wp-json\/wp\/v2\/types\/product"}],"replies":[{"embeddable":true,"href":"https:\/\/schweizversand.ch\/fr\/wp-json\/wp\/v2\/comments?post=255228"}],"wp:featuredmedia":[{"embeddable":true,"href":"https:\/\/schweizversand.ch\/fr\/wp-json\/wp\/v2\/media\/164234"}],"wp:attachment":[{"href":"https:\/\/schweizversand.ch\/fr\/wp-json\/wp\/v2\/media?parent=255228"}],"wp:term":[{"taxonomy":"product_brand","embeddable":true,"href":"https:\/\/schweizversand.ch\/fr\/wp-json\/wp\/v2\/product_brand?post=255228"},{"taxonomy":"product_cat","embeddable":true,"href":"https:\/\/schweizversand.ch\/fr\/wp-json\/wp\/v2\/product_cat?post=255228"},{"taxonomy":"product_tag","embeddable":true,"href":"https:\/\/schweizversand.ch\/fr\/wp-json\/wp\/v2\/product_tag?post=255228"}],"curies":[{"name":"wp","href":"https:\/\/api.w.org\/{rel}","templated":true}]}}