{"id":255231,"date":"2026-03-15T00:56:51","date_gmt":"2026-03-14T23:56:51","guid":{"rendered":"https:\/\/schweizversand.ch\/produkt\/dress-for-fun-kinder-t-shirt\/"},"modified":"2026-04-20T02:04:16","modified_gmt":"2026-04-20T00:04:16","slug":"dress-for-fun-kinder-t-shirt","status":"publish","type":"product","link":"https:\/\/schweizversand.ch\/fr\/produkt\/dress-for-fun-kinder-t-shirt\/","title":{"rendered":"T-shirt enfant \u00ab\u00a0Dress for Fun\u00a0\u00bb"},"content":{"rendered":"<h1><strong>T-shirt enfant uni \u2013 Confortable et polyvalent au quotidien<\/strong><\/h1>\n<div>D\u00e9couvrez le <strong>T-shirt enfant<\/strong> id\u00e9al pour le quotidien de votre petit. Ce <strong>T-shirt enfant uni<\/strong> est un basique indispensable, parfait pour l&rsquo;\u00e9cole, les loisirs et le sport. Son design simple et intemporel s\u00e9duit.<\/p>\n<\/div>\n<div><strong>Confort et coupe<\/strong><br \/>Sa <strong>coupe droite classique<\/strong> garantit un <strong>confort optimal<\/strong> et offre \u00e0 vos enfants une grande libert\u00e9 de mouvement pour toutes leurs aventures. Ni trop serr\u00e9, ni trop ample, ce <strong>T-shirt enfant confortable<\/strong> n&rsquo;entrave pas leurs mouvements et les accompagne dans toutes leurs activit\u00e9s, que ce soit dans la cour de r\u00e9cr\u00e9ation, en cours d&rsquo;EPS ou en jouant avec leurs amis. Il reste toujours confortable et la coupe est parfaite.<\/p>\n<\/div>\n<div><strong>Mati\u00e8res et toucher de haute qualit\u00e9<\/strong><br \/>Gr\u00e2ce \u00e0 son col rond de haute qualit\u00e9 et ses poignets c\u00f4tel\u00e9s, ce t-shirt basique pour enfant offre un confort exceptionnel et une sensation agr\u00e9able sur la peau tout au long de la journ\u00e9e. Le tissu doux procure un toucher particuli\u00e8rement agr\u00e9able, tandis que la mati\u00e8re r\u00e9sistante est robuste et supporte les lavages fr\u00e9quents. M\u00eame apr\u00e8s de nombreuses aventures, ce t-shirt enfant conserve sa forme et son aspect impeccable.<\/p>\n<\/div>\n<div><strong>Utilisations multiples<\/strong><br \/>Avec son design simple, ce t-shirt enfant est id\u00e9al au quotidien ou comme base pour des tenues et des d\u00e9guisements cr\u00e9atifs. Port\u00e9 sous une veste, avec une salopette ou int\u00e9gr\u00e9 \u00e0 un costume, il est un compagnon polyvalent pour toutes les occasions. Il peut \u00e9galement \u00eatre port\u00e9 avec \u00e9l\u00e9gance lors d&rsquo;\u00e9v\u00e9nements sp\u00e9ciaux, de f\u00eates scolaires ou d&rsquo;\u00e9v\u00e9nements sportifs. Mati\u00e8re : 100 % coton. Points forts : T-shirt uni pour enfant ; coupe droite classique ; Tissu r\u00e9sistant et tr\u00e8s confortable\u00a0; col rond avec poignets c\u00f4tel\u00e9s\u00a0; id\u00e9al pour de nombreuses tenues et occasions. Ce t-shirt enfant, facile d&rsquo;entretien, durable et confortable, est un indispensable de la garde-robe de chaque enfant. Un choix id\u00e9al pour les parents soucieux de la qualit\u00e9 et du confort.<\/p>\n","protected":false},"excerpt":{"rendered":"<p>T-shirt enfant uni \u2013 Confortable et polyvalent au quotidien D\u00e9couvrez le T-shirt enfant id\u00e9al pour le quotidien de votre petit. Ce T-shirt enfant uni est un basique indispensable, parfait pour l&rsquo;\u00e9cole, les loisirs et le sport. Son design simple et intemporel s\u00e9duit. Confort et coupeSa coupe droite classique garantit un confort optimal et offre \u00e0 vos enfants une grande libert\u00e9 de mouvement pour toutes leurs aventures. Ni trop serr\u00e9, ni trop ample, ce T-shirt enfant&hellip;<\/p>\n","protected":false},"featured_media":164248,"comment_status":"open","ping_status":"closed","template":"","meta":[],"product_brand":[],"product_cat":[38123,38957],"product_tag":[],"class_list":{"0":"post-255231","1":"product","2":"type-product","3":"status-publish","4":"has-post-thumbnail","6":"product_cat-costumes","7":"product_cat-kostueme","8":"product_shipping_class-global_methods","10":"first","11":"instock","12":"taxable","13":"shipping-taxable","14":"purchasable","15":"product-type-simple"},"yoast_head":"<!-- This site is optimized with the Yoast SEO plugin v27.4 - https:\/\/yoast.com\/product\/yoast-seo-wordpress\/ -->\n<title>Dress for fun Kinder T-Shirt | Jetzt kaufen | Schweizversand.ch<\/title>\n<meta name=\"description\" content=\"Dress for fun Kinder T-Shirt g\u00fcnstig kaufen bei Schweizversand.ch. Schnelle Lieferung in der Schweiz. Gratisversand ab CHF 50.\" \/>\n<meta name=\"robots\" content=\"index, follow, max-snippet:-1, max-image-preview:large, max-video-preview:-1\" \/>\n<link rel=\"canonical\" href=\"https:\/\/schweizversand.ch\/fr\/produkt\/dress-for-fun-kinder-t-shirt\/\" \/>\n<meta property=\"og:locale\" content=\"fr_FR\" \/>\n<meta property=\"og:type\" content=\"article\" \/>\n<meta property=\"og:title\" content=\"Dress for fun Kinder T-Shirt | Jetzt kaufen | Schweizversand.ch\" \/>\n<meta property=\"og:description\" content=\"Dress for fun Kinder T-Shirt g\u00fcnstig kaufen bei Schweizversand.ch. Schnelle Lieferung in der Schweiz. Gratisversand ab CHF 50.\" \/>\n<meta property=\"og:url\" content=\"https:\/\/schweizversand.ch\/fr\/produkt\/dress-for-fun-kinder-t-shirt\/\" \/>\n<meta property=\"og:site_name\" content=\"Schweizer Shop f\u00fcr Sport, Spiel und Freizeit\" \/>\n<meta property=\"article:publisher\" content=\"https:\/\/www.facebook.com\/Schweizversand\" \/>\n<meta property=\"article:modified_time\" content=\"2026-04-20T00:04:16+00:00\" \/>\n<meta property=\"og:image\" content=\"https:\/\/schweizversand.ch\/wp-content\/uploads\/2026\/02\/5502976540.jpg\" \/>\n\t<meta property=\"og:image:width\" content=\"627\" \/>\n\t<meta property=\"og:image:height\" content=\"1024\" \/>\n\t<meta property=\"og:image:type\" content=\"image\/jpeg\" \/>\n<meta name=\"twitter:card\" content=\"summary_large_image\" \/>\n<meta name=\"twitter:label1\" content=\"Dur\u00e9e de lecture estim\u00e9e\" \/>\n\t<meta name=\"twitter:data1\" content=\"2 minutes\" \/>\n<script type=\"application\/ld+json\" class=\"yoast-schema-graph\">{\"@context\":\"https:\\\/\\\/schema.org\",\"@graph\":[{\"@type\":\"WebPage\",\"@id\":\"https:\\\/\\\/schweizversand.ch\\\/fr\\\/produkt\\\/dress-for-fun-kinder-t-shirt\\\/\",\"url\":\"https:\\\/\\\/schweizversand.ch\\\/fr\\\/produkt\\\/dress-for-fun-kinder-t-shirt\\\/\",\"name\":\"Dress for fun Kinder T-Shirt | Jetzt kaufen | Schweizversand.ch\",\"isPartOf\":{\"@id\":\"https:\\\/\\\/schweizversand.ch\\\/fr\\\/#website\"},\"primaryImageOfPage\":{\"@id\":\"https:\\\/\\\/schweizversand.ch\\\/fr\\\/produkt\\\/dress-for-fun-kinder-t-shirt\\\/#primaryimage\"},\"image\":{\"@id\":\"https:\\\/\\\/schweizversand.ch\\\/fr\\\/produkt\\\/dress-for-fun-kinder-t-shirt\\\/#primaryimage\"},\"thumbnailUrl\":\"https:\\\/\\\/schweizversand.ch\\\/wp-content\\\/uploads\\\/2026\\\/02\\\/5502976540.jpg\",\"datePublished\":\"2026-03-14T23:56:51+00:00\",\"dateModified\":\"2026-04-20T00:04:16+00:00\",\"description\":\"Dress for fun Kinder T-Shirt g\u00fcnstig kaufen bei Schweizversand.ch. Schnelle Lieferung in der Schweiz. Gratisversand ab CHF 50.\",\"breadcrumb\":{\"@id\":\"https:\\\/\\\/schweizversand.ch\\\/fr\\\/produkt\\\/dress-for-fun-kinder-t-shirt\\\/#breadcrumb\"},\"inLanguage\":\"fr-FR\",\"potentialAction\":[{\"@type\":\"ReadAction\",\"target\":[\"https:\\\/\\\/schweizversand.ch\\\/fr\\\/produkt\\\/dress-for-fun-kinder-t-shirt\\\/\"]}]},{\"@type\":\"ImageObject\",\"inLanguage\":\"fr-FR\",\"@id\":\"https:\\\/\\\/schweizversand.ch\\\/fr\\\/produkt\\\/dress-for-fun-kinder-t-shirt\\\/#primaryimage\",\"url\":\"https:\\\/\\\/schweizversand.ch\\\/wp-content\\\/uploads\\\/2026\\\/02\\\/5502976540.jpg\",\"contentUrl\":\"https:\\\/\\\/schweizversand.ch\\\/wp-content\\\/uploads\\\/2026\\\/02\\\/5502976540.jpg\",\"width\":627,\"height\":1024},{\"@type\":\"BreadcrumbList\",\"@id\":\"https:\\\/\\\/schweizversand.ch\\\/fr\\\/produkt\\\/dress-for-fun-kinder-t-shirt\\\/#breadcrumb\",\"itemListElement\":[{\"@type\":\"ListItem\",\"position\":1,\"name\":\"Startseite\",\"item\":\"https:\\\/\\\/schweizversand.ch\\\/fr\\\/home\\\/\"},{\"@type\":\"ListItem\",\"position\":2,\"name\":\"Boutique\",\"item\":\"https:\\\/\\\/schweizversand.ch\\\/fr\\\/boutique\\\/\"},{\"@type\":\"ListItem\",\"position\":3,\"name\":\"Mode\",\"item\":\"https:\\\/\\\/schweizversand.ch\\\/fr\\\/produkt-kategorie\\\/mode-fr\\\/\"},{\"@type\":\"ListItem\",\"position\":4,\"name\":\"Mode unisexe\",\"item\":\"https:\\\/\\\/schweizversand.ch\\\/fr\\\/produkt-kategorie\\\/mode\\\/mode-unisexe\\\/\"},{\"@type\":\"ListItem\",\"position\":5,\"name\":\"Costumes\",\"item\":\"https:\\\/\\\/schweizversand.ch\\\/fr\\\/produkt-kategorie\\\/mode\\\/mode-unisexe\\\/costumes\\\/\"},{\"@type\":\"ListItem\",\"position\":6,\"name\":\"T-shirt enfant \u00ab\u00a0Dress for Fun\u00a0\u00bb\"}]},{\"@type\":\"WebSite\",\"@id\":\"https:\\\/\\\/schweizversand.ch\\\/fr\\\/#website\",\"url\":\"https:\\\/\\\/schweizversand.ch\\\/fr\\\/\",\"name\":\"Schweizer Shop f\u00fcr Sport, Spiel und Freizeit\",\"description\":\"Gratisversand ab 50.- (netto), ab eigenem schweizer Lager, Lieferung innert 48h\",\"publisher\":{\"@id\":\"https:\\\/\\\/schweizversand.ch\\\/fr\\\/#organization\"},\"alternateName\":\"Schweizversand.ch\",\"potentialAction\":[{\"@type\":\"SearchAction\",\"target\":{\"@type\":\"EntryPoint\",\"urlTemplate\":\"https:\\\/\\\/schweizversand.ch\\\/fr\\\/?s={search_term_string}\"},\"query-input\":{\"@type\":\"PropertyValueSpecification\",\"valueRequired\":true,\"valueName\":\"search_term_string\"}}],\"inLanguage\":\"fr-FR\"},{\"@type\":\"Organization\",\"@id\":\"https:\\\/\\\/schweizversand.ch\\\/fr\\\/#organization\",\"name\":\"Schweizversand.ch\",\"url\":\"https:\\\/\\\/schweizversand.ch\\\/fr\\\/\",\"logo\":{\"@type\":\"ImageObject\",\"inLanguage\":\"fr-FR\",\"@id\":\"https:\\\/\\\/schweizversand.ch\\\/fr\\\/#\\\/schema\\\/logo\\\/image\\\/\",\"url\":\"https:\\\/\\\/schweizversand.ch\\\/wp-content\\\/uploads\\\/2026\\\/03\\\/Logo_Rund_Final-1.png\",\"contentUrl\":\"https:\\\/\\\/schweizversand.ch\\\/wp-content\\\/uploads\\\/2026\\\/03\\\/Logo_Rund_Final-1.png\",\"width\":404,\"height\":404,\"caption\":\"Schweizversand.ch\"},\"image\":{\"@id\":\"https:\\\/\\\/schweizversand.ch\\\/fr\\\/#\\\/schema\\\/logo\\\/image\\\/\"},\"sameAs\":[\"https:\\\/\\\/www.facebook.com\\\/Schweizversand\",\"https:\\\/\\\/www.instagram.com\\\/schweizversand.ch\\\/\"]}]}<\/script>\n<!-- \/ Yoast SEO plugin. -->","yoast_head_json":{"title":"Dress for fun Kinder T-Shirt | Jetzt kaufen | Schweizversand.ch","description":"Dress for fun Kinder T-Shirt g\u00fcnstig kaufen bei Schweizversand.ch. Schnelle Lieferung in der Schweiz. Gratisversand ab CHF 50.","robots":{"index":"index","follow":"follow","max-snippet":"max-snippet:-1","max-image-preview":"max-image-preview:large","max-video-preview":"max-video-preview:-1"},"canonical":"https:\/\/schweizversand.ch\/fr\/produkt\/dress-for-fun-kinder-t-shirt\/","og_locale":"fr_FR","og_type":"article","og_title":"Dress for fun Kinder T-Shirt | Jetzt kaufen | Schweizversand.ch","og_description":"Dress for fun Kinder T-Shirt g\u00fcnstig kaufen bei Schweizversand.ch. Schnelle Lieferung in der Schweiz. Gratisversand ab CHF 50.","og_url":"https:\/\/schweizversand.ch\/fr\/produkt\/dress-for-fun-kinder-t-shirt\/","og_site_name":"Schweizer Shop f\u00fcr Sport, Spiel und Freizeit","article_publisher":"https:\/\/www.facebook.com\/Schweizversand","article_modified_time":"2026-04-20T00:04:16+00:00","og_image":[{"width":627,"height":1024,"url":"https:\/\/schweizversand.ch\/wp-content\/uploads\/2026\/02\/5502976540.jpg","type":"image\/jpeg"}],"twitter_card":"summary_large_image","twitter_misc":{"Dur\u00e9e de lecture estim\u00e9e":"2 minutes"},"schema":{"@context":"https:\/\/schema.org","@graph":[{"@type":"WebPage","@id":"https:\/\/schweizversand.ch\/fr\/produkt\/dress-for-fun-kinder-t-shirt\/","url":"https:\/\/schweizversand.ch\/fr\/produkt\/dress-for-fun-kinder-t-shirt\/","name":"Dress for fun Kinder T-Shirt | Jetzt kaufen | Schweizversand.ch","isPartOf":{"@id":"https:\/\/schweizversand.ch\/fr\/#website"},"primaryImageOfPage":{"@id":"https:\/\/schweizversand.ch\/fr\/produkt\/dress-for-fun-kinder-t-shirt\/#primaryimage"},"image":{"@id":"https:\/\/schweizversand.ch\/fr\/produkt\/dress-for-fun-kinder-t-shirt\/#primaryimage"},"thumbnailUrl":"https:\/\/schweizversand.ch\/wp-content\/uploads\/2026\/02\/5502976540.jpg","datePublished":"2026-03-14T23:56:51+00:00","dateModified":"2026-04-20T00:04:16+00:00","description":"Dress for fun Kinder T-Shirt g\u00fcnstig kaufen bei Schweizversand.ch. Schnelle Lieferung in der Schweiz. Gratisversand ab CHF 50.","breadcrumb":{"@id":"https:\/\/schweizversand.ch\/fr\/produkt\/dress-for-fun-kinder-t-shirt\/#breadcrumb"},"inLanguage":"fr-FR","potentialAction":[{"@type":"ReadAction","target":["https:\/\/schweizversand.ch\/fr\/produkt\/dress-for-fun-kinder-t-shirt\/"]}]},{"@type":"ImageObject","inLanguage":"fr-FR","@id":"https:\/\/schweizversand.ch\/fr\/produkt\/dress-for-fun-kinder-t-shirt\/#primaryimage","url":"https:\/\/schweizversand.ch\/wp-content\/uploads\/2026\/02\/5502976540.jpg","contentUrl":"https:\/\/schweizversand.ch\/wp-content\/uploads\/2026\/02\/5502976540.jpg","width":627,"height":1024},{"@type":"BreadcrumbList","@id":"https:\/\/schweizversand.ch\/fr\/produkt\/dress-for-fun-kinder-t-shirt\/#breadcrumb","itemListElement":[{"@type":"ListItem","position":1,"name":"Startseite","item":"https:\/\/schweizversand.ch\/fr\/home\/"},{"@type":"ListItem","position":2,"name":"Boutique","item":"https:\/\/schweizversand.ch\/fr\/boutique\/"},{"@type":"ListItem","position":3,"name":"Mode","item":"https:\/\/schweizversand.ch\/fr\/produkt-kategorie\/mode-fr\/"},{"@type":"ListItem","position":4,"name":"Mode unisexe","item":"https:\/\/schweizversand.ch\/fr\/produkt-kategorie\/mode\/mode-unisexe\/"},{"@type":"ListItem","position":5,"name":"Costumes","item":"https:\/\/schweizversand.ch\/fr\/produkt-kategorie\/mode\/mode-unisexe\/costumes\/"},{"@type":"ListItem","position":6,"name":"T-shirt enfant \u00ab\u00a0Dress for Fun\u00a0\u00bb"}]},{"@type":"WebSite","@id":"https:\/\/schweizversand.ch\/fr\/#website","url":"https:\/\/schweizversand.ch\/fr\/","name":"Schweizer Shop f\u00fcr Sport, Spiel und Freizeit","description":"Gratisversand ab 50.- (netto), ab eigenem schweizer Lager, Lieferung innert 48h","publisher":{"@id":"https:\/\/schweizversand.ch\/fr\/#organization"},"alternateName":"Schweizversand.ch","potentialAction":[{"@type":"SearchAction","target":{"@type":"EntryPoint","urlTemplate":"https:\/\/schweizversand.ch\/fr\/?s={search_term_string}"},"query-input":{"@type":"PropertyValueSpecification","valueRequired":true,"valueName":"search_term_string"}}],"inLanguage":"fr-FR"},{"@type":"Organization","@id":"https:\/\/schweizversand.ch\/fr\/#organization","name":"Schweizversand.ch","url":"https:\/\/schweizversand.ch\/fr\/","logo":{"@type":"ImageObject","inLanguage":"fr-FR","@id":"https:\/\/schweizversand.ch\/fr\/#\/schema\/logo\/image\/","url":"https:\/\/schweizversand.ch\/wp-content\/uploads\/2026\/03\/Logo_Rund_Final-1.png","contentUrl":"https:\/\/schweizversand.ch\/wp-content\/uploads\/2026\/03\/Logo_Rund_Final-1.png","width":404,"height":404,"caption":"Schweizversand.ch"},"image":{"@id":"https:\/\/schweizversand.ch\/fr\/#\/schema\/logo\/image\/"},"sameAs":["https:\/\/www.facebook.com\/Schweizversand","https:\/\/www.instagram.com\/schweizversand.ch\/"]}]}},"jetpack_sharing_enabled":true,"_links":{"self":[{"href":"https:\/\/schweizversand.ch\/fr\/wp-json\/wp\/v2\/product\/255231","targetHints":{"allow":["GET"]}}],"collection":[{"href":"https:\/\/schweizversand.ch\/fr\/wp-json\/wp\/v2\/product"}],"about":[{"href":"https:\/\/schweizversand.ch\/fr\/wp-json\/wp\/v2\/types\/product"}],"replies":[{"embeddable":true,"href":"https:\/\/schweizversand.ch\/fr\/wp-json\/wp\/v2\/comments?post=255231"}],"wp:featuredmedia":[{"embeddable":true,"href":"https:\/\/schweizversand.ch\/fr\/wp-json\/wp\/v2\/media\/164248"}],"wp:attachment":[{"href":"https:\/\/schweizversand.ch\/fr\/wp-json\/wp\/v2\/media?parent=255231"}],"wp:term":[{"taxonomy":"product_brand","embeddable":true,"href":"https:\/\/schweizversand.ch\/fr\/wp-json\/wp\/v2\/product_brand?post=255231"},{"taxonomy":"product_cat","embeddable":true,"href":"https:\/\/schweizversand.ch\/fr\/wp-json\/wp\/v2\/product_cat?post=255231"},{"taxonomy":"product_tag","embeddable":true,"href":"https:\/\/schweizversand.ch\/fr\/wp-json\/wp\/v2\/product_tag?post=255231"}],"curies":[{"name":"wp","href":"https:\/\/api.w.org\/{rel}","templated":true}]}}