{"id":255235,"date":"2026-03-15T00:56:52","date_gmt":"2026-03-14T23:56:52","guid":{"rendered":"https:\/\/schweizversand.ch\/produkt\/dress-for-fun-damen-langarm-shirt-2\/"},"modified":"2026-04-20T02:04:16","modified_gmt":"2026-04-20T00:04:16","slug":"dress-for-fun-damen-langarm-shirt-2","status":"publish","type":"product","link":"https:\/\/schweizversand.ch\/fr\/produkt\/dress-for-fun-damen-langarm-shirt-2\/","title":{"rendered":"Chemise \u00e0 manches longues pour femme, style d\u00e9contract\u00e9"},"content":{"rendered":"<h1><strong>Chemise \u00e0 manches longues en coton pour femme<\/strong><\/h1>\n<div>D\u00e9couvrez notre chemise \u00e0 manches longues pour femme, polyvalente et alliant <strong>confort et style<\/strong>. Cette <strong>chemise \u00e0 manches longues unie<\/strong> est un indispensable de votre garde-robe et s&rsquo;int\u00e8gre facilement \u00e0 de nombreuses tenues.<\/p>\n<\/div>\n<div><strong>Polyvalence pour toutes les occasions<\/strong><br \/>Que ce soit comme base pour des costumes cr\u00e9atifs ou comme <strong>haut ajust\u00e9<\/strong> au quotidien, cette chemise \u00e0 manches longues est toujours la solution. Son design intemporel en fait un basique essentiel que vous adorerez porter encore et encore.<\/p>\n<\/div>\n<div><strong>Confort et qualit\u00e9<\/strong><br \/>Confectionn\u00e9e en <strong>pur coton<\/strong>, cette <strong>chemise en coton pour femme<\/strong> offre un confort exceptionnel. Ce tissu robuste est doux au toucher et garantit une grande durabilit\u00e9, pour que vous puissiez profiter longtemps de cette chemise. Conception soign\u00e9e\u00a0: sa coupe l\u00e9g\u00e8rement cintr\u00e9e met en valeur votre silhouette sans vous serrer. Ce t-shirt classique \u00e0 manches longues et col rond est dot\u00e9 de poignets c\u00f4tel\u00e9s pour une finition impeccable et une meilleure tenue. D\u00e9tails du produit\u00a0: &#8211; Mati\u00e8re\u00a0: 100\u00a0% coton &#8211; Coupe\u00a0: L\u00e9g\u00e8rement cintr\u00e9e &#8211; Encolure\u00a0: Col rond avec poignets c\u00f4tel\u00e9s. Offrez-vous d\u00e8s maintenant ce t-shirt \u00e0 manches longues pour femme, confortable et de haute qualit\u00e9. Il compl\u00e9tera parfaitement vos tenues et vous procurera un confort optimal.<\/p>\n","protected":false},"excerpt":{"rendered":"<p>Chemise \u00e0 manches longues en coton pour femme D\u00e9couvrez notre chemise \u00e0 manches longues pour femme, polyvalente et alliant confort et style. Cette chemise \u00e0 manches longues unie est un indispensable de votre garde-robe et s&rsquo;int\u00e8gre facilement \u00e0 de nombreuses tenues. Polyvalence pour toutes les occasionsQue ce soit comme base pour des costumes cr\u00e9atifs ou comme haut ajust\u00e9 au quotidien, cette chemise \u00e0 manches longues est toujours la solution. Son design intemporel en fait un&hellip;<\/p>\n","protected":false},"featured_media":164271,"comment_status":"open","ping_status":"closed","template":"","meta":[],"product_brand":[],"product_cat":[38120,38123],"product_tag":[],"class_list":{"0":"post-255235","1":"product","2":"type-product","3":"status-publish","4":"has-post-thumbnail","6":"product_cat-kostueme","7":"product_cat-costumes","8":"product_shipping_class-global_methods","10":"first","11":"instock","12":"taxable","13":"shipping-taxable","14":"purchasable","15":"product-type-simple"},"yoast_head":"<!-- This site is optimized with the Yoast SEO plugin v27.4 - https:\/\/yoast.com\/product\/yoast-seo-wordpress\/ -->\n<title>Dress for fun Damen Langarm Shirt | Jetzt kaufen | Schweizversand.ch<\/title>\n<meta name=\"description\" content=\"Dress for fun Damen Langarm Shirt g\u00fcnstig kaufen bei Schweizversand.ch. Schnelle Lieferung in der Schweiz. Gratisversand ab CHF 50.\" \/>\n<meta name=\"robots\" content=\"index, follow, max-snippet:-1, max-image-preview:large, max-video-preview:-1\" \/>\n<link rel=\"canonical\" href=\"https:\/\/schweizversand.ch\/fr\/produkt\/dress-for-fun-damen-langarm-shirt-2\/\" \/>\n<meta property=\"og:locale\" content=\"fr_FR\" \/>\n<meta property=\"og:type\" content=\"article\" \/>\n<meta property=\"og:title\" content=\"Dress for fun Damen Langarm Shirt | Jetzt kaufen | Schweizversand.ch\" \/>\n<meta property=\"og:description\" content=\"Dress for fun Damen Langarm Shirt g\u00fcnstig kaufen bei Schweizversand.ch. Schnelle Lieferung in der Schweiz. Gratisversand ab CHF 50.\" \/>\n<meta property=\"og:url\" content=\"https:\/\/schweizversand.ch\/fr\/produkt\/dress-for-fun-damen-langarm-shirt-2\/\" \/>\n<meta property=\"og:site_name\" content=\"Schweizer Shop f\u00fcr Sport, Spiel und Freizeit\" \/>\n<meta property=\"article:publisher\" content=\"https:\/\/www.facebook.com\/Schweizversand\" \/>\n<meta property=\"article:modified_time\" content=\"2026-04-20T00:04:16+00:00\" \/>\n<meta property=\"og:image\" content=\"https:\/\/schweizversand.ch\/wp-content\/uploads\/2026\/02\/5503010519.jpg\" \/>\n\t<meta property=\"og:image:width\" content=\"1024\" \/>\n\t<meta property=\"og:image:height\" content=\"819\" \/>\n\t<meta property=\"og:image:type\" content=\"image\/jpeg\" \/>\n<meta name=\"twitter:card\" content=\"summary_large_image\" \/>\n<meta name=\"twitter:label1\" content=\"Dur\u00e9e de lecture estim\u00e9e\" \/>\n\t<meta name=\"twitter:data1\" content=\"1 minute\" \/>\n<script type=\"application\/ld+json\" class=\"yoast-schema-graph\">{\"@context\":\"https:\\\/\\\/schema.org\",\"@graph\":[{\"@type\":\"WebPage\",\"@id\":\"https:\\\/\\\/schweizversand.ch\\\/fr\\\/produkt\\\/dress-for-fun-damen-langarm-shirt-2\\\/\",\"url\":\"https:\\\/\\\/schweizversand.ch\\\/fr\\\/produkt\\\/dress-for-fun-damen-langarm-shirt-2\\\/\",\"name\":\"Dress for fun Damen Langarm Shirt | Jetzt kaufen | Schweizversand.ch\",\"isPartOf\":{\"@id\":\"https:\\\/\\\/schweizversand.ch\\\/fr\\\/#website\"},\"primaryImageOfPage\":{\"@id\":\"https:\\\/\\\/schweizversand.ch\\\/fr\\\/produkt\\\/dress-for-fun-damen-langarm-shirt-2\\\/#primaryimage\"},\"image\":{\"@id\":\"https:\\\/\\\/schweizversand.ch\\\/fr\\\/produkt\\\/dress-for-fun-damen-langarm-shirt-2\\\/#primaryimage\"},\"thumbnailUrl\":\"https:\\\/\\\/schweizversand.ch\\\/wp-content\\\/uploads\\\/2026\\\/02\\\/5503010519.jpg\",\"datePublished\":\"2026-03-14T23:56:52+00:00\",\"dateModified\":\"2026-04-20T00:04:16+00:00\",\"description\":\"Dress for fun Damen Langarm Shirt g\u00fcnstig kaufen bei Schweizversand.ch. Schnelle Lieferung in der Schweiz. Gratisversand ab CHF 50.\",\"breadcrumb\":{\"@id\":\"https:\\\/\\\/schweizversand.ch\\\/fr\\\/produkt\\\/dress-for-fun-damen-langarm-shirt-2\\\/#breadcrumb\"},\"inLanguage\":\"fr-FR\",\"potentialAction\":[{\"@type\":\"ReadAction\",\"target\":[\"https:\\\/\\\/schweizversand.ch\\\/fr\\\/produkt\\\/dress-for-fun-damen-langarm-shirt-2\\\/\"]}]},{\"@type\":\"ImageObject\",\"inLanguage\":\"fr-FR\",\"@id\":\"https:\\\/\\\/schweizversand.ch\\\/fr\\\/produkt\\\/dress-for-fun-damen-langarm-shirt-2\\\/#primaryimage\",\"url\":\"https:\\\/\\\/schweizversand.ch\\\/wp-content\\\/uploads\\\/2026\\\/02\\\/5503010519.jpg\",\"contentUrl\":\"https:\\\/\\\/schweizversand.ch\\\/wp-content\\\/uploads\\\/2026\\\/02\\\/5503010519.jpg\",\"width\":1024,\"height\":819},{\"@type\":\"BreadcrumbList\",\"@id\":\"https:\\\/\\\/schweizversand.ch\\\/fr\\\/produkt\\\/dress-for-fun-damen-langarm-shirt-2\\\/#breadcrumb\",\"itemListElement\":[{\"@type\":\"ListItem\",\"position\":1,\"name\":\"Startseite\",\"item\":\"https:\\\/\\\/schweizversand.ch\\\/fr\\\/home\\\/\"},{\"@type\":\"ListItem\",\"position\":2,\"name\":\"Boutique\",\"item\":\"https:\\\/\\\/schweizversand.ch\\\/fr\\\/boutique\\\/\"},{\"@type\":\"ListItem\",\"position\":3,\"name\":\"Mode\",\"item\":\"https:\\\/\\\/schweizversand.ch\\\/fr\\\/produkt-kategorie\\\/mode-fr\\\/\"},{\"@type\":\"ListItem\",\"position\":4,\"name\":\"Mode unisexe\",\"item\":\"https:\\\/\\\/schweizversand.ch\\\/fr\\\/produkt-kategorie\\\/mode\\\/mode-unisexe\\\/\"},{\"@type\":\"ListItem\",\"position\":5,\"name\":\"Costumes\",\"item\":\"https:\\\/\\\/schweizversand.ch\\\/fr\\\/produkt-kategorie\\\/mode\\\/mode-unisexe\\\/costumes\\\/\"},{\"@type\":\"ListItem\",\"position\":6,\"name\":\"Chemise \u00e0 manches longues pour femme, style d\u00e9contract\u00e9\"}]},{\"@type\":\"WebSite\",\"@id\":\"https:\\\/\\\/schweizversand.ch\\\/fr\\\/#website\",\"url\":\"https:\\\/\\\/schweizversand.ch\\\/fr\\\/\",\"name\":\"Schweizer Shop f\u00fcr Sport, Spiel und Freizeit\",\"description\":\"Gratisversand ab 50.- (netto), ab eigenem schweizer Lager, Lieferung innert 48h\",\"publisher\":{\"@id\":\"https:\\\/\\\/schweizversand.ch\\\/fr\\\/#organization\"},\"alternateName\":\"Schweizversand.ch\",\"potentialAction\":[{\"@type\":\"SearchAction\",\"target\":{\"@type\":\"EntryPoint\",\"urlTemplate\":\"https:\\\/\\\/schweizversand.ch\\\/fr\\\/?s={search_term_string}\"},\"query-input\":{\"@type\":\"PropertyValueSpecification\",\"valueRequired\":true,\"valueName\":\"search_term_string\"}}],\"inLanguage\":\"fr-FR\"},{\"@type\":\"Organization\",\"@id\":\"https:\\\/\\\/schweizversand.ch\\\/fr\\\/#organization\",\"name\":\"Schweizversand.ch\",\"url\":\"https:\\\/\\\/schweizversand.ch\\\/fr\\\/\",\"logo\":{\"@type\":\"ImageObject\",\"inLanguage\":\"fr-FR\",\"@id\":\"https:\\\/\\\/schweizversand.ch\\\/fr\\\/#\\\/schema\\\/logo\\\/image\\\/\",\"url\":\"https:\\\/\\\/schweizversand.ch\\\/wp-content\\\/uploads\\\/2026\\\/03\\\/Logo_Rund_Final-1.png\",\"contentUrl\":\"https:\\\/\\\/schweizversand.ch\\\/wp-content\\\/uploads\\\/2026\\\/03\\\/Logo_Rund_Final-1.png\",\"width\":404,\"height\":404,\"caption\":\"Schweizversand.ch\"},\"image\":{\"@id\":\"https:\\\/\\\/schweizversand.ch\\\/fr\\\/#\\\/schema\\\/logo\\\/image\\\/\"},\"sameAs\":[\"https:\\\/\\\/www.facebook.com\\\/Schweizversand\",\"https:\\\/\\\/www.instagram.com\\\/schweizversand.ch\\\/\"]}]}<\/script>\n<!-- \/ Yoast SEO plugin. -->","yoast_head_json":{"title":"Dress for fun Damen Langarm Shirt | Jetzt kaufen | Schweizversand.ch","description":"Dress for fun Damen Langarm Shirt g\u00fcnstig kaufen bei Schweizversand.ch. Schnelle Lieferung in der Schweiz. Gratisversand ab CHF 50.","robots":{"index":"index","follow":"follow","max-snippet":"max-snippet:-1","max-image-preview":"max-image-preview:large","max-video-preview":"max-video-preview:-1"},"canonical":"https:\/\/schweizversand.ch\/fr\/produkt\/dress-for-fun-damen-langarm-shirt-2\/","og_locale":"fr_FR","og_type":"article","og_title":"Dress for fun Damen Langarm Shirt | Jetzt kaufen | Schweizversand.ch","og_description":"Dress for fun Damen Langarm Shirt g\u00fcnstig kaufen bei Schweizversand.ch. Schnelle Lieferung in der Schweiz. Gratisversand ab CHF 50.","og_url":"https:\/\/schweizversand.ch\/fr\/produkt\/dress-for-fun-damen-langarm-shirt-2\/","og_site_name":"Schweizer Shop f\u00fcr Sport, Spiel und Freizeit","article_publisher":"https:\/\/www.facebook.com\/Schweizversand","article_modified_time":"2026-04-20T00:04:16+00:00","og_image":[{"width":1024,"height":819,"url":"https:\/\/schweizversand.ch\/wp-content\/uploads\/2026\/02\/5503010519.jpg","type":"image\/jpeg"}],"twitter_card":"summary_large_image","twitter_misc":{"Dur\u00e9e de lecture estim\u00e9e":"1 minute"},"schema":{"@context":"https:\/\/schema.org","@graph":[{"@type":"WebPage","@id":"https:\/\/schweizversand.ch\/fr\/produkt\/dress-for-fun-damen-langarm-shirt-2\/","url":"https:\/\/schweizversand.ch\/fr\/produkt\/dress-for-fun-damen-langarm-shirt-2\/","name":"Dress for fun Damen Langarm Shirt | Jetzt kaufen | Schweizversand.ch","isPartOf":{"@id":"https:\/\/schweizversand.ch\/fr\/#website"},"primaryImageOfPage":{"@id":"https:\/\/schweizversand.ch\/fr\/produkt\/dress-for-fun-damen-langarm-shirt-2\/#primaryimage"},"image":{"@id":"https:\/\/schweizversand.ch\/fr\/produkt\/dress-for-fun-damen-langarm-shirt-2\/#primaryimage"},"thumbnailUrl":"https:\/\/schweizversand.ch\/wp-content\/uploads\/2026\/02\/5503010519.jpg","datePublished":"2026-03-14T23:56:52+00:00","dateModified":"2026-04-20T00:04:16+00:00","description":"Dress for fun Damen Langarm Shirt g\u00fcnstig kaufen bei Schweizversand.ch. Schnelle Lieferung in der Schweiz. Gratisversand ab CHF 50.","breadcrumb":{"@id":"https:\/\/schweizversand.ch\/fr\/produkt\/dress-for-fun-damen-langarm-shirt-2\/#breadcrumb"},"inLanguage":"fr-FR","potentialAction":[{"@type":"ReadAction","target":["https:\/\/schweizversand.ch\/fr\/produkt\/dress-for-fun-damen-langarm-shirt-2\/"]}]},{"@type":"ImageObject","inLanguage":"fr-FR","@id":"https:\/\/schweizversand.ch\/fr\/produkt\/dress-for-fun-damen-langarm-shirt-2\/#primaryimage","url":"https:\/\/schweizversand.ch\/wp-content\/uploads\/2026\/02\/5503010519.jpg","contentUrl":"https:\/\/schweizversand.ch\/wp-content\/uploads\/2026\/02\/5503010519.jpg","width":1024,"height":819},{"@type":"BreadcrumbList","@id":"https:\/\/schweizversand.ch\/fr\/produkt\/dress-for-fun-damen-langarm-shirt-2\/#breadcrumb","itemListElement":[{"@type":"ListItem","position":1,"name":"Startseite","item":"https:\/\/schweizversand.ch\/fr\/home\/"},{"@type":"ListItem","position":2,"name":"Boutique","item":"https:\/\/schweizversand.ch\/fr\/boutique\/"},{"@type":"ListItem","position":3,"name":"Mode","item":"https:\/\/schweizversand.ch\/fr\/produkt-kategorie\/mode-fr\/"},{"@type":"ListItem","position":4,"name":"Mode unisexe","item":"https:\/\/schweizversand.ch\/fr\/produkt-kategorie\/mode\/mode-unisexe\/"},{"@type":"ListItem","position":5,"name":"Costumes","item":"https:\/\/schweizversand.ch\/fr\/produkt-kategorie\/mode\/mode-unisexe\/costumes\/"},{"@type":"ListItem","position":6,"name":"Chemise \u00e0 manches longues pour femme, style d\u00e9contract\u00e9"}]},{"@type":"WebSite","@id":"https:\/\/schweizversand.ch\/fr\/#website","url":"https:\/\/schweizversand.ch\/fr\/","name":"Schweizer Shop f\u00fcr Sport, Spiel und Freizeit","description":"Gratisversand ab 50.- (netto), ab eigenem schweizer Lager, Lieferung innert 48h","publisher":{"@id":"https:\/\/schweizversand.ch\/fr\/#organization"},"alternateName":"Schweizversand.ch","potentialAction":[{"@type":"SearchAction","target":{"@type":"EntryPoint","urlTemplate":"https:\/\/schweizversand.ch\/fr\/?s={search_term_string}"},"query-input":{"@type":"PropertyValueSpecification","valueRequired":true,"valueName":"search_term_string"}}],"inLanguage":"fr-FR"},{"@type":"Organization","@id":"https:\/\/schweizversand.ch\/fr\/#organization","name":"Schweizversand.ch","url":"https:\/\/schweizversand.ch\/fr\/","logo":{"@type":"ImageObject","inLanguage":"fr-FR","@id":"https:\/\/schweizversand.ch\/fr\/#\/schema\/logo\/image\/","url":"https:\/\/schweizversand.ch\/wp-content\/uploads\/2026\/03\/Logo_Rund_Final-1.png","contentUrl":"https:\/\/schweizversand.ch\/wp-content\/uploads\/2026\/03\/Logo_Rund_Final-1.png","width":404,"height":404,"caption":"Schweizversand.ch"},"image":{"@id":"https:\/\/schweizversand.ch\/fr\/#\/schema\/logo\/image\/"},"sameAs":["https:\/\/www.facebook.com\/Schweizversand","https:\/\/www.instagram.com\/schweizversand.ch\/"]}]}},"jetpack_sharing_enabled":true,"_links":{"self":[{"href":"https:\/\/schweizversand.ch\/fr\/wp-json\/wp\/v2\/product\/255235","targetHints":{"allow":["GET"]}}],"collection":[{"href":"https:\/\/schweizversand.ch\/fr\/wp-json\/wp\/v2\/product"}],"about":[{"href":"https:\/\/schweizversand.ch\/fr\/wp-json\/wp\/v2\/types\/product"}],"replies":[{"embeddable":true,"href":"https:\/\/schweizversand.ch\/fr\/wp-json\/wp\/v2\/comments?post=255235"}],"wp:featuredmedia":[{"embeddable":true,"href":"https:\/\/schweizversand.ch\/fr\/wp-json\/wp\/v2\/media\/164271"}],"wp:attachment":[{"href":"https:\/\/schweizversand.ch\/fr\/wp-json\/wp\/v2\/media?parent=255235"}],"wp:term":[{"taxonomy":"product_brand","embeddable":true,"href":"https:\/\/schweizversand.ch\/fr\/wp-json\/wp\/v2\/product_brand?post=255235"},{"taxonomy":"product_cat","embeddable":true,"href":"https:\/\/schweizversand.ch\/fr\/wp-json\/wp\/v2\/product_cat?post=255235"},{"taxonomy":"product_tag","embeddable":true,"href":"https:\/\/schweizversand.ch\/fr\/wp-json\/wp\/v2\/product_tag?post=255235"}],"curies":[{"name":"wp","href":"https:\/\/api.w.org\/{rel}","templated":true}]}}