{"id":255327,"date":"2026-03-15T00:57:03","date_gmt":"2026-03-14T23:57:03","guid":{"rendered":"https:\/\/schweizversand.ch\/produkt\/jette-sport-damen-t-shirt-4\/"},"modified":"2026-04-19T15:35:56","modified_gmt":"2026-04-19T13:35:56","slug":"jette-sport-damen-t-shirt-4","status":"publish","type":"product","link":"https:\/\/schweizversand.ch\/fr\/produkt\/jette-sport-damen-t-shirt-4\/","title":{"rendered":"T-shirt Jette Sport pour femmes"},"content":{"rendered":"<p>Ce t-shirt JETTE SPORT rose allie confort et style, id\u00e9al pour le sport ou pour affirmer sa personnalit\u00e9 au quotidien.<\/p>\n<\/p>\n<p>Caract\u00e9ristiques\u00a0:<\/p>\n<\/p>\n<p>\u2022 Logo\u00a0: Logo JETTE SPORT noir sur le devant<\/p>\n<\/p>\n<p>\u2022 Composition\u00a0: 95\u00a0% coton, 5\u00a0% \u00e9lasthanne<\/p>\n<\/p>\n<p>\u2022 Encolure\u00a0: Col rond classique<\/p>\n<\/p>\n<p>\u2022 Coupe\u00a0: Confortable et l\u00e9g\u00e8rement extensible gr\u00e2ce \u00e0 l\u2019\u00e9lasthanne<\/p>\n<\/p>\n<p>\u2022 Entretien\u00a0: Lavable en machine \u00e0 40\u00a0\u00b0C<\/p>\n<\/p>\n<p>Avantages\u00a0:<\/p>\n<\/p>\n<p>\u2022 Confort\u00a0: Ce t-shirt est compos\u00e9 \u00e0 95\u00a0% de coton doux pour un confort optimal. Les 5\u00a0% d\u2019\u00e9lasthanne assurent une coupe souple.<\/p>\n<\/p>\n<p>\u2022 Design\u00a0: Un design \u00e0 la fois original et discret, d\u2019un rose \u00e9clatant avec un logo blanc contrastant.<\/p>\n<\/p>\n<p>\u2022 Entretien facile\u00a0: Lavable en machine \u00e0 40\u00a0\u00b0C, il conserve sa forme et sa couleur m\u00eame apr\u00e8s de nombreux lavages.<\/p>\n","protected":false},"excerpt":{"rendered":"<p>Ce t-shirt JETTE SPORT rose allie confort et style, id\u00e9al pour le sport ou pour affirmer sa personnalit\u00e9 au quotidien. Caract\u00e9ristiques\u00a0: \u2022 Logo\u00a0: Logo JETTE SPORT noir sur le devant \u2022 Composition\u00a0: 95\u00a0% coton, 5\u00a0% \u00e9lasthanne \u2022 Encolure\u00a0: Col rond classique \u2022 Coupe\u00a0: Confortable et l\u00e9g\u00e8rement extensible gr\u00e2ce \u00e0 l\u2019\u00e9lasthanne \u2022 Entretien\u00a0: Lavable en machine \u00e0 40\u00a0\u00b0C Avantages\u00a0: \u2022 Confort\u00a0: Ce t-shirt est compos\u00e9 \u00e0 95\u00a0% de coton doux pour un confort optimal. Les 5\u00a0%&hellip;<\/p>\n","protected":false},"featured_media":164791,"comment_status":"open","ping_status":"closed","template":"","meta":[],"product_brand":[],"product_cat":[38148,38149],"product_tag":[],"class_list":{"0":"post-255327","1":"product","2":"type-product","3":"status-publish","4":"has-post-thumbnail","6":"product_cat-damenbekleidung","7":"product_cat-vetements-pour-femmes","8":"product_shipping_class-global_methods","10":"first","11":"instock","12":"taxable","13":"shipping-taxable","14":"purchasable","15":"product-type-simple"},"yoast_head":"<!-- This site is optimized with the Yoast SEO plugin v27.4 - https:\/\/yoast.com\/product\/yoast-seo-wordpress\/ -->\n<title>Jette Sport Damen T-Shirt | Jetzt kaufen | Schweizversand.ch<\/title>\n<meta name=\"description\" content=\"Jette Sport Damen T-Shirt g\u00fcnstig kaufen bei Schweizversand.ch. Schnelle Lieferung in der Schweiz. Gratisversand ab CHF 50.\" \/>\n<meta name=\"robots\" content=\"index, follow, max-snippet:-1, max-image-preview:large, max-video-preview:-1\" \/>\n<link rel=\"canonical\" href=\"https:\/\/schweizversand.ch\/fr\/produkt\/jette-sport-damen-t-shirt-4\/\" \/>\n<meta property=\"og:locale\" content=\"fr_FR\" \/>\n<meta property=\"og:type\" content=\"article\" \/>\n<meta property=\"og:title\" content=\"Jette Sport Damen T-Shirt | Jetzt kaufen | Schweizversand.ch\" \/>\n<meta property=\"og:description\" content=\"Jette Sport Damen T-Shirt g\u00fcnstig kaufen bei Schweizversand.ch. Schnelle Lieferung in der Schweiz. Gratisversand ab CHF 50.\" \/>\n<meta property=\"og:url\" content=\"https:\/\/schweizversand.ch\/fr\/produkt\/jette-sport-damen-t-shirt-4\/\" \/>\n<meta property=\"og:site_name\" content=\"Schweizer Shop f\u00fcr Sport, Spiel und Freizeit\" \/>\n<meta property=\"article:publisher\" content=\"https:\/\/www.facebook.com\/Schweizversand\" \/>\n<meta property=\"article:modified_time\" content=\"2026-04-19T13:35:56+00:00\" \/>\n<meta property=\"og:image\" content=\"https:\/\/schweizversand.ch\/wp-content\/uploads\/2026\/02\/5471766646.jpg\" \/>\n\t<meta property=\"og:image:width\" content=\"1024\" \/>\n\t<meta property=\"og:image:height\" content=\"1024\" \/>\n\t<meta property=\"og:image:type\" content=\"image\/jpeg\" \/>\n<meta name=\"twitter:card\" content=\"summary_large_image\" \/>\n<meta name=\"twitter:label1\" content=\"Dur\u00e9e de lecture estim\u00e9e\" \/>\n\t<meta name=\"twitter:data1\" content=\"1 minute\" \/>\n<script type=\"application\/ld+json\" class=\"yoast-schema-graph\">{\"@context\":\"https:\\\/\\\/schema.org\",\"@graph\":[{\"@type\":\"WebPage\",\"@id\":\"https:\\\/\\\/schweizversand.ch\\\/fr\\\/produkt\\\/jette-sport-damen-t-shirt-4\\\/\",\"url\":\"https:\\\/\\\/schweizversand.ch\\\/fr\\\/produkt\\\/jette-sport-damen-t-shirt-4\\\/\",\"name\":\"Jette Sport Damen T-Shirt | Jetzt kaufen | Schweizversand.ch\",\"isPartOf\":{\"@id\":\"https:\\\/\\\/schweizversand.ch\\\/fr\\\/#website\"},\"primaryImageOfPage\":{\"@id\":\"https:\\\/\\\/schweizversand.ch\\\/fr\\\/produkt\\\/jette-sport-damen-t-shirt-4\\\/#primaryimage\"},\"image\":{\"@id\":\"https:\\\/\\\/schweizversand.ch\\\/fr\\\/produkt\\\/jette-sport-damen-t-shirt-4\\\/#primaryimage\"},\"thumbnailUrl\":\"https:\\\/\\\/schweizversand.ch\\\/wp-content\\\/uploads\\\/2026\\\/02\\\/5471766646.jpg\",\"datePublished\":\"2026-03-14T23:57:03+00:00\",\"dateModified\":\"2026-04-19T13:35:56+00:00\",\"description\":\"Jette Sport Damen T-Shirt g\u00fcnstig kaufen bei Schweizversand.ch. Schnelle Lieferung in der Schweiz. Gratisversand ab CHF 50.\",\"breadcrumb\":{\"@id\":\"https:\\\/\\\/schweizversand.ch\\\/fr\\\/produkt\\\/jette-sport-damen-t-shirt-4\\\/#breadcrumb\"},\"inLanguage\":\"fr-FR\",\"potentialAction\":[{\"@type\":\"ReadAction\",\"target\":[\"https:\\\/\\\/schweizversand.ch\\\/fr\\\/produkt\\\/jette-sport-damen-t-shirt-4\\\/\"]}]},{\"@type\":\"ImageObject\",\"inLanguage\":\"fr-FR\",\"@id\":\"https:\\\/\\\/schweizversand.ch\\\/fr\\\/produkt\\\/jette-sport-damen-t-shirt-4\\\/#primaryimage\",\"url\":\"https:\\\/\\\/schweizversand.ch\\\/wp-content\\\/uploads\\\/2026\\\/02\\\/5471766646.jpg\",\"contentUrl\":\"https:\\\/\\\/schweizversand.ch\\\/wp-content\\\/uploads\\\/2026\\\/02\\\/5471766646.jpg\",\"width\":1024,\"height\":1024},{\"@type\":\"BreadcrumbList\",\"@id\":\"https:\\\/\\\/schweizversand.ch\\\/fr\\\/produkt\\\/jette-sport-damen-t-shirt-4\\\/#breadcrumb\",\"itemListElement\":[{\"@type\":\"ListItem\",\"position\":1,\"name\":\"Startseite\",\"item\":\"https:\\\/\\\/schweizversand.ch\\\/fr\\\/home\\\/\"},{\"@type\":\"ListItem\",\"position\":2,\"name\":\"Boutique\",\"item\":\"https:\\\/\\\/schweizversand.ch\\\/fr\\\/boutique\\\/\"},{\"@type\":\"ListItem\",\"position\":3,\"name\":\"Mode\",\"item\":\"https:\\\/\\\/schweizversand.ch\\\/fr\\\/produkt-kategorie\\\/mode-fr\\\/\"},{\"@type\":\"ListItem\",\"position\":4,\"name\":\"Mode f\u00e9minine\",\"item\":\"https:\\\/\\\/schweizversand.ch\\\/fr\\\/produkt-kategorie\\\/mode\\\/mode-feminine\\\/\"},{\"@type\":\"ListItem\",\"position\":5,\"name\":\"V\u00eatements pour femmes\",\"item\":\"https:\\\/\\\/schweizversand.ch\\\/fr\\\/produkt-kategorie\\\/mode\\\/mode-feminine\\\/vetements-pour-femmes\\\/\"},{\"@type\":\"ListItem\",\"position\":6,\"name\":\"T-shirt Jette Sport pour femmes\"}]},{\"@type\":\"WebSite\",\"@id\":\"https:\\\/\\\/schweizversand.ch\\\/fr\\\/#website\",\"url\":\"https:\\\/\\\/schweizversand.ch\\\/fr\\\/\",\"name\":\"Schweizer Shop f\u00fcr Sport, Spiel und Freizeit\",\"description\":\"Gratisversand ab 50.- (netto), ab eigenem schweizer Lager, Lieferung innert 48h\",\"publisher\":{\"@id\":\"https:\\\/\\\/schweizversand.ch\\\/fr\\\/#organization\"},\"alternateName\":\"Schweizversand.ch\",\"potentialAction\":[{\"@type\":\"SearchAction\",\"target\":{\"@type\":\"EntryPoint\",\"urlTemplate\":\"https:\\\/\\\/schweizversand.ch\\\/fr\\\/?s={search_term_string}\"},\"query-input\":{\"@type\":\"PropertyValueSpecification\",\"valueRequired\":true,\"valueName\":\"search_term_string\"}}],\"inLanguage\":\"fr-FR\"},{\"@type\":\"Organization\",\"@id\":\"https:\\\/\\\/schweizversand.ch\\\/fr\\\/#organization\",\"name\":\"Schweizversand.ch\",\"url\":\"https:\\\/\\\/schweizversand.ch\\\/fr\\\/\",\"logo\":{\"@type\":\"ImageObject\",\"inLanguage\":\"fr-FR\",\"@id\":\"https:\\\/\\\/schweizversand.ch\\\/fr\\\/#\\\/schema\\\/logo\\\/image\\\/\",\"url\":\"https:\\\/\\\/schweizversand.ch\\\/wp-content\\\/uploads\\\/2026\\\/03\\\/Logo_Rund_Final-1.png\",\"contentUrl\":\"https:\\\/\\\/schweizversand.ch\\\/wp-content\\\/uploads\\\/2026\\\/03\\\/Logo_Rund_Final-1.png\",\"width\":404,\"height\":404,\"caption\":\"Schweizversand.ch\"},\"image\":{\"@id\":\"https:\\\/\\\/schweizversand.ch\\\/fr\\\/#\\\/schema\\\/logo\\\/image\\\/\"},\"sameAs\":[\"https:\\\/\\\/www.facebook.com\\\/Schweizversand\",\"https:\\\/\\\/www.instagram.com\\\/schweizversand.ch\\\/\"]}]}<\/script>\n<!-- \/ Yoast SEO plugin. -->","yoast_head_json":{"title":"Jette Sport Damen T-Shirt | Jetzt kaufen | Schweizversand.ch","description":"Jette Sport Damen T-Shirt g\u00fcnstig kaufen bei Schweizversand.ch. Schnelle Lieferung in der Schweiz. Gratisversand ab CHF 50.","robots":{"index":"index","follow":"follow","max-snippet":"max-snippet:-1","max-image-preview":"max-image-preview:large","max-video-preview":"max-video-preview:-1"},"canonical":"https:\/\/schweizversand.ch\/fr\/produkt\/jette-sport-damen-t-shirt-4\/","og_locale":"fr_FR","og_type":"article","og_title":"Jette Sport Damen T-Shirt | Jetzt kaufen | Schweizversand.ch","og_description":"Jette Sport Damen T-Shirt g\u00fcnstig kaufen bei Schweizversand.ch. Schnelle Lieferung in der Schweiz. Gratisversand ab CHF 50.","og_url":"https:\/\/schweizversand.ch\/fr\/produkt\/jette-sport-damen-t-shirt-4\/","og_site_name":"Schweizer Shop f\u00fcr Sport, Spiel und Freizeit","article_publisher":"https:\/\/www.facebook.com\/Schweizversand","article_modified_time":"2026-04-19T13:35:56+00:00","og_image":[{"width":1024,"height":1024,"url":"https:\/\/schweizversand.ch\/wp-content\/uploads\/2026\/02\/5471766646.jpg","type":"image\/jpeg"}],"twitter_card":"summary_large_image","twitter_misc":{"Dur\u00e9e de lecture estim\u00e9e":"1 minute"},"schema":{"@context":"https:\/\/schema.org","@graph":[{"@type":"WebPage","@id":"https:\/\/schweizversand.ch\/fr\/produkt\/jette-sport-damen-t-shirt-4\/","url":"https:\/\/schweizversand.ch\/fr\/produkt\/jette-sport-damen-t-shirt-4\/","name":"Jette Sport Damen T-Shirt | Jetzt kaufen | Schweizversand.ch","isPartOf":{"@id":"https:\/\/schweizversand.ch\/fr\/#website"},"primaryImageOfPage":{"@id":"https:\/\/schweizversand.ch\/fr\/produkt\/jette-sport-damen-t-shirt-4\/#primaryimage"},"image":{"@id":"https:\/\/schweizversand.ch\/fr\/produkt\/jette-sport-damen-t-shirt-4\/#primaryimage"},"thumbnailUrl":"https:\/\/schweizversand.ch\/wp-content\/uploads\/2026\/02\/5471766646.jpg","datePublished":"2026-03-14T23:57:03+00:00","dateModified":"2026-04-19T13:35:56+00:00","description":"Jette Sport Damen T-Shirt g\u00fcnstig kaufen bei Schweizversand.ch. Schnelle Lieferung in der Schweiz. Gratisversand ab CHF 50.","breadcrumb":{"@id":"https:\/\/schweizversand.ch\/fr\/produkt\/jette-sport-damen-t-shirt-4\/#breadcrumb"},"inLanguage":"fr-FR","potentialAction":[{"@type":"ReadAction","target":["https:\/\/schweizversand.ch\/fr\/produkt\/jette-sport-damen-t-shirt-4\/"]}]},{"@type":"ImageObject","inLanguage":"fr-FR","@id":"https:\/\/schweizversand.ch\/fr\/produkt\/jette-sport-damen-t-shirt-4\/#primaryimage","url":"https:\/\/schweizversand.ch\/wp-content\/uploads\/2026\/02\/5471766646.jpg","contentUrl":"https:\/\/schweizversand.ch\/wp-content\/uploads\/2026\/02\/5471766646.jpg","width":1024,"height":1024},{"@type":"BreadcrumbList","@id":"https:\/\/schweizversand.ch\/fr\/produkt\/jette-sport-damen-t-shirt-4\/#breadcrumb","itemListElement":[{"@type":"ListItem","position":1,"name":"Startseite","item":"https:\/\/schweizversand.ch\/fr\/home\/"},{"@type":"ListItem","position":2,"name":"Boutique","item":"https:\/\/schweizversand.ch\/fr\/boutique\/"},{"@type":"ListItem","position":3,"name":"Mode","item":"https:\/\/schweizversand.ch\/fr\/produkt-kategorie\/mode-fr\/"},{"@type":"ListItem","position":4,"name":"Mode f\u00e9minine","item":"https:\/\/schweizversand.ch\/fr\/produkt-kategorie\/mode\/mode-feminine\/"},{"@type":"ListItem","position":5,"name":"V\u00eatements pour femmes","item":"https:\/\/schweizversand.ch\/fr\/produkt-kategorie\/mode\/mode-feminine\/vetements-pour-femmes\/"},{"@type":"ListItem","position":6,"name":"T-shirt Jette Sport pour femmes"}]},{"@type":"WebSite","@id":"https:\/\/schweizversand.ch\/fr\/#website","url":"https:\/\/schweizversand.ch\/fr\/","name":"Schweizer Shop f\u00fcr Sport, Spiel und Freizeit","description":"Gratisversand ab 50.- (netto), ab eigenem schweizer Lager, Lieferung innert 48h","publisher":{"@id":"https:\/\/schweizversand.ch\/fr\/#organization"},"alternateName":"Schweizversand.ch","potentialAction":[{"@type":"SearchAction","target":{"@type":"EntryPoint","urlTemplate":"https:\/\/schweizversand.ch\/fr\/?s={search_term_string}"},"query-input":{"@type":"PropertyValueSpecification","valueRequired":true,"valueName":"search_term_string"}}],"inLanguage":"fr-FR"},{"@type":"Organization","@id":"https:\/\/schweizversand.ch\/fr\/#organization","name":"Schweizversand.ch","url":"https:\/\/schweizversand.ch\/fr\/","logo":{"@type":"ImageObject","inLanguage":"fr-FR","@id":"https:\/\/schweizversand.ch\/fr\/#\/schema\/logo\/image\/","url":"https:\/\/schweizversand.ch\/wp-content\/uploads\/2026\/03\/Logo_Rund_Final-1.png","contentUrl":"https:\/\/schweizversand.ch\/wp-content\/uploads\/2026\/03\/Logo_Rund_Final-1.png","width":404,"height":404,"caption":"Schweizversand.ch"},"image":{"@id":"https:\/\/schweizversand.ch\/fr\/#\/schema\/logo\/image\/"},"sameAs":["https:\/\/www.facebook.com\/Schweizversand","https:\/\/www.instagram.com\/schweizversand.ch\/"]}]}},"jetpack_sharing_enabled":true,"_links":{"self":[{"href":"https:\/\/schweizversand.ch\/fr\/wp-json\/wp\/v2\/product\/255327","targetHints":{"allow":["GET"]}}],"collection":[{"href":"https:\/\/schweizversand.ch\/fr\/wp-json\/wp\/v2\/product"}],"about":[{"href":"https:\/\/schweizversand.ch\/fr\/wp-json\/wp\/v2\/types\/product"}],"replies":[{"embeddable":true,"href":"https:\/\/schweizversand.ch\/fr\/wp-json\/wp\/v2\/comments?post=255327"}],"wp:featuredmedia":[{"embeddable":true,"href":"https:\/\/schweizversand.ch\/fr\/wp-json\/wp\/v2\/media\/164791"}],"wp:attachment":[{"href":"https:\/\/schweizversand.ch\/fr\/wp-json\/wp\/v2\/media?parent=255327"}],"wp:term":[{"taxonomy":"product_brand","embeddable":true,"href":"https:\/\/schweizversand.ch\/fr\/wp-json\/wp\/v2\/product_brand?post=255327"},{"taxonomy":"product_cat","embeddable":true,"href":"https:\/\/schweizversand.ch\/fr\/wp-json\/wp\/v2\/product_cat?post=255327"},{"taxonomy":"product_tag","embeddable":true,"href":"https:\/\/schweizversand.ch\/fr\/wp-json\/wp\/v2\/product_tag?post=255327"}],"curies":[{"name":"wp","href":"https:\/\/api.w.org\/{rel}","templated":true}]}}