{"id":255331,"date":"2026-03-15T00:57:04","date_gmt":"2026-03-14T23:57:04","guid":{"rendered":"https:\/\/schweizversand.ch\/produkt\/kynast-led-lampion\/"},"modified":"2026-04-20T02:04:19","modified_gmt":"2026-04-20T00:04:19","slug":"kynast-led-lampion","status":"publish","type":"product","link":"https:\/\/schweizversand.ch\/fr\/produkt\/kynast-led-lampion\/","title":{"rendered":"Lanterne LED Kynast"},"content":{"rendered":"<p>\u00ab\u00a0Lumi\u00e8re magique pour toutes les occasions &#8211; Lanterne LED\u00a0\u00bb<\/p>\n<p>Apportez une touche festive \u00e0 votre jardin, balcon ou int\u00e9rieur avec cette magnifique lanterne LED\u00a0! D&rsquo;un diam\u00e8tre de 30\u00a0cm, elle est disponible en cinq couleurs et diffuse une lumi\u00e8re blanche chaude dans n&rsquo;importe quel coin de votre maison. Id\u00e9ale \u00e0 suspendre, elle cr\u00e9e une ambiance chaleureuse et conviviale pour les occasions sp\u00e9ciales ou tout simplement comme un charmant \u00e9l\u00e9ment de d\u00e9coration.<\/p>\n<p>Fonctionnant avec une seule LED blanc chaud (une pile AAA non fournie), la lanterne est fabriqu\u00e9e en papier et en plastique. Vous pouvez ainsi la suspendre facilement o\u00f9 vous le souhaitez, sans avoir besoin de prise \u00e9lectrique.<\/p>\n<p>Caract\u00e9ristiques\u00a0:<\/p>\n<p>\u2022 \u00d8 30\u00a0cm, disponible en 5\u00a0couleurs<\/p>\n<p>\u2022 Couleurs assorties. Le choix de la couleur n&rsquo;est pas possible.<\/p>\n<p>Prix unitaire.<\/p>\n<p>\u2022 \u00c9quip\u00e9e d&rsquo;une LED blanc chaud pour un \u00e9clairage doux<\/p>\n<p>\u2022 \u00c0 suspendre \u2013 id\u00e9ale pour une utilisation int\u00e9rieure et ext\u00e9rieure<\/p>\n<p>\u2022 Fonctionne avec une pile (1 x AAA, non fournie)<\/p>\n<p>\u2022 Mat\u00e9riaux : Papier, plastique<\/p>\n<p>Parfaite pour les f\u00eates, les c\u00e9l\u00e9brations ou simplement pour cr\u00e9er une ambiance chaleureuse, cette lanterne LED apportera une touche d&rsquo;originalit\u00e9 \u00e0 votre d\u00e9coration !<\/p>\n","protected":false},"excerpt":{"rendered":"<p>\u00ab\u00a0Lumi\u00e8re magique pour toutes les occasions &#8211; Lanterne LED\u00a0\u00bb Apportez une touche festive \u00e0 votre jardin, balcon ou int\u00e9rieur avec cette magnifique lanterne LED\u00a0! D&rsquo;un diam\u00e8tre de 30\u00a0cm, elle est disponible en cinq couleurs et diffuse une lumi\u00e8re blanche chaude dans n&rsquo;importe quel coin de votre maison. Id\u00e9ale \u00e0 suspendre, elle cr\u00e9e une ambiance chaleureuse et conviviale pour les occasions sp\u00e9ciales ou tout simplement comme un charmant \u00e9l\u00e9ment de d\u00e9coration. Fonctionnant avec une seule LED&hellip;<\/p>\n","protected":false},"featured_media":164797,"comment_status":"open","ping_status":"closed","template":"","meta":[],"product_brand":[],"product_cat":[38159],"product_tag":[],"class_list":{"0":"post-255331","1":"product","2":"type-product","3":"status-publish","4":"has-post-thumbnail","6":"product_cat-gartenbeleuchtung","7":"product_shipping_class-global_methods","9":"first","10":"instock","11":"taxable","12":"shipping-taxable","13":"purchasable","14":"product-type-simple"},"yoast_head":"<!-- This site is optimized with the Yoast SEO plugin v27.4 - https:\/\/yoast.com\/product\/yoast-seo-wordpress\/ -->\n<title>Kynast LED Lampion | Jetzt kaufen | Schweizversand.ch<\/title>\n<meta name=\"description\" content=\"Kynast LED Lampion g\u00fcnstig kaufen bei Schweizversand.ch. Schnelle Lieferung in der Schweiz. Gratisversand ab CHF 50.\" \/>\n<meta name=\"robots\" content=\"index, follow, max-snippet:-1, max-image-preview:large, max-video-preview:-1\" \/>\n<link rel=\"canonical\" href=\"https:\/\/schweizversand.ch\/fr\/produkt\/kynast-led-lampion\/\" \/>\n<meta property=\"og:locale\" content=\"fr_FR\" \/>\n<meta property=\"og:type\" content=\"article\" \/>\n<meta property=\"og:title\" content=\"Kynast LED Lampion | Jetzt kaufen | Schweizversand.ch\" \/>\n<meta property=\"og:description\" content=\"Kynast LED Lampion g\u00fcnstig kaufen bei Schweizversand.ch. Schnelle Lieferung in der Schweiz. Gratisversand ab CHF 50.\" \/>\n<meta property=\"og:url\" content=\"https:\/\/schweizversand.ch\/fr\/produkt\/kynast-led-lampion\/\" \/>\n<meta property=\"og:site_name\" content=\"Schweizer Shop f\u00fcr Sport, Spiel und Freizeit\" \/>\n<meta property=\"article:publisher\" content=\"https:\/\/www.facebook.com\/Schweizversand\" \/>\n<meta property=\"article:modified_time\" content=\"2026-04-20T00:04:19+00:00\" \/>\n<meta property=\"og:image\" content=\"https:\/\/schweizversand.ch\/wp-content\/uploads\/2026\/02\/5471845196.jpg\" \/>\n\t<meta property=\"og:image:width\" content=\"1024\" \/>\n\t<meta property=\"og:image:height\" content=\"916\" \/>\n\t<meta property=\"og:image:type\" content=\"image\/jpeg\" \/>\n<meta name=\"twitter:card\" content=\"summary_large_image\" \/>\n<meta name=\"twitter:label1\" content=\"Dur\u00e9e de lecture estim\u00e9e\" \/>\n\t<meta name=\"twitter:data1\" content=\"1 minute\" \/>\n<script type=\"application\/ld+json\" class=\"yoast-schema-graph\">{\"@context\":\"https:\\\/\\\/schema.org\",\"@graph\":[{\"@type\":\"WebPage\",\"@id\":\"https:\\\/\\\/schweizversand.ch\\\/fr\\\/produkt\\\/kynast-led-lampion\\\/\",\"url\":\"https:\\\/\\\/schweizversand.ch\\\/fr\\\/produkt\\\/kynast-led-lampion\\\/\",\"name\":\"Kynast LED Lampion | Jetzt kaufen | Schweizversand.ch\",\"isPartOf\":{\"@id\":\"https:\\\/\\\/schweizversand.ch\\\/fr\\\/#website\"},\"primaryImageOfPage\":{\"@id\":\"https:\\\/\\\/schweizversand.ch\\\/fr\\\/produkt\\\/kynast-led-lampion\\\/#primaryimage\"},\"image\":{\"@id\":\"https:\\\/\\\/schweizversand.ch\\\/fr\\\/produkt\\\/kynast-led-lampion\\\/#primaryimage\"},\"thumbnailUrl\":\"https:\\\/\\\/schweizversand.ch\\\/wp-content\\\/uploads\\\/2026\\\/02\\\/5471845196.jpg\",\"datePublished\":\"2026-03-14T23:57:04+00:00\",\"dateModified\":\"2026-04-20T00:04:19+00:00\",\"description\":\"Kynast LED Lampion g\u00fcnstig kaufen bei Schweizversand.ch. Schnelle Lieferung in der Schweiz. Gratisversand ab CHF 50.\",\"breadcrumb\":{\"@id\":\"https:\\\/\\\/schweizversand.ch\\\/fr\\\/produkt\\\/kynast-led-lampion\\\/#breadcrumb\"},\"inLanguage\":\"fr-FR\",\"potentialAction\":[{\"@type\":\"ReadAction\",\"target\":[\"https:\\\/\\\/schweizversand.ch\\\/fr\\\/produkt\\\/kynast-led-lampion\\\/\"]}]},{\"@type\":\"ImageObject\",\"inLanguage\":\"fr-FR\",\"@id\":\"https:\\\/\\\/schweizversand.ch\\\/fr\\\/produkt\\\/kynast-led-lampion\\\/#primaryimage\",\"url\":\"https:\\\/\\\/schweizversand.ch\\\/wp-content\\\/uploads\\\/2026\\\/02\\\/5471845196.jpg\",\"contentUrl\":\"https:\\\/\\\/schweizversand.ch\\\/wp-content\\\/uploads\\\/2026\\\/02\\\/5471845196.jpg\",\"width\":1024,\"height\":916},{\"@type\":\"BreadcrumbList\",\"@id\":\"https:\\\/\\\/schweizversand.ch\\\/fr\\\/produkt\\\/kynast-led-lampion\\\/#breadcrumb\",\"itemListElement\":[{\"@type\":\"ListItem\",\"position\":1,\"name\":\"Startseite\",\"item\":\"https:\\\/\\\/schweizversand.ch\\\/fr\\\/home\\\/\"},{\"@type\":\"ListItem\",\"position\":2,\"name\":\"Boutique\",\"item\":\"https:\\\/\\\/schweizversand.ch\\\/fr\\\/boutique\\\/\"},{\"@type\":\"ListItem\",\"position\":3,\"name\":\"Maison et jardin\",\"item\":\"https:\\\/\\\/schweizversand.ch\\\/fr\\\/produkt-kategorie\\\/maison-et-jardin\\\/\"},{\"@type\":\"ListItem\",\"position\":4,\"name\":\"Mobilier de jardin\",\"item\":\"https:\\\/\\\/schweizversand.ch\\\/fr\\\/produkt-kategorie\\\/maison-et-jardin\\\/mobilier-de-jardin\\\/\"},{\"@type\":\"ListItem\",\"position\":5,\"name\":\"\u00c9clairage de jardin\",\"item\":\"https:\\\/\\\/schweizversand.ch\\\/fr\\\/produkt-kategorie\\\/maison-et-jardin\\\/mobilier-de-jardin\\\/gartenbeleuchtung\\\/\"},{\"@type\":\"ListItem\",\"position\":6,\"name\":\"Lanterne LED Kynast\"}]},{\"@type\":\"WebSite\",\"@id\":\"https:\\\/\\\/schweizversand.ch\\\/fr\\\/#website\",\"url\":\"https:\\\/\\\/schweizversand.ch\\\/fr\\\/\",\"name\":\"Schweizer Shop f\u00fcr Sport, Spiel und Freizeit\",\"description\":\"Gratisversand ab 50.- (netto), ab eigenem schweizer Lager, Lieferung innert 48h\",\"publisher\":{\"@id\":\"https:\\\/\\\/schweizversand.ch\\\/fr\\\/#organization\"},\"alternateName\":\"Schweizversand.ch\",\"potentialAction\":[{\"@type\":\"SearchAction\",\"target\":{\"@type\":\"EntryPoint\",\"urlTemplate\":\"https:\\\/\\\/schweizversand.ch\\\/fr\\\/?s={search_term_string}\"},\"query-input\":{\"@type\":\"PropertyValueSpecification\",\"valueRequired\":true,\"valueName\":\"search_term_string\"}}],\"inLanguage\":\"fr-FR\"},{\"@type\":\"Organization\",\"@id\":\"https:\\\/\\\/schweizversand.ch\\\/fr\\\/#organization\",\"name\":\"Schweizversand.ch\",\"url\":\"https:\\\/\\\/schweizversand.ch\\\/fr\\\/\",\"logo\":{\"@type\":\"ImageObject\",\"inLanguage\":\"fr-FR\",\"@id\":\"https:\\\/\\\/schweizversand.ch\\\/fr\\\/#\\\/schema\\\/logo\\\/image\\\/\",\"url\":\"https:\\\/\\\/schweizversand.ch\\\/wp-content\\\/uploads\\\/2026\\\/03\\\/Logo_Rund_Final-1.png\",\"contentUrl\":\"https:\\\/\\\/schweizversand.ch\\\/wp-content\\\/uploads\\\/2026\\\/03\\\/Logo_Rund_Final-1.png\",\"width\":404,\"height\":404,\"caption\":\"Schweizversand.ch\"},\"image\":{\"@id\":\"https:\\\/\\\/schweizversand.ch\\\/fr\\\/#\\\/schema\\\/logo\\\/image\\\/\"},\"sameAs\":[\"https:\\\/\\\/www.facebook.com\\\/Schweizversand\",\"https:\\\/\\\/www.instagram.com\\\/schweizversand.ch\\\/\"]}]}<\/script>\n<!-- \/ Yoast SEO plugin. -->","yoast_head_json":{"title":"Kynast LED Lampion | Jetzt kaufen | Schweizversand.ch","description":"Kynast LED Lampion g\u00fcnstig kaufen bei Schweizversand.ch. Schnelle Lieferung in der Schweiz. Gratisversand ab CHF 50.","robots":{"index":"index","follow":"follow","max-snippet":"max-snippet:-1","max-image-preview":"max-image-preview:large","max-video-preview":"max-video-preview:-1"},"canonical":"https:\/\/schweizversand.ch\/fr\/produkt\/kynast-led-lampion\/","og_locale":"fr_FR","og_type":"article","og_title":"Kynast LED Lampion | Jetzt kaufen | Schweizversand.ch","og_description":"Kynast LED Lampion g\u00fcnstig kaufen bei Schweizversand.ch. Schnelle Lieferung in der Schweiz. Gratisversand ab CHF 50.","og_url":"https:\/\/schweizversand.ch\/fr\/produkt\/kynast-led-lampion\/","og_site_name":"Schweizer Shop f\u00fcr Sport, Spiel und Freizeit","article_publisher":"https:\/\/www.facebook.com\/Schweizversand","article_modified_time":"2026-04-20T00:04:19+00:00","og_image":[{"width":1024,"height":916,"url":"https:\/\/schweizversand.ch\/wp-content\/uploads\/2026\/02\/5471845196.jpg","type":"image\/jpeg"}],"twitter_card":"summary_large_image","twitter_misc":{"Dur\u00e9e de lecture estim\u00e9e":"1 minute"},"schema":{"@context":"https:\/\/schema.org","@graph":[{"@type":"WebPage","@id":"https:\/\/schweizversand.ch\/fr\/produkt\/kynast-led-lampion\/","url":"https:\/\/schweizversand.ch\/fr\/produkt\/kynast-led-lampion\/","name":"Kynast LED Lampion | Jetzt kaufen | Schweizversand.ch","isPartOf":{"@id":"https:\/\/schweizversand.ch\/fr\/#website"},"primaryImageOfPage":{"@id":"https:\/\/schweizversand.ch\/fr\/produkt\/kynast-led-lampion\/#primaryimage"},"image":{"@id":"https:\/\/schweizversand.ch\/fr\/produkt\/kynast-led-lampion\/#primaryimage"},"thumbnailUrl":"https:\/\/schweizversand.ch\/wp-content\/uploads\/2026\/02\/5471845196.jpg","datePublished":"2026-03-14T23:57:04+00:00","dateModified":"2026-04-20T00:04:19+00:00","description":"Kynast LED Lampion g\u00fcnstig kaufen bei Schweizversand.ch. Schnelle Lieferung in der Schweiz. Gratisversand ab CHF 50.","breadcrumb":{"@id":"https:\/\/schweizversand.ch\/fr\/produkt\/kynast-led-lampion\/#breadcrumb"},"inLanguage":"fr-FR","potentialAction":[{"@type":"ReadAction","target":["https:\/\/schweizversand.ch\/fr\/produkt\/kynast-led-lampion\/"]}]},{"@type":"ImageObject","inLanguage":"fr-FR","@id":"https:\/\/schweizversand.ch\/fr\/produkt\/kynast-led-lampion\/#primaryimage","url":"https:\/\/schweizversand.ch\/wp-content\/uploads\/2026\/02\/5471845196.jpg","contentUrl":"https:\/\/schweizversand.ch\/wp-content\/uploads\/2026\/02\/5471845196.jpg","width":1024,"height":916},{"@type":"BreadcrumbList","@id":"https:\/\/schweizversand.ch\/fr\/produkt\/kynast-led-lampion\/#breadcrumb","itemListElement":[{"@type":"ListItem","position":1,"name":"Startseite","item":"https:\/\/schweizversand.ch\/fr\/home\/"},{"@type":"ListItem","position":2,"name":"Boutique","item":"https:\/\/schweizversand.ch\/fr\/boutique\/"},{"@type":"ListItem","position":3,"name":"Maison et jardin","item":"https:\/\/schweizversand.ch\/fr\/produkt-kategorie\/maison-et-jardin\/"},{"@type":"ListItem","position":4,"name":"Mobilier de jardin","item":"https:\/\/schweizversand.ch\/fr\/produkt-kategorie\/maison-et-jardin\/mobilier-de-jardin\/"},{"@type":"ListItem","position":5,"name":"\u00c9clairage de jardin","item":"https:\/\/schweizversand.ch\/fr\/produkt-kategorie\/maison-et-jardin\/mobilier-de-jardin\/gartenbeleuchtung\/"},{"@type":"ListItem","position":6,"name":"Lanterne LED Kynast"}]},{"@type":"WebSite","@id":"https:\/\/schweizversand.ch\/fr\/#website","url":"https:\/\/schweizversand.ch\/fr\/","name":"Schweizer Shop f\u00fcr Sport, Spiel und Freizeit","description":"Gratisversand ab 50.- (netto), ab eigenem schweizer Lager, Lieferung innert 48h","publisher":{"@id":"https:\/\/schweizversand.ch\/fr\/#organization"},"alternateName":"Schweizversand.ch","potentialAction":[{"@type":"SearchAction","target":{"@type":"EntryPoint","urlTemplate":"https:\/\/schweizversand.ch\/fr\/?s={search_term_string}"},"query-input":{"@type":"PropertyValueSpecification","valueRequired":true,"valueName":"search_term_string"}}],"inLanguage":"fr-FR"},{"@type":"Organization","@id":"https:\/\/schweizversand.ch\/fr\/#organization","name":"Schweizversand.ch","url":"https:\/\/schweizversand.ch\/fr\/","logo":{"@type":"ImageObject","inLanguage":"fr-FR","@id":"https:\/\/schweizversand.ch\/fr\/#\/schema\/logo\/image\/","url":"https:\/\/schweizversand.ch\/wp-content\/uploads\/2026\/03\/Logo_Rund_Final-1.png","contentUrl":"https:\/\/schweizversand.ch\/wp-content\/uploads\/2026\/03\/Logo_Rund_Final-1.png","width":404,"height":404,"caption":"Schweizversand.ch"},"image":{"@id":"https:\/\/schweizversand.ch\/fr\/#\/schema\/logo\/image\/"},"sameAs":["https:\/\/www.facebook.com\/Schweizversand","https:\/\/www.instagram.com\/schweizversand.ch\/"]}]}},"jetpack_sharing_enabled":true,"_links":{"self":[{"href":"https:\/\/schweizversand.ch\/fr\/wp-json\/wp\/v2\/product\/255331","targetHints":{"allow":["GET"]}}],"collection":[{"href":"https:\/\/schweizversand.ch\/fr\/wp-json\/wp\/v2\/product"}],"about":[{"href":"https:\/\/schweizversand.ch\/fr\/wp-json\/wp\/v2\/types\/product"}],"replies":[{"embeddable":true,"href":"https:\/\/schweizversand.ch\/fr\/wp-json\/wp\/v2\/comments?post=255331"}],"wp:featuredmedia":[{"embeddable":true,"href":"https:\/\/schweizversand.ch\/fr\/wp-json\/wp\/v2\/media\/164797"}],"wp:attachment":[{"href":"https:\/\/schweizversand.ch\/fr\/wp-json\/wp\/v2\/media?parent=255331"}],"wp:term":[{"taxonomy":"product_brand","embeddable":true,"href":"https:\/\/schweizversand.ch\/fr\/wp-json\/wp\/v2\/product_brand?post=255331"},{"taxonomy":"product_cat","embeddable":true,"href":"https:\/\/schweizversand.ch\/fr\/wp-json\/wp\/v2\/product_cat?post=255331"},{"taxonomy":"product_tag","embeddable":true,"href":"https:\/\/schweizversand.ch\/fr\/wp-json\/wp\/v2\/product_tag?post=255331"}],"curies":[{"name":"wp","href":"https:\/\/api.w.org\/{rel}","templated":true}]}}