{"id":255338,"date":"2026-03-15T00:57:05","date_gmt":"2026-03-14T23:57:05","guid":{"rendered":"https:\/\/schweizversand.ch\/produkt\/kynast-schwerlastregal-175kg-pro-boden\/"},"modified":"2026-04-22T15:35:20","modified_gmt":"2026-04-22T13:35:20","slug":"kynast-schwerlastregal-175kg-pro-boden","status":"publish","type":"product","link":"https:\/\/schweizversand.ch\/fr\/produkt\/kynast-schwerlastregal-175kg-pro-boden\/","title":{"rendered":"\u00c9tag\u00e8re robuste Kynast, 175 kg par \u00e9tag\u00e8re"},"content":{"rendered":"<p>Cette \u00e9tag\u00e8re robuste sans boulons est une solution de rangement id\u00e9ale pour de nombreuses applications. Voici ses principales caract\u00e9ristiques\u00a0: \u2022 Construction robuste\u00a0: Fabriqu\u00e9e avec un cadre en acier galvanis\u00e9 et des traverses pour une durabilit\u00e9 et une stabilit\u00e9 optimales. \u2022 \u00c9tag\u00e8res\u00a0: Fabriqu\u00e9es en MDF, elles supportent une charge de 175\u00a0kg chacune (charge uniform\u00e9ment r\u00e9partie). L\u2019\u00e9tag\u00e8re peut supporter jusqu\u2019\u00e0 875\u00a0kg de charge uniform\u00e9ment r\u00e9partie. \u2022 Configuration personnalisable\u00a0: Les \u00e9tag\u00e8res r\u00e9glables offrent diverses possibilit\u00e9s d\u2019assemblage. \u2022 Montage facile\u00a0: Les connexions par embo\u00eetement permettent un montage simple et rapide, sans outils. Cette \u00e9tag\u00e8re est id\u00e9ale pour les entrep\u00f4ts, les ateliers et autres environnements o\u00f9 le stockage de produits lourds est essentiel et doit \u00eatre r\u00e9alis\u00e9 de mani\u00e8re s\u00fbre et efficace. Relativement l\u00e9g\u00e8re (13,2\u00a0kg), elle est facile \u00e0 transporter et \u00e0 d\u00e9placer.<\/p>\n","protected":false},"excerpt":{"rendered":"<p>Cette \u00e9tag\u00e8re robuste sans boulons est une solution de rangement id\u00e9ale pour de nombreuses applications. Voici ses principales caract\u00e9ristiques\u00a0: \u2022 Construction robuste\u00a0: Fabriqu\u00e9e avec un cadre en acier galvanis\u00e9 et des traverses pour une durabilit\u00e9 et une stabilit\u00e9 optimales. \u2022 \u00c9tag\u00e8res\u00a0: Fabriqu\u00e9es en MDF, elles supportent une charge de 175\u00a0kg chacune (charge uniform\u00e9ment r\u00e9partie). L\u2019\u00e9tag\u00e8re peut supporter jusqu\u2019\u00e0 875\u00a0kg de charge uniform\u00e9ment r\u00e9partie. \u2022 Configuration personnalisable\u00a0: Les \u00e9tag\u00e8res r\u00e9glables offrent diverses possibilit\u00e9s d\u2019assemblage. \u2022 Montage&hellip;<\/p>\n","protected":false},"featured_media":164849,"comment_status":"open","ping_status":"closed","template":"","meta":[],"product_brand":[],"product_cat":[38951],"product_tag":[],"class_list":{"0":"post-255338","1":"product","2":"type-product","3":"status-publish","4":"has-post-thumbnail","6":"product_cat-regale","7":"product_shipping_class-global_methods","9":"first","10":"instock","11":"taxable","12":"shipping-taxable","13":"purchasable","14":"product-type-simple"},"yoast_head":"<!-- This site is optimized with the Yoast SEO plugin v27.4 - https:\/\/yoast.com\/product\/yoast-seo-wordpress\/ -->\n<title>Kynast Schwerlastregal 175kg pro Boden | Jetzt kaufen | Schweizversand.ch<\/title>\n<meta name=\"description\" content=\"Kynast Schwerlastregal 175kg pro Boden g\u00fcnstig kaufen bei Schweizversand.ch. Schnelle Lieferung in der Schweiz. Gratisversand ab CHF 50.\" \/>\n<meta name=\"robots\" content=\"index, follow, max-snippet:-1, max-image-preview:large, max-video-preview:-1\" \/>\n<link rel=\"canonical\" href=\"https:\/\/schweizversand.ch\/fr\/produkt\/kynast-schwerlastregal-175kg-pro-boden\/\" \/>\n<meta property=\"og:locale\" content=\"fr_FR\" \/>\n<meta property=\"og:type\" content=\"article\" \/>\n<meta property=\"og:title\" content=\"Kynast Schwerlastregal 175kg pro Boden | Jetzt kaufen | Schweizversand.ch\" \/>\n<meta property=\"og:description\" content=\"Kynast Schwerlastregal 175kg pro Boden g\u00fcnstig kaufen bei Schweizversand.ch. Schnelle Lieferung in der Schweiz. Gratisversand ab CHF 50.\" \/>\n<meta property=\"og:url\" content=\"https:\/\/schweizversand.ch\/fr\/produkt\/kynast-schwerlastregal-175kg-pro-boden\/\" \/>\n<meta property=\"og:site_name\" content=\"Schweizer Shop f\u00fcr Sport, Spiel und Freizeit\" \/>\n<meta property=\"article:publisher\" content=\"https:\/\/www.facebook.com\/Schweizversand\" \/>\n<meta property=\"article:modified_time\" content=\"2026-04-22T13:35:20+00:00\" \/>\n<meta name=\"twitter:card\" content=\"summary_large_image\" \/>\n<meta name=\"twitter:label1\" content=\"Dur\u00e9e de lecture estim\u00e9e\" \/>\n\t<meta name=\"twitter:data1\" content=\"1 minute\" \/>\n<script type=\"application\/ld+json\" class=\"yoast-schema-graph\">{\"@context\":\"https:\\\/\\\/schema.org\",\"@graph\":[{\"@type\":\"WebPage\",\"@id\":\"https:\\\/\\\/schweizversand.ch\\\/fr\\\/produkt\\\/kynast-schwerlastregal-175kg-pro-boden\\\/\",\"url\":\"https:\\\/\\\/schweizversand.ch\\\/fr\\\/produkt\\\/kynast-schwerlastregal-175kg-pro-boden\\\/\",\"name\":\"Kynast Schwerlastregal 175kg pro Boden | Jetzt kaufen | Schweizversand.ch\",\"isPartOf\":{\"@id\":\"https:\\\/\\\/schweizversand.ch\\\/fr\\\/#website\"},\"primaryImageOfPage\":{\"@id\":\"https:\\\/\\\/schweizversand.ch\\\/fr\\\/produkt\\\/kynast-schwerlastregal-175kg-pro-boden\\\/#primaryimage\"},\"image\":{\"@id\":\"https:\\\/\\\/schweizversand.ch\\\/fr\\\/produkt\\\/kynast-schwerlastregal-175kg-pro-boden\\\/#primaryimage\"},\"thumbnailUrl\":\"https:\\\/\\\/schweizversand.ch\\\/wp-content\\\/uploads\\\/2026\\\/02\\\/5471536008.jpg\",\"datePublished\":\"2026-03-14T23:57:05+00:00\",\"dateModified\":\"2026-04-22T13:35:20+00:00\",\"description\":\"Kynast Schwerlastregal 175kg pro Boden g\u00fcnstig kaufen bei Schweizversand.ch. Schnelle Lieferung in der Schweiz. Gratisversand ab CHF 50.\",\"breadcrumb\":{\"@id\":\"https:\\\/\\\/schweizversand.ch\\\/fr\\\/produkt\\\/kynast-schwerlastregal-175kg-pro-boden\\\/#breadcrumb\"},\"inLanguage\":\"fr-FR\",\"potentialAction\":[{\"@type\":\"ReadAction\",\"target\":[\"https:\\\/\\\/schweizversand.ch\\\/fr\\\/produkt\\\/kynast-schwerlastregal-175kg-pro-boden\\\/\"]}]},{\"@type\":\"ImageObject\",\"inLanguage\":\"fr-FR\",\"@id\":\"https:\\\/\\\/schweizversand.ch\\\/fr\\\/produkt\\\/kynast-schwerlastregal-175kg-pro-boden\\\/#primaryimage\",\"url\":\"https:\\\/\\\/schweizversand.ch\\\/wp-content\\\/uploads\\\/2026\\\/02\\\/5471536008.jpg\",\"contentUrl\":\"https:\\\/\\\/schweizversand.ch\\\/wp-content\\\/uploads\\\/2026\\\/02\\\/5471536008.jpg\",\"width\":578,\"height\":1024},{\"@type\":\"BreadcrumbList\",\"@id\":\"https:\\\/\\\/schweizversand.ch\\\/fr\\\/produkt\\\/kynast-schwerlastregal-175kg-pro-boden\\\/#breadcrumb\",\"itemListElement\":[{\"@type\":\"ListItem\",\"position\":1,\"name\":\"Startseite\",\"item\":\"https:\\\/\\\/schweizversand.ch\\\/fr\\\/home\\\/\"},{\"@type\":\"ListItem\",\"position\":2,\"name\":\"Boutique\",\"item\":\"https:\\\/\\\/schweizversand.ch\\\/fr\\\/boutique\\\/\"},{\"@type\":\"ListItem\",\"position\":3,\"name\":\"Accueil\",\"item\":\"https:\\\/\\\/schweizversand.ch\\\/fr\\\/produkt-kategorie\\\/accueil\\\/\"},{\"@type\":\"ListItem\",\"position\":4,\"name\":\"Rangement et organisation\",\"item\":\"https:\\\/\\\/schweizversand.ch\\\/fr\\\/produkt-kategorie\\\/accueil\\\/rangement-et-organisation\\\/\"},{\"@type\":\"ListItem\",\"position\":5,\"name\":\"\u00c9tag\u00e8res\",\"item\":\"https:\\\/\\\/schweizversand.ch\\\/fr\\\/produkt-kategorie\\\/regale\\\/\"},{\"@type\":\"ListItem\",\"position\":6,\"name\":\"\u00c9tag\u00e8re robuste Kynast, 175 kg par \u00e9tag\u00e8re\"}]},{\"@type\":\"WebSite\",\"@id\":\"https:\\\/\\\/schweizversand.ch\\\/fr\\\/#website\",\"url\":\"https:\\\/\\\/schweizversand.ch\\\/fr\\\/\",\"name\":\"Schweizer Shop f\u00fcr Sport, Spiel und Freizeit\",\"description\":\"Gratisversand ab 50.- (netto), ab eigenem schweizer Lager, Lieferung innert 48h\",\"publisher\":{\"@id\":\"https:\\\/\\\/schweizversand.ch\\\/fr\\\/#organization\"},\"alternateName\":\"Schweizversand.ch\",\"potentialAction\":[{\"@type\":\"SearchAction\",\"target\":{\"@type\":\"EntryPoint\",\"urlTemplate\":\"https:\\\/\\\/schweizversand.ch\\\/fr\\\/?s={search_term_string}\"},\"query-input\":{\"@type\":\"PropertyValueSpecification\",\"valueRequired\":true,\"valueName\":\"search_term_string\"}}],\"inLanguage\":\"fr-FR\"},{\"@type\":\"Organization\",\"@id\":\"https:\\\/\\\/schweizversand.ch\\\/fr\\\/#organization\",\"name\":\"Schweizversand.ch\",\"url\":\"https:\\\/\\\/schweizversand.ch\\\/fr\\\/\",\"logo\":{\"@type\":\"ImageObject\",\"inLanguage\":\"fr-FR\",\"@id\":\"https:\\\/\\\/schweizversand.ch\\\/fr\\\/#\\\/schema\\\/logo\\\/image\\\/\",\"url\":\"https:\\\/\\\/schweizversand.ch\\\/wp-content\\\/uploads\\\/2026\\\/03\\\/Logo_Rund_Final-1.png\",\"contentUrl\":\"https:\\\/\\\/schweizversand.ch\\\/wp-content\\\/uploads\\\/2026\\\/03\\\/Logo_Rund_Final-1.png\",\"width\":404,\"height\":404,\"caption\":\"Schweizversand.ch\"},\"image\":{\"@id\":\"https:\\\/\\\/schweizversand.ch\\\/fr\\\/#\\\/schema\\\/logo\\\/image\\\/\"},\"sameAs\":[\"https:\\\/\\\/www.facebook.com\\\/Schweizversand\",\"https:\\\/\\\/www.instagram.com\\\/schweizversand.ch\\\/\"]}]}<\/script>\n<!-- \/ Yoast SEO plugin. -->","yoast_head_json":{"title":"Kynast Schwerlastregal 175kg pro Boden | Jetzt kaufen | Schweizversand.ch","description":"Kynast Schwerlastregal 175kg pro Boden g\u00fcnstig kaufen bei Schweizversand.ch. Schnelle Lieferung in der Schweiz. Gratisversand ab CHF 50.","robots":{"index":"index","follow":"follow","max-snippet":"max-snippet:-1","max-image-preview":"max-image-preview:large","max-video-preview":"max-video-preview:-1"},"canonical":"https:\/\/schweizversand.ch\/fr\/produkt\/kynast-schwerlastregal-175kg-pro-boden\/","og_locale":"fr_FR","og_type":"article","og_title":"Kynast Schwerlastregal 175kg pro Boden | Jetzt kaufen | Schweizversand.ch","og_description":"Kynast Schwerlastregal 175kg pro Boden g\u00fcnstig kaufen bei Schweizversand.ch. Schnelle Lieferung in der Schweiz. Gratisversand ab CHF 50.","og_url":"https:\/\/schweizversand.ch\/fr\/produkt\/kynast-schwerlastregal-175kg-pro-boden\/","og_site_name":"Schweizer Shop f\u00fcr Sport, Spiel und Freizeit","article_publisher":"https:\/\/www.facebook.com\/Schweizversand","article_modified_time":"2026-04-22T13:35:20+00:00","twitter_card":"summary_large_image","twitter_misc":{"Dur\u00e9e de lecture estim\u00e9e":"1 minute"},"schema":{"@context":"https:\/\/schema.org","@graph":[{"@type":"WebPage","@id":"https:\/\/schweizversand.ch\/fr\/produkt\/kynast-schwerlastregal-175kg-pro-boden\/","url":"https:\/\/schweizversand.ch\/fr\/produkt\/kynast-schwerlastregal-175kg-pro-boden\/","name":"Kynast Schwerlastregal 175kg pro Boden | Jetzt kaufen | Schweizversand.ch","isPartOf":{"@id":"https:\/\/schweizversand.ch\/fr\/#website"},"primaryImageOfPage":{"@id":"https:\/\/schweizversand.ch\/fr\/produkt\/kynast-schwerlastregal-175kg-pro-boden\/#primaryimage"},"image":{"@id":"https:\/\/schweizversand.ch\/fr\/produkt\/kynast-schwerlastregal-175kg-pro-boden\/#primaryimage"},"thumbnailUrl":"https:\/\/schweizversand.ch\/wp-content\/uploads\/2026\/02\/5471536008.jpg","datePublished":"2026-03-14T23:57:05+00:00","dateModified":"2026-04-22T13:35:20+00:00","description":"Kynast Schwerlastregal 175kg pro Boden g\u00fcnstig kaufen bei Schweizversand.ch. Schnelle Lieferung in der Schweiz. Gratisversand ab CHF 50.","breadcrumb":{"@id":"https:\/\/schweizversand.ch\/fr\/produkt\/kynast-schwerlastregal-175kg-pro-boden\/#breadcrumb"},"inLanguage":"fr-FR","potentialAction":[{"@type":"ReadAction","target":["https:\/\/schweizversand.ch\/fr\/produkt\/kynast-schwerlastregal-175kg-pro-boden\/"]}]},{"@type":"ImageObject","inLanguage":"fr-FR","@id":"https:\/\/schweizversand.ch\/fr\/produkt\/kynast-schwerlastregal-175kg-pro-boden\/#primaryimage","url":"https:\/\/schweizversand.ch\/wp-content\/uploads\/2026\/02\/5471536008.jpg","contentUrl":"https:\/\/schweizversand.ch\/wp-content\/uploads\/2026\/02\/5471536008.jpg","width":578,"height":1024},{"@type":"BreadcrumbList","@id":"https:\/\/schweizversand.ch\/fr\/produkt\/kynast-schwerlastregal-175kg-pro-boden\/#breadcrumb","itemListElement":[{"@type":"ListItem","position":1,"name":"Startseite","item":"https:\/\/schweizversand.ch\/fr\/home\/"},{"@type":"ListItem","position":2,"name":"Boutique","item":"https:\/\/schweizversand.ch\/fr\/boutique\/"},{"@type":"ListItem","position":3,"name":"Accueil","item":"https:\/\/schweizversand.ch\/fr\/produkt-kategorie\/accueil\/"},{"@type":"ListItem","position":4,"name":"Rangement et organisation","item":"https:\/\/schweizversand.ch\/fr\/produkt-kategorie\/accueil\/rangement-et-organisation\/"},{"@type":"ListItem","position":5,"name":"\u00c9tag\u00e8res","item":"https:\/\/schweizversand.ch\/fr\/produkt-kategorie\/regale\/"},{"@type":"ListItem","position":6,"name":"\u00c9tag\u00e8re robuste Kynast, 175 kg par \u00e9tag\u00e8re"}]},{"@type":"WebSite","@id":"https:\/\/schweizversand.ch\/fr\/#website","url":"https:\/\/schweizversand.ch\/fr\/","name":"Schweizer Shop f\u00fcr Sport, Spiel und Freizeit","description":"Gratisversand ab 50.- (netto), ab eigenem schweizer Lager, Lieferung innert 48h","publisher":{"@id":"https:\/\/schweizversand.ch\/fr\/#organization"},"alternateName":"Schweizversand.ch","potentialAction":[{"@type":"SearchAction","target":{"@type":"EntryPoint","urlTemplate":"https:\/\/schweizversand.ch\/fr\/?s={search_term_string}"},"query-input":{"@type":"PropertyValueSpecification","valueRequired":true,"valueName":"search_term_string"}}],"inLanguage":"fr-FR"},{"@type":"Organization","@id":"https:\/\/schweizversand.ch\/fr\/#organization","name":"Schweizversand.ch","url":"https:\/\/schweizversand.ch\/fr\/","logo":{"@type":"ImageObject","inLanguage":"fr-FR","@id":"https:\/\/schweizversand.ch\/fr\/#\/schema\/logo\/image\/","url":"https:\/\/schweizversand.ch\/wp-content\/uploads\/2026\/03\/Logo_Rund_Final-1.png","contentUrl":"https:\/\/schweizversand.ch\/wp-content\/uploads\/2026\/03\/Logo_Rund_Final-1.png","width":404,"height":404,"caption":"Schweizversand.ch"},"image":{"@id":"https:\/\/schweizversand.ch\/fr\/#\/schema\/logo\/image\/"},"sameAs":["https:\/\/www.facebook.com\/Schweizversand","https:\/\/www.instagram.com\/schweizversand.ch\/"]}]}},"jetpack_sharing_enabled":true,"_links":{"self":[{"href":"https:\/\/schweizversand.ch\/fr\/wp-json\/wp\/v2\/product\/255338","targetHints":{"allow":["GET"]}}],"collection":[{"href":"https:\/\/schweizversand.ch\/fr\/wp-json\/wp\/v2\/product"}],"about":[{"href":"https:\/\/schweizversand.ch\/fr\/wp-json\/wp\/v2\/types\/product"}],"replies":[{"embeddable":true,"href":"https:\/\/schweizversand.ch\/fr\/wp-json\/wp\/v2\/comments?post=255338"}],"wp:featuredmedia":[{"embeddable":true,"href":"https:\/\/schweizversand.ch\/fr\/wp-json\/wp\/v2\/media\/164849"}],"wp:attachment":[{"href":"https:\/\/schweizversand.ch\/fr\/wp-json\/wp\/v2\/media?parent=255338"}],"wp:term":[{"taxonomy":"product_brand","embeddable":true,"href":"https:\/\/schweizversand.ch\/fr\/wp-json\/wp\/v2\/product_brand?post=255338"},{"taxonomy":"product_cat","embeddable":true,"href":"https:\/\/schweizversand.ch\/fr\/wp-json\/wp\/v2\/product_cat?post=255338"},{"taxonomy":"product_tag","embeddable":true,"href":"https:\/\/schweizversand.ch\/fr\/wp-json\/wp\/v2\/product_tag?post=255338"}],"curies":[{"name":"wp","href":"https:\/\/api.w.org\/{rel}","templated":true}]}}