{"id":255344,"date":"2026-03-15T00:57:06","date_gmt":"2026-03-14T23:57:06","guid":{"rendered":"https:\/\/schweizversand.ch\/produkt\/steffi-love-puppe-sport\/"},"modified":"2026-04-19T15:35:57","modified_gmt":"2026-04-19T13:35:57","slug":"steffi-love-puppe-sport","status":"publish","type":"product","link":"https:\/\/schweizversand.ch\/fr\/produkt\/steffi-love-puppe-sport\/","title":{"rendered":"Poup\u00e9e Steffi Love Sport"},"content":{"rendered":"<h1><strong>Poup\u00e9e Steffi Love en tenue de sport \u2013 Passionn\u00e9e de fitness<\/strong><\/h1>\n<div>Plongez dans l&rsquo;univers du fitness et de la mode avec la poup\u00e9e <strong>Steffi Love<\/strong>\u00a0! Cette poup\u00e9e tendance est pr\u00eate pour sa s\u00e9ance d&rsquo;entra\u00eenement et inspire des moments de jeu actifs et cr\u00e9atifs.<\/p>\n<\/div>\n<div><strong>Steffi Love, ic\u00f4ne du fitness<\/strong><br \/>Steffi est une v\u00e9ritable passionn\u00e9e de fitness et adore garder la forme. Dans sa tenue de sport chic deux pi\u00e8ces, compos\u00e9e d&rsquo;un legging \u00e9l\u00e9gant et d&rsquo;un d\u00e9bardeur, elle est parfaitement \u00e9quip\u00e9e pour tous vos entra\u00eenements. Cette poup\u00e9e de yoga montre \u00e0 quel point le sport peut \u00eatre amusant.<\/p>\n<\/div>\n<div><strong>Accessoires complets pour l&rsquo;entra\u00eenement<\/strong><br \/>Steffi est livr\u00e9e avec tout le n\u00e9cessaire pour sa pratique r\u00e9guli\u00e8re du yoga. Le tapis de gymnastique pour poup\u00e9e est indispensable pour ses \u00e9tirements. Une bouteille d&rsquo;eau est \u00e9galement incluse pour que Steffi puisse s&rsquo;hydrater apr\u00e8s sa s\u00e9ance intense. Ce coffret stimule l&rsquo;imagination et est id\u00e9al pour les jeux de r\u00f4le autour de <strong>Steffi Love Fitness<\/strong>.<\/p>\n<\/div>\n<div><strong>Cadeau id\u00e9al pour les petits sportifs<\/strong><br \/>La poup\u00e9e <strong>Steffi Love<\/strong> mesure environ 29 cm et, gr\u00e2ce \u00e0 sa taille et \u00e0 son design, est parfaitement adapt\u00e9e aux petites mains. C&rsquo;est le jouet id\u00e9al <strong>\u00e0 partir de 3 ans<\/strong> qui stimule la cr\u00e9ativit\u00e9.<\/p>\n<\/div>\n<div><strong>D\u00e9tails du produit et \u00e2ge recommand\u00e9<\/strong><br \/>&#8211; Taille\u00a0: Environ 29 cm<br \/>&#8211; \u00c2ge recommand\u00e9\u00a0: <strong>\u00c0 partir de 3 ans<\/strong><br \/><\/strong><\/div>\n<div>Laissez s&rsquo;\u00e9panouir la cr\u00e9ativit\u00e9 de votre enfant et offrez-lui des moments de jeu inoubliables. Procurez-lui la poup\u00e9e sportive Steffi Love d\u00e8s maintenant et inspirez-le \u00e0 vivre des aventures actives\u00a0!<\/p>\n","protected":false},"excerpt":{"rendered":"<p>Poup\u00e9e Steffi Love en tenue de sport \u2013 Passionn\u00e9e de fitness Plongez dans l&rsquo;univers du fitness et de la mode avec la poup\u00e9e Steffi Love\u00a0! Cette poup\u00e9e tendance est pr\u00eate pour sa s\u00e9ance d&rsquo;entra\u00eenement et inspire des moments de jeu actifs et cr\u00e9atifs. Steffi Love, ic\u00f4ne du fitnessSteffi est une v\u00e9ritable passionn\u00e9e de fitness et adore garder la forme. Dans sa tenue de sport chic deux pi\u00e8ces, compos\u00e9e d&rsquo;un legging \u00e9l\u00e9gant et d&rsquo;un d\u00e9bardeur, elle&hellip;<\/p>\n","protected":false},"featured_media":164862,"comment_status":"open","ping_status":"closed","template":"","meta":[],"product_brand":[],"product_cat":[38364],"product_tag":[],"class_list":{"0":"post-255344","1":"product","2":"type-product","3":"status-publish","4":"has-post-thumbnail","6":"product_cat-puppe","7":"product_shipping_class-global_methods","9":"first","10":"instock","11":"taxable","12":"shipping-taxable","13":"purchasable","14":"product-type-simple"},"yoast_head":"<!-- This site is optimized with the Yoast SEO plugin v27.4 - https:\/\/yoast.com\/product\/yoast-seo-wordpress\/ -->\n<title>Steffi Love Puppe Sport | Jetzt kaufen | Schweizversand.ch<\/title>\n<meta name=\"description\" content=\"Steffi Love Puppe Sport g\u00fcnstig kaufen bei Schweizversand.ch. Schnelle Lieferung in der Schweiz. Gratisversand ab CHF 50.\" \/>\n<meta name=\"robots\" content=\"index, follow, max-snippet:-1, max-image-preview:large, max-video-preview:-1\" \/>\n<link rel=\"canonical\" href=\"https:\/\/schweizversand.ch\/fr\/produkt\/steffi-love-puppe-sport\/\" \/>\n<meta property=\"og:locale\" content=\"fr_FR\" \/>\n<meta property=\"og:type\" content=\"article\" \/>\n<meta property=\"og:title\" content=\"Steffi Love Puppe Sport | Jetzt kaufen | Schweizversand.ch\" \/>\n<meta property=\"og:description\" content=\"Steffi Love Puppe Sport g\u00fcnstig kaufen bei Schweizversand.ch. Schnelle Lieferung in der Schweiz. Gratisversand ab CHF 50.\" \/>\n<meta property=\"og:url\" content=\"https:\/\/schweizversand.ch\/fr\/produkt\/steffi-love-puppe-sport\/\" \/>\n<meta property=\"og:site_name\" content=\"Schweizer Shop f\u00fcr Sport, Spiel und Freizeit\" \/>\n<meta property=\"article:publisher\" content=\"https:\/\/www.facebook.com\/Schweizversand\" \/>\n<meta property=\"article:modified_time\" content=\"2026-04-19T13:35:57+00:00\" \/>\n<meta property=\"og:image\" content=\"https:\/\/schweizversand.ch\/wp-content\/uploads\/2026\/02\/5471751576.jpg\" \/>\n\t<meta property=\"og:image:width\" content=\"1024\" \/>\n\t<meta property=\"og:image:height\" content=\"853\" \/>\n\t<meta property=\"og:image:type\" content=\"image\/jpeg\" \/>\n<meta name=\"twitter:card\" content=\"summary_large_image\" \/>\n<meta name=\"twitter:label1\" content=\"Dur\u00e9e de lecture estim\u00e9e\" \/>\n\t<meta name=\"twitter:data1\" content=\"1 minute\" \/>\n<script type=\"application\/ld+json\" class=\"yoast-schema-graph\">{\"@context\":\"https:\\\/\\\/schema.org\",\"@graph\":[{\"@type\":\"WebPage\",\"@id\":\"https:\\\/\\\/schweizversand.ch\\\/fr\\\/produkt\\\/steffi-love-puppe-sport\\\/\",\"url\":\"https:\\\/\\\/schweizversand.ch\\\/fr\\\/produkt\\\/steffi-love-puppe-sport\\\/\",\"name\":\"Steffi Love Puppe Sport | Jetzt kaufen | Schweizversand.ch\",\"isPartOf\":{\"@id\":\"https:\\\/\\\/schweizversand.ch\\\/fr\\\/#website\"},\"primaryImageOfPage\":{\"@id\":\"https:\\\/\\\/schweizversand.ch\\\/fr\\\/produkt\\\/steffi-love-puppe-sport\\\/#primaryimage\"},\"image\":{\"@id\":\"https:\\\/\\\/schweizversand.ch\\\/fr\\\/produkt\\\/steffi-love-puppe-sport\\\/#primaryimage\"},\"thumbnailUrl\":\"https:\\\/\\\/schweizversand.ch\\\/wp-content\\\/uploads\\\/2026\\\/02\\\/5471751576.jpg\",\"datePublished\":\"2026-03-14T23:57:06+00:00\",\"dateModified\":\"2026-04-19T13:35:57+00:00\",\"description\":\"Steffi Love Puppe Sport g\u00fcnstig kaufen bei Schweizversand.ch. Schnelle Lieferung in der Schweiz. Gratisversand ab CHF 50.\",\"breadcrumb\":{\"@id\":\"https:\\\/\\\/schweizversand.ch\\\/fr\\\/produkt\\\/steffi-love-puppe-sport\\\/#breadcrumb\"},\"inLanguage\":\"fr-FR\",\"potentialAction\":[{\"@type\":\"ReadAction\",\"target\":[\"https:\\\/\\\/schweizversand.ch\\\/fr\\\/produkt\\\/steffi-love-puppe-sport\\\/\"]}]},{\"@type\":\"ImageObject\",\"inLanguage\":\"fr-FR\",\"@id\":\"https:\\\/\\\/schweizversand.ch\\\/fr\\\/produkt\\\/steffi-love-puppe-sport\\\/#primaryimage\",\"url\":\"https:\\\/\\\/schweizversand.ch\\\/wp-content\\\/uploads\\\/2026\\\/02\\\/5471751576.jpg\",\"contentUrl\":\"https:\\\/\\\/schweizversand.ch\\\/wp-content\\\/uploads\\\/2026\\\/02\\\/5471751576.jpg\",\"width\":1024,\"height\":853},{\"@type\":\"BreadcrumbList\",\"@id\":\"https:\\\/\\\/schweizversand.ch\\\/fr\\\/produkt\\\/steffi-love-puppe-sport\\\/#breadcrumb\",\"itemListElement\":[{\"@type\":\"ListItem\",\"position\":1,\"name\":\"Startseite\",\"item\":\"https:\\\/\\\/schweizversand.ch\\\/fr\\\/home\\\/\"},{\"@type\":\"ListItem\",\"position\":2,\"name\":\"Boutique\",\"item\":\"https:\\\/\\\/schweizversand.ch\\\/fr\\\/boutique\\\/\"},{\"@type\":\"ListItem\",\"position\":3,\"name\":\"Jouets et jeux\",\"item\":\"https:\\\/\\\/schweizversand.ch\\\/fr\\\/produkt-kategorie\\\/jouets-et-jeux\\\/\"},{\"@type\":\"ListItem\",\"position\":4,\"name\":\"Figurines et poup\u00e9es\",\"item\":\"https:\\\/\\\/schweizversand.ch\\\/fr\\\/produkt-kategorie\\\/jouets-et-jeux\\\/figurines-et-poupees\\\/\"},{\"@type\":\"ListItem\",\"position\":5,\"name\":\"Poup\u00e9e\",\"item\":\"https:\\\/\\\/schweizversand.ch\\\/fr\\\/produkt-kategorie\\\/puppe\\\/\"},{\"@type\":\"ListItem\",\"position\":6,\"name\":\"Poup\u00e9e Steffi Love Sport\"}]},{\"@type\":\"WebSite\",\"@id\":\"https:\\\/\\\/schweizversand.ch\\\/fr\\\/#website\",\"url\":\"https:\\\/\\\/schweizversand.ch\\\/fr\\\/\",\"name\":\"Schweizer Shop f\u00fcr Sport, Spiel und Freizeit\",\"description\":\"Gratisversand ab 50.- (netto), ab eigenem schweizer Lager, Lieferung innert 48h\",\"publisher\":{\"@id\":\"https:\\\/\\\/schweizversand.ch\\\/fr\\\/#organization\"},\"alternateName\":\"Schweizversand.ch\",\"potentialAction\":[{\"@type\":\"SearchAction\",\"target\":{\"@type\":\"EntryPoint\",\"urlTemplate\":\"https:\\\/\\\/schweizversand.ch\\\/fr\\\/?s={search_term_string}\"},\"query-input\":{\"@type\":\"PropertyValueSpecification\",\"valueRequired\":true,\"valueName\":\"search_term_string\"}}],\"inLanguage\":\"fr-FR\"},{\"@type\":\"Organization\",\"@id\":\"https:\\\/\\\/schweizversand.ch\\\/fr\\\/#organization\",\"name\":\"Schweizversand.ch\",\"url\":\"https:\\\/\\\/schweizversand.ch\\\/fr\\\/\",\"logo\":{\"@type\":\"ImageObject\",\"inLanguage\":\"fr-FR\",\"@id\":\"https:\\\/\\\/schweizversand.ch\\\/fr\\\/#\\\/schema\\\/logo\\\/image\\\/\",\"url\":\"https:\\\/\\\/schweizversand.ch\\\/wp-content\\\/uploads\\\/2026\\\/03\\\/Logo_Rund_Final-1.png\",\"contentUrl\":\"https:\\\/\\\/schweizversand.ch\\\/wp-content\\\/uploads\\\/2026\\\/03\\\/Logo_Rund_Final-1.png\",\"width\":404,\"height\":404,\"caption\":\"Schweizversand.ch\"},\"image\":{\"@id\":\"https:\\\/\\\/schweizversand.ch\\\/fr\\\/#\\\/schema\\\/logo\\\/image\\\/\"},\"sameAs\":[\"https:\\\/\\\/www.facebook.com\\\/Schweizversand\",\"https:\\\/\\\/www.instagram.com\\\/schweizversand.ch\\\/\"]}]}<\/script>\n<!-- \/ Yoast SEO plugin. -->","yoast_head_json":{"title":"Steffi Love Puppe Sport | Jetzt kaufen | Schweizversand.ch","description":"Steffi Love Puppe Sport g\u00fcnstig kaufen bei Schweizversand.ch. Schnelle Lieferung in der Schweiz. Gratisversand ab CHF 50.","robots":{"index":"index","follow":"follow","max-snippet":"max-snippet:-1","max-image-preview":"max-image-preview:large","max-video-preview":"max-video-preview:-1"},"canonical":"https:\/\/schweizversand.ch\/fr\/produkt\/steffi-love-puppe-sport\/","og_locale":"fr_FR","og_type":"article","og_title":"Steffi Love Puppe Sport | Jetzt kaufen | Schweizversand.ch","og_description":"Steffi Love Puppe Sport g\u00fcnstig kaufen bei Schweizversand.ch. Schnelle Lieferung in der Schweiz. Gratisversand ab CHF 50.","og_url":"https:\/\/schweizversand.ch\/fr\/produkt\/steffi-love-puppe-sport\/","og_site_name":"Schweizer Shop f\u00fcr Sport, Spiel und Freizeit","article_publisher":"https:\/\/www.facebook.com\/Schweizversand","article_modified_time":"2026-04-19T13:35:57+00:00","og_image":[{"width":1024,"height":853,"url":"https:\/\/schweizversand.ch\/wp-content\/uploads\/2026\/02\/5471751576.jpg","type":"image\/jpeg"}],"twitter_card":"summary_large_image","twitter_misc":{"Dur\u00e9e de lecture estim\u00e9e":"1 minute"},"schema":{"@context":"https:\/\/schema.org","@graph":[{"@type":"WebPage","@id":"https:\/\/schweizversand.ch\/fr\/produkt\/steffi-love-puppe-sport\/","url":"https:\/\/schweizversand.ch\/fr\/produkt\/steffi-love-puppe-sport\/","name":"Steffi Love Puppe Sport | Jetzt kaufen | Schweizversand.ch","isPartOf":{"@id":"https:\/\/schweizversand.ch\/fr\/#website"},"primaryImageOfPage":{"@id":"https:\/\/schweizversand.ch\/fr\/produkt\/steffi-love-puppe-sport\/#primaryimage"},"image":{"@id":"https:\/\/schweizversand.ch\/fr\/produkt\/steffi-love-puppe-sport\/#primaryimage"},"thumbnailUrl":"https:\/\/schweizversand.ch\/wp-content\/uploads\/2026\/02\/5471751576.jpg","datePublished":"2026-03-14T23:57:06+00:00","dateModified":"2026-04-19T13:35:57+00:00","description":"Steffi Love Puppe Sport g\u00fcnstig kaufen bei Schweizversand.ch. Schnelle Lieferung in der Schweiz. Gratisversand ab CHF 50.","breadcrumb":{"@id":"https:\/\/schweizversand.ch\/fr\/produkt\/steffi-love-puppe-sport\/#breadcrumb"},"inLanguage":"fr-FR","potentialAction":[{"@type":"ReadAction","target":["https:\/\/schweizversand.ch\/fr\/produkt\/steffi-love-puppe-sport\/"]}]},{"@type":"ImageObject","inLanguage":"fr-FR","@id":"https:\/\/schweizversand.ch\/fr\/produkt\/steffi-love-puppe-sport\/#primaryimage","url":"https:\/\/schweizversand.ch\/wp-content\/uploads\/2026\/02\/5471751576.jpg","contentUrl":"https:\/\/schweizversand.ch\/wp-content\/uploads\/2026\/02\/5471751576.jpg","width":1024,"height":853},{"@type":"BreadcrumbList","@id":"https:\/\/schweizversand.ch\/fr\/produkt\/steffi-love-puppe-sport\/#breadcrumb","itemListElement":[{"@type":"ListItem","position":1,"name":"Startseite","item":"https:\/\/schweizversand.ch\/fr\/home\/"},{"@type":"ListItem","position":2,"name":"Boutique","item":"https:\/\/schweizversand.ch\/fr\/boutique\/"},{"@type":"ListItem","position":3,"name":"Jouets et jeux","item":"https:\/\/schweizversand.ch\/fr\/produkt-kategorie\/jouets-et-jeux\/"},{"@type":"ListItem","position":4,"name":"Figurines et poup\u00e9es","item":"https:\/\/schweizversand.ch\/fr\/produkt-kategorie\/jouets-et-jeux\/figurines-et-poupees\/"},{"@type":"ListItem","position":5,"name":"Poup\u00e9e","item":"https:\/\/schweizversand.ch\/fr\/produkt-kategorie\/puppe\/"},{"@type":"ListItem","position":6,"name":"Poup\u00e9e Steffi Love Sport"}]},{"@type":"WebSite","@id":"https:\/\/schweizversand.ch\/fr\/#website","url":"https:\/\/schweizversand.ch\/fr\/","name":"Schweizer Shop f\u00fcr Sport, Spiel und Freizeit","description":"Gratisversand ab 50.- (netto), ab eigenem schweizer Lager, Lieferung innert 48h","publisher":{"@id":"https:\/\/schweizversand.ch\/fr\/#organization"},"alternateName":"Schweizversand.ch","potentialAction":[{"@type":"SearchAction","target":{"@type":"EntryPoint","urlTemplate":"https:\/\/schweizversand.ch\/fr\/?s={search_term_string}"},"query-input":{"@type":"PropertyValueSpecification","valueRequired":true,"valueName":"search_term_string"}}],"inLanguage":"fr-FR"},{"@type":"Organization","@id":"https:\/\/schweizversand.ch\/fr\/#organization","name":"Schweizversand.ch","url":"https:\/\/schweizversand.ch\/fr\/","logo":{"@type":"ImageObject","inLanguage":"fr-FR","@id":"https:\/\/schweizversand.ch\/fr\/#\/schema\/logo\/image\/","url":"https:\/\/schweizversand.ch\/wp-content\/uploads\/2026\/03\/Logo_Rund_Final-1.png","contentUrl":"https:\/\/schweizversand.ch\/wp-content\/uploads\/2026\/03\/Logo_Rund_Final-1.png","width":404,"height":404,"caption":"Schweizversand.ch"},"image":{"@id":"https:\/\/schweizversand.ch\/fr\/#\/schema\/logo\/image\/"},"sameAs":["https:\/\/www.facebook.com\/Schweizversand","https:\/\/www.instagram.com\/schweizversand.ch\/"]}]}},"jetpack_sharing_enabled":true,"_links":{"self":[{"href":"https:\/\/schweizversand.ch\/fr\/wp-json\/wp\/v2\/product\/255344","targetHints":{"allow":["GET"]}}],"collection":[{"href":"https:\/\/schweizversand.ch\/fr\/wp-json\/wp\/v2\/product"}],"about":[{"href":"https:\/\/schweizversand.ch\/fr\/wp-json\/wp\/v2\/types\/product"}],"replies":[{"embeddable":true,"href":"https:\/\/schweizversand.ch\/fr\/wp-json\/wp\/v2\/comments?post=255344"}],"wp:featuredmedia":[{"embeddable":true,"href":"https:\/\/schweizversand.ch\/fr\/wp-json\/wp\/v2\/media\/164862"}],"wp:attachment":[{"href":"https:\/\/schweizversand.ch\/fr\/wp-json\/wp\/v2\/media?parent=255344"}],"wp:term":[{"taxonomy":"product_brand","embeddable":true,"href":"https:\/\/schweizversand.ch\/fr\/wp-json\/wp\/v2\/product_brand?post=255344"},{"taxonomy":"product_cat","embeddable":true,"href":"https:\/\/schweizversand.ch\/fr\/wp-json\/wp\/v2\/product_cat?post=255344"},{"taxonomy":"product_tag","embeddable":true,"href":"https:\/\/schweizversand.ch\/fr\/wp-json\/wp\/v2\/product_tag?post=255344"}],"curies":[{"name":"wp","href":"https:\/\/api.w.org\/{rel}","templated":true}]}}