{"id":255360,"date":"2026-03-15T00:57:15","date_gmt":"2026-03-14T23:57:15","guid":{"rendered":"https:\/\/schweizversand.ch\/produkt\/hudora-stunt-scooter-xq-13-1\/"},"modified":"2026-04-22T15:35:27","modified_gmt":"2026-04-22T13:35:27","slug":"hudora-stunt-scooter-xq-13-1","status":"publish","type":"product","link":"https:\/\/schweizversand.ch\/fr\/produkt\/hudora-stunt-scooter-xq-13-1\/","title":{"rendered":"Trottinette acrobatique Hudora XQ-13.1"},"content":{"rendered":"<h1><strong>Trottinette freestyle XQ-13.1<\/strong><\/h1>\n<div>La trottinette freestyle XQ-13.1 red\u00e9finit l&rsquo;exp\u00e9rience de glisse. Oubliez la trottinette classique\u00a0: cet engin sportif haute performance est stable, l\u00e9ger et parfaitement con\u00e7u pour ma\u00eetriser des figures impressionnantes et perfectionner votre style freestyle, que ce soit au skatepark ou dans la rue.<\/p>\n<\/div>\n<div><strong>Id\u00e9ale pour le freestyle et les figures<\/strong><br \/>Cette trottinette freestyle est extr\u00eamement maniable gr\u00e2ce \u00e0 sa rotation du guidon \u00e0 360\u00b0 et \u00e0 sa conception compacte, offrant un contr\u00f4le sup\u00e9rieur aux trottinettes classiques. Les roues \u00e0 haut rebond assurent une acc\u00e9l\u00e9ration fulgurante, tandis que le frein fiable en acier au mangan\u00e8se garantit un arr\u00eat s\u00fbr et rapide en toutes circonstances. Stabilit\u00e9 et confort\u00a0: le plateau antid\u00e9rapant (environ 34 x 11\u00a0cm) offre un espace g\u00e9n\u00e9reux et une stabilit\u00e9 optimale pour les figures les plus exigeantes. Fabriqu\u00e9e en aluminium T5 de haute qualit\u00e9, la trottinette freestyle XQ-13.1 allie l\u00e9g\u00e8ret\u00e9 (environ 3,5 kg) et robustesse maximale. Son syst\u00e8me de compression int\u00e9gr\u00e9 (IHC) la rend extr\u00eamement facile d&rsquo;entretien et durable, id\u00e9ale pour les d\u00e9butants comme pour les riders confirm\u00e9s.<\/p>\n<\/div>\n<div><strong>Caract\u00e9ristiques techniques<\/strong><br \/>&#8211; Mat\u00e9riau du cadre\u00a0: Aluminium T5 de haute qualit\u00e9<br \/>&#8211; Frein\u00a0: Frein arri\u00e8re \u00e0 friction flexible en acier au mangan\u00e8se<br \/>&#8211; Guidon\u00a0: Guidon BMX renforc\u00e9 60 x 50 cm<br \/>&#8211; Direction\u00a0: Direction \u00e0 360\u00b0 avec jeu de direction Neco<br \/>&#8211; Syst\u00e8me de compression\u00a0: Syst\u00e8me de compression int\u00e9gr\u00e9 (IHC) n\u00e9cessitant peu d&rsquo;entretien<br \/>&#8211; Hauteur du guidon\u00a0: environ 82 cm<br \/>&#8211; Roues\u00a0: Roues \u00e0 haut rebond 100 mm \u00d8 x 24 mm en polyur\u00e9thane moul\u00e9 (88 A)<br \/>&#8211; Roulements\u00a0: Roulements \u00e0 billes chrom\u00e9s ABEC 9<br \/>&#8211; Poids\u00a0: environ 3,5 kg 3,5 kg<br \/>&#8211; Poids maximal de l&rsquo;utilisateur\u00a0: 100 kg<\/p>\n<\/div>\n<div>Passez \u00e0 la XQ-13.1 et d\u00e9couvrez comment cette trottinette freestyle vous permettra de repousser vos limites. C&rsquo;est l&rsquo;alternative id\u00e9ale \u00e0 la trottinette urbaine pour tous ceux qui recherchent vitesse, agilit\u00e9 et la libert\u00e9 du freestyle.<\/p>\n<\/div>\n<div><\/div>\n","protected":false},"excerpt":{"rendered":"<p>Trottinette freestyle XQ-13.1 La trottinette freestyle XQ-13.1 red\u00e9finit l&rsquo;exp\u00e9rience de glisse. Oubliez la trottinette classique\u00a0: cet engin sportif haute performance est stable, l\u00e9ger et parfaitement con\u00e7u pour ma\u00eetriser des figures impressionnantes et perfectionner votre style freestyle, que ce soit au skatepark ou dans la rue. Id\u00e9ale pour le freestyle et les figuresCette trottinette freestyle est extr\u00eamement maniable gr\u00e2ce \u00e0 sa rotation du guidon \u00e0 360\u00b0 et \u00e0 sa conception compacte, offrant un contr\u00f4le sup\u00e9rieur aux&hellip;<\/p>\n","protected":false},"featured_media":165383,"comment_status":"open","ping_status":"closed","template":"","meta":[],"product_brand":[],"product_cat":[38632],"product_tag":[],"class_list":{"0":"post-255360","1":"product","2":"type-product","3":"status-publish","4":"has-post-thumbnail","6":"product_cat-scooter","7":"product_shipping_class-global_methods","9":"first","10":"instock","11":"taxable","12":"shipping-taxable","13":"purchasable","14":"product-type-simple"},"yoast_head":"<!-- This site is optimized with the Yoast SEO plugin v27.4 - https:\/\/yoast.com\/product\/yoast-seo-wordpress\/ -->\n<title>Hudora Stunt Scooter XQ-13.1 | Jetzt kaufen | Schweizversand.ch<\/title>\n<meta name=\"description\" content=\"Hudora Stunt Scooter XQ-13.1 g\u00fcnstig kaufen bei Schweizversand.ch. Schnelle Lieferung in der Schweiz. Gratisversand ab CHF 50.\" \/>\n<meta name=\"robots\" content=\"index, follow, max-snippet:-1, max-image-preview:large, max-video-preview:-1\" \/>\n<link rel=\"canonical\" href=\"https:\/\/schweizversand.ch\/fr\/produkt\/hudora-stunt-scooter-xq-13-1\/\" \/>\n<meta property=\"og:locale\" content=\"fr_FR\" \/>\n<meta property=\"og:type\" content=\"article\" \/>\n<meta property=\"og:title\" content=\"Hudora Stunt Scooter XQ-13.1 | Jetzt kaufen | Schweizversand.ch\" \/>\n<meta property=\"og:description\" content=\"Hudora Stunt Scooter XQ-13.1 g\u00fcnstig kaufen bei Schweizversand.ch. Schnelle Lieferung in der Schweiz. Gratisversand ab CHF 50.\" \/>\n<meta property=\"og:url\" content=\"https:\/\/schweizversand.ch\/fr\/produkt\/hudora-stunt-scooter-xq-13-1\/\" \/>\n<meta property=\"og:site_name\" content=\"Schweizer Shop f\u00fcr Sport, Spiel und Freizeit\" \/>\n<meta property=\"article:publisher\" content=\"https:\/\/www.facebook.com\/Schweizversand\" \/>\n<meta property=\"article:modified_time\" content=\"2026-04-22T13:35:27+00:00\" \/>\n<meta property=\"og:image\" content=\"https:\/\/schweizversand.ch\/wp-content\/uploads\/2026\/02\/5476639349.jpg\" \/>\n\t<meta property=\"og:image:width\" content=\"887\" \/>\n\t<meta property=\"og:image:height\" content=\"1024\" \/>\n\t<meta property=\"og:image:type\" content=\"image\/jpeg\" \/>\n<meta name=\"twitter:card\" content=\"summary_large_image\" \/>\n<meta name=\"twitter:label1\" content=\"Dur\u00e9e de lecture estim\u00e9e\" \/>\n\t<meta name=\"twitter:data1\" content=\"2 minutes\" \/>\n<script type=\"application\/ld+json\" class=\"yoast-schema-graph\">{\"@context\":\"https:\\\/\\\/schema.org\",\"@graph\":[{\"@type\":\"WebPage\",\"@id\":\"https:\\\/\\\/schweizversand.ch\\\/fr\\\/produkt\\\/hudora-stunt-scooter-xq-13-1\\\/\",\"url\":\"https:\\\/\\\/schweizversand.ch\\\/fr\\\/produkt\\\/hudora-stunt-scooter-xq-13-1\\\/\",\"name\":\"Hudora Stunt Scooter XQ-13.1 | Jetzt kaufen | Schweizversand.ch\",\"isPartOf\":{\"@id\":\"https:\\\/\\\/schweizversand.ch\\\/fr\\\/#website\"},\"primaryImageOfPage\":{\"@id\":\"https:\\\/\\\/schweizversand.ch\\\/fr\\\/produkt\\\/hudora-stunt-scooter-xq-13-1\\\/#primaryimage\"},\"image\":{\"@id\":\"https:\\\/\\\/schweizversand.ch\\\/fr\\\/produkt\\\/hudora-stunt-scooter-xq-13-1\\\/#primaryimage\"},\"thumbnailUrl\":\"https:\\\/\\\/schweizversand.ch\\\/wp-content\\\/uploads\\\/2026\\\/02\\\/5476639349.jpg\",\"datePublished\":\"2026-03-14T23:57:15+00:00\",\"dateModified\":\"2026-04-22T13:35:27+00:00\",\"description\":\"Hudora Stunt Scooter XQ-13.1 g\u00fcnstig kaufen bei Schweizversand.ch. Schnelle Lieferung in der Schweiz. Gratisversand ab CHF 50.\",\"breadcrumb\":{\"@id\":\"https:\\\/\\\/schweizversand.ch\\\/fr\\\/produkt\\\/hudora-stunt-scooter-xq-13-1\\\/#breadcrumb\"},\"inLanguage\":\"fr-FR\",\"potentialAction\":[{\"@type\":\"ReadAction\",\"target\":[\"https:\\\/\\\/schweizversand.ch\\\/fr\\\/produkt\\\/hudora-stunt-scooter-xq-13-1\\\/\"]}]},{\"@type\":\"ImageObject\",\"inLanguage\":\"fr-FR\",\"@id\":\"https:\\\/\\\/schweizversand.ch\\\/fr\\\/produkt\\\/hudora-stunt-scooter-xq-13-1\\\/#primaryimage\",\"url\":\"https:\\\/\\\/schweizversand.ch\\\/wp-content\\\/uploads\\\/2026\\\/02\\\/5476639349.jpg\",\"contentUrl\":\"https:\\\/\\\/schweizversand.ch\\\/wp-content\\\/uploads\\\/2026\\\/02\\\/5476639349.jpg\",\"width\":887,\"height\":1024},{\"@type\":\"BreadcrumbList\",\"@id\":\"https:\\\/\\\/schweizversand.ch\\\/fr\\\/produkt\\\/hudora-stunt-scooter-xq-13-1\\\/#breadcrumb\",\"itemListElement\":[{\"@type\":\"ListItem\",\"position\":1,\"name\":\"Startseite\",\"item\":\"https:\\\/\\\/schweizversand.ch\\\/fr\\\/home\\\/\"},{\"@type\":\"ListItem\",\"position\":2,\"name\":\"Boutique\",\"item\":\"https:\\\/\\\/schweizversand.ch\\\/fr\\\/boutique\\\/\"},{\"@type\":\"ListItem\",\"position\":3,\"name\":\"Sports\",\"item\":\"https:\\\/\\\/schweizversand.ch\\\/fr\\\/produkt-kategorie\\\/sports\\\/\"},{\"@type\":\"ListItem\",\"position\":4,\"name\":\"Sports \u00e0 roulettes\",\"item\":\"https:\\\/\\\/schweizversand.ch\\\/fr\\\/produkt-kategorie\\\/sports\\\/rollsport\\\/\"},{\"@type\":\"ListItem\",\"position\":5,\"name\":\"Trottinette\",\"item\":\"https:\\\/\\\/schweizversand.ch\\\/fr\\\/produkt-kategorie\\\/sports\\\/rollsport\\\/scooter\\\/\"},{\"@type\":\"ListItem\",\"position\":6,\"name\":\"Trottinette acrobatique Hudora XQ-13.1\"}]},{\"@type\":\"WebSite\",\"@id\":\"https:\\\/\\\/schweizversand.ch\\\/fr\\\/#website\",\"url\":\"https:\\\/\\\/schweizversand.ch\\\/fr\\\/\",\"name\":\"Schweizer Shop f\u00fcr Sport, Spiel und Freizeit\",\"description\":\"Gratisversand ab 50.- (netto), ab eigenem schweizer Lager, Lieferung innert 48h\",\"publisher\":{\"@id\":\"https:\\\/\\\/schweizversand.ch\\\/fr\\\/#organization\"},\"alternateName\":\"Schweizversand.ch\",\"potentialAction\":[{\"@type\":\"SearchAction\",\"target\":{\"@type\":\"EntryPoint\",\"urlTemplate\":\"https:\\\/\\\/schweizversand.ch\\\/fr\\\/?s={search_term_string}\"},\"query-input\":{\"@type\":\"PropertyValueSpecification\",\"valueRequired\":true,\"valueName\":\"search_term_string\"}}],\"inLanguage\":\"fr-FR\"},{\"@type\":\"Organization\",\"@id\":\"https:\\\/\\\/schweizversand.ch\\\/fr\\\/#organization\",\"name\":\"Schweizversand.ch\",\"url\":\"https:\\\/\\\/schweizversand.ch\\\/fr\\\/\",\"logo\":{\"@type\":\"ImageObject\",\"inLanguage\":\"fr-FR\",\"@id\":\"https:\\\/\\\/schweizversand.ch\\\/fr\\\/#\\\/schema\\\/logo\\\/image\\\/\",\"url\":\"https:\\\/\\\/schweizversand.ch\\\/wp-content\\\/uploads\\\/2026\\\/03\\\/Logo_Rund_Final-1.png\",\"contentUrl\":\"https:\\\/\\\/schweizversand.ch\\\/wp-content\\\/uploads\\\/2026\\\/03\\\/Logo_Rund_Final-1.png\",\"width\":404,\"height\":404,\"caption\":\"Schweizversand.ch\"},\"image\":{\"@id\":\"https:\\\/\\\/schweizversand.ch\\\/fr\\\/#\\\/schema\\\/logo\\\/image\\\/\"},\"sameAs\":[\"https:\\\/\\\/www.facebook.com\\\/Schweizversand\",\"https:\\\/\\\/www.instagram.com\\\/schweizversand.ch\\\/\"]}]}<\/script>\n<!-- \/ Yoast SEO plugin. -->","yoast_head_json":{"title":"Hudora Stunt Scooter XQ-13.1 | Jetzt kaufen | Schweizversand.ch","description":"Hudora Stunt Scooter XQ-13.1 g\u00fcnstig kaufen bei Schweizversand.ch. Schnelle Lieferung in der Schweiz. Gratisversand ab CHF 50.","robots":{"index":"index","follow":"follow","max-snippet":"max-snippet:-1","max-image-preview":"max-image-preview:large","max-video-preview":"max-video-preview:-1"},"canonical":"https:\/\/schweizversand.ch\/fr\/produkt\/hudora-stunt-scooter-xq-13-1\/","og_locale":"fr_FR","og_type":"article","og_title":"Hudora Stunt Scooter XQ-13.1 | Jetzt kaufen | Schweizversand.ch","og_description":"Hudora Stunt Scooter XQ-13.1 g\u00fcnstig kaufen bei Schweizversand.ch. Schnelle Lieferung in der Schweiz. Gratisversand ab CHF 50.","og_url":"https:\/\/schweizversand.ch\/fr\/produkt\/hudora-stunt-scooter-xq-13-1\/","og_site_name":"Schweizer Shop f\u00fcr Sport, Spiel und Freizeit","article_publisher":"https:\/\/www.facebook.com\/Schweizversand","article_modified_time":"2026-04-22T13:35:27+00:00","og_image":[{"width":887,"height":1024,"url":"https:\/\/schweizversand.ch\/wp-content\/uploads\/2026\/02\/5476639349.jpg","type":"image\/jpeg"}],"twitter_card":"summary_large_image","twitter_misc":{"Dur\u00e9e de lecture estim\u00e9e":"2 minutes"},"schema":{"@context":"https:\/\/schema.org","@graph":[{"@type":"WebPage","@id":"https:\/\/schweizversand.ch\/fr\/produkt\/hudora-stunt-scooter-xq-13-1\/","url":"https:\/\/schweizversand.ch\/fr\/produkt\/hudora-stunt-scooter-xq-13-1\/","name":"Hudora Stunt Scooter XQ-13.1 | Jetzt kaufen | Schweizversand.ch","isPartOf":{"@id":"https:\/\/schweizversand.ch\/fr\/#website"},"primaryImageOfPage":{"@id":"https:\/\/schweizversand.ch\/fr\/produkt\/hudora-stunt-scooter-xq-13-1\/#primaryimage"},"image":{"@id":"https:\/\/schweizversand.ch\/fr\/produkt\/hudora-stunt-scooter-xq-13-1\/#primaryimage"},"thumbnailUrl":"https:\/\/schweizversand.ch\/wp-content\/uploads\/2026\/02\/5476639349.jpg","datePublished":"2026-03-14T23:57:15+00:00","dateModified":"2026-04-22T13:35:27+00:00","description":"Hudora Stunt Scooter XQ-13.1 g\u00fcnstig kaufen bei Schweizversand.ch. Schnelle Lieferung in der Schweiz. Gratisversand ab CHF 50.","breadcrumb":{"@id":"https:\/\/schweizversand.ch\/fr\/produkt\/hudora-stunt-scooter-xq-13-1\/#breadcrumb"},"inLanguage":"fr-FR","potentialAction":[{"@type":"ReadAction","target":["https:\/\/schweizversand.ch\/fr\/produkt\/hudora-stunt-scooter-xq-13-1\/"]}]},{"@type":"ImageObject","inLanguage":"fr-FR","@id":"https:\/\/schweizversand.ch\/fr\/produkt\/hudora-stunt-scooter-xq-13-1\/#primaryimage","url":"https:\/\/schweizversand.ch\/wp-content\/uploads\/2026\/02\/5476639349.jpg","contentUrl":"https:\/\/schweizversand.ch\/wp-content\/uploads\/2026\/02\/5476639349.jpg","width":887,"height":1024},{"@type":"BreadcrumbList","@id":"https:\/\/schweizversand.ch\/fr\/produkt\/hudora-stunt-scooter-xq-13-1\/#breadcrumb","itemListElement":[{"@type":"ListItem","position":1,"name":"Startseite","item":"https:\/\/schweizversand.ch\/fr\/home\/"},{"@type":"ListItem","position":2,"name":"Boutique","item":"https:\/\/schweizversand.ch\/fr\/boutique\/"},{"@type":"ListItem","position":3,"name":"Sports","item":"https:\/\/schweizversand.ch\/fr\/produkt-kategorie\/sports\/"},{"@type":"ListItem","position":4,"name":"Sports \u00e0 roulettes","item":"https:\/\/schweizversand.ch\/fr\/produkt-kategorie\/sports\/rollsport\/"},{"@type":"ListItem","position":5,"name":"Trottinette","item":"https:\/\/schweizversand.ch\/fr\/produkt-kategorie\/sports\/rollsport\/scooter\/"},{"@type":"ListItem","position":6,"name":"Trottinette acrobatique Hudora XQ-13.1"}]},{"@type":"WebSite","@id":"https:\/\/schweizversand.ch\/fr\/#website","url":"https:\/\/schweizversand.ch\/fr\/","name":"Schweizer Shop f\u00fcr Sport, Spiel und Freizeit","description":"Gratisversand ab 50.- (netto), ab eigenem schweizer Lager, Lieferung innert 48h","publisher":{"@id":"https:\/\/schweizversand.ch\/fr\/#organization"},"alternateName":"Schweizversand.ch","potentialAction":[{"@type":"SearchAction","target":{"@type":"EntryPoint","urlTemplate":"https:\/\/schweizversand.ch\/fr\/?s={search_term_string}"},"query-input":{"@type":"PropertyValueSpecification","valueRequired":true,"valueName":"search_term_string"}}],"inLanguage":"fr-FR"},{"@type":"Organization","@id":"https:\/\/schweizversand.ch\/fr\/#organization","name":"Schweizversand.ch","url":"https:\/\/schweizversand.ch\/fr\/","logo":{"@type":"ImageObject","inLanguage":"fr-FR","@id":"https:\/\/schweizversand.ch\/fr\/#\/schema\/logo\/image\/","url":"https:\/\/schweizversand.ch\/wp-content\/uploads\/2026\/03\/Logo_Rund_Final-1.png","contentUrl":"https:\/\/schweizversand.ch\/wp-content\/uploads\/2026\/03\/Logo_Rund_Final-1.png","width":404,"height":404,"caption":"Schweizversand.ch"},"image":{"@id":"https:\/\/schweizversand.ch\/fr\/#\/schema\/logo\/image\/"},"sameAs":["https:\/\/www.facebook.com\/Schweizversand","https:\/\/www.instagram.com\/schweizversand.ch\/"]}]}},"jetpack_sharing_enabled":true,"_links":{"self":[{"href":"https:\/\/schweizversand.ch\/fr\/wp-json\/wp\/v2\/product\/255360","targetHints":{"allow":["GET"]}}],"collection":[{"href":"https:\/\/schweizversand.ch\/fr\/wp-json\/wp\/v2\/product"}],"about":[{"href":"https:\/\/schweizversand.ch\/fr\/wp-json\/wp\/v2\/types\/product"}],"replies":[{"embeddable":true,"href":"https:\/\/schweizversand.ch\/fr\/wp-json\/wp\/v2\/comments?post=255360"}],"wp:featuredmedia":[{"embeddable":true,"href":"https:\/\/schweizversand.ch\/fr\/wp-json\/wp\/v2\/media\/165383"}],"wp:attachment":[{"href":"https:\/\/schweizversand.ch\/fr\/wp-json\/wp\/v2\/media?parent=255360"}],"wp:term":[{"taxonomy":"product_brand","embeddable":true,"href":"https:\/\/schweizversand.ch\/fr\/wp-json\/wp\/v2\/product_brand?post=255360"},{"taxonomy":"product_cat","embeddable":true,"href":"https:\/\/schweizversand.ch\/fr\/wp-json\/wp\/v2\/product_cat?post=255360"},{"taxonomy":"product_tag","embeddable":true,"href":"https:\/\/schweizversand.ch\/fr\/wp-json\/wp\/v2\/product_tag?post=255360"}],"curies":[{"name":"wp","href":"https:\/\/api.w.org\/{rel}","templated":true}]}}