{"id":255381,"date":"2026-03-14T23:50:07","date_gmt":"2026-03-14T22:50:07","guid":{"rendered":"https:\/\/schweizversand.ch\/produkt\/ravensburger-puzzle-3x-a-24-teile\/"},"modified":"2026-04-19T15:36:09","modified_gmt":"2026-04-19T13:36:09","slug":"ravensburger-puzzle-3x-a-24-teile","status":"publish","type":"product","link":"https:\/\/schweizversand.ch\/fr\/produkt\/ravensburger-puzzle-3x-a-24-teile\/","title":{"rendered":"Puzzle Ravensburger 3x de 24 pi\u00e8ces"},"content":{"rendered":"<p>Le puzzle Ravensburger Mix &#038; Match pour enfants &#8211; Robots Mignons offre non seulement le plaisir classique d&rsquo;un puzzle, mais aussi un d\u00e9fi cr\u00e9atif stimulant. Gr\u00e2ce \u00e0 d&rsquo;innombrables combinaisons, les plus petits peuvent laisser libre cours \u00e0 leur imagination et cr\u00e9er des figures amusantes et uniques. Ce puzzle est id\u00e9al pour d\u00e9velopper de mani\u00e8re ludique des comp\u00e9tences telles que la motricit\u00e9 fine, la capacit\u00e9 \u00e0 r\u00e9soudre des probl\u00e8mes et la cr\u00e9ativit\u00e9. Parfait pour les enfants de 4 ans et plus qui aiment explorer et exp\u00e9rimenter !<\/p>\n<\/p>\n<p>Transformez le plaisir du puzzle en une aventure pleine de surprises et de d\u00e9couvertes cr\u00e9atives !<\/p>\n<\/p>\n<p>Caract\u00e9ristiques du produit :<\/p>\n<\/p>\n<p>\u2022 Trois puzzles en un : Ce coffret contient trois puzzles distincts de 24 pi\u00e8ces chacun, repr\u00e9sentant d&rsquo;adorables robots.<\/p>\n<\/p>\n<p>\u2022 D&rsquo;innombrables combinaisons : Une fois les puzzles termin\u00e9s, le vrai plaisir commence ! Les pi\u00e8ces peuvent \u00eatre interverties et combin\u00e9es pour cr\u00e9er de nouvelles figures amusantes.<\/p>\n<\/p>\n<p>\u2022 Plaisir Cr\u00e9atif : Cr\u00e9ez des combinaisons farfelues comme un panda avec une trompe d&rsquo;\u00e9l\u00e9phant ou un pompier en blouse de m\u00e9decin. La fonction Mix &#038; Match encourage l&rsquo;imagination et la cr\u00e9ativit\u00e9 des enfants.<\/p>\n<\/p>\n<p>\u2022 Favorise la motricit\u00e9 fine et la r\u00e9solution de probl\u00e8mes\u00a0: Assembler les pi\u00e8ces du puzzle d\u00e9veloppe la coordination \u0153il-main et la pens\u00e9e logique des enfants.<\/p>\n<\/p>\n<p>\u2022 Qualit\u00e9 Ravensburger\u00a0: Les pi\u00e8ces du puzzle sont robustes et durables, fabriqu\u00e9es \u00e0 partir de mat\u00e9riaux de haute qualit\u00e9 r\u00e9pondant aux exigences \u00e9lev\u00e9es de Ravensburger.<\/p>\n<\/p>\n<p>\u2022 \u00c2ge recommand\u00e9\u00a0: Convient aux enfants \u00e0 partir de 4\u00a0ans, id\u00e9al pour les petits explorateurs qui aiment les jeux cr\u00e9atifs.<\/p>\n<\/p>\n<p>Avantages\u00a0:<\/p>\n<\/p>\n<p>\u2022 Jouet \u00e9ducatif\u00a0: Contribue au d\u00e9veloppement de comp\u00e9tences essentielles telles que la patience, la r\u00e9solution de probl\u00e8mes et la cr\u00e9ativit\u00e9.<\/p>\n<\/p>\n<p>\u2022 Jeu interactif\u00a0: Encourage les enfants \u00e0 cr\u00e9er de nouveaux personnages et \u00e0 inventer des histoires.<\/p>\n<\/p>\n<p>Durable et s\u00fbr\u00a0: Ravensburger est reconnu pour ses jouets durables et s\u00fbrs, parfaitement adapt\u00e9s aux enfants.<\/p>\n","protected":false},"excerpt":{"rendered":"<p>Le puzzle Ravensburger Mix &#038; Match pour enfants &#8211; Robots Mignons offre non seulement le plaisir classique d&rsquo;un puzzle, mais aussi un d\u00e9fi cr\u00e9atif stimulant. Gr\u00e2ce \u00e0 d&rsquo;innombrables combinaisons, les plus petits peuvent laisser libre cours \u00e0 leur imagination et cr\u00e9er des figures amusantes et uniques. Ce puzzle est id\u00e9al pour d\u00e9velopper de mani\u00e8re ludique des comp\u00e9tences telles que la motricit\u00e9 fine, la capacit\u00e9 \u00e0 r\u00e9soudre des probl\u00e8mes et la cr\u00e9ativit\u00e9. Parfait pour les enfants&hellip;<\/p>\n","protected":false},"featured_media":262261,"comment_status":"open","ping_status":"closed","template":"","meta":[],"product_brand":[],"product_cat":[38734],"product_tag":[],"class_list":{"0":"post-255381","1":"product","2":"type-product","3":"status-publish","4":"has-post-thumbnail","6":"product_cat-puzzle","7":"product_shipping_class-global_methods","9":"first","10":"instock","11":"taxable","12":"shipping-taxable","13":"purchasable","14":"product-type-simple"},"yoast_head":"<!-- This site is optimized with the Yoast SEO plugin v27.4 - https:\/\/yoast.com\/product\/yoast-seo-wordpress\/ -->\n<title>Ravensburger Puzzle 3x \u00e0 24 Teile<\/title>\n<meta name=\"description\" content=\"Das Ravensburger Mix&amp;Match Kinderpuzzle - S\u00fc\u00dfe Roboter bietet nicht nur klassischen Puzzlespa\u00df, sondern auch eine kreative Herausforderung f\u00fcr Kinder. Mit unz\u00e4h\" \/>\n<meta name=\"robots\" content=\"index, follow, max-snippet:-1, max-image-preview:large, max-video-preview:-1\" \/>\n<link rel=\"canonical\" href=\"https:\/\/schweizversand.ch\/fr\/produkt\/ravensburger-puzzle-3x-a-24-teile\/\" \/>\n<meta property=\"og:locale\" content=\"fr_FR\" \/>\n<meta property=\"og:type\" content=\"article\" \/>\n<meta property=\"og:title\" content=\"Ravensburger Puzzle 3x \u00e0 24 Teile\" \/>\n<meta property=\"og:description\" content=\"Das Ravensburger Mix&amp;Match Kinderpuzzle - S\u00fc\u00dfe Roboter bietet nicht nur klassischen Puzzlespa\u00df, sondern auch eine kreative Herausforderung f\u00fcr Kinder. Mit unz\u00e4h\" \/>\n<meta property=\"og:url\" content=\"https:\/\/schweizversand.ch\/fr\/produkt\/ravensburger-puzzle-3x-a-24-teile\/\" \/>\n<meta property=\"og:site_name\" content=\"Schweizer Shop f\u00fcr Sport, Spiel und Freizeit\" \/>\n<meta property=\"article:publisher\" content=\"https:\/\/www.facebook.com\/Schweizversand\" \/>\n<meta property=\"article:modified_time\" content=\"2026-04-19T13:36:09+00:00\" \/>\n<meta property=\"og:image\" content=\"https:\/\/schweizversand.ch\/wp-content\/uploads\/2026\/02\/5471756220.jpg\" \/>\n\t<meta property=\"og:image:width\" content=\"711\" \/>\n\t<meta property=\"og:image:height\" content=\"1024\" \/>\n\t<meta property=\"og:image:type\" content=\"image\/jpeg\" \/>\n<meta name=\"twitter:card\" content=\"summary_large_image\" \/>\n<meta name=\"twitter:label1\" content=\"Dur\u00e9e de lecture estim\u00e9e\" \/>\n\t<meta name=\"twitter:data1\" content=\"2 minutes\" \/>\n<script type=\"application\/ld+json\" class=\"yoast-schema-graph\">{\"@context\":\"https:\\\/\\\/schema.org\",\"@graph\":[{\"@type\":\"WebPage\",\"@id\":\"https:\\\/\\\/schweizversand.ch\\\/fr\\\/produkt\\\/ravensburger-puzzle-3x-a-24-teile\\\/\",\"url\":\"https:\\\/\\\/schweizversand.ch\\\/fr\\\/produkt\\\/ravensburger-puzzle-3x-a-24-teile\\\/\",\"name\":\"Ravensburger Puzzle 3x \u00e0 24 Teile\",\"isPartOf\":{\"@id\":\"https:\\\/\\\/schweizversand.ch\\\/fr\\\/#website\"},\"primaryImageOfPage\":{\"@id\":\"https:\\\/\\\/schweizversand.ch\\\/fr\\\/produkt\\\/ravensburger-puzzle-3x-a-24-teile\\\/#primaryimage\"},\"image\":{\"@id\":\"https:\\\/\\\/schweizversand.ch\\\/fr\\\/produkt\\\/ravensburger-puzzle-3x-a-24-teile\\\/#primaryimage\"},\"thumbnailUrl\":\"https:\\\/\\\/schweizversand.ch\\\/wp-content\\\/uploads\\\/2026\\\/02\\\/5471756220.jpg\",\"datePublished\":\"2026-03-14T22:50:07+00:00\",\"dateModified\":\"2026-04-19T13:36:09+00:00\",\"description\":\"Das Ravensburger Mix&Match Kinderpuzzle - S\u00fc\u00dfe Roboter bietet nicht nur klassischen Puzzlespa\u00df, sondern auch eine kreative Herausforderung f\u00fcr Kinder. Mit unz\u00e4h\",\"breadcrumb\":{\"@id\":\"https:\\\/\\\/schweizversand.ch\\\/fr\\\/produkt\\\/ravensburger-puzzle-3x-a-24-teile\\\/#breadcrumb\"},\"inLanguage\":\"fr-FR\",\"potentialAction\":[{\"@type\":\"ReadAction\",\"target\":[\"https:\\\/\\\/schweizversand.ch\\\/fr\\\/produkt\\\/ravensburger-puzzle-3x-a-24-teile\\\/\"]}]},{\"@type\":\"ImageObject\",\"inLanguage\":\"fr-FR\",\"@id\":\"https:\\\/\\\/schweizversand.ch\\\/fr\\\/produkt\\\/ravensburger-puzzle-3x-a-24-teile\\\/#primaryimage\",\"url\":\"https:\\\/\\\/schweizversand.ch\\\/wp-content\\\/uploads\\\/2026\\\/02\\\/5471756220.jpg\",\"contentUrl\":\"https:\\\/\\\/schweizversand.ch\\\/wp-content\\\/uploads\\\/2026\\\/02\\\/5471756220.jpg\",\"width\":711,\"height\":1024},{\"@type\":\"BreadcrumbList\",\"@id\":\"https:\\\/\\\/schweizversand.ch\\\/fr\\\/produkt\\\/ravensburger-puzzle-3x-a-24-teile\\\/#breadcrumb\",\"itemListElement\":[{\"@type\":\"ListItem\",\"position\":1,\"name\":\"Startseite\",\"item\":\"https:\\\/\\\/schweizversand.ch\\\/fr\\\/home\\\/\"},{\"@type\":\"ListItem\",\"position\":2,\"name\":\"Boutique\",\"item\":\"https:\\\/\\\/schweizversand.ch\\\/fr\\\/boutique\\\/\"},{\"@type\":\"ListItem\",\"position\":3,\"name\":\"Jouets et jeux\",\"item\":\"https:\\\/\\\/schweizversand.ch\\\/fr\\\/produkt-kategorie\\\/jouets-et-jeux\\\/\"},{\"@type\":\"ListItem\",\"position\":4,\"name\":\"Spiele &amp; Puzzles\",\"item\":\"https:\\\/\\\/schweizversand.ch\\\/produkt-kategorie\\\/spielzeuge-spiele\\\/spiele-puzzles-spielzeuge-spiele\\\/\"},{\"@type\":\"ListItem\",\"position\":5,\"name\":\"Puzzles\",\"item\":\"https:\\\/\\\/schweizversand.ch\\\/fr\\\/produkt-kategorie\\\/puzzle\\\/\"},{\"@type\":\"ListItem\",\"position\":6,\"name\":\"Puzzle Ravensburger 3x de 24 pi\u00e8ces\"}]},{\"@type\":\"WebSite\",\"@id\":\"https:\\\/\\\/schweizversand.ch\\\/fr\\\/#website\",\"url\":\"https:\\\/\\\/schweizversand.ch\\\/fr\\\/\",\"name\":\"Schweizer Shop f\u00fcr Sport, Spiel und Freizeit\",\"description\":\"Gratisversand ab 50.- (netto), ab eigenem schweizer Lager, Lieferung innert 48h\",\"publisher\":{\"@id\":\"https:\\\/\\\/schweizversand.ch\\\/fr\\\/#organization\"},\"alternateName\":\"Schweizversand.ch\",\"potentialAction\":[{\"@type\":\"SearchAction\",\"target\":{\"@type\":\"EntryPoint\",\"urlTemplate\":\"https:\\\/\\\/schweizversand.ch\\\/fr\\\/?s={search_term_string}\"},\"query-input\":{\"@type\":\"PropertyValueSpecification\",\"valueRequired\":true,\"valueName\":\"search_term_string\"}}],\"inLanguage\":\"fr-FR\"},{\"@type\":\"Organization\",\"@id\":\"https:\\\/\\\/schweizversand.ch\\\/fr\\\/#organization\",\"name\":\"Schweizversand.ch\",\"url\":\"https:\\\/\\\/schweizversand.ch\\\/fr\\\/\",\"logo\":{\"@type\":\"ImageObject\",\"inLanguage\":\"fr-FR\",\"@id\":\"https:\\\/\\\/schweizversand.ch\\\/fr\\\/#\\\/schema\\\/logo\\\/image\\\/\",\"url\":\"https:\\\/\\\/schweizversand.ch\\\/wp-content\\\/uploads\\\/2026\\\/03\\\/Logo_Rund_Final-1.png\",\"contentUrl\":\"https:\\\/\\\/schweizversand.ch\\\/wp-content\\\/uploads\\\/2026\\\/03\\\/Logo_Rund_Final-1.png\",\"width\":404,\"height\":404,\"caption\":\"Schweizversand.ch\"},\"image\":{\"@id\":\"https:\\\/\\\/schweizversand.ch\\\/fr\\\/#\\\/schema\\\/logo\\\/image\\\/\"},\"sameAs\":[\"https:\\\/\\\/www.facebook.com\\\/Schweizversand\",\"https:\\\/\\\/www.instagram.com\\\/schweizversand.ch\\\/\"]}]}<\/script>\n<!-- \/ Yoast SEO plugin. -->","yoast_head_json":{"title":"Ravensburger Puzzle 3x \u00e0 24 Teile","description":"Das Ravensburger Mix&Match Kinderpuzzle - S\u00fc\u00dfe Roboter bietet nicht nur klassischen Puzzlespa\u00df, sondern auch eine kreative Herausforderung f\u00fcr Kinder. Mit unz\u00e4h","robots":{"index":"index","follow":"follow","max-snippet":"max-snippet:-1","max-image-preview":"max-image-preview:large","max-video-preview":"max-video-preview:-1"},"canonical":"https:\/\/schweizversand.ch\/fr\/produkt\/ravensburger-puzzle-3x-a-24-teile\/","og_locale":"fr_FR","og_type":"article","og_title":"Ravensburger Puzzle 3x \u00e0 24 Teile","og_description":"Das Ravensburger Mix&Match Kinderpuzzle - S\u00fc\u00dfe Roboter bietet nicht nur klassischen Puzzlespa\u00df, sondern auch eine kreative Herausforderung f\u00fcr Kinder. Mit unz\u00e4h","og_url":"https:\/\/schweizversand.ch\/fr\/produkt\/ravensburger-puzzle-3x-a-24-teile\/","og_site_name":"Schweizer Shop f\u00fcr Sport, Spiel und Freizeit","article_publisher":"https:\/\/www.facebook.com\/Schweizversand","article_modified_time":"2026-04-19T13:36:09+00:00","og_image":[{"width":711,"height":1024,"url":"https:\/\/schweizversand.ch\/wp-content\/uploads\/2026\/02\/5471756220.jpg","type":"image\/jpeg"}],"twitter_card":"summary_large_image","twitter_misc":{"Dur\u00e9e de lecture estim\u00e9e":"2 minutes"},"schema":{"@context":"https:\/\/schema.org","@graph":[{"@type":"WebPage","@id":"https:\/\/schweizversand.ch\/fr\/produkt\/ravensburger-puzzle-3x-a-24-teile\/","url":"https:\/\/schweizversand.ch\/fr\/produkt\/ravensburger-puzzle-3x-a-24-teile\/","name":"Ravensburger Puzzle 3x \u00e0 24 Teile","isPartOf":{"@id":"https:\/\/schweizversand.ch\/fr\/#website"},"primaryImageOfPage":{"@id":"https:\/\/schweizversand.ch\/fr\/produkt\/ravensburger-puzzle-3x-a-24-teile\/#primaryimage"},"image":{"@id":"https:\/\/schweizversand.ch\/fr\/produkt\/ravensburger-puzzle-3x-a-24-teile\/#primaryimage"},"thumbnailUrl":"https:\/\/schweizversand.ch\/wp-content\/uploads\/2026\/02\/5471756220.jpg","datePublished":"2026-03-14T22:50:07+00:00","dateModified":"2026-04-19T13:36:09+00:00","description":"Das Ravensburger Mix&Match Kinderpuzzle - S\u00fc\u00dfe Roboter bietet nicht nur klassischen Puzzlespa\u00df, sondern auch eine kreative Herausforderung f\u00fcr Kinder. Mit unz\u00e4h","breadcrumb":{"@id":"https:\/\/schweizversand.ch\/fr\/produkt\/ravensburger-puzzle-3x-a-24-teile\/#breadcrumb"},"inLanguage":"fr-FR","potentialAction":[{"@type":"ReadAction","target":["https:\/\/schweizversand.ch\/fr\/produkt\/ravensburger-puzzle-3x-a-24-teile\/"]}]},{"@type":"ImageObject","inLanguage":"fr-FR","@id":"https:\/\/schweizversand.ch\/fr\/produkt\/ravensburger-puzzle-3x-a-24-teile\/#primaryimage","url":"https:\/\/schweizversand.ch\/wp-content\/uploads\/2026\/02\/5471756220.jpg","contentUrl":"https:\/\/schweizversand.ch\/wp-content\/uploads\/2026\/02\/5471756220.jpg","width":711,"height":1024},{"@type":"BreadcrumbList","@id":"https:\/\/schweizversand.ch\/fr\/produkt\/ravensburger-puzzle-3x-a-24-teile\/#breadcrumb","itemListElement":[{"@type":"ListItem","position":1,"name":"Startseite","item":"https:\/\/schweizversand.ch\/fr\/home\/"},{"@type":"ListItem","position":2,"name":"Boutique","item":"https:\/\/schweizversand.ch\/fr\/boutique\/"},{"@type":"ListItem","position":3,"name":"Jouets et jeux","item":"https:\/\/schweizversand.ch\/fr\/produkt-kategorie\/jouets-et-jeux\/"},{"@type":"ListItem","position":4,"name":"Spiele &amp; Puzzles","item":"https:\/\/schweizversand.ch\/produkt-kategorie\/spielzeuge-spiele\/spiele-puzzles-spielzeuge-spiele\/"},{"@type":"ListItem","position":5,"name":"Puzzles","item":"https:\/\/schweizversand.ch\/fr\/produkt-kategorie\/puzzle\/"},{"@type":"ListItem","position":6,"name":"Puzzle Ravensburger 3x de 24 pi\u00e8ces"}]},{"@type":"WebSite","@id":"https:\/\/schweizversand.ch\/fr\/#website","url":"https:\/\/schweizversand.ch\/fr\/","name":"Schweizer Shop f\u00fcr Sport, Spiel und Freizeit","description":"Gratisversand ab 50.- (netto), ab eigenem schweizer Lager, Lieferung innert 48h","publisher":{"@id":"https:\/\/schweizversand.ch\/fr\/#organization"},"alternateName":"Schweizversand.ch","potentialAction":[{"@type":"SearchAction","target":{"@type":"EntryPoint","urlTemplate":"https:\/\/schweizversand.ch\/fr\/?s={search_term_string}"},"query-input":{"@type":"PropertyValueSpecification","valueRequired":true,"valueName":"search_term_string"}}],"inLanguage":"fr-FR"},{"@type":"Organization","@id":"https:\/\/schweizversand.ch\/fr\/#organization","name":"Schweizversand.ch","url":"https:\/\/schweizversand.ch\/fr\/","logo":{"@type":"ImageObject","inLanguage":"fr-FR","@id":"https:\/\/schweizversand.ch\/fr\/#\/schema\/logo\/image\/","url":"https:\/\/schweizversand.ch\/wp-content\/uploads\/2026\/03\/Logo_Rund_Final-1.png","contentUrl":"https:\/\/schweizversand.ch\/wp-content\/uploads\/2026\/03\/Logo_Rund_Final-1.png","width":404,"height":404,"caption":"Schweizversand.ch"},"image":{"@id":"https:\/\/schweizversand.ch\/fr\/#\/schema\/logo\/image\/"},"sameAs":["https:\/\/www.facebook.com\/Schweizversand","https:\/\/www.instagram.com\/schweizversand.ch\/"]}]}},"jetpack_sharing_enabled":true,"_links":{"self":[{"href":"https:\/\/schweizversand.ch\/fr\/wp-json\/wp\/v2\/product\/255381","targetHints":{"allow":["GET"]}}],"collection":[{"href":"https:\/\/schweizversand.ch\/fr\/wp-json\/wp\/v2\/product"}],"about":[{"href":"https:\/\/schweizversand.ch\/fr\/wp-json\/wp\/v2\/types\/product"}],"replies":[{"embeddable":true,"href":"https:\/\/schweizversand.ch\/fr\/wp-json\/wp\/v2\/comments?post=255381"}],"wp:featuredmedia":[{"embeddable":true,"href":"https:\/\/schweizversand.ch\/fr\/wp-json\/wp\/v2\/media\/262261"}],"wp:attachment":[{"href":"https:\/\/schweizversand.ch\/fr\/wp-json\/wp\/v2\/media?parent=255381"}],"wp:term":[{"taxonomy":"product_brand","embeddable":true,"href":"https:\/\/schweizversand.ch\/fr\/wp-json\/wp\/v2\/product_brand?post=255381"},{"taxonomy":"product_cat","embeddable":true,"href":"https:\/\/schweizversand.ch\/fr\/wp-json\/wp\/v2\/product_cat?post=255381"},{"taxonomy":"product_tag","embeddable":true,"href":"https:\/\/schweizversand.ch\/fr\/wp-json\/wp\/v2\/product_tag?post=255381"}],"curies":[{"name":"wp","href":"https:\/\/api.w.org\/{rel}","templated":true}]}}