{"id":255391,"date":"2026-03-14T23:50:08","date_gmt":"2026-03-14T22:50:08","guid":{"rendered":"https:\/\/schweizversand.ch\/produkt\/fabrizio-dragonqueen-schulthek-rucksack\/"},"modified":"2026-04-19T15:36:09","modified_gmt":"2026-04-19T13:36:09","slug":"fabrizio-dragonqueen-schulthek-rucksack","status":"publish","type":"product","link":"https:\/\/schweizversand.ch\/fr\/produkt\/fabrizio-dragonqueen-schulthek-rucksack\/","title":{"rendered":"pupitre\/sac \u00e0 dos scolaire Fabrizio Dragonqueen"},"content":{"rendered":"<p>Sac \u00e0 dos scolaire \u2013 Fonctionnel, confortable et \u00e9l\u00e9gant pour la journ\u00e9e scolaire moderne<br \/>Ce sac \u00e0 dos scolaire allie fonctionnalit\u00e9 et design moderne, ce qui en fait le compagnon id\u00e9al des \u00e9l\u00e8ves qui accordent autant d&rsquo;importance \u00e0 l&rsquo;organisation, au confort et au style.<br \/>Le grand compartiment principal, dot\u00e9 d&rsquo;un fond rigide, offre un espace g\u00e9n\u00e9reux pour deux classeurs A4, des livres et des cahiers. Une poche avant pratique, zipp\u00e9e et \u00e9quip\u00e9e d&rsquo;une sortie pour \u00e9couteurs, permet de garder ses affaires bien rang\u00e9es et d&rsquo;\u00e9couter de la musique en d\u00e9placement \u2013 \u200b\u200bid\u00e9al pour les lecteurs MP3, les iPod ou les smartphones.<br \/>Deux grandes poches int\u00e9rieures, ainsi qu&rsquo;un compartiment organisateur bien con\u00e7u comprenant une poche pour t\u00e9l\u00e9phone portable, des porte-stylos et une poche en filet, garantissent que chaque chose a sa place. Les larges bretelles rembourr\u00e9es assurent un confort optimal, m\u00eame avec un sac lourd, tandis que le rabat \u00e0 double fermeture offre une s\u00e9curit\u00e9 accrue et un look sportif. Aper\u00e7u des avantages du produit\u00a0: \u2022 Compartiment principal spacieux\u00a0: avec fond amovible \u2013 espace pour 2 classeurs A4 \u2022 Espace de rangement suppl\u00e9mentaire\u00a0: pour livres, cahiers et fournitures scolaires \u2022 Compartiment avant pratique\u00a0: avec fermeture \u00e9clair et passage pour \u00e9couteurs \u2022 Organisation astucieuse\u00a0: poches plaqu\u00e9es, poche pour t\u00e9l\u00e9phone portable, porte-stylos et poche en filet \u2022 Confort de portage optimal\u00a0: bretelles larges et rembourr\u00e9es \u2022 S\u00e9curit\u00e9 et robustesse\u00a0: rabat \u00e0 double fermeture<\/p>\n<\/div>\n<div>Que ce soit pour l\u2019\u00e9cole, l\u2019universit\u00e9 ou les loisirs, ce sac \u00e0 dos scolaire impressionne par son organisation optimale, son confort moderne et sa qualit\u00e9 durable.<\/p>\n<\/div>\n","protected":false},"excerpt":{"rendered":"<p>Sac \u00e0 dos scolaire \u2013 Fonctionnel, confortable et \u00e9l\u00e9gant pour la journ\u00e9e scolaire moderneCe sac \u00e0 dos scolaire allie fonctionnalit\u00e9 et design moderne, ce qui en fait le compagnon id\u00e9al des \u00e9l\u00e8ves qui accordent autant d&rsquo;importance \u00e0 l&rsquo;organisation, au confort et au style.Le grand compartiment principal, dot\u00e9 d&rsquo;un fond rigide, offre un espace g\u00e9n\u00e9reux pour deux classeurs A4, des livres et des cahiers. Une poche avant pratique, zipp\u00e9e et \u00e9quip\u00e9e d&rsquo;une sortie pour \u00e9couteurs, permet&hellip;<\/p>\n","protected":false},"featured_media":165969,"comment_status":"open","ping_status":"closed","template":"","meta":[],"product_brand":[],"product_cat":[38090],"product_tag":[],"class_list":{"0":"post-255391","1":"product","2":"type-product","3":"status-publish","4":"has-post-thumbnail","6":"product_cat-taschen-rucksack","7":"product_shipping_class-global_methods","9":"first","10":"instock","11":"taxable","12":"shipping-taxable","13":"purchasable","14":"product-type-simple"},"yoast_head":"<!-- This site is optimized with the Yoast SEO plugin v27.4 - https:\/\/yoast.com\/product\/yoast-seo-wordpress\/ -->\n<title>Fabrizio Dragonqueen Schulthek\/Rucksack | Jetzt kaufen | Schweizversand.ch<\/title>\n<meta name=\"description\" content=\"Fabrizio Dragonqueen Schulthek\/Rucksack g\u00fcnstig kaufen bei Schweizversand.ch. Schnelle Lieferung in der Schweiz. Gratisversand ab CHF 50.\" \/>\n<meta name=\"robots\" content=\"index, follow, max-snippet:-1, max-image-preview:large, max-video-preview:-1\" \/>\n<link rel=\"canonical\" href=\"https:\/\/schweizversand.ch\/fr\/produkt\/fabrizio-dragonqueen-schulthek-rucksack\/\" \/>\n<meta property=\"og:locale\" content=\"fr_FR\" \/>\n<meta property=\"og:type\" content=\"article\" \/>\n<meta property=\"og:title\" content=\"Fabrizio Dragonqueen Schulthek\/Rucksack | Jetzt kaufen | Schweizversand.ch\" \/>\n<meta property=\"og:description\" content=\"Fabrizio Dragonqueen Schulthek\/Rucksack g\u00fcnstig kaufen bei Schweizversand.ch. Schnelle Lieferung in der Schweiz. Gratisversand ab CHF 50.\" \/>\n<meta property=\"og:url\" content=\"https:\/\/schweizversand.ch\/fr\/produkt\/fabrizio-dragonqueen-schulthek-rucksack\/\" \/>\n<meta property=\"og:site_name\" content=\"Schweizer Shop f\u00fcr Sport, Spiel und Freizeit\" \/>\n<meta property=\"article:publisher\" content=\"https:\/\/www.facebook.com\/Schweizversand\" \/>\n<meta property=\"article:modified_time\" content=\"2026-04-19T13:36:09+00:00\" \/>\n<meta property=\"og:image\" content=\"https:\/\/schweizversand.ch\/wp-content\/uploads\/2026\/02\/5471750415.jpg\" \/>\n\t<meta property=\"og:image:width\" content=\"809\" \/>\n\t<meta property=\"og:image:height\" content=\"1024\" \/>\n\t<meta property=\"og:image:type\" content=\"image\/jpeg\" \/>\n<meta name=\"twitter:card\" content=\"summary_large_image\" \/>\n<meta name=\"twitter:label1\" content=\"Dur\u00e9e de lecture estim\u00e9e\" \/>\n\t<meta name=\"twitter:data1\" content=\"1 minute\" \/>\n<script type=\"application\/ld+json\" class=\"yoast-schema-graph\">{\"@context\":\"https:\\\/\\\/schema.org\",\"@graph\":[{\"@type\":\"WebPage\",\"@id\":\"https:\\\/\\\/schweizversand.ch\\\/fr\\\/produkt\\\/fabrizio-dragonqueen-schulthek-rucksack\\\/\",\"url\":\"https:\\\/\\\/schweizversand.ch\\\/fr\\\/produkt\\\/fabrizio-dragonqueen-schulthek-rucksack\\\/\",\"name\":\"Fabrizio Dragonqueen Schulthek\\\/Rucksack | Jetzt kaufen | Schweizversand.ch\",\"isPartOf\":{\"@id\":\"https:\\\/\\\/schweizversand.ch\\\/fr\\\/#website\"},\"primaryImageOfPage\":{\"@id\":\"https:\\\/\\\/schweizversand.ch\\\/fr\\\/produkt\\\/fabrizio-dragonqueen-schulthek-rucksack\\\/#primaryimage\"},\"image\":{\"@id\":\"https:\\\/\\\/schweizversand.ch\\\/fr\\\/produkt\\\/fabrizio-dragonqueen-schulthek-rucksack\\\/#primaryimage\"},\"thumbnailUrl\":\"https:\\\/\\\/schweizversand.ch\\\/wp-content\\\/uploads\\\/2026\\\/02\\\/5471750415.jpg\",\"datePublished\":\"2026-03-14T22:50:08+00:00\",\"dateModified\":\"2026-04-19T13:36:09+00:00\",\"description\":\"Fabrizio Dragonqueen Schulthek\\\/Rucksack g\u00fcnstig kaufen bei Schweizversand.ch. Schnelle Lieferung in der Schweiz. Gratisversand ab CHF 50.\",\"breadcrumb\":{\"@id\":\"https:\\\/\\\/schweizversand.ch\\\/fr\\\/produkt\\\/fabrizio-dragonqueen-schulthek-rucksack\\\/#breadcrumb\"},\"inLanguage\":\"fr-FR\",\"potentialAction\":[{\"@type\":\"ReadAction\",\"target\":[\"https:\\\/\\\/schweizversand.ch\\\/fr\\\/produkt\\\/fabrizio-dragonqueen-schulthek-rucksack\\\/\"]}]},{\"@type\":\"ImageObject\",\"inLanguage\":\"fr-FR\",\"@id\":\"https:\\\/\\\/schweizversand.ch\\\/fr\\\/produkt\\\/fabrizio-dragonqueen-schulthek-rucksack\\\/#primaryimage\",\"url\":\"https:\\\/\\\/schweizversand.ch\\\/wp-content\\\/uploads\\\/2026\\\/02\\\/5471750415.jpg\",\"contentUrl\":\"https:\\\/\\\/schweizversand.ch\\\/wp-content\\\/uploads\\\/2026\\\/02\\\/5471750415.jpg\",\"width\":809,\"height\":1024},{\"@type\":\"BreadcrumbList\",\"@id\":\"https:\\\/\\\/schweizversand.ch\\\/fr\\\/produkt\\\/fabrizio-dragonqueen-schulthek-rucksack\\\/#breadcrumb\",\"itemListElement\":[{\"@type\":\"ListItem\",\"position\":1,\"name\":\"Startseite\",\"item\":\"https:\\\/\\\/schweizversand.ch\\\/fr\\\/home\\\/\"},{\"@type\":\"ListItem\",\"position\":2,\"name\":\"Boutique\",\"item\":\"https:\\\/\\\/schweizversand.ch\\\/fr\\\/boutique\\\/\"},{\"@type\":\"ListItem\",\"position\":3,\"name\":\"Voyages\",\"item\":\"https:\\\/\\\/schweizversand.ch\\\/fr\\\/produkt-kategorie\\\/voyages\\\/\"},{\"@type\":\"ListItem\",\"position\":4,\"name\":\"Sacs et bagages\",\"item\":\"https:\\\/\\\/schweizversand.ch\\\/fr\\\/produkt-kategorie\\\/voyages\\\/sacs-et-bagages\\\/\"},{\"@type\":\"ListItem\",\"position\":5,\"name\":\"Sacs et sacs \u00e0 dos\",\"item\":\"https:\\\/\\\/schweizversand.ch\\\/fr\\\/produkt-kategorie\\\/voyages\\\/sacs-et-bagages\\\/taschen-rucksack\\\/\"},{\"@type\":\"ListItem\",\"position\":6,\"name\":\"pupitre\\\/sac \u00e0 dos scolaire Fabrizio Dragonqueen\"}]},{\"@type\":\"WebSite\",\"@id\":\"https:\\\/\\\/schweizversand.ch\\\/fr\\\/#website\",\"url\":\"https:\\\/\\\/schweizversand.ch\\\/fr\\\/\",\"name\":\"Schweizer Shop f\u00fcr Sport, Spiel und Freizeit\",\"description\":\"Gratisversand ab 50.- (netto), ab eigenem schweizer Lager, Lieferung innert 48h\",\"publisher\":{\"@id\":\"https:\\\/\\\/schweizversand.ch\\\/fr\\\/#organization\"},\"alternateName\":\"Schweizversand.ch\",\"potentialAction\":[{\"@type\":\"SearchAction\",\"target\":{\"@type\":\"EntryPoint\",\"urlTemplate\":\"https:\\\/\\\/schweizversand.ch\\\/fr\\\/?s={search_term_string}\"},\"query-input\":{\"@type\":\"PropertyValueSpecification\",\"valueRequired\":true,\"valueName\":\"search_term_string\"}}],\"inLanguage\":\"fr-FR\"},{\"@type\":\"Organization\",\"@id\":\"https:\\\/\\\/schweizversand.ch\\\/fr\\\/#organization\",\"name\":\"Schweizversand.ch\",\"url\":\"https:\\\/\\\/schweizversand.ch\\\/fr\\\/\",\"logo\":{\"@type\":\"ImageObject\",\"inLanguage\":\"fr-FR\",\"@id\":\"https:\\\/\\\/schweizversand.ch\\\/fr\\\/#\\\/schema\\\/logo\\\/image\\\/\",\"url\":\"https:\\\/\\\/schweizversand.ch\\\/wp-content\\\/uploads\\\/2026\\\/03\\\/Logo_Rund_Final-1.png\",\"contentUrl\":\"https:\\\/\\\/schweizversand.ch\\\/wp-content\\\/uploads\\\/2026\\\/03\\\/Logo_Rund_Final-1.png\",\"width\":404,\"height\":404,\"caption\":\"Schweizversand.ch\"},\"image\":{\"@id\":\"https:\\\/\\\/schweizversand.ch\\\/fr\\\/#\\\/schema\\\/logo\\\/image\\\/\"},\"sameAs\":[\"https:\\\/\\\/www.facebook.com\\\/Schweizversand\",\"https:\\\/\\\/www.instagram.com\\\/schweizversand.ch\\\/\"]}]}<\/script>\n<!-- \/ Yoast SEO plugin. -->","yoast_head_json":{"title":"Fabrizio Dragonqueen Schulthek\/Rucksack | Jetzt kaufen | Schweizversand.ch","description":"Fabrizio Dragonqueen Schulthek\/Rucksack g\u00fcnstig kaufen bei Schweizversand.ch. Schnelle Lieferung in der Schweiz. Gratisversand ab CHF 50.","robots":{"index":"index","follow":"follow","max-snippet":"max-snippet:-1","max-image-preview":"max-image-preview:large","max-video-preview":"max-video-preview:-1"},"canonical":"https:\/\/schweizversand.ch\/fr\/produkt\/fabrizio-dragonqueen-schulthek-rucksack\/","og_locale":"fr_FR","og_type":"article","og_title":"Fabrizio Dragonqueen Schulthek\/Rucksack | Jetzt kaufen | Schweizversand.ch","og_description":"Fabrizio Dragonqueen Schulthek\/Rucksack g\u00fcnstig kaufen bei Schweizversand.ch. Schnelle Lieferung in der Schweiz. Gratisversand ab CHF 50.","og_url":"https:\/\/schweizversand.ch\/fr\/produkt\/fabrizio-dragonqueen-schulthek-rucksack\/","og_site_name":"Schweizer Shop f\u00fcr Sport, Spiel und Freizeit","article_publisher":"https:\/\/www.facebook.com\/Schweizversand","article_modified_time":"2026-04-19T13:36:09+00:00","og_image":[{"width":809,"height":1024,"url":"https:\/\/schweizversand.ch\/wp-content\/uploads\/2026\/02\/5471750415.jpg","type":"image\/jpeg"}],"twitter_card":"summary_large_image","twitter_misc":{"Dur\u00e9e de lecture estim\u00e9e":"1 minute"},"schema":{"@context":"https:\/\/schema.org","@graph":[{"@type":"WebPage","@id":"https:\/\/schweizversand.ch\/fr\/produkt\/fabrizio-dragonqueen-schulthek-rucksack\/","url":"https:\/\/schweizversand.ch\/fr\/produkt\/fabrizio-dragonqueen-schulthek-rucksack\/","name":"Fabrizio Dragonqueen Schulthek\/Rucksack | Jetzt kaufen | Schweizversand.ch","isPartOf":{"@id":"https:\/\/schweizversand.ch\/fr\/#website"},"primaryImageOfPage":{"@id":"https:\/\/schweizversand.ch\/fr\/produkt\/fabrizio-dragonqueen-schulthek-rucksack\/#primaryimage"},"image":{"@id":"https:\/\/schweizversand.ch\/fr\/produkt\/fabrizio-dragonqueen-schulthek-rucksack\/#primaryimage"},"thumbnailUrl":"https:\/\/schweizversand.ch\/wp-content\/uploads\/2026\/02\/5471750415.jpg","datePublished":"2026-03-14T22:50:08+00:00","dateModified":"2026-04-19T13:36:09+00:00","description":"Fabrizio Dragonqueen Schulthek\/Rucksack g\u00fcnstig kaufen bei Schweizversand.ch. Schnelle Lieferung in der Schweiz. Gratisversand ab CHF 50.","breadcrumb":{"@id":"https:\/\/schweizversand.ch\/fr\/produkt\/fabrizio-dragonqueen-schulthek-rucksack\/#breadcrumb"},"inLanguage":"fr-FR","potentialAction":[{"@type":"ReadAction","target":["https:\/\/schweizversand.ch\/fr\/produkt\/fabrizio-dragonqueen-schulthek-rucksack\/"]}]},{"@type":"ImageObject","inLanguage":"fr-FR","@id":"https:\/\/schweizversand.ch\/fr\/produkt\/fabrizio-dragonqueen-schulthek-rucksack\/#primaryimage","url":"https:\/\/schweizversand.ch\/wp-content\/uploads\/2026\/02\/5471750415.jpg","contentUrl":"https:\/\/schweizversand.ch\/wp-content\/uploads\/2026\/02\/5471750415.jpg","width":809,"height":1024},{"@type":"BreadcrumbList","@id":"https:\/\/schweizversand.ch\/fr\/produkt\/fabrizio-dragonqueen-schulthek-rucksack\/#breadcrumb","itemListElement":[{"@type":"ListItem","position":1,"name":"Startseite","item":"https:\/\/schweizversand.ch\/fr\/home\/"},{"@type":"ListItem","position":2,"name":"Boutique","item":"https:\/\/schweizversand.ch\/fr\/boutique\/"},{"@type":"ListItem","position":3,"name":"Voyages","item":"https:\/\/schweizversand.ch\/fr\/produkt-kategorie\/voyages\/"},{"@type":"ListItem","position":4,"name":"Sacs et bagages","item":"https:\/\/schweizversand.ch\/fr\/produkt-kategorie\/voyages\/sacs-et-bagages\/"},{"@type":"ListItem","position":5,"name":"Sacs et sacs \u00e0 dos","item":"https:\/\/schweizversand.ch\/fr\/produkt-kategorie\/voyages\/sacs-et-bagages\/taschen-rucksack\/"},{"@type":"ListItem","position":6,"name":"pupitre\/sac \u00e0 dos scolaire Fabrizio Dragonqueen"}]},{"@type":"WebSite","@id":"https:\/\/schweizversand.ch\/fr\/#website","url":"https:\/\/schweizversand.ch\/fr\/","name":"Schweizer Shop f\u00fcr Sport, Spiel und Freizeit","description":"Gratisversand ab 50.- (netto), ab eigenem schweizer Lager, Lieferung innert 48h","publisher":{"@id":"https:\/\/schweizversand.ch\/fr\/#organization"},"alternateName":"Schweizversand.ch","potentialAction":[{"@type":"SearchAction","target":{"@type":"EntryPoint","urlTemplate":"https:\/\/schweizversand.ch\/fr\/?s={search_term_string}"},"query-input":{"@type":"PropertyValueSpecification","valueRequired":true,"valueName":"search_term_string"}}],"inLanguage":"fr-FR"},{"@type":"Organization","@id":"https:\/\/schweizversand.ch\/fr\/#organization","name":"Schweizversand.ch","url":"https:\/\/schweizversand.ch\/fr\/","logo":{"@type":"ImageObject","inLanguage":"fr-FR","@id":"https:\/\/schweizversand.ch\/fr\/#\/schema\/logo\/image\/","url":"https:\/\/schweizversand.ch\/wp-content\/uploads\/2026\/03\/Logo_Rund_Final-1.png","contentUrl":"https:\/\/schweizversand.ch\/wp-content\/uploads\/2026\/03\/Logo_Rund_Final-1.png","width":404,"height":404,"caption":"Schweizversand.ch"},"image":{"@id":"https:\/\/schweizversand.ch\/fr\/#\/schema\/logo\/image\/"},"sameAs":["https:\/\/www.facebook.com\/Schweizversand","https:\/\/www.instagram.com\/schweizversand.ch\/"]}]}},"jetpack_sharing_enabled":true,"_links":{"self":[{"href":"https:\/\/schweizversand.ch\/fr\/wp-json\/wp\/v2\/product\/255391","targetHints":{"allow":["GET"]}}],"collection":[{"href":"https:\/\/schweizversand.ch\/fr\/wp-json\/wp\/v2\/product"}],"about":[{"href":"https:\/\/schweizversand.ch\/fr\/wp-json\/wp\/v2\/types\/product"}],"replies":[{"embeddable":true,"href":"https:\/\/schweizversand.ch\/fr\/wp-json\/wp\/v2\/comments?post=255391"}],"wp:featuredmedia":[{"embeddable":true,"href":"https:\/\/schweizversand.ch\/fr\/wp-json\/wp\/v2\/media\/165969"}],"wp:attachment":[{"href":"https:\/\/schweizversand.ch\/fr\/wp-json\/wp\/v2\/media?parent=255391"}],"wp:term":[{"taxonomy":"product_brand","embeddable":true,"href":"https:\/\/schweizversand.ch\/fr\/wp-json\/wp\/v2\/product_brand?post=255391"},{"taxonomy":"product_cat","embeddable":true,"href":"https:\/\/schweizversand.ch\/fr\/wp-json\/wp\/v2\/product_cat?post=255391"},{"taxonomy":"product_tag","embeddable":true,"href":"https:\/\/schweizversand.ch\/fr\/wp-json\/wp\/v2\/product_tag?post=255391"}],"curies":[{"name":"wp","href":"https:\/\/api.w.org\/{rel}","templated":true}]}}