{"id":255430,"date":"2026-03-15T00:57:27","date_gmt":"2026-03-14T23:57:27","guid":{"rendered":"https:\/\/schweizversand.ch\/produkt\/trespass-bela-ii-damen-softshell-jacke-2\/"},"modified":"2026-04-12T02:09:09","modified_gmt":"2026-04-12T00:09:09","slug":"trespass-bela-ii-damen-softshell-jacke-2","status":"publish","type":"product","link":"https:\/\/schweizversand.ch\/fr\/produkt\/trespass-bela-ii-damen-softshell-jacke-2\/","title":{"rendered":"Veste softshell pour femme Trespass BELA II"},"content":{"rendered":"<p>Cette veste softshell sportive est polyvalente et confortable, id\u00e9ale pour une grande vari\u00e9t\u00e9 d&rsquo;activit\u00e9s de plein air tout au long de l&rsquo;ann\u00e9e.<\/p>\n<\/p>\n<p>Avec cette veste \u00e9l\u00e9gante et fonctionnelle, vous serez parfaitement \u00e9quip\u00e9(e) pour affronter toutes les conditions m\u00e9t\u00e9orologiques.<\/p>\n<\/p>\n<p>Sa doublure vous garde bien au chaud, tandis que sa capuche offre une protection suppl\u00e9mentaire par mauvais temps. Deux poches lat\u00e9rales et une poche poitrine zipp\u00e9es offrent une fonctionnalit\u00e9 pratique et un espace de rangement g\u00e9n\u00e9reux pour vos essentiels.<\/p>\n<\/p>\n<p>Informations produit\u00a0:<\/p>\n<\/p>\n<p>\u2022 Avec capuche\u00a0: La veste est dot\u00e9e d&rsquo;une capuche pour une protection accrue.<\/p>\n<\/p>\n<p>\u2022 Veste l\u00e9g\u00e8re\u00a0: Malgr\u00e9 sa fonctionnalit\u00e9, cette veste est l\u00e9g\u00e8re et confortable \u00e0 porter.<\/p>\n<\/p>\n<p>\u2022 Softshell\u00a0: La veste est fabriqu\u00e9e en softshell, un mat\u00e9riau d\u00e9perlant, respirant et coupe-vent.<\/p>\n<\/p>\n<p>\u2022 Tiss\u00e9\u00a0: Le tissu de la veste est tiss\u00e9.<\/p>\n<\/p>\n<p>\u2022 94 % polyester \/ 4 % \u00e9lasthanne : Compos\u00e9e \u00e0 94 % de polyester et \u00e0 4 % d&rsquo;\u00e9lasthanne, cette veste offre un confort et une souplesse optimaux.<\/p>\n<\/p>\n<p>\u2022 Membrane TPU : La membrane TPU assure l&rsquo;imperm\u00e9abilit\u00e9 et la protection contre les intemp\u00e9ries.<\/p>\n<\/p>\n<p>Caract\u00e9ristiques du tissu :<\/p>\n<\/p>\n<p>\u2022 Imperm\u00e9abilit\u00e9 8\u00a0000 mm : Cette veste est imperm\u00e9able jusqu&rsquo;\u00e0 8\u00a0000 mm et r\u00e9siste donc aux fortes pluies.<\/p>\n<\/p>\n<p>\u2022 Respirabilit\u00e9 3\u00a0000 mvp : Sa respirabilit\u00e9 de 3\u00a0000 mvp permet une \u00e9vacuation efficace de l&rsquo;humidit\u00e9 pour un confort optimal.<\/p>\n<\/p>\n<p>\u2022 Coupe-vent : Cette veste est coupe-vent, un atout pr\u00e9cieux par temps venteux.<\/p>\n","protected":false},"excerpt":{"rendered":"<p>Cette veste softshell sportive est polyvalente et confortable, id\u00e9ale pour une grande vari\u00e9t\u00e9 d&rsquo;activit\u00e9s de plein air tout au long de l&rsquo;ann\u00e9e. Avec cette veste \u00e9l\u00e9gante et fonctionnelle, vous serez parfaitement \u00e9quip\u00e9(e) pour affronter toutes les conditions m\u00e9t\u00e9orologiques. Sa doublure vous garde bien au chaud, tandis que sa capuche offre une protection suppl\u00e9mentaire par mauvais temps. Deux poches lat\u00e9rales et une poche poitrine zipp\u00e9es offrent une fonctionnalit\u00e9 pratique et un espace de rangement g\u00e9n\u00e9reux pour&hellip;<\/p>\n","protected":false},"featured_media":257568,"comment_status":"open","ping_status":"closed","template":"","meta":[],"product_brand":[],"product_cat":[38876,38149],"product_tag":[],"class_list":{"0":"post-255430","1":"product","2":"type-product","3":"status-publish","4":"has-post-thumbnail","6":"product_cat-trekking-zubehoer","7":"product_cat-vetements-pour-femmes","8":"product_shipping_class-global_methods","10":"first","11":"instock","12":"taxable","13":"shipping-taxable","14":"purchasable","15":"product-type-simple"},"yoast_head":"<!-- This site is optimized with the Yoast SEO plugin v27.3 - https:\/\/yoast.com\/product\/yoast-seo-wordpress\/ -->\n<title>Trespass BELA II Damen Softshell Jacke | Jetzt kaufen | Schweizversand.ch<\/title>\n<meta name=\"description\" content=\"Trespass BELA II Damen Softshell Jacke g\u00fcnstig kaufen bei Schweizversand.ch. Schnelle Lieferung in der Schweiz. Gratisversand ab CHF 50.\" \/>\n<meta name=\"robots\" content=\"index, follow, max-snippet:-1, max-image-preview:large, max-video-preview:-1\" \/>\n<link rel=\"canonical\" href=\"https:\/\/schweizversand.ch\/fr\/produkt\/trespass-bela-ii-damen-softshell-jacke-2\/\" \/>\n<meta property=\"og:locale\" content=\"fr_FR\" \/>\n<meta property=\"og:type\" content=\"article\" \/>\n<meta property=\"og:title\" content=\"Trespass BELA II Damen Softshell Jacke | Jetzt kaufen | Schweizversand.ch\" \/>\n<meta property=\"og:description\" content=\"Trespass BELA II Damen Softshell Jacke g\u00fcnstig kaufen bei Schweizversand.ch. Schnelle Lieferung in der Schweiz. Gratisversand ab CHF 50.\" \/>\n<meta property=\"og:url\" content=\"https:\/\/schweizversand.ch\/fr\/produkt\/trespass-bela-ii-damen-softshell-jacke-2\/\" \/>\n<meta property=\"og:site_name\" content=\"Schweizer Shop f\u00fcr Sport, Spiel und Freizeit\" \/>\n<meta property=\"article:publisher\" content=\"https:\/\/www.facebook.com\/Schweizversand\" \/>\n<meta property=\"article:modified_time\" content=\"2026-04-12T00:09:09+00:00\" \/>\n<meta property=\"og:image\" content=\"https:\/\/schweizversand.ch\/wp-content\/uploads\/2026\/03\/5473310765-scaled.jpg\" \/>\n\t<meta property=\"og:image:width\" content=\"1935\" \/>\n\t<meta property=\"og:image:height\" content=\"2560\" \/>\n\t<meta property=\"og:image:type\" content=\"image\/jpeg\" \/>\n<meta name=\"twitter:card\" content=\"summary_large_image\" \/>\n<meta name=\"twitter:label1\" content=\"Dur\u00e9e de lecture estim\u00e9e\" \/>\n\t<meta name=\"twitter:data1\" content=\"1 minute\" \/>\n<script type=\"application\/ld+json\" class=\"yoast-schema-graph\">{\"@context\":\"https:\\\/\\\/schema.org\",\"@graph\":[{\"@type\":\"WebPage\",\"@id\":\"https:\\\/\\\/schweizversand.ch\\\/fr\\\/produkt\\\/trespass-bela-ii-damen-softshell-jacke-2\\\/\",\"url\":\"https:\\\/\\\/schweizversand.ch\\\/fr\\\/produkt\\\/trespass-bela-ii-damen-softshell-jacke-2\\\/\",\"name\":\"Trespass BELA II Damen Softshell Jacke | Jetzt kaufen | Schweizversand.ch\",\"isPartOf\":{\"@id\":\"https:\\\/\\\/schweizversand.ch\\\/fr\\\/#website\"},\"primaryImageOfPage\":{\"@id\":\"https:\\\/\\\/schweizversand.ch\\\/fr\\\/produkt\\\/trespass-bela-ii-damen-softshell-jacke-2\\\/#primaryimage\"},\"image\":{\"@id\":\"https:\\\/\\\/schweizversand.ch\\\/fr\\\/produkt\\\/trespass-bela-ii-damen-softshell-jacke-2\\\/#primaryimage\"},\"thumbnailUrl\":\"https:\\\/\\\/schweizversand.ch\\\/wp-content\\\/uploads\\\/2026\\\/03\\\/5473310765-scaled.jpg\",\"datePublished\":\"2026-03-14T23:57:27+00:00\",\"dateModified\":\"2026-04-12T00:09:09+00:00\",\"description\":\"Trespass BELA II Damen Softshell Jacke g\u00fcnstig kaufen bei Schweizversand.ch. Schnelle Lieferung in der Schweiz. Gratisversand ab CHF 50.\",\"breadcrumb\":{\"@id\":\"https:\\\/\\\/schweizversand.ch\\\/fr\\\/produkt\\\/trespass-bela-ii-damen-softshell-jacke-2\\\/#breadcrumb\"},\"inLanguage\":\"fr-FR\",\"potentialAction\":[{\"@type\":\"ReadAction\",\"target\":[\"https:\\\/\\\/schweizversand.ch\\\/fr\\\/produkt\\\/trespass-bela-ii-damen-softshell-jacke-2\\\/\"]}]},{\"@type\":\"ImageObject\",\"inLanguage\":\"fr-FR\",\"@id\":\"https:\\\/\\\/schweizversand.ch\\\/fr\\\/produkt\\\/trespass-bela-ii-damen-softshell-jacke-2\\\/#primaryimage\",\"url\":\"https:\\\/\\\/schweizversand.ch\\\/wp-content\\\/uploads\\\/2026\\\/03\\\/5473310765-scaled.jpg\",\"contentUrl\":\"https:\\\/\\\/schweizversand.ch\\\/wp-content\\\/uploads\\\/2026\\\/03\\\/5473310765-scaled.jpg\",\"width\":1935,\"height\":2560},{\"@type\":\"BreadcrumbList\",\"@id\":\"https:\\\/\\\/schweizversand.ch\\\/fr\\\/produkt\\\/trespass-bela-ii-damen-softshell-jacke-2\\\/#breadcrumb\",\"itemListElement\":[{\"@type\":\"ListItem\",\"position\":1,\"name\":\"Startseite\",\"item\":\"https:\\\/\\\/schweizversand.ch\\\/fr\\\/\"},{\"@type\":\"ListItem\",\"position\":2,\"name\":\"Boutique\",\"item\":\"https:\\\/\\\/schweizversand.ch\\\/fr\\\/boutique\\\/\"},{\"@type\":\"ListItem\",\"position\":3,\"name\":\"Veste softshell pour femme Trespass BELA II\"}]},{\"@type\":\"WebSite\",\"@id\":\"https:\\\/\\\/schweizversand.ch\\\/fr\\\/#website\",\"url\":\"https:\\\/\\\/schweizversand.ch\\\/fr\\\/\",\"name\":\"Schweizer Shop f\u00fcr Sport, Spiel und Freizeit\",\"description\":\"Gratisversand ab 50.- (netto), ab eigenem schweizer Lager, Lieferung innert 48h\",\"publisher\":{\"@id\":\"https:\\\/\\\/schweizversand.ch\\\/fr\\\/#organization\"},\"alternateName\":\"Schweizversand.ch\",\"potentialAction\":[{\"@type\":\"SearchAction\",\"target\":{\"@type\":\"EntryPoint\",\"urlTemplate\":\"https:\\\/\\\/schweizversand.ch\\\/fr\\\/?s={search_term_string}\"},\"query-input\":{\"@type\":\"PropertyValueSpecification\",\"valueRequired\":true,\"valueName\":\"search_term_string\"}}],\"inLanguage\":\"fr-FR\"},{\"@type\":\"Organization\",\"@id\":\"https:\\\/\\\/schweizversand.ch\\\/fr\\\/#organization\",\"name\":\"Schweizversand.ch\",\"url\":\"https:\\\/\\\/schweizversand.ch\\\/fr\\\/\",\"logo\":{\"@type\":\"ImageObject\",\"inLanguage\":\"fr-FR\",\"@id\":\"https:\\\/\\\/schweizversand.ch\\\/fr\\\/#\\\/schema\\\/logo\\\/image\\\/\",\"url\":\"https:\\\/\\\/schweizversand.ch\\\/wp-content\\\/uploads\\\/2026\\\/03\\\/Logo_Rund_Final-1.png\",\"contentUrl\":\"https:\\\/\\\/schweizversand.ch\\\/wp-content\\\/uploads\\\/2026\\\/03\\\/Logo_Rund_Final-1.png\",\"width\":404,\"height\":404,\"caption\":\"Schweizversand.ch\"},\"image\":{\"@id\":\"https:\\\/\\\/schweizversand.ch\\\/fr\\\/#\\\/schema\\\/logo\\\/image\\\/\"},\"sameAs\":[\"https:\\\/\\\/www.facebook.com\\\/Schweizversand\",\"https:\\\/\\\/www.instagram.com\\\/schweizversand.ch\\\/\"]}]}<\/script>\n<!-- \/ Yoast SEO plugin. -->","yoast_head_json":{"title":"Trespass BELA II Damen Softshell Jacke | Jetzt kaufen | Schweizversand.ch","description":"Trespass BELA II Damen Softshell Jacke g\u00fcnstig kaufen bei Schweizversand.ch. Schnelle Lieferung in der Schweiz. Gratisversand ab CHF 50.","robots":{"index":"index","follow":"follow","max-snippet":"max-snippet:-1","max-image-preview":"max-image-preview:large","max-video-preview":"max-video-preview:-1"},"canonical":"https:\/\/schweizversand.ch\/fr\/produkt\/trespass-bela-ii-damen-softshell-jacke-2\/","og_locale":"fr_FR","og_type":"article","og_title":"Trespass BELA II Damen Softshell Jacke | Jetzt kaufen | Schweizversand.ch","og_description":"Trespass BELA II Damen Softshell Jacke g\u00fcnstig kaufen bei Schweizversand.ch. Schnelle Lieferung in der Schweiz. Gratisversand ab CHF 50.","og_url":"https:\/\/schweizversand.ch\/fr\/produkt\/trespass-bela-ii-damen-softshell-jacke-2\/","og_site_name":"Schweizer Shop f\u00fcr Sport, Spiel und Freizeit","article_publisher":"https:\/\/www.facebook.com\/Schweizversand","article_modified_time":"2026-04-12T00:09:09+00:00","og_image":[{"width":1935,"height":2560,"url":"https:\/\/schweizversand.ch\/wp-content\/uploads\/2026\/03\/5473310765-scaled.jpg","type":"image\/jpeg"}],"twitter_card":"summary_large_image","twitter_misc":{"Dur\u00e9e de lecture estim\u00e9e":"1 minute"},"schema":{"@context":"https:\/\/schema.org","@graph":[{"@type":"WebPage","@id":"https:\/\/schweizversand.ch\/fr\/produkt\/trespass-bela-ii-damen-softshell-jacke-2\/","url":"https:\/\/schweizversand.ch\/fr\/produkt\/trespass-bela-ii-damen-softshell-jacke-2\/","name":"Trespass BELA II Damen Softshell Jacke | Jetzt kaufen | Schweizversand.ch","isPartOf":{"@id":"https:\/\/schweizversand.ch\/fr\/#website"},"primaryImageOfPage":{"@id":"https:\/\/schweizversand.ch\/fr\/produkt\/trespass-bela-ii-damen-softshell-jacke-2\/#primaryimage"},"image":{"@id":"https:\/\/schweizversand.ch\/fr\/produkt\/trespass-bela-ii-damen-softshell-jacke-2\/#primaryimage"},"thumbnailUrl":"https:\/\/schweizversand.ch\/wp-content\/uploads\/2026\/03\/5473310765-scaled.jpg","datePublished":"2026-03-14T23:57:27+00:00","dateModified":"2026-04-12T00:09:09+00:00","description":"Trespass BELA II Damen Softshell Jacke g\u00fcnstig kaufen bei Schweizversand.ch. Schnelle Lieferung in der Schweiz. Gratisversand ab CHF 50.","breadcrumb":{"@id":"https:\/\/schweizversand.ch\/fr\/produkt\/trespass-bela-ii-damen-softshell-jacke-2\/#breadcrumb"},"inLanguage":"fr-FR","potentialAction":[{"@type":"ReadAction","target":["https:\/\/schweizversand.ch\/fr\/produkt\/trespass-bela-ii-damen-softshell-jacke-2\/"]}]},{"@type":"ImageObject","inLanguage":"fr-FR","@id":"https:\/\/schweizversand.ch\/fr\/produkt\/trespass-bela-ii-damen-softshell-jacke-2\/#primaryimage","url":"https:\/\/schweizversand.ch\/wp-content\/uploads\/2026\/03\/5473310765-scaled.jpg","contentUrl":"https:\/\/schweizversand.ch\/wp-content\/uploads\/2026\/03\/5473310765-scaled.jpg","width":1935,"height":2560},{"@type":"BreadcrumbList","@id":"https:\/\/schweizversand.ch\/fr\/produkt\/trespass-bela-ii-damen-softshell-jacke-2\/#breadcrumb","itemListElement":[{"@type":"ListItem","position":1,"name":"Startseite","item":"https:\/\/schweizversand.ch\/fr\/"},{"@type":"ListItem","position":2,"name":"Boutique","item":"https:\/\/schweizversand.ch\/fr\/boutique\/"},{"@type":"ListItem","position":3,"name":"Veste softshell pour femme Trespass BELA II"}]},{"@type":"WebSite","@id":"https:\/\/schweizversand.ch\/fr\/#website","url":"https:\/\/schweizversand.ch\/fr\/","name":"Schweizer Shop f\u00fcr Sport, Spiel und Freizeit","description":"Gratisversand ab 50.- (netto), ab eigenem schweizer Lager, Lieferung innert 48h","publisher":{"@id":"https:\/\/schweizversand.ch\/fr\/#organization"},"alternateName":"Schweizversand.ch","potentialAction":[{"@type":"SearchAction","target":{"@type":"EntryPoint","urlTemplate":"https:\/\/schweizversand.ch\/fr\/?s={search_term_string}"},"query-input":{"@type":"PropertyValueSpecification","valueRequired":true,"valueName":"search_term_string"}}],"inLanguage":"fr-FR"},{"@type":"Organization","@id":"https:\/\/schweizversand.ch\/fr\/#organization","name":"Schweizversand.ch","url":"https:\/\/schweizversand.ch\/fr\/","logo":{"@type":"ImageObject","inLanguage":"fr-FR","@id":"https:\/\/schweizversand.ch\/fr\/#\/schema\/logo\/image\/","url":"https:\/\/schweizversand.ch\/wp-content\/uploads\/2026\/03\/Logo_Rund_Final-1.png","contentUrl":"https:\/\/schweizversand.ch\/wp-content\/uploads\/2026\/03\/Logo_Rund_Final-1.png","width":404,"height":404,"caption":"Schweizversand.ch"},"image":{"@id":"https:\/\/schweizversand.ch\/fr\/#\/schema\/logo\/image\/"},"sameAs":["https:\/\/www.facebook.com\/Schweizversand","https:\/\/www.instagram.com\/schweizversand.ch\/"]}]}},"jetpack_sharing_enabled":true,"_links":{"self":[{"href":"https:\/\/schweizversand.ch\/fr\/wp-json\/wp\/v2\/product\/255430","targetHints":{"allow":["GET"]}}],"collection":[{"href":"https:\/\/schweizversand.ch\/fr\/wp-json\/wp\/v2\/product"}],"about":[{"href":"https:\/\/schweizversand.ch\/fr\/wp-json\/wp\/v2\/types\/product"}],"replies":[{"embeddable":true,"href":"https:\/\/schweizversand.ch\/fr\/wp-json\/wp\/v2\/comments?post=255430"}],"wp:featuredmedia":[{"embeddable":true,"href":"https:\/\/schweizversand.ch\/fr\/wp-json\/wp\/v2\/media\/257568"}],"wp:attachment":[{"href":"https:\/\/schweizversand.ch\/fr\/wp-json\/wp\/v2\/media?parent=255430"}],"wp:term":[{"taxonomy":"product_brand","embeddable":true,"href":"https:\/\/schweizversand.ch\/fr\/wp-json\/wp\/v2\/product_brand?post=255430"},{"taxonomy":"product_cat","embeddable":true,"href":"https:\/\/schweizversand.ch\/fr\/wp-json\/wp\/v2\/product_cat?post=255430"},{"taxonomy":"product_tag","embeddable":true,"href":"https:\/\/schweizversand.ch\/fr\/wp-json\/wp\/v2\/product_tag?post=255430"}],"curies":[{"name":"wp","href":"https:\/\/api.w.org\/{rel}","templated":true}]}}