{"id":256195,"date":"2026-03-14T23:49:18","date_gmt":"2026-03-14T22:49:18","guid":{"rendered":"https:\/\/schweizversand.ch\/produkt\/magic-marine-herren-sweatshirt-mit-reissverschluss-4\/"},"modified":"2026-04-19T15:34:34","modified_gmt":"2026-04-19T13:34:34","slug":"magic-marine-herren-sweatshirt-mit-reissverschluss-4","status":"publish","type":"product","link":"https:\/\/schweizversand.ch\/fr\/produkt\/magic-marine-herren-sweatshirt-mit-reissverschluss-4\/","title":{"rendered":"Sweat-shirt Magic Marine pour homme avec fermeture \u00e9clair"},"content":{"rendered":"<p>D\u00e9couvrez le sweat-shirt Magic Marine Fitch pour homme<\/p>\n<p>Profitez d&rsquo;un confort et d&rsquo;un style exceptionnels avec le sweat-shirt Magic Marine Fitch pour homme\u00a0! Ce v\u00eatement de haute qualit\u00e9 est confectionn\u00e9 en polaire l\u00e9g\u00e8re de 260\u00a0g\/m\u00b2 et offre un confort optimal en toutes circonstances. Fabriqu\u00e9 \u00e0 100\u00a0% en polyester, il est particuli\u00e8rement r\u00e9sistant et facile d&rsquo;entretien.<\/p>\n<p>Que vous soyez sur l&rsquo;eau ou que vous profitiez d&rsquo;une journ\u00e9e d\u00e9contract\u00e9e, le sweat-shirt Magic Marine Fitch pour homme est votre compagnon id\u00e9al. Sa mati\u00e8re respirante vous garde au chaud sans vous alourdir, et sa coupe moderne vous assure une allure impeccable en toutes circonstances.<\/p>\n<p>La qualit\u00e9 durable du tissu est particuli\u00e8rement remarquable\u00a0: il conserve sa forme et sa couleur m\u00eame apr\u00e8s de nombreux lavages. Son design polyvalent fait de ce sweat-shirt un incontournable de toute garde-robe. Portez-le en voilier, en balade au parc ou entre amis\u00a0: le sweat-shirt Magic Marine Fitch pour homme est toujours un choix parfait.<\/p>\n<p>Offrez-vous ce sweat-shirt \u00e9l\u00e9gant et fonctionnel et constatez la diff\u00e9rence !<\/p>\n","protected":false},"excerpt":{"rendered":"<p>D\u00e9couvrez le sweat-shirt Magic Marine Fitch pour homme Profitez d&rsquo;un confort et d&rsquo;un style exceptionnels avec le sweat-shirt Magic Marine Fitch pour homme\u00a0! Ce v\u00eatement de haute qualit\u00e9 est confectionn\u00e9 en polaire l\u00e9g\u00e8re de 260\u00a0g\/m\u00b2 et offre un confort optimal en toutes circonstances. Fabriqu\u00e9 \u00e0 100\u00a0% en polyester, il est particuli\u00e8rement r\u00e9sistant et facile d&rsquo;entretien. Que vous soyez sur l&rsquo;eau ou que vous profitiez d&rsquo;une journ\u00e9e d\u00e9contract\u00e9e, le sweat-shirt Magic Marine Fitch pour homme est&hellip;<\/p>\n","protected":false},"featured_media":157620,"comment_status":"open","ping_status":"closed","template":"","meta":[],"product_brand":[],"product_cat":[38142,38145],"product_tag":[],"class_list":{"0":"post-256195","1":"product","2":"type-product","3":"status-publish","4":"has-post-thumbnail","6":"product_cat-herrenbekleidung","7":"product_cat-vetements-pour-hommes","8":"product_shipping_class-global_methods","10":"first","11":"instock","12":"taxable","13":"shipping-taxable","14":"purchasable","15":"product-type-simple"},"yoast_head":"<!-- This site is optimized with the Yoast SEO plugin v27.4 - https:\/\/yoast.com\/product\/yoast-seo-wordpress\/ -->\n<title>Magic Marine Herren Sweatshirt mit Reissverschluss | Jetzt kaufen | Schweizversand.ch<\/title>\n<meta name=\"description\" content=\"Magic Marine Herren Sweatshirt mit Reissverschluss g\u00fcnstig kaufen bei Schweizversand.ch. Schnelle Lieferung in der Schweiz. Gratisversand ab CHF 50.\" \/>\n<meta name=\"robots\" content=\"index, follow, max-snippet:-1, max-image-preview:large, max-video-preview:-1\" \/>\n<link rel=\"canonical\" href=\"https:\/\/schweizversand.ch\/fr\/produkt\/magic-marine-herren-sweatshirt-mit-reissverschluss-4\/\" \/>\n<meta property=\"og:locale\" content=\"fr_FR\" \/>\n<meta property=\"og:type\" content=\"article\" \/>\n<meta property=\"og:title\" content=\"Magic Marine Herren Sweatshirt mit Reissverschluss | Jetzt kaufen | Schweizversand.ch\" \/>\n<meta property=\"og:description\" content=\"Magic Marine Herren Sweatshirt mit Reissverschluss g\u00fcnstig kaufen bei Schweizversand.ch. Schnelle Lieferung in der Schweiz. Gratisversand ab CHF 50.\" \/>\n<meta property=\"og:url\" content=\"https:\/\/schweizversand.ch\/fr\/produkt\/magic-marine-herren-sweatshirt-mit-reissverschluss-4\/\" \/>\n<meta property=\"og:site_name\" content=\"Schweizer Shop f\u00fcr Sport, Spiel und Freizeit\" \/>\n<meta property=\"article:publisher\" content=\"https:\/\/www.facebook.com\/Schweizversand\" \/>\n<meta property=\"article:modified_time\" content=\"2026-04-19T13:34:34+00:00\" \/>\n<meta property=\"og:image\" content=\"https:\/\/schweizversand.ch\/wp-content\/uploads\/2026\/02\/5471751049.jpg\" \/>\n\t<meta property=\"og:image:width\" content=\"1024\" \/>\n\t<meta property=\"og:image:height\" content=\"1024\" \/>\n\t<meta property=\"og:image:type\" content=\"image\/jpeg\" \/>\n<meta name=\"twitter:card\" content=\"summary_large_image\" \/>\n<meta name=\"twitter:label1\" content=\"Dur\u00e9e de lecture estim\u00e9e\" \/>\n\t<meta name=\"twitter:data1\" content=\"1 minute\" \/>\n<script type=\"application\/ld+json\" class=\"yoast-schema-graph\">{\"@context\":\"https:\\\/\\\/schema.org\",\"@graph\":[{\"@type\":\"WebPage\",\"@id\":\"https:\\\/\\\/schweizversand.ch\\\/fr\\\/produkt\\\/magic-marine-herren-sweatshirt-mit-reissverschluss-4\\\/\",\"url\":\"https:\\\/\\\/schweizversand.ch\\\/fr\\\/produkt\\\/magic-marine-herren-sweatshirt-mit-reissverschluss-4\\\/\",\"name\":\"Magic Marine Herren Sweatshirt mit Reissverschluss | Jetzt kaufen | Schweizversand.ch\",\"isPartOf\":{\"@id\":\"https:\\\/\\\/schweizversand.ch\\\/fr\\\/#website\"},\"primaryImageOfPage\":{\"@id\":\"https:\\\/\\\/schweizversand.ch\\\/fr\\\/produkt\\\/magic-marine-herren-sweatshirt-mit-reissverschluss-4\\\/#primaryimage\"},\"image\":{\"@id\":\"https:\\\/\\\/schweizversand.ch\\\/fr\\\/produkt\\\/magic-marine-herren-sweatshirt-mit-reissverschluss-4\\\/#primaryimage\"},\"thumbnailUrl\":\"https:\\\/\\\/schweizversand.ch\\\/wp-content\\\/uploads\\\/2026\\\/02\\\/5471751049.jpg\",\"datePublished\":\"2026-03-14T22:49:18+00:00\",\"dateModified\":\"2026-04-19T13:34:34+00:00\",\"description\":\"Magic Marine Herren Sweatshirt mit Reissverschluss g\u00fcnstig kaufen bei Schweizversand.ch. Schnelle Lieferung in der Schweiz. Gratisversand ab CHF 50.\",\"breadcrumb\":{\"@id\":\"https:\\\/\\\/schweizversand.ch\\\/fr\\\/produkt\\\/magic-marine-herren-sweatshirt-mit-reissverschluss-4\\\/#breadcrumb\"},\"inLanguage\":\"fr-FR\",\"potentialAction\":[{\"@type\":\"ReadAction\",\"target\":[\"https:\\\/\\\/schweizversand.ch\\\/fr\\\/produkt\\\/magic-marine-herren-sweatshirt-mit-reissverschluss-4\\\/\"]}]},{\"@type\":\"ImageObject\",\"inLanguage\":\"fr-FR\",\"@id\":\"https:\\\/\\\/schweizversand.ch\\\/fr\\\/produkt\\\/magic-marine-herren-sweatshirt-mit-reissverschluss-4\\\/#primaryimage\",\"url\":\"https:\\\/\\\/schweizversand.ch\\\/wp-content\\\/uploads\\\/2026\\\/02\\\/5471751049.jpg\",\"contentUrl\":\"https:\\\/\\\/schweizversand.ch\\\/wp-content\\\/uploads\\\/2026\\\/02\\\/5471751049.jpg\",\"width\":1024,\"height\":1024},{\"@type\":\"BreadcrumbList\",\"@id\":\"https:\\\/\\\/schweizversand.ch\\\/fr\\\/produkt\\\/magic-marine-herren-sweatshirt-mit-reissverschluss-4\\\/#breadcrumb\",\"itemListElement\":[{\"@type\":\"ListItem\",\"position\":1,\"name\":\"Startseite\",\"item\":\"https:\\\/\\\/schweizversand.ch\\\/fr\\\/home\\\/\"},{\"@type\":\"ListItem\",\"position\":2,\"name\":\"Boutique\",\"item\":\"https:\\\/\\\/schweizversand.ch\\\/fr\\\/boutique\\\/\"},{\"@type\":\"ListItem\",\"position\":3,\"name\":\"Mode\",\"item\":\"https:\\\/\\\/schweizversand.ch\\\/fr\\\/produkt-kategorie\\\/mode-fr\\\/\"},{\"@type\":\"ListItem\",\"position\":4,\"name\":\"Mode masculine\",\"item\":\"https:\\\/\\\/schweizversand.ch\\\/fr\\\/produkt-kategorie\\\/mode-fr\\\/mode-masculine\\\/\"},{\"@type\":\"ListItem\",\"position\":5,\"name\":\"V\u00eatements pour hommes\",\"item\":\"https:\\\/\\\/schweizversand.ch\\\/fr\\\/produkt-kategorie\\\/mode-fr\\\/mode-masculine\\\/herrenbekleidung\\\/\"},{\"@type\":\"ListItem\",\"position\":6,\"name\":\"Sweat-shirt Magic Marine pour homme avec fermeture \u00e9clair\"}]},{\"@type\":\"WebSite\",\"@id\":\"https:\\\/\\\/schweizversand.ch\\\/fr\\\/#website\",\"url\":\"https:\\\/\\\/schweizversand.ch\\\/fr\\\/\",\"name\":\"Schweizer Shop f\u00fcr Sport, Spiel und Freizeit\",\"description\":\"Gratisversand ab 50.- (netto), ab eigenem schweizer Lager, Lieferung innert 48h\",\"publisher\":{\"@id\":\"https:\\\/\\\/schweizversand.ch\\\/fr\\\/#organization\"},\"alternateName\":\"Schweizversand.ch\",\"potentialAction\":[{\"@type\":\"SearchAction\",\"target\":{\"@type\":\"EntryPoint\",\"urlTemplate\":\"https:\\\/\\\/schweizversand.ch\\\/fr\\\/?s={search_term_string}\"},\"query-input\":{\"@type\":\"PropertyValueSpecification\",\"valueRequired\":true,\"valueName\":\"search_term_string\"}}],\"inLanguage\":\"fr-FR\"},{\"@type\":\"Organization\",\"@id\":\"https:\\\/\\\/schweizversand.ch\\\/fr\\\/#organization\",\"name\":\"Schweizversand.ch\",\"url\":\"https:\\\/\\\/schweizversand.ch\\\/fr\\\/\",\"logo\":{\"@type\":\"ImageObject\",\"inLanguage\":\"fr-FR\",\"@id\":\"https:\\\/\\\/schweizversand.ch\\\/fr\\\/#\\\/schema\\\/logo\\\/image\\\/\",\"url\":\"https:\\\/\\\/schweizversand.ch\\\/wp-content\\\/uploads\\\/2026\\\/03\\\/Logo_Rund_Final-1.png\",\"contentUrl\":\"https:\\\/\\\/schweizversand.ch\\\/wp-content\\\/uploads\\\/2026\\\/03\\\/Logo_Rund_Final-1.png\",\"width\":404,\"height\":404,\"caption\":\"Schweizversand.ch\"},\"image\":{\"@id\":\"https:\\\/\\\/schweizversand.ch\\\/fr\\\/#\\\/schema\\\/logo\\\/image\\\/\"},\"sameAs\":[\"https:\\\/\\\/www.facebook.com\\\/Schweizversand\",\"https:\\\/\\\/www.instagram.com\\\/schweizversand.ch\\\/\"]}]}<\/script>\n<!-- \/ Yoast SEO plugin. -->","yoast_head_json":{"title":"Magic Marine Herren Sweatshirt mit Reissverschluss | Jetzt kaufen | Schweizversand.ch","description":"Magic Marine Herren Sweatshirt mit Reissverschluss g\u00fcnstig kaufen bei Schweizversand.ch. Schnelle Lieferung in der Schweiz. Gratisversand ab CHF 50.","robots":{"index":"index","follow":"follow","max-snippet":"max-snippet:-1","max-image-preview":"max-image-preview:large","max-video-preview":"max-video-preview:-1"},"canonical":"https:\/\/schweizversand.ch\/fr\/produkt\/magic-marine-herren-sweatshirt-mit-reissverschluss-4\/","og_locale":"fr_FR","og_type":"article","og_title":"Magic Marine Herren Sweatshirt mit Reissverschluss | Jetzt kaufen | Schweizversand.ch","og_description":"Magic Marine Herren Sweatshirt mit Reissverschluss g\u00fcnstig kaufen bei Schweizversand.ch. Schnelle Lieferung in der Schweiz. Gratisversand ab CHF 50.","og_url":"https:\/\/schweizversand.ch\/fr\/produkt\/magic-marine-herren-sweatshirt-mit-reissverschluss-4\/","og_site_name":"Schweizer Shop f\u00fcr Sport, Spiel und Freizeit","article_publisher":"https:\/\/www.facebook.com\/Schweizversand","article_modified_time":"2026-04-19T13:34:34+00:00","og_image":[{"width":1024,"height":1024,"url":"https:\/\/schweizversand.ch\/wp-content\/uploads\/2026\/02\/5471751049.jpg","type":"image\/jpeg"}],"twitter_card":"summary_large_image","twitter_misc":{"Dur\u00e9e de lecture estim\u00e9e":"1 minute"},"schema":{"@context":"https:\/\/schema.org","@graph":[{"@type":"WebPage","@id":"https:\/\/schweizversand.ch\/fr\/produkt\/magic-marine-herren-sweatshirt-mit-reissverschluss-4\/","url":"https:\/\/schweizversand.ch\/fr\/produkt\/magic-marine-herren-sweatshirt-mit-reissverschluss-4\/","name":"Magic Marine Herren Sweatshirt mit Reissverschluss | Jetzt kaufen | Schweizversand.ch","isPartOf":{"@id":"https:\/\/schweizversand.ch\/fr\/#website"},"primaryImageOfPage":{"@id":"https:\/\/schweizversand.ch\/fr\/produkt\/magic-marine-herren-sweatshirt-mit-reissverschluss-4\/#primaryimage"},"image":{"@id":"https:\/\/schweizversand.ch\/fr\/produkt\/magic-marine-herren-sweatshirt-mit-reissverschluss-4\/#primaryimage"},"thumbnailUrl":"https:\/\/schweizversand.ch\/wp-content\/uploads\/2026\/02\/5471751049.jpg","datePublished":"2026-03-14T22:49:18+00:00","dateModified":"2026-04-19T13:34:34+00:00","description":"Magic Marine Herren Sweatshirt mit Reissverschluss g\u00fcnstig kaufen bei Schweizversand.ch. Schnelle Lieferung in der Schweiz. Gratisversand ab CHF 50.","breadcrumb":{"@id":"https:\/\/schweizversand.ch\/fr\/produkt\/magic-marine-herren-sweatshirt-mit-reissverschluss-4\/#breadcrumb"},"inLanguage":"fr-FR","potentialAction":[{"@type":"ReadAction","target":["https:\/\/schweizversand.ch\/fr\/produkt\/magic-marine-herren-sweatshirt-mit-reissverschluss-4\/"]}]},{"@type":"ImageObject","inLanguage":"fr-FR","@id":"https:\/\/schweizversand.ch\/fr\/produkt\/magic-marine-herren-sweatshirt-mit-reissverschluss-4\/#primaryimage","url":"https:\/\/schweizversand.ch\/wp-content\/uploads\/2026\/02\/5471751049.jpg","contentUrl":"https:\/\/schweizversand.ch\/wp-content\/uploads\/2026\/02\/5471751049.jpg","width":1024,"height":1024},{"@type":"BreadcrumbList","@id":"https:\/\/schweizversand.ch\/fr\/produkt\/magic-marine-herren-sweatshirt-mit-reissverschluss-4\/#breadcrumb","itemListElement":[{"@type":"ListItem","position":1,"name":"Startseite","item":"https:\/\/schweizversand.ch\/fr\/home\/"},{"@type":"ListItem","position":2,"name":"Boutique","item":"https:\/\/schweizversand.ch\/fr\/boutique\/"},{"@type":"ListItem","position":3,"name":"Mode","item":"https:\/\/schweizversand.ch\/fr\/produkt-kategorie\/mode-fr\/"},{"@type":"ListItem","position":4,"name":"Mode masculine","item":"https:\/\/schweizversand.ch\/fr\/produkt-kategorie\/mode-fr\/mode-masculine\/"},{"@type":"ListItem","position":5,"name":"V\u00eatements pour hommes","item":"https:\/\/schweizversand.ch\/fr\/produkt-kategorie\/mode-fr\/mode-masculine\/herrenbekleidung\/"},{"@type":"ListItem","position":6,"name":"Sweat-shirt Magic Marine pour homme avec fermeture \u00e9clair"}]},{"@type":"WebSite","@id":"https:\/\/schweizversand.ch\/fr\/#website","url":"https:\/\/schweizversand.ch\/fr\/","name":"Schweizer Shop f\u00fcr Sport, Spiel und Freizeit","description":"Gratisversand ab 50.- (netto), ab eigenem schweizer Lager, Lieferung innert 48h","publisher":{"@id":"https:\/\/schweizversand.ch\/fr\/#organization"},"alternateName":"Schweizversand.ch","potentialAction":[{"@type":"SearchAction","target":{"@type":"EntryPoint","urlTemplate":"https:\/\/schweizversand.ch\/fr\/?s={search_term_string}"},"query-input":{"@type":"PropertyValueSpecification","valueRequired":true,"valueName":"search_term_string"}}],"inLanguage":"fr-FR"},{"@type":"Organization","@id":"https:\/\/schweizversand.ch\/fr\/#organization","name":"Schweizversand.ch","url":"https:\/\/schweizversand.ch\/fr\/","logo":{"@type":"ImageObject","inLanguage":"fr-FR","@id":"https:\/\/schweizversand.ch\/fr\/#\/schema\/logo\/image\/","url":"https:\/\/schweizversand.ch\/wp-content\/uploads\/2026\/03\/Logo_Rund_Final-1.png","contentUrl":"https:\/\/schweizversand.ch\/wp-content\/uploads\/2026\/03\/Logo_Rund_Final-1.png","width":404,"height":404,"caption":"Schweizversand.ch"},"image":{"@id":"https:\/\/schweizversand.ch\/fr\/#\/schema\/logo\/image\/"},"sameAs":["https:\/\/www.facebook.com\/Schweizversand","https:\/\/www.instagram.com\/schweizversand.ch\/"]}]}},"jetpack_sharing_enabled":true,"_links":{"self":[{"href":"https:\/\/schweizversand.ch\/fr\/wp-json\/wp\/v2\/product\/256195","targetHints":{"allow":["GET"]}}],"collection":[{"href":"https:\/\/schweizversand.ch\/fr\/wp-json\/wp\/v2\/product"}],"about":[{"href":"https:\/\/schweizversand.ch\/fr\/wp-json\/wp\/v2\/types\/product"}],"replies":[{"embeddable":true,"href":"https:\/\/schweizversand.ch\/fr\/wp-json\/wp\/v2\/comments?post=256195"}],"wp:featuredmedia":[{"embeddable":true,"href":"https:\/\/schweizversand.ch\/fr\/wp-json\/wp\/v2\/media\/157620"}],"wp:attachment":[{"href":"https:\/\/schweizversand.ch\/fr\/wp-json\/wp\/v2\/media?parent=256195"}],"wp:term":[{"taxonomy":"product_brand","embeddable":true,"href":"https:\/\/schweizversand.ch\/fr\/wp-json\/wp\/v2\/product_brand?post=256195"},{"taxonomy":"product_cat","embeddable":true,"href":"https:\/\/schweizversand.ch\/fr\/wp-json\/wp\/v2\/product_cat?post=256195"},{"taxonomy":"product_tag","embeddable":true,"href":"https:\/\/schweizversand.ch\/fr\/wp-json\/wp\/v2\/product_tag?post=256195"}],"curies":[{"name":"wp","href":"https:\/\/api.w.org\/{rel}","templated":true}]}}