{"id":256200,"date":"2026-03-15T00:05:52","date_gmt":"2026-03-14T23:05:52","guid":{"rendered":"https:\/\/schweizversand.ch\/produkt\/boland-girlande-safari\/"},"modified":"2026-04-19T02:03:11","modified_gmt":"2026-04-19T00:03:11","slug":"boland-girlande-safari","status":"publish","type":"product","link":"https:\/\/schweizversand.ch\/fr\/produkt\/boland-girlande-safari\/","title":{"rendered":"Guirlande Boland \u00ab Safari \u00bb"},"content":{"rendered":"<p>Amusement garanti ! Cette guirlande de fanions Safamarana, con\u00e7ue avec soin, apporte la magie du safari \u00e0 votre f\u00eate. Longue de 6 m\u00e8tres, elle est id\u00e9ale pour les anniversaires d&rsquo;enfants, les f\u00eates \u00e0 th\u00e8me ou pour d\u00e9corer une chambre. Chaque fanion mesure 30 x 20 cm.<\/p>\n<p>Contenu de la livraison :<\/p>\n<p>\u2022 1 guirlande de fanions<\/p>\n<p>Th\u00e8mes et occasions : Jungle, \u00c9l\u00e9phant, Lion, Safari, Animaux, Z\u00e8bre, Cirque, Zoo<br \/>\n<br \/>Couleur : Multicolore<\/p>\n<p>Dimensions : 6 m<br \/>\n<br \/>Mati\u00e8re : Film plastique<\/p>\n","protected":false},"excerpt":{"rendered":"<p>Amusement garanti ! Cette guirlande de fanions Safamarana, con\u00e7ue avec soin, apporte la magie du safari \u00e0 votre f\u00eate. Longue de 6 m\u00e8tres, elle est id\u00e9ale pour les anniversaires d&rsquo;enfants, les f\u00eates \u00e0 th\u00e8me ou pour d\u00e9corer une chambre. Chaque fanion mesure 30 x 20 cm. Contenu de la livraison : \u2022 1 guirlande de fanions Th\u00e8mes et occasions : Jungle, \u00c9l\u00e9phant, Lion, Safari, Animaux, Z\u00e8bre, Cirque, Zoo Couleur : Multicolore Dimensions : 6 m&hellip;<\/p>\n","protected":false},"featured_media":242501,"comment_status":"open","ping_status":"closed","template":"","meta":[],"product_brand":[],"product_cat":[38116],"product_tag":[],"class_list":{"0":"post-256200","1":"product","2":"type-product","3":"status-publish","4":"has-post-thumbnail","6":"product_cat-diverses","7":"product_shipping_class-global_methods","9":"first","10":"instock","11":"taxable","12":"shipping-taxable","13":"purchasable","14":"product-type-simple"},"yoast_head":"<!-- This site is optimized with the Yoast SEO plugin v27.4 - https:\/\/yoast.com\/product\/yoast-seo-wordpress\/ -->\n<title>Boland Girlande &quot;Safari&quot; | Jetzt kaufen | Schweizversand.ch<\/title>\n<meta name=\"description\" content=\"Boland Girlande &quot;Safari&quot; g\u00fcnstig kaufen bei Schweizversand.ch. Schnelle Lieferung in der Schweiz. Gratisversand ab CHF 50.\" \/>\n<meta name=\"robots\" content=\"index, follow, max-snippet:-1, max-image-preview:large, max-video-preview:-1\" \/>\n<link rel=\"canonical\" href=\"https:\/\/schweizversand.ch\/fr\/produkt\/boland-girlande-safari\/\" \/>\n<meta property=\"og:locale\" content=\"fr_FR\" \/>\n<meta property=\"og:type\" content=\"article\" \/>\n<meta property=\"og:title\" content=\"Boland Girlande &quot;Safari&quot; | Jetzt kaufen | Schweizversand.ch\" \/>\n<meta property=\"og:description\" content=\"Boland Girlande &quot;Safari&quot; g\u00fcnstig kaufen bei Schweizversand.ch. Schnelle Lieferung in der Schweiz. Gratisversand ab CHF 50.\" \/>\n<meta property=\"og:url\" content=\"https:\/\/schweizversand.ch\/fr\/produkt\/boland-girlande-safari\/\" \/>\n<meta property=\"og:site_name\" content=\"Schweizer Shop f\u00fcr Sport, Spiel und Freizeit\" \/>\n<meta property=\"article:publisher\" content=\"https:\/\/www.facebook.com\/Schweizversand\" \/>\n<meta property=\"article:modified_time\" content=\"2026-04-19T00:03:11+00:00\" \/>\n<meta property=\"og:image\" content=\"https:\/\/schweizversand.ch\/wp-content\/uploads\/2026\/02\/5472031502.jpg\" \/>\n\t<meta property=\"og:image:width\" content=\"1024\" \/>\n\t<meta property=\"og:image:height\" content=\"392\" \/>\n\t<meta property=\"og:image:type\" content=\"image\/jpeg\" \/>\n<meta name=\"twitter:card\" content=\"summary_large_image\" \/>\n<script type=\"application\/ld+json\" class=\"yoast-schema-graph\">{\"@context\":\"https:\\\/\\\/schema.org\",\"@graph\":[{\"@type\":\"WebPage\",\"@id\":\"https:\\\/\\\/schweizversand.ch\\\/fr\\\/produkt\\\/boland-girlande-safari\\\/\",\"url\":\"https:\\\/\\\/schweizversand.ch\\\/fr\\\/produkt\\\/boland-girlande-safari\\\/\",\"name\":\"Boland Girlande \\\"Safari\\\" | Jetzt kaufen | Schweizversand.ch\",\"isPartOf\":{\"@id\":\"https:\\\/\\\/schweizversand.ch\\\/fr\\\/#website\"},\"primaryImageOfPage\":{\"@id\":\"https:\\\/\\\/schweizversand.ch\\\/fr\\\/produkt\\\/boland-girlande-safari\\\/#primaryimage\"},\"image\":{\"@id\":\"https:\\\/\\\/schweizversand.ch\\\/fr\\\/produkt\\\/boland-girlande-safari\\\/#primaryimage\"},\"thumbnailUrl\":\"https:\\\/\\\/schweizversand.ch\\\/wp-content\\\/uploads\\\/2026\\\/02\\\/5472031502.jpg\",\"datePublished\":\"2026-03-14T23:05:52+00:00\",\"dateModified\":\"2026-04-19T00:03:11+00:00\",\"description\":\"Boland Girlande \\\"Safari\\\" g\u00fcnstig kaufen bei Schweizversand.ch. Schnelle Lieferung in der Schweiz. Gratisversand ab CHF 50.\",\"breadcrumb\":{\"@id\":\"https:\\\/\\\/schweizversand.ch\\\/fr\\\/produkt\\\/boland-girlande-safari\\\/#breadcrumb\"},\"inLanguage\":\"fr-FR\",\"potentialAction\":[{\"@type\":\"ReadAction\",\"target\":[\"https:\\\/\\\/schweizversand.ch\\\/fr\\\/produkt\\\/boland-girlande-safari\\\/\"]}]},{\"@type\":\"ImageObject\",\"inLanguage\":\"fr-FR\",\"@id\":\"https:\\\/\\\/schweizversand.ch\\\/fr\\\/produkt\\\/boland-girlande-safari\\\/#primaryimage\",\"url\":\"https:\\\/\\\/schweizversand.ch\\\/wp-content\\\/uploads\\\/2026\\\/02\\\/5472031502.jpg\",\"contentUrl\":\"https:\\\/\\\/schweizversand.ch\\\/wp-content\\\/uploads\\\/2026\\\/02\\\/5472031502.jpg\",\"width\":1024,\"height\":392},{\"@type\":\"BreadcrumbList\",\"@id\":\"https:\\\/\\\/schweizversand.ch\\\/fr\\\/produkt\\\/boland-girlande-safari\\\/#breadcrumb\",\"itemListElement\":[{\"@type\":\"ListItem\",\"position\":1,\"name\":\"Startseite\",\"item\":\"https:\\\/\\\/schweizversand.ch\\\/fr\\\/home\\\/\"},{\"@type\":\"ListItem\",\"position\":2,\"name\":\"Boutique\",\"item\":\"https:\\\/\\\/schweizversand.ch\\\/fr\\\/boutique\\\/\"},{\"@type\":\"ListItem\",\"position\":3,\"name\":\"Jouets et jeux\",\"item\":\"https:\\\/\\\/schweizversand.ch\\\/fr\\\/produkt-kategorie\\\/jouets-et-jeux\\\/\"},{\"@type\":\"ListItem\",\"position\":4,\"name\":\"F\u00eates et divertissements\",\"item\":\"https:\\\/\\\/schweizversand.ch\\\/fr\\\/produkt-kategorie\\\/jouets-et-jeux\\\/fetes-et-divertissements\\\/\"},{\"@type\":\"ListItem\",\"position\":5,\"name\":\"Divers\",\"item\":\"https:\\\/\\\/schweizversand.ch\\\/fr\\\/produkt-kategorie\\\/jouets-et-jeux\\\/fetes-et-divertissements\\\/diverses\\\/\"},{\"@type\":\"ListItem\",\"position\":6,\"name\":\"Guirlande Boland \u00ab Safari \u00bb\"}]},{\"@type\":\"WebSite\",\"@id\":\"https:\\\/\\\/schweizversand.ch\\\/fr\\\/#website\",\"url\":\"https:\\\/\\\/schweizversand.ch\\\/fr\\\/\",\"name\":\"Schweizer Shop f\u00fcr Sport, Spiel und Freizeit\",\"description\":\"Gratisversand ab 50.- (netto), ab eigenem schweizer Lager, Lieferung innert 48h\",\"publisher\":{\"@id\":\"https:\\\/\\\/schweizversand.ch\\\/fr\\\/#organization\"},\"alternateName\":\"Schweizversand.ch\",\"potentialAction\":[{\"@type\":\"SearchAction\",\"target\":{\"@type\":\"EntryPoint\",\"urlTemplate\":\"https:\\\/\\\/schweizversand.ch\\\/fr\\\/?s={search_term_string}\"},\"query-input\":{\"@type\":\"PropertyValueSpecification\",\"valueRequired\":true,\"valueName\":\"search_term_string\"}}],\"inLanguage\":\"fr-FR\"},{\"@type\":\"Organization\",\"@id\":\"https:\\\/\\\/schweizversand.ch\\\/fr\\\/#organization\",\"name\":\"Schweizversand.ch\",\"url\":\"https:\\\/\\\/schweizversand.ch\\\/fr\\\/\",\"logo\":{\"@type\":\"ImageObject\",\"inLanguage\":\"fr-FR\",\"@id\":\"https:\\\/\\\/schweizversand.ch\\\/fr\\\/#\\\/schema\\\/logo\\\/image\\\/\",\"url\":\"https:\\\/\\\/schweizversand.ch\\\/wp-content\\\/uploads\\\/2026\\\/03\\\/Logo_Rund_Final-1.png\",\"contentUrl\":\"https:\\\/\\\/schweizversand.ch\\\/wp-content\\\/uploads\\\/2026\\\/03\\\/Logo_Rund_Final-1.png\",\"width\":404,\"height\":404,\"caption\":\"Schweizversand.ch\"},\"image\":{\"@id\":\"https:\\\/\\\/schweizversand.ch\\\/fr\\\/#\\\/schema\\\/logo\\\/image\\\/\"},\"sameAs\":[\"https:\\\/\\\/www.facebook.com\\\/Schweizversand\",\"https:\\\/\\\/www.instagram.com\\\/schweizversand.ch\\\/\"]}]}<\/script>\n<!-- \/ Yoast SEO plugin. -->","yoast_head_json":{"title":"Boland Girlande \"Safari\" | Jetzt kaufen | Schweizversand.ch","description":"Boland Girlande \"Safari\" g\u00fcnstig kaufen bei Schweizversand.ch. Schnelle Lieferung in der Schweiz. Gratisversand ab CHF 50.","robots":{"index":"index","follow":"follow","max-snippet":"max-snippet:-1","max-image-preview":"max-image-preview:large","max-video-preview":"max-video-preview:-1"},"canonical":"https:\/\/schweizversand.ch\/fr\/produkt\/boland-girlande-safari\/","og_locale":"fr_FR","og_type":"article","og_title":"Boland Girlande \"Safari\" | Jetzt kaufen | Schweizversand.ch","og_description":"Boland Girlande \"Safari\" g\u00fcnstig kaufen bei Schweizversand.ch. Schnelle Lieferung in der Schweiz. Gratisversand ab CHF 50.","og_url":"https:\/\/schweizversand.ch\/fr\/produkt\/boland-girlande-safari\/","og_site_name":"Schweizer Shop f\u00fcr Sport, Spiel und Freizeit","article_publisher":"https:\/\/www.facebook.com\/Schweizversand","article_modified_time":"2026-04-19T00:03:11+00:00","og_image":[{"width":1024,"height":392,"url":"https:\/\/schweizversand.ch\/wp-content\/uploads\/2026\/02\/5472031502.jpg","type":"image\/jpeg"}],"twitter_card":"summary_large_image","schema":{"@context":"https:\/\/schema.org","@graph":[{"@type":"WebPage","@id":"https:\/\/schweizversand.ch\/fr\/produkt\/boland-girlande-safari\/","url":"https:\/\/schweizversand.ch\/fr\/produkt\/boland-girlande-safari\/","name":"Boland Girlande \"Safari\" | Jetzt kaufen | Schweizversand.ch","isPartOf":{"@id":"https:\/\/schweizversand.ch\/fr\/#website"},"primaryImageOfPage":{"@id":"https:\/\/schweizversand.ch\/fr\/produkt\/boland-girlande-safari\/#primaryimage"},"image":{"@id":"https:\/\/schweizversand.ch\/fr\/produkt\/boland-girlande-safari\/#primaryimage"},"thumbnailUrl":"https:\/\/schweizversand.ch\/wp-content\/uploads\/2026\/02\/5472031502.jpg","datePublished":"2026-03-14T23:05:52+00:00","dateModified":"2026-04-19T00:03:11+00:00","description":"Boland Girlande \"Safari\" g\u00fcnstig kaufen bei Schweizversand.ch. Schnelle Lieferung in der Schweiz. Gratisversand ab CHF 50.","breadcrumb":{"@id":"https:\/\/schweizversand.ch\/fr\/produkt\/boland-girlande-safari\/#breadcrumb"},"inLanguage":"fr-FR","potentialAction":[{"@type":"ReadAction","target":["https:\/\/schweizversand.ch\/fr\/produkt\/boland-girlande-safari\/"]}]},{"@type":"ImageObject","inLanguage":"fr-FR","@id":"https:\/\/schweizversand.ch\/fr\/produkt\/boland-girlande-safari\/#primaryimage","url":"https:\/\/schweizversand.ch\/wp-content\/uploads\/2026\/02\/5472031502.jpg","contentUrl":"https:\/\/schweizversand.ch\/wp-content\/uploads\/2026\/02\/5472031502.jpg","width":1024,"height":392},{"@type":"BreadcrumbList","@id":"https:\/\/schweizversand.ch\/fr\/produkt\/boland-girlande-safari\/#breadcrumb","itemListElement":[{"@type":"ListItem","position":1,"name":"Startseite","item":"https:\/\/schweizversand.ch\/fr\/home\/"},{"@type":"ListItem","position":2,"name":"Boutique","item":"https:\/\/schweizversand.ch\/fr\/boutique\/"},{"@type":"ListItem","position":3,"name":"Jouets et jeux","item":"https:\/\/schweizversand.ch\/fr\/produkt-kategorie\/jouets-et-jeux\/"},{"@type":"ListItem","position":4,"name":"F\u00eates et divertissements","item":"https:\/\/schweizversand.ch\/fr\/produkt-kategorie\/jouets-et-jeux\/fetes-et-divertissements\/"},{"@type":"ListItem","position":5,"name":"Divers","item":"https:\/\/schweizversand.ch\/fr\/produkt-kategorie\/jouets-et-jeux\/fetes-et-divertissements\/diverses\/"},{"@type":"ListItem","position":6,"name":"Guirlande Boland \u00ab Safari \u00bb"}]},{"@type":"WebSite","@id":"https:\/\/schweizversand.ch\/fr\/#website","url":"https:\/\/schweizversand.ch\/fr\/","name":"Schweizer Shop f\u00fcr Sport, Spiel und Freizeit","description":"Gratisversand ab 50.- (netto), ab eigenem schweizer Lager, Lieferung innert 48h","publisher":{"@id":"https:\/\/schweizversand.ch\/fr\/#organization"},"alternateName":"Schweizversand.ch","potentialAction":[{"@type":"SearchAction","target":{"@type":"EntryPoint","urlTemplate":"https:\/\/schweizversand.ch\/fr\/?s={search_term_string}"},"query-input":{"@type":"PropertyValueSpecification","valueRequired":true,"valueName":"search_term_string"}}],"inLanguage":"fr-FR"},{"@type":"Organization","@id":"https:\/\/schweizversand.ch\/fr\/#organization","name":"Schweizversand.ch","url":"https:\/\/schweizversand.ch\/fr\/","logo":{"@type":"ImageObject","inLanguage":"fr-FR","@id":"https:\/\/schweizversand.ch\/fr\/#\/schema\/logo\/image\/","url":"https:\/\/schweizversand.ch\/wp-content\/uploads\/2026\/03\/Logo_Rund_Final-1.png","contentUrl":"https:\/\/schweizversand.ch\/wp-content\/uploads\/2026\/03\/Logo_Rund_Final-1.png","width":404,"height":404,"caption":"Schweizversand.ch"},"image":{"@id":"https:\/\/schweizversand.ch\/fr\/#\/schema\/logo\/image\/"},"sameAs":["https:\/\/www.facebook.com\/Schweizversand","https:\/\/www.instagram.com\/schweizversand.ch\/"]}]}},"jetpack_sharing_enabled":true,"_links":{"self":[{"href":"https:\/\/schweizversand.ch\/fr\/wp-json\/wp\/v2\/product\/256200","targetHints":{"allow":["GET"]}}],"collection":[{"href":"https:\/\/schweizversand.ch\/fr\/wp-json\/wp\/v2\/product"}],"about":[{"href":"https:\/\/schweizversand.ch\/fr\/wp-json\/wp\/v2\/types\/product"}],"replies":[{"embeddable":true,"href":"https:\/\/schweizversand.ch\/fr\/wp-json\/wp\/v2\/comments?post=256200"}],"wp:featuredmedia":[{"embeddable":true,"href":"https:\/\/schweizversand.ch\/fr\/wp-json\/wp\/v2\/media\/242501"}],"wp:attachment":[{"href":"https:\/\/schweizversand.ch\/fr\/wp-json\/wp\/v2\/media?parent=256200"}],"wp:term":[{"taxonomy":"product_brand","embeddable":true,"href":"https:\/\/schweizversand.ch\/fr\/wp-json\/wp\/v2\/product_brand?post=256200"},{"taxonomy":"product_cat","embeddable":true,"href":"https:\/\/schweizversand.ch\/fr\/wp-json\/wp\/v2\/product_cat?post=256200"},{"taxonomy":"product_tag","embeddable":true,"href":"https:\/\/schweizversand.ch\/fr\/wp-json\/wp\/v2\/product_tag?post=256200"}],"curies":[{"name":"wp","href":"https:\/\/api.w.org\/{rel}","templated":true}]}}