{"id":256202,"date":"2026-03-15T00:06:00","date_gmt":"2026-03-14T23:06:00","guid":{"rendered":"https:\/\/schweizversand.ch\/produkt\/pet-toys-3er-set-tennisbaelle-fuer-hunde\/"},"modified":"2026-05-02T02:02:53","modified_gmt":"2026-05-02T00:02:53","slug":"pet-toys-3er-set-tennisbaelle-fuer-hunde","status":"publish","type":"product","link":"https:\/\/schweizversand.ch\/fr\/produkt\/pet-toys-3er-set-tennisbaelle-fuer-hunde\/","title":{"rendered":"Jouets pour animaux de compagnie &#8211; Ensemble de 3 balles de tennis pour chiens"},"content":{"rendered":"<p>Balles de tennis color\u00e9es pour chiens &#8211; Lot de 3 avec motif empreintes de pattes<\/p>\n<p>Amusement garanti pour votre compagnon \u00e0 quatre pattes\u00a0!<\/p>\n<p>Ces balles de tennis color\u00e9es sont le jouet id\u00e9al pour les chiens actifs et joueurs. Ce lot pratique de trois balles r\u00e9sistantes de diff\u00e9rentes couleurs est d\u00e9cor\u00e9 d&rsquo;une adorable empreinte de patte. Leurs couleurs vives \u00e9gayeront votre chien et le rendront tr\u00e8s visible dans les prairies et les parcs.<\/p>\n<p>Que ce soit en promenade, en jouant \u00e0 la balle ou en pratiquant des sports canins, ces balles color\u00e9es offriront \u00e0 votre chien de l&rsquo;exercice et du plaisir. Leur surface sp\u00e9ciale est con\u00e7ue pour r\u00e9pondre aux besoins des chiens (attention, elles ne sont pas adapt\u00e9es au tennis\u00a0!) et garantit un jeu en toute s\u00e9curit\u00e9, sans risque de blessure.<\/p>\n<p>Accessoire parfait pour jouer et se d\u00e9penser<\/p>\n<p>Couleurs vives pour une meilleure visibilit\u00e9<\/p>\n<p>L\u00e9g\u00e8res, r\u00e9sistantes et sans danger pour les chiens<\/p>\n<p>Id\u00e9ales pour les chiens de tous \u00e2ges\u00a0! Commandez d\u00e8s maintenant et profitez de moments de jeu ensemble\u00a0!<\/p>\n","protected":false},"excerpt":{"rendered":"<p>Balles de tennis color\u00e9es pour chiens &#8211; Lot de 3 avec motif empreintes de pattes Amusement garanti pour votre compagnon \u00e0 quatre pattes\u00a0! Ces balles de tennis color\u00e9es sont le jouet id\u00e9al pour les chiens actifs et joueurs. Ce lot pratique de trois balles r\u00e9sistantes de diff\u00e9rentes couleurs est d\u00e9cor\u00e9 d&rsquo;une adorable empreinte de patte. Leurs couleurs vives \u00e9gayeront votre chien et le rendront tr\u00e8s visible dans les prairies et les parcs. Que ce soit&hellip;<\/p>\n","protected":false},"featured_media":157965,"comment_status":"open","ping_status":"closed","template":"","meta":[],"product_brand":[],"product_cat":[39001],"product_tag":[],"class_list":{"0":"post-256202","1":"product","2":"type-product","3":"status-publish","4":"has-post-thumbnail","6":"product_cat-hundespielzeug","7":"product_shipping_class-global_methods","9":"first","10":"instock","11":"taxable","12":"shipping-taxable","13":"purchasable","14":"product-type-simple"},"yoast_head":"<!-- This site is optimized with the Yoast SEO plugin v27.5 - https:\/\/yoast.com\/product\/yoast-seo-wordpress\/ -->\n<title>Pet Toys 3er Set Tennisb\u00e4lle f\u00fcr Hunde | Jetzt kaufen | Schweizversand.ch<\/title>\n<meta name=\"description\" content=\"Pet Toys 3er Set Tennisb\u00e4lle f\u00fcr Hunde g\u00fcnstig kaufen bei Schweizversand.ch. Schnelle Lieferung in der Schweiz. Gratisversand ab CHF 50.\" \/>\n<meta name=\"robots\" content=\"index, follow, max-snippet:-1, max-image-preview:large, max-video-preview:-1\" \/>\n<link rel=\"canonical\" href=\"https:\/\/schweizversand.ch\/fr\/produkt\/pet-toys-3er-set-tennisbaelle-fuer-hunde\/\" \/>\n<meta property=\"og:locale\" content=\"fr_FR\" \/>\n<meta property=\"og:type\" content=\"article\" \/>\n<meta property=\"og:title\" content=\"Pet Toys 3er Set Tennisb\u00e4lle f\u00fcr Hunde | Jetzt kaufen | Schweizversand.ch\" \/>\n<meta property=\"og:description\" content=\"Pet Toys 3er Set Tennisb\u00e4lle f\u00fcr Hunde g\u00fcnstig kaufen bei Schweizversand.ch. Schnelle Lieferung in der Schweiz. Gratisversand ab CHF 50.\" \/>\n<meta property=\"og:url\" content=\"https:\/\/schweizversand.ch\/fr\/produkt\/pet-toys-3er-set-tennisbaelle-fuer-hunde\/\" \/>\n<meta property=\"og:site_name\" content=\"Schweizer Shop f\u00fcr Sport, Spiel und Freizeit\" \/>\n<meta property=\"article:publisher\" content=\"https:\/\/www.facebook.com\/Schweizversand\" \/>\n<meta property=\"article:modified_time\" content=\"2026-05-02T00:02:53+00:00\" \/>\n<meta property=\"og:image\" content=\"https:\/\/schweizversand.ch\/wp-content\/uploads\/2026\/02\/5471523650.jpg\" \/>\n\t<meta property=\"og:image:width\" content=\"1024\" \/>\n\t<meta property=\"og:image:height\" content=\"1024\" \/>\n\t<meta property=\"og:image:type\" content=\"image\/jpeg\" \/>\n<meta name=\"twitter:card\" content=\"summary_large_image\" \/>\n<meta name=\"twitter:label1\" content=\"Dur\u00e9e de lecture estim\u00e9e\" \/>\n\t<meta name=\"twitter:data1\" content=\"1 minute\" \/>\n<script type=\"application\/ld+json\" class=\"yoast-schema-graph\">{\"@context\":\"https:\\\/\\\/schema.org\",\"@graph\":[{\"@type\":\"WebPage\",\"@id\":\"https:\\\/\\\/schweizversand.ch\\\/fr\\\/produkt\\\/pet-toys-3er-set-tennisbaelle-fuer-hunde\\\/\",\"url\":\"https:\\\/\\\/schweizversand.ch\\\/fr\\\/produkt\\\/pet-toys-3er-set-tennisbaelle-fuer-hunde\\\/\",\"name\":\"Pet Toys 3er Set Tennisb\u00e4lle f\u00fcr Hunde | Jetzt kaufen | Schweizversand.ch\",\"isPartOf\":{\"@id\":\"https:\\\/\\\/schweizversand.ch\\\/fr\\\/#website\"},\"primaryImageOfPage\":{\"@id\":\"https:\\\/\\\/schweizversand.ch\\\/fr\\\/produkt\\\/pet-toys-3er-set-tennisbaelle-fuer-hunde\\\/#primaryimage\"},\"image\":{\"@id\":\"https:\\\/\\\/schweizversand.ch\\\/fr\\\/produkt\\\/pet-toys-3er-set-tennisbaelle-fuer-hunde\\\/#primaryimage\"},\"thumbnailUrl\":\"https:\\\/\\\/schweizversand.ch\\\/wp-content\\\/uploads\\\/2026\\\/02\\\/5471523650.jpg\",\"datePublished\":\"2026-03-14T23:06:00+00:00\",\"dateModified\":\"2026-05-02T00:02:53+00:00\",\"description\":\"Pet Toys 3er Set Tennisb\u00e4lle f\u00fcr Hunde g\u00fcnstig kaufen bei Schweizversand.ch. Schnelle Lieferung in der Schweiz. Gratisversand ab CHF 50.\",\"breadcrumb\":{\"@id\":\"https:\\\/\\\/schweizversand.ch\\\/fr\\\/produkt\\\/pet-toys-3er-set-tennisbaelle-fuer-hunde\\\/#breadcrumb\"},\"inLanguage\":\"fr-FR\",\"potentialAction\":[{\"@type\":\"ReadAction\",\"target\":[\"https:\\\/\\\/schweizversand.ch\\\/fr\\\/produkt\\\/pet-toys-3er-set-tennisbaelle-fuer-hunde\\\/\"]}]},{\"@type\":\"ImageObject\",\"inLanguage\":\"fr-FR\",\"@id\":\"https:\\\/\\\/schweizversand.ch\\\/fr\\\/produkt\\\/pet-toys-3er-set-tennisbaelle-fuer-hunde\\\/#primaryimage\",\"url\":\"https:\\\/\\\/schweizversand.ch\\\/wp-content\\\/uploads\\\/2026\\\/02\\\/5471523650.jpg\",\"contentUrl\":\"https:\\\/\\\/schweizversand.ch\\\/wp-content\\\/uploads\\\/2026\\\/02\\\/5471523650.jpg\",\"width\":1024,\"height\":1024},{\"@type\":\"BreadcrumbList\",\"@id\":\"https:\\\/\\\/schweizversand.ch\\\/fr\\\/produkt\\\/pet-toys-3er-set-tennisbaelle-fuer-hunde\\\/#breadcrumb\",\"itemListElement\":[{\"@type\":\"ListItem\",\"position\":1,\"name\":\"Startseite\",\"item\":\"https:\\\/\\\/schweizversand.ch\\\/fr\\\/home\\\/\"},{\"@type\":\"ListItem\",\"position\":2,\"name\":\"Boutique\",\"item\":\"https:\\\/\\\/schweizversand.ch\\\/fr\\\/boutique\\\/\"},{\"@type\":\"ListItem\",\"position\":3,\"name\":\"Accessoires pour animaux\",\"item\":\"https:\\\/\\\/schweizversand.ch\\\/fr\\\/produkt-kategorie\\\/articles-pour-animaux\\\/\"},{\"@type\":\"ListItem\",\"position\":4,\"name\":\"Chien\",\"item\":\"https:\\\/\\\/schweizversand.ch\\\/fr\\\/produkt-kategorie\\\/articles-pour-animaux\\\/chiens\\\/\"},{\"@type\":\"ListItem\",\"position\":5,\"name\":\"Jouets pour chiens\",\"item\":\"https:\\\/\\\/schweizversand.ch\\\/fr\\\/produkt-kategorie\\\/articles-pour-animaux\\\/chiens\\\/hundespielzeug\\\/\"},{\"@type\":\"ListItem\",\"position\":6,\"name\":\"Jouets pour animaux de compagnie &#8211; Ensemble de 3 balles de tennis pour chiens\"}]},{\"@type\":\"WebSite\",\"@id\":\"https:\\\/\\\/schweizversand.ch\\\/fr\\\/#website\",\"url\":\"https:\\\/\\\/schweizversand.ch\\\/fr\\\/\",\"name\":\"Schweizer Shop f\u00fcr Sport, Spiel und Freizeit\",\"description\":\"Gratisversand ab 50.- (netto), ab eigenem schweizer Lager, Lieferung innert 48h\",\"publisher\":{\"@id\":\"https:\\\/\\\/schweizversand.ch\\\/fr\\\/#organization\"},\"alternateName\":\"Schweizversand.ch\",\"potentialAction\":[{\"@type\":\"SearchAction\",\"target\":{\"@type\":\"EntryPoint\",\"urlTemplate\":\"https:\\\/\\\/schweizversand.ch\\\/fr\\\/?s={search_term_string}\"},\"query-input\":{\"@type\":\"PropertyValueSpecification\",\"valueRequired\":true,\"valueName\":\"search_term_string\"}}],\"inLanguage\":\"fr-FR\"},{\"@type\":\"Organization\",\"@id\":\"https:\\\/\\\/schweizversand.ch\\\/fr\\\/#organization\",\"name\":\"Schweizversand.ch\",\"url\":\"https:\\\/\\\/schweizversand.ch\\\/fr\\\/\",\"logo\":{\"@type\":\"ImageObject\",\"inLanguage\":\"fr-FR\",\"@id\":\"https:\\\/\\\/schweizversand.ch\\\/fr\\\/#\\\/schema\\\/logo\\\/image\\\/\",\"url\":\"https:\\\/\\\/schweizversand.ch\\\/wp-content\\\/uploads\\\/2026\\\/03\\\/Logo_Rund_Final-1.png\",\"contentUrl\":\"https:\\\/\\\/schweizversand.ch\\\/wp-content\\\/uploads\\\/2026\\\/03\\\/Logo_Rund_Final-1.png\",\"width\":404,\"height\":404,\"caption\":\"Schweizversand.ch\"},\"image\":{\"@id\":\"https:\\\/\\\/schweizversand.ch\\\/fr\\\/#\\\/schema\\\/logo\\\/image\\\/\"},\"sameAs\":[\"https:\\\/\\\/www.facebook.com\\\/Schweizversand\",\"https:\\\/\\\/www.instagram.com\\\/schweizversand.ch\\\/\"]}]}<\/script>\n<!-- \/ Yoast SEO plugin. -->","yoast_head_json":{"title":"Pet Toys 3er Set Tennisb\u00e4lle f\u00fcr Hunde | Jetzt kaufen | Schweizversand.ch","description":"Pet Toys 3er Set Tennisb\u00e4lle f\u00fcr Hunde g\u00fcnstig kaufen bei Schweizversand.ch. Schnelle Lieferung in der Schweiz. Gratisversand ab CHF 50.","robots":{"index":"index","follow":"follow","max-snippet":"max-snippet:-1","max-image-preview":"max-image-preview:large","max-video-preview":"max-video-preview:-1"},"canonical":"https:\/\/schweizversand.ch\/fr\/produkt\/pet-toys-3er-set-tennisbaelle-fuer-hunde\/","og_locale":"fr_FR","og_type":"article","og_title":"Pet Toys 3er Set Tennisb\u00e4lle f\u00fcr Hunde | Jetzt kaufen | Schweizversand.ch","og_description":"Pet Toys 3er Set Tennisb\u00e4lle f\u00fcr Hunde g\u00fcnstig kaufen bei Schweizversand.ch. Schnelle Lieferung in der Schweiz. Gratisversand ab CHF 50.","og_url":"https:\/\/schweizversand.ch\/fr\/produkt\/pet-toys-3er-set-tennisbaelle-fuer-hunde\/","og_site_name":"Schweizer Shop f\u00fcr Sport, Spiel und Freizeit","article_publisher":"https:\/\/www.facebook.com\/Schweizversand","article_modified_time":"2026-05-02T00:02:53+00:00","og_image":[{"width":1024,"height":1024,"url":"https:\/\/schweizversand.ch\/wp-content\/uploads\/2026\/02\/5471523650.jpg","type":"image\/jpeg"}],"twitter_card":"summary_large_image","twitter_misc":{"Dur\u00e9e de lecture estim\u00e9e":"1 minute"},"schema":{"@context":"https:\/\/schema.org","@graph":[{"@type":"WebPage","@id":"https:\/\/schweizversand.ch\/fr\/produkt\/pet-toys-3er-set-tennisbaelle-fuer-hunde\/","url":"https:\/\/schweizversand.ch\/fr\/produkt\/pet-toys-3er-set-tennisbaelle-fuer-hunde\/","name":"Pet Toys 3er Set Tennisb\u00e4lle f\u00fcr Hunde | Jetzt kaufen | Schweizversand.ch","isPartOf":{"@id":"https:\/\/schweizversand.ch\/fr\/#website"},"primaryImageOfPage":{"@id":"https:\/\/schweizversand.ch\/fr\/produkt\/pet-toys-3er-set-tennisbaelle-fuer-hunde\/#primaryimage"},"image":{"@id":"https:\/\/schweizversand.ch\/fr\/produkt\/pet-toys-3er-set-tennisbaelle-fuer-hunde\/#primaryimage"},"thumbnailUrl":"https:\/\/schweizversand.ch\/wp-content\/uploads\/2026\/02\/5471523650.jpg","datePublished":"2026-03-14T23:06:00+00:00","dateModified":"2026-05-02T00:02:53+00:00","description":"Pet Toys 3er Set Tennisb\u00e4lle f\u00fcr Hunde g\u00fcnstig kaufen bei Schweizversand.ch. Schnelle Lieferung in der Schweiz. Gratisversand ab CHF 50.","breadcrumb":{"@id":"https:\/\/schweizversand.ch\/fr\/produkt\/pet-toys-3er-set-tennisbaelle-fuer-hunde\/#breadcrumb"},"inLanguage":"fr-FR","potentialAction":[{"@type":"ReadAction","target":["https:\/\/schweizversand.ch\/fr\/produkt\/pet-toys-3er-set-tennisbaelle-fuer-hunde\/"]}]},{"@type":"ImageObject","inLanguage":"fr-FR","@id":"https:\/\/schweizversand.ch\/fr\/produkt\/pet-toys-3er-set-tennisbaelle-fuer-hunde\/#primaryimage","url":"https:\/\/schweizversand.ch\/wp-content\/uploads\/2026\/02\/5471523650.jpg","contentUrl":"https:\/\/schweizversand.ch\/wp-content\/uploads\/2026\/02\/5471523650.jpg","width":1024,"height":1024},{"@type":"BreadcrumbList","@id":"https:\/\/schweizversand.ch\/fr\/produkt\/pet-toys-3er-set-tennisbaelle-fuer-hunde\/#breadcrumb","itemListElement":[{"@type":"ListItem","position":1,"name":"Startseite","item":"https:\/\/schweizversand.ch\/fr\/home\/"},{"@type":"ListItem","position":2,"name":"Boutique","item":"https:\/\/schweizversand.ch\/fr\/boutique\/"},{"@type":"ListItem","position":3,"name":"Accessoires pour animaux","item":"https:\/\/schweizversand.ch\/fr\/produkt-kategorie\/articles-pour-animaux\/"},{"@type":"ListItem","position":4,"name":"Chien","item":"https:\/\/schweizversand.ch\/fr\/produkt-kategorie\/articles-pour-animaux\/chiens\/"},{"@type":"ListItem","position":5,"name":"Jouets pour chiens","item":"https:\/\/schweizversand.ch\/fr\/produkt-kategorie\/articles-pour-animaux\/chiens\/hundespielzeug\/"},{"@type":"ListItem","position":6,"name":"Jouets pour animaux de compagnie &#8211; Ensemble de 3 balles de tennis pour chiens"}]},{"@type":"WebSite","@id":"https:\/\/schweizversand.ch\/fr\/#website","url":"https:\/\/schweizversand.ch\/fr\/","name":"Schweizer Shop f\u00fcr Sport, Spiel und Freizeit","description":"Gratisversand ab 50.- (netto), ab eigenem schweizer Lager, Lieferung innert 48h","publisher":{"@id":"https:\/\/schweizversand.ch\/fr\/#organization"},"alternateName":"Schweizversand.ch","potentialAction":[{"@type":"SearchAction","target":{"@type":"EntryPoint","urlTemplate":"https:\/\/schweizversand.ch\/fr\/?s={search_term_string}"},"query-input":{"@type":"PropertyValueSpecification","valueRequired":true,"valueName":"search_term_string"}}],"inLanguage":"fr-FR"},{"@type":"Organization","@id":"https:\/\/schweizversand.ch\/fr\/#organization","name":"Schweizversand.ch","url":"https:\/\/schweizversand.ch\/fr\/","logo":{"@type":"ImageObject","inLanguage":"fr-FR","@id":"https:\/\/schweizversand.ch\/fr\/#\/schema\/logo\/image\/","url":"https:\/\/schweizversand.ch\/wp-content\/uploads\/2026\/03\/Logo_Rund_Final-1.png","contentUrl":"https:\/\/schweizversand.ch\/wp-content\/uploads\/2026\/03\/Logo_Rund_Final-1.png","width":404,"height":404,"caption":"Schweizversand.ch"},"image":{"@id":"https:\/\/schweizversand.ch\/fr\/#\/schema\/logo\/image\/"},"sameAs":["https:\/\/www.facebook.com\/Schweizversand","https:\/\/www.instagram.com\/schweizversand.ch\/"]}]}},"jetpack_sharing_enabled":true,"_links":{"self":[{"href":"https:\/\/schweizversand.ch\/fr\/wp-json\/wp\/v2\/product\/256202","targetHints":{"allow":["GET"]}}],"collection":[{"href":"https:\/\/schweizversand.ch\/fr\/wp-json\/wp\/v2\/product"}],"about":[{"href":"https:\/\/schweizversand.ch\/fr\/wp-json\/wp\/v2\/types\/product"}],"replies":[{"embeddable":true,"href":"https:\/\/schweizversand.ch\/fr\/wp-json\/wp\/v2\/comments?post=256202"}],"wp:featuredmedia":[{"embeddable":true,"href":"https:\/\/schweizversand.ch\/fr\/wp-json\/wp\/v2\/media\/157965"}],"wp:attachment":[{"href":"https:\/\/schweizversand.ch\/fr\/wp-json\/wp\/v2\/media?parent=256202"}],"wp:term":[{"taxonomy":"product_brand","embeddable":true,"href":"https:\/\/schweizversand.ch\/fr\/wp-json\/wp\/v2\/product_brand?post=256202"},{"taxonomy":"product_cat","embeddable":true,"href":"https:\/\/schweizversand.ch\/fr\/wp-json\/wp\/v2\/product_cat?post=256202"},{"taxonomy":"product_tag","embeddable":true,"href":"https:\/\/schweizversand.ch\/fr\/wp-json\/wp\/v2\/product_tag?post=256202"}],"curies":[{"name":"wp","href":"https:\/\/api.w.org\/{rel}","templated":true}]}}