{"id":256214,"date":"2026-03-15T00:28:03","date_gmt":"2026-03-14T23:28:03","guid":{"rendered":"https:\/\/schweizversand.ch\/produkt\/everlast-herren-sweatshirt-mit-kapuze-10\/"},"modified":"2026-05-02T02:02:59","modified_gmt":"2026-05-02T00:02:59","slug":"everlast-herren-sweatshirt-mit-kapuze-10","status":"publish","type":"product","link":"https:\/\/schweizversand.ch\/fr\/produkt\/everlast-herren-sweatshirt-mit-kapuze-10\/","title":{"rendered":"Sweat \u00e0 capuche Everlast pour homme"},"content":{"rendered":"<h1><strong>Sweat \u00e0 capuche EVERLAST pour homme<\/strong><\/h1>\n<div>D\u00e9couvrez le <strong>sweat \u00e0 capuche EVERLAST pour homme<\/strong>, qui allie parfaitement fonctionnalit\u00e9 et style. Ce sweat de haute qualit\u00e9 est votre compagnon id\u00e9al pour le sport et les loisirs, offrant un confort optimal en toutes circonstances.<\/p>\n<\/div>\n<div><strong>Design et confort<\/strong><br \/>Ce <strong>sweat<\/strong> pour homme s\u00e9duit par son design classique et sa palette de couleurs subtile et polyvalente qui s&rsquo;int\u00e8gre facilement \u00e0 toutes les garde-robes. Le grand logo Everlast brod\u00e9 sur le devant conf\u00e8re au sweat un caract\u00e8re distinctif et souligne la qualit\u00e9 de la marque. Il est \u00e9galement orn\u00e9 d&rsquo;une bande fournissant des informations compl\u00e9mentaires sur la marque.<\/p>\n<\/div>\n<div><strong>Mati\u00e8res de haute qualit\u00e9<\/strong><br \/>Confectionn\u00e9 dans un m\u00e9lange de <strong>coton<\/strong> et de polyester doux et de haute qualit\u00e9, il offre un confort exceptionnel. L&rsquo;int\u00e9rieur est doubl\u00e9 de polaire douce, procurant une chaleur douillette par temps froid et enveloppant d\u00e9licatement votre corps. Le tissu de 250 g\/m\u00b2 garantit une grande durabilit\u00e9. Coupe optimale\u00a0: Sa coupe classique et d\u00e9contract\u00e9e s&rsquo;adapte parfaitement \u00e0 toutes les morphologies et offre une libert\u00e9 de mouvement maximale. Les poignets et la base c\u00f4tel\u00e9s assurent un maintien optimal et emp\u00eachent l&rsquo;air froid de s&rsquo;infiltrer. La capuche est doubl\u00e9e en coton pour plus de protection et de confort. Respirabilit\u00e9 et entretien\u00a0: Gr\u00e2ce \u00e0 son coton de haute qualit\u00e9, ce sweat-shirt est non seulement doux et agr\u00e9able au toucher, mais il laisse \u00e9galement votre peau respirer m\u00eame lors d&rsquo;activit\u00e9s intenses. C&rsquo;est le compagnon id\u00e9al pour le sport et les loisirs, offrant un maintien optimal. Appr\u00e9ciez son confort et sa qualit\u00e9.<\/p>\n<\/div>\n<div>Choisissez le <strong>sweat-shirt \u00e0 capuche<\/strong> pour un style intemporel et un confort in\u00e9gal\u00e9 qui vous accompagnera dans toutes vos aventures.<\/div>\n<div><\/div>\n","protected":false},"excerpt":{"rendered":"<p>Sweat \u00e0 capuche EVERLAST pour homme D\u00e9couvrez le sweat \u00e0 capuche EVERLAST pour homme, qui allie parfaitement fonctionnalit\u00e9 et style. Ce sweat de haute qualit\u00e9 est votre compagnon id\u00e9al pour le sport et les loisirs, offrant un confort optimal en toutes circonstances. Design et confortCe sweat pour homme s\u00e9duit par son design classique et sa palette de couleurs subtile et polyvalente qui s&rsquo;int\u00e8gre facilement \u00e0 toutes les garde-robes. Le grand logo Everlast brod\u00e9 sur le&hellip;<\/p>\n","protected":false},"featured_media":262522,"comment_status":"open","ping_status":"closed","template":"","meta":[],"product_brand":[],"product_cat":[38142],"product_tag":[],"class_list":{"0":"post-256214","1":"product","2":"type-product","3":"status-publish","4":"has-post-thumbnail","6":"product_cat-herrenbekleidung","7":"product_shipping_class-global_methods","9":"first","10":"instock","11":"taxable","12":"shipping-taxable","13":"purchasable","14":"product-type-simple"},"yoast_head":"<!-- This site is optimized with the Yoast SEO plugin v27.5 - https:\/\/yoast.com\/product\/yoast-seo-wordpress\/ -->\n<title>Everlast Herren Sweatshirt mit Kapuze<\/title>\n<meta name=\"description\" content=\"EVERLAST Herren Sweatshirt mit Kapuze Entdecken Sie das EVERLAST Herren Sweatshirt mit Kapuze welches Funktionalit\u00e4t und Stil perfekt vereint. Dieses hochwertig\" \/>\n<meta name=\"robots\" content=\"index, follow, max-snippet:-1, max-image-preview:large, max-video-preview:-1\" \/>\n<link rel=\"canonical\" href=\"https:\/\/schweizversand.ch\/fr\/produkt\/everlast-herren-sweatshirt-mit-kapuze-10\/\" \/>\n<meta property=\"og:locale\" content=\"fr_FR\" \/>\n<meta property=\"og:type\" content=\"article\" \/>\n<meta property=\"og:title\" content=\"Everlast Herren Sweatshirt mit Kapuze\" \/>\n<meta property=\"og:description\" content=\"EVERLAST Herren Sweatshirt mit Kapuze Entdecken Sie das EVERLAST Herren Sweatshirt mit Kapuze welches Funktionalit\u00e4t und Stil perfekt vereint. Dieses hochwertig\" \/>\n<meta property=\"og:url\" content=\"https:\/\/schweizversand.ch\/fr\/produkt\/everlast-herren-sweatshirt-mit-kapuze-10\/\" \/>\n<meta property=\"og:site_name\" content=\"Schweizer Shop f\u00fcr Sport, Spiel und Freizeit\" \/>\n<meta property=\"article:publisher\" content=\"https:\/\/www.facebook.com\/Schweizversand\" \/>\n<meta property=\"article:modified_time\" content=\"2026-05-02T00:02:59+00:00\" \/>\n<meta property=\"og:image\" content=\"https:\/\/schweizversand.ch\/wp-content\/uploads\/2026\/02\/5596572136.jpg\" \/>\n\t<meta property=\"og:image:width\" content=\"683\" \/>\n\t<meta property=\"og:image:height\" content=\"1024\" \/>\n\t<meta property=\"og:image:type\" content=\"image\/jpeg\" \/>\n<meta name=\"twitter:card\" content=\"summary_large_image\" \/>\n<meta name=\"twitter:label1\" content=\"Dur\u00e9e de lecture estim\u00e9e\" \/>\n\t<meta name=\"twitter:data1\" content=\"1 minute\" \/>\n<script type=\"application\/ld+json\" class=\"yoast-schema-graph\">{\"@context\":\"https:\\\/\\\/schema.org\",\"@graph\":[{\"@type\":\"WebPage\",\"@id\":\"https:\\\/\\\/schweizversand.ch\\\/fr\\\/produkt\\\/everlast-herren-sweatshirt-mit-kapuze-10\\\/\",\"url\":\"https:\\\/\\\/schweizversand.ch\\\/fr\\\/produkt\\\/everlast-herren-sweatshirt-mit-kapuze-10\\\/\",\"name\":\"Everlast Herren Sweatshirt mit Kapuze\",\"isPartOf\":{\"@id\":\"https:\\\/\\\/schweizversand.ch\\\/fr\\\/#website\"},\"primaryImageOfPage\":{\"@id\":\"https:\\\/\\\/schweizversand.ch\\\/fr\\\/produkt\\\/everlast-herren-sweatshirt-mit-kapuze-10\\\/#primaryimage\"},\"image\":{\"@id\":\"https:\\\/\\\/schweizversand.ch\\\/fr\\\/produkt\\\/everlast-herren-sweatshirt-mit-kapuze-10\\\/#primaryimage\"},\"thumbnailUrl\":\"https:\\\/\\\/schweizversand.ch\\\/wp-content\\\/uploads\\\/2026\\\/02\\\/5596572136.jpg\",\"datePublished\":\"2026-03-14T23:28:03+00:00\",\"dateModified\":\"2026-05-02T00:02:59+00:00\",\"description\":\"EVERLAST Herren Sweatshirt mit Kapuze Entdecken Sie das EVERLAST Herren Sweatshirt mit Kapuze welches Funktionalit\u00e4t und Stil perfekt vereint. Dieses hochwertig\",\"breadcrumb\":{\"@id\":\"https:\\\/\\\/schweizversand.ch\\\/fr\\\/produkt\\\/everlast-herren-sweatshirt-mit-kapuze-10\\\/#breadcrumb\"},\"inLanguage\":\"fr-FR\",\"potentialAction\":[{\"@type\":\"ReadAction\",\"target\":[\"https:\\\/\\\/schweizversand.ch\\\/fr\\\/produkt\\\/everlast-herren-sweatshirt-mit-kapuze-10\\\/\"]}]},{\"@type\":\"ImageObject\",\"inLanguage\":\"fr-FR\",\"@id\":\"https:\\\/\\\/schweizversand.ch\\\/fr\\\/produkt\\\/everlast-herren-sweatshirt-mit-kapuze-10\\\/#primaryimage\",\"url\":\"https:\\\/\\\/schweizversand.ch\\\/wp-content\\\/uploads\\\/2026\\\/02\\\/5596572136.jpg\",\"contentUrl\":\"https:\\\/\\\/schweizversand.ch\\\/wp-content\\\/uploads\\\/2026\\\/02\\\/5596572136.jpg\",\"width\":683,\"height\":1024},{\"@type\":\"BreadcrumbList\",\"@id\":\"https:\\\/\\\/schweizversand.ch\\\/fr\\\/produkt\\\/everlast-herren-sweatshirt-mit-kapuze-10\\\/#breadcrumb\",\"itemListElement\":[{\"@type\":\"ListItem\",\"position\":1,\"name\":\"Startseite\",\"item\":\"https:\\\/\\\/schweizversand.ch\\\/fr\\\/home\\\/\"},{\"@type\":\"ListItem\",\"position\":2,\"name\":\"Boutique\",\"item\":\"https:\\\/\\\/schweizversand.ch\\\/fr\\\/boutique\\\/\"},{\"@type\":\"ListItem\",\"position\":3,\"name\":\"Mode\",\"item\":\"https:\\\/\\\/schweizversand.ch\\\/fr\\\/produkt-kategorie\\\/mode-fr\\\/\"},{\"@type\":\"ListItem\",\"position\":4,\"name\":\"Mode masculine\",\"item\":\"https:\\\/\\\/schweizversand.ch\\\/fr\\\/produkt-kategorie\\\/mode-fr\\\/mode-masculine\\\/\"},{\"@type\":\"ListItem\",\"position\":5,\"name\":\"V\u00eatements pour hommes\",\"item\":\"https:\\\/\\\/schweizversand.ch\\\/fr\\\/produkt-kategorie\\\/mode-fr\\\/mode-masculine\\\/herrenbekleidung\\\/\"},{\"@type\":\"ListItem\",\"position\":6,\"name\":\"Sweat \u00e0 capuche Everlast pour homme\"}]},{\"@type\":\"WebSite\",\"@id\":\"https:\\\/\\\/schweizversand.ch\\\/fr\\\/#website\",\"url\":\"https:\\\/\\\/schweizversand.ch\\\/fr\\\/\",\"name\":\"Schweizer Shop f\u00fcr Sport, Spiel und Freizeit\",\"description\":\"Gratisversand ab 50.- (netto), ab eigenem schweizer Lager, Lieferung innert 48h\",\"publisher\":{\"@id\":\"https:\\\/\\\/schweizversand.ch\\\/fr\\\/#organization\"},\"alternateName\":\"Schweizversand.ch\",\"potentialAction\":[{\"@type\":\"SearchAction\",\"target\":{\"@type\":\"EntryPoint\",\"urlTemplate\":\"https:\\\/\\\/schweizversand.ch\\\/fr\\\/?s={search_term_string}\"},\"query-input\":{\"@type\":\"PropertyValueSpecification\",\"valueRequired\":true,\"valueName\":\"search_term_string\"}}],\"inLanguage\":\"fr-FR\"},{\"@type\":\"Organization\",\"@id\":\"https:\\\/\\\/schweizversand.ch\\\/fr\\\/#organization\",\"name\":\"Schweizversand.ch\",\"url\":\"https:\\\/\\\/schweizversand.ch\\\/fr\\\/\",\"logo\":{\"@type\":\"ImageObject\",\"inLanguage\":\"fr-FR\",\"@id\":\"https:\\\/\\\/schweizversand.ch\\\/fr\\\/#\\\/schema\\\/logo\\\/image\\\/\",\"url\":\"https:\\\/\\\/schweizversand.ch\\\/wp-content\\\/uploads\\\/2026\\\/03\\\/Logo_Rund_Final-1.png\",\"contentUrl\":\"https:\\\/\\\/schweizversand.ch\\\/wp-content\\\/uploads\\\/2026\\\/03\\\/Logo_Rund_Final-1.png\",\"width\":404,\"height\":404,\"caption\":\"Schweizversand.ch\"},\"image\":{\"@id\":\"https:\\\/\\\/schweizversand.ch\\\/fr\\\/#\\\/schema\\\/logo\\\/image\\\/\"},\"sameAs\":[\"https:\\\/\\\/www.facebook.com\\\/Schweizversand\",\"https:\\\/\\\/www.instagram.com\\\/schweizversand.ch\\\/\"]}]}<\/script>\n<!-- \/ Yoast SEO plugin. -->","yoast_head_json":{"title":"Everlast Herren Sweatshirt mit Kapuze","description":"EVERLAST Herren Sweatshirt mit Kapuze Entdecken Sie das EVERLAST Herren Sweatshirt mit Kapuze welches Funktionalit\u00e4t und Stil perfekt vereint. Dieses hochwertig","robots":{"index":"index","follow":"follow","max-snippet":"max-snippet:-1","max-image-preview":"max-image-preview:large","max-video-preview":"max-video-preview:-1"},"canonical":"https:\/\/schweizversand.ch\/fr\/produkt\/everlast-herren-sweatshirt-mit-kapuze-10\/","og_locale":"fr_FR","og_type":"article","og_title":"Everlast Herren Sweatshirt mit Kapuze","og_description":"EVERLAST Herren Sweatshirt mit Kapuze Entdecken Sie das EVERLAST Herren Sweatshirt mit Kapuze welches Funktionalit\u00e4t und Stil perfekt vereint. Dieses hochwertig","og_url":"https:\/\/schweizversand.ch\/fr\/produkt\/everlast-herren-sweatshirt-mit-kapuze-10\/","og_site_name":"Schweizer Shop f\u00fcr Sport, Spiel und Freizeit","article_publisher":"https:\/\/www.facebook.com\/Schweizversand","article_modified_time":"2026-05-02T00:02:59+00:00","og_image":[{"width":683,"height":1024,"url":"https:\/\/schweizversand.ch\/wp-content\/uploads\/2026\/02\/5596572136.jpg","type":"image\/jpeg"}],"twitter_card":"summary_large_image","twitter_misc":{"Dur\u00e9e de lecture estim\u00e9e":"1 minute"},"schema":{"@context":"https:\/\/schema.org","@graph":[{"@type":"WebPage","@id":"https:\/\/schweizversand.ch\/fr\/produkt\/everlast-herren-sweatshirt-mit-kapuze-10\/","url":"https:\/\/schweizversand.ch\/fr\/produkt\/everlast-herren-sweatshirt-mit-kapuze-10\/","name":"Everlast Herren Sweatshirt mit Kapuze","isPartOf":{"@id":"https:\/\/schweizversand.ch\/fr\/#website"},"primaryImageOfPage":{"@id":"https:\/\/schweizversand.ch\/fr\/produkt\/everlast-herren-sweatshirt-mit-kapuze-10\/#primaryimage"},"image":{"@id":"https:\/\/schweizversand.ch\/fr\/produkt\/everlast-herren-sweatshirt-mit-kapuze-10\/#primaryimage"},"thumbnailUrl":"https:\/\/schweizversand.ch\/wp-content\/uploads\/2026\/02\/5596572136.jpg","datePublished":"2026-03-14T23:28:03+00:00","dateModified":"2026-05-02T00:02:59+00:00","description":"EVERLAST Herren Sweatshirt mit Kapuze Entdecken Sie das EVERLAST Herren Sweatshirt mit Kapuze welches Funktionalit\u00e4t und Stil perfekt vereint. Dieses hochwertig","breadcrumb":{"@id":"https:\/\/schweizversand.ch\/fr\/produkt\/everlast-herren-sweatshirt-mit-kapuze-10\/#breadcrumb"},"inLanguage":"fr-FR","potentialAction":[{"@type":"ReadAction","target":["https:\/\/schweizversand.ch\/fr\/produkt\/everlast-herren-sweatshirt-mit-kapuze-10\/"]}]},{"@type":"ImageObject","inLanguage":"fr-FR","@id":"https:\/\/schweizversand.ch\/fr\/produkt\/everlast-herren-sweatshirt-mit-kapuze-10\/#primaryimage","url":"https:\/\/schweizversand.ch\/wp-content\/uploads\/2026\/02\/5596572136.jpg","contentUrl":"https:\/\/schweizversand.ch\/wp-content\/uploads\/2026\/02\/5596572136.jpg","width":683,"height":1024},{"@type":"BreadcrumbList","@id":"https:\/\/schweizversand.ch\/fr\/produkt\/everlast-herren-sweatshirt-mit-kapuze-10\/#breadcrumb","itemListElement":[{"@type":"ListItem","position":1,"name":"Startseite","item":"https:\/\/schweizversand.ch\/fr\/home\/"},{"@type":"ListItem","position":2,"name":"Boutique","item":"https:\/\/schweizversand.ch\/fr\/boutique\/"},{"@type":"ListItem","position":3,"name":"Mode","item":"https:\/\/schweizversand.ch\/fr\/produkt-kategorie\/mode-fr\/"},{"@type":"ListItem","position":4,"name":"Mode masculine","item":"https:\/\/schweizversand.ch\/fr\/produkt-kategorie\/mode-fr\/mode-masculine\/"},{"@type":"ListItem","position":5,"name":"V\u00eatements pour hommes","item":"https:\/\/schweizversand.ch\/fr\/produkt-kategorie\/mode-fr\/mode-masculine\/herrenbekleidung\/"},{"@type":"ListItem","position":6,"name":"Sweat \u00e0 capuche Everlast pour homme"}]},{"@type":"WebSite","@id":"https:\/\/schweizversand.ch\/fr\/#website","url":"https:\/\/schweizversand.ch\/fr\/","name":"Schweizer Shop f\u00fcr Sport, Spiel und Freizeit","description":"Gratisversand ab 50.- (netto), ab eigenem schweizer Lager, Lieferung innert 48h","publisher":{"@id":"https:\/\/schweizversand.ch\/fr\/#organization"},"alternateName":"Schweizversand.ch","potentialAction":[{"@type":"SearchAction","target":{"@type":"EntryPoint","urlTemplate":"https:\/\/schweizversand.ch\/fr\/?s={search_term_string}"},"query-input":{"@type":"PropertyValueSpecification","valueRequired":true,"valueName":"search_term_string"}}],"inLanguage":"fr-FR"},{"@type":"Organization","@id":"https:\/\/schweizversand.ch\/fr\/#organization","name":"Schweizversand.ch","url":"https:\/\/schweizversand.ch\/fr\/","logo":{"@type":"ImageObject","inLanguage":"fr-FR","@id":"https:\/\/schweizversand.ch\/fr\/#\/schema\/logo\/image\/","url":"https:\/\/schweizversand.ch\/wp-content\/uploads\/2026\/03\/Logo_Rund_Final-1.png","contentUrl":"https:\/\/schweizversand.ch\/wp-content\/uploads\/2026\/03\/Logo_Rund_Final-1.png","width":404,"height":404,"caption":"Schweizversand.ch"},"image":{"@id":"https:\/\/schweizversand.ch\/fr\/#\/schema\/logo\/image\/"},"sameAs":["https:\/\/www.facebook.com\/Schweizversand","https:\/\/www.instagram.com\/schweizversand.ch\/"]}]}},"jetpack_sharing_enabled":true,"_links":{"self":[{"href":"https:\/\/schweizversand.ch\/fr\/wp-json\/wp\/v2\/product\/256214","targetHints":{"allow":["GET"]}}],"collection":[{"href":"https:\/\/schweizversand.ch\/fr\/wp-json\/wp\/v2\/product"}],"about":[{"href":"https:\/\/schweizversand.ch\/fr\/wp-json\/wp\/v2\/types\/product"}],"replies":[{"embeddable":true,"href":"https:\/\/schweizversand.ch\/fr\/wp-json\/wp\/v2\/comments?post=256214"}],"wp:featuredmedia":[{"embeddable":true,"href":"https:\/\/schweizversand.ch\/fr\/wp-json\/wp\/v2\/media\/262522"}],"wp:attachment":[{"href":"https:\/\/schweizversand.ch\/fr\/wp-json\/wp\/v2\/media?parent=256214"}],"wp:term":[{"taxonomy":"product_brand","embeddable":true,"href":"https:\/\/schweizversand.ch\/fr\/wp-json\/wp\/v2\/product_brand?post=256214"},{"taxonomy":"product_cat","embeddable":true,"href":"https:\/\/schweizversand.ch\/fr\/wp-json\/wp\/v2\/product_cat?post=256214"},{"taxonomy":"product_tag","embeddable":true,"href":"https:\/\/schweizversand.ch\/fr\/wp-json\/wp\/v2\/product_tag?post=256214"}],"curies":[{"name":"wp","href":"https:\/\/api.w.org\/{rel}","templated":true}]}}