{"id":256220,"date":"2026-03-15T00:28:11","date_gmt":"2026-03-14T23:28:11","guid":{"rendered":"https:\/\/schweizversand.ch\/produkt\/lamaze-mops-popper\/"},"modified":"2026-04-19T02:03:28","modified_gmt":"2026-04-19T00:03:28","slug":"lamaze-mops-popper","status":"publish","type":"product","link":"https:\/\/schweizversand.ch\/fr\/produkt\/lamaze-mops-popper\/","title":{"rendered":"Lamaze Pug Popper"},"content":{"rendered":"<h1><strong>Lamaze Pug Popper \u2013 Jouet d&rsquo;\u00e9veil<\/strong><\/h1>\n<div>Vous cherchez un jouet interactif et \u00e9ducatif qui ravira votre tout-petit tout en d\u00e9veloppant sa motricit\u00e9\u00a0? Le <strong>Lamaze Pug Popper<\/strong> est le jouet d&rsquo;\u00e9veil id\u00e9al, garantissant des heures de jeu et favorisant le d\u00e9veloppement de votre enfant d\u00e8s 18\u00a0mois.<\/p>\n<\/div>\n<div><strong>Fonction unique \u00ab\u00a0Prendre et \u00c9jecter\u00a0\u00bb<\/strong><br \/>Ce jouet sensoriel innovant pour b\u00e9b\u00e9 utilise une fonction \u00ab\u00a0Prendre et \u00c9jecter\u00a0\u00bb fascinante qui captivera instantan\u00e9ment l&rsquo;attention de votre enfant. Il lui suffit d&rsquo;appuyer sur l&rsquo;une des deux balles dans la gueule du carlin pour qu&rsquo;elle jaillisse avec un petit bruit amusant. Ce geste simple favorise la compr\u00e9hension de la relation de cause \u00e0 effet et procure une grande joie.<\/p>\n<\/div>\n<div><strong>Favoriser le d\u00e9veloppement de la petite enfance<\/strong><br \/>Le Pug Popper est sp\u00e9cialement con\u00e7u comme un jouet d&rsquo;\u00e9veil pour les enfants de 18 mois et plus, afin d&rsquo;encourager le jeu actif chez les tout-petits. Sa forme ergonomique permet \u00e0 votre enfant de le saisir facilement et l&rsquo;incite \u00e0 courir apr\u00e8s le carlin. C&rsquo;est le premier jouet id\u00e9al pour stimuler l&rsquo;\u00e9veil de votre enfant et favoriser le d\u00e9veloppement de sa motricit\u00e9 globale et de sa coordination \u0153il-main. Ses couleurs vives stimulent \u00e9galement la vue.<\/p>\n<\/div>\n<div><strong>Un jouet interactif id\u00e9al pour les tout-petits<\/strong><br \/>Les balles incluses pr\u00e9sentent plusieurs encoches, facilitant leur prise en main et le jeu avec les tout-petits. Cette caract\u00e9ristique favorise le d\u00e9veloppement de la motricit\u00e9 fine et du sens du toucher. Le Pug Popper de Lamaze est non seulement un jouet divertissant, mais aussi un pr\u00e9cieux outil d&rsquo;apprentissage qui \u00e9volue avec votre enfant. <\/p>\n<\/div>\n<div><strong>Qualit\u00e9 et confiance Lamaze<\/strong><br \/>Fabricant renomm\u00e9 de jouets pour b\u00e9b\u00e9s, Lamaze con\u00e7oit des produits bas\u00e9s sur une recherche approfondie afin de renforcer le lien parent-enfant et de favoriser un d\u00e9veloppement optimal. Avec ce jouet, vous offrez \u00e0 votre enfant non seulement du plaisir, mais aussi un sentiment de s\u00e9curit\u00e9 et de confort pendant qu&rsquo;il apprend en s&rsquo;amusant. <\/p>\n<\/div>\n<div><strong>Cadeau de naissance id\u00e9al<\/strong><br \/>Vous cherchez un cadeau original et de qualit\u00e9 pour de jeunes parents\u00a0? Le Lamaze Pug Popper est un excellent cadeau de naissance qui ravira les petits gar\u00e7ons et les petites filles d\u00e8s 18\u00a0mois. C&rsquo;est un cadeau attentionn\u00e9 qui met l&rsquo;accent sur le jeu actif et l&rsquo;apprentissage.<\/p>\n<\/div>\n<div><strong>Caract\u00e9ristiques et d\u00e9tails du produit<\/strong><br \/>&#8211; \u00c2ge recommand\u00e9\u00a0: \u00c0 partir de 18\u00a0mois<br \/>&#8211; Favorise\u00a0: la motricit\u00e9 globale, la motricit\u00e9 fine et la coordination \u0153il-main<br \/>&#8211; Fonction\u00a0: M\u00e9canisme interactif d&rsquo;extraction et de manipulation<br \/>&#8211; Poids\u00a0: Seulement 94,8\u00a0g<\/p>\n<\/div>\n<div>Investissez dans le d\u00e9veloppement et le plaisir de jeu de votre enfant. Commandez le Lamaze Pug Popper d\u00e8s aujourd&rsquo;hui et regardez votre tout-petit explorer le monde avec joie et am\u00e9liorer sa motricit\u00e9 tout en s&rsquo;amusant.<\/p>\n","protected":false},"excerpt":{"rendered":"<p>Lamaze Pug Popper \u2013 Jouet d&rsquo;\u00e9veil Vous cherchez un jouet interactif et \u00e9ducatif qui ravira votre tout-petit tout en d\u00e9veloppant sa motricit\u00e9\u00a0? Le Lamaze Pug Popper est le jouet d&rsquo;\u00e9veil id\u00e9al, garantissant des heures de jeu et favorisant le d\u00e9veloppement de votre enfant d\u00e8s 18\u00a0mois. Fonction unique \u00ab\u00a0Prendre et \u00c9jecter\u00a0\u00bbCe jouet sensoriel innovant pour b\u00e9b\u00e9 utilise une fonction \u00ab\u00a0Prendre et \u00c9jecter\u00a0\u00bb fascinante qui captivera instantan\u00e9ment l&rsquo;attention de votre enfant. Il lui suffit d&rsquo;appuyer sur l&rsquo;une&hellip;<\/p>\n","protected":false},"featured_media":158506,"comment_status":"open","ping_status":"closed","template":"","meta":[],"product_brand":[],"product_cat":[38119],"product_tag":[],"class_list":{"0":"post-256220","1":"product","2":"type-product","3":"status-publish","4":"has-post-thumbnail","6":"product_cat-spielsets","7":"product_shipping_class-global_methods","9":"first","10":"instock","11":"taxable","12":"shipping-taxable","13":"purchasable","14":"product-type-simple"},"yoast_head":"<!-- This site is optimized with the Yoast SEO plugin v27.4 - https:\/\/yoast.com\/product\/yoast-seo-wordpress\/ -->\n<title>Lamaze Mops Popper | Jetzt kaufen | Schweizversand.ch<\/title>\n<meta name=\"description\" content=\"Lamaze Mops Popper g\u00fcnstig kaufen bei Schweizversand.ch. Schnelle Lieferung in der Schweiz. Gratisversand ab CHF 50.\" \/>\n<meta name=\"robots\" content=\"index, follow, max-snippet:-1, max-image-preview:large, max-video-preview:-1\" \/>\n<link rel=\"canonical\" href=\"https:\/\/schweizversand.ch\/fr\/produkt\/lamaze-mops-popper\/\" \/>\n<meta property=\"og:locale\" content=\"fr_FR\" \/>\n<meta property=\"og:type\" content=\"article\" \/>\n<meta property=\"og:title\" content=\"Lamaze Mops Popper | Jetzt kaufen | Schweizversand.ch\" \/>\n<meta property=\"og:description\" content=\"Lamaze Mops Popper g\u00fcnstig kaufen bei Schweizversand.ch. Schnelle Lieferung in der Schweiz. Gratisversand ab CHF 50.\" \/>\n<meta property=\"og:url\" content=\"https:\/\/schweizversand.ch\/fr\/produkt\/lamaze-mops-popper\/\" \/>\n<meta property=\"og:site_name\" content=\"Schweizer Shop f\u00fcr Sport, Spiel und Freizeit\" \/>\n<meta property=\"article:publisher\" content=\"https:\/\/www.facebook.com\/Schweizversand\" \/>\n<meta property=\"article:modified_time\" content=\"2026-04-19T00:03:28+00:00\" \/>\n<meta property=\"og:image\" content=\"https:\/\/schweizversand.ch\/wp-content\/uploads\/2026\/02\/5472108370.jpg\" \/>\n\t<meta property=\"og:image:width\" content=\"1024\" \/>\n\t<meta property=\"og:image:height\" content=\"1024\" \/>\n\t<meta property=\"og:image:type\" content=\"image\/jpeg\" \/>\n<meta name=\"twitter:card\" content=\"summary_large_image\" \/>\n<meta name=\"twitter:label1\" content=\"Dur\u00e9e de lecture estim\u00e9e\" \/>\n\t<meta name=\"twitter:data1\" content=\"2 minutes\" \/>\n<script type=\"application\/ld+json\" class=\"yoast-schema-graph\">{\"@context\":\"https:\\\/\\\/schema.org\",\"@graph\":[{\"@type\":\"WebPage\",\"@id\":\"https:\\\/\\\/schweizversand.ch\\\/fr\\\/produkt\\\/lamaze-mops-popper\\\/\",\"url\":\"https:\\\/\\\/schweizversand.ch\\\/fr\\\/produkt\\\/lamaze-mops-popper\\\/\",\"name\":\"Lamaze Mops Popper | Jetzt kaufen | Schweizversand.ch\",\"isPartOf\":{\"@id\":\"https:\\\/\\\/schweizversand.ch\\\/fr\\\/#website\"},\"primaryImageOfPage\":{\"@id\":\"https:\\\/\\\/schweizversand.ch\\\/fr\\\/produkt\\\/lamaze-mops-popper\\\/#primaryimage\"},\"image\":{\"@id\":\"https:\\\/\\\/schweizversand.ch\\\/fr\\\/produkt\\\/lamaze-mops-popper\\\/#primaryimage\"},\"thumbnailUrl\":\"https:\\\/\\\/schweizversand.ch\\\/wp-content\\\/uploads\\\/2026\\\/02\\\/5472108370.jpg\",\"datePublished\":\"2026-03-14T23:28:11+00:00\",\"dateModified\":\"2026-04-19T00:03:28+00:00\",\"description\":\"Lamaze Mops Popper g\u00fcnstig kaufen bei Schweizversand.ch. Schnelle Lieferung in der Schweiz. Gratisversand ab CHF 50.\",\"breadcrumb\":{\"@id\":\"https:\\\/\\\/schweizversand.ch\\\/fr\\\/produkt\\\/lamaze-mops-popper\\\/#breadcrumb\"},\"inLanguage\":\"fr-FR\",\"potentialAction\":[{\"@type\":\"ReadAction\",\"target\":[\"https:\\\/\\\/schweizversand.ch\\\/fr\\\/produkt\\\/lamaze-mops-popper\\\/\"]}]},{\"@type\":\"ImageObject\",\"inLanguage\":\"fr-FR\",\"@id\":\"https:\\\/\\\/schweizversand.ch\\\/fr\\\/produkt\\\/lamaze-mops-popper\\\/#primaryimage\",\"url\":\"https:\\\/\\\/schweizversand.ch\\\/wp-content\\\/uploads\\\/2026\\\/02\\\/5472108370.jpg\",\"contentUrl\":\"https:\\\/\\\/schweizversand.ch\\\/wp-content\\\/uploads\\\/2026\\\/02\\\/5472108370.jpg\",\"width\":1024,\"height\":1024},{\"@type\":\"BreadcrumbList\",\"@id\":\"https:\\\/\\\/schweizversand.ch\\\/fr\\\/produkt\\\/lamaze-mops-popper\\\/#breadcrumb\",\"itemListElement\":[{\"@type\":\"ListItem\",\"position\":1,\"name\":\"Startseite\",\"item\":\"https:\\\/\\\/schweizversand.ch\\\/fr\\\/home\\\/\"},{\"@type\":\"ListItem\",\"position\":2,\"name\":\"Boutique\",\"item\":\"https:\\\/\\\/schweizversand.ch\\\/fr\\\/boutique\\\/\"},{\"@type\":\"ListItem\",\"position\":3,\"name\":\"B\u00e9b\u00e9 et parents\",\"item\":\"https:\\\/\\\/schweizversand.ch\\\/fr\\\/produkt-kategorie\\\/bebe-et-parents\\\/\"},{\"@type\":\"ListItem\",\"position\":4,\"name\":\"Jouets pour b\u00e9b\u00e9s\",\"item\":\"https:\\\/\\\/schweizversand.ch\\\/fr\\\/produkt-kategorie\\\/bebe-et-parents\\\/jouets-pour-bebes\\\/\"},{\"@type\":\"ListItem\",\"position\":5,\"name\":\"Coffrets de jeu\",\"item\":\"https:\\\/\\\/schweizversand.ch\\\/fr\\\/produkt-kategorie\\\/bebe-et-parents\\\/jouets-pour-bebes\\\/spielsets\\\/\"},{\"@type\":\"ListItem\",\"position\":6,\"name\":\"Lamaze Pug Popper\"}]},{\"@type\":\"WebSite\",\"@id\":\"https:\\\/\\\/schweizversand.ch\\\/fr\\\/#website\",\"url\":\"https:\\\/\\\/schweizversand.ch\\\/fr\\\/\",\"name\":\"Schweizer Shop f\u00fcr Sport, Spiel und Freizeit\",\"description\":\"Gratisversand ab 50.- (netto), ab eigenem schweizer Lager, Lieferung innert 48h\",\"publisher\":{\"@id\":\"https:\\\/\\\/schweizversand.ch\\\/fr\\\/#organization\"},\"alternateName\":\"Schweizversand.ch\",\"potentialAction\":[{\"@type\":\"SearchAction\",\"target\":{\"@type\":\"EntryPoint\",\"urlTemplate\":\"https:\\\/\\\/schweizversand.ch\\\/fr\\\/?s={search_term_string}\"},\"query-input\":{\"@type\":\"PropertyValueSpecification\",\"valueRequired\":true,\"valueName\":\"search_term_string\"}}],\"inLanguage\":\"fr-FR\"},{\"@type\":\"Organization\",\"@id\":\"https:\\\/\\\/schweizversand.ch\\\/fr\\\/#organization\",\"name\":\"Schweizversand.ch\",\"url\":\"https:\\\/\\\/schweizversand.ch\\\/fr\\\/\",\"logo\":{\"@type\":\"ImageObject\",\"inLanguage\":\"fr-FR\",\"@id\":\"https:\\\/\\\/schweizversand.ch\\\/fr\\\/#\\\/schema\\\/logo\\\/image\\\/\",\"url\":\"https:\\\/\\\/schweizversand.ch\\\/wp-content\\\/uploads\\\/2026\\\/03\\\/Logo_Rund_Final-1.png\",\"contentUrl\":\"https:\\\/\\\/schweizversand.ch\\\/wp-content\\\/uploads\\\/2026\\\/03\\\/Logo_Rund_Final-1.png\",\"width\":404,\"height\":404,\"caption\":\"Schweizversand.ch\"},\"image\":{\"@id\":\"https:\\\/\\\/schweizversand.ch\\\/fr\\\/#\\\/schema\\\/logo\\\/image\\\/\"},\"sameAs\":[\"https:\\\/\\\/www.facebook.com\\\/Schweizversand\",\"https:\\\/\\\/www.instagram.com\\\/schweizversand.ch\\\/\"]}]}<\/script>\n<!-- \/ Yoast SEO plugin. -->","yoast_head_json":{"title":"Lamaze Mops Popper | Jetzt kaufen | Schweizversand.ch","description":"Lamaze Mops Popper g\u00fcnstig kaufen bei Schweizversand.ch. Schnelle Lieferung in der Schweiz. Gratisversand ab CHF 50.","robots":{"index":"index","follow":"follow","max-snippet":"max-snippet:-1","max-image-preview":"max-image-preview:large","max-video-preview":"max-video-preview:-1"},"canonical":"https:\/\/schweizversand.ch\/fr\/produkt\/lamaze-mops-popper\/","og_locale":"fr_FR","og_type":"article","og_title":"Lamaze Mops Popper | Jetzt kaufen | Schweizversand.ch","og_description":"Lamaze Mops Popper g\u00fcnstig kaufen bei Schweizversand.ch. Schnelle Lieferung in der Schweiz. Gratisversand ab CHF 50.","og_url":"https:\/\/schweizversand.ch\/fr\/produkt\/lamaze-mops-popper\/","og_site_name":"Schweizer Shop f\u00fcr Sport, Spiel und Freizeit","article_publisher":"https:\/\/www.facebook.com\/Schweizversand","article_modified_time":"2026-04-19T00:03:28+00:00","og_image":[{"width":1024,"height":1024,"url":"https:\/\/schweizversand.ch\/wp-content\/uploads\/2026\/02\/5472108370.jpg","type":"image\/jpeg"}],"twitter_card":"summary_large_image","twitter_misc":{"Dur\u00e9e de lecture estim\u00e9e":"2 minutes"},"schema":{"@context":"https:\/\/schema.org","@graph":[{"@type":"WebPage","@id":"https:\/\/schweizversand.ch\/fr\/produkt\/lamaze-mops-popper\/","url":"https:\/\/schweizversand.ch\/fr\/produkt\/lamaze-mops-popper\/","name":"Lamaze Mops Popper | Jetzt kaufen | Schweizversand.ch","isPartOf":{"@id":"https:\/\/schweizversand.ch\/fr\/#website"},"primaryImageOfPage":{"@id":"https:\/\/schweizversand.ch\/fr\/produkt\/lamaze-mops-popper\/#primaryimage"},"image":{"@id":"https:\/\/schweizversand.ch\/fr\/produkt\/lamaze-mops-popper\/#primaryimage"},"thumbnailUrl":"https:\/\/schweizversand.ch\/wp-content\/uploads\/2026\/02\/5472108370.jpg","datePublished":"2026-03-14T23:28:11+00:00","dateModified":"2026-04-19T00:03:28+00:00","description":"Lamaze Mops Popper g\u00fcnstig kaufen bei Schweizversand.ch. Schnelle Lieferung in der Schweiz. Gratisversand ab CHF 50.","breadcrumb":{"@id":"https:\/\/schweizversand.ch\/fr\/produkt\/lamaze-mops-popper\/#breadcrumb"},"inLanguage":"fr-FR","potentialAction":[{"@type":"ReadAction","target":["https:\/\/schweizversand.ch\/fr\/produkt\/lamaze-mops-popper\/"]}]},{"@type":"ImageObject","inLanguage":"fr-FR","@id":"https:\/\/schweizversand.ch\/fr\/produkt\/lamaze-mops-popper\/#primaryimage","url":"https:\/\/schweizversand.ch\/wp-content\/uploads\/2026\/02\/5472108370.jpg","contentUrl":"https:\/\/schweizversand.ch\/wp-content\/uploads\/2026\/02\/5472108370.jpg","width":1024,"height":1024},{"@type":"BreadcrumbList","@id":"https:\/\/schweizversand.ch\/fr\/produkt\/lamaze-mops-popper\/#breadcrumb","itemListElement":[{"@type":"ListItem","position":1,"name":"Startseite","item":"https:\/\/schweizversand.ch\/fr\/home\/"},{"@type":"ListItem","position":2,"name":"Boutique","item":"https:\/\/schweizversand.ch\/fr\/boutique\/"},{"@type":"ListItem","position":3,"name":"B\u00e9b\u00e9 et parents","item":"https:\/\/schweizversand.ch\/fr\/produkt-kategorie\/bebe-et-parents\/"},{"@type":"ListItem","position":4,"name":"Jouets pour b\u00e9b\u00e9s","item":"https:\/\/schweizversand.ch\/fr\/produkt-kategorie\/bebe-et-parents\/jouets-pour-bebes\/"},{"@type":"ListItem","position":5,"name":"Coffrets de jeu","item":"https:\/\/schweizversand.ch\/fr\/produkt-kategorie\/bebe-et-parents\/jouets-pour-bebes\/spielsets\/"},{"@type":"ListItem","position":6,"name":"Lamaze Pug Popper"}]},{"@type":"WebSite","@id":"https:\/\/schweizversand.ch\/fr\/#website","url":"https:\/\/schweizversand.ch\/fr\/","name":"Schweizer Shop f\u00fcr Sport, Spiel und Freizeit","description":"Gratisversand ab 50.- (netto), ab eigenem schweizer Lager, Lieferung innert 48h","publisher":{"@id":"https:\/\/schweizversand.ch\/fr\/#organization"},"alternateName":"Schweizversand.ch","potentialAction":[{"@type":"SearchAction","target":{"@type":"EntryPoint","urlTemplate":"https:\/\/schweizversand.ch\/fr\/?s={search_term_string}"},"query-input":{"@type":"PropertyValueSpecification","valueRequired":true,"valueName":"search_term_string"}}],"inLanguage":"fr-FR"},{"@type":"Organization","@id":"https:\/\/schweizversand.ch\/fr\/#organization","name":"Schweizversand.ch","url":"https:\/\/schweizversand.ch\/fr\/","logo":{"@type":"ImageObject","inLanguage":"fr-FR","@id":"https:\/\/schweizversand.ch\/fr\/#\/schema\/logo\/image\/","url":"https:\/\/schweizversand.ch\/wp-content\/uploads\/2026\/03\/Logo_Rund_Final-1.png","contentUrl":"https:\/\/schweizversand.ch\/wp-content\/uploads\/2026\/03\/Logo_Rund_Final-1.png","width":404,"height":404,"caption":"Schweizversand.ch"},"image":{"@id":"https:\/\/schweizversand.ch\/fr\/#\/schema\/logo\/image\/"},"sameAs":["https:\/\/www.facebook.com\/Schweizversand","https:\/\/www.instagram.com\/schweizversand.ch\/"]}]}},"jetpack_sharing_enabled":true,"_links":{"self":[{"href":"https:\/\/schweizversand.ch\/fr\/wp-json\/wp\/v2\/product\/256220","targetHints":{"allow":["GET"]}}],"collection":[{"href":"https:\/\/schweizversand.ch\/fr\/wp-json\/wp\/v2\/product"}],"about":[{"href":"https:\/\/schweizversand.ch\/fr\/wp-json\/wp\/v2\/types\/product"}],"replies":[{"embeddable":true,"href":"https:\/\/schweizversand.ch\/fr\/wp-json\/wp\/v2\/comments?post=256220"}],"wp:featuredmedia":[{"embeddable":true,"href":"https:\/\/schweizversand.ch\/fr\/wp-json\/wp\/v2\/media\/158506"}],"wp:attachment":[{"href":"https:\/\/schweizversand.ch\/fr\/wp-json\/wp\/v2\/media?parent=256220"}],"wp:term":[{"taxonomy":"product_brand","embeddable":true,"href":"https:\/\/schweizversand.ch\/fr\/wp-json\/wp\/v2\/product_brand?post=256220"},{"taxonomy":"product_cat","embeddable":true,"href":"https:\/\/schweizversand.ch\/fr\/wp-json\/wp\/v2\/product_cat?post=256220"},{"taxonomy":"product_tag","embeddable":true,"href":"https:\/\/schweizversand.ch\/fr\/wp-json\/wp\/v2\/product_tag?post=256220"}],"curies":[{"name":"wp","href":"https:\/\/api.w.org\/{rel}","templated":true}]}}