{"id":256225,"date":"2026-03-15T00:54:11","date_gmt":"2026-03-14T23:54:11","guid":{"rendered":"https:\/\/schweizversand.ch\/produkt\/champ-elektronische-taktiktafel-fuer-unihockey\/"},"modified":"2026-04-28T15:34:03","modified_gmt":"2026-04-28T13:34:03","slug":"champ-elektronische-taktiktafel-fuer-unihockey","status":"publish","type":"product","link":"https:\/\/schweizversand.ch\/fr\/produkt\/champ-elektronische-taktiktafel-fuer-unihockey\/","title":{"rendered":"Tableau tactique \u00e9lectronique CHAMP pour floorball"},"content":{"rendered":"<h1><strong>Tableau tactique \u00e9lectronique Floorball 16 pouces<\/strong><\/h1>\n<div>Le tableau tactique \u00e9lectronique Floorball est l&rsquo;outil id\u00e9al pour les entra\u00eeneurs et les joueurs modernes. Ce tableau tactique de floorball innovant r\u00e9volutionne la cr\u00e9ation et la pr\u00e9sentation des strat\u00e9gies de jeu et rend vos s\u00e9ances d&rsquo;entra\u00eenement plus efficaces.<\/p>\n<\/div>\n<div><strong>Planification strat\u00e9gique professionnelle<\/strong><br \/>Gr\u00e2ce \u00e0 ce tableau de strat\u00e9gie sportive num\u00e9rique, vous communiquez les actions et les formations de mani\u00e8re claire et pr\u00e9cise. Le grand \u00e9cran LCD flexible de 16 pouces garantit que tous les joueurs peuvent imm\u00e9diatement comprendre et appliquer la strat\u00e9gie, sans reflets ni r\u00e9tro\u00e9clairage g\u00eanants.<\/p>\n<\/div>\n<div><strong>Fonctionnalit\u00e9s et facilit\u00e9 d&rsquo;utilisation<\/strong><br \/>Accessoire indispensable pour l&rsquo;entra\u00eenement au floorball, ce tableau offre des fonctions intuitives. Le stylet inclus permet un marquage pr\u00e9cis. Gr\u00e2ce au bouton d&rsquo;effacement en un clic, vous pouvez effacer tous les dessins en quelques secondes et passer rapidement \u00e0 l&rsquo;action suivante. S\u00e9curit\u00e9 et durabilit\u00e9 : Ce tableau tactique de floorball \u00e9tanche et r\u00e9sistant aux chutes est id\u00e9al pour un entra\u00eenement quotidien intensif. Son cadre en ABS de haute qualit\u00e9 offre une excellente r\u00e9sistance aux chocs et une prise en main confortable. Le verrouillage d&rsquo;\u00e9cran int\u00e9gr\u00e9 prot\u00e8ge vos strat\u00e9gies importantes contre toute suppression accidentelle, faisant de ce tableau un outil d&rsquo;entra\u00eenement fiable pour le floorball. D\u00e9tails du produit et contenu de la livraison : &#8211; Taille de l&rsquo;\u00e9cran : \u00c9cran LCD flexible de 40,6 cm (16 pouces) &#8211; Zone d&rsquo;\u00e9criture : 30,7 x 21,2 cm &#8211; Fonctionnalit\u00e9s : Bouton d&rsquo;effacement en un clic et verrouillage d&rsquo;\u00e9cran &#8211; Mat\u00e9riau : Cadre en ABS \u00e9tanche et r\u00e9sistant aux chutes &#8211; Inclus : 1 pile CR2025 &#8211; Inclus : 1 stylet. Utilisez ce tableau strat\u00e9gique num\u00e9rique pour guider efficacement vos \u00e9quipes et optimiser la communication de vos strat\u00e9gies de jeu. Faites la diff\u00e9rence sur le terrain !<\/p>\n","protected":false},"excerpt":{"rendered":"<p>Tableau tactique \u00e9lectronique Floorball 16 pouces Le tableau tactique \u00e9lectronique Floorball est l&rsquo;outil id\u00e9al pour les entra\u00eeneurs et les joueurs modernes. Ce tableau tactique de floorball innovant r\u00e9volutionne la cr\u00e9ation et la pr\u00e9sentation des strat\u00e9gies de jeu et rend vos s\u00e9ances d&rsquo;entra\u00eenement plus efficaces. Planification strat\u00e9gique professionnelleGr\u00e2ce \u00e0 ce tableau de strat\u00e9gie sportive num\u00e9rique, vous communiquez les actions et les formations de mani\u00e8re claire et pr\u00e9cise. Le grand \u00e9cran LCD flexible de 16 pouces garantit&hellip;<\/p>\n","protected":false},"featured_media":158700,"comment_status":"open","ping_status":"closed","template":"","meta":[],"product_brand":[],"product_cat":[39260],"product_tag":[],"class_list":{"0":"post-256225","1":"product","2":"type-product","3":"status-publish","4":"has-post-thumbnail","6":"product_cat-unihockey-2","7":"product_shipping_class-global_methods","9":"first","10":"instock","11":"taxable","12":"shipping-taxable","13":"purchasable","14":"product-type-simple"},"yoast_head":"<!-- This site is optimized with the Yoast SEO plugin v27.4 - https:\/\/yoast.com\/product\/yoast-seo-wordpress\/ -->\n<title>CHAMP Elektronische Taktiktafel f\u00fcr Unihockey | Jetzt kaufen | Schweizversand.ch<\/title>\n<meta name=\"description\" content=\"CHAMP Elektronische Taktiktafel f\u00fcr Unihockey g\u00fcnstig kaufen bei Schweizversand.ch. Schnelle Lieferung in der Schweiz. Gratisversand ab CHF 50.\" \/>\n<meta name=\"robots\" content=\"index, follow, max-snippet:-1, max-image-preview:large, max-video-preview:-1\" \/>\n<link rel=\"canonical\" href=\"https:\/\/schweizversand.ch\/fr\/produkt\/champ-elektronische-taktiktafel-fuer-unihockey\/\" \/>\n<meta property=\"og:locale\" content=\"fr_FR\" \/>\n<meta property=\"og:type\" content=\"article\" \/>\n<meta property=\"og:title\" content=\"CHAMP Elektronische Taktiktafel f\u00fcr Unihockey | Jetzt kaufen | Schweizversand.ch\" \/>\n<meta property=\"og:description\" content=\"CHAMP Elektronische Taktiktafel f\u00fcr Unihockey g\u00fcnstig kaufen bei Schweizversand.ch. Schnelle Lieferung in der Schweiz. Gratisversand ab CHF 50.\" \/>\n<meta property=\"og:url\" content=\"https:\/\/schweizversand.ch\/fr\/produkt\/champ-elektronische-taktiktafel-fuer-unihockey\/\" \/>\n<meta property=\"og:site_name\" content=\"Schweizer Shop f\u00fcr Sport, Spiel und Freizeit\" \/>\n<meta property=\"article:publisher\" content=\"https:\/\/www.facebook.com\/Schweizversand\" \/>\n<meta property=\"article:modified_time\" content=\"2026-04-28T13:34:03+00:00\" \/>\n<meta property=\"og:image\" content=\"https:\/\/schweizversand.ch\/wp-content\/uploads\/2026\/02\/5471841495.jpg\" \/>\n\t<meta property=\"og:image:width\" content=\"1024\" \/>\n\t<meta property=\"og:image:height\" content=\"1024\" \/>\n\t<meta property=\"og:image:type\" content=\"image\/jpeg\" \/>\n<meta name=\"twitter:card\" content=\"summary_large_image\" \/>\n<meta name=\"twitter:label1\" content=\"Dur\u00e9e de lecture estim\u00e9e\" \/>\n\t<meta name=\"twitter:data1\" content=\"2 minutes\" \/>\n<script type=\"application\/ld+json\" class=\"yoast-schema-graph\">{\"@context\":\"https:\\\/\\\/schema.org\",\"@graph\":[{\"@type\":\"WebPage\",\"@id\":\"https:\\\/\\\/schweizversand.ch\\\/fr\\\/produkt\\\/champ-elektronische-taktiktafel-fuer-unihockey\\\/\",\"url\":\"https:\\\/\\\/schweizversand.ch\\\/fr\\\/produkt\\\/champ-elektronische-taktiktafel-fuer-unihockey\\\/\",\"name\":\"CHAMP Elektronische Taktiktafel f\u00fcr Unihockey | Jetzt kaufen | Schweizversand.ch\",\"isPartOf\":{\"@id\":\"https:\\\/\\\/schweizversand.ch\\\/fr\\\/#website\"},\"primaryImageOfPage\":{\"@id\":\"https:\\\/\\\/schweizversand.ch\\\/fr\\\/produkt\\\/champ-elektronische-taktiktafel-fuer-unihockey\\\/#primaryimage\"},\"image\":{\"@id\":\"https:\\\/\\\/schweizversand.ch\\\/fr\\\/produkt\\\/champ-elektronische-taktiktafel-fuer-unihockey\\\/#primaryimage\"},\"thumbnailUrl\":\"https:\\\/\\\/schweizversand.ch\\\/wp-content\\\/uploads\\\/2026\\\/02\\\/5471841495.jpg\",\"datePublished\":\"2026-03-14T23:54:11+00:00\",\"dateModified\":\"2026-04-28T13:34:03+00:00\",\"description\":\"CHAMP Elektronische Taktiktafel f\u00fcr Unihockey g\u00fcnstig kaufen bei Schweizversand.ch. Schnelle Lieferung in der Schweiz. Gratisversand ab CHF 50.\",\"breadcrumb\":{\"@id\":\"https:\\\/\\\/schweizversand.ch\\\/fr\\\/produkt\\\/champ-elektronische-taktiktafel-fuer-unihockey\\\/#breadcrumb\"},\"inLanguage\":\"fr-FR\",\"potentialAction\":[{\"@type\":\"ReadAction\",\"target\":[\"https:\\\/\\\/schweizversand.ch\\\/fr\\\/produkt\\\/champ-elektronische-taktiktafel-fuer-unihockey\\\/\"]}]},{\"@type\":\"ImageObject\",\"inLanguage\":\"fr-FR\",\"@id\":\"https:\\\/\\\/schweizversand.ch\\\/fr\\\/produkt\\\/champ-elektronische-taktiktafel-fuer-unihockey\\\/#primaryimage\",\"url\":\"https:\\\/\\\/schweizversand.ch\\\/wp-content\\\/uploads\\\/2026\\\/02\\\/5471841495.jpg\",\"contentUrl\":\"https:\\\/\\\/schweizversand.ch\\\/wp-content\\\/uploads\\\/2026\\\/02\\\/5471841495.jpg\",\"width\":1024,\"height\":1024},{\"@type\":\"BreadcrumbList\",\"@id\":\"https:\\\/\\\/schweizversand.ch\\\/fr\\\/produkt\\\/champ-elektronische-taktiktafel-fuer-unihockey\\\/#breadcrumb\",\"itemListElement\":[{\"@type\":\"ListItem\",\"position\":1,\"name\":\"Startseite\",\"item\":\"https:\\\/\\\/schweizversand.ch\\\/fr\\\/home\\\/\"},{\"@type\":\"ListItem\",\"position\":2,\"name\":\"Boutique\",\"item\":\"https:\\\/\\\/schweizversand.ch\\\/fr\\\/boutique\\\/\"},{\"@type\":\"ListItem\",\"position\":3,\"name\":\"Sports\",\"item\":\"https:\\\/\\\/schweizversand.ch\\\/fr\\\/produkt-kategorie\\\/sports\\\/\"},{\"@type\":\"ListItem\",\"position\":4,\"name\":\"sports de balle et fl\u00e9chettes\",\"item\":\"https:\\\/\\\/schweizversand.ch\\\/fr\\\/produkt-kategorie\\\/sports\\\/sports-de-balle-et-flechettes\\\/\"},{\"@type\":\"ListItem\",\"position\":5,\"name\":\"Floorball\",\"item\":\"https:\\\/\\\/schweizversand.ch\\\/fr\\\/produkt-kategorie\\\/unihockey\\\/\"},{\"@type\":\"ListItem\",\"position\":6,\"name\":\"Tableau tactique \u00e9lectronique CHAMP pour floorball\"}]},{\"@type\":\"WebSite\",\"@id\":\"https:\\\/\\\/schweizversand.ch\\\/fr\\\/#website\",\"url\":\"https:\\\/\\\/schweizversand.ch\\\/fr\\\/\",\"name\":\"Schweizer Shop f\u00fcr Sport, Spiel und Freizeit\",\"description\":\"Gratisversand ab 50.- (netto), ab eigenem schweizer Lager, Lieferung innert 48h\",\"publisher\":{\"@id\":\"https:\\\/\\\/schweizversand.ch\\\/fr\\\/#organization\"},\"alternateName\":\"Schweizversand.ch\",\"potentialAction\":[{\"@type\":\"SearchAction\",\"target\":{\"@type\":\"EntryPoint\",\"urlTemplate\":\"https:\\\/\\\/schweizversand.ch\\\/fr\\\/?s={search_term_string}\"},\"query-input\":{\"@type\":\"PropertyValueSpecification\",\"valueRequired\":true,\"valueName\":\"search_term_string\"}}],\"inLanguage\":\"fr-FR\"},{\"@type\":\"Organization\",\"@id\":\"https:\\\/\\\/schweizversand.ch\\\/fr\\\/#organization\",\"name\":\"Schweizversand.ch\",\"url\":\"https:\\\/\\\/schweizversand.ch\\\/fr\\\/\",\"logo\":{\"@type\":\"ImageObject\",\"inLanguage\":\"fr-FR\",\"@id\":\"https:\\\/\\\/schweizversand.ch\\\/fr\\\/#\\\/schema\\\/logo\\\/image\\\/\",\"url\":\"https:\\\/\\\/schweizversand.ch\\\/wp-content\\\/uploads\\\/2026\\\/03\\\/Logo_Rund_Final-1.png\",\"contentUrl\":\"https:\\\/\\\/schweizversand.ch\\\/wp-content\\\/uploads\\\/2026\\\/03\\\/Logo_Rund_Final-1.png\",\"width\":404,\"height\":404,\"caption\":\"Schweizversand.ch\"},\"image\":{\"@id\":\"https:\\\/\\\/schweizversand.ch\\\/fr\\\/#\\\/schema\\\/logo\\\/image\\\/\"},\"sameAs\":[\"https:\\\/\\\/www.facebook.com\\\/Schweizversand\",\"https:\\\/\\\/www.instagram.com\\\/schweizversand.ch\\\/\"]}]}<\/script>\n<!-- \/ Yoast SEO plugin. -->","yoast_head_json":{"title":"CHAMP Elektronische Taktiktafel f\u00fcr Unihockey | Jetzt kaufen | Schweizversand.ch","description":"CHAMP Elektronische Taktiktafel f\u00fcr Unihockey g\u00fcnstig kaufen bei Schweizversand.ch. Schnelle Lieferung in der Schweiz. Gratisversand ab CHF 50.","robots":{"index":"index","follow":"follow","max-snippet":"max-snippet:-1","max-image-preview":"max-image-preview:large","max-video-preview":"max-video-preview:-1"},"canonical":"https:\/\/schweizversand.ch\/fr\/produkt\/champ-elektronische-taktiktafel-fuer-unihockey\/","og_locale":"fr_FR","og_type":"article","og_title":"CHAMP Elektronische Taktiktafel f\u00fcr Unihockey | Jetzt kaufen | Schweizversand.ch","og_description":"CHAMP Elektronische Taktiktafel f\u00fcr Unihockey g\u00fcnstig kaufen bei Schweizversand.ch. Schnelle Lieferung in der Schweiz. Gratisversand ab CHF 50.","og_url":"https:\/\/schweizversand.ch\/fr\/produkt\/champ-elektronische-taktiktafel-fuer-unihockey\/","og_site_name":"Schweizer Shop f\u00fcr Sport, Spiel und Freizeit","article_publisher":"https:\/\/www.facebook.com\/Schweizversand","article_modified_time":"2026-04-28T13:34:03+00:00","og_image":[{"width":1024,"height":1024,"url":"https:\/\/schweizversand.ch\/wp-content\/uploads\/2026\/02\/5471841495.jpg","type":"image\/jpeg"}],"twitter_card":"summary_large_image","twitter_misc":{"Dur\u00e9e de lecture estim\u00e9e":"2 minutes"},"schema":{"@context":"https:\/\/schema.org","@graph":[{"@type":"WebPage","@id":"https:\/\/schweizversand.ch\/fr\/produkt\/champ-elektronische-taktiktafel-fuer-unihockey\/","url":"https:\/\/schweizversand.ch\/fr\/produkt\/champ-elektronische-taktiktafel-fuer-unihockey\/","name":"CHAMP Elektronische Taktiktafel f\u00fcr Unihockey | Jetzt kaufen | Schweizversand.ch","isPartOf":{"@id":"https:\/\/schweizversand.ch\/fr\/#website"},"primaryImageOfPage":{"@id":"https:\/\/schweizversand.ch\/fr\/produkt\/champ-elektronische-taktiktafel-fuer-unihockey\/#primaryimage"},"image":{"@id":"https:\/\/schweizversand.ch\/fr\/produkt\/champ-elektronische-taktiktafel-fuer-unihockey\/#primaryimage"},"thumbnailUrl":"https:\/\/schweizversand.ch\/wp-content\/uploads\/2026\/02\/5471841495.jpg","datePublished":"2026-03-14T23:54:11+00:00","dateModified":"2026-04-28T13:34:03+00:00","description":"CHAMP Elektronische Taktiktafel f\u00fcr Unihockey g\u00fcnstig kaufen bei Schweizversand.ch. Schnelle Lieferung in der Schweiz. Gratisversand ab CHF 50.","breadcrumb":{"@id":"https:\/\/schweizversand.ch\/fr\/produkt\/champ-elektronische-taktiktafel-fuer-unihockey\/#breadcrumb"},"inLanguage":"fr-FR","potentialAction":[{"@type":"ReadAction","target":["https:\/\/schweizversand.ch\/fr\/produkt\/champ-elektronische-taktiktafel-fuer-unihockey\/"]}]},{"@type":"ImageObject","inLanguage":"fr-FR","@id":"https:\/\/schweizversand.ch\/fr\/produkt\/champ-elektronische-taktiktafel-fuer-unihockey\/#primaryimage","url":"https:\/\/schweizversand.ch\/wp-content\/uploads\/2026\/02\/5471841495.jpg","contentUrl":"https:\/\/schweizversand.ch\/wp-content\/uploads\/2026\/02\/5471841495.jpg","width":1024,"height":1024},{"@type":"BreadcrumbList","@id":"https:\/\/schweizversand.ch\/fr\/produkt\/champ-elektronische-taktiktafel-fuer-unihockey\/#breadcrumb","itemListElement":[{"@type":"ListItem","position":1,"name":"Startseite","item":"https:\/\/schweizversand.ch\/fr\/home\/"},{"@type":"ListItem","position":2,"name":"Boutique","item":"https:\/\/schweizversand.ch\/fr\/boutique\/"},{"@type":"ListItem","position":3,"name":"Sports","item":"https:\/\/schweizversand.ch\/fr\/produkt-kategorie\/sports\/"},{"@type":"ListItem","position":4,"name":"sports de balle et fl\u00e9chettes","item":"https:\/\/schweizversand.ch\/fr\/produkt-kategorie\/sports\/sports-de-balle-et-flechettes\/"},{"@type":"ListItem","position":5,"name":"Floorball","item":"https:\/\/schweizversand.ch\/fr\/produkt-kategorie\/unihockey\/"},{"@type":"ListItem","position":6,"name":"Tableau tactique \u00e9lectronique CHAMP pour floorball"}]},{"@type":"WebSite","@id":"https:\/\/schweizversand.ch\/fr\/#website","url":"https:\/\/schweizversand.ch\/fr\/","name":"Schweizer Shop f\u00fcr Sport, Spiel und Freizeit","description":"Gratisversand ab 50.- (netto), ab eigenem schweizer Lager, Lieferung innert 48h","publisher":{"@id":"https:\/\/schweizversand.ch\/fr\/#organization"},"alternateName":"Schweizversand.ch","potentialAction":[{"@type":"SearchAction","target":{"@type":"EntryPoint","urlTemplate":"https:\/\/schweizversand.ch\/fr\/?s={search_term_string}"},"query-input":{"@type":"PropertyValueSpecification","valueRequired":true,"valueName":"search_term_string"}}],"inLanguage":"fr-FR"},{"@type":"Organization","@id":"https:\/\/schweizversand.ch\/fr\/#organization","name":"Schweizversand.ch","url":"https:\/\/schweizversand.ch\/fr\/","logo":{"@type":"ImageObject","inLanguage":"fr-FR","@id":"https:\/\/schweizversand.ch\/fr\/#\/schema\/logo\/image\/","url":"https:\/\/schweizversand.ch\/wp-content\/uploads\/2026\/03\/Logo_Rund_Final-1.png","contentUrl":"https:\/\/schweizversand.ch\/wp-content\/uploads\/2026\/03\/Logo_Rund_Final-1.png","width":404,"height":404,"caption":"Schweizversand.ch"},"image":{"@id":"https:\/\/schweizversand.ch\/fr\/#\/schema\/logo\/image\/"},"sameAs":["https:\/\/www.facebook.com\/Schweizversand","https:\/\/www.instagram.com\/schweizversand.ch\/"]}]}},"jetpack_sharing_enabled":true,"_links":{"self":[{"href":"https:\/\/schweizversand.ch\/fr\/wp-json\/wp\/v2\/product\/256225","targetHints":{"allow":["GET"]}}],"collection":[{"href":"https:\/\/schweizversand.ch\/fr\/wp-json\/wp\/v2\/product"}],"about":[{"href":"https:\/\/schweizversand.ch\/fr\/wp-json\/wp\/v2\/types\/product"}],"replies":[{"embeddable":true,"href":"https:\/\/schweizversand.ch\/fr\/wp-json\/wp\/v2\/comments?post=256225"}],"wp:featuredmedia":[{"embeddable":true,"href":"https:\/\/schweizversand.ch\/fr\/wp-json\/wp\/v2\/media\/158700"}],"wp:attachment":[{"href":"https:\/\/schweizversand.ch\/fr\/wp-json\/wp\/v2\/media?parent=256225"}],"wp:term":[{"taxonomy":"product_brand","embeddable":true,"href":"https:\/\/schweizversand.ch\/fr\/wp-json\/wp\/v2\/product_brand?post=256225"},{"taxonomy":"product_cat","embeddable":true,"href":"https:\/\/schweizversand.ch\/fr\/wp-json\/wp\/v2\/product_cat?post=256225"},{"taxonomy":"product_tag","embeddable":true,"href":"https:\/\/schweizversand.ch\/fr\/wp-json\/wp\/v2\/product_tag?post=256225"}],"curies":[{"name":"wp","href":"https:\/\/api.w.org\/{rel}","templated":true}]}}