{"id":256262,"date":"2026-03-15T00:54:53","date_gmt":"2026-03-14T23:54:53","guid":{"rendered":"https:\/\/schweizversand.ch\/produkt\/hudora-2-transportraeder-zur-befestigung-an-rohren-mit-oe-38-mm-wb\/"},"modified":"2026-04-20T15:34:10","modified_gmt":"2026-04-20T13:34:10","slug":"hudora-2-transportraeder-zur-befestigung-an-rohren-mit-oe-38-mm-wb","status":"publish","type":"product","link":"https:\/\/schweizversand.ch\/fr\/produkt\/hudora-2-transportraeder-zur-befestigung-an-rohren-mit-oe-38-mm-wb\/","title":{"rendered":"Roues de transport Hudora 2 pour montage sur tubes de \u00f8 38 mm (WB)"},"content":{"rendered":"<p>Informations produit\u00a0: \u00ab\u00a02 roues de transport pour trampoline \u00e0 fixer sur tubes\u00a0\u00bb<\/p>\n<p>Accessoire pratique pour d\u00e9placer des \u00e9quipements volumineux tels que les trampolines de jardin. Les roues de transport innovantes HUDORA s\u00e9duisent par leur maniabilit\u00e9 et leur capacit\u00e9 de charge \u00e9lev\u00e9e.<\/p>\n<p>Roues adaptables \u00e0 tous les trampolines de jardin, buts et autres \u00e9quipements avec un diam\u00e8tre de tube maximal de 38\u00a0mm.<\/p>\n<p>Fabriqu\u00e9es en ABS haute r\u00e9sistance. Diam\u00e8tre\u00a0: 135\u00a0mm, largeur\u00a0: 45\u00a0mm.<\/p>\n<p>Gr\u00e2ce \u00e0 ces roues, d\u00e9placez votre trampoline rapidement et facilement. Que ce soit pour tondre la pelouse ou ranger votre trampoline pour l\u2019hiver, cet accessoire pratique vous permet de le d\u00e9placer en toute s\u00e9curit\u00e9 et confortablement, sans aide.<\/p>\n<p>Dimensions\u00a0: 130\u00a0x\u00a045\u00a0mm<\/p>\n<p>Pi\u00e8ce de rechange pour l\u2019article n\u00b0 65007, 65031, 65032, 65033, 65034, 65041, 65086, 65151, 65153, 65153\/02, 65185, 65185\/02, 65195, 65500, 65510, 65592<\/p>\n","protected":false},"excerpt":{"rendered":"<p>Informations produit\u00a0: \u00ab\u00a02 roues de transport pour trampoline \u00e0 fixer sur tubes\u00a0\u00bb Accessoire pratique pour d\u00e9placer des \u00e9quipements volumineux tels que les trampolines de jardin. Les roues de transport innovantes HUDORA s\u00e9duisent par leur maniabilit\u00e9 et leur capacit\u00e9 de charge \u00e9lev\u00e9e. Roues adaptables \u00e0 tous les trampolines de jardin, buts et autres \u00e9quipements avec un diam\u00e8tre de tube maximal de 38\u00a0mm. Fabriqu\u00e9es en ABS haute r\u00e9sistance. Diam\u00e8tre\u00a0: 135\u00a0mm, largeur\u00a0: 45\u00a0mm. Gr\u00e2ce \u00e0 ces roues, d\u00e9placez&hellip;<\/p>\n","protected":false},"featured_media":159299,"comment_status":"open","ping_status":"closed","template":"","meta":[],"product_brand":[],"product_cat":[38528],"product_tag":[],"class_list":{"0":"post-256262","1":"product","2":"type-product","3":"status-publish","4":"has-post-thumbnail","6":"product_cat-diverses","7":"product_shipping_class-global_methods","9":"first","10":"instock","11":"taxable","12":"shipping-taxable","13":"purchasable","14":"product-type-simple"},"yoast_head":"<!-- This site is optimized with the Yoast SEO plugin v27.4 - https:\/\/yoast.com\/product\/yoast-seo-wordpress\/ -->\n<title>Hudora 2 Transportr\u00e4der zur Befestigung an Rohren mit \u00f8 38 mm (WB) | Jetzt kaufen | Schweizversand.ch<\/title>\n<meta name=\"description\" content=\"Hudora 2 Transportr\u00e4der zur Befestigung an Rohren mit \u00f8 38 mm (WB) g\u00fcnstig kaufen bei Schweizversand.ch. Schnelle Lieferung in der Schweiz. Gratisversand ab CHF 50.\" \/>\n<meta name=\"robots\" content=\"index, follow, max-snippet:-1, max-image-preview:large, max-video-preview:-1\" \/>\n<link rel=\"canonical\" href=\"https:\/\/schweizversand.ch\/fr\/produkt\/hudora-2-transportraeder-zur-befestigung-an-rohren-mit-oe-38-mm-wb\/\" \/>\n<meta property=\"og:locale\" content=\"fr_FR\" \/>\n<meta property=\"og:type\" content=\"article\" \/>\n<meta property=\"og:title\" content=\"Hudora 2 Transportr\u00e4der zur Befestigung an Rohren mit \u00f8 38 mm (WB) | Jetzt kaufen | Schweizversand.ch\" \/>\n<meta property=\"og:description\" content=\"Hudora 2 Transportr\u00e4der zur Befestigung an Rohren mit \u00f8 38 mm (WB) g\u00fcnstig kaufen bei Schweizversand.ch. Schnelle Lieferung in der Schweiz. Gratisversand ab CHF 50.\" \/>\n<meta property=\"og:url\" content=\"https:\/\/schweizversand.ch\/fr\/produkt\/hudora-2-transportraeder-zur-befestigung-an-rohren-mit-oe-38-mm-wb\/\" \/>\n<meta property=\"og:site_name\" content=\"Schweizer Shop f\u00fcr Sport, Spiel und Freizeit\" \/>\n<meta property=\"article:publisher\" content=\"https:\/\/www.facebook.com\/Schweizversand\" \/>\n<meta property=\"article:modified_time\" content=\"2026-04-20T13:34:10+00:00\" \/>\n<meta property=\"og:image\" content=\"https:\/\/schweizversand.ch\/wp-content\/uploads\/2026\/02\/5471468714.jpg\" \/>\n\t<meta property=\"og:image:width\" content=\"1024\" \/>\n\t<meta property=\"og:image:height\" content=\"565\" \/>\n\t<meta property=\"og:image:type\" content=\"image\/jpeg\" \/>\n<meta name=\"twitter:card\" content=\"summary_large_image\" \/>\n<meta name=\"twitter:label1\" content=\"Dur\u00e9e de lecture estim\u00e9e\" \/>\n\t<meta name=\"twitter:data1\" content=\"1 minute\" \/>\n<script type=\"application\/ld+json\" class=\"yoast-schema-graph\">{\"@context\":\"https:\\\/\\\/schema.org\",\"@graph\":[{\"@type\":\"WebPage\",\"@id\":\"https:\\\/\\\/schweizversand.ch\\\/fr\\\/produkt\\\/hudora-2-transportraeder-zur-befestigung-an-rohren-mit-oe-38-mm-wb\\\/\",\"url\":\"https:\\\/\\\/schweizversand.ch\\\/fr\\\/produkt\\\/hudora-2-transportraeder-zur-befestigung-an-rohren-mit-oe-38-mm-wb\\\/\",\"name\":\"Hudora 2 Transportr\u00e4der zur Befestigung an Rohren mit \u00f8 38 mm (WB) | Jetzt kaufen | Schweizversand.ch\",\"isPartOf\":{\"@id\":\"https:\\\/\\\/schweizversand.ch\\\/fr\\\/#website\"},\"primaryImageOfPage\":{\"@id\":\"https:\\\/\\\/schweizversand.ch\\\/fr\\\/produkt\\\/hudora-2-transportraeder-zur-befestigung-an-rohren-mit-oe-38-mm-wb\\\/#primaryimage\"},\"image\":{\"@id\":\"https:\\\/\\\/schweizversand.ch\\\/fr\\\/produkt\\\/hudora-2-transportraeder-zur-befestigung-an-rohren-mit-oe-38-mm-wb\\\/#primaryimage\"},\"thumbnailUrl\":\"https:\\\/\\\/schweizversand.ch\\\/wp-content\\\/uploads\\\/2026\\\/02\\\/5471468714.jpg\",\"datePublished\":\"2026-03-14T23:54:53+00:00\",\"dateModified\":\"2026-04-20T13:34:10+00:00\",\"description\":\"Hudora 2 Transportr\u00e4der zur Befestigung an Rohren mit \u00f8 38 mm (WB) g\u00fcnstig kaufen bei Schweizversand.ch. Schnelle Lieferung in der Schweiz. Gratisversand ab CHF 50.\",\"breadcrumb\":{\"@id\":\"https:\\\/\\\/schweizversand.ch\\\/fr\\\/produkt\\\/hudora-2-transportraeder-zur-befestigung-an-rohren-mit-oe-38-mm-wb\\\/#breadcrumb\"},\"inLanguage\":\"fr-FR\",\"potentialAction\":[{\"@type\":\"ReadAction\",\"target\":[\"https:\\\/\\\/schweizversand.ch\\\/fr\\\/produkt\\\/hudora-2-transportraeder-zur-befestigung-an-rohren-mit-oe-38-mm-wb\\\/\"]}]},{\"@type\":\"ImageObject\",\"inLanguage\":\"fr-FR\",\"@id\":\"https:\\\/\\\/schweizversand.ch\\\/fr\\\/produkt\\\/hudora-2-transportraeder-zur-befestigung-an-rohren-mit-oe-38-mm-wb\\\/#primaryimage\",\"url\":\"https:\\\/\\\/schweizversand.ch\\\/wp-content\\\/uploads\\\/2026\\\/02\\\/5471468714.jpg\",\"contentUrl\":\"https:\\\/\\\/schweizversand.ch\\\/wp-content\\\/uploads\\\/2026\\\/02\\\/5471468714.jpg\",\"width\":1024,\"height\":565},{\"@type\":\"BreadcrumbList\",\"@id\":\"https:\\\/\\\/schweizversand.ch\\\/fr\\\/produkt\\\/hudora-2-transportraeder-zur-befestigung-an-rohren-mit-oe-38-mm-wb\\\/#breadcrumb\",\"itemListElement\":[{\"@type\":\"ListItem\",\"position\":1,\"name\":\"Startseite\",\"item\":\"https:\\\/\\\/schweizversand.ch\\\/fr\\\/home\\\/\"},{\"@type\":\"ListItem\",\"position\":2,\"name\":\"Boutique\",\"item\":\"https:\\\/\\\/schweizversand.ch\\\/fr\\\/boutique\\\/\"},{\"@type\":\"ListItem\",\"position\":3,\"name\":\"Pi\u00e8ces d\u00e9tach\u00e9es\",\"item\":\"https:\\\/\\\/schweizversand.ch\\\/fr\\\/produkt-kategorie\\\/pieces-detachees\\\/\"},{\"@type\":\"ListItem\",\"position\":4,\"name\":\"Hudora\",\"item\":\"https:\\\/\\\/schweizversand.ch\\\/fr\\\/produkt-kategorie\\\/pieces-detachees\\\/hudora\\\/\"},{\"@type\":\"ListItem\",\"position\":5,\"name\":\"Divers\",\"item\":\"https:\\\/\\\/schweizversand.ch\\\/fr\\\/produkt-kategorie\\\/pieces-detachees\\\/hudora\\\/diverses\\\/\"},{\"@type\":\"ListItem\",\"position\":6,\"name\":\"Roues de transport Hudora 2 pour montage sur tubes de \u00f8 38 mm (WB)\"}]},{\"@type\":\"WebSite\",\"@id\":\"https:\\\/\\\/schweizversand.ch\\\/fr\\\/#website\",\"url\":\"https:\\\/\\\/schweizversand.ch\\\/fr\\\/\",\"name\":\"Schweizer Shop f\u00fcr Sport, Spiel und Freizeit\",\"description\":\"Gratisversand ab 50.- (netto), ab eigenem schweizer Lager, Lieferung innert 48h\",\"publisher\":{\"@id\":\"https:\\\/\\\/schweizversand.ch\\\/fr\\\/#organization\"},\"alternateName\":\"Schweizversand.ch\",\"potentialAction\":[{\"@type\":\"SearchAction\",\"target\":{\"@type\":\"EntryPoint\",\"urlTemplate\":\"https:\\\/\\\/schweizversand.ch\\\/fr\\\/?s={search_term_string}\"},\"query-input\":{\"@type\":\"PropertyValueSpecification\",\"valueRequired\":true,\"valueName\":\"search_term_string\"}}],\"inLanguage\":\"fr-FR\"},{\"@type\":\"Organization\",\"@id\":\"https:\\\/\\\/schweizversand.ch\\\/fr\\\/#organization\",\"name\":\"Schweizversand.ch\",\"url\":\"https:\\\/\\\/schweizversand.ch\\\/fr\\\/\",\"logo\":{\"@type\":\"ImageObject\",\"inLanguage\":\"fr-FR\",\"@id\":\"https:\\\/\\\/schweizversand.ch\\\/fr\\\/#\\\/schema\\\/logo\\\/image\\\/\",\"url\":\"https:\\\/\\\/schweizversand.ch\\\/wp-content\\\/uploads\\\/2026\\\/03\\\/Logo_Rund_Final-1.png\",\"contentUrl\":\"https:\\\/\\\/schweizversand.ch\\\/wp-content\\\/uploads\\\/2026\\\/03\\\/Logo_Rund_Final-1.png\",\"width\":404,\"height\":404,\"caption\":\"Schweizversand.ch\"},\"image\":{\"@id\":\"https:\\\/\\\/schweizversand.ch\\\/fr\\\/#\\\/schema\\\/logo\\\/image\\\/\"},\"sameAs\":[\"https:\\\/\\\/www.facebook.com\\\/Schweizversand\",\"https:\\\/\\\/www.instagram.com\\\/schweizversand.ch\\\/\"]}]}<\/script>\n<!-- \/ Yoast SEO plugin. -->","yoast_head_json":{"title":"Hudora 2 Transportr\u00e4der zur Befestigung an Rohren mit \u00f8 38 mm (WB) | Jetzt kaufen | Schweizversand.ch","description":"Hudora 2 Transportr\u00e4der zur Befestigung an Rohren mit \u00f8 38 mm (WB) g\u00fcnstig kaufen bei Schweizversand.ch. Schnelle Lieferung in der Schweiz. Gratisversand ab CHF 50.","robots":{"index":"index","follow":"follow","max-snippet":"max-snippet:-1","max-image-preview":"max-image-preview:large","max-video-preview":"max-video-preview:-1"},"canonical":"https:\/\/schweizversand.ch\/fr\/produkt\/hudora-2-transportraeder-zur-befestigung-an-rohren-mit-oe-38-mm-wb\/","og_locale":"fr_FR","og_type":"article","og_title":"Hudora 2 Transportr\u00e4der zur Befestigung an Rohren mit \u00f8 38 mm (WB) | Jetzt kaufen | Schweizversand.ch","og_description":"Hudora 2 Transportr\u00e4der zur Befestigung an Rohren mit \u00f8 38 mm (WB) g\u00fcnstig kaufen bei Schweizversand.ch. Schnelle Lieferung in der Schweiz. Gratisversand ab CHF 50.","og_url":"https:\/\/schweizversand.ch\/fr\/produkt\/hudora-2-transportraeder-zur-befestigung-an-rohren-mit-oe-38-mm-wb\/","og_site_name":"Schweizer Shop f\u00fcr Sport, Spiel und Freizeit","article_publisher":"https:\/\/www.facebook.com\/Schweizversand","article_modified_time":"2026-04-20T13:34:10+00:00","og_image":[{"width":1024,"height":565,"url":"https:\/\/schweizversand.ch\/wp-content\/uploads\/2026\/02\/5471468714.jpg","type":"image\/jpeg"}],"twitter_card":"summary_large_image","twitter_misc":{"Dur\u00e9e de lecture estim\u00e9e":"1 minute"},"schema":{"@context":"https:\/\/schema.org","@graph":[{"@type":"WebPage","@id":"https:\/\/schweizversand.ch\/fr\/produkt\/hudora-2-transportraeder-zur-befestigung-an-rohren-mit-oe-38-mm-wb\/","url":"https:\/\/schweizversand.ch\/fr\/produkt\/hudora-2-transportraeder-zur-befestigung-an-rohren-mit-oe-38-mm-wb\/","name":"Hudora 2 Transportr\u00e4der zur Befestigung an Rohren mit \u00f8 38 mm (WB) | Jetzt kaufen | Schweizversand.ch","isPartOf":{"@id":"https:\/\/schweizversand.ch\/fr\/#website"},"primaryImageOfPage":{"@id":"https:\/\/schweizversand.ch\/fr\/produkt\/hudora-2-transportraeder-zur-befestigung-an-rohren-mit-oe-38-mm-wb\/#primaryimage"},"image":{"@id":"https:\/\/schweizversand.ch\/fr\/produkt\/hudora-2-transportraeder-zur-befestigung-an-rohren-mit-oe-38-mm-wb\/#primaryimage"},"thumbnailUrl":"https:\/\/schweizversand.ch\/wp-content\/uploads\/2026\/02\/5471468714.jpg","datePublished":"2026-03-14T23:54:53+00:00","dateModified":"2026-04-20T13:34:10+00:00","description":"Hudora 2 Transportr\u00e4der zur Befestigung an Rohren mit \u00f8 38 mm (WB) g\u00fcnstig kaufen bei Schweizversand.ch. Schnelle Lieferung in der Schweiz. Gratisversand ab CHF 50.","breadcrumb":{"@id":"https:\/\/schweizversand.ch\/fr\/produkt\/hudora-2-transportraeder-zur-befestigung-an-rohren-mit-oe-38-mm-wb\/#breadcrumb"},"inLanguage":"fr-FR","potentialAction":[{"@type":"ReadAction","target":["https:\/\/schweizversand.ch\/fr\/produkt\/hudora-2-transportraeder-zur-befestigung-an-rohren-mit-oe-38-mm-wb\/"]}]},{"@type":"ImageObject","inLanguage":"fr-FR","@id":"https:\/\/schweizversand.ch\/fr\/produkt\/hudora-2-transportraeder-zur-befestigung-an-rohren-mit-oe-38-mm-wb\/#primaryimage","url":"https:\/\/schweizversand.ch\/wp-content\/uploads\/2026\/02\/5471468714.jpg","contentUrl":"https:\/\/schweizversand.ch\/wp-content\/uploads\/2026\/02\/5471468714.jpg","width":1024,"height":565},{"@type":"BreadcrumbList","@id":"https:\/\/schweizversand.ch\/fr\/produkt\/hudora-2-transportraeder-zur-befestigung-an-rohren-mit-oe-38-mm-wb\/#breadcrumb","itemListElement":[{"@type":"ListItem","position":1,"name":"Startseite","item":"https:\/\/schweizversand.ch\/fr\/home\/"},{"@type":"ListItem","position":2,"name":"Boutique","item":"https:\/\/schweizversand.ch\/fr\/boutique\/"},{"@type":"ListItem","position":3,"name":"Pi\u00e8ces d\u00e9tach\u00e9es","item":"https:\/\/schweizversand.ch\/fr\/produkt-kategorie\/pieces-detachees\/"},{"@type":"ListItem","position":4,"name":"Hudora","item":"https:\/\/schweizversand.ch\/fr\/produkt-kategorie\/pieces-detachees\/hudora\/"},{"@type":"ListItem","position":5,"name":"Divers","item":"https:\/\/schweizversand.ch\/fr\/produkt-kategorie\/pieces-detachees\/hudora\/diverses\/"},{"@type":"ListItem","position":6,"name":"Roues de transport Hudora 2 pour montage sur tubes de \u00f8 38 mm (WB)"}]},{"@type":"WebSite","@id":"https:\/\/schweizversand.ch\/fr\/#website","url":"https:\/\/schweizversand.ch\/fr\/","name":"Schweizer Shop f\u00fcr Sport, Spiel und Freizeit","description":"Gratisversand ab 50.- (netto), ab eigenem schweizer Lager, Lieferung innert 48h","publisher":{"@id":"https:\/\/schweizversand.ch\/fr\/#organization"},"alternateName":"Schweizversand.ch","potentialAction":[{"@type":"SearchAction","target":{"@type":"EntryPoint","urlTemplate":"https:\/\/schweizversand.ch\/fr\/?s={search_term_string}"},"query-input":{"@type":"PropertyValueSpecification","valueRequired":true,"valueName":"search_term_string"}}],"inLanguage":"fr-FR"},{"@type":"Organization","@id":"https:\/\/schweizversand.ch\/fr\/#organization","name":"Schweizversand.ch","url":"https:\/\/schweizversand.ch\/fr\/","logo":{"@type":"ImageObject","inLanguage":"fr-FR","@id":"https:\/\/schweizversand.ch\/fr\/#\/schema\/logo\/image\/","url":"https:\/\/schweizversand.ch\/wp-content\/uploads\/2026\/03\/Logo_Rund_Final-1.png","contentUrl":"https:\/\/schweizversand.ch\/wp-content\/uploads\/2026\/03\/Logo_Rund_Final-1.png","width":404,"height":404,"caption":"Schweizversand.ch"},"image":{"@id":"https:\/\/schweizversand.ch\/fr\/#\/schema\/logo\/image\/"},"sameAs":["https:\/\/www.facebook.com\/Schweizversand","https:\/\/www.instagram.com\/schweizversand.ch\/"]}]}},"jetpack_sharing_enabled":true,"_links":{"self":[{"href":"https:\/\/schweizversand.ch\/fr\/wp-json\/wp\/v2\/product\/256262","targetHints":{"allow":["GET"]}}],"collection":[{"href":"https:\/\/schweizversand.ch\/fr\/wp-json\/wp\/v2\/product"}],"about":[{"href":"https:\/\/schweizversand.ch\/fr\/wp-json\/wp\/v2\/types\/product"}],"replies":[{"embeddable":true,"href":"https:\/\/schweizversand.ch\/fr\/wp-json\/wp\/v2\/comments?post=256262"}],"wp:featuredmedia":[{"embeddable":true,"href":"https:\/\/schweizversand.ch\/fr\/wp-json\/wp\/v2\/media\/159299"}],"wp:attachment":[{"href":"https:\/\/schweizversand.ch\/fr\/wp-json\/wp\/v2\/media?parent=256262"}],"wp:term":[{"taxonomy":"product_brand","embeddable":true,"href":"https:\/\/schweizversand.ch\/fr\/wp-json\/wp\/v2\/product_brand?post=256262"},{"taxonomy":"product_cat","embeddable":true,"href":"https:\/\/schweizversand.ch\/fr\/wp-json\/wp\/v2\/product_cat?post=256262"},{"taxonomy":"product_tag","embeddable":true,"href":"https:\/\/schweizversand.ch\/fr\/wp-json\/wp\/v2\/product_tag?post=256262"}],"curies":[{"name":"wp","href":"https:\/\/api.w.org\/{rel}","templated":true}]}}