{"id":256270,"date":"2026-03-15T00:55:04","date_gmt":"2026-03-14T23:55:04","guid":{"rendered":"https:\/\/schweizversand.ch\/produkt\/on-damen-schuh-cloudsurfer-trail-7\/"},"modified":"2026-04-22T15:34:17","modified_gmt":"2026-04-22T13:34:17","slug":"on-damen-schuh-cloudsurfer-trail-7","status":"publish","type":"product","link":"https:\/\/schweizversand.ch\/fr\/produkt\/on-damen-schuh-cloudsurfer-trail-7\/","title":{"rendered":"Chaussure de trail Cloudsurfer pour femmes de la marque ON"},"content":{"rendered":"<h1><strong>Cloudsurfer Trail \u2013 Votre partenaire id\u00e9al sur tous les terrains<\/strong><\/h1>\n<div>Avec la <strong>Cloudsurfer Trail<\/strong>, d\u00e9couvrez le <strong>trail<\/strong> sous un tout nouveau jour. Cette chaussure de <strong>running hors route<\/strong> innovante a \u00e9t\u00e9 sp\u00e9cialement con\u00e7ue pour les terrains mod\u00e9r\u00e9s et impressionne par son alliance unique de confort, d&rsquo;adh\u00e9rence et de performance. Profitez d&rsquo;une foul\u00e9e plus fluide et d&rsquo;un amorti <strong>exceptionnel<\/strong>.<\/p>\n<\/div>\n<div><strong>Innovation et confort<\/strong><br \/>La Cloudsurfer Trail red\u00e9finit les standards du trail. La semelle interm\u00e9diaire <strong>CloudTec Phase\u00ae<\/strong> int\u00e9gr\u00e9e assure un d\u00e9roul\u00e9 du pied ultra-fluide et naturel, tandis que la mousse <strong>Helion\u2122 Superfoam<\/strong> garantit un amorti optimal et un talon souple et rembourr\u00e9. Cette conception de pr\u00e9cision, d\u00e9velopp\u00e9e gr\u00e2ce \u00e0 l&rsquo;analyse par \u00e9l\u00e9ments finis (FEA), offre un soutien cibl\u00e9 et une adh\u00e9rence parfaite pour les chaussures de running homme et femme. Adh\u00e9rence et protection sup\u00e9rieures\u00a0: la semelle ext\u00e9rieure en caoutchouc MissionGrip\u2122 garantit une traction et une stabilit\u00e9 fiables, m\u00eame sur les surfaces mouill\u00e9es ou irr\u00e9guli\u00e8res. Autre avantage majeur\u00a0: sa semelle ext\u00e9rieure sans cailloux emp\u00eache les petits d\u00e9bris de se coincer. Cela vous permet de vous concentrer pleinement sur votre course.<\/p>\n<\/div>\n<div><strong>Caract\u00e9ristiques du produit Cloudsurfer Trail<\/strong><br \/>&#8211; Technologie\u00a0: Semelle interm\u00e9diaire CloudTec Phase\u00ae pour des transitions fluides<br \/>&#8211; Amorti\u00a0: Mousse Helion\u2122 Superfoam pour un excellent retour d&rsquo;\u00e9nergie<br \/>&#8211; Semelle ext\u00e9rieure\u00a0: Caoutchouc Missiongrip\u2122 pour une adh\u00e9rence maximale<br \/>&#8211; Tige\u00a0: Mesh respirant pour plus de flexibilit\u00e9 et de l\u00e9g\u00e8ret\u00e9<br \/>&#8211; Poids\u00a0: Seulement 224\u00a0g (offre un \u00e9quilibre id\u00e9al entre l\u00e9g\u00e8ret\u00e9 et protection)<\/p>\n<\/div>\n<div><strong>Votre atout sur tous les sentiers<\/strong><br \/>Que vous soyez d\u00e9butant ou coureur de trail exp\u00e9riment\u00e9, ces chaussures de running <strong>On<\/strong> sont id\u00e9ales pour tous ceux qui courent sur des terrains moyennement difficiles, qui privil\u00e9gient le confort et qui souhaitent se sentir en s\u00e9curit\u00e9 sur des surfaces vari\u00e9es. Avec la <strong>Cloudsurfer Trail<\/strong>, vous rel\u00e8verez tous les d\u00e9fis avec aisance et un maximum de plaisir.<\/p>\n","protected":false},"excerpt":{"rendered":"<p>Cloudsurfer Trail \u2013 Votre partenaire id\u00e9al sur tous les terrains Avec la Cloudsurfer Trail, d\u00e9couvrez le trail sous un tout nouveau jour. Cette chaussure de running hors route innovante a \u00e9t\u00e9 sp\u00e9cialement con\u00e7ue pour les terrains mod\u00e9r\u00e9s et impressionne par son alliance unique de confort, d&rsquo;adh\u00e9rence et de performance. Profitez d&rsquo;une foul\u00e9e plus fluide et d&rsquo;un amorti exceptionnel. Innovation et confortLa Cloudsurfer Trail red\u00e9finit les standards du trail. La semelle interm\u00e9diaire CloudTec Phase\u00ae int\u00e9gr\u00e9e assure&hellip;<\/p>\n","protected":false},"featured_media":159558,"comment_status":"open","ping_status":"closed","template":"","meta":[],"product_brand":[],"product_cat":[38106,38107],"product_tag":[],"class_list":{"0":"post-256270","1":"product","2":"type-product","3":"status-publish","4":"has-post-thumbnail","6":"product_cat-mode-feminine","8":"product_shipping_class-global_methods","10":"first","11":"instock","12":"taxable","13":"shipping-taxable","14":"purchasable","15":"product-type-simple"},"yoast_head":"<!-- This site is optimized with the Yoast SEO plugin v27.4 - https:\/\/yoast.com\/product\/yoast-seo-wordpress\/ -->\n<title>ON Damen Schuh Cloudsurfer Trail | Jetzt kaufen | Schweizversand.ch<\/title>\n<meta name=\"description\" content=\"ON Damen Schuh Cloudsurfer Trail g\u00fcnstig kaufen bei Schweizversand.ch. Schnelle Lieferung in der Schweiz. Gratisversand ab CHF 50.\" \/>\n<meta name=\"robots\" content=\"index, follow, max-snippet:-1, max-image-preview:large, max-video-preview:-1\" \/>\n<link rel=\"canonical\" href=\"https:\/\/schweizversand.ch\/fr\/produkt\/on-damen-schuh-cloudsurfer-trail-7\/\" \/>\n<meta property=\"og:locale\" content=\"fr_FR\" \/>\n<meta property=\"og:type\" content=\"article\" \/>\n<meta property=\"og:title\" content=\"ON Damen Schuh Cloudsurfer Trail | Jetzt kaufen | Schweizversand.ch\" \/>\n<meta property=\"og:description\" content=\"ON Damen Schuh Cloudsurfer Trail g\u00fcnstig kaufen bei Schweizversand.ch. Schnelle Lieferung in der Schweiz. Gratisversand ab CHF 50.\" \/>\n<meta property=\"og:url\" content=\"https:\/\/schweizversand.ch\/fr\/produkt\/on-damen-schuh-cloudsurfer-trail-7\/\" \/>\n<meta property=\"og:site_name\" content=\"Schweizer Shop f\u00fcr Sport, Spiel und Freizeit\" \/>\n<meta property=\"article:publisher\" content=\"https:\/\/www.facebook.com\/Schweizversand\" \/>\n<meta property=\"article:modified_time\" content=\"2026-04-22T13:34:17+00:00\" \/>\n<meta property=\"og:image\" content=\"https:\/\/schweizversand.ch\/wp-content\/uploads\/2026\/02\/5471962331.jpg\" \/>\n\t<meta property=\"og:image:width\" content=\"1024\" \/>\n\t<meta property=\"og:image:height\" content=\"1024\" \/>\n\t<meta property=\"og:image:type\" content=\"image\/jpeg\" \/>\n<meta name=\"twitter:card\" content=\"summary_large_image\" \/>\n<meta name=\"twitter:label1\" content=\"Dur\u00e9e de lecture estim\u00e9e\" \/>\n\t<meta name=\"twitter:data1\" content=\"2 minutes\" \/>\n<script type=\"application\/ld+json\" class=\"yoast-schema-graph\">{\"@context\":\"https:\\\/\\\/schema.org\",\"@graph\":[{\"@type\":\"WebPage\",\"@id\":\"https:\\\/\\\/schweizversand.ch\\\/fr\\\/produkt\\\/on-damen-schuh-cloudsurfer-trail-7\\\/\",\"url\":\"https:\\\/\\\/schweizversand.ch\\\/fr\\\/produkt\\\/on-damen-schuh-cloudsurfer-trail-7\\\/\",\"name\":\"ON Damen Schuh Cloudsurfer Trail | Jetzt kaufen | Schweizversand.ch\",\"isPartOf\":{\"@id\":\"https:\\\/\\\/schweizversand.ch\\\/fr\\\/#website\"},\"primaryImageOfPage\":{\"@id\":\"https:\\\/\\\/schweizversand.ch\\\/fr\\\/produkt\\\/on-damen-schuh-cloudsurfer-trail-7\\\/#primaryimage\"},\"image\":{\"@id\":\"https:\\\/\\\/schweizversand.ch\\\/fr\\\/produkt\\\/on-damen-schuh-cloudsurfer-trail-7\\\/#primaryimage\"},\"thumbnailUrl\":\"https:\\\/\\\/schweizversand.ch\\\/wp-content\\\/uploads\\\/2026\\\/02\\\/5471962331.jpg\",\"datePublished\":\"2026-03-14T23:55:04+00:00\",\"dateModified\":\"2026-04-22T13:34:17+00:00\",\"description\":\"ON Damen Schuh Cloudsurfer Trail g\u00fcnstig kaufen bei Schweizversand.ch. Schnelle Lieferung in der Schweiz. Gratisversand ab CHF 50.\",\"breadcrumb\":{\"@id\":\"https:\\\/\\\/schweizversand.ch\\\/fr\\\/produkt\\\/on-damen-schuh-cloudsurfer-trail-7\\\/#breadcrumb\"},\"inLanguage\":\"fr-FR\",\"potentialAction\":[{\"@type\":\"ReadAction\",\"target\":[\"https:\\\/\\\/schweizversand.ch\\\/fr\\\/produkt\\\/on-damen-schuh-cloudsurfer-trail-7\\\/\"]}]},{\"@type\":\"ImageObject\",\"inLanguage\":\"fr-FR\",\"@id\":\"https:\\\/\\\/schweizversand.ch\\\/fr\\\/produkt\\\/on-damen-schuh-cloudsurfer-trail-7\\\/#primaryimage\",\"url\":\"https:\\\/\\\/schweizversand.ch\\\/wp-content\\\/uploads\\\/2026\\\/02\\\/5471962331.jpg\",\"contentUrl\":\"https:\\\/\\\/schweizversand.ch\\\/wp-content\\\/uploads\\\/2026\\\/02\\\/5471962331.jpg\",\"width\":1024,\"height\":1024},{\"@type\":\"BreadcrumbList\",\"@id\":\"https:\\\/\\\/schweizversand.ch\\\/fr\\\/produkt\\\/on-damen-schuh-cloudsurfer-trail-7\\\/#breadcrumb\",\"itemListElement\":[{\"@type\":\"ListItem\",\"position\":1,\"name\":\"Startseite\",\"item\":\"https:\\\/\\\/schweizversand.ch\\\/fr\\\/home\\\/\"},{\"@type\":\"ListItem\",\"position\":2,\"name\":\"Boutique\",\"item\":\"https:\\\/\\\/schweizversand.ch\\\/fr\\\/boutique\\\/\"},{\"@type\":\"ListItem\",\"position\":3,\"name\":\"Mode\",\"item\":\"https:\\\/\\\/schweizversand.ch\\\/fr\\\/produkt-kategorie\\\/mode-fr\\\/\"},{\"@type\":\"ListItem\",\"position\":4,\"name\":\"Mode f\u00e9minine\",\"item\":\"https:\\\/\\\/schweizversand.ch\\\/fr\\\/produkt-kategorie\\\/mode\\\/mode-feminine\\\/\"},{\"@type\":\"ListItem\",\"position\":5,\"name\":\"Chaussure de trail Cloudsurfer pour femmes de la marque ON\"}]},{\"@type\":\"WebSite\",\"@id\":\"https:\\\/\\\/schweizversand.ch\\\/fr\\\/#website\",\"url\":\"https:\\\/\\\/schweizversand.ch\\\/fr\\\/\",\"name\":\"Schweizer Shop f\u00fcr Sport, Spiel und Freizeit\",\"description\":\"Gratisversand ab 50.- (netto), ab eigenem schweizer Lager, Lieferung innert 48h\",\"publisher\":{\"@id\":\"https:\\\/\\\/schweizversand.ch\\\/fr\\\/#organization\"},\"alternateName\":\"Schweizversand.ch\",\"potentialAction\":[{\"@type\":\"SearchAction\",\"target\":{\"@type\":\"EntryPoint\",\"urlTemplate\":\"https:\\\/\\\/schweizversand.ch\\\/fr\\\/?s={search_term_string}\"},\"query-input\":{\"@type\":\"PropertyValueSpecification\",\"valueRequired\":true,\"valueName\":\"search_term_string\"}}],\"inLanguage\":\"fr-FR\"},{\"@type\":\"Organization\",\"@id\":\"https:\\\/\\\/schweizversand.ch\\\/fr\\\/#organization\",\"name\":\"Schweizversand.ch\",\"url\":\"https:\\\/\\\/schweizversand.ch\\\/fr\\\/\",\"logo\":{\"@type\":\"ImageObject\",\"inLanguage\":\"fr-FR\",\"@id\":\"https:\\\/\\\/schweizversand.ch\\\/fr\\\/#\\\/schema\\\/logo\\\/image\\\/\",\"url\":\"https:\\\/\\\/schweizversand.ch\\\/wp-content\\\/uploads\\\/2026\\\/03\\\/Logo_Rund_Final-1.png\",\"contentUrl\":\"https:\\\/\\\/schweizversand.ch\\\/wp-content\\\/uploads\\\/2026\\\/03\\\/Logo_Rund_Final-1.png\",\"width\":404,\"height\":404,\"caption\":\"Schweizversand.ch\"},\"image\":{\"@id\":\"https:\\\/\\\/schweizversand.ch\\\/fr\\\/#\\\/schema\\\/logo\\\/image\\\/\"},\"sameAs\":[\"https:\\\/\\\/www.facebook.com\\\/Schweizversand\",\"https:\\\/\\\/www.instagram.com\\\/schweizversand.ch\\\/\"]}]}<\/script>\n<!-- \/ Yoast SEO plugin. -->","yoast_head_json":{"title":"ON Damen Schuh Cloudsurfer Trail | Jetzt kaufen | Schweizversand.ch","description":"ON Damen Schuh Cloudsurfer Trail g\u00fcnstig kaufen bei Schweizversand.ch. Schnelle Lieferung in der Schweiz. Gratisversand ab CHF 50.","robots":{"index":"index","follow":"follow","max-snippet":"max-snippet:-1","max-image-preview":"max-image-preview:large","max-video-preview":"max-video-preview:-1"},"canonical":"https:\/\/schweizversand.ch\/fr\/produkt\/on-damen-schuh-cloudsurfer-trail-7\/","og_locale":"fr_FR","og_type":"article","og_title":"ON Damen Schuh Cloudsurfer Trail | Jetzt kaufen | Schweizversand.ch","og_description":"ON Damen Schuh Cloudsurfer Trail g\u00fcnstig kaufen bei Schweizversand.ch. Schnelle Lieferung in der Schweiz. Gratisversand ab CHF 50.","og_url":"https:\/\/schweizversand.ch\/fr\/produkt\/on-damen-schuh-cloudsurfer-trail-7\/","og_site_name":"Schweizer Shop f\u00fcr Sport, Spiel und Freizeit","article_publisher":"https:\/\/www.facebook.com\/Schweizversand","article_modified_time":"2026-04-22T13:34:17+00:00","og_image":[{"width":1024,"height":1024,"url":"https:\/\/schweizversand.ch\/wp-content\/uploads\/2026\/02\/5471962331.jpg","type":"image\/jpeg"}],"twitter_card":"summary_large_image","twitter_misc":{"Dur\u00e9e de lecture estim\u00e9e":"2 minutes"},"schema":{"@context":"https:\/\/schema.org","@graph":[{"@type":"WebPage","@id":"https:\/\/schweizversand.ch\/fr\/produkt\/on-damen-schuh-cloudsurfer-trail-7\/","url":"https:\/\/schweizversand.ch\/fr\/produkt\/on-damen-schuh-cloudsurfer-trail-7\/","name":"ON Damen Schuh Cloudsurfer Trail | Jetzt kaufen | Schweizversand.ch","isPartOf":{"@id":"https:\/\/schweizversand.ch\/fr\/#website"},"primaryImageOfPage":{"@id":"https:\/\/schweizversand.ch\/fr\/produkt\/on-damen-schuh-cloudsurfer-trail-7\/#primaryimage"},"image":{"@id":"https:\/\/schweizversand.ch\/fr\/produkt\/on-damen-schuh-cloudsurfer-trail-7\/#primaryimage"},"thumbnailUrl":"https:\/\/schweizversand.ch\/wp-content\/uploads\/2026\/02\/5471962331.jpg","datePublished":"2026-03-14T23:55:04+00:00","dateModified":"2026-04-22T13:34:17+00:00","description":"ON Damen Schuh Cloudsurfer Trail g\u00fcnstig kaufen bei Schweizversand.ch. Schnelle Lieferung in der Schweiz. Gratisversand ab CHF 50.","breadcrumb":{"@id":"https:\/\/schweizversand.ch\/fr\/produkt\/on-damen-schuh-cloudsurfer-trail-7\/#breadcrumb"},"inLanguage":"fr-FR","potentialAction":[{"@type":"ReadAction","target":["https:\/\/schweizversand.ch\/fr\/produkt\/on-damen-schuh-cloudsurfer-trail-7\/"]}]},{"@type":"ImageObject","inLanguage":"fr-FR","@id":"https:\/\/schweizversand.ch\/fr\/produkt\/on-damen-schuh-cloudsurfer-trail-7\/#primaryimage","url":"https:\/\/schweizversand.ch\/wp-content\/uploads\/2026\/02\/5471962331.jpg","contentUrl":"https:\/\/schweizversand.ch\/wp-content\/uploads\/2026\/02\/5471962331.jpg","width":1024,"height":1024},{"@type":"BreadcrumbList","@id":"https:\/\/schweizversand.ch\/fr\/produkt\/on-damen-schuh-cloudsurfer-trail-7\/#breadcrumb","itemListElement":[{"@type":"ListItem","position":1,"name":"Startseite","item":"https:\/\/schweizversand.ch\/fr\/home\/"},{"@type":"ListItem","position":2,"name":"Boutique","item":"https:\/\/schweizversand.ch\/fr\/boutique\/"},{"@type":"ListItem","position":3,"name":"Mode","item":"https:\/\/schweizversand.ch\/fr\/produkt-kategorie\/mode-fr\/"},{"@type":"ListItem","position":4,"name":"Mode f\u00e9minine","item":"https:\/\/schweizversand.ch\/fr\/produkt-kategorie\/mode\/mode-feminine\/"},{"@type":"ListItem","position":5,"name":"Chaussure de trail Cloudsurfer pour femmes de la marque ON"}]},{"@type":"WebSite","@id":"https:\/\/schweizversand.ch\/fr\/#website","url":"https:\/\/schweizversand.ch\/fr\/","name":"Schweizer Shop f\u00fcr Sport, Spiel und Freizeit","description":"Gratisversand ab 50.- (netto), ab eigenem schweizer Lager, Lieferung innert 48h","publisher":{"@id":"https:\/\/schweizversand.ch\/fr\/#organization"},"alternateName":"Schweizversand.ch","potentialAction":[{"@type":"SearchAction","target":{"@type":"EntryPoint","urlTemplate":"https:\/\/schweizversand.ch\/fr\/?s={search_term_string}"},"query-input":{"@type":"PropertyValueSpecification","valueRequired":true,"valueName":"search_term_string"}}],"inLanguage":"fr-FR"},{"@type":"Organization","@id":"https:\/\/schweizversand.ch\/fr\/#organization","name":"Schweizversand.ch","url":"https:\/\/schweizversand.ch\/fr\/","logo":{"@type":"ImageObject","inLanguage":"fr-FR","@id":"https:\/\/schweizversand.ch\/fr\/#\/schema\/logo\/image\/","url":"https:\/\/schweizversand.ch\/wp-content\/uploads\/2026\/03\/Logo_Rund_Final-1.png","contentUrl":"https:\/\/schweizversand.ch\/wp-content\/uploads\/2026\/03\/Logo_Rund_Final-1.png","width":404,"height":404,"caption":"Schweizversand.ch"},"image":{"@id":"https:\/\/schweizversand.ch\/fr\/#\/schema\/logo\/image\/"},"sameAs":["https:\/\/www.facebook.com\/Schweizversand","https:\/\/www.instagram.com\/schweizversand.ch\/"]}]}},"jetpack_sharing_enabled":true,"_links":{"self":[{"href":"https:\/\/schweizversand.ch\/fr\/wp-json\/wp\/v2\/product\/256270","targetHints":{"allow":["GET"]}}],"collection":[{"href":"https:\/\/schweizversand.ch\/fr\/wp-json\/wp\/v2\/product"}],"about":[{"href":"https:\/\/schweizversand.ch\/fr\/wp-json\/wp\/v2\/types\/product"}],"replies":[{"embeddable":true,"href":"https:\/\/schweizversand.ch\/fr\/wp-json\/wp\/v2\/comments?post=256270"}],"wp:featuredmedia":[{"embeddable":true,"href":"https:\/\/schweizversand.ch\/fr\/wp-json\/wp\/v2\/media\/159558"}],"wp:attachment":[{"href":"https:\/\/schweizversand.ch\/fr\/wp-json\/wp\/v2\/media?parent=256270"}],"wp:term":[{"taxonomy":"product_brand","embeddable":true,"href":"https:\/\/schweizversand.ch\/fr\/wp-json\/wp\/v2\/product_brand?post=256270"},{"taxonomy":"product_cat","embeddable":true,"href":"https:\/\/schweizversand.ch\/fr\/wp-json\/wp\/v2\/product_cat?post=256270"},{"taxonomy":"product_tag","embeddable":true,"href":"https:\/\/schweizversand.ch\/fr\/wp-json\/wp\/v2\/product_tag?post=256270"}],"curies":[{"name":"wp","href":"https:\/\/api.w.org\/{rel}","templated":true}]}}