{"id":256283,"date":"2026-03-15T00:55:33","date_gmt":"2026-03-14T23:55:33","guid":{"rendered":"https:\/\/schweizversand.ch\/produkt\/jilong-rechteckiges-rahmen-pool-set\/"},"modified":"2026-04-19T02:04:14","modified_gmt":"2026-04-19T00:04:14","slug":"jilong-rechteckiges-rahmen-pool-set","status":"publish","type":"product","link":"https:\/\/schweizversand.ch\/fr\/produkt\/jilong-rechteckiges-rahmen-pool-set\/","title":{"rendered":"Ensemble de piscine rectangulaire Jilong"},"content":{"rendered":"<p>Profitez pleinement de l&rsquo;\u00e9t\u00e9 dans votre piscine ! Cette piscine rectangulaire Jilong est exactement ce qu&rsquo;il vous faut pour savourer pleinement votre saison pr\u00e9f\u00e9r\u00e9e sans quitter votre domicile. Surprenez vos proches avec cette nouvelle piscine ! Elle s&rsquo;int\u00e8gre parfaitement \u00e0 votre jardin ou terrasse et est dot\u00e9e d&rsquo;une structure m\u00e9tallique robuste et facile \u00e0 monter.<\/p>\n<\/p>\n<p>La piscine mesure environ 400 cm de long, 200 cm de large et 99 cm de haut. Cette piscine rectangulaire est livr\u00e9e avec une puissante pompe \u00e0 filtre \u00e0 sable de 2000 L\/h et une \u00e9chelle, vous offrant ainsi tout le n\u00e9cessaire pour une installation facile.<\/p>\n<\/p>\n<p>Son syst\u00e8me de montage rapide et simple, ainsi que sa structure robuste en aluminium, garantissent une excellente stabilit\u00e9. Le mat\u00e9riau PVC durable est \u00e9quip\u00e9 de patchs adh\u00e9sifs pour une long\u00e9vit\u00e9 accrue. Les dimensions de la piscine sont de 400 x 200 x 99 cm, sa capacit\u00e9 est de 7020 litres et sa surface de baignade mesure 370 x 170 cm. Les dimensions totales de la piscine, structure comprise, sont de 441 x 230 cm.<\/p>\n<\/p>\n<p>Avec cette piscine, vous pourrez passer des heures insouciantes dans l&rsquo;eau et profiter pleinement de l&rsquo;\u00e9t\u00e9.<\/p>\n","protected":false},"excerpt":{"rendered":"<p>Profitez pleinement de l&rsquo;\u00e9t\u00e9 dans votre piscine ! Cette piscine rectangulaire Jilong est exactement ce qu&rsquo;il vous faut pour savourer pleinement votre saison pr\u00e9f\u00e9r\u00e9e sans quitter votre domicile. Surprenez vos proches avec cette nouvelle piscine ! Elle s&rsquo;int\u00e8gre parfaitement \u00e0 votre jardin ou terrasse et est dot\u00e9e d&rsquo;une structure m\u00e9tallique robuste et facile \u00e0 monter. La piscine mesure environ 400 cm de long, 200 cm de large et 99 cm de haut. Cette piscine rectangulaire&hellip;<\/p>\n","protected":false},"featured_media":262264,"comment_status":"open","ping_status":"closed","template":"","meta":[],"product_brand":[],"product_cat":[38858],"product_tag":[],"class_list":{"0":"post-256283","1":"product","2":"type-product","3":"status-publish","4":"has-post-thumbnail","6":"product_cat-pool","7":"product_shipping_class-global_methods","9":"first","10":"instock","11":"taxable","12":"shipping-taxable","13":"purchasable","14":"product-type-simple"},"yoast_head":"<!-- This site is optimized with the Yoast SEO plugin v27.4 - https:\/\/yoast.com\/product\/yoast-seo-wordpress\/ -->\n<title>Jilong Rechteckiges Rahmen - Pool Set<\/title>\n<meta name=\"description\" content=\"Genie\u00dfen Sie den Sommer im Pool! Dieser rechteckige Jilong Pool ist genau das, worauf Sie gewartet haben, um Ihre Lieblingsjahreszeit in vollen Z\u00fcgen zu genie\u00dfe\" \/>\n<meta name=\"robots\" content=\"index, follow, max-snippet:-1, max-image-preview:large, max-video-preview:-1\" \/>\n<link rel=\"canonical\" href=\"https:\/\/schweizversand.ch\/fr\/produkt\/jilong-rechteckiges-rahmen-pool-set\/\" \/>\n<meta property=\"og:locale\" content=\"fr_FR\" \/>\n<meta property=\"og:type\" content=\"article\" \/>\n<meta property=\"og:title\" content=\"Jilong Rechteckiges Rahmen - Pool Set\" \/>\n<meta property=\"og:description\" content=\"Genie\u00dfen Sie den Sommer im Pool! Dieser rechteckige Jilong Pool ist genau das, worauf Sie gewartet haben, um Ihre Lieblingsjahreszeit in vollen Z\u00fcgen zu genie\u00dfe\" \/>\n<meta property=\"og:url\" content=\"https:\/\/schweizversand.ch\/fr\/produkt\/jilong-rechteckiges-rahmen-pool-set\/\" \/>\n<meta property=\"og:site_name\" content=\"Schweizer Shop f\u00fcr Sport, Spiel und Freizeit\" \/>\n<meta property=\"article:publisher\" content=\"https:\/\/www.facebook.com\/Schweizversand\" \/>\n<meta property=\"article:modified_time\" content=\"2026-04-19T00:04:14+00:00\" \/>\n<meta property=\"og:image\" content=\"https:\/\/schweizversand.ch\/wp-content\/uploads\/2026\/02\/5471622202.jpg\" \/>\n\t<meta property=\"og:image:width\" content=\"1024\" \/>\n\t<meta property=\"og:image:height\" content=\"1024\" \/>\n\t<meta property=\"og:image:type\" content=\"image\/jpeg\" \/>\n<meta name=\"twitter:card\" content=\"summary_large_image\" \/>\n<meta name=\"twitter:label1\" content=\"Dur\u00e9e de lecture estim\u00e9e\" \/>\n\t<meta name=\"twitter:data1\" content=\"1 minute\" \/>\n<script type=\"application\/ld+json\" class=\"yoast-schema-graph\">{\"@context\":\"https:\\\/\\\/schema.org\",\"@graph\":[{\"@type\":\"WebPage\",\"@id\":\"https:\\\/\\\/schweizversand.ch\\\/fr\\\/produkt\\\/jilong-rechteckiges-rahmen-pool-set\\\/\",\"url\":\"https:\\\/\\\/schweizversand.ch\\\/fr\\\/produkt\\\/jilong-rechteckiges-rahmen-pool-set\\\/\",\"name\":\"Jilong Rechteckiges Rahmen - Pool Set\",\"isPartOf\":{\"@id\":\"https:\\\/\\\/schweizversand.ch\\\/fr\\\/#website\"},\"primaryImageOfPage\":{\"@id\":\"https:\\\/\\\/schweizversand.ch\\\/fr\\\/produkt\\\/jilong-rechteckiges-rahmen-pool-set\\\/#primaryimage\"},\"image\":{\"@id\":\"https:\\\/\\\/schweizversand.ch\\\/fr\\\/produkt\\\/jilong-rechteckiges-rahmen-pool-set\\\/#primaryimage\"},\"thumbnailUrl\":\"https:\\\/\\\/schweizversand.ch\\\/wp-content\\\/uploads\\\/2026\\\/02\\\/5471622202.jpg\",\"datePublished\":\"2026-03-14T23:55:33+00:00\",\"dateModified\":\"2026-04-19T00:04:14+00:00\",\"description\":\"Genie\u00dfen Sie den Sommer im Pool! Dieser rechteckige Jilong Pool ist genau das, worauf Sie gewartet haben, um Ihre Lieblingsjahreszeit in vollen Z\u00fcgen zu genie\u00dfe\",\"breadcrumb\":{\"@id\":\"https:\\\/\\\/schweizversand.ch\\\/fr\\\/produkt\\\/jilong-rechteckiges-rahmen-pool-set\\\/#breadcrumb\"},\"inLanguage\":\"fr-FR\",\"potentialAction\":[{\"@type\":\"ReadAction\",\"target\":[\"https:\\\/\\\/schweizversand.ch\\\/fr\\\/produkt\\\/jilong-rechteckiges-rahmen-pool-set\\\/\"]}]},{\"@type\":\"ImageObject\",\"inLanguage\":\"fr-FR\",\"@id\":\"https:\\\/\\\/schweizversand.ch\\\/fr\\\/produkt\\\/jilong-rechteckiges-rahmen-pool-set\\\/#primaryimage\",\"url\":\"https:\\\/\\\/schweizversand.ch\\\/wp-content\\\/uploads\\\/2026\\\/02\\\/5471622202.jpg\",\"contentUrl\":\"https:\\\/\\\/schweizversand.ch\\\/wp-content\\\/uploads\\\/2026\\\/02\\\/5471622202.jpg\",\"width\":1024,\"height\":1024},{\"@type\":\"BreadcrumbList\",\"@id\":\"https:\\\/\\\/schweizversand.ch\\\/fr\\\/produkt\\\/jilong-rechteckiges-rahmen-pool-set\\\/#breadcrumb\",\"itemListElement\":[{\"@type\":\"ListItem\",\"position\":1,\"name\":\"Startseite\",\"item\":\"https:\\\/\\\/schweizversand.ch\\\/fr\\\/home\\\/\"},{\"@type\":\"ListItem\",\"position\":2,\"name\":\"Boutique\",\"item\":\"https:\\\/\\\/schweizversand.ch\\\/fr\\\/boutique\\\/\"},{\"@type\":\"ListItem\",\"position\":3,\"name\":\"Maison et jardin\",\"item\":\"https:\\\/\\\/schweizversand.ch\\\/fr\\\/produkt-kategorie\\\/maison-et-jardin\\\/\"},{\"@type\":\"ListItem\",\"position\":4,\"name\":\"Piscines &amp; Spas\",\"item\":\"https:\\\/\\\/schweizversand.ch\\\/fr\\\/produkt-kategorie\\\/maison-et-jardin\\\/piscines-spas\\\/\"},{\"@type\":\"ListItem\",\"position\":5,\"name\":\"Piscine\",\"item\":\"https:\\\/\\\/schweizversand.ch\\\/fr\\\/produkt-kategorie\\\/pool\\\/\"},{\"@type\":\"ListItem\",\"position\":6,\"name\":\"Ensemble de piscine rectangulaire Jilong\"}]},{\"@type\":\"WebSite\",\"@id\":\"https:\\\/\\\/schweizversand.ch\\\/fr\\\/#website\",\"url\":\"https:\\\/\\\/schweizversand.ch\\\/fr\\\/\",\"name\":\"Schweizer Shop f\u00fcr Sport, Spiel und Freizeit\",\"description\":\"Gratisversand ab 50.- (netto), ab eigenem schweizer Lager, Lieferung innert 48h\",\"publisher\":{\"@id\":\"https:\\\/\\\/schweizversand.ch\\\/fr\\\/#organization\"},\"alternateName\":\"Schweizversand.ch\",\"potentialAction\":[{\"@type\":\"SearchAction\",\"target\":{\"@type\":\"EntryPoint\",\"urlTemplate\":\"https:\\\/\\\/schweizversand.ch\\\/fr\\\/?s={search_term_string}\"},\"query-input\":{\"@type\":\"PropertyValueSpecification\",\"valueRequired\":true,\"valueName\":\"search_term_string\"}}],\"inLanguage\":\"fr-FR\"},{\"@type\":\"Organization\",\"@id\":\"https:\\\/\\\/schweizversand.ch\\\/fr\\\/#organization\",\"name\":\"Schweizversand.ch\",\"url\":\"https:\\\/\\\/schweizversand.ch\\\/fr\\\/\",\"logo\":{\"@type\":\"ImageObject\",\"inLanguage\":\"fr-FR\",\"@id\":\"https:\\\/\\\/schweizversand.ch\\\/fr\\\/#\\\/schema\\\/logo\\\/image\\\/\",\"url\":\"https:\\\/\\\/schweizversand.ch\\\/wp-content\\\/uploads\\\/2026\\\/03\\\/Logo_Rund_Final-1.png\",\"contentUrl\":\"https:\\\/\\\/schweizversand.ch\\\/wp-content\\\/uploads\\\/2026\\\/03\\\/Logo_Rund_Final-1.png\",\"width\":404,\"height\":404,\"caption\":\"Schweizversand.ch\"},\"image\":{\"@id\":\"https:\\\/\\\/schweizversand.ch\\\/fr\\\/#\\\/schema\\\/logo\\\/image\\\/\"},\"sameAs\":[\"https:\\\/\\\/www.facebook.com\\\/Schweizversand\",\"https:\\\/\\\/www.instagram.com\\\/schweizversand.ch\\\/\"]}]}<\/script>\n<!-- \/ Yoast SEO plugin. -->","yoast_head_json":{"title":"Jilong Rechteckiges Rahmen - Pool Set","description":"Genie\u00dfen Sie den Sommer im Pool! Dieser rechteckige Jilong Pool ist genau das, worauf Sie gewartet haben, um Ihre Lieblingsjahreszeit in vollen Z\u00fcgen zu genie\u00dfe","robots":{"index":"index","follow":"follow","max-snippet":"max-snippet:-1","max-image-preview":"max-image-preview:large","max-video-preview":"max-video-preview:-1"},"canonical":"https:\/\/schweizversand.ch\/fr\/produkt\/jilong-rechteckiges-rahmen-pool-set\/","og_locale":"fr_FR","og_type":"article","og_title":"Jilong Rechteckiges Rahmen - Pool Set","og_description":"Genie\u00dfen Sie den Sommer im Pool! Dieser rechteckige Jilong Pool ist genau das, worauf Sie gewartet haben, um Ihre Lieblingsjahreszeit in vollen Z\u00fcgen zu genie\u00dfe","og_url":"https:\/\/schweizversand.ch\/fr\/produkt\/jilong-rechteckiges-rahmen-pool-set\/","og_site_name":"Schweizer Shop f\u00fcr Sport, Spiel und Freizeit","article_publisher":"https:\/\/www.facebook.com\/Schweizversand","article_modified_time":"2026-04-19T00:04:14+00:00","og_image":[{"width":1024,"height":1024,"url":"https:\/\/schweizversand.ch\/wp-content\/uploads\/2026\/02\/5471622202.jpg","type":"image\/jpeg"}],"twitter_card":"summary_large_image","twitter_misc":{"Dur\u00e9e de lecture estim\u00e9e":"1 minute"},"schema":{"@context":"https:\/\/schema.org","@graph":[{"@type":"WebPage","@id":"https:\/\/schweizversand.ch\/fr\/produkt\/jilong-rechteckiges-rahmen-pool-set\/","url":"https:\/\/schweizversand.ch\/fr\/produkt\/jilong-rechteckiges-rahmen-pool-set\/","name":"Jilong Rechteckiges Rahmen - Pool Set","isPartOf":{"@id":"https:\/\/schweizversand.ch\/fr\/#website"},"primaryImageOfPage":{"@id":"https:\/\/schweizversand.ch\/fr\/produkt\/jilong-rechteckiges-rahmen-pool-set\/#primaryimage"},"image":{"@id":"https:\/\/schweizversand.ch\/fr\/produkt\/jilong-rechteckiges-rahmen-pool-set\/#primaryimage"},"thumbnailUrl":"https:\/\/schweizversand.ch\/wp-content\/uploads\/2026\/02\/5471622202.jpg","datePublished":"2026-03-14T23:55:33+00:00","dateModified":"2026-04-19T00:04:14+00:00","description":"Genie\u00dfen Sie den Sommer im Pool! Dieser rechteckige Jilong Pool ist genau das, worauf Sie gewartet haben, um Ihre Lieblingsjahreszeit in vollen Z\u00fcgen zu genie\u00dfe","breadcrumb":{"@id":"https:\/\/schweizversand.ch\/fr\/produkt\/jilong-rechteckiges-rahmen-pool-set\/#breadcrumb"},"inLanguage":"fr-FR","potentialAction":[{"@type":"ReadAction","target":["https:\/\/schweizversand.ch\/fr\/produkt\/jilong-rechteckiges-rahmen-pool-set\/"]}]},{"@type":"ImageObject","inLanguage":"fr-FR","@id":"https:\/\/schweizversand.ch\/fr\/produkt\/jilong-rechteckiges-rahmen-pool-set\/#primaryimage","url":"https:\/\/schweizversand.ch\/wp-content\/uploads\/2026\/02\/5471622202.jpg","contentUrl":"https:\/\/schweizversand.ch\/wp-content\/uploads\/2026\/02\/5471622202.jpg","width":1024,"height":1024},{"@type":"BreadcrumbList","@id":"https:\/\/schweizversand.ch\/fr\/produkt\/jilong-rechteckiges-rahmen-pool-set\/#breadcrumb","itemListElement":[{"@type":"ListItem","position":1,"name":"Startseite","item":"https:\/\/schweizversand.ch\/fr\/home\/"},{"@type":"ListItem","position":2,"name":"Boutique","item":"https:\/\/schweizversand.ch\/fr\/boutique\/"},{"@type":"ListItem","position":3,"name":"Maison et jardin","item":"https:\/\/schweizversand.ch\/fr\/produkt-kategorie\/maison-et-jardin\/"},{"@type":"ListItem","position":4,"name":"Piscines &amp; Spas","item":"https:\/\/schweizversand.ch\/fr\/produkt-kategorie\/maison-et-jardin\/piscines-spas\/"},{"@type":"ListItem","position":5,"name":"Piscine","item":"https:\/\/schweizversand.ch\/fr\/produkt-kategorie\/pool\/"},{"@type":"ListItem","position":6,"name":"Ensemble de piscine rectangulaire Jilong"}]},{"@type":"WebSite","@id":"https:\/\/schweizversand.ch\/fr\/#website","url":"https:\/\/schweizversand.ch\/fr\/","name":"Schweizer Shop f\u00fcr Sport, Spiel und Freizeit","description":"Gratisversand ab 50.- (netto), ab eigenem schweizer Lager, Lieferung innert 48h","publisher":{"@id":"https:\/\/schweizversand.ch\/fr\/#organization"},"alternateName":"Schweizversand.ch","potentialAction":[{"@type":"SearchAction","target":{"@type":"EntryPoint","urlTemplate":"https:\/\/schweizversand.ch\/fr\/?s={search_term_string}"},"query-input":{"@type":"PropertyValueSpecification","valueRequired":true,"valueName":"search_term_string"}}],"inLanguage":"fr-FR"},{"@type":"Organization","@id":"https:\/\/schweizversand.ch\/fr\/#organization","name":"Schweizversand.ch","url":"https:\/\/schweizversand.ch\/fr\/","logo":{"@type":"ImageObject","inLanguage":"fr-FR","@id":"https:\/\/schweizversand.ch\/fr\/#\/schema\/logo\/image\/","url":"https:\/\/schweizversand.ch\/wp-content\/uploads\/2026\/03\/Logo_Rund_Final-1.png","contentUrl":"https:\/\/schweizversand.ch\/wp-content\/uploads\/2026\/03\/Logo_Rund_Final-1.png","width":404,"height":404,"caption":"Schweizversand.ch"},"image":{"@id":"https:\/\/schweizversand.ch\/fr\/#\/schema\/logo\/image\/"},"sameAs":["https:\/\/www.facebook.com\/Schweizversand","https:\/\/www.instagram.com\/schweizversand.ch\/"]}]}},"jetpack_sharing_enabled":true,"_links":{"self":[{"href":"https:\/\/schweizversand.ch\/fr\/wp-json\/wp\/v2\/product\/256283","targetHints":{"allow":["GET"]}}],"collection":[{"href":"https:\/\/schweizversand.ch\/fr\/wp-json\/wp\/v2\/product"}],"about":[{"href":"https:\/\/schweizversand.ch\/fr\/wp-json\/wp\/v2\/types\/product"}],"replies":[{"embeddable":true,"href":"https:\/\/schweizversand.ch\/fr\/wp-json\/wp\/v2\/comments?post=256283"}],"wp:featuredmedia":[{"embeddable":true,"href":"https:\/\/schweizversand.ch\/fr\/wp-json\/wp\/v2\/media\/262264"}],"wp:attachment":[{"href":"https:\/\/schweizversand.ch\/fr\/wp-json\/wp\/v2\/media?parent=256283"}],"wp:term":[{"taxonomy":"product_brand","embeddable":true,"href":"https:\/\/schweizversand.ch\/fr\/wp-json\/wp\/v2\/product_brand?post=256283"},{"taxonomy":"product_cat","embeddable":true,"href":"https:\/\/schweizversand.ch\/fr\/wp-json\/wp\/v2\/product_cat?post=256283"},{"taxonomy":"product_tag","embeddable":true,"href":"https:\/\/schweizversand.ch\/fr\/wp-json\/wp\/v2\/product_tag?post=256283"}],"curies":[{"name":"wp","href":"https:\/\/api.w.org\/{rel}","templated":true}]}}