{"id":256285,"date":"2026-03-15T00:55:39","date_gmt":"2026-03-14T23:55:39","guid":{"rendered":"https:\/\/schweizversand.ch\/produkt\/jumping-clay-spielknete-gletscher-baeren\/"},"modified":"2026-04-19T02:04:27","modified_gmt":"2026-04-19T00:04:27","slug":"jumping-clay-spielknete-gletscher-baeren","status":"publish","type":"product","link":"https:\/\/schweizversand.ch\/fr\/produkt\/jumping-clay-spielknete-gletscher-baeren\/","title":{"rendered":"P\u00e2te \u00e0 modeler Jumping Clay Play Putty \u00ab\u00a0Ours des glaciers\u00a0\u00bb"},"content":{"rendered":"<h1><strong>P\u00e2te \u00e0 modeler soluble dans l&rsquo;eau Glacier Bears<\/strong><\/h1>\n<div>D\u00e9couvrez la p\u00e2te \u00e0 modeler soluble dans l&rsquo;eau Glacier Bears, le kit de loisirs cr\u00e9atifs id\u00e9al pour les enfants d\u00e8s 3 ans. Cette p\u00e2te \u00e0 modeler innovante allie plaisir et facilit\u00e9 de manipulation, tout en stimulant la motricit\u00e9 fine et l&rsquo;imagination de votre enfant.<\/p>\n<\/div>\n<div><strong>Caract\u00e9ristiques et avantages uniques<\/strong><br \/>Cette p\u00e2te \u00e0 modeler sp\u00e9ciale est non seulement douce et facile \u00e0 modeler, mais aussi soluble dans l&rsquo;eau. Le nettoyage est donc simplifi\u00e9\u00a0: les petites taches s&rsquo;enl\u00e8vent simplement \u00e0 l&rsquo;eau. La p\u00e2te s\u00e8che \u00e0 l&rsquo;air libre, pour que vos cr\u00e9ations durent \u00e9ternellement. C&rsquo;est la p\u00e2te \u00e0 modeler soluble dans l&rsquo;eau id\u00e9ale pour des loisirs cr\u00e9atifs sains et propres. Un plaisir cr\u00e9atif pour les enfants\u00a0: ce kit de loisirs cr\u00e9atifs offre une excellente opportunit\u00e9 de laisser libre cours \u00e0 la cr\u00e9ativit\u00e9. Gr\u00e2ce aux couleurs de base incluses (blanc et noir), les enfants peuvent apprendre \u00e0 m\u00e9langer leurs propres nuances et cr\u00e9er des motifs uniques. Ce coffret est con\u00e7u pour permettre aux enfants d&rsquo;apprendre les formes de base du modelage et de cr\u00e9er ensuite leurs propres jouets \u2013 un moment \u00e0 la fois ludique et enrichissant. Le coffret puzzle en p\u00e2te \u00e0 modeler \u2013 doublez le plaisir ! L&rsquo;un des atouts majeurs de ce coffret est le puzzle en p\u00e2te \u00e0 modeler inclus. Une fois les figurines model\u00e9es et s\u00e9ch\u00e9es, elles peuvent \u00eatre combin\u00e9es avec le puzzle de 48 pi\u00e8ces pour cr\u00e9er des univers de jeu imaginatifs. Cet \u00e9l\u00e9ment offre un plaisir suppl\u00e9mentaire et prolonge consid\u00e9rablement la dur\u00e9e de vie du produit, bien au-del\u00e0 du simple malaxage. La marque Glacier Bears est synonyme de qualit\u00e9 et de design adapt\u00e9 aux enfants.<\/p>\n<\/div>\n<div><strong>Contenu et utilisation<\/strong><br \/>Ce coffret complet contient tout le n\u00e9cessaire pour que votre enfant puisse commencer imm\u00e9diatement. Les instructions incluses le guident pas \u00e0 pas dans ses premiers essais de modelage et stimulent sa cr\u00e9ativit\u00e9. Ce produit est sp\u00e9cialement con\u00e7u comme un jouet pour les enfants de 3 ans et plus et est exempt de substances nocives. Ce kit comprend\u00a0: &#8211; 2 sachets de p\u00e2te \u00e0 modeler blanche &#8211; 1 sachet de p\u00e2te \u00e0 modeler noire &#8211; 1 puzzle de 48 pi\u00e8ces &#8211; 1 carte d&rsquo;inspiration &#8211; 1 outil de modelage &#8211; 1 manuel d&rsquo;instructions d\u00e9taill\u00e9. Offrez \u00e0 votre enfant des heures de cr\u00e9ativit\u00e9 avec ce kit complet et la p\u00e2te \u00e0 modeler de haute qualit\u00e9 Gletscher B\u00e4ren. Commandez d\u00e8s maintenant et d\u00e9couvrez la simplicit\u00e9 et la propret\u00e9 du modelage\u00a0!<\/p>\n","protected":false},"excerpt":{"rendered":"<p>P\u00e2te \u00e0 modeler soluble dans l&rsquo;eau Glacier Bears D\u00e9couvrez la p\u00e2te \u00e0 modeler soluble dans l&rsquo;eau Glacier Bears, le kit de loisirs cr\u00e9atifs id\u00e9al pour les enfants d\u00e8s 3 ans. Cette p\u00e2te \u00e0 modeler innovante allie plaisir et facilit\u00e9 de manipulation, tout en stimulant la motricit\u00e9 fine et l&rsquo;imagination de votre enfant. Caract\u00e9ristiques et avantages uniquesCette p\u00e2te \u00e0 modeler sp\u00e9ciale est non seulement douce et facile \u00e0 modeler, mais aussi soluble dans l&rsquo;eau. Le nettoyage&hellip;<\/p>\n","protected":false},"featured_media":160646,"comment_status":"open","ping_status":"closed","template":"","meta":[],"product_brand":[],"product_cat":[38623],"product_tag":[],"class_list":{"0":"post-256285","1":"product","2":"type-product","3":"status-publish","4":"has-post-thumbnail","6":"product_cat-knete","7":"product_shipping_class-global_methods","9":"first","10":"instock","11":"taxable","12":"shipping-taxable","13":"purchasable","14":"product-type-simple"},"yoast_head":"<!-- This site is optimized with the Yoast SEO plugin v27.4 - https:\/\/yoast.com\/product\/yoast-seo-wordpress\/ -->\n<title>Jumping Clay Spielknete &quot;Gletscher B\u00e4ren&quot; | Jetzt kaufen | Schweizversand.ch<\/title>\n<meta name=\"description\" content=\"Jumping Clay Spielknete &quot;Gletscher B\u00e4ren&quot; g\u00fcnstig kaufen bei Schweizversand.ch. Schnelle Lieferung in der Schweiz. Gratisversand ab CHF 50.\" \/>\n<meta name=\"robots\" content=\"index, follow, max-snippet:-1, max-image-preview:large, max-video-preview:-1\" \/>\n<link rel=\"canonical\" href=\"https:\/\/schweizversand.ch\/fr\/produkt\/jumping-clay-spielknete-gletscher-baeren\/\" \/>\n<meta property=\"og:locale\" content=\"fr_FR\" \/>\n<meta property=\"og:type\" content=\"article\" \/>\n<meta property=\"og:title\" content=\"Jumping Clay Spielknete &quot;Gletscher B\u00e4ren&quot; | Jetzt kaufen | Schweizversand.ch\" \/>\n<meta property=\"og:description\" content=\"Jumping Clay Spielknete &quot;Gletscher B\u00e4ren&quot; g\u00fcnstig kaufen bei Schweizversand.ch. Schnelle Lieferung in der Schweiz. Gratisversand ab CHF 50.\" \/>\n<meta property=\"og:url\" content=\"https:\/\/schweizversand.ch\/fr\/produkt\/jumping-clay-spielknete-gletscher-baeren\/\" \/>\n<meta property=\"og:site_name\" content=\"Schweizer Shop f\u00fcr Sport, Spiel und Freizeit\" \/>\n<meta property=\"article:publisher\" content=\"https:\/\/www.facebook.com\/Schweizversand\" \/>\n<meta property=\"article:modified_time\" content=\"2026-04-19T00:04:27+00:00\" \/>\n<meta property=\"og:image\" content=\"https:\/\/schweizversand.ch\/wp-content\/uploads\/2026\/02\/5472101177.png\" \/>\n\t<meta property=\"og:image:width\" content=\"768\" \/>\n\t<meta property=\"og:image:height\" content=\"1024\" \/>\n\t<meta property=\"og:image:type\" content=\"image\/png\" \/>\n<meta name=\"twitter:card\" content=\"summary_large_image\" \/>\n<meta name=\"twitter:label1\" content=\"Dur\u00e9e de lecture estim\u00e9e\" \/>\n\t<meta name=\"twitter:data1\" content=\"2 minutes\" \/>\n<script type=\"application\/ld+json\" class=\"yoast-schema-graph\">{\"@context\":\"https:\\\/\\\/schema.org\",\"@graph\":[{\"@type\":\"WebPage\",\"@id\":\"https:\\\/\\\/schweizversand.ch\\\/fr\\\/produkt\\\/jumping-clay-spielknete-gletscher-baeren\\\/\",\"url\":\"https:\\\/\\\/schweizversand.ch\\\/fr\\\/produkt\\\/jumping-clay-spielknete-gletscher-baeren\\\/\",\"name\":\"Jumping Clay Spielknete \\\"Gletscher B\u00e4ren\\\" | Jetzt kaufen | Schweizversand.ch\",\"isPartOf\":{\"@id\":\"https:\\\/\\\/schweizversand.ch\\\/fr\\\/#website\"},\"primaryImageOfPage\":{\"@id\":\"https:\\\/\\\/schweizversand.ch\\\/fr\\\/produkt\\\/jumping-clay-spielknete-gletscher-baeren\\\/#primaryimage\"},\"image\":{\"@id\":\"https:\\\/\\\/schweizversand.ch\\\/fr\\\/produkt\\\/jumping-clay-spielknete-gletscher-baeren\\\/#primaryimage\"},\"thumbnailUrl\":\"https:\\\/\\\/schweizversand.ch\\\/wp-content\\\/uploads\\\/2026\\\/02\\\/5472101177.png\",\"datePublished\":\"2026-03-14T23:55:39+00:00\",\"dateModified\":\"2026-04-19T00:04:27+00:00\",\"description\":\"Jumping Clay Spielknete \\\"Gletscher B\u00e4ren\\\" g\u00fcnstig kaufen bei Schweizversand.ch. Schnelle Lieferung in der Schweiz. Gratisversand ab CHF 50.\",\"breadcrumb\":{\"@id\":\"https:\\\/\\\/schweizversand.ch\\\/fr\\\/produkt\\\/jumping-clay-spielknete-gletscher-baeren\\\/#breadcrumb\"},\"inLanguage\":\"fr-FR\",\"potentialAction\":[{\"@type\":\"ReadAction\",\"target\":[\"https:\\\/\\\/schweizversand.ch\\\/fr\\\/produkt\\\/jumping-clay-spielknete-gletscher-baeren\\\/\"]}]},{\"@type\":\"ImageObject\",\"inLanguage\":\"fr-FR\",\"@id\":\"https:\\\/\\\/schweizversand.ch\\\/fr\\\/produkt\\\/jumping-clay-spielknete-gletscher-baeren\\\/#primaryimage\",\"url\":\"https:\\\/\\\/schweizversand.ch\\\/wp-content\\\/uploads\\\/2026\\\/02\\\/5472101177.png\",\"contentUrl\":\"https:\\\/\\\/schweizversand.ch\\\/wp-content\\\/uploads\\\/2026\\\/02\\\/5472101177.png\",\"width\":768,\"height\":1024},{\"@type\":\"BreadcrumbList\",\"@id\":\"https:\\\/\\\/schweizversand.ch\\\/fr\\\/produkt\\\/jumping-clay-spielknete-gletscher-baeren\\\/#breadcrumb\",\"itemListElement\":[{\"@type\":\"ListItem\",\"position\":1,\"name\":\"Startseite\",\"item\":\"https:\\\/\\\/schweizversand.ch\\\/fr\\\/home\\\/\"},{\"@type\":\"ListItem\",\"position\":2,\"name\":\"Boutique\",\"item\":\"https:\\\/\\\/schweizversand.ch\\\/fr\\\/boutique\\\/\"},{\"@type\":\"ListItem\",\"position\":3,\"name\":\"Jouets et jeux\",\"item\":\"https:\\\/\\\/schweizversand.ch\\\/fr\\\/produkt-kategorie\\\/jouets-et-jeux\\\/\"},{\"@type\":\"ListItem\",\"position\":4,\"name\":\"Construction et exp\u00e9riences\",\"item\":\"https:\\\/\\\/schweizversand.ch\\\/fr\\\/produkt-kategorie\\\/jouets-et-jeux\\\/construction-et-experiences\\\/\"},{\"@type\":\"ListItem\",\"position\":5,\"name\":\"P\u00e2te \u00e0 modeler\",\"item\":\"https:\\\/\\\/schweizversand.ch\\\/fr\\\/produkt-kategorie\\\/knete\\\/\"},{\"@type\":\"ListItem\",\"position\":6,\"name\":\"P\u00e2te \u00e0 modeler Jumping Clay Play Putty &#8222;Ours des glaciers&#8220;\"}]},{\"@type\":\"WebSite\",\"@id\":\"https:\\\/\\\/schweizversand.ch\\\/fr\\\/#website\",\"url\":\"https:\\\/\\\/schweizversand.ch\\\/fr\\\/\",\"name\":\"Schweizer Shop f\u00fcr Sport, Spiel und Freizeit\",\"description\":\"Gratisversand ab 50.- (netto), ab eigenem schweizer Lager, Lieferung innert 48h\",\"publisher\":{\"@id\":\"https:\\\/\\\/schweizversand.ch\\\/fr\\\/#organization\"},\"alternateName\":\"Schweizversand.ch\",\"potentialAction\":[{\"@type\":\"SearchAction\",\"target\":{\"@type\":\"EntryPoint\",\"urlTemplate\":\"https:\\\/\\\/schweizversand.ch\\\/fr\\\/?s={search_term_string}\"},\"query-input\":{\"@type\":\"PropertyValueSpecification\",\"valueRequired\":true,\"valueName\":\"search_term_string\"}}],\"inLanguage\":\"fr-FR\"},{\"@type\":\"Organization\",\"@id\":\"https:\\\/\\\/schweizversand.ch\\\/fr\\\/#organization\",\"name\":\"Schweizversand.ch\",\"url\":\"https:\\\/\\\/schweizversand.ch\\\/fr\\\/\",\"logo\":{\"@type\":\"ImageObject\",\"inLanguage\":\"fr-FR\",\"@id\":\"https:\\\/\\\/schweizversand.ch\\\/fr\\\/#\\\/schema\\\/logo\\\/image\\\/\",\"url\":\"https:\\\/\\\/schweizversand.ch\\\/wp-content\\\/uploads\\\/2026\\\/03\\\/Logo_Rund_Final-1.png\",\"contentUrl\":\"https:\\\/\\\/schweizversand.ch\\\/wp-content\\\/uploads\\\/2026\\\/03\\\/Logo_Rund_Final-1.png\",\"width\":404,\"height\":404,\"caption\":\"Schweizversand.ch\"},\"image\":{\"@id\":\"https:\\\/\\\/schweizversand.ch\\\/fr\\\/#\\\/schema\\\/logo\\\/image\\\/\"},\"sameAs\":[\"https:\\\/\\\/www.facebook.com\\\/Schweizversand\",\"https:\\\/\\\/www.instagram.com\\\/schweizversand.ch\\\/\"]}]}<\/script>\n<!-- \/ Yoast SEO plugin. -->","yoast_head_json":{"title":"Jumping Clay Spielknete \"Gletscher B\u00e4ren\" | Jetzt kaufen | Schweizversand.ch","description":"Jumping Clay Spielknete \"Gletscher B\u00e4ren\" g\u00fcnstig kaufen bei Schweizversand.ch. Schnelle Lieferung in der Schweiz. Gratisversand ab CHF 50.","robots":{"index":"index","follow":"follow","max-snippet":"max-snippet:-1","max-image-preview":"max-image-preview:large","max-video-preview":"max-video-preview:-1"},"canonical":"https:\/\/schweizversand.ch\/fr\/produkt\/jumping-clay-spielknete-gletscher-baeren\/","og_locale":"fr_FR","og_type":"article","og_title":"Jumping Clay Spielknete \"Gletscher B\u00e4ren\" | Jetzt kaufen | Schweizversand.ch","og_description":"Jumping Clay Spielknete \"Gletscher B\u00e4ren\" g\u00fcnstig kaufen bei Schweizversand.ch. Schnelle Lieferung in der Schweiz. Gratisversand ab CHF 50.","og_url":"https:\/\/schweizversand.ch\/fr\/produkt\/jumping-clay-spielknete-gletscher-baeren\/","og_site_name":"Schweizer Shop f\u00fcr Sport, Spiel und Freizeit","article_publisher":"https:\/\/www.facebook.com\/Schweizversand","article_modified_time":"2026-04-19T00:04:27+00:00","og_image":[{"width":768,"height":1024,"url":"https:\/\/schweizversand.ch\/wp-content\/uploads\/2026\/02\/5472101177.png","type":"image\/png"}],"twitter_card":"summary_large_image","twitter_misc":{"Dur\u00e9e de lecture estim\u00e9e":"2 minutes"},"schema":{"@context":"https:\/\/schema.org","@graph":[{"@type":"WebPage","@id":"https:\/\/schweizversand.ch\/fr\/produkt\/jumping-clay-spielknete-gletscher-baeren\/","url":"https:\/\/schweizversand.ch\/fr\/produkt\/jumping-clay-spielknete-gletscher-baeren\/","name":"Jumping Clay Spielknete \"Gletscher B\u00e4ren\" | Jetzt kaufen | Schweizversand.ch","isPartOf":{"@id":"https:\/\/schweizversand.ch\/fr\/#website"},"primaryImageOfPage":{"@id":"https:\/\/schweizversand.ch\/fr\/produkt\/jumping-clay-spielknete-gletscher-baeren\/#primaryimage"},"image":{"@id":"https:\/\/schweizversand.ch\/fr\/produkt\/jumping-clay-spielknete-gletscher-baeren\/#primaryimage"},"thumbnailUrl":"https:\/\/schweizversand.ch\/wp-content\/uploads\/2026\/02\/5472101177.png","datePublished":"2026-03-14T23:55:39+00:00","dateModified":"2026-04-19T00:04:27+00:00","description":"Jumping Clay Spielknete \"Gletscher B\u00e4ren\" g\u00fcnstig kaufen bei Schweizversand.ch. Schnelle Lieferung in der Schweiz. Gratisversand ab CHF 50.","breadcrumb":{"@id":"https:\/\/schweizversand.ch\/fr\/produkt\/jumping-clay-spielknete-gletscher-baeren\/#breadcrumb"},"inLanguage":"fr-FR","potentialAction":[{"@type":"ReadAction","target":["https:\/\/schweizversand.ch\/fr\/produkt\/jumping-clay-spielknete-gletscher-baeren\/"]}]},{"@type":"ImageObject","inLanguage":"fr-FR","@id":"https:\/\/schweizversand.ch\/fr\/produkt\/jumping-clay-spielknete-gletscher-baeren\/#primaryimage","url":"https:\/\/schweizversand.ch\/wp-content\/uploads\/2026\/02\/5472101177.png","contentUrl":"https:\/\/schweizversand.ch\/wp-content\/uploads\/2026\/02\/5472101177.png","width":768,"height":1024},{"@type":"BreadcrumbList","@id":"https:\/\/schweizversand.ch\/fr\/produkt\/jumping-clay-spielknete-gletscher-baeren\/#breadcrumb","itemListElement":[{"@type":"ListItem","position":1,"name":"Startseite","item":"https:\/\/schweizversand.ch\/fr\/home\/"},{"@type":"ListItem","position":2,"name":"Boutique","item":"https:\/\/schweizversand.ch\/fr\/boutique\/"},{"@type":"ListItem","position":3,"name":"Jouets et jeux","item":"https:\/\/schweizversand.ch\/fr\/produkt-kategorie\/jouets-et-jeux\/"},{"@type":"ListItem","position":4,"name":"Construction et exp\u00e9riences","item":"https:\/\/schweizversand.ch\/fr\/produkt-kategorie\/jouets-et-jeux\/construction-et-experiences\/"},{"@type":"ListItem","position":5,"name":"P\u00e2te \u00e0 modeler","item":"https:\/\/schweizversand.ch\/fr\/produkt-kategorie\/knete\/"},{"@type":"ListItem","position":6,"name":"P\u00e2te \u00e0 modeler Jumping Clay Play Putty &#8222;Ours des glaciers&#8220;"}]},{"@type":"WebSite","@id":"https:\/\/schweizversand.ch\/fr\/#website","url":"https:\/\/schweizversand.ch\/fr\/","name":"Schweizer Shop f\u00fcr Sport, Spiel und Freizeit","description":"Gratisversand ab 50.- (netto), ab eigenem schweizer Lager, Lieferung innert 48h","publisher":{"@id":"https:\/\/schweizversand.ch\/fr\/#organization"},"alternateName":"Schweizversand.ch","potentialAction":[{"@type":"SearchAction","target":{"@type":"EntryPoint","urlTemplate":"https:\/\/schweizversand.ch\/fr\/?s={search_term_string}"},"query-input":{"@type":"PropertyValueSpecification","valueRequired":true,"valueName":"search_term_string"}}],"inLanguage":"fr-FR"},{"@type":"Organization","@id":"https:\/\/schweizversand.ch\/fr\/#organization","name":"Schweizversand.ch","url":"https:\/\/schweizversand.ch\/fr\/","logo":{"@type":"ImageObject","inLanguage":"fr-FR","@id":"https:\/\/schweizversand.ch\/fr\/#\/schema\/logo\/image\/","url":"https:\/\/schweizversand.ch\/wp-content\/uploads\/2026\/03\/Logo_Rund_Final-1.png","contentUrl":"https:\/\/schweizversand.ch\/wp-content\/uploads\/2026\/03\/Logo_Rund_Final-1.png","width":404,"height":404,"caption":"Schweizversand.ch"},"image":{"@id":"https:\/\/schweizversand.ch\/fr\/#\/schema\/logo\/image\/"},"sameAs":["https:\/\/www.facebook.com\/Schweizversand","https:\/\/www.instagram.com\/schweizversand.ch\/"]}]}},"jetpack_sharing_enabled":true,"_links":{"self":[{"href":"https:\/\/schweizversand.ch\/fr\/wp-json\/wp\/v2\/product\/256285","targetHints":{"allow":["GET"]}}],"collection":[{"href":"https:\/\/schweizversand.ch\/fr\/wp-json\/wp\/v2\/product"}],"about":[{"href":"https:\/\/schweizversand.ch\/fr\/wp-json\/wp\/v2\/types\/product"}],"replies":[{"embeddable":true,"href":"https:\/\/schweizversand.ch\/fr\/wp-json\/wp\/v2\/comments?post=256285"}],"wp:featuredmedia":[{"embeddable":true,"href":"https:\/\/schweizversand.ch\/fr\/wp-json\/wp\/v2\/media\/160646"}],"wp:attachment":[{"href":"https:\/\/schweizversand.ch\/fr\/wp-json\/wp\/v2\/media?parent=256285"}],"wp:term":[{"taxonomy":"product_brand","embeddable":true,"href":"https:\/\/schweizversand.ch\/fr\/wp-json\/wp\/v2\/product_brand?post=256285"},{"taxonomy":"product_cat","embeddable":true,"href":"https:\/\/schweizversand.ch\/fr\/wp-json\/wp\/v2\/product_cat?post=256285"},{"taxonomy":"product_tag","embeddable":true,"href":"https:\/\/schweizversand.ch\/fr\/wp-json\/wp\/v2\/product_tag?post=256285"}],"curies":[{"name":"wp","href":"https:\/\/api.w.org\/{rel}","templated":true}]}}