{"id":256290,"date":"2026-03-15T00:55:50","date_gmt":"2026-03-14T23:55:50","guid":{"rendered":"https:\/\/schweizversand.ch\/produkt\/trespass-anona-damenjacke-mit-kapuze\/"},"modified":"2026-04-21T15:34:15","modified_gmt":"2026-04-21T13:34:15","slug":"trespass-anona-damenjacke-mit-kapuze","status":"publish","type":"product","link":"https:\/\/schweizversand.ch\/fr\/produkt\/trespass-anona-damenjacke-mit-kapuze\/","title":{"rendered":"Veste \u00e0 capuche pour femme Trespass ANONA"},"content":{"rendered":"<p>Veste femme \u00e0 capuche imprim\u00e9e et d\u00e9tails de marque \u2013 \u00c9l\u00e9gante et fonctionnelle<\/p>\n<p>Cette veste femme tendance est dot\u00e9e d&rsquo;une capuche imprim\u00e9e zipp\u00e9e, alliant style et protection. Des d\u00e9tails de qualit\u00e9, tels que la fermeture \u00e9clair griff\u00e9e, le logo discret et la broderie fine, soulignent sa qualit\u00e9 sup\u00e9rieure et son style moderne.<\/p>\n<p>Cette veste est la compagne id\u00e9ale pour toutes vos journ\u00e9es, que ce soit en ville, en balade ou pour aller au bureau.<\/p>\n<p>Points forts\u00a0:<\/p>\n<p>\u2022 Capuche imprim\u00e9e avec fermeture \u00e9clair pratique<\/p>\n<p>\u2022 Fermeture \u00e9clair griff\u00e9e de haute qualit\u00e9<\/p>\n<p>\u2022 Logo discret et broderie fine<\/p>\n<p>\u2022 \u00c9l\u00e9gante et fonctionnelle \u2013 id\u00e9ale au quotidien et pour les loisirs<\/p>\n<p>\u2022 85\u00a0% polyester, 15\u00a0% viscose<\/p>\n","protected":false},"excerpt":{"rendered":"<p>Veste femme \u00e0 capuche imprim\u00e9e et d\u00e9tails de marque \u2013 \u00c9l\u00e9gante et fonctionnelle Cette veste femme tendance est dot\u00e9e d&rsquo;une capuche imprim\u00e9e zipp\u00e9e, alliant style et protection. Des d\u00e9tails de qualit\u00e9, tels que la fermeture \u00e9clair griff\u00e9e, le logo discret et la broderie fine, soulignent sa qualit\u00e9 sup\u00e9rieure et son style moderne. Cette veste est la compagne id\u00e9ale pour toutes vos journ\u00e9es, que ce soit en ville, en balade ou pour aller au bureau. Points&hellip;<\/p>\n","protected":false},"featured_media":160908,"comment_status":"open","ping_status":"closed","template":"","meta":[],"product_brand":[],"product_cat":[38148,38149],"product_tag":[],"class_list":{"0":"post-256290","1":"product","2":"type-product","3":"status-publish","4":"has-post-thumbnail","6":"product_cat-damenbekleidung","7":"product_cat-vetements-pour-femmes","8":"product_shipping_class-global_methods","10":"first","11":"instock","12":"taxable","13":"shipping-taxable","14":"purchasable","15":"product-type-simple"},"yoast_head":"<!-- This site is optimized with the Yoast SEO plugin v27.4 - https:\/\/yoast.com\/product\/yoast-seo-wordpress\/ -->\n<title>Trespass ANONA Damenjacke mit Kapuze | Jetzt kaufen | Schweizversand.ch<\/title>\n<meta name=\"description\" content=\"Trespass ANONA Damenjacke mit Kapuze g\u00fcnstig kaufen bei Schweizversand.ch. Schnelle Lieferung in der Schweiz. Gratisversand ab CHF 50.\" \/>\n<meta name=\"robots\" content=\"index, follow, max-snippet:-1, max-image-preview:large, max-video-preview:-1\" \/>\n<link rel=\"canonical\" href=\"https:\/\/schweizversand.ch\/fr\/produkt\/trespass-anona-damenjacke-mit-kapuze\/\" \/>\n<meta property=\"og:locale\" content=\"fr_FR\" \/>\n<meta property=\"og:type\" content=\"article\" \/>\n<meta property=\"og:title\" content=\"Trespass ANONA Damenjacke mit Kapuze | Jetzt kaufen | Schweizversand.ch\" \/>\n<meta property=\"og:description\" content=\"Trespass ANONA Damenjacke mit Kapuze g\u00fcnstig kaufen bei Schweizversand.ch. Schnelle Lieferung in der Schweiz. Gratisversand ab CHF 50.\" \/>\n<meta property=\"og:url\" content=\"https:\/\/schweizversand.ch\/fr\/produkt\/trespass-anona-damenjacke-mit-kapuze\/\" \/>\n<meta property=\"og:site_name\" content=\"Schweizer Shop f\u00fcr Sport, Spiel und Freizeit\" \/>\n<meta property=\"article:publisher\" content=\"https:\/\/www.facebook.com\/Schweizversand\" \/>\n<meta property=\"article:modified_time\" content=\"2026-04-21T13:34:15+00:00\" \/>\n<meta property=\"og:image\" content=\"https:\/\/schweizversand.ch\/wp-content\/uploads\/2026\/02\/5471901061.jpg\" \/>\n\t<meta property=\"og:image:width\" content=\"732\" \/>\n\t<meta property=\"og:image:height\" content=\"1024\" \/>\n\t<meta property=\"og:image:type\" content=\"image\/jpeg\" \/>\n<meta name=\"twitter:card\" content=\"summary_large_image\" \/>\n<meta name=\"twitter:label1\" content=\"Dur\u00e9e de lecture estim\u00e9e\" \/>\n\t<meta name=\"twitter:data1\" content=\"1 minute\" \/>\n<script type=\"application\/ld+json\" class=\"yoast-schema-graph\">{\"@context\":\"https:\\\/\\\/schema.org\",\"@graph\":[{\"@type\":\"WebPage\",\"@id\":\"https:\\\/\\\/schweizversand.ch\\\/fr\\\/produkt\\\/trespass-anona-damenjacke-mit-kapuze\\\/\",\"url\":\"https:\\\/\\\/schweizversand.ch\\\/fr\\\/produkt\\\/trespass-anona-damenjacke-mit-kapuze\\\/\",\"name\":\"Trespass ANONA Damenjacke mit Kapuze | Jetzt kaufen | Schweizversand.ch\",\"isPartOf\":{\"@id\":\"https:\\\/\\\/schweizversand.ch\\\/fr\\\/#website\"},\"primaryImageOfPage\":{\"@id\":\"https:\\\/\\\/schweizversand.ch\\\/fr\\\/produkt\\\/trespass-anona-damenjacke-mit-kapuze\\\/#primaryimage\"},\"image\":{\"@id\":\"https:\\\/\\\/schweizversand.ch\\\/fr\\\/produkt\\\/trespass-anona-damenjacke-mit-kapuze\\\/#primaryimage\"},\"thumbnailUrl\":\"https:\\\/\\\/schweizversand.ch\\\/wp-content\\\/uploads\\\/2026\\\/02\\\/5471901061.jpg\",\"datePublished\":\"2026-03-14T23:55:50+00:00\",\"dateModified\":\"2026-04-21T13:34:15+00:00\",\"description\":\"Trespass ANONA Damenjacke mit Kapuze g\u00fcnstig kaufen bei Schweizversand.ch. Schnelle Lieferung in der Schweiz. Gratisversand ab CHF 50.\",\"breadcrumb\":{\"@id\":\"https:\\\/\\\/schweizversand.ch\\\/fr\\\/produkt\\\/trespass-anona-damenjacke-mit-kapuze\\\/#breadcrumb\"},\"inLanguage\":\"fr-FR\",\"potentialAction\":[{\"@type\":\"ReadAction\",\"target\":[\"https:\\\/\\\/schweizversand.ch\\\/fr\\\/produkt\\\/trespass-anona-damenjacke-mit-kapuze\\\/\"]}]},{\"@type\":\"ImageObject\",\"inLanguage\":\"fr-FR\",\"@id\":\"https:\\\/\\\/schweizversand.ch\\\/fr\\\/produkt\\\/trespass-anona-damenjacke-mit-kapuze\\\/#primaryimage\",\"url\":\"https:\\\/\\\/schweizversand.ch\\\/wp-content\\\/uploads\\\/2026\\\/02\\\/5471901061.jpg\",\"contentUrl\":\"https:\\\/\\\/schweizversand.ch\\\/wp-content\\\/uploads\\\/2026\\\/02\\\/5471901061.jpg\",\"width\":732,\"height\":1024},{\"@type\":\"BreadcrumbList\",\"@id\":\"https:\\\/\\\/schweizversand.ch\\\/fr\\\/produkt\\\/trespass-anona-damenjacke-mit-kapuze\\\/#breadcrumb\",\"itemListElement\":[{\"@type\":\"ListItem\",\"position\":1,\"name\":\"Startseite\",\"item\":\"https:\\\/\\\/schweizversand.ch\\\/fr\\\/home\\\/\"},{\"@type\":\"ListItem\",\"position\":2,\"name\":\"Boutique\",\"item\":\"https:\\\/\\\/schweizversand.ch\\\/fr\\\/boutique\\\/\"},{\"@type\":\"ListItem\",\"position\":3,\"name\":\"Mode\",\"item\":\"https:\\\/\\\/schweizversand.ch\\\/fr\\\/produkt-kategorie\\\/mode-fr\\\/\"},{\"@type\":\"ListItem\",\"position\":4,\"name\":\"Mode f\u00e9minine\",\"item\":\"https:\\\/\\\/schweizversand.ch\\\/fr\\\/produkt-kategorie\\\/mode\\\/mode-feminine\\\/\"},{\"@type\":\"ListItem\",\"position\":5,\"name\":\"V\u00eatements pour femmes\",\"item\":\"https:\\\/\\\/schweizversand.ch\\\/fr\\\/produkt-kategorie\\\/mode\\\/mode-feminine\\\/vetements-pour-femmes\\\/\"},{\"@type\":\"ListItem\",\"position\":6,\"name\":\"Veste \u00e0 capuche pour femme Trespass ANONA\"}]},{\"@type\":\"WebSite\",\"@id\":\"https:\\\/\\\/schweizversand.ch\\\/fr\\\/#website\",\"url\":\"https:\\\/\\\/schweizversand.ch\\\/fr\\\/\",\"name\":\"Schweizer Shop f\u00fcr Sport, Spiel und Freizeit\",\"description\":\"Gratisversand ab 50.- (netto), ab eigenem schweizer Lager, Lieferung innert 48h\",\"publisher\":{\"@id\":\"https:\\\/\\\/schweizversand.ch\\\/fr\\\/#organization\"},\"alternateName\":\"Schweizversand.ch\",\"potentialAction\":[{\"@type\":\"SearchAction\",\"target\":{\"@type\":\"EntryPoint\",\"urlTemplate\":\"https:\\\/\\\/schweizversand.ch\\\/fr\\\/?s={search_term_string}\"},\"query-input\":{\"@type\":\"PropertyValueSpecification\",\"valueRequired\":true,\"valueName\":\"search_term_string\"}}],\"inLanguage\":\"fr-FR\"},{\"@type\":\"Organization\",\"@id\":\"https:\\\/\\\/schweizversand.ch\\\/fr\\\/#organization\",\"name\":\"Schweizversand.ch\",\"url\":\"https:\\\/\\\/schweizversand.ch\\\/fr\\\/\",\"logo\":{\"@type\":\"ImageObject\",\"inLanguage\":\"fr-FR\",\"@id\":\"https:\\\/\\\/schweizversand.ch\\\/fr\\\/#\\\/schema\\\/logo\\\/image\\\/\",\"url\":\"https:\\\/\\\/schweizversand.ch\\\/wp-content\\\/uploads\\\/2026\\\/03\\\/Logo_Rund_Final-1.png\",\"contentUrl\":\"https:\\\/\\\/schweizversand.ch\\\/wp-content\\\/uploads\\\/2026\\\/03\\\/Logo_Rund_Final-1.png\",\"width\":404,\"height\":404,\"caption\":\"Schweizversand.ch\"},\"image\":{\"@id\":\"https:\\\/\\\/schweizversand.ch\\\/fr\\\/#\\\/schema\\\/logo\\\/image\\\/\"},\"sameAs\":[\"https:\\\/\\\/www.facebook.com\\\/Schweizversand\",\"https:\\\/\\\/www.instagram.com\\\/schweizversand.ch\\\/\"]}]}<\/script>\n<!-- \/ Yoast SEO plugin. -->","yoast_head_json":{"title":"Trespass ANONA Damenjacke mit Kapuze | Jetzt kaufen | Schweizversand.ch","description":"Trespass ANONA Damenjacke mit Kapuze g\u00fcnstig kaufen bei Schweizversand.ch. Schnelle Lieferung in der Schweiz. Gratisversand ab CHF 50.","robots":{"index":"index","follow":"follow","max-snippet":"max-snippet:-1","max-image-preview":"max-image-preview:large","max-video-preview":"max-video-preview:-1"},"canonical":"https:\/\/schweizversand.ch\/fr\/produkt\/trespass-anona-damenjacke-mit-kapuze\/","og_locale":"fr_FR","og_type":"article","og_title":"Trespass ANONA Damenjacke mit Kapuze | Jetzt kaufen | Schweizversand.ch","og_description":"Trespass ANONA Damenjacke mit Kapuze g\u00fcnstig kaufen bei Schweizversand.ch. Schnelle Lieferung in der Schweiz. Gratisversand ab CHF 50.","og_url":"https:\/\/schweizversand.ch\/fr\/produkt\/trespass-anona-damenjacke-mit-kapuze\/","og_site_name":"Schweizer Shop f\u00fcr Sport, Spiel und Freizeit","article_publisher":"https:\/\/www.facebook.com\/Schweizversand","article_modified_time":"2026-04-21T13:34:15+00:00","og_image":[{"width":732,"height":1024,"url":"https:\/\/schweizversand.ch\/wp-content\/uploads\/2026\/02\/5471901061.jpg","type":"image\/jpeg"}],"twitter_card":"summary_large_image","twitter_misc":{"Dur\u00e9e de lecture estim\u00e9e":"1 minute"},"schema":{"@context":"https:\/\/schema.org","@graph":[{"@type":"WebPage","@id":"https:\/\/schweizversand.ch\/fr\/produkt\/trespass-anona-damenjacke-mit-kapuze\/","url":"https:\/\/schweizversand.ch\/fr\/produkt\/trespass-anona-damenjacke-mit-kapuze\/","name":"Trespass ANONA Damenjacke mit Kapuze | Jetzt kaufen | Schweizversand.ch","isPartOf":{"@id":"https:\/\/schweizversand.ch\/fr\/#website"},"primaryImageOfPage":{"@id":"https:\/\/schweizversand.ch\/fr\/produkt\/trespass-anona-damenjacke-mit-kapuze\/#primaryimage"},"image":{"@id":"https:\/\/schweizversand.ch\/fr\/produkt\/trespass-anona-damenjacke-mit-kapuze\/#primaryimage"},"thumbnailUrl":"https:\/\/schweizversand.ch\/wp-content\/uploads\/2026\/02\/5471901061.jpg","datePublished":"2026-03-14T23:55:50+00:00","dateModified":"2026-04-21T13:34:15+00:00","description":"Trespass ANONA Damenjacke mit Kapuze g\u00fcnstig kaufen bei Schweizversand.ch. Schnelle Lieferung in der Schweiz. Gratisversand ab CHF 50.","breadcrumb":{"@id":"https:\/\/schweizversand.ch\/fr\/produkt\/trespass-anona-damenjacke-mit-kapuze\/#breadcrumb"},"inLanguage":"fr-FR","potentialAction":[{"@type":"ReadAction","target":["https:\/\/schweizversand.ch\/fr\/produkt\/trespass-anona-damenjacke-mit-kapuze\/"]}]},{"@type":"ImageObject","inLanguage":"fr-FR","@id":"https:\/\/schweizversand.ch\/fr\/produkt\/trespass-anona-damenjacke-mit-kapuze\/#primaryimage","url":"https:\/\/schweizversand.ch\/wp-content\/uploads\/2026\/02\/5471901061.jpg","contentUrl":"https:\/\/schweizversand.ch\/wp-content\/uploads\/2026\/02\/5471901061.jpg","width":732,"height":1024},{"@type":"BreadcrumbList","@id":"https:\/\/schweizversand.ch\/fr\/produkt\/trespass-anona-damenjacke-mit-kapuze\/#breadcrumb","itemListElement":[{"@type":"ListItem","position":1,"name":"Startseite","item":"https:\/\/schweizversand.ch\/fr\/home\/"},{"@type":"ListItem","position":2,"name":"Boutique","item":"https:\/\/schweizversand.ch\/fr\/boutique\/"},{"@type":"ListItem","position":3,"name":"Mode","item":"https:\/\/schweizversand.ch\/fr\/produkt-kategorie\/mode-fr\/"},{"@type":"ListItem","position":4,"name":"Mode f\u00e9minine","item":"https:\/\/schweizversand.ch\/fr\/produkt-kategorie\/mode\/mode-feminine\/"},{"@type":"ListItem","position":5,"name":"V\u00eatements pour femmes","item":"https:\/\/schweizversand.ch\/fr\/produkt-kategorie\/mode\/mode-feminine\/vetements-pour-femmes\/"},{"@type":"ListItem","position":6,"name":"Veste \u00e0 capuche pour femme Trespass ANONA"}]},{"@type":"WebSite","@id":"https:\/\/schweizversand.ch\/fr\/#website","url":"https:\/\/schweizversand.ch\/fr\/","name":"Schweizer Shop f\u00fcr Sport, Spiel und Freizeit","description":"Gratisversand ab 50.- (netto), ab eigenem schweizer Lager, Lieferung innert 48h","publisher":{"@id":"https:\/\/schweizversand.ch\/fr\/#organization"},"alternateName":"Schweizversand.ch","potentialAction":[{"@type":"SearchAction","target":{"@type":"EntryPoint","urlTemplate":"https:\/\/schweizversand.ch\/fr\/?s={search_term_string}"},"query-input":{"@type":"PropertyValueSpecification","valueRequired":true,"valueName":"search_term_string"}}],"inLanguage":"fr-FR"},{"@type":"Organization","@id":"https:\/\/schweizversand.ch\/fr\/#organization","name":"Schweizversand.ch","url":"https:\/\/schweizversand.ch\/fr\/","logo":{"@type":"ImageObject","inLanguage":"fr-FR","@id":"https:\/\/schweizversand.ch\/fr\/#\/schema\/logo\/image\/","url":"https:\/\/schweizversand.ch\/wp-content\/uploads\/2026\/03\/Logo_Rund_Final-1.png","contentUrl":"https:\/\/schweizversand.ch\/wp-content\/uploads\/2026\/03\/Logo_Rund_Final-1.png","width":404,"height":404,"caption":"Schweizversand.ch"},"image":{"@id":"https:\/\/schweizversand.ch\/fr\/#\/schema\/logo\/image\/"},"sameAs":["https:\/\/www.facebook.com\/Schweizversand","https:\/\/www.instagram.com\/schweizversand.ch\/"]}]}},"jetpack_sharing_enabled":true,"_links":{"self":[{"href":"https:\/\/schweizversand.ch\/fr\/wp-json\/wp\/v2\/product\/256290","targetHints":{"allow":["GET"]}}],"collection":[{"href":"https:\/\/schweizversand.ch\/fr\/wp-json\/wp\/v2\/product"}],"about":[{"href":"https:\/\/schweizversand.ch\/fr\/wp-json\/wp\/v2\/types\/product"}],"replies":[{"embeddable":true,"href":"https:\/\/schweizversand.ch\/fr\/wp-json\/wp\/v2\/comments?post=256290"}],"wp:featuredmedia":[{"embeddable":true,"href":"https:\/\/schweizversand.ch\/fr\/wp-json\/wp\/v2\/media\/160908"}],"wp:attachment":[{"href":"https:\/\/schweizversand.ch\/fr\/wp-json\/wp\/v2\/media?parent=256290"}],"wp:term":[{"taxonomy":"product_brand","embeddable":true,"href":"https:\/\/schweizversand.ch\/fr\/wp-json\/wp\/v2\/product_brand?post=256290"},{"taxonomy":"product_cat","embeddable":true,"href":"https:\/\/schweizversand.ch\/fr\/wp-json\/wp\/v2\/product_cat?post=256290"},{"taxonomy":"product_tag","embeddable":true,"href":"https:\/\/schweizversand.ch\/fr\/wp-json\/wp\/v2\/product_tag?post=256290"}],"curies":[{"name":"wp","href":"https:\/\/api.w.org\/{rel}","templated":true}]}}