{"id":256293,"date":"2026-03-15T00:56:10","date_gmt":"2026-03-14T23:56:10","guid":{"rendered":"https:\/\/schweizversand.ch\/produkt\/trespass-cinque-unisex-socken-5-er-pack\/"},"modified":"2026-04-19T15:35:34","modified_gmt":"2026-04-19T13:35:34","slug":"trespass-cinque-unisex-socken-5-er-pack","status":"publish","type":"product","link":"https:\/\/schweizversand.ch\/fr\/produkt\/trespass-cinque-unisex-socken-5-er-pack\/","title":{"rendered":"Chaussettes unisexes Trespass CINQUE, lot de 5"},"content":{"rendered":"<div>Chaussettes antibact\u00e9riennes en bambou \u2013 Respirantes, confortables et pr\u00e9sent\u00e9es dans un lot de 5<\/div>\n<p>Ces chaussettes antibact\u00e9riennes en bambou allient confort optimal et propri\u00e9t\u00e9s hygi\u00e9niques, ce qui en fait le choix id\u00e9al au quotidien. Fabriqu\u00e9es en viscose de bambou, elles s\u00e9duisent par leur respirabilit\u00e9 naturelle, leur douceur et leur r\u00e9sistance aux odeurs, pour des pieds toujours frais et sains.<br \/>Leur longueur mi-haute offre un maintien et une protection optimaux, tandis que la mati\u00e8re douce et souple garantit un confort durable. Gr\u00e2ce \u00e0 un m\u00e9lange soigneusement s\u00e9lectionn\u00e9 de 79 % de viscose de bambou, 19 % de polyester et 2 % d&rsquo;\u00e9lasthanne, ces chaussettes conservent leur forme, sont extensibles et r\u00e9sistantes.<br \/>Point fort\u00a0: Le lot de 5 paires est pr\u00e9sent\u00e9 dans un joli emballage cadeau \u2013 id\u00e9al pour la famille, les amis ou pour faire plaisir.<br \/>Avantages du produit\u00a0:<br \/>\u2022 Antibact\u00e9riennes et anti-odeurs\u00a0: La viscose de bambou pr\u00e9vient efficacement la formation de bact\u00e9ries et d&rsquo;odeurs.<br \/>\u2022 Respirantes et r\u00e9gulatrices d&rsquo;humidit\u00e9\u00a0: Garantissent des pieds secs et frais.<br \/>\u2022 Confortables\u00a0: Douces, extensibles et id\u00e9ales au quotidien.<br \/>\u2022 Mi-mollet\u00a0: Confortables jusqu&rsquo;au mollet \u2013 maintien et protection parfaits.<br \/>\u2022 Composition de haute qualit\u00e9\u00a0: 79\u00a0% de viscose de bambou, 19\u00a0% de polyester, 2\u00a0% d&rsquo;\u00e9lasthanne.<br \/>\u2022 Coffret cadeau pratique\u00a0: 5 paires dans un \u00e9l\u00e9gant coffret cadeau.<\/p>\n<\/div>\n<div>Ce lot de 5 paires de chaussettes en bambou offre qualit\u00e9, confort et Un style tout-en-un \u2013 parfait pour tous ceux qui accordent de l&rsquo;importance \u00e0 l&rsquo;hygi\u00e8ne, \u00e0 la durabilit\u00e9 et au bien-\u00eatre.<\/p>\n<\/div>\n","protected":false},"excerpt":{"rendered":"<p>Chaussettes antibact\u00e9riennes en bambou \u2013 Respirantes, confortables et pr\u00e9sent\u00e9es dans un lot de 5 Ces chaussettes antibact\u00e9riennes en bambou allient confort optimal et propri\u00e9t\u00e9s hygi\u00e9niques, ce qui en fait le choix id\u00e9al au quotidien. Fabriqu\u00e9es en viscose de bambou, elles s\u00e9duisent par leur respirabilit\u00e9 naturelle, leur douceur et leur r\u00e9sistance aux odeurs, pour des pieds toujours frais et sains.Leur longueur mi-haute offre un maintien et une protection optimaux, tandis que la mati\u00e8re douce et souple&hellip;<\/p>\n","protected":false},"featured_media":161957,"comment_status":"open","ping_status":"closed","template":"","meta":[],"product_brand":[],"product_cat":[38164,38165],"product_tag":[],"class_list":{"0":"post-256293","1":"product","2":"type-product","3":"status-publish","4":"has-post-thumbnail","6":"product_cat-diverses","7":"product_cat-divers","8":"product_shipping_class-global_methods","10":"first","11":"instock","12":"taxable","13":"shipping-taxable","14":"purchasable","15":"product-type-simple"},"yoast_head":"<!-- This site is optimized with the Yoast SEO plugin v27.4 - https:\/\/yoast.com\/product\/yoast-seo-wordpress\/ -->\n<title>Trespass CINQUE unisex Socken 5-er Pack | Jetzt kaufen | Schweizversand.ch<\/title>\n<meta name=\"description\" content=\"Trespass CINQUE unisex Socken 5-er Pack g\u00fcnstig kaufen bei Schweizversand.ch. Schnelle Lieferung in der Schweiz. Gratisversand ab CHF 50.\" \/>\n<meta name=\"robots\" content=\"index, follow, max-snippet:-1, max-image-preview:large, max-video-preview:-1\" \/>\n<link rel=\"canonical\" href=\"https:\/\/schweizversand.ch\/fr\/produkt\/trespass-cinque-unisex-socken-5-er-pack\/\" \/>\n<meta property=\"og:locale\" content=\"fr_FR\" \/>\n<meta property=\"og:type\" content=\"article\" \/>\n<meta property=\"og:title\" content=\"Trespass CINQUE unisex Socken 5-er Pack | Jetzt kaufen | Schweizversand.ch\" \/>\n<meta property=\"og:description\" content=\"Trespass CINQUE unisex Socken 5-er Pack g\u00fcnstig kaufen bei Schweizversand.ch. Schnelle Lieferung in der Schweiz. Gratisversand ab CHF 50.\" \/>\n<meta property=\"og:url\" content=\"https:\/\/schweizversand.ch\/fr\/produkt\/trespass-cinque-unisex-socken-5-er-pack\/\" \/>\n<meta property=\"og:site_name\" content=\"Schweizer Shop f\u00fcr Sport, Spiel und Freizeit\" \/>\n<meta property=\"article:publisher\" content=\"https:\/\/www.facebook.com\/Schweizversand\" \/>\n<meta property=\"article:modified_time\" content=\"2026-04-19T13:35:34+00:00\" \/>\n<meta property=\"og:image\" content=\"https:\/\/schweizversand.ch\/wp-content\/uploads\/2026\/02\/5471703765.jpg\" \/>\n\t<meta property=\"og:image:width\" content=\"504\" \/>\n\t<meta property=\"og:image:height\" content=\"1024\" \/>\n\t<meta property=\"og:image:type\" content=\"image\/jpeg\" \/>\n<meta name=\"twitter:card\" content=\"summary_large_image\" \/>\n<meta name=\"twitter:label1\" content=\"Dur\u00e9e de lecture estim\u00e9e\" \/>\n\t<meta name=\"twitter:data1\" content=\"1 minute\" \/>\n<script type=\"application\/ld+json\" class=\"yoast-schema-graph\">{\"@context\":\"https:\\\/\\\/schema.org\",\"@graph\":[{\"@type\":\"WebPage\",\"@id\":\"https:\\\/\\\/schweizversand.ch\\\/fr\\\/produkt\\\/trespass-cinque-unisex-socken-5-er-pack\\\/\",\"url\":\"https:\\\/\\\/schweizversand.ch\\\/fr\\\/produkt\\\/trespass-cinque-unisex-socken-5-er-pack\\\/\",\"name\":\"Trespass CINQUE unisex Socken 5-er Pack | Jetzt kaufen | Schweizversand.ch\",\"isPartOf\":{\"@id\":\"https:\\\/\\\/schweizversand.ch\\\/fr\\\/#website\"},\"primaryImageOfPage\":{\"@id\":\"https:\\\/\\\/schweizversand.ch\\\/fr\\\/produkt\\\/trespass-cinque-unisex-socken-5-er-pack\\\/#primaryimage\"},\"image\":{\"@id\":\"https:\\\/\\\/schweizversand.ch\\\/fr\\\/produkt\\\/trespass-cinque-unisex-socken-5-er-pack\\\/#primaryimage\"},\"thumbnailUrl\":\"https:\\\/\\\/schweizversand.ch\\\/wp-content\\\/uploads\\\/2026\\\/02\\\/5471703765.jpg\",\"datePublished\":\"2026-03-14T23:56:10+00:00\",\"dateModified\":\"2026-04-19T13:35:34+00:00\",\"description\":\"Trespass CINQUE unisex Socken 5-er Pack g\u00fcnstig kaufen bei Schweizversand.ch. Schnelle Lieferung in der Schweiz. Gratisversand ab CHF 50.\",\"breadcrumb\":{\"@id\":\"https:\\\/\\\/schweizversand.ch\\\/fr\\\/produkt\\\/trespass-cinque-unisex-socken-5-er-pack\\\/#breadcrumb\"},\"inLanguage\":\"fr-FR\",\"potentialAction\":[{\"@type\":\"ReadAction\",\"target\":[\"https:\\\/\\\/schweizversand.ch\\\/fr\\\/produkt\\\/trespass-cinque-unisex-socken-5-er-pack\\\/\"]}]},{\"@type\":\"ImageObject\",\"inLanguage\":\"fr-FR\",\"@id\":\"https:\\\/\\\/schweizversand.ch\\\/fr\\\/produkt\\\/trespass-cinque-unisex-socken-5-er-pack\\\/#primaryimage\",\"url\":\"https:\\\/\\\/schweizversand.ch\\\/wp-content\\\/uploads\\\/2026\\\/02\\\/5471703765.jpg\",\"contentUrl\":\"https:\\\/\\\/schweizversand.ch\\\/wp-content\\\/uploads\\\/2026\\\/02\\\/5471703765.jpg\",\"width\":504,\"height\":1024},{\"@type\":\"BreadcrumbList\",\"@id\":\"https:\\\/\\\/schweizversand.ch\\\/fr\\\/produkt\\\/trespass-cinque-unisex-socken-5-er-pack\\\/#breadcrumb\",\"itemListElement\":[{\"@type\":\"ListItem\",\"position\":1,\"name\":\"Startseite\",\"item\":\"https:\\\/\\\/schweizversand.ch\\\/fr\\\/home\\\/\"},{\"@type\":\"ListItem\",\"position\":2,\"name\":\"Boutique\",\"item\":\"https:\\\/\\\/schweizversand.ch\\\/fr\\\/boutique\\\/\"},{\"@type\":\"ListItem\",\"position\":3,\"name\":\"Mode\",\"item\":\"https:\\\/\\\/schweizversand.ch\\\/fr\\\/produkt-kategorie\\\/mode-fr\\\/\"},{\"@type\":\"ListItem\",\"position\":4,\"name\":\"Mode unisexe\",\"item\":\"https:\\\/\\\/schweizversand.ch\\\/fr\\\/produkt-kategorie\\\/mode-fr\\\/mode-unisexe\\\/\"},{\"@type\":\"ListItem\",\"position\":5,\"name\":\"Divers\",\"item\":\"https:\\\/\\\/schweizversand.ch\\\/fr\\\/produkt-kategorie\\\/mode-fr\\\/mode-unisexe\\\/diverses\\\/\"},{\"@type\":\"ListItem\",\"position\":6,\"name\":\"Chaussettes unisexes Trespass CINQUE, lot de 5\"}]},{\"@type\":\"WebSite\",\"@id\":\"https:\\\/\\\/schweizversand.ch\\\/fr\\\/#website\",\"url\":\"https:\\\/\\\/schweizversand.ch\\\/fr\\\/\",\"name\":\"Schweizer Shop f\u00fcr Sport, Spiel und Freizeit\",\"description\":\"Gratisversand ab 50.- (netto), ab eigenem schweizer Lager, Lieferung innert 48h\",\"publisher\":{\"@id\":\"https:\\\/\\\/schweizversand.ch\\\/fr\\\/#organization\"},\"alternateName\":\"Schweizversand.ch\",\"potentialAction\":[{\"@type\":\"SearchAction\",\"target\":{\"@type\":\"EntryPoint\",\"urlTemplate\":\"https:\\\/\\\/schweizversand.ch\\\/fr\\\/?s={search_term_string}\"},\"query-input\":{\"@type\":\"PropertyValueSpecification\",\"valueRequired\":true,\"valueName\":\"search_term_string\"}}],\"inLanguage\":\"fr-FR\"},{\"@type\":\"Organization\",\"@id\":\"https:\\\/\\\/schweizversand.ch\\\/fr\\\/#organization\",\"name\":\"Schweizversand.ch\",\"url\":\"https:\\\/\\\/schweizversand.ch\\\/fr\\\/\",\"logo\":{\"@type\":\"ImageObject\",\"inLanguage\":\"fr-FR\",\"@id\":\"https:\\\/\\\/schweizversand.ch\\\/fr\\\/#\\\/schema\\\/logo\\\/image\\\/\",\"url\":\"https:\\\/\\\/schweizversand.ch\\\/wp-content\\\/uploads\\\/2026\\\/03\\\/Logo_Rund_Final-1.png\",\"contentUrl\":\"https:\\\/\\\/schweizversand.ch\\\/wp-content\\\/uploads\\\/2026\\\/03\\\/Logo_Rund_Final-1.png\",\"width\":404,\"height\":404,\"caption\":\"Schweizversand.ch\"},\"image\":{\"@id\":\"https:\\\/\\\/schweizversand.ch\\\/fr\\\/#\\\/schema\\\/logo\\\/image\\\/\"},\"sameAs\":[\"https:\\\/\\\/www.facebook.com\\\/Schweizversand\",\"https:\\\/\\\/www.instagram.com\\\/schweizversand.ch\\\/\"]}]}<\/script>\n<!-- \/ Yoast SEO plugin. -->","yoast_head_json":{"title":"Trespass CINQUE unisex Socken 5-er Pack | Jetzt kaufen | Schweizversand.ch","description":"Trespass CINQUE unisex Socken 5-er Pack g\u00fcnstig kaufen bei Schweizversand.ch. Schnelle Lieferung in der Schweiz. Gratisversand ab CHF 50.","robots":{"index":"index","follow":"follow","max-snippet":"max-snippet:-1","max-image-preview":"max-image-preview:large","max-video-preview":"max-video-preview:-1"},"canonical":"https:\/\/schweizversand.ch\/fr\/produkt\/trespass-cinque-unisex-socken-5-er-pack\/","og_locale":"fr_FR","og_type":"article","og_title":"Trespass CINQUE unisex Socken 5-er Pack | Jetzt kaufen | Schweizversand.ch","og_description":"Trespass CINQUE unisex Socken 5-er Pack g\u00fcnstig kaufen bei Schweizversand.ch. Schnelle Lieferung in der Schweiz. Gratisversand ab CHF 50.","og_url":"https:\/\/schweizversand.ch\/fr\/produkt\/trespass-cinque-unisex-socken-5-er-pack\/","og_site_name":"Schweizer Shop f\u00fcr Sport, Spiel und Freizeit","article_publisher":"https:\/\/www.facebook.com\/Schweizversand","article_modified_time":"2026-04-19T13:35:34+00:00","og_image":[{"width":504,"height":1024,"url":"https:\/\/schweizversand.ch\/wp-content\/uploads\/2026\/02\/5471703765.jpg","type":"image\/jpeg"}],"twitter_card":"summary_large_image","twitter_misc":{"Dur\u00e9e de lecture estim\u00e9e":"1 minute"},"schema":{"@context":"https:\/\/schema.org","@graph":[{"@type":"WebPage","@id":"https:\/\/schweizversand.ch\/fr\/produkt\/trespass-cinque-unisex-socken-5-er-pack\/","url":"https:\/\/schweizversand.ch\/fr\/produkt\/trespass-cinque-unisex-socken-5-er-pack\/","name":"Trespass CINQUE unisex Socken 5-er Pack | Jetzt kaufen | Schweizversand.ch","isPartOf":{"@id":"https:\/\/schweizversand.ch\/fr\/#website"},"primaryImageOfPage":{"@id":"https:\/\/schweizversand.ch\/fr\/produkt\/trespass-cinque-unisex-socken-5-er-pack\/#primaryimage"},"image":{"@id":"https:\/\/schweizversand.ch\/fr\/produkt\/trespass-cinque-unisex-socken-5-er-pack\/#primaryimage"},"thumbnailUrl":"https:\/\/schweizversand.ch\/wp-content\/uploads\/2026\/02\/5471703765.jpg","datePublished":"2026-03-14T23:56:10+00:00","dateModified":"2026-04-19T13:35:34+00:00","description":"Trespass CINQUE unisex Socken 5-er Pack g\u00fcnstig kaufen bei Schweizversand.ch. Schnelle Lieferung in der Schweiz. Gratisversand ab CHF 50.","breadcrumb":{"@id":"https:\/\/schweizversand.ch\/fr\/produkt\/trespass-cinque-unisex-socken-5-er-pack\/#breadcrumb"},"inLanguage":"fr-FR","potentialAction":[{"@type":"ReadAction","target":["https:\/\/schweizversand.ch\/fr\/produkt\/trespass-cinque-unisex-socken-5-er-pack\/"]}]},{"@type":"ImageObject","inLanguage":"fr-FR","@id":"https:\/\/schweizversand.ch\/fr\/produkt\/trespass-cinque-unisex-socken-5-er-pack\/#primaryimage","url":"https:\/\/schweizversand.ch\/wp-content\/uploads\/2026\/02\/5471703765.jpg","contentUrl":"https:\/\/schweizversand.ch\/wp-content\/uploads\/2026\/02\/5471703765.jpg","width":504,"height":1024},{"@type":"BreadcrumbList","@id":"https:\/\/schweizversand.ch\/fr\/produkt\/trespass-cinque-unisex-socken-5-er-pack\/#breadcrumb","itemListElement":[{"@type":"ListItem","position":1,"name":"Startseite","item":"https:\/\/schweizversand.ch\/fr\/home\/"},{"@type":"ListItem","position":2,"name":"Boutique","item":"https:\/\/schweizversand.ch\/fr\/boutique\/"},{"@type":"ListItem","position":3,"name":"Mode","item":"https:\/\/schweizversand.ch\/fr\/produkt-kategorie\/mode-fr\/"},{"@type":"ListItem","position":4,"name":"Mode unisexe","item":"https:\/\/schweizversand.ch\/fr\/produkt-kategorie\/mode-fr\/mode-unisexe\/"},{"@type":"ListItem","position":5,"name":"Divers","item":"https:\/\/schweizversand.ch\/fr\/produkt-kategorie\/mode-fr\/mode-unisexe\/diverses\/"},{"@type":"ListItem","position":6,"name":"Chaussettes unisexes Trespass CINQUE, lot de 5"}]},{"@type":"WebSite","@id":"https:\/\/schweizversand.ch\/fr\/#website","url":"https:\/\/schweizversand.ch\/fr\/","name":"Schweizer Shop f\u00fcr Sport, Spiel und Freizeit","description":"Gratisversand ab 50.- (netto), ab eigenem schweizer Lager, Lieferung innert 48h","publisher":{"@id":"https:\/\/schweizversand.ch\/fr\/#organization"},"alternateName":"Schweizversand.ch","potentialAction":[{"@type":"SearchAction","target":{"@type":"EntryPoint","urlTemplate":"https:\/\/schweizversand.ch\/fr\/?s={search_term_string}"},"query-input":{"@type":"PropertyValueSpecification","valueRequired":true,"valueName":"search_term_string"}}],"inLanguage":"fr-FR"},{"@type":"Organization","@id":"https:\/\/schweizversand.ch\/fr\/#organization","name":"Schweizversand.ch","url":"https:\/\/schweizversand.ch\/fr\/","logo":{"@type":"ImageObject","inLanguage":"fr-FR","@id":"https:\/\/schweizversand.ch\/fr\/#\/schema\/logo\/image\/","url":"https:\/\/schweizversand.ch\/wp-content\/uploads\/2026\/03\/Logo_Rund_Final-1.png","contentUrl":"https:\/\/schweizversand.ch\/wp-content\/uploads\/2026\/03\/Logo_Rund_Final-1.png","width":404,"height":404,"caption":"Schweizversand.ch"},"image":{"@id":"https:\/\/schweizversand.ch\/fr\/#\/schema\/logo\/image\/"},"sameAs":["https:\/\/www.facebook.com\/Schweizversand","https:\/\/www.instagram.com\/schweizversand.ch\/"]}]}},"jetpack_sharing_enabled":true,"_links":{"self":[{"href":"https:\/\/schweizversand.ch\/fr\/wp-json\/wp\/v2\/product\/256293","targetHints":{"allow":["GET"]}}],"collection":[{"href":"https:\/\/schweizversand.ch\/fr\/wp-json\/wp\/v2\/product"}],"about":[{"href":"https:\/\/schweizversand.ch\/fr\/wp-json\/wp\/v2\/types\/product"}],"replies":[{"embeddable":true,"href":"https:\/\/schweizversand.ch\/fr\/wp-json\/wp\/v2\/comments?post=256293"}],"wp:featuredmedia":[{"embeddable":true,"href":"https:\/\/schweizversand.ch\/fr\/wp-json\/wp\/v2\/media\/161957"}],"wp:attachment":[{"href":"https:\/\/schweizversand.ch\/fr\/wp-json\/wp\/v2\/media?parent=256293"}],"wp:term":[{"taxonomy":"product_brand","embeddable":true,"href":"https:\/\/schweizversand.ch\/fr\/wp-json\/wp\/v2\/product_brand?post=256293"},{"taxonomy":"product_cat","embeddable":true,"href":"https:\/\/schweizversand.ch\/fr\/wp-json\/wp\/v2\/product_cat?post=256293"},{"taxonomy":"product_tag","embeddable":true,"href":"https:\/\/schweizversand.ch\/fr\/wp-json\/wp\/v2\/product_tag?post=256293"}],"curies":[{"name":"wp","href":"https:\/\/api.w.org\/{rel}","templated":true}]}}