{"id":256308,"date":"2026-03-15T00:56:28","date_gmt":"2026-03-14T23:56:28","guid":{"rendered":"https:\/\/schweizversand.ch\/produkt\/trespass-bearfeet-einlegesohlen\/"},"modified":"2026-05-02T02:03:49","modified_gmt":"2026-05-02T00:03:49","slug":"trespass-bearfeet-einlegesohlen","status":"publish","type":"product","link":"https:\/\/schweizversand.ch\/fr\/produkt\/trespass-bearfeet-einlegesohlen\/","title":{"rendered":"Semelles int\u00e9rieures Trespass BEARFEET"},"content":{"rendered":"<h1><strong>Semelles Sherpa \u2013 Pieds au chaud en hiver<\/strong><\/h1>\n<div>Gardez vos pieds agr\u00e9ablement au chaud et confortables, m\u00eame par temps froid. Ces semelles <strong>Sherpa<\/strong> de haute qualit\u00e9 sont la solution id\u00e9ale pour transformer vos chaussures en un cocon de chaleur sans sacrifier le confort.<\/p>\n<\/div>\n<div><strong>Chaleur et douceur incomparables<\/strong><br \/>Fabriqu\u00e9es en sherpa, une mati\u00e8re r\u00e9put\u00e9e pour son exceptionnelle douceur et ses propri\u00e9t\u00e9s isolantes remarquables, ces semelles 100 % polyester, \u00e9galement appel\u00e9es semelles imitation peau de mouton, garantissent confort et maintien au sec de vos pieds. Maintien et adaptabilit\u00e9 parfaits\u00a0: ces semelles thermiques sont con\u00e7ues pour rester stables dans diff\u00e9rents types de chaussures. La couche de latex int\u00e9gr\u00e9e sur la face inf\u00e9rieure emp\u00eache les semelles de glisser, assurant ainsi un maintien optimal m\u00eame apr\u00e8s une utilisation prolong\u00e9e. Elles offrent ainsi un confort et une s\u00e9curit\u00e9 optimaux.<\/p>\n<\/div>\n<div><strong>D\u00e9tails du produit et compatibilit\u00e9<\/strong><br \/>&#8211; Mati\u00e8re\u00a0: 100\u00a0% polyester (mati\u00e8re sherpa)<br \/>&#8211; Dessous\u00a0: Couche de latex antid\u00e9rapante<br \/>&#8211; Taille\u00a0: Taille unique (convient aux pointures 36 \u00e0 46)<br \/>&#8211; Id\u00e9al pour\u00a0: Bottes, baskets et tous types de chaussures d&rsquo;hiver<\/p>\n<\/div>\n<div>Am\u00e9liorez vos chaussures d\u00e8s maintenant avec ces <strong>semelles d&rsquo;hiver<\/strong> et profitez d&rsquo;une sensation de chaleur et de s\u00e9curit\u00e9 tout au long de la journ\u00e9e. Commandez vos semelles sherpa d\u00e8s aujourd&rsquo;hui et constatez la diff\u00e9rence\u00a0!<\/p>\n<\/div>\n<div><\/div>\n","protected":false},"excerpt":{"rendered":"<p>Semelles Sherpa \u2013 Pieds au chaud en hiver Gardez vos pieds agr\u00e9ablement au chaud et confortables, m\u00eame par temps froid. Ces semelles Sherpa de haute qualit\u00e9 sont la solution id\u00e9ale pour transformer vos chaussures en un cocon de chaleur sans sacrifier le confort. Chaleur et douceur incomparablesFabriqu\u00e9es en sherpa, une mati\u00e8re r\u00e9put\u00e9e pour son exceptionnelle douceur et ses propri\u00e9t\u00e9s isolantes remarquables, ces semelles 100 % polyester, \u00e9galement appel\u00e9es semelles imitation peau de mouton, garantissent confort&hellip;<\/p>\n","protected":false},"featured_media":162702,"comment_status":"open","ping_status":"closed","template":"","meta":[],"product_brand":[],"product_cat":[39004],"product_tag":[],"class_list":{"0":"post-256308","1":"product","2":"type-product","3":"status-publish","4":"has-post-thumbnail","6":"product_cat-hygieneartikel","7":"product_shipping_class-global_methods","9":"first","10":"instock","11":"taxable","12":"shipping-taxable","13":"purchasable","14":"product-type-simple"},"yoast_head":"<!-- This site is optimized with the Yoast SEO plugin v27.5 - https:\/\/yoast.com\/product\/yoast-seo-wordpress\/ -->\n<title>Trespass BEARFEET Einlegesohlen | Jetzt kaufen | Schweizversand.ch<\/title>\n<meta name=\"description\" content=\"Trespass BEARFEET Einlegesohlen g\u00fcnstig kaufen bei Schweizversand.ch. Schnelle Lieferung in der Schweiz. Gratisversand ab CHF 50.\" \/>\n<meta name=\"robots\" content=\"index, follow, max-snippet:-1, max-image-preview:large, max-video-preview:-1\" \/>\n<link rel=\"canonical\" href=\"https:\/\/schweizversand.ch\/fr\/produkt\/trespass-bearfeet-einlegesohlen\/\" \/>\n<meta property=\"og:locale\" content=\"fr_FR\" \/>\n<meta property=\"og:type\" content=\"article\" \/>\n<meta property=\"og:title\" content=\"Trespass BEARFEET Einlegesohlen | Jetzt kaufen | Schweizversand.ch\" \/>\n<meta property=\"og:description\" content=\"Trespass BEARFEET Einlegesohlen g\u00fcnstig kaufen bei Schweizversand.ch. Schnelle Lieferung in der Schweiz. Gratisversand ab CHF 50.\" \/>\n<meta property=\"og:url\" content=\"https:\/\/schweizversand.ch\/fr\/produkt\/trespass-bearfeet-einlegesohlen\/\" \/>\n<meta property=\"og:site_name\" content=\"Schweizer Shop f\u00fcr Sport, Spiel und Freizeit\" \/>\n<meta property=\"article:publisher\" content=\"https:\/\/www.facebook.com\/Schweizversand\" \/>\n<meta property=\"article:modified_time\" content=\"2026-05-02T00:03:49+00:00\" \/>\n<meta property=\"og:image\" content=\"https:\/\/schweizversand.ch\/wp-content\/uploads\/2026\/02\/5471702188.jpg\" \/>\n\t<meta property=\"og:image:width\" content=\"1024\" \/>\n\t<meta property=\"og:image:height\" content=\"1024\" \/>\n\t<meta property=\"og:image:type\" content=\"image\/jpeg\" \/>\n<meta name=\"twitter:card\" content=\"summary_large_image\" \/>\n<meta name=\"twitter:label1\" content=\"Dur\u00e9e de lecture estim\u00e9e\" \/>\n\t<meta name=\"twitter:data1\" content=\"1 minute\" \/>\n<script type=\"application\/ld+json\" class=\"yoast-schema-graph\">{\"@context\":\"https:\\\/\\\/schema.org\",\"@graph\":[{\"@type\":\"WebPage\",\"@id\":\"https:\\\/\\\/schweizversand.ch\\\/fr\\\/produkt\\\/trespass-bearfeet-einlegesohlen\\\/\",\"url\":\"https:\\\/\\\/schweizversand.ch\\\/fr\\\/produkt\\\/trespass-bearfeet-einlegesohlen\\\/\",\"name\":\"Trespass BEARFEET Einlegesohlen | Jetzt kaufen | Schweizversand.ch\",\"isPartOf\":{\"@id\":\"https:\\\/\\\/schweizversand.ch\\\/fr\\\/#website\"},\"primaryImageOfPage\":{\"@id\":\"https:\\\/\\\/schweizversand.ch\\\/fr\\\/produkt\\\/trespass-bearfeet-einlegesohlen\\\/#primaryimage\"},\"image\":{\"@id\":\"https:\\\/\\\/schweizversand.ch\\\/fr\\\/produkt\\\/trespass-bearfeet-einlegesohlen\\\/#primaryimage\"},\"thumbnailUrl\":\"https:\\\/\\\/schweizversand.ch\\\/wp-content\\\/uploads\\\/2026\\\/02\\\/5471702188.jpg\",\"datePublished\":\"2026-03-14T23:56:28+00:00\",\"dateModified\":\"2026-05-02T00:03:49+00:00\",\"description\":\"Trespass BEARFEET Einlegesohlen g\u00fcnstig kaufen bei Schweizversand.ch. Schnelle Lieferung in der Schweiz. Gratisversand ab CHF 50.\",\"breadcrumb\":{\"@id\":\"https:\\\/\\\/schweizversand.ch\\\/fr\\\/produkt\\\/trespass-bearfeet-einlegesohlen\\\/#breadcrumb\"},\"inLanguage\":\"fr-FR\",\"potentialAction\":[{\"@type\":\"ReadAction\",\"target\":[\"https:\\\/\\\/schweizversand.ch\\\/fr\\\/produkt\\\/trespass-bearfeet-einlegesohlen\\\/\"]}]},{\"@type\":\"ImageObject\",\"inLanguage\":\"fr-FR\",\"@id\":\"https:\\\/\\\/schweizversand.ch\\\/fr\\\/produkt\\\/trespass-bearfeet-einlegesohlen\\\/#primaryimage\",\"url\":\"https:\\\/\\\/schweizversand.ch\\\/wp-content\\\/uploads\\\/2026\\\/02\\\/5471702188.jpg\",\"contentUrl\":\"https:\\\/\\\/schweizversand.ch\\\/wp-content\\\/uploads\\\/2026\\\/02\\\/5471702188.jpg\",\"width\":1024,\"height\":1024},{\"@type\":\"BreadcrumbList\",\"@id\":\"https:\\\/\\\/schweizversand.ch\\\/fr\\\/produkt\\\/trespass-bearfeet-einlegesohlen\\\/#breadcrumb\",\"itemListElement\":[{\"@type\":\"ListItem\",\"position\":1,\"name\":\"Startseite\",\"item\":\"https:\\\/\\\/schweizversand.ch\\\/fr\\\/home\\\/\"},{\"@type\":\"ListItem\",\"position\":2,\"name\":\"Boutique\",\"item\":\"https:\\\/\\\/schweizversand.ch\\\/fr\\\/boutique\\\/\"},{\"@type\":\"ListItem\",\"position\":3,\"name\":\"Beaut\u00e9 et sant\u00e9\",\"item\":\"https:\\\/\\\/schweizversand.ch\\\/fr\\\/produkt-kategorie\\\/beaute-et-sante\\\/\"},{\"@type\":\"ListItem\",\"position\":4,\"name\":\"Sant\u00e9\",\"item\":\"https:\\\/\\\/schweizversand.ch\\\/fr\\\/produkt-kategorie\\\/beaute-et-sante\\\/sante\\\/\"},{\"@type\":\"ListItem\",\"position\":5,\"name\":\"Produits d'hygi\u00e8ne\",\"item\":\"https:\\\/\\\/schweizversand.ch\\\/fr\\\/produkt-kategorie\\\/beaute-et-sante\\\/sante\\\/hygieneartikel\\\/\"},{\"@type\":\"ListItem\",\"position\":6,\"name\":\"Semelles int\u00e9rieures Trespass BEARFEET\"}]},{\"@type\":\"WebSite\",\"@id\":\"https:\\\/\\\/schweizversand.ch\\\/fr\\\/#website\",\"url\":\"https:\\\/\\\/schweizversand.ch\\\/fr\\\/\",\"name\":\"Schweizer Shop f\u00fcr Sport, Spiel und Freizeit\",\"description\":\"Gratisversand ab 50.- (netto), ab eigenem schweizer Lager, Lieferung innert 48h\",\"publisher\":{\"@id\":\"https:\\\/\\\/schweizversand.ch\\\/fr\\\/#organization\"},\"alternateName\":\"Schweizversand.ch\",\"potentialAction\":[{\"@type\":\"SearchAction\",\"target\":{\"@type\":\"EntryPoint\",\"urlTemplate\":\"https:\\\/\\\/schweizversand.ch\\\/fr\\\/?s={search_term_string}\"},\"query-input\":{\"@type\":\"PropertyValueSpecification\",\"valueRequired\":true,\"valueName\":\"search_term_string\"}}],\"inLanguage\":\"fr-FR\"},{\"@type\":\"Organization\",\"@id\":\"https:\\\/\\\/schweizversand.ch\\\/fr\\\/#organization\",\"name\":\"Schweizversand.ch\",\"url\":\"https:\\\/\\\/schweizversand.ch\\\/fr\\\/\",\"logo\":{\"@type\":\"ImageObject\",\"inLanguage\":\"fr-FR\",\"@id\":\"https:\\\/\\\/schweizversand.ch\\\/fr\\\/#\\\/schema\\\/logo\\\/image\\\/\",\"url\":\"https:\\\/\\\/schweizversand.ch\\\/wp-content\\\/uploads\\\/2026\\\/03\\\/Logo_Rund_Final-1.png\",\"contentUrl\":\"https:\\\/\\\/schweizversand.ch\\\/wp-content\\\/uploads\\\/2026\\\/03\\\/Logo_Rund_Final-1.png\",\"width\":404,\"height\":404,\"caption\":\"Schweizversand.ch\"},\"image\":{\"@id\":\"https:\\\/\\\/schweizversand.ch\\\/fr\\\/#\\\/schema\\\/logo\\\/image\\\/\"},\"sameAs\":[\"https:\\\/\\\/www.facebook.com\\\/Schweizversand\",\"https:\\\/\\\/www.instagram.com\\\/schweizversand.ch\\\/\"]}]}<\/script>\n<!-- \/ Yoast SEO plugin. -->","yoast_head_json":{"title":"Trespass BEARFEET Einlegesohlen | Jetzt kaufen | Schweizversand.ch","description":"Trespass BEARFEET Einlegesohlen g\u00fcnstig kaufen bei Schweizversand.ch. Schnelle Lieferung in der Schweiz. Gratisversand ab CHF 50.","robots":{"index":"index","follow":"follow","max-snippet":"max-snippet:-1","max-image-preview":"max-image-preview:large","max-video-preview":"max-video-preview:-1"},"canonical":"https:\/\/schweizversand.ch\/fr\/produkt\/trespass-bearfeet-einlegesohlen\/","og_locale":"fr_FR","og_type":"article","og_title":"Trespass BEARFEET Einlegesohlen | Jetzt kaufen | Schweizversand.ch","og_description":"Trespass BEARFEET Einlegesohlen g\u00fcnstig kaufen bei Schweizversand.ch. Schnelle Lieferung in der Schweiz. Gratisversand ab CHF 50.","og_url":"https:\/\/schweizversand.ch\/fr\/produkt\/trespass-bearfeet-einlegesohlen\/","og_site_name":"Schweizer Shop f\u00fcr Sport, Spiel und Freizeit","article_publisher":"https:\/\/www.facebook.com\/Schweizversand","article_modified_time":"2026-05-02T00:03:49+00:00","og_image":[{"width":1024,"height":1024,"url":"https:\/\/schweizversand.ch\/wp-content\/uploads\/2026\/02\/5471702188.jpg","type":"image\/jpeg"}],"twitter_card":"summary_large_image","twitter_misc":{"Dur\u00e9e de lecture estim\u00e9e":"1 minute"},"schema":{"@context":"https:\/\/schema.org","@graph":[{"@type":"WebPage","@id":"https:\/\/schweizversand.ch\/fr\/produkt\/trespass-bearfeet-einlegesohlen\/","url":"https:\/\/schweizversand.ch\/fr\/produkt\/trespass-bearfeet-einlegesohlen\/","name":"Trespass BEARFEET Einlegesohlen | Jetzt kaufen | Schweizversand.ch","isPartOf":{"@id":"https:\/\/schweizversand.ch\/fr\/#website"},"primaryImageOfPage":{"@id":"https:\/\/schweizversand.ch\/fr\/produkt\/trespass-bearfeet-einlegesohlen\/#primaryimage"},"image":{"@id":"https:\/\/schweizversand.ch\/fr\/produkt\/trespass-bearfeet-einlegesohlen\/#primaryimage"},"thumbnailUrl":"https:\/\/schweizversand.ch\/wp-content\/uploads\/2026\/02\/5471702188.jpg","datePublished":"2026-03-14T23:56:28+00:00","dateModified":"2026-05-02T00:03:49+00:00","description":"Trespass BEARFEET Einlegesohlen g\u00fcnstig kaufen bei Schweizversand.ch. Schnelle Lieferung in der Schweiz. Gratisversand ab CHF 50.","breadcrumb":{"@id":"https:\/\/schweizversand.ch\/fr\/produkt\/trespass-bearfeet-einlegesohlen\/#breadcrumb"},"inLanguage":"fr-FR","potentialAction":[{"@type":"ReadAction","target":["https:\/\/schweizversand.ch\/fr\/produkt\/trespass-bearfeet-einlegesohlen\/"]}]},{"@type":"ImageObject","inLanguage":"fr-FR","@id":"https:\/\/schweizversand.ch\/fr\/produkt\/trespass-bearfeet-einlegesohlen\/#primaryimage","url":"https:\/\/schweizversand.ch\/wp-content\/uploads\/2026\/02\/5471702188.jpg","contentUrl":"https:\/\/schweizversand.ch\/wp-content\/uploads\/2026\/02\/5471702188.jpg","width":1024,"height":1024},{"@type":"BreadcrumbList","@id":"https:\/\/schweizversand.ch\/fr\/produkt\/trespass-bearfeet-einlegesohlen\/#breadcrumb","itemListElement":[{"@type":"ListItem","position":1,"name":"Startseite","item":"https:\/\/schweizversand.ch\/fr\/home\/"},{"@type":"ListItem","position":2,"name":"Boutique","item":"https:\/\/schweizversand.ch\/fr\/boutique\/"},{"@type":"ListItem","position":3,"name":"Beaut\u00e9 et sant\u00e9","item":"https:\/\/schweizversand.ch\/fr\/produkt-kategorie\/beaute-et-sante\/"},{"@type":"ListItem","position":4,"name":"Sant\u00e9","item":"https:\/\/schweizversand.ch\/fr\/produkt-kategorie\/beaute-et-sante\/sante\/"},{"@type":"ListItem","position":5,"name":"Produits d'hygi\u00e8ne","item":"https:\/\/schweizversand.ch\/fr\/produkt-kategorie\/beaute-et-sante\/sante\/hygieneartikel\/"},{"@type":"ListItem","position":6,"name":"Semelles int\u00e9rieures Trespass BEARFEET"}]},{"@type":"WebSite","@id":"https:\/\/schweizversand.ch\/fr\/#website","url":"https:\/\/schweizversand.ch\/fr\/","name":"Schweizer Shop f\u00fcr Sport, Spiel und Freizeit","description":"Gratisversand ab 50.- (netto), ab eigenem schweizer Lager, Lieferung innert 48h","publisher":{"@id":"https:\/\/schweizversand.ch\/fr\/#organization"},"alternateName":"Schweizversand.ch","potentialAction":[{"@type":"SearchAction","target":{"@type":"EntryPoint","urlTemplate":"https:\/\/schweizversand.ch\/fr\/?s={search_term_string}"},"query-input":{"@type":"PropertyValueSpecification","valueRequired":true,"valueName":"search_term_string"}}],"inLanguage":"fr-FR"},{"@type":"Organization","@id":"https:\/\/schweizversand.ch\/fr\/#organization","name":"Schweizversand.ch","url":"https:\/\/schweizversand.ch\/fr\/","logo":{"@type":"ImageObject","inLanguage":"fr-FR","@id":"https:\/\/schweizversand.ch\/fr\/#\/schema\/logo\/image\/","url":"https:\/\/schweizversand.ch\/wp-content\/uploads\/2026\/03\/Logo_Rund_Final-1.png","contentUrl":"https:\/\/schweizversand.ch\/wp-content\/uploads\/2026\/03\/Logo_Rund_Final-1.png","width":404,"height":404,"caption":"Schweizversand.ch"},"image":{"@id":"https:\/\/schweizversand.ch\/fr\/#\/schema\/logo\/image\/"},"sameAs":["https:\/\/www.facebook.com\/Schweizversand","https:\/\/www.instagram.com\/schweizversand.ch\/"]}]}},"jetpack_sharing_enabled":true,"_links":{"self":[{"href":"https:\/\/schweizversand.ch\/fr\/wp-json\/wp\/v2\/product\/256308","targetHints":{"allow":["GET"]}}],"collection":[{"href":"https:\/\/schweizversand.ch\/fr\/wp-json\/wp\/v2\/product"}],"about":[{"href":"https:\/\/schweizversand.ch\/fr\/wp-json\/wp\/v2\/types\/product"}],"replies":[{"embeddable":true,"href":"https:\/\/schweizversand.ch\/fr\/wp-json\/wp\/v2\/comments?post=256308"}],"wp:featuredmedia":[{"embeddable":true,"href":"https:\/\/schweizversand.ch\/fr\/wp-json\/wp\/v2\/media\/162702"}],"wp:attachment":[{"href":"https:\/\/schweizversand.ch\/fr\/wp-json\/wp\/v2\/media?parent=256308"}],"wp:term":[{"taxonomy":"product_brand","embeddable":true,"href":"https:\/\/schweizversand.ch\/fr\/wp-json\/wp\/v2\/product_brand?post=256308"},{"taxonomy":"product_cat","embeddable":true,"href":"https:\/\/schweizversand.ch\/fr\/wp-json\/wp\/v2\/product_cat?post=256308"},{"taxonomy":"product_tag","embeddable":true,"href":"https:\/\/schweizversand.ch\/fr\/wp-json\/wp\/v2\/product_tag?post=256308"}],"curies":[{"name":"wp","href":"https:\/\/api.w.org\/{rel}","templated":true}]}}