{"id":256325,"date":"2026-03-15T00:57:05","date_gmt":"2026-03-14T23:57:05","guid":{"rendered":"https:\/\/schweizversand.ch\/produkt\/kynast-led-tischleuchte-mit-solarpanel\/"},"modified":"2026-04-20T09:25:36","modified_gmt":"2026-04-20T07:25:36","slug":"kynast-led-tischleuchte-mit-solarpanel","status":"publish","type":"product","link":"https:\/\/schweizversand.ch\/fr\/produkt\/kynast-led-tischleuchte-mit-solarpanel\/","title":{"rendered":"Lampe de table LED Kynast avec panneau solaire"},"content":{"rendered":"<p>Cette lampe solaire LED d\u00e9corative est particuli\u00e8rement adapt\u00e9e au jardin,<\/p>\n<\/p>\n<p>et \u00e0 une table de balcon, une tonnelle ou au camping.<\/p>\n<\/p>\n<\/p>\n<p>La lampe recharge sa batterie int\u00e9gr\u00e9e pendant la journ\u00e9e gr\u00e2ce \u00e0 l&rsquo;\u00e9nergie solaire.<\/p>\n<\/p>\n<p>Le soir, elle diffuse une lumi\u00e8re blanche chaude et agr\u00e9able.<\/p>\n<\/p>\n<p>La batterie a une autonomie d&rsquo;environ 4 \u00e0 5 heures.<\/p>\n<\/p>\n<p>La luminosit\u00e9 est r\u00e9glable sur 3 niveaux.<\/p>\n<\/p>\n<p>Caract\u00e9ristiques\u00a0:<\/p>\n<\/p>\n<p>\u00ab\u00a0\u00ab\u00a0\u00ab\u00a0\u00ab\u00a0\u00ab\u00a0\u00ab\u00a0\u00ab\u00a0\u00ab\u00a0\u00ab\u00a0\u00ab\u00a0\u00ab\u00a0\u00ab\u00a0\u00ab\u00a0\u00ab\u00a0\u00ab\u00a0\u00ab\u00a0\u00ab\u00a0\u00ab\u00a0\u00ab\u00a0`) &#8230; \u2022 Design classique avec cha\u00eenette<\/p>\n<\/p>\n<p>\u2022 Panneau solaire int\u00e9gr\u00e9<\/p>\n<\/p>\n<p>\u2022 3 niveaux de luminosit\u00e9<\/p>\n<\/p>\n<p>\u2022 R\u00e9sistant \u00e0 la pluie pour une utilisation ext\u00e9rieure (IP44)<\/p>\n<\/p>\n<p>\u2022 Hauteur\u00a0: 28\u00a0cm<\/p>\n<\/p>\n<p>\u2022 Diam\u00e8tre\u00a0: 20\u00a0cm<\/p>\n<\/p>\n<p>\u2022 Flux lumineux\u00a0: 10\u00a0lm \/ 50\u00a0lm \/ 200\u00a0lm<\/p>\n<\/p>\n<p>\u2022 Temp\u00e9rature de couleur\u00a0: blanc chaud 3\u00a0000\u00a0K<\/p>\n<\/p>\n<p>\u2022 Largeur\u00a0: env. 20\u00a0cm<\/p>\n<\/p>\n<p>\u2022 Hauteur\u00a0: env. 28\u00a0cm<\/p>\n<\/p>\n<p>\u2022 Alimentation\u00a0: solaire<\/p>\n<\/p>\n<p>\u2022 Dur\u00e9e de vie moyenne des LED\u00a0: 10\u00a0000\u00a0heures<\/p>\n<\/p>\n<p>\u2022 Consommation \u00e9lectrique\u00a0: 0,06\u00a0W<\/p>\n","protected":false},"excerpt":{"rendered":"<p>Cette lampe solaire LED d\u00e9corative est particuli\u00e8rement adapt\u00e9e au jardin, et \u00e0 une table de balcon, une tonnelle ou au camping. La lampe recharge sa batterie int\u00e9gr\u00e9e pendant la journ\u00e9e gr\u00e2ce \u00e0 l&rsquo;\u00e9nergie solaire. Le soir, elle diffuse une lumi\u00e8re blanche chaude et agr\u00e9able. La batterie a une autonomie d&rsquo;environ 4 \u00e0 5 heures. La luminosit\u00e9 est r\u00e9glable sur 3 niveaux. Caract\u00e9ristiques\u00a0: \u00ab\u00a0\u00ab\u00a0\u00ab\u00a0\u00ab\u00a0\u00ab\u00a0\u00ab\u00a0\u00ab\u00a0\u00ab\u00a0\u00ab\u00a0\u00ab\u00a0\u00ab\u00a0\u00ab\u00a0\u00ab\u00a0\u00ab\u00a0\u00ab\u00a0\u00ab\u00a0\u00ab\u00a0\u00ab\u00a0\u00ab\u00a0`) &#8230; \u2022 Design classique avec cha\u00eenette \u2022 Panneau solaire int\u00e9gr\u00e9 \u2022 3&hellip;<\/p>\n","protected":false},"featured_media":167076,"comment_status":"open","ping_status":"closed","template":"","meta":[],"product_brand":[],"product_cat":[38159],"product_tag":[],"class_list":{"0":"post-256325","1":"product","2":"type-product","3":"status-publish","4":"has-post-thumbnail","6":"product_cat-gartenbeleuchtung","7":"product_shipping_class-global_methods","9":"first","10":"instock","11":"taxable","12":"shipping-taxable","13":"purchasable","14":"product-type-simple"},"yoast_head":"<!-- This site is optimized with the Yoast SEO plugin v27.4 - https:\/\/yoast.com\/product\/yoast-seo-wordpress\/ -->\n<title>Kynast LED Tischleuchte mit Solarpanel | Jetzt kaufen | Schweizversand.ch<\/title>\n<meta name=\"description\" content=\"Kynast LED Tischleuchte mit Solarpanel g\u00fcnstig kaufen bei Schweizversand.ch. Schnelle Lieferung in der Schweiz. Gratisversand ab CHF 50.\" \/>\n<meta name=\"robots\" content=\"index, follow, max-snippet:-1, max-image-preview:large, max-video-preview:-1\" \/>\n<link rel=\"canonical\" href=\"https:\/\/schweizversand.ch\/fr\/produkt\/kynast-led-tischleuchte-mit-solarpanel\/\" \/>\n<meta property=\"og:locale\" content=\"fr_FR\" \/>\n<meta property=\"og:type\" content=\"article\" \/>\n<meta property=\"og:title\" content=\"Kynast LED Tischleuchte mit Solarpanel | Jetzt kaufen | Schweizversand.ch\" \/>\n<meta property=\"og:description\" content=\"Kynast LED Tischleuchte mit Solarpanel g\u00fcnstig kaufen bei Schweizversand.ch. Schnelle Lieferung in der Schweiz. Gratisversand ab CHF 50.\" \/>\n<meta property=\"og:url\" content=\"https:\/\/schweizversand.ch\/fr\/produkt\/kynast-led-tischleuchte-mit-solarpanel\/\" \/>\n<meta property=\"og:site_name\" content=\"Schweizer Shop f\u00fcr Sport, Spiel und Freizeit\" \/>\n<meta property=\"article:publisher\" content=\"https:\/\/www.facebook.com\/Schweizversand\" \/>\n<meta property=\"article:modified_time\" content=\"2026-04-20T07:25:36+00:00\" \/>\n<meta property=\"og:image\" content=\"https:\/\/schweizversand.ch\/wp-content\/uploads\/2026\/02\/5597857627.jpg\" \/>\n\t<meta property=\"og:image:width\" content=\"1024\" \/>\n\t<meta property=\"og:image:height\" content=\"1024\" \/>\n\t<meta property=\"og:image:type\" content=\"image\/jpeg\" \/>\n<meta name=\"twitter:card\" content=\"summary_large_image\" \/>\n<meta name=\"twitter:label1\" content=\"Dur\u00e9e de lecture estim\u00e9e\" \/>\n\t<meta name=\"twitter:data1\" content=\"1 minute\" \/>\n<script type=\"application\/ld+json\" class=\"yoast-schema-graph\">{\"@context\":\"https:\\\/\\\/schema.org\",\"@graph\":[{\"@type\":\"WebPage\",\"@id\":\"https:\\\/\\\/schweizversand.ch\\\/fr\\\/produkt\\\/kynast-led-tischleuchte-mit-solarpanel\\\/\",\"url\":\"https:\\\/\\\/schweizversand.ch\\\/fr\\\/produkt\\\/kynast-led-tischleuchte-mit-solarpanel\\\/\",\"name\":\"Kynast LED Tischleuchte mit Solarpanel | Jetzt kaufen | Schweizversand.ch\",\"isPartOf\":{\"@id\":\"https:\\\/\\\/schweizversand.ch\\\/fr\\\/#website\"},\"primaryImageOfPage\":{\"@id\":\"https:\\\/\\\/schweizversand.ch\\\/fr\\\/produkt\\\/kynast-led-tischleuchte-mit-solarpanel\\\/#primaryimage\"},\"image\":{\"@id\":\"https:\\\/\\\/schweizversand.ch\\\/fr\\\/produkt\\\/kynast-led-tischleuchte-mit-solarpanel\\\/#primaryimage\"},\"thumbnailUrl\":\"https:\\\/\\\/schweizversand.ch\\\/wp-content\\\/uploads\\\/2026\\\/02\\\/5597857627.jpg\",\"datePublished\":\"2026-03-14T23:57:05+00:00\",\"dateModified\":\"2026-04-20T07:25:36+00:00\",\"description\":\"Kynast LED Tischleuchte mit Solarpanel g\u00fcnstig kaufen bei Schweizversand.ch. Schnelle Lieferung in der Schweiz. Gratisversand ab CHF 50.\",\"breadcrumb\":{\"@id\":\"https:\\\/\\\/schweizversand.ch\\\/fr\\\/produkt\\\/kynast-led-tischleuchte-mit-solarpanel\\\/#breadcrumb\"},\"inLanguage\":\"fr-FR\",\"potentialAction\":[{\"@type\":\"ReadAction\",\"target\":[\"https:\\\/\\\/schweizversand.ch\\\/fr\\\/produkt\\\/kynast-led-tischleuchte-mit-solarpanel\\\/\"]}]},{\"@type\":\"ImageObject\",\"inLanguage\":\"fr-FR\",\"@id\":\"https:\\\/\\\/schweizversand.ch\\\/fr\\\/produkt\\\/kynast-led-tischleuchte-mit-solarpanel\\\/#primaryimage\",\"url\":\"https:\\\/\\\/schweizversand.ch\\\/wp-content\\\/uploads\\\/2026\\\/02\\\/5597857627.jpg\",\"contentUrl\":\"https:\\\/\\\/schweizversand.ch\\\/wp-content\\\/uploads\\\/2026\\\/02\\\/5597857627.jpg\",\"width\":1024,\"height\":1024},{\"@type\":\"BreadcrumbList\",\"@id\":\"https:\\\/\\\/schweizversand.ch\\\/fr\\\/produkt\\\/kynast-led-tischleuchte-mit-solarpanel\\\/#breadcrumb\",\"itemListElement\":[{\"@type\":\"ListItem\",\"position\":1,\"name\":\"Startseite\",\"item\":\"https:\\\/\\\/schweizversand.ch\\\/fr\\\/home\\\/\"},{\"@type\":\"ListItem\",\"position\":2,\"name\":\"Boutique\",\"item\":\"https:\\\/\\\/schweizversand.ch\\\/fr\\\/boutique\\\/\"},{\"@type\":\"ListItem\",\"position\":3,\"name\":\"Maison et jardin\",\"item\":\"https:\\\/\\\/schweizversand.ch\\\/fr\\\/produkt-kategorie\\\/maison-et-jardin\\\/\"},{\"@type\":\"ListItem\",\"position\":4,\"name\":\"Mobilier de jardin\",\"item\":\"https:\\\/\\\/schweizversand.ch\\\/fr\\\/produkt-kategorie\\\/maison-et-jardin\\\/mobilier-de-jardin\\\/\"},{\"@type\":\"ListItem\",\"position\":5,\"name\":\"\u00c9clairage de jardin\",\"item\":\"https:\\\/\\\/schweizversand.ch\\\/fr\\\/produkt-kategorie\\\/maison-et-jardin\\\/mobilier-de-jardin\\\/gartenbeleuchtung\\\/\"},{\"@type\":\"ListItem\",\"position\":6,\"name\":\"Lampe de table LED Kynast avec panneau solaire\"}]},{\"@type\":\"WebSite\",\"@id\":\"https:\\\/\\\/schweizversand.ch\\\/fr\\\/#website\",\"url\":\"https:\\\/\\\/schweizversand.ch\\\/fr\\\/\",\"name\":\"Schweizer Shop f\u00fcr Sport, Spiel und Freizeit\",\"description\":\"Gratisversand ab 50.- (netto), ab eigenem schweizer Lager, Lieferung innert 48h\",\"publisher\":{\"@id\":\"https:\\\/\\\/schweizversand.ch\\\/fr\\\/#organization\"},\"alternateName\":\"Schweizversand.ch\",\"potentialAction\":[{\"@type\":\"SearchAction\",\"target\":{\"@type\":\"EntryPoint\",\"urlTemplate\":\"https:\\\/\\\/schweizversand.ch\\\/fr\\\/?s={search_term_string}\"},\"query-input\":{\"@type\":\"PropertyValueSpecification\",\"valueRequired\":true,\"valueName\":\"search_term_string\"}}],\"inLanguage\":\"fr-FR\"},{\"@type\":\"Organization\",\"@id\":\"https:\\\/\\\/schweizversand.ch\\\/fr\\\/#organization\",\"name\":\"Schweizversand.ch\",\"url\":\"https:\\\/\\\/schweizversand.ch\\\/fr\\\/\",\"logo\":{\"@type\":\"ImageObject\",\"inLanguage\":\"fr-FR\",\"@id\":\"https:\\\/\\\/schweizversand.ch\\\/fr\\\/#\\\/schema\\\/logo\\\/image\\\/\",\"url\":\"https:\\\/\\\/schweizversand.ch\\\/wp-content\\\/uploads\\\/2026\\\/03\\\/Logo_Rund_Final-1.png\",\"contentUrl\":\"https:\\\/\\\/schweizversand.ch\\\/wp-content\\\/uploads\\\/2026\\\/03\\\/Logo_Rund_Final-1.png\",\"width\":404,\"height\":404,\"caption\":\"Schweizversand.ch\"},\"image\":{\"@id\":\"https:\\\/\\\/schweizversand.ch\\\/fr\\\/#\\\/schema\\\/logo\\\/image\\\/\"},\"sameAs\":[\"https:\\\/\\\/www.facebook.com\\\/Schweizversand\",\"https:\\\/\\\/www.instagram.com\\\/schweizversand.ch\\\/\"]}]}<\/script>\n<!-- \/ Yoast SEO plugin. -->","yoast_head_json":{"title":"Kynast LED Tischleuchte mit Solarpanel | Jetzt kaufen | Schweizversand.ch","description":"Kynast LED Tischleuchte mit Solarpanel g\u00fcnstig kaufen bei Schweizversand.ch. Schnelle Lieferung in der Schweiz. Gratisversand ab CHF 50.","robots":{"index":"index","follow":"follow","max-snippet":"max-snippet:-1","max-image-preview":"max-image-preview:large","max-video-preview":"max-video-preview:-1"},"canonical":"https:\/\/schweizversand.ch\/fr\/produkt\/kynast-led-tischleuchte-mit-solarpanel\/","og_locale":"fr_FR","og_type":"article","og_title":"Kynast LED Tischleuchte mit Solarpanel | Jetzt kaufen | Schweizversand.ch","og_description":"Kynast LED Tischleuchte mit Solarpanel g\u00fcnstig kaufen bei Schweizversand.ch. Schnelle Lieferung in der Schweiz. Gratisversand ab CHF 50.","og_url":"https:\/\/schweizversand.ch\/fr\/produkt\/kynast-led-tischleuchte-mit-solarpanel\/","og_site_name":"Schweizer Shop f\u00fcr Sport, Spiel und Freizeit","article_publisher":"https:\/\/www.facebook.com\/Schweizversand","article_modified_time":"2026-04-20T07:25:36+00:00","og_image":[{"width":1024,"height":1024,"url":"https:\/\/schweizversand.ch\/wp-content\/uploads\/2026\/02\/5597857627.jpg","type":"image\/jpeg"}],"twitter_card":"summary_large_image","twitter_misc":{"Dur\u00e9e de lecture estim\u00e9e":"1 minute"},"schema":{"@context":"https:\/\/schema.org","@graph":[{"@type":"WebPage","@id":"https:\/\/schweizversand.ch\/fr\/produkt\/kynast-led-tischleuchte-mit-solarpanel\/","url":"https:\/\/schweizversand.ch\/fr\/produkt\/kynast-led-tischleuchte-mit-solarpanel\/","name":"Kynast LED Tischleuchte mit Solarpanel | Jetzt kaufen | Schweizversand.ch","isPartOf":{"@id":"https:\/\/schweizversand.ch\/fr\/#website"},"primaryImageOfPage":{"@id":"https:\/\/schweizversand.ch\/fr\/produkt\/kynast-led-tischleuchte-mit-solarpanel\/#primaryimage"},"image":{"@id":"https:\/\/schweizversand.ch\/fr\/produkt\/kynast-led-tischleuchte-mit-solarpanel\/#primaryimage"},"thumbnailUrl":"https:\/\/schweizversand.ch\/wp-content\/uploads\/2026\/02\/5597857627.jpg","datePublished":"2026-03-14T23:57:05+00:00","dateModified":"2026-04-20T07:25:36+00:00","description":"Kynast LED Tischleuchte mit Solarpanel g\u00fcnstig kaufen bei Schweizversand.ch. Schnelle Lieferung in der Schweiz. Gratisversand ab CHF 50.","breadcrumb":{"@id":"https:\/\/schweizversand.ch\/fr\/produkt\/kynast-led-tischleuchte-mit-solarpanel\/#breadcrumb"},"inLanguage":"fr-FR","potentialAction":[{"@type":"ReadAction","target":["https:\/\/schweizversand.ch\/fr\/produkt\/kynast-led-tischleuchte-mit-solarpanel\/"]}]},{"@type":"ImageObject","inLanguage":"fr-FR","@id":"https:\/\/schweizversand.ch\/fr\/produkt\/kynast-led-tischleuchte-mit-solarpanel\/#primaryimage","url":"https:\/\/schweizversand.ch\/wp-content\/uploads\/2026\/02\/5597857627.jpg","contentUrl":"https:\/\/schweizversand.ch\/wp-content\/uploads\/2026\/02\/5597857627.jpg","width":1024,"height":1024},{"@type":"BreadcrumbList","@id":"https:\/\/schweizversand.ch\/fr\/produkt\/kynast-led-tischleuchte-mit-solarpanel\/#breadcrumb","itemListElement":[{"@type":"ListItem","position":1,"name":"Startseite","item":"https:\/\/schweizversand.ch\/fr\/home\/"},{"@type":"ListItem","position":2,"name":"Boutique","item":"https:\/\/schweizversand.ch\/fr\/boutique\/"},{"@type":"ListItem","position":3,"name":"Maison et jardin","item":"https:\/\/schweizversand.ch\/fr\/produkt-kategorie\/maison-et-jardin\/"},{"@type":"ListItem","position":4,"name":"Mobilier de jardin","item":"https:\/\/schweizversand.ch\/fr\/produkt-kategorie\/maison-et-jardin\/mobilier-de-jardin\/"},{"@type":"ListItem","position":5,"name":"\u00c9clairage de jardin","item":"https:\/\/schweizversand.ch\/fr\/produkt-kategorie\/maison-et-jardin\/mobilier-de-jardin\/gartenbeleuchtung\/"},{"@type":"ListItem","position":6,"name":"Lampe de table LED Kynast avec panneau solaire"}]},{"@type":"WebSite","@id":"https:\/\/schweizversand.ch\/fr\/#website","url":"https:\/\/schweizversand.ch\/fr\/","name":"Schweizer Shop f\u00fcr Sport, Spiel und Freizeit","description":"Gratisversand ab 50.- (netto), ab eigenem schweizer Lager, Lieferung innert 48h","publisher":{"@id":"https:\/\/schweizversand.ch\/fr\/#organization"},"alternateName":"Schweizversand.ch","potentialAction":[{"@type":"SearchAction","target":{"@type":"EntryPoint","urlTemplate":"https:\/\/schweizversand.ch\/fr\/?s={search_term_string}"},"query-input":{"@type":"PropertyValueSpecification","valueRequired":true,"valueName":"search_term_string"}}],"inLanguage":"fr-FR"},{"@type":"Organization","@id":"https:\/\/schweizversand.ch\/fr\/#organization","name":"Schweizversand.ch","url":"https:\/\/schweizversand.ch\/fr\/","logo":{"@type":"ImageObject","inLanguage":"fr-FR","@id":"https:\/\/schweizversand.ch\/fr\/#\/schema\/logo\/image\/","url":"https:\/\/schweizversand.ch\/wp-content\/uploads\/2026\/03\/Logo_Rund_Final-1.png","contentUrl":"https:\/\/schweizversand.ch\/wp-content\/uploads\/2026\/03\/Logo_Rund_Final-1.png","width":404,"height":404,"caption":"Schweizversand.ch"},"image":{"@id":"https:\/\/schweizversand.ch\/fr\/#\/schema\/logo\/image\/"},"sameAs":["https:\/\/www.facebook.com\/Schweizversand","https:\/\/www.instagram.com\/schweizversand.ch\/"]}]}},"jetpack_sharing_enabled":true,"_links":{"self":[{"href":"https:\/\/schweizversand.ch\/fr\/wp-json\/wp\/v2\/product\/256325","targetHints":{"allow":["GET"]}}],"collection":[{"href":"https:\/\/schweizversand.ch\/fr\/wp-json\/wp\/v2\/product"}],"about":[{"href":"https:\/\/schweizversand.ch\/fr\/wp-json\/wp\/v2\/types\/product"}],"replies":[{"embeddable":true,"href":"https:\/\/schweizversand.ch\/fr\/wp-json\/wp\/v2\/comments?post=256325"}],"wp:featuredmedia":[{"embeddable":true,"href":"https:\/\/schweizversand.ch\/fr\/wp-json\/wp\/v2\/media\/167076"}],"wp:attachment":[{"href":"https:\/\/schweizversand.ch\/fr\/wp-json\/wp\/v2\/media?parent=256325"}],"wp:term":[{"taxonomy":"product_brand","embeddable":true,"href":"https:\/\/schweizversand.ch\/fr\/wp-json\/wp\/v2\/product_brand?post=256325"},{"taxonomy":"product_cat","embeddable":true,"href":"https:\/\/schweizversand.ch\/fr\/wp-json\/wp\/v2\/product_cat?post=256325"},{"taxonomy":"product_tag","embeddable":true,"href":"https:\/\/schweizversand.ch\/fr\/wp-json\/wp\/v2\/product_tag?post=256325"}],"curies":[{"name":"wp","href":"https:\/\/api.w.org\/{rel}","templated":true}]}}