{"id":256328,"date":"2026-03-15T00:57:28","date_gmt":"2026-03-14T23:57:28","guid":{"rendered":"https:\/\/schweizversand.ch\/produkt\/squishmallows-disney-plueschtier-mickey-mouse-zauberlehrling\/"},"modified":"2026-04-20T15:35:29","modified_gmt":"2026-04-20T13:35:29","slug":"squishmallows-disney-plueschtier-mickey-mouse-zauberlehrling","status":"publish","type":"product","link":"https:\/\/schweizversand.ch\/fr\/produkt\/squishmallows-disney-plueschtier-mickey-mouse-zauberlehrling\/","title":{"rendered":"Peluche Squishmallows Disney \u00ab Mickey l&rsquo;apprenti sorcier \u00bb"},"content":{"rendered":"<p>Disney 100 Squishmallows \u2013 Mickey l&rsquo;apprenti sorcier<\/p>\n<p>C\u00e9l\u00e9brez 100 ans de magie Disney avec ce Squishmallow exclusif Mickey l&rsquo;apprenti sorcier, tir\u00e9 du film Fantasia\u00a0!<\/p>\n<p>L&#8217;embl\u00e9matique apprenti sorcier se pr\u00e9sente sous la forme d&rsquo;une figurine adorable, parfaite pour les c\u00e2lins, les collections et les cadeaux.<\/p>\n<p>Ultra doux et de qualit\u00e9 sup\u00e9rieure\u00a0:<\/p>\n<p>Comme tous les Squishmallows originaux, cette peluche est fabriqu\u00e9e \u00e0 partir de mat\u00e9riaux ultra doux et de qualit\u00e9 sup\u00e9rieure, pour une douceur et un confort incomparables.<\/p>\n<p>Rejoignez votre \u00e9quipe\u00a0!<\/p>\n<p>Agrandissez votre collection de Squishmallows avec ce personnage Disney sp\u00e9cial et ramenez chez vous un morceau d&rsquo;histoire du cin\u00e9ma.<\/p>\n","protected":false},"excerpt":{"rendered":"<p>Disney 100 Squishmallows \u2013 Mickey l&rsquo;apprenti sorcier C\u00e9l\u00e9brez 100 ans de magie Disney avec ce Squishmallow exclusif Mickey l&rsquo;apprenti sorcier, tir\u00e9 du film Fantasia\u00a0! L&#8217;embl\u00e9matique apprenti sorcier se pr\u00e9sente sous la forme d&rsquo;une figurine adorable, parfaite pour les c\u00e2lins, les collections et les cadeaux. Ultra doux et de qualit\u00e9 sup\u00e9rieure\u00a0: Comme tous les Squishmallows originaux, cette peluche est fabriqu\u00e9e \u00e0 partir de mat\u00e9riaux ultra doux et de qualit\u00e9 sup\u00e9rieure, pour une douceur et un confort&hellip;<\/p>\n","protected":false},"featured_media":166048,"comment_status":"open","ping_status":"closed","template":"","meta":[],"product_brand":[],"product_cat":[38942],"product_tag":[],"class_list":{"0":"post-256328","1":"product","2":"type-product","3":"status-publish","4":"has-post-thumbnail","6":"product_cat-plueschtier","7":"product_shipping_class-global_methods","9":"first","10":"instock","11":"taxable","12":"shipping-taxable","13":"purchasable","14":"product-type-simple"},"yoast_head":"<!-- This site is optimized with the Yoast SEO plugin v27.4 - https:\/\/yoast.com\/product\/yoast-seo-wordpress\/ -->\n<title>Squishmallows Disney Pl\u00fcschtier &quot;Mickey Mouse Zauberlehrling&quot; | Jetzt kaufen | Schweizversand.ch<\/title>\n<meta name=\"description\" content=\"Squishmallows Disney Pl\u00fcschtier &quot;Mickey Mouse Zauberlehrling&quot; g\u00fcnstig kaufen bei Schweizversand.ch. Schnelle Lieferung in der Schweiz. Gratisversand ab CHF 50.\" \/>\n<meta name=\"robots\" content=\"index, follow, max-snippet:-1, max-image-preview:large, max-video-preview:-1\" \/>\n<link rel=\"canonical\" href=\"https:\/\/schweizversand.ch\/fr\/produkt\/squishmallows-disney-plueschtier-mickey-mouse-zauberlehrling\/\" \/>\n<meta property=\"og:locale\" content=\"fr_FR\" \/>\n<meta property=\"og:type\" content=\"article\" \/>\n<meta property=\"og:title\" content=\"Squishmallows Disney Pl\u00fcschtier &quot;Mickey Mouse Zauberlehrling&quot; | Jetzt kaufen | Schweizversand.ch\" \/>\n<meta property=\"og:description\" content=\"Squishmallows Disney Pl\u00fcschtier &quot;Mickey Mouse Zauberlehrling&quot; g\u00fcnstig kaufen bei Schweizversand.ch. Schnelle Lieferung in der Schweiz. Gratisversand ab CHF 50.\" \/>\n<meta property=\"og:url\" content=\"https:\/\/schweizversand.ch\/fr\/produkt\/squishmallows-disney-plueschtier-mickey-mouse-zauberlehrling\/\" \/>\n<meta property=\"og:site_name\" content=\"Schweizer Shop f\u00fcr Sport, Spiel und Freizeit\" \/>\n<meta property=\"article:publisher\" content=\"https:\/\/www.facebook.com\/Schweizversand\" \/>\n<meta property=\"article:modified_time\" content=\"2026-04-20T13:35:29+00:00\" \/>\n<meta name=\"twitter:card\" content=\"summary_large_image\" \/>\n<meta name=\"twitter:label1\" content=\"Dur\u00e9e de lecture estim\u00e9e\" \/>\n\t<meta name=\"twitter:data1\" content=\"1 minute\" \/>\n<script type=\"application\/ld+json\" class=\"yoast-schema-graph\">{\"@context\":\"https:\\\/\\\/schema.org\",\"@graph\":[{\"@type\":\"WebPage\",\"@id\":\"https:\\\/\\\/schweizversand.ch\\\/fr\\\/produkt\\\/squishmallows-disney-plueschtier-mickey-mouse-zauberlehrling\\\/\",\"url\":\"https:\\\/\\\/schweizversand.ch\\\/fr\\\/produkt\\\/squishmallows-disney-plueschtier-mickey-mouse-zauberlehrling\\\/\",\"name\":\"Squishmallows Disney Pl\u00fcschtier \\\"Mickey Mouse Zauberlehrling\\\" | Jetzt kaufen | Schweizversand.ch\",\"isPartOf\":{\"@id\":\"https:\\\/\\\/schweizversand.ch\\\/fr\\\/#website\"},\"primaryImageOfPage\":{\"@id\":\"https:\\\/\\\/schweizversand.ch\\\/fr\\\/produkt\\\/squishmallows-disney-plueschtier-mickey-mouse-zauberlehrling\\\/#primaryimage\"},\"image\":{\"@id\":\"https:\\\/\\\/schweizversand.ch\\\/fr\\\/produkt\\\/squishmallows-disney-plueschtier-mickey-mouse-zauberlehrling\\\/#primaryimage\"},\"thumbnailUrl\":\"https:\\\/\\\/schweizversand.ch\\\/wp-content\\\/uploads\\\/2026\\\/02\\\/5472031664.jpg\",\"datePublished\":\"2026-03-14T23:57:28+00:00\",\"dateModified\":\"2026-04-20T13:35:29+00:00\",\"description\":\"Squishmallows Disney Pl\u00fcschtier \\\"Mickey Mouse Zauberlehrling\\\" g\u00fcnstig kaufen bei Schweizversand.ch. Schnelle Lieferung in der Schweiz. Gratisversand ab CHF 50.\",\"breadcrumb\":{\"@id\":\"https:\\\/\\\/schweizversand.ch\\\/fr\\\/produkt\\\/squishmallows-disney-plueschtier-mickey-mouse-zauberlehrling\\\/#breadcrumb\"},\"inLanguage\":\"fr-FR\",\"potentialAction\":[{\"@type\":\"ReadAction\",\"target\":[\"https:\\\/\\\/schweizversand.ch\\\/fr\\\/produkt\\\/squishmallows-disney-plueschtier-mickey-mouse-zauberlehrling\\\/\"]}]},{\"@type\":\"ImageObject\",\"inLanguage\":\"fr-FR\",\"@id\":\"https:\\\/\\\/schweizversand.ch\\\/fr\\\/produkt\\\/squishmallows-disney-plueschtier-mickey-mouse-zauberlehrling\\\/#primaryimage\",\"url\":\"https:\\\/\\\/schweizversand.ch\\\/wp-content\\\/uploads\\\/2026\\\/02\\\/5472031664.jpg\",\"contentUrl\":\"https:\\\/\\\/schweizversand.ch\\\/wp-content\\\/uploads\\\/2026\\\/02\\\/5472031664.jpg\",\"width\":780,\"height\":1024},{\"@type\":\"BreadcrumbList\",\"@id\":\"https:\\\/\\\/schweizversand.ch\\\/fr\\\/produkt\\\/squishmallows-disney-plueschtier-mickey-mouse-zauberlehrling\\\/#breadcrumb\",\"itemListElement\":[{\"@type\":\"ListItem\",\"position\":1,\"name\":\"Startseite\",\"item\":\"https:\\\/\\\/schweizversand.ch\\\/fr\\\/home\\\/\"},{\"@type\":\"ListItem\",\"position\":2,\"name\":\"Boutique\",\"item\":\"https:\\\/\\\/schweizversand.ch\\\/fr\\\/boutique\\\/\"},{\"@type\":\"ListItem\",\"position\":3,\"name\":\"Jouets et jeux\",\"item\":\"https:\\\/\\\/schweizversand.ch\\\/fr\\\/produkt-kategorie\\\/jouets-et-jeux\\\/\"},{\"@type\":\"ListItem\",\"position\":4,\"name\":\"Figurines et poup\u00e9es\",\"item\":\"https:\\\/\\\/schweizversand.ch\\\/fr\\\/produkt-kategorie\\\/jouets-et-jeux\\\/figurines-et-poupees\\\/\"},{\"@type\":\"ListItem\",\"position\":5,\"name\":\"Peluches\",\"item\":\"https:\\\/\\\/schweizversand.ch\\\/fr\\\/produkt-kategorie\\\/plueschtier\\\/\"},{\"@type\":\"ListItem\",\"position\":6,\"name\":\"Peluche Squishmallows Disney \u00ab Mickey l&#8217;apprenti sorcier \u00bb\"}]},{\"@type\":\"WebSite\",\"@id\":\"https:\\\/\\\/schweizversand.ch\\\/fr\\\/#website\",\"url\":\"https:\\\/\\\/schweizversand.ch\\\/fr\\\/\",\"name\":\"Schweizer Shop f\u00fcr Sport, Spiel und Freizeit\",\"description\":\"Gratisversand ab 50.- (netto), ab eigenem schweizer Lager, Lieferung innert 48h\",\"publisher\":{\"@id\":\"https:\\\/\\\/schweizversand.ch\\\/fr\\\/#organization\"},\"alternateName\":\"Schweizversand.ch\",\"potentialAction\":[{\"@type\":\"SearchAction\",\"target\":{\"@type\":\"EntryPoint\",\"urlTemplate\":\"https:\\\/\\\/schweizversand.ch\\\/fr\\\/?s={search_term_string}\"},\"query-input\":{\"@type\":\"PropertyValueSpecification\",\"valueRequired\":true,\"valueName\":\"search_term_string\"}}],\"inLanguage\":\"fr-FR\"},{\"@type\":\"Organization\",\"@id\":\"https:\\\/\\\/schweizversand.ch\\\/fr\\\/#organization\",\"name\":\"Schweizversand.ch\",\"url\":\"https:\\\/\\\/schweizversand.ch\\\/fr\\\/\",\"logo\":{\"@type\":\"ImageObject\",\"inLanguage\":\"fr-FR\",\"@id\":\"https:\\\/\\\/schweizversand.ch\\\/fr\\\/#\\\/schema\\\/logo\\\/image\\\/\",\"url\":\"https:\\\/\\\/schweizversand.ch\\\/wp-content\\\/uploads\\\/2026\\\/03\\\/Logo_Rund_Final-1.png\",\"contentUrl\":\"https:\\\/\\\/schweizversand.ch\\\/wp-content\\\/uploads\\\/2026\\\/03\\\/Logo_Rund_Final-1.png\",\"width\":404,\"height\":404,\"caption\":\"Schweizversand.ch\"},\"image\":{\"@id\":\"https:\\\/\\\/schweizversand.ch\\\/fr\\\/#\\\/schema\\\/logo\\\/image\\\/\"},\"sameAs\":[\"https:\\\/\\\/www.facebook.com\\\/Schweizversand\",\"https:\\\/\\\/www.instagram.com\\\/schweizversand.ch\\\/\"]}]}<\/script>\n<!-- \/ Yoast SEO plugin. -->","yoast_head_json":{"title":"Squishmallows Disney Pl\u00fcschtier \"Mickey Mouse Zauberlehrling\" | Jetzt kaufen | Schweizversand.ch","description":"Squishmallows Disney Pl\u00fcschtier \"Mickey Mouse Zauberlehrling\" g\u00fcnstig kaufen bei Schweizversand.ch. Schnelle Lieferung in der Schweiz. Gratisversand ab CHF 50.","robots":{"index":"index","follow":"follow","max-snippet":"max-snippet:-1","max-image-preview":"max-image-preview:large","max-video-preview":"max-video-preview:-1"},"canonical":"https:\/\/schweizversand.ch\/fr\/produkt\/squishmallows-disney-plueschtier-mickey-mouse-zauberlehrling\/","og_locale":"fr_FR","og_type":"article","og_title":"Squishmallows Disney Pl\u00fcschtier \"Mickey Mouse Zauberlehrling\" | Jetzt kaufen | Schweizversand.ch","og_description":"Squishmallows Disney Pl\u00fcschtier \"Mickey Mouse Zauberlehrling\" g\u00fcnstig kaufen bei Schweizversand.ch. Schnelle Lieferung in der Schweiz. Gratisversand ab CHF 50.","og_url":"https:\/\/schweizversand.ch\/fr\/produkt\/squishmallows-disney-plueschtier-mickey-mouse-zauberlehrling\/","og_site_name":"Schweizer Shop f\u00fcr Sport, Spiel und Freizeit","article_publisher":"https:\/\/www.facebook.com\/Schweizversand","article_modified_time":"2026-04-20T13:35:29+00:00","twitter_card":"summary_large_image","twitter_misc":{"Dur\u00e9e de lecture estim\u00e9e":"1 minute"},"schema":{"@context":"https:\/\/schema.org","@graph":[{"@type":"WebPage","@id":"https:\/\/schweizversand.ch\/fr\/produkt\/squishmallows-disney-plueschtier-mickey-mouse-zauberlehrling\/","url":"https:\/\/schweizversand.ch\/fr\/produkt\/squishmallows-disney-plueschtier-mickey-mouse-zauberlehrling\/","name":"Squishmallows Disney Pl\u00fcschtier \"Mickey Mouse Zauberlehrling\" | Jetzt kaufen | Schweizversand.ch","isPartOf":{"@id":"https:\/\/schweizversand.ch\/fr\/#website"},"primaryImageOfPage":{"@id":"https:\/\/schweizversand.ch\/fr\/produkt\/squishmallows-disney-plueschtier-mickey-mouse-zauberlehrling\/#primaryimage"},"image":{"@id":"https:\/\/schweizversand.ch\/fr\/produkt\/squishmallows-disney-plueschtier-mickey-mouse-zauberlehrling\/#primaryimage"},"thumbnailUrl":"https:\/\/schweizversand.ch\/wp-content\/uploads\/2026\/02\/5472031664.jpg","datePublished":"2026-03-14T23:57:28+00:00","dateModified":"2026-04-20T13:35:29+00:00","description":"Squishmallows Disney Pl\u00fcschtier \"Mickey Mouse Zauberlehrling\" g\u00fcnstig kaufen bei Schweizversand.ch. Schnelle Lieferung in der Schweiz. Gratisversand ab CHF 50.","breadcrumb":{"@id":"https:\/\/schweizversand.ch\/fr\/produkt\/squishmallows-disney-plueschtier-mickey-mouse-zauberlehrling\/#breadcrumb"},"inLanguage":"fr-FR","potentialAction":[{"@type":"ReadAction","target":["https:\/\/schweizversand.ch\/fr\/produkt\/squishmallows-disney-plueschtier-mickey-mouse-zauberlehrling\/"]}]},{"@type":"ImageObject","inLanguage":"fr-FR","@id":"https:\/\/schweizversand.ch\/fr\/produkt\/squishmallows-disney-plueschtier-mickey-mouse-zauberlehrling\/#primaryimage","url":"https:\/\/schweizversand.ch\/wp-content\/uploads\/2026\/02\/5472031664.jpg","contentUrl":"https:\/\/schweizversand.ch\/wp-content\/uploads\/2026\/02\/5472031664.jpg","width":780,"height":1024},{"@type":"BreadcrumbList","@id":"https:\/\/schweizversand.ch\/fr\/produkt\/squishmallows-disney-plueschtier-mickey-mouse-zauberlehrling\/#breadcrumb","itemListElement":[{"@type":"ListItem","position":1,"name":"Startseite","item":"https:\/\/schweizversand.ch\/fr\/home\/"},{"@type":"ListItem","position":2,"name":"Boutique","item":"https:\/\/schweizversand.ch\/fr\/boutique\/"},{"@type":"ListItem","position":3,"name":"Jouets et jeux","item":"https:\/\/schweizversand.ch\/fr\/produkt-kategorie\/jouets-et-jeux\/"},{"@type":"ListItem","position":4,"name":"Figurines et poup\u00e9es","item":"https:\/\/schweizversand.ch\/fr\/produkt-kategorie\/jouets-et-jeux\/figurines-et-poupees\/"},{"@type":"ListItem","position":5,"name":"Peluches","item":"https:\/\/schweizversand.ch\/fr\/produkt-kategorie\/plueschtier\/"},{"@type":"ListItem","position":6,"name":"Peluche Squishmallows Disney \u00ab Mickey l&#8217;apprenti sorcier \u00bb"}]},{"@type":"WebSite","@id":"https:\/\/schweizversand.ch\/fr\/#website","url":"https:\/\/schweizversand.ch\/fr\/","name":"Schweizer Shop f\u00fcr Sport, Spiel und Freizeit","description":"Gratisversand ab 50.- (netto), ab eigenem schweizer Lager, Lieferung innert 48h","publisher":{"@id":"https:\/\/schweizversand.ch\/fr\/#organization"},"alternateName":"Schweizversand.ch","potentialAction":[{"@type":"SearchAction","target":{"@type":"EntryPoint","urlTemplate":"https:\/\/schweizversand.ch\/fr\/?s={search_term_string}"},"query-input":{"@type":"PropertyValueSpecification","valueRequired":true,"valueName":"search_term_string"}}],"inLanguage":"fr-FR"},{"@type":"Organization","@id":"https:\/\/schweizversand.ch\/fr\/#organization","name":"Schweizversand.ch","url":"https:\/\/schweizversand.ch\/fr\/","logo":{"@type":"ImageObject","inLanguage":"fr-FR","@id":"https:\/\/schweizversand.ch\/fr\/#\/schema\/logo\/image\/","url":"https:\/\/schweizversand.ch\/wp-content\/uploads\/2026\/03\/Logo_Rund_Final-1.png","contentUrl":"https:\/\/schweizversand.ch\/wp-content\/uploads\/2026\/03\/Logo_Rund_Final-1.png","width":404,"height":404,"caption":"Schweizversand.ch"},"image":{"@id":"https:\/\/schweizversand.ch\/fr\/#\/schema\/logo\/image\/"},"sameAs":["https:\/\/www.facebook.com\/Schweizversand","https:\/\/www.instagram.com\/schweizversand.ch\/"]}]}},"jetpack_sharing_enabled":true,"_links":{"self":[{"href":"https:\/\/schweizversand.ch\/fr\/wp-json\/wp\/v2\/product\/256328","targetHints":{"allow":["GET"]}}],"collection":[{"href":"https:\/\/schweizversand.ch\/fr\/wp-json\/wp\/v2\/product"}],"about":[{"href":"https:\/\/schweizversand.ch\/fr\/wp-json\/wp\/v2\/types\/product"}],"replies":[{"embeddable":true,"href":"https:\/\/schweizversand.ch\/fr\/wp-json\/wp\/v2\/comments?post=256328"}],"wp:featuredmedia":[{"embeddable":true,"href":"https:\/\/schweizversand.ch\/fr\/wp-json\/wp\/v2\/media\/166048"}],"wp:attachment":[{"href":"https:\/\/schweizversand.ch\/fr\/wp-json\/wp\/v2\/media?parent=256328"}],"wp:term":[{"taxonomy":"product_brand","embeddable":true,"href":"https:\/\/schweizversand.ch\/fr\/wp-json\/wp\/v2\/product_brand?post=256328"},{"taxonomy":"product_cat","embeddable":true,"href":"https:\/\/schweizversand.ch\/fr\/wp-json\/wp\/v2\/product_cat?post=256328"},{"taxonomy":"product_tag","embeddable":true,"href":"https:\/\/schweizversand.ch\/fr\/wp-json\/wp\/v2\/product_tag?post=256328"}],"curies":[{"name":"wp","href":"https:\/\/api.w.org\/{rel}","templated":true}]}}