{"id":256333,"date":"2026-03-15T00:57:33","date_gmt":"2026-03-14T23:57:33","guid":{"rendered":"https:\/\/schweizversand.ch\/produkt\/hudora-protektoren-led-0-6kg-l\/"},"modified":"2026-04-07T15:35:14","modified_gmt":"2026-04-07T13:35:14","slug":"hudora-protektoren-led-0-6kg-l","status":"publish","type":"product","link":"https:\/\/schweizversand.ch\/fr\/produkt\/hudora-protektoren-led-0-6kg-l\/","title":{"rendered":"Protecteurs LED Hudora"},"content":{"rendered":"<p>Informations produit \u00ab\u00a0Protections LED HUDORA\u00a0\u00bb<\/p>\n<p>Quand on est vraiment \u00e0 fond, m\u00eame la tomb\u00e9e de la nuit ne nous arr\u00eate pas\u00a0:<\/p>\n<p>Les protections LED HUDORA offrent une protection optimale en conditions de faible luminosit\u00e9 et une visibilit\u00e9 maximale. Onze LED int\u00e9gr\u00e9es aux coques des coudi\u00e8res et des genouill\u00e8res assurent une visibilit\u00e9 optimale sur les patins, trottinettes, trottinettes \u00e9lectriques et skateboards. La lumi\u00e8re blanche sur les genoux \u00e9claire l\u2019avant, tandis que les LED rouges sur les coudes \u00e9clairent l\u2019arri\u00e8re et les c\u00f4t\u00e9s. Disponibles en tailles S, M et L, en noir ou gris\/argent, ces protections incluent des gants avec r\u00e9flecteurs. Pour enfants, adolescents et adultes\u00a0: s\u00e9curit\u00e9 optimale et confort maximal\u00a0!<\/p>\n<p>LED lumineuses pour une s\u00e9curit\u00e9 accrue en conditions de faible luminosit\u00e9<\/p>\n<p>4 x 11 LED int\u00e9gr\u00e9es aux protections<\/p>\n<p>Lumi\u00e8re rouge de signalisation sur les coudes, \u00e9clairant vers l&rsquo;arri\u00e8re et les c\u00f4t\u00e9s<\/p>\n<p>Lumi\u00e8re blanche sur les genoux, \u00e9clairant vers l&rsquo;avant<\/p>\n<p>Id\u00e9al pour une utilisation sur trottinettes et scooters \u00e9lectriques<\/p>\n<p>Kit de protection complet avec prot\u00e8ge-mains (LED non incluses)<\/p>\n<p>Tailles disponibles\u00a0: S, M, L<\/p>\n<p>4 piles incluses\u00a0: CR2032, Lithium 3\u00a0V<\/p>\n<p>Attention\u00a0: Utiliser uniquement avec un \u00e9quipement de protection. Ne pas utiliser sur la voie publique. Veuillez consulter la notice de montage et d&rsquo;utilisation pour plus d&rsquo;informations et les avertissements.<\/p>\n<p>Caract\u00e9ristiques<\/p>\n<p>Pour : Adultes, adolescents, enfants<\/p>\n<p>Vente group\u00e9e : Non<\/p>\n<p>Taille unique : L, M, S<\/p>\n<p>Fonction lumineuse : Oui<\/p>\n<p>Caract\u00e9ristiques : Lumi\u00e8res LED, voyant rouge aux coudes, voyant blanc aux genoux<\/p>\n<p>Accessoires : 4 piles CR2032 incluses<\/p>\n","protected":false},"excerpt":{"rendered":"<p>Informations produit \u00ab\u00a0Protections LED HUDORA\u00a0\u00bb Quand on est vraiment \u00e0 fond, m\u00eame la tomb\u00e9e de la nuit ne nous arr\u00eate pas\u00a0: Les protections LED HUDORA offrent une protection optimale en conditions de faible luminosit\u00e9 et une visibilit\u00e9 maximale. Onze LED int\u00e9gr\u00e9es aux coques des coudi\u00e8res et des genouill\u00e8res assurent une visibilit\u00e9 optimale sur les patins, trottinettes, trottinettes \u00e9lectriques et skateboards. La lumi\u00e8re blanche sur les genoux \u00e9claire l\u2019avant, tandis que les LED rouges sur les&hellip;<\/p>\n","protected":false},"featured_media":257592,"comment_status":"open","ping_status":"closed","template":"","meta":[],"product_brand":[],"product_cat":[38884,39054],"product_tag":[],"class_list":{"0":"post-256333","1":"product","2":"type-product","3":"status-publish","4":"has-post-thumbnail","6":"product_cat-protections","7":"product_cat-sports-a-roulettes","8":"product_shipping_class-global_methods","10":"first","11":"instock","12":"taxable","13":"shipping-taxable","14":"purchasable","15":"product-type-simple"},"yoast_head":"<!-- This site is optimized with the Yoast SEO plugin v27.3 - https:\/\/yoast.com\/product\/yoast-seo-wordpress\/ -->\n<title>Hudora Protektoren LED | Jetzt kaufen | Schweizversand.ch<\/title>\n<meta name=\"description\" content=\"Hudora Protektoren LED g\u00fcnstig kaufen bei Schweizversand.ch. Schnelle Lieferung in der Schweiz. Gratisversand ab CHF 50.\" \/>\n<meta name=\"robots\" content=\"index, follow, max-snippet:-1, max-image-preview:large, max-video-preview:-1\" \/>\n<link rel=\"canonical\" href=\"https:\/\/schweizversand.ch\/fr\/produkt\/hudora-protektoren-led-0-6kg-l\/\" \/>\n<meta property=\"og:locale\" content=\"fr_FR\" \/>\n<meta property=\"og:type\" content=\"article\" \/>\n<meta property=\"og:title\" content=\"Hudora Protektoren LED | Jetzt kaufen | Schweizversand.ch\" \/>\n<meta property=\"og:description\" content=\"Hudora Protektoren LED g\u00fcnstig kaufen bei Schweizversand.ch. Schnelle Lieferung in der Schweiz. Gratisversand ab CHF 50.\" \/>\n<meta property=\"og:url\" content=\"https:\/\/schweizversand.ch\/fr\/produkt\/hudora-protektoren-led-0-6kg-l\/\" \/>\n<meta property=\"og:site_name\" content=\"Schweizer Shop f\u00fcr Sport, Spiel und Freizeit\" \/>\n<meta property=\"article:publisher\" content=\"https:\/\/www.facebook.com\/Schweizversand\" \/>\n<meta property=\"article:modified_time\" content=\"2026-04-07T13:35:14+00:00\" \/>\n<meta property=\"og:image\" content=\"https:\/\/schweizversand.ch\/wp-content\/uploads\/2026\/03\/5473309884-scaled.jpg\" \/>\n\t<meta property=\"og:image:width\" content=\"1920\" \/>\n\t<meta property=\"og:image:height\" content=\"2560\" \/>\n\t<meta property=\"og:image:type\" content=\"image\/jpeg\" \/>\n<meta name=\"twitter:card\" content=\"summary_large_image\" \/>\n<meta name=\"twitter:label1\" content=\"Dur\u00e9e de lecture estim\u00e9e\" \/>\n\t<meta name=\"twitter:data1\" content=\"1 minute\" \/>\n<script type=\"application\/ld+json\" class=\"yoast-schema-graph\">{\"@context\":\"https:\\\/\\\/schema.org\",\"@graph\":[{\"@type\":\"WebPage\",\"@id\":\"https:\\\/\\\/schweizversand.ch\\\/fr\\\/produkt\\\/hudora-protektoren-led-0-6kg-l\\\/\",\"url\":\"https:\\\/\\\/schweizversand.ch\\\/fr\\\/produkt\\\/hudora-protektoren-led-0-6kg-l\\\/\",\"name\":\"Hudora Protektoren LED | Jetzt kaufen | Schweizversand.ch\",\"isPartOf\":{\"@id\":\"https:\\\/\\\/schweizversand.ch\\\/fr\\\/#website\"},\"primaryImageOfPage\":{\"@id\":\"https:\\\/\\\/schweizversand.ch\\\/fr\\\/produkt\\\/hudora-protektoren-led-0-6kg-l\\\/#primaryimage\"},\"image\":{\"@id\":\"https:\\\/\\\/schweizversand.ch\\\/fr\\\/produkt\\\/hudora-protektoren-led-0-6kg-l\\\/#primaryimage\"},\"thumbnailUrl\":\"https:\\\/\\\/schweizversand.ch\\\/wp-content\\\/uploads\\\/2026\\\/03\\\/5473309884-scaled.jpg\",\"datePublished\":\"2026-03-14T23:57:33+00:00\",\"dateModified\":\"2026-04-07T13:35:14+00:00\",\"description\":\"Hudora Protektoren LED g\u00fcnstig kaufen bei Schweizversand.ch. Schnelle Lieferung in der Schweiz. Gratisversand ab CHF 50.\",\"breadcrumb\":{\"@id\":\"https:\\\/\\\/schweizversand.ch\\\/fr\\\/produkt\\\/hudora-protektoren-led-0-6kg-l\\\/#breadcrumb\"},\"inLanguage\":\"fr-FR\",\"potentialAction\":[{\"@type\":\"ReadAction\",\"target\":[\"https:\\\/\\\/schweizversand.ch\\\/fr\\\/produkt\\\/hudora-protektoren-led-0-6kg-l\\\/\"]}]},{\"@type\":\"ImageObject\",\"inLanguage\":\"fr-FR\",\"@id\":\"https:\\\/\\\/schweizversand.ch\\\/fr\\\/produkt\\\/hudora-protektoren-led-0-6kg-l\\\/#primaryimage\",\"url\":\"https:\\\/\\\/schweizversand.ch\\\/wp-content\\\/uploads\\\/2026\\\/03\\\/5473309884-scaled.jpg\",\"contentUrl\":\"https:\\\/\\\/schweizversand.ch\\\/wp-content\\\/uploads\\\/2026\\\/03\\\/5473309884-scaled.jpg\",\"width\":1920,\"height\":2560},{\"@type\":\"BreadcrumbList\",\"@id\":\"https:\\\/\\\/schweizversand.ch\\\/fr\\\/produkt\\\/hudora-protektoren-led-0-6kg-l\\\/#breadcrumb\",\"itemListElement\":[{\"@type\":\"ListItem\",\"position\":1,\"name\":\"Startseite\",\"item\":\"https:\\\/\\\/schweizversand.ch\\\/fr\\\/\"},{\"@type\":\"ListItem\",\"position\":2,\"name\":\"Boutique\",\"item\":\"https:\\\/\\\/schweizversand.ch\\\/fr\\\/boutique\\\/\"},{\"@type\":\"ListItem\",\"position\":3,\"name\":\"Protecteurs LED Hudora\"}]},{\"@type\":\"WebSite\",\"@id\":\"https:\\\/\\\/schweizversand.ch\\\/fr\\\/#website\",\"url\":\"https:\\\/\\\/schweizversand.ch\\\/fr\\\/\",\"name\":\"Schweizer Shop f\u00fcr Sport, Spiel und Freizeit\",\"description\":\"Gratisversand ab 50.- (netto), ab eigenem schweizer Lager, Lieferung innert 48h\",\"publisher\":{\"@id\":\"https:\\\/\\\/schweizversand.ch\\\/fr\\\/#organization\"},\"alternateName\":\"Schweizversand.ch\",\"potentialAction\":[{\"@type\":\"SearchAction\",\"target\":{\"@type\":\"EntryPoint\",\"urlTemplate\":\"https:\\\/\\\/schweizversand.ch\\\/fr\\\/?s={search_term_string}\"},\"query-input\":{\"@type\":\"PropertyValueSpecification\",\"valueRequired\":true,\"valueName\":\"search_term_string\"}}],\"inLanguage\":\"fr-FR\"},{\"@type\":\"Organization\",\"@id\":\"https:\\\/\\\/schweizversand.ch\\\/fr\\\/#organization\",\"name\":\"Schweizversand.ch\",\"url\":\"https:\\\/\\\/schweizversand.ch\\\/fr\\\/\",\"logo\":{\"@type\":\"ImageObject\",\"inLanguage\":\"fr-FR\",\"@id\":\"https:\\\/\\\/schweizversand.ch\\\/fr\\\/#\\\/schema\\\/logo\\\/image\\\/\",\"url\":\"https:\\\/\\\/schweizversand.ch\\\/wp-content\\\/uploads\\\/2026\\\/03\\\/Logo_Rund_Final-1.png\",\"contentUrl\":\"https:\\\/\\\/schweizversand.ch\\\/wp-content\\\/uploads\\\/2026\\\/03\\\/Logo_Rund_Final-1.png\",\"width\":404,\"height\":404,\"caption\":\"Schweizversand.ch\"},\"image\":{\"@id\":\"https:\\\/\\\/schweizversand.ch\\\/fr\\\/#\\\/schema\\\/logo\\\/image\\\/\"},\"sameAs\":[\"https:\\\/\\\/www.facebook.com\\\/Schweizversand\",\"https:\\\/\\\/www.instagram.com\\\/schweizversand.ch\\\/\"]}]}<\/script>\n<!-- \/ Yoast SEO plugin. -->","yoast_head_json":{"title":"Hudora Protektoren LED | Jetzt kaufen | Schweizversand.ch","description":"Hudora Protektoren LED g\u00fcnstig kaufen bei Schweizversand.ch. Schnelle Lieferung in der Schweiz. Gratisversand ab CHF 50.","robots":{"index":"index","follow":"follow","max-snippet":"max-snippet:-1","max-image-preview":"max-image-preview:large","max-video-preview":"max-video-preview:-1"},"canonical":"https:\/\/schweizversand.ch\/fr\/produkt\/hudora-protektoren-led-0-6kg-l\/","og_locale":"fr_FR","og_type":"article","og_title":"Hudora Protektoren LED | Jetzt kaufen | Schweizversand.ch","og_description":"Hudora Protektoren LED g\u00fcnstig kaufen bei Schweizversand.ch. Schnelle Lieferung in der Schweiz. Gratisversand ab CHF 50.","og_url":"https:\/\/schweizversand.ch\/fr\/produkt\/hudora-protektoren-led-0-6kg-l\/","og_site_name":"Schweizer Shop f\u00fcr Sport, Spiel und Freizeit","article_publisher":"https:\/\/www.facebook.com\/Schweizversand","article_modified_time":"2026-04-07T13:35:14+00:00","og_image":[{"width":1920,"height":2560,"url":"https:\/\/schweizversand.ch\/wp-content\/uploads\/2026\/03\/5473309884-scaled.jpg","type":"image\/jpeg"}],"twitter_card":"summary_large_image","twitter_misc":{"Dur\u00e9e de lecture estim\u00e9e":"1 minute"},"schema":{"@context":"https:\/\/schema.org","@graph":[{"@type":"WebPage","@id":"https:\/\/schweizversand.ch\/fr\/produkt\/hudora-protektoren-led-0-6kg-l\/","url":"https:\/\/schweizversand.ch\/fr\/produkt\/hudora-protektoren-led-0-6kg-l\/","name":"Hudora Protektoren LED | Jetzt kaufen | Schweizversand.ch","isPartOf":{"@id":"https:\/\/schweizversand.ch\/fr\/#website"},"primaryImageOfPage":{"@id":"https:\/\/schweizversand.ch\/fr\/produkt\/hudora-protektoren-led-0-6kg-l\/#primaryimage"},"image":{"@id":"https:\/\/schweizversand.ch\/fr\/produkt\/hudora-protektoren-led-0-6kg-l\/#primaryimage"},"thumbnailUrl":"https:\/\/schweizversand.ch\/wp-content\/uploads\/2026\/03\/5473309884-scaled.jpg","datePublished":"2026-03-14T23:57:33+00:00","dateModified":"2026-04-07T13:35:14+00:00","description":"Hudora Protektoren LED g\u00fcnstig kaufen bei Schweizversand.ch. Schnelle Lieferung in der Schweiz. Gratisversand ab CHF 50.","breadcrumb":{"@id":"https:\/\/schweizversand.ch\/fr\/produkt\/hudora-protektoren-led-0-6kg-l\/#breadcrumb"},"inLanguage":"fr-FR","potentialAction":[{"@type":"ReadAction","target":["https:\/\/schweizversand.ch\/fr\/produkt\/hudora-protektoren-led-0-6kg-l\/"]}]},{"@type":"ImageObject","inLanguage":"fr-FR","@id":"https:\/\/schweizversand.ch\/fr\/produkt\/hudora-protektoren-led-0-6kg-l\/#primaryimage","url":"https:\/\/schweizversand.ch\/wp-content\/uploads\/2026\/03\/5473309884-scaled.jpg","contentUrl":"https:\/\/schweizversand.ch\/wp-content\/uploads\/2026\/03\/5473309884-scaled.jpg","width":1920,"height":2560},{"@type":"BreadcrumbList","@id":"https:\/\/schweizversand.ch\/fr\/produkt\/hudora-protektoren-led-0-6kg-l\/#breadcrumb","itemListElement":[{"@type":"ListItem","position":1,"name":"Startseite","item":"https:\/\/schweizversand.ch\/fr\/"},{"@type":"ListItem","position":2,"name":"Boutique","item":"https:\/\/schweizversand.ch\/fr\/boutique\/"},{"@type":"ListItem","position":3,"name":"Protecteurs LED Hudora"}]},{"@type":"WebSite","@id":"https:\/\/schweizversand.ch\/fr\/#website","url":"https:\/\/schweizversand.ch\/fr\/","name":"Schweizer Shop f\u00fcr Sport, Spiel und Freizeit","description":"Gratisversand ab 50.- (netto), ab eigenem schweizer Lager, Lieferung innert 48h","publisher":{"@id":"https:\/\/schweizversand.ch\/fr\/#organization"},"alternateName":"Schweizversand.ch","potentialAction":[{"@type":"SearchAction","target":{"@type":"EntryPoint","urlTemplate":"https:\/\/schweizversand.ch\/fr\/?s={search_term_string}"},"query-input":{"@type":"PropertyValueSpecification","valueRequired":true,"valueName":"search_term_string"}}],"inLanguage":"fr-FR"},{"@type":"Organization","@id":"https:\/\/schweizversand.ch\/fr\/#organization","name":"Schweizversand.ch","url":"https:\/\/schweizversand.ch\/fr\/","logo":{"@type":"ImageObject","inLanguage":"fr-FR","@id":"https:\/\/schweizversand.ch\/fr\/#\/schema\/logo\/image\/","url":"https:\/\/schweizversand.ch\/wp-content\/uploads\/2026\/03\/Logo_Rund_Final-1.png","contentUrl":"https:\/\/schweizversand.ch\/wp-content\/uploads\/2026\/03\/Logo_Rund_Final-1.png","width":404,"height":404,"caption":"Schweizversand.ch"},"image":{"@id":"https:\/\/schweizversand.ch\/fr\/#\/schema\/logo\/image\/"},"sameAs":["https:\/\/www.facebook.com\/Schweizversand","https:\/\/www.instagram.com\/schweizversand.ch\/"]}]}},"jetpack_sharing_enabled":true,"_links":{"self":[{"href":"https:\/\/schweizversand.ch\/fr\/wp-json\/wp\/v2\/product\/256333","targetHints":{"allow":["GET"]}}],"collection":[{"href":"https:\/\/schweizversand.ch\/fr\/wp-json\/wp\/v2\/product"}],"about":[{"href":"https:\/\/schweizversand.ch\/fr\/wp-json\/wp\/v2\/types\/product"}],"replies":[{"embeddable":true,"href":"https:\/\/schweizversand.ch\/fr\/wp-json\/wp\/v2\/comments?post=256333"}],"wp:featuredmedia":[{"embeddable":true,"href":"https:\/\/schweizversand.ch\/fr\/wp-json\/wp\/v2\/media\/257592"}],"wp:attachment":[{"href":"https:\/\/schweizversand.ch\/fr\/wp-json\/wp\/v2\/media?parent=256333"}],"wp:term":[{"taxonomy":"product_brand","embeddable":true,"href":"https:\/\/schweizversand.ch\/fr\/wp-json\/wp\/v2\/product_brand?post=256333"},{"taxonomy":"product_cat","embeddable":true,"href":"https:\/\/schweizversand.ch\/fr\/wp-json\/wp\/v2\/product_cat?post=256333"},{"taxonomy":"product_tag","embeddable":true,"href":"https:\/\/schweizversand.ch\/fr\/wp-json\/wp\/v2\/product_tag?post=256333"}],"curies":[{"name":"wp","href":"https:\/\/api.w.org\/{rel}","templated":true}]}}