{"id":257092,"date":"2026-03-18T02:00:20","date_gmt":"2026-03-18T01:00:20","guid":{"rendered":"https:\/\/schweizversand.ch\/produkt\/philips-batterien-wiederaufladbar-4er-set\/"},"modified":"2026-04-07T15:33:29","modified_gmt":"2026-04-07T13:33:29","slug":"philips-batterien-wiederaufladbar-4er-set","status":"publish","type":"product","link":"https:\/\/schweizversand.ch\/fr\/produkt\/philips-batterien-wiederaufladbar-4er-set\/","title":{"rendered":"Piles rechargeables Philips, lot de 4"},"content":{"rendered":"<p>Piles rechargeables Philips AA 2500 mAh \u2013 Puissantes et rechargeables (lot de 4)<\/p>\n<p>Une alimentation fiable pour tous vos appareils \u2013 durable et performante.<\/p>\n<p>Avec les piles rechargeables Philips AA NiMH de haute qualit\u00e9, vous b\u00e9n\u00e9ficiez d&rsquo;une source d&rsquo;\u00e9nergie puissante, durable et \u00e9cologique pour vos appareils du quotidien. Gr\u00e2ce \u00e0 leur capacit\u00e9 de 2500 mAh, elles sont id\u00e9ales pour les applications gourmandes en \u00e9nergie telles que les appareils photo num\u00e9riques, les jouets, les t\u00e9l\u00e9commandes, les lampes torches ou les appareils sans fil.<\/p>\n<p>Haute capacit\u00e9 et longue autonomie<\/p>\n<p>La capacit\u00e9 de 2500 mAh garantit une autonomie prolong\u00e9e pour vos appareils \u2013 id\u00e9al lorsque vous avez besoin d&rsquo;une performance fiable.<\/p>\n<p>Rechargeables et \u00e9cologiques<\/p>\n<p>Jusqu&rsquo;\u00e0 1000 cycles de charge \u2013 pour faire des \u00e9conomies et r\u00e9duire les d\u00e9chets \u00e9lectroniques. Les piles rechargeables Philips sont une alternative intelligente et durable aux piles jetables.<\/p>\n<p>Pr\u00eates \u00e0 l&#8217;emploi et stockage longue dur\u00e9e<\/p>\n<p>Livr\u00e9es pr\u00e9charg\u00e9es\u00a0: il suffit de les d\u00e9baller et de les utiliser. La technologie NiMH moderne r\u00e9duit l&rsquo;autod\u00e9charge et conserve sa charge m\u00eame apr\u00e8s un stockage prolong\u00e9\u00a0: id\u00e9al pour faire des r\u00e9serves.<\/p>\n<p>Large compatibilit\u00e9<\/p>\n<p>Les batteries sont compatibles avec tous les chargeurs NiMH standard et se rechargent facilement. L&#8217;emballage pratique garantit un rangement s\u00fbr et ordonn\u00e9.<\/p>\n<p>Avantages du produit en un coup d&rsquo;\u0153il\u00a0:<\/p>\n<p>\u2022 Capacit\u00e9\u00a0: 2\u00a0500\u00a0mAh \u2013 pour une autonomie longue dur\u00e9e<\/p>\n<p>\u2022 Rechargeables jusqu&rsquo;\u00e0 1\u00a0000\u00a0fois<\/p>\n<p>\u2022 Pr\u00eates \u00e0 l&#8217;emploi \u2013 livr\u00e9es pr\u00e9charg\u00e9es<\/p>\n<p>\u2022 Faible autod\u00e9charge gr\u00e2ce \u00e0 la technologie NiMH<\/p>\n<p>\u2022 Alternative \u00e9cologique et \u00e9conomique<\/p>\n<p>\u2022 Compatibles avec les chargeurs NiMH standard<\/p>\n<p>\u2022 Contenu de la livraison\u00a0: 4\u00a0piles AA<\/p>\n<p>Faites des \u00e9conomies, prot\u00e9gez l&rsquo;environnement et profitez d&rsquo;une performance optimale avec les piles Philips AA 2\u00a0500\u00a0mAh. Passez-y d\u00e8s maintenant et b\u00e9n\u00e9ficiez-en sur le long terme\u00a0!<\/p>\n","protected":false},"excerpt":{"rendered":"<p>Piles rechargeables Philips AA 2500 mAh \u2013 Puissantes et rechargeables (lot de 4) Une alimentation fiable pour tous vos appareils \u2013 durable et performante. Avec les piles rechargeables Philips AA NiMH de haute qualit\u00e9, vous b\u00e9n\u00e9ficiez d&rsquo;une source d&rsquo;\u00e9nergie puissante, durable et \u00e9cologique pour vos appareils du quotidien. Gr\u00e2ce \u00e0 leur capacit\u00e9 de 2500 mAh, elles sont id\u00e9ales pour les applications gourmandes en \u00e9nergie telles que les appareils photo num\u00e9riques, les jouets, les t\u00e9l\u00e9commandes, les&hellip;<\/p>\n","protected":false},"featured_media":257123,"comment_status":"open","ping_status":"closed","template":"","meta":[],"product_brand":[],"product_cat":[38128,38131],"product_tag":[],"class_list":{"0":"post-257092","1":"product","2":"type-product","3":"status-publish","4":"has-post-thumbnail","6":"product_cat-batterien-akkus","7":"product_cat-piles-rechargeables","8":"product_shipping_class-global_methods","10":"first","11":"instock","12":"taxable","13":"shipping-taxable","14":"purchasable","15":"product-type-simple"},"yoast_head":"<!-- This site is optimized with the Yoast SEO plugin v27.3 - https:\/\/yoast.com\/product\/yoast-seo-wordpress\/ -->\n<title>Philips Batterien wiederaufladbar 4er-Set | Jetzt kaufen | Schweizversand.ch<\/title>\n<meta name=\"description\" content=\"Philips Batterien wiederaufladbar 4er-Set g\u00fcnstig kaufen bei Schweizversand.ch. Schnelle Lieferung in der Schweiz. Gratisversand ab CHF 50.\" \/>\n<meta name=\"robots\" content=\"index, follow, max-snippet:-1, max-image-preview:large, max-video-preview:-1\" \/>\n<link rel=\"canonical\" href=\"https:\/\/schweizversand.ch\/fr\/produkt\/philips-batterien-wiederaufladbar-4er-set\/\" \/>\n<meta property=\"og:locale\" content=\"fr_FR\" \/>\n<meta property=\"og:type\" content=\"article\" \/>\n<meta property=\"og:title\" content=\"Philips Batterien wiederaufladbar 4er-Set | Jetzt kaufen | Schweizversand.ch\" \/>\n<meta property=\"og:description\" content=\"Philips Batterien wiederaufladbar 4er-Set g\u00fcnstig kaufen bei Schweizversand.ch. Schnelle Lieferung in der Schweiz. Gratisversand ab CHF 50.\" \/>\n<meta property=\"og:url\" content=\"https:\/\/schweizversand.ch\/fr\/produkt\/philips-batterien-wiederaufladbar-4er-set\/\" \/>\n<meta property=\"og:site_name\" content=\"Schweizer Shop f\u00fcr Sport, Spiel und Freizeit\" \/>\n<meta property=\"article:publisher\" content=\"https:\/\/www.facebook.com\/Schweizversand\" \/>\n<meta property=\"article:modified_time\" content=\"2026-04-07T13:33:29+00:00\" \/>\n<meta name=\"twitter:card\" content=\"summary_large_image\" \/>\n<meta name=\"twitter:label1\" content=\"Dur\u00e9e de lecture estim\u00e9e\" \/>\n\t<meta name=\"twitter:data1\" content=\"1 minute\" \/>\n<script type=\"application\/ld+json\" class=\"yoast-schema-graph\">{\"@context\":\"https:\\\/\\\/schema.org\",\"@graph\":[{\"@type\":\"WebPage\",\"@id\":\"https:\\\/\\\/schweizversand.ch\\\/fr\\\/produkt\\\/philips-batterien-wiederaufladbar-4er-set\\\/\",\"url\":\"https:\\\/\\\/schweizversand.ch\\\/fr\\\/produkt\\\/philips-batterien-wiederaufladbar-4er-set\\\/\",\"name\":\"Philips Batterien wiederaufladbar 4er-Set | Jetzt kaufen | Schweizversand.ch\",\"isPartOf\":{\"@id\":\"https:\\\/\\\/schweizversand.ch\\\/fr\\\/#website\"},\"primaryImageOfPage\":{\"@id\":\"https:\\\/\\\/schweizversand.ch\\\/fr\\\/produkt\\\/philips-batterien-wiederaufladbar-4er-set\\\/#primaryimage\"},\"image\":{\"@id\":\"https:\\\/\\\/schweizversand.ch\\\/fr\\\/produkt\\\/philips-batterien-wiederaufladbar-4er-set\\\/#primaryimage\"},\"thumbnailUrl\":\"https:\\\/\\\/schweizversand.ch\\\/wp-content\\\/uploads\\\/2026\\\/03\\\/5471919027.jpg\",\"datePublished\":\"2026-03-18T01:00:20+00:00\",\"dateModified\":\"2026-04-07T13:33:29+00:00\",\"description\":\"Philips Batterien wiederaufladbar 4er-Set g\u00fcnstig kaufen bei Schweizversand.ch. Schnelle Lieferung in der Schweiz. Gratisversand ab CHF 50.\",\"breadcrumb\":{\"@id\":\"https:\\\/\\\/schweizversand.ch\\\/fr\\\/produkt\\\/philips-batterien-wiederaufladbar-4er-set\\\/#breadcrumb\"},\"inLanguage\":\"fr-FR\",\"potentialAction\":[{\"@type\":\"ReadAction\",\"target\":[\"https:\\\/\\\/schweizversand.ch\\\/fr\\\/produkt\\\/philips-batterien-wiederaufladbar-4er-set\\\/\"]}]},{\"@type\":\"ImageObject\",\"inLanguage\":\"fr-FR\",\"@id\":\"https:\\\/\\\/schweizversand.ch\\\/fr\\\/produkt\\\/philips-batterien-wiederaufladbar-4er-set\\\/#primaryimage\",\"url\":\"https:\\\/\\\/schweizversand.ch\\\/wp-content\\\/uploads\\\/2026\\\/03\\\/5471919027.jpg\",\"contentUrl\":\"https:\\\/\\\/schweizversand.ch\\\/wp-content\\\/uploads\\\/2026\\\/03\\\/5471919027.jpg\",\"width\":796,\"height\":1024},{\"@type\":\"BreadcrumbList\",\"@id\":\"https:\\\/\\\/schweizversand.ch\\\/fr\\\/produkt\\\/philips-batterien-wiederaufladbar-4er-set\\\/#breadcrumb\",\"itemListElement\":[{\"@type\":\"ListItem\",\"position\":1,\"name\":\"Startseite\",\"item\":\"https:\\\/\\\/schweizversand.ch\\\/fr\\\/\"},{\"@type\":\"ListItem\",\"position\":2,\"name\":\"Boutique\",\"item\":\"https:\\\/\\\/schweizversand.ch\\\/fr\\\/boutique\\\/\"},{\"@type\":\"ListItem\",\"position\":3,\"name\":\"Piles rechargeables Philips, lot de 4\"}]},{\"@type\":\"WebSite\",\"@id\":\"https:\\\/\\\/schweizversand.ch\\\/fr\\\/#website\",\"url\":\"https:\\\/\\\/schweizversand.ch\\\/fr\\\/\",\"name\":\"Schweizer Shop f\u00fcr Sport, Spiel und Freizeit\",\"description\":\"Gratisversand ab 50.- (netto), ab eigenem schweizer Lager, Lieferung innert 48h\",\"publisher\":{\"@id\":\"https:\\\/\\\/schweizversand.ch\\\/fr\\\/#organization\"},\"alternateName\":\"Schweizversand.ch\",\"potentialAction\":[{\"@type\":\"SearchAction\",\"target\":{\"@type\":\"EntryPoint\",\"urlTemplate\":\"https:\\\/\\\/schweizversand.ch\\\/fr\\\/?s={search_term_string}\"},\"query-input\":{\"@type\":\"PropertyValueSpecification\",\"valueRequired\":true,\"valueName\":\"search_term_string\"}}],\"inLanguage\":\"fr-FR\"},{\"@type\":\"Organization\",\"@id\":\"https:\\\/\\\/schweizversand.ch\\\/fr\\\/#organization\",\"name\":\"Schweizversand.ch\",\"url\":\"https:\\\/\\\/schweizversand.ch\\\/fr\\\/\",\"logo\":{\"@type\":\"ImageObject\",\"inLanguage\":\"fr-FR\",\"@id\":\"https:\\\/\\\/schweizversand.ch\\\/fr\\\/#\\\/schema\\\/logo\\\/image\\\/\",\"url\":\"https:\\\/\\\/schweizversand.ch\\\/wp-content\\\/uploads\\\/2026\\\/03\\\/Logo_Rund_Final-1.png\",\"contentUrl\":\"https:\\\/\\\/schweizversand.ch\\\/wp-content\\\/uploads\\\/2026\\\/03\\\/Logo_Rund_Final-1.png\",\"width\":404,\"height\":404,\"caption\":\"Schweizversand.ch\"},\"image\":{\"@id\":\"https:\\\/\\\/schweizversand.ch\\\/fr\\\/#\\\/schema\\\/logo\\\/image\\\/\"},\"sameAs\":[\"https:\\\/\\\/www.facebook.com\\\/Schweizversand\",\"https:\\\/\\\/www.instagram.com\\\/schweizversand.ch\\\/\"]}]}<\/script>\n<!-- \/ Yoast SEO plugin. -->","yoast_head_json":{"title":"Philips Batterien wiederaufladbar 4er-Set | Jetzt kaufen | Schweizversand.ch","description":"Philips Batterien wiederaufladbar 4er-Set g\u00fcnstig kaufen bei Schweizversand.ch. Schnelle Lieferung in der Schweiz. Gratisversand ab CHF 50.","robots":{"index":"index","follow":"follow","max-snippet":"max-snippet:-1","max-image-preview":"max-image-preview:large","max-video-preview":"max-video-preview:-1"},"canonical":"https:\/\/schweizversand.ch\/fr\/produkt\/philips-batterien-wiederaufladbar-4er-set\/","og_locale":"fr_FR","og_type":"article","og_title":"Philips Batterien wiederaufladbar 4er-Set | Jetzt kaufen | Schweizversand.ch","og_description":"Philips Batterien wiederaufladbar 4er-Set g\u00fcnstig kaufen bei Schweizversand.ch. Schnelle Lieferung in der Schweiz. Gratisversand ab CHF 50.","og_url":"https:\/\/schweizversand.ch\/fr\/produkt\/philips-batterien-wiederaufladbar-4er-set\/","og_site_name":"Schweizer Shop f\u00fcr Sport, Spiel und Freizeit","article_publisher":"https:\/\/www.facebook.com\/Schweizversand","article_modified_time":"2026-04-07T13:33:29+00:00","twitter_card":"summary_large_image","twitter_misc":{"Dur\u00e9e de lecture estim\u00e9e":"1 minute"},"schema":{"@context":"https:\/\/schema.org","@graph":[{"@type":"WebPage","@id":"https:\/\/schweizversand.ch\/fr\/produkt\/philips-batterien-wiederaufladbar-4er-set\/","url":"https:\/\/schweizversand.ch\/fr\/produkt\/philips-batterien-wiederaufladbar-4er-set\/","name":"Philips Batterien wiederaufladbar 4er-Set | Jetzt kaufen | Schweizversand.ch","isPartOf":{"@id":"https:\/\/schweizversand.ch\/fr\/#website"},"primaryImageOfPage":{"@id":"https:\/\/schweizversand.ch\/fr\/produkt\/philips-batterien-wiederaufladbar-4er-set\/#primaryimage"},"image":{"@id":"https:\/\/schweizversand.ch\/fr\/produkt\/philips-batterien-wiederaufladbar-4er-set\/#primaryimage"},"thumbnailUrl":"https:\/\/schweizversand.ch\/wp-content\/uploads\/2026\/03\/5471919027.jpg","datePublished":"2026-03-18T01:00:20+00:00","dateModified":"2026-04-07T13:33:29+00:00","description":"Philips Batterien wiederaufladbar 4er-Set g\u00fcnstig kaufen bei Schweizversand.ch. Schnelle Lieferung in der Schweiz. Gratisversand ab CHF 50.","breadcrumb":{"@id":"https:\/\/schweizversand.ch\/fr\/produkt\/philips-batterien-wiederaufladbar-4er-set\/#breadcrumb"},"inLanguage":"fr-FR","potentialAction":[{"@type":"ReadAction","target":["https:\/\/schweizversand.ch\/fr\/produkt\/philips-batterien-wiederaufladbar-4er-set\/"]}]},{"@type":"ImageObject","inLanguage":"fr-FR","@id":"https:\/\/schweizversand.ch\/fr\/produkt\/philips-batterien-wiederaufladbar-4er-set\/#primaryimage","url":"https:\/\/schweizversand.ch\/wp-content\/uploads\/2026\/03\/5471919027.jpg","contentUrl":"https:\/\/schweizversand.ch\/wp-content\/uploads\/2026\/03\/5471919027.jpg","width":796,"height":1024},{"@type":"BreadcrumbList","@id":"https:\/\/schweizversand.ch\/fr\/produkt\/philips-batterien-wiederaufladbar-4er-set\/#breadcrumb","itemListElement":[{"@type":"ListItem","position":1,"name":"Startseite","item":"https:\/\/schweizversand.ch\/fr\/"},{"@type":"ListItem","position":2,"name":"Boutique","item":"https:\/\/schweizversand.ch\/fr\/boutique\/"},{"@type":"ListItem","position":3,"name":"Piles rechargeables Philips, lot de 4"}]},{"@type":"WebSite","@id":"https:\/\/schweizversand.ch\/fr\/#website","url":"https:\/\/schweizversand.ch\/fr\/","name":"Schweizer Shop f\u00fcr Sport, Spiel und Freizeit","description":"Gratisversand ab 50.- (netto), ab eigenem schweizer Lager, Lieferung innert 48h","publisher":{"@id":"https:\/\/schweizversand.ch\/fr\/#organization"},"alternateName":"Schweizversand.ch","potentialAction":[{"@type":"SearchAction","target":{"@type":"EntryPoint","urlTemplate":"https:\/\/schweizversand.ch\/fr\/?s={search_term_string}"},"query-input":{"@type":"PropertyValueSpecification","valueRequired":true,"valueName":"search_term_string"}}],"inLanguage":"fr-FR"},{"@type":"Organization","@id":"https:\/\/schweizversand.ch\/fr\/#organization","name":"Schweizversand.ch","url":"https:\/\/schweizversand.ch\/fr\/","logo":{"@type":"ImageObject","inLanguage":"fr-FR","@id":"https:\/\/schweizversand.ch\/fr\/#\/schema\/logo\/image\/","url":"https:\/\/schweizversand.ch\/wp-content\/uploads\/2026\/03\/Logo_Rund_Final-1.png","contentUrl":"https:\/\/schweizversand.ch\/wp-content\/uploads\/2026\/03\/Logo_Rund_Final-1.png","width":404,"height":404,"caption":"Schweizversand.ch"},"image":{"@id":"https:\/\/schweizversand.ch\/fr\/#\/schema\/logo\/image\/"},"sameAs":["https:\/\/www.facebook.com\/Schweizversand","https:\/\/www.instagram.com\/schweizversand.ch\/"]}]}},"jetpack_sharing_enabled":true,"_links":{"self":[{"href":"https:\/\/schweizversand.ch\/fr\/wp-json\/wp\/v2\/product\/257092","targetHints":{"allow":["GET"]}}],"collection":[{"href":"https:\/\/schweizversand.ch\/fr\/wp-json\/wp\/v2\/product"}],"about":[{"href":"https:\/\/schweizversand.ch\/fr\/wp-json\/wp\/v2\/types\/product"}],"replies":[{"embeddable":true,"href":"https:\/\/schweizversand.ch\/fr\/wp-json\/wp\/v2\/comments?post=257092"}],"wp:featuredmedia":[{"embeddable":true,"href":"https:\/\/schweizversand.ch\/fr\/wp-json\/wp\/v2\/media\/257123"}],"wp:attachment":[{"href":"https:\/\/schweizversand.ch\/fr\/wp-json\/wp\/v2\/media?parent=257092"}],"wp:term":[{"taxonomy":"product_brand","embeddable":true,"href":"https:\/\/schweizversand.ch\/fr\/wp-json\/wp\/v2\/product_brand?post=257092"},{"taxonomy":"product_cat","embeddable":true,"href":"https:\/\/schweizversand.ch\/fr\/wp-json\/wp\/v2\/product_cat?post=257092"},{"taxonomy":"product_tag","embeddable":true,"href":"https:\/\/schweizversand.ch\/fr\/wp-json\/wp\/v2\/product_tag?post=257092"}],"curies":[{"name":"wp","href":"https:\/\/api.w.org\/{rel}","templated":true}]}}