{"id":257097,"date":"2026-03-18T02:00:23","date_gmt":"2026-03-18T01:00:23","guid":{"rendered":"https:\/\/schweizversand.ch\/produkt\/slazenger-tischtennis-set-6teilig\/"},"modified":"2026-04-11T15:33:13","modified_gmt":"2026-04-11T13:33:13","slug":"slazenger-tischtennis-set-6teilig","status":"publish","type":"product","link":"https:\/\/schweizversand.ch\/fr\/produkt\/slazenger-tischtennis-set-6teilig\/","title":{"rendered":"Ensemble de tennis de table Slazenger, 6 pi\u00e8ces"},"content":{"rendered":"<h1><strong>Ensemble de tennis de table Slazenger 6 pi\u00e8ces \u2013 L&rsquo;ensemble de loisirs id\u00e9al<\/strong><\/h1>\n<div>Cet ensemble complet de tennis de table Slazenger est le choix parfait pour les d\u00e9butants, les familles et tous les joueurs de tennis de table de loisirs qui souhaitent commencer imm\u00e9diatement. Il vous fournit tout l&rsquo;\u00e9quipement n\u00e9cessaire pour profiter de parties passionnantes \u00e0 la maison, au parc ou en vacances.<\/p>\n<\/div>\n<div><strong>Tout ce qu&rsquo;il vous faut pour vous amuser<\/strong><br \/>L&rsquo;ensemble de tennis de table Slazenger 6 pi\u00e8ces a \u00e9t\u00e9 con\u00e7u pour vous offrir un confort maximal et un plaisir imm\u00e9diat. L&rsquo;ensemble comprend deux raquettes de tennis de table de haute qualit\u00e9, con\u00e7ues de mani\u00e8re optimale pour les besoins des joueurs de loisirs, ainsi que trois balles pour un jeu fluide et dynamique. Raquettes de haute qualit\u00e9 pour un contr\u00f4le optimal\u00a0: les deux raquettes de tennis de table de l&rsquo;ensemble sont robustes et offrent un excellent contr\u00f4le de la balle gr\u00e2ce \u00e0 leur rev\u00eatement sp\u00e9cial. Ceci est particuli\u00e8rement avantageux pour les d\u00e9butants, car cela acc\u00e9l\u00e8re l&rsquo;apprentissage et permet des coups plus pr\u00e9cis. Les faces rouge et noire vous permettent d&rsquo;essayer diff\u00e9rentes techniques de jeu et ainsi d&rsquo;am\u00e9liorer continuellement votre jeu. Votre avantage\u00a0: Mobilit\u00e9 et protection\u00a0: Gr\u00e2ce au sac de transport pratique inclus dans l&rsquo;ensemble, vous pouvez facilement transporter et ranger en toute s\u00e9curit\u00e9 l&rsquo;ensemble de tennis de table. Le sac prot\u00e8ge les raquettes et les balles de la salet\u00e9 et des dommages, garantissant que votre \u00e9quipement est toujours pr\u00eat \u00e0 l&#8217;emploi. Qu&rsquo;il s&rsquo;agisse d&rsquo;une partie spontan\u00e9e dans le jardin ou d&rsquo;un match planifi\u00e9 avec des amis, vous \u00eates toujours parfaitement \u00e9quip\u00e9.<\/p>\n<\/div>\n<div><strong>D\u00e9tails du produit et contenu de la livraison<\/strong><br \/>&#8211; 2 raquettes de tennis de table (environ 25\u00a0cm x 14,8\u00a0cm)<br \/>&#8211; \u00c9paisseur de la mousse\u00a0: environ 2 mm (noires et rouges)<br \/>&#8211; 3 balles de ping-pong (environ 4 cm de diam\u00e8tre)<br \/>&#8211; 1 sac de transport pratique avec fermeture \u00e9clair<\/p>\n<\/div>\n<div><strong>Am\u00e9liorez votre coordination<\/strong><br \/>Le tennis de table est non seulement un sport divertissant, mais il am\u00e9liore aussi efficacement vos <strong>r\u00e9flexes<\/strong> et votre <strong>coordination<\/strong>. Avec ce set de ping-pong <strong>Slazenger<\/strong>, vous investissez dans un divertissement sain et actif pour toute la famille. Commandez votre <strong>set de ping-pong<\/strong> d\u00e8s maintenant et vivez des parties inoubliables\u00a0!<\/p>\n<\/div>\n<div><\/div>\n","protected":false},"excerpt":{"rendered":"<p>Ensemble de tennis de table Slazenger 6 pi\u00e8ces \u2013 L&rsquo;ensemble de loisirs id\u00e9al Cet ensemble complet de tennis de table Slazenger est le choix parfait pour les d\u00e9butants, les familles et tous les joueurs de tennis de table de loisirs qui souhaitent commencer imm\u00e9diatement. Il vous fournit tout l&rsquo;\u00e9quipement n\u00e9cessaire pour profiter de parties passionnantes \u00e0 la maison, au parc ou en vacances. Tout ce qu&rsquo;il vous faut pour vous amuserL&rsquo;ensemble de tennis de table&hellip;<\/p>\n","protected":false},"featured_media":257149,"comment_status":"open","ping_status":"closed","template":"","meta":[],"product_brand":[],"product_cat":[38363],"product_tag":[],"class_list":{"0":"post-257097","1":"product","2":"type-product","3":"status-publish","4":"has-post-thumbnail","6":"product_cat-tischtennis","7":"product_shipping_class-global_methods","9":"first","10":"instock","11":"taxable","12":"shipping-taxable","13":"purchasable","14":"product-type-simple"},"yoast_head":"<!-- This site is optimized with the Yoast SEO plugin v27.3 - https:\/\/yoast.com\/product\/yoast-seo-wordpress\/ -->\n<title>Slazenger Tischtennis-Set 6teilig | Jetzt kaufen | Schweizversand.ch<\/title>\n<meta name=\"description\" content=\"Slazenger Tischtennis-Set 6teilig g\u00fcnstig kaufen bei Schweizversand.ch. Schnelle Lieferung in der Schweiz. Gratisversand ab CHF 50.\" \/>\n<meta name=\"robots\" content=\"index, follow, max-snippet:-1, max-image-preview:large, max-video-preview:-1\" \/>\n<link rel=\"canonical\" href=\"https:\/\/schweizversand.ch\/fr\/produkt\/slazenger-tischtennis-set-6teilig\/\" \/>\n<meta property=\"og:locale\" content=\"fr_FR\" \/>\n<meta property=\"og:type\" content=\"article\" \/>\n<meta property=\"og:title\" content=\"Slazenger Tischtennis-Set 6teilig | Jetzt kaufen | Schweizversand.ch\" \/>\n<meta property=\"og:description\" content=\"Slazenger Tischtennis-Set 6teilig g\u00fcnstig kaufen bei Schweizversand.ch. Schnelle Lieferung in der Schweiz. Gratisversand ab CHF 50.\" \/>\n<meta property=\"og:url\" content=\"https:\/\/schweizversand.ch\/fr\/produkt\/slazenger-tischtennis-set-6teilig\/\" \/>\n<meta property=\"og:site_name\" content=\"Schweizer Shop f\u00fcr Sport, Spiel und Freizeit\" \/>\n<meta property=\"article:publisher\" content=\"https:\/\/www.facebook.com\/Schweizversand\" \/>\n<meta property=\"article:modified_time\" content=\"2026-04-11T13:33:13+00:00\" \/>\n<meta name=\"twitter:card\" content=\"summary_large_image\" \/>\n<meta name=\"twitter:label1\" content=\"Dur\u00e9e de lecture estim\u00e9e\" \/>\n\t<meta name=\"twitter:data1\" content=\"2 minutes\" \/>\n<script type=\"application\/ld+json\" class=\"yoast-schema-graph\">{\"@context\":\"https:\\\/\\\/schema.org\",\"@graph\":[{\"@type\":\"WebPage\",\"@id\":\"https:\\\/\\\/schweizversand.ch\\\/fr\\\/produkt\\\/slazenger-tischtennis-set-6teilig\\\/\",\"url\":\"https:\\\/\\\/schweizversand.ch\\\/fr\\\/produkt\\\/slazenger-tischtennis-set-6teilig\\\/\",\"name\":\"Slazenger Tischtennis-Set 6teilig | Jetzt kaufen | Schweizversand.ch\",\"isPartOf\":{\"@id\":\"https:\\\/\\\/schweizversand.ch\\\/fr\\\/#website\"},\"primaryImageOfPage\":{\"@id\":\"https:\\\/\\\/schweizversand.ch\\\/fr\\\/produkt\\\/slazenger-tischtennis-set-6teilig\\\/#primaryimage\"},\"image\":{\"@id\":\"https:\\\/\\\/schweizversand.ch\\\/fr\\\/produkt\\\/slazenger-tischtennis-set-6teilig\\\/#primaryimage\"},\"thumbnailUrl\":\"https:\\\/\\\/schweizversand.ch\\\/wp-content\\\/uploads\\\/2026\\\/03\\\/5471559116.jpg\",\"datePublished\":\"2026-03-18T01:00:23+00:00\",\"dateModified\":\"2026-04-11T13:33:13+00:00\",\"description\":\"Slazenger Tischtennis-Set 6teilig g\u00fcnstig kaufen bei Schweizversand.ch. Schnelle Lieferung in der Schweiz. Gratisversand ab CHF 50.\",\"breadcrumb\":{\"@id\":\"https:\\\/\\\/schweizversand.ch\\\/fr\\\/produkt\\\/slazenger-tischtennis-set-6teilig\\\/#breadcrumb\"},\"inLanguage\":\"fr-FR\",\"potentialAction\":[{\"@type\":\"ReadAction\",\"target\":[\"https:\\\/\\\/schweizversand.ch\\\/fr\\\/produkt\\\/slazenger-tischtennis-set-6teilig\\\/\"]}]},{\"@type\":\"ImageObject\",\"inLanguage\":\"fr-FR\",\"@id\":\"https:\\\/\\\/schweizversand.ch\\\/fr\\\/produkt\\\/slazenger-tischtennis-set-6teilig\\\/#primaryimage\",\"url\":\"https:\\\/\\\/schweizversand.ch\\\/wp-content\\\/uploads\\\/2026\\\/03\\\/5471559116.jpg\",\"contentUrl\":\"https:\\\/\\\/schweizversand.ch\\\/wp-content\\\/uploads\\\/2026\\\/03\\\/5471559116.jpg\",\"width\":1024,\"height\":1024},{\"@type\":\"BreadcrumbList\",\"@id\":\"https:\\\/\\\/schweizversand.ch\\\/fr\\\/produkt\\\/slazenger-tischtennis-set-6teilig\\\/#breadcrumb\",\"itemListElement\":[{\"@type\":\"ListItem\",\"position\":1,\"name\":\"Startseite\",\"item\":\"https:\\\/\\\/schweizversand.ch\\\/fr\\\/\"},{\"@type\":\"ListItem\",\"position\":2,\"name\":\"Boutique\",\"item\":\"https:\\\/\\\/schweizversand.ch\\\/fr\\\/boutique\\\/\"},{\"@type\":\"ListItem\",\"position\":3,\"name\":\"Ensemble de tennis de table Slazenger, 6 pi\u00e8ces\"}]},{\"@type\":\"WebSite\",\"@id\":\"https:\\\/\\\/schweizversand.ch\\\/fr\\\/#website\",\"url\":\"https:\\\/\\\/schweizversand.ch\\\/fr\\\/\",\"name\":\"Schweizer Shop f\u00fcr Sport, Spiel und Freizeit\",\"description\":\"Gratisversand ab 50.- (netto), ab eigenem schweizer Lager, Lieferung innert 48h\",\"publisher\":{\"@id\":\"https:\\\/\\\/schweizversand.ch\\\/fr\\\/#organization\"},\"alternateName\":\"Schweizversand.ch\",\"potentialAction\":[{\"@type\":\"SearchAction\",\"target\":{\"@type\":\"EntryPoint\",\"urlTemplate\":\"https:\\\/\\\/schweizversand.ch\\\/fr\\\/?s={search_term_string}\"},\"query-input\":{\"@type\":\"PropertyValueSpecification\",\"valueRequired\":true,\"valueName\":\"search_term_string\"}}],\"inLanguage\":\"fr-FR\"},{\"@type\":\"Organization\",\"@id\":\"https:\\\/\\\/schweizversand.ch\\\/fr\\\/#organization\",\"name\":\"Schweizversand.ch\",\"url\":\"https:\\\/\\\/schweizversand.ch\\\/fr\\\/\",\"logo\":{\"@type\":\"ImageObject\",\"inLanguage\":\"fr-FR\",\"@id\":\"https:\\\/\\\/schweizversand.ch\\\/fr\\\/#\\\/schema\\\/logo\\\/image\\\/\",\"url\":\"https:\\\/\\\/schweizversand.ch\\\/wp-content\\\/uploads\\\/2026\\\/03\\\/Logo_Rund_Final-1.png\",\"contentUrl\":\"https:\\\/\\\/schweizversand.ch\\\/wp-content\\\/uploads\\\/2026\\\/03\\\/Logo_Rund_Final-1.png\",\"width\":404,\"height\":404,\"caption\":\"Schweizversand.ch\"},\"image\":{\"@id\":\"https:\\\/\\\/schweizversand.ch\\\/fr\\\/#\\\/schema\\\/logo\\\/image\\\/\"},\"sameAs\":[\"https:\\\/\\\/www.facebook.com\\\/Schweizversand\",\"https:\\\/\\\/www.instagram.com\\\/schweizversand.ch\\\/\"]}]}<\/script>\n<!-- \/ Yoast SEO plugin. -->","yoast_head_json":{"title":"Slazenger Tischtennis-Set 6teilig | Jetzt kaufen | Schweizversand.ch","description":"Slazenger Tischtennis-Set 6teilig g\u00fcnstig kaufen bei Schweizversand.ch. Schnelle Lieferung in der Schweiz. Gratisversand ab CHF 50.","robots":{"index":"index","follow":"follow","max-snippet":"max-snippet:-1","max-image-preview":"max-image-preview:large","max-video-preview":"max-video-preview:-1"},"canonical":"https:\/\/schweizversand.ch\/fr\/produkt\/slazenger-tischtennis-set-6teilig\/","og_locale":"fr_FR","og_type":"article","og_title":"Slazenger Tischtennis-Set 6teilig | Jetzt kaufen | Schweizversand.ch","og_description":"Slazenger Tischtennis-Set 6teilig g\u00fcnstig kaufen bei Schweizversand.ch. Schnelle Lieferung in der Schweiz. Gratisversand ab CHF 50.","og_url":"https:\/\/schweizversand.ch\/fr\/produkt\/slazenger-tischtennis-set-6teilig\/","og_site_name":"Schweizer Shop f\u00fcr Sport, Spiel und Freizeit","article_publisher":"https:\/\/www.facebook.com\/Schweizversand","article_modified_time":"2026-04-11T13:33:13+00:00","twitter_card":"summary_large_image","twitter_misc":{"Dur\u00e9e de lecture estim\u00e9e":"2 minutes"},"schema":{"@context":"https:\/\/schema.org","@graph":[{"@type":"WebPage","@id":"https:\/\/schweizversand.ch\/fr\/produkt\/slazenger-tischtennis-set-6teilig\/","url":"https:\/\/schweizversand.ch\/fr\/produkt\/slazenger-tischtennis-set-6teilig\/","name":"Slazenger Tischtennis-Set 6teilig | Jetzt kaufen | Schweizversand.ch","isPartOf":{"@id":"https:\/\/schweizversand.ch\/fr\/#website"},"primaryImageOfPage":{"@id":"https:\/\/schweizversand.ch\/fr\/produkt\/slazenger-tischtennis-set-6teilig\/#primaryimage"},"image":{"@id":"https:\/\/schweizversand.ch\/fr\/produkt\/slazenger-tischtennis-set-6teilig\/#primaryimage"},"thumbnailUrl":"https:\/\/schweizversand.ch\/wp-content\/uploads\/2026\/03\/5471559116.jpg","datePublished":"2026-03-18T01:00:23+00:00","dateModified":"2026-04-11T13:33:13+00:00","description":"Slazenger Tischtennis-Set 6teilig g\u00fcnstig kaufen bei Schweizversand.ch. Schnelle Lieferung in der Schweiz. Gratisversand ab CHF 50.","breadcrumb":{"@id":"https:\/\/schweizversand.ch\/fr\/produkt\/slazenger-tischtennis-set-6teilig\/#breadcrumb"},"inLanguage":"fr-FR","potentialAction":[{"@type":"ReadAction","target":["https:\/\/schweizversand.ch\/fr\/produkt\/slazenger-tischtennis-set-6teilig\/"]}]},{"@type":"ImageObject","inLanguage":"fr-FR","@id":"https:\/\/schweizversand.ch\/fr\/produkt\/slazenger-tischtennis-set-6teilig\/#primaryimage","url":"https:\/\/schweizversand.ch\/wp-content\/uploads\/2026\/03\/5471559116.jpg","contentUrl":"https:\/\/schweizversand.ch\/wp-content\/uploads\/2026\/03\/5471559116.jpg","width":1024,"height":1024},{"@type":"BreadcrumbList","@id":"https:\/\/schweizversand.ch\/fr\/produkt\/slazenger-tischtennis-set-6teilig\/#breadcrumb","itemListElement":[{"@type":"ListItem","position":1,"name":"Startseite","item":"https:\/\/schweizversand.ch\/fr\/"},{"@type":"ListItem","position":2,"name":"Boutique","item":"https:\/\/schweizversand.ch\/fr\/boutique\/"},{"@type":"ListItem","position":3,"name":"Ensemble de tennis de table Slazenger, 6 pi\u00e8ces"}]},{"@type":"WebSite","@id":"https:\/\/schweizversand.ch\/fr\/#website","url":"https:\/\/schweizversand.ch\/fr\/","name":"Schweizer Shop f\u00fcr Sport, Spiel und Freizeit","description":"Gratisversand ab 50.- (netto), ab eigenem schweizer Lager, Lieferung innert 48h","publisher":{"@id":"https:\/\/schweizversand.ch\/fr\/#organization"},"alternateName":"Schweizversand.ch","potentialAction":[{"@type":"SearchAction","target":{"@type":"EntryPoint","urlTemplate":"https:\/\/schweizversand.ch\/fr\/?s={search_term_string}"},"query-input":{"@type":"PropertyValueSpecification","valueRequired":true,"valueName":"search_term_string"}}],"inLanguage":"fr-FR"},{"@type":"Organization","@id":"https:\/\/schweizversand.ch\/fr\/#organization","name":"Schweizversand.ch","url":"https:\/\/schweizversand.ch\/fr\/","logo":{"@type":"ImageObject","inLanguage":"fr-FR","@id":"https:\/\/schweizversand.ch\/fr\/#\/schema\/logo\/image\/","url":"https:\/\/schweizversand.ch\/wp-content\/uploads\/2026\/03\/Logo_Rund_Final-1.png","contentUrl":"https:\/\/schweizversand.ch\/wp-content\/uploads\/2026\/03\/Logo_Rund_Final-1.png","width":404,"height":404,"caption":"Schweizversand.ch"},"image":{"@id":"https:\/\/schweizversand.ch\/fr\/#\/schema\/logo\/image\/"},"sameAs":["https:\/\/www.facebook.com\/Schweizversand","https:\/\/www.instagram.com\/schweizversand.ch\/"]}]}},"jetpack_sharing_enabled":true,"_links":{"self":[{"href":"https:\/\/schweizversand.ch\/fr\/wp-json\/wp\/v2\/product\/257097","targetHints":{"allow":["GET"]}}],"collection":[{"href":"https:\/\/schweizversand.ch\/fr\/wp-json\/wp\/v2\/product"}],"about":[{"href":"https:\/\/schweizversand.ch\/fr\/wp-json\/wp\/v2\/types\/product"}],"replies":[{"embeddable":true,"href":"https:\/\/schweizversand.ch\/fr\/wp-json\/wp\/v2\/comments?post=257097"}],"wp:featuredmedia":[{"embeddable":true,"href":"https:\/\/schweizversand.ch\/fr\/wp-json\/wp\/v2\/media\/257149"}],"wp:attachment":[{"href":"https:\/\/schweizversand.ch\/fr\/wp-json\/wp\/v2\/media?parent=257097"}],"wp:term":[{"taxonomy":"product_brand","embeddable":true,"href":"https:\/\/schweizversand.ch\/fr\/wp-json\/wp\/v2\/product_brand?post=257097"},{"taxonomy":"product_cat","embeddable":true,"href":"https:\/\/schweizversand.ch\/fr\/wp-json\/wp\/v2\/product_cat?post=257097"},{"taxonomy":"product_tag","embeddable":true,"href":"https:\/\/schweizversand.ch\/fr\/wp-json\/wp\/v2\/product_tag?post=257097"}],"curies":[{"name":"wp","href":"https:\/\/api.w.org\/{rel}","templated":true}]}}