{"id":257098,"date":"2026-03-18T02:00:24","date_gmt":"2026-03-18T01:00:24","guid":{"rendered":"https:\/\/schweizversand.ch\/produkt\/lifetime-waeschestaender\/"},"modified":"2026-04-12T02:04:50","modified_gmt":"2026-04-12T00:04:50","slug":"lifetime-waeschestaender","status":"publish","type":"product","link":"https:\/\/schweizversand.ch\/fr\/produkt\/lifetime-waeschestaender\/","title":{"rendered":"\u00c9tendoir \u00e0 linge Lifetime"},"content":{"rendered":"<p>L&rsquo;\u00e9tendoir \u00e0 linge pliable Lifetime Clean est la solution id\u00e9ale pour s\u00e9cher votre linge propre. Voici ses principales caract\u00e9ristiques techniques\u00a0:<\/p>\n<\/p>\n<p>Caract\u00e9ristiques techniques\u00a0:<\/p>\n<\/p>\n<p>\u2022 Dimensions\u00a0: L&rsquo;\u00e9tendoir mesure 182 x 55 x 102\u00a0cm, offrant un espace suffisant pour \u00e9tendre une machine \u00e0 laver pleine.<\/p>\n<\/p>\n<p>\u2022 Longueur totale d&rsquo;\u00e9tendage\u00a0: L&rsquo;\u00e9tendoir offre une longueur totale impressionnante de 18\u00a0m\u00e8tres, vous permettant d&rsquo;\u00e9tendre diff\u00e9rents types de v\u00eatements.<\/p>\n<\/p>\n<p>\u2022 Poids\u00a0: Avec un poids d&rsquo;environ 2\u00a0kg seulement, cet \u00e9tendoir est l\u00e9ger et facile \u00e0 manipuler.<\/p>\n<\/p>\n<p>\u2022 Conception pliable\u00a0:<\/p>\n<\/p>\n<p>\u2022 Les pieds et les c\u00f4t\u00e9s de l&rsquo;\u00e9tendoir sont pliables, ce qui lui permet de prendre un minimum de place lorsqu&rsquo;il n&rsquo;est pas utilis\u00e9. Vous pouvez facilement le ranger et le placer sur le c\u00f4t\u00e9 sans qu&rsquo;il prenne beaucoup de place.<\/p>\n<\/p>\n<p>Cet \u00e9tendoir \u00e0 linge offre une solution pratique et peu encombrante pour s\u00e9cher votre linge apr\u00e8s le lavage. Apr\u00e8s utilisation, il vous suffit de le plier et de le ranger. Gr\u00e2ce \u00e0 sa grande capacit\u00e9 de s\u00e9chage et \u00e0 sa l\u00e9g\u00e8ret\u00e9, il est parfait pour un usage quotidien.<\/p>\n","protected":false},"excerpt":{"rendered":"<p>L&rsquo;\u00e9tendoir \u00e0 linge pliable Lifetime Clean est la solution id\u00e9ale pour s\u00e9cher votre linge propre. Voici ses principales caract\u00e9ristiques techniques\u00a0: Caract\u00e9ristiques techniques\u00a0: \u2022 Dimensions\u00a0: L&rsquo;\u00e9tendoir mesure 182 x 55 x 102\u00a0cm, offrant un espace suffisant pour \u00e9tendre une machine \u00e0 laver pleine. \u2022 Longueur totale d&rsquo;\u00e9tendage\u00a0: L&rsquo;\u00e9tendoir offre une longueur totale impressionnante de 18\u00a0m\u00e8tres, vous permettant d&rsquo;\u00e9tendre diff\u00e9rents types de v\u00eatements. \u2022 Poids\u00a0: Avec un poids d&rsquo;environ 2\u00a0kg seulement, cet \u00e9tendoir est l\u00e9ger et facile&hellip;<\/p>\n","protected":false},"featured_media":257157,"comment_status":"open","ping_status":"closed","template":"","meta":[],"product_brand":[],"product_cat":[],"product_tag":[],"class_list":{"0":"post-257098","1":"product","2":"type-product","3":"status-publish","4":"has-post-thumbnail","6":"product_shipping_class-global_methods","8":"first","9":"instock","10":"taxable","11":"shipping-taxable","12":"purchasable","13":"product-type-simple"},"yoast_head":"<!-- This site is optimized with the Yoast SEO plugin v27.3 - https:\/\/yoast.com\/product\/yoast-seo-wordpress\/ -->\n<title>Lifetime W\u00e4schest\u00e4nder | Jetzt kaufen | Schweizversand.ch<\/title>\n<meta name=\"description\" content=\"Lifetime W\u00e4schest\u00e4nder g\u00fcnstig kaufen bei Schweizversand.ch. Schnelle Lieferung in der Schweiz. Gratisversand ab CHF 50.\" \/>\n<meta name=\"robots\" content=\"index, follow, max-snippet:-1, max-image-preview:large, max-video-preview:-1\" \/>\n<link rel=\"canonical\" href=\"https:\/\/schweizversand.ch\/fr\/produkt\/lifetime-waeschestaender\/\" \/>\n<meta property=\"og:locale\" content=\"fr_FR\" \/>\n<meta property=\"og:type\" content=\"article\" \/>\n<meta property=\"og:title\" content=\"Lifetime W\u00e4schest\u00e4nder | Jetzt kaufen | Schweizversand.ch\" \/>\n<meta property=\"og:description\" content=\"Lifetime W\u00e4schest\u00e4nder g\u00fcnstig kaufen bei Schweizversand.ch. Schnelle Lieferung in der Schweiz. Gratisversand ab CHF 50.\" \/>\n<meta property=\"og:url\" content=\"https:\/\/schweizversand.ch\/fr\/produkt\/lifetime-waeschestaender\/\" \/>\n<meta property=\"og:site_name\" content=\"Schweizer Shop f\u00fcr Sport, Spiel und Freizeit\" \/>\n<meta property=\"article:publisher\" content=\"https:\/\/www.facebook.com\/Schweizversand\" \/>\n<meta property=\"article:modified_time\" content=\"2026-04-12T00:04:50+00:00\" \/>\n<meta name=\"twitter:card\" content=\"summary_large_image\" \/>\n<meta name=\"twitter:label1\" content=\"Dur\u00e9e de lecture estim\u00e9e\" \/>\n\t<meta name=\"twitter:data1\" content=\"1 minute\" \/>\n<script type=\"application\/ld+json\" class=\"yoast-schema-graph\">{\"@context\":\"https:\\\/\\\/schema.org\",\"@graph\":[{\"@type\":\"WebPage\",\"@id\":\"https:\\\/\\\/schweizversand.ch\\\/fr\\\/produkt\\\/lifetime-waeschestaender\\\/\",\"url\":\"https:\\\/\\\/schweizversand.ch\\\/fr\\\/produkt\\\/lifetime-waeschestaender\\\/\",\"name\":\"Lifetime W\u00e4schest\u00e4nder | Jetzt kaufen | Schweizversand.ch\",\"isPartOf\":{\"@id\":\"https:\\\/\\\/schweizversand.ch\\\/fr\\\/#website\"},\"primaryImageOfPage\":{\"@id\":\"https:\\\/\\\/schweizversand.ch\\\/fr\\\/produkt\\\/lifetime-waeschestaender\\\/#primaryimage\"},\"image\":{\"@id\":\"https:\\\/\\\/schweizversand.ch\\\/fr\\\/produkt\\\/lifetime-waeschestaender\\\/#primaryimage\"},\"thumbnailUrl\":\"https:\\\/\\\/schweizversand.ch\\\/wp-content\\\/uploads\\\/2026\\\/03\\\/5471677216.jpg\",\"datePublished\":\"2026-03-18T01:00:24+00:00\",\"dateModified\":\"2026-04-12T00:04:50+00:00\",\"description\":\"Lifetime W\u00e4schest\u00e4nder g\u00fcnstig kaufen bei Schweizversand.ch. Schnelle Lieferung in der Schweiz. Gratisversand ab CHF 50.\",\"breadcrumb\":{\"@id\":\"https:\\\/\\\/schweizversand.ch\\\/fr\\\/produkt\\\/lifetime-waeschestaender\\\/#breadcrumb\"},\"inLanguage\":\"fr-FR\",\"potentialAction\":[{\"@type\":\"ReadAction\",\"target\":[\"https:\\\/\\\/schweizversand.ch\\\/fr\\\/produkt\\\/lifetime-waeschestaender\\\/\"]}]},{\"@type\":\"ImageObject\",\"inLanguage\":\"fr-FR\",\"@id\":\"https:\\\/\\\/schweizversand.ch\\\/fr\\\/produkt\\\/lifetime-waeschestaender\\\/#primaryimage\",\"url\":\"https:\\\/\\\/schweizversand.ch\\\/wp-content\\\/uploads\\\/2026\\\/03\\\/5471677216.jpg\",\"contentUrl\":\"https:\\\/\\\/schweizversand.ch\\\/wp-content\\\/uploads\\\/2026\\\/03\\\/5471677216.jpg\",\"width\":1024,\"height\":1024},{\"@type\":\"BreadcrumbList\",\"@id\":\"https:\\\/\\\/schweizversand.ch\\\/fr\\\/produkt\\\/lifetime-waeschestaender\\\/#breadcrumb\",\"itemListElement\":[{\"@type\":\"ListItem\",\"position\":1,\"name\":\"Startseite\",\"item\":\"https:\\\/\\\/schweizversand.ch\\\/fr\\\/\"},{\"@type\":\"ListItem\",\"position\":2,\"name\":\"Boutique\",\"item\":\"https:\\\/\\\/schweizversand.ch\\\/fr\\\/boutique\\\/\"},{\"@type\":\"ListItem\",\"position\":3,\"name\":\"\u00c9tendoir \u00e0 linge Lifetime\"}]},{\"@type\":\"WebSite\",\"@id\":\"https:\\\/\\\/schweizversand.ch\\\/fr\\\/#website\",\"url\":\"https:\\\/\\\/schweizversand.ch\\\/fr\\\/\",\"name\":\"Schweizer Shop f\u00fcr Sport, Spiel und Freizeit\",\"description\":\"Gratisversand ab 50.- (netto), ab eigenem schweizer Lager, Lieferung innert 48h\",\"publisher\":{\"@id\":\"https:\\\/\\\/schweizversand.ch\\\/fr\\\/#organization\"},\"alternateName\":\"Schweizversand.ch\",\"potentialAction\":[{\"@type\":\"SearchAction\",\"target\":{\"@type\":\"EntryPoint\",\"urlTemplate\":\"https:\\\/\\\/schweizversand.ch\\\/fr\\\/?s={search_term_string}\"},\"query-input\":{\"@type\":\"PropertyValueSpecification\",\"valueRequired\":true,\"valueName\":\"search_term_string\"}}],\"inLanguage\":\"fr-FR\"},{\"@type\":\"Organization\",\"@id\":\"https:\\\/\\\/schweizversand.ch\\\/fr\\\/#organization\",\"name\":\"Schweizversand.ch\",\"url\":\"https:\\\/\\\/schweizversand.ch\\\/fr\\\/\",\"logo\":{\"@type\":\"ImageObject\",\"inLanguage\":\"fr-FR\",\"@id\":\"https:\\\/\\\/schweizversand.ch\\\/fr\\\/#\\\/schema\\\/logo\\\/image\\\/\",\"url\":\"https:\\\/\\\/schweizversand.ch\\\/wp-content\\\/uploads\\\/2026\\\/03\\\/Logo_Rund_Final-1.png\",\"contentUrl\":\"https:\\\/\\\/schweizversand.ch\\\/wp-content\\\/uploads\\\/2026\\\/03\\\/Logo_Rund_Final-1.png\",\"width\":404,\"height\":404,\"caption\":\"Schweizversand.ch\"},\"image\":{\"@id\":\"https:\\\/\\\/schweizversand.ch\\\/fr\\\/#\\\/schema\\\/logo\\\/image\\\/\"},\"sameAs\":[\"https:\\\/\\\/www.facebook.com\\\/Schweizversand\",\"https:\\\/\\\/www.instagram.com\\\/schweizversand.ch\\\/\"]}]}<\/script>\n<!-- \/ Yoast SEO plugin. -->","yoast_head_json":{"title":"Lifetime W\u00e4schest\u00e4nder | Jetzt kaufen | Schweizversand.ch","description":"Lifetime W\u00e4schest\u00e4nder g\u00fcnstig kaufen bei Schweizversand.ch. Schnelle Lieferung in der Schweiz. Gratisversand ab CHF 50.","robots":{"index":"index","follow":"follow","max-snippet":"max-snippet:-1","max-image-preview":"max-image-preview:large","max-video-preview":"max-video-preview:-1"},"canonical":"https:\/\/schweizversand.ch\/fr\/produkt\/lifetime-waeschestaender\/","og_locale":"fr_FR","og_type":"article","og_title":"Lifetime W\u00e4schest\u00e4nder | Jetzt kaufen | Schweizversand.ch","og_description":"Lifetime W\u00e4schest\u00e4nder g\u00fcnstig kaufen bei Schweizversand.ch. Schnelle Lieferung in der Schweiz. Gratisversand ab CHF 50.","og_url":"https:\/\/schweizversand.ch\/fr\/produkt\/lifetime-waeschestaender\/","og_site_name":"Schweizer Shop f\u00fcr Sport, Spiel und Freizeit","article_publisher":"https:\/\/www.facebook.com\/Schweizversand","article_modified_time":"2026-04-12T00:04:50+00:00","twitter_card":"summary_large_image","twitter_misc":{"Dur\u00e9e de lecture estim\u00e9e":"1 minute"},"schema":{"@context":"https:\/\/schema.org","@graph":[{"@type":"WebPage","@id":"https:\/\/schweizversand.ch\/fr\/produkt\/lifetime-waeschestaender\/","url":"https:\/\/schweizversand.ch\/fr\/produkt\/lifetime-waeschestaender\/","name":"Lifetime W\u00e4schest\u00e4nder | Jetzt kaufen | Schweizversand.ch","isPartOf":{"@id":"https:\/\/schweizversand.ch\/fr\/#website"},"primaryImageOfPage":{"@id":"https:\/\/schweizversand.ch\/fr\/produkt\/lifetime-waeschestaender\/#primaryimage"},"image":{"@id":"https:\/\/schweizversand.ch\/fr\/produkt\/lifetime-waeschestaender\/#primaryimage"},"thumbnailUrl":"https:\/\/schweizversand.ch\/wp-content\/uploads\/2026\/03\/5471677216.jpg","datePublished":"2026-03-18T01:00:24+00:00","dateModified":"2026-04-12T00:04:50+00:00","description":"Lifetime W\u00e4schest\u00e4nder g\u00fcnstig kaufen bei Schweizversand.ch. Schnelle Lieferung in der Schweiz. Gratisversand ab CHF 50.","breadcrumb":{"@id":"https:\/\/schweizversand.ch\/fr\/produkt\/lifetime-waeschestaender\/#breadcrumb"},"inLanguage":"fr-FR","potentialAction":[{"@type":"ReadAction","target":["https:\/\/schweizversand.ch\/fr\/produkt\/lifetime-waeschestaender\/"]}]},{"@type":"ImageObject","inLanguage":"fr-FR","@id":"https:\/\/schweizversand.ch\/fr\/produkt\/lifetime-waeschestaender\/#primaryimage","url":"https:\/\/schweizversand.ch\/wp-content\/uploads\/2026\/03\/5471677216.jpg","contentUrl":"https:\/\/schweizversand.ch\/wp-content\/uploads\/2026\/03\/5471677216.jpg","width":1024,"height":1024},{"@type":"BreadcrumbList","@id":"https:\/\/schweizversand.ch\/fr\/produkt\/lifetime-waeschestaender\/#breadcrumb","itemListElement":[{"@type":"ListItem","position":1,"name":"Startseite","item":"https:\/\/schweizversand.ch\/fr\/"},{"@type":"ListItem","position":2,"name":"Boutique","item":"https:\/\/schweizversand.ch\/fr\/boutique\/"},{"@type":"ListItem","position":3,"name":"\u00c9tendoir \u00e0 linge Lifetime"}]},{"@type":"WebSite","@id":"https:\/\/schweizversand.ch\/fr\/#website","url":"https:\/\/schweizversand.ch\/fr\/","name":"Schweizer Shop f\u00fcr Sport, Spiel und Freizeit","description":"Gratisversand ab 50.- (netto), ab eigenem schweizer Lager, Lieferung innert 48h","publisher":{"@id":"https:\/\/schweizversand.ch\/fr\/#organization"},"alternateName":"Schweizversand.ch","potentialAction":[{"@type":"SearchAction","target":{"@type":"EntryPoint","urlTemplate":"https:\/\/schweizversand.ch\/fr\/?s={search_term_string}"},"query-input":{"@type":"PropertyValueSpecification","valueRequired":true,"valueName":"search_term_string"}}],"inLanguage":"fr-FR"},{"@type":"Organization","@id":"https:\/\/schweizversand.ch\/fr\/#organization","name":"Schweizversand.ch","url":"https:\/\/schweizversand.ch\/fr\/","logo":{"@type":"ImageObject","inLanguage":"fr-FR","@id":"https:\/\/schweizversand.ch\/fr\/#\/schema\/logo\/image\/","url":"https:\/\/schweizversand.ch\/wp-content\/uploads\/2026\/03\/Logo_Rund_Final-1.png","contentUrl":"https:\/\/schweizversand.ch\/wp-content\/uploads\/2026\/03\/Logo_Rund_Final-1.png","width":404,"height":404,"caption":"Schweizversand.ch"},"image":{"@id":"https:\/\/schweizversand.ch\/fr\/#\/schema\/logo\/image\/"},"sameAs":["https:\/\/www.facebook.com\/Schweizversand","https:\/\/www.instagram.com\/schweizversand.ch\/"]}]}},"jetpack_sharing_enabled":true,"_links":{"self":[{"href":"https:\/\/schweizversand.ch\/fr\/wp-json\/wp\/v2\/product\/257098","targetHints":{"allow":["GET"]}}],"collection":[{"href":"https:\/\/schweizversand.ch\/fr\/wp-json\/wp\/v2\/product"}],"about":[{"href":"https:\/\/schweizversand.ch\/fr\/wp-json\/wp\/v2\/types\/product"}],"replies":[{"embeddable":true,"href":"https:\/\/schweizversand.ch\/fr\/wp-json\/wp\/v2\/comments?post=257098"}],"wp:featuredmedia":[{"embeddable":true,"href":"https:\/\/schweizversand.ch\/fr\/wp-json\/wp\/v2\/media\/257157"}],"wp:attachment":[{"href":"https:\/\/schweizversand.ch\/fr\/wp-json\/wp\/v2\/media?parent=257098"}],"wp:term":[{"taxonomy":"product_brand","embeddable":true,"href":"https:\/\/schweizversand.ch\/fr\/wp-json\/wp\/v2\/product_brand?post=257098"},{"taxonomy":"product_cat","embeddable":true,"href":"https:\/\/schweizversand.ch\/fr\/wp-json\/wp\/v2\/product_cat?post=257098"},{"taxonomy":"product_tag","embeddable":true,"href":"https:\/\/schweizversand.ch\/fr\/wp-json\/wp\/v2\/product_tag?post=257098"}],"curies":[{"name":"wp","href":"https:\/\/api.w.org\/{rel}","templated":true}]}}