{"id":257100,"date":"2026-03-18T02:00:25","date_gmt":"2026-03-18T01:00:25","guid":{"rendered":"https:\/\/schweizversand.ch\/produkt\/philips-batterien-aa-nimh-1300-mah-wiederaufladbar\/"},"modified":"2026-04-07T15:33:33","modified_gmt":"2026-04-07T13:33:33","slug":"philips-batterien-aa-nimh-1300-mah-wiederaufladbar","status":"publish","type":"product","link":"https:\/\/schweizversand.ch\/fr\/produkt\/philips-batterien-aa-nimh-1300-mah-wiederaufladbar\/","title":{"rendered":"Piles rechargeables Philips AA NiMH 1300 mAh"},"content":{"rendered":"<p>Piles Philips AA NiMH 1300 mAh \u2013 Rechargeables et pr\u00eates \u00e0 l&#8217;emploi<\/p>\n<p>Optez pour la performance et la durabilit\u00e9 avec les piles rechargeables Philips AA (NiMH, 1300 mAh). Ces piles AA de haute qualit\u00e9 sont pr\u00eates \u00e0 l&#8217;emploi d\u00e8s leur sortie de l&#8217;emballage et id\u00e9ales pour tous les appareils \u00e0 consommation d&rsquo;\u00e9nergie moyenne, tels que les t\u00e9l\u00e9commandes, les jouets, les lampes de poche ou les souris sans fil.<\/p>\n<p>Gr\u00e2ce \u00e0 leur capacit\u00e9 de 1300 mAh, elles offrent une alimentation fiable pour de nombreux cycles de charge, vous permettant ainsi de faire des \u00e9conomies et de pr\u00e9server l&rsquo;environnement.<\/p>\n<p>Avantages en un coup d&rsquo;\u0153il\u00a0:<\/p>\n<p>\u2022 Piles AA rechargeables \u2013 id\u00e9ales pour un usage quotidien<\/p>\n<p>\u2022 Technologie NiMH pour une performance durable sans effet m\u00e9moire<\/p>\n<p>\u2022 Pr\u00eates \u00e0 l&#8217;emploi \u2013 pr\u00e9charg\u00e9es<\/p>\n<p>\u2022 Capacit\u00e9\u00a0: 1300 mAh \u2013 parfaite pour les appareils \u00e0 consommation d&rsquo;\u00e9nergie moyenne<\/p>\n<p>\u2022 Qualit\u00e9 Philips<\/p>\n<p>Faites des \u00e9conomies et r\u00e9duisez les d\u00e9chets de piles avec les piles rechargeables Philips AA\u00a0: le choix intelligent pour une \u00e9nergie respectueuse de l&rsquo;environnement.<\/p>\n","protected":false},"excerpt":{"rendered":"<p>Piles Philips AA NiMH 1300 mAh \u2013 Rechargeables et pr\u00eates \u00e0 l&#8217;emploi Optez pour la performance et la durabilit\u00e9 avec les piles rechargeables Philips AA (NiMH, 1300 mAh). Ces piles AA de haute qualit\u00e9 sont pr\u00eates \u00e0 l&#8217;emploi d\u00e8s leur sortie de l&#8217;emballage et id\u00e9ales pour tous les appareils \u00e0 consommation d&rsquo;\u00e9nergie moyenne, tels que les t\u00e9l\u00e9commandes, les jouets, les lampes de poche ou les souris sans fil. Gr\u00e2ce \u00e0 leur capacit\u00e9 de 1300 mAh,&hellip;<\/p>\n","protected":false},"featured_media":257161,"comment_status":"open","ping_status":"closed","template":"","meta":[],"product_brand":[],"product_cat":[38128,38131],"product_tag":[],"class_list":{"0":"post-257100","1":"product","2":"type-product","3":"status-publish","4":"has-post-thumbnail","6":"product_cat-batterien-akkus","7":"product_cat-piles-rechargeables","8":"product_shipping_class-global_methods","10":"first","11":"instock","12":"taxable","13":"shipping-taxable","14":"purchasable","15":"product-type-simple"},"yoast_head":"<!-- This site is optimized with the Yoast SEO plugin v27.3 - https:\/\/yoast.com\/product\/yoast-seo-wordpress\/ -->\n<title>Philips Batterien AA NiMH 1300 mAh \u2013 Wiederaufladbar | Jetzt kaufen | Schweizversand.ch<\/title>\n<meta name=\"description\" content=\"Philips Batterien AA NiMH 1300 mAh \u2013 Wiederaufladbar g\u00fcnstig kaufen bei Schweizversand.ch. Schnelle Lieferung in der Schweiz. Gratisversand ab CHF 50.\" \/>\n<meta name=\"robots\" content=\"index, follow, max-snippet:-1, max-image-preview:large, max-video-preview:-1\" \/>\n<link rel=\"canonical\" href=\"https:\/\/schweizversand.ch\/fr\/produkt\/philips-batterien-aa-nimh-1300-mah-wiederaufladbar\/\" \/>\n<meta property=\"og:locale\" content=\"fr_FR\" \/>\n<meta property=\"og:type\" content=\"article\" \/>\n<meta property=\"og:title\" content=\"Philips Batterien AA NiMH 1300 mAh \u2013 Wiederaufladbar | Jetzt kaufen | Schweizversand.ch\" \/>\n<meta property=\"og:description\" content=\"Philips Batterien AA NiMH 1300 mAh \u2013 Wiederaufladbar g\u00fcnstig kaufen bei Schweizversand.ch. Schnelle Lieferung in der Schweiz. Gratisversand ab CHF 50.\" \/>\n<meta property=\"og:url\" content=\"https:\/\/schweizversand.ch\/fr\/produkt\/philips-batterien-aa-nimh-1300-mah-wiederaufladbar\/\" \/>\n<meta property=\"og:site_name\" content=\"Schweizer Shop f\u00fcr Sport, Spiel und Freizeit\" \/>\n<meta property=\"article:publisher\" content=\"https:\/\/www.facebook.com\/Schweizversand\" \/>\n<meta property=\"article:modified_time\" content=\"2026-04-07T13:33:33+00:00\" \/>\n<meta name=\"twitter:card\" content=\"summary_large_image\" \/>\n<meta name=\"twitter:label1\" content=\"Dur\u00e9e de lecture estim\u00e9e\" \/>\n\t<meta name=\"twitter:data1\" content=\"1 minute\" \/>\n<script type=\"application\/ld+json\" class=\"yoast-schema-graph\">{\"@context\":\"https:\\\/\\\/schema.org\",\"@graph\":[{\"@type\":\"WebPage\",\"@id\":\"https:\\\/\\\/schweizversand.ch\\\/fr\\\/produkt\\\/philips-batterien-aa-nimh-1300-mah-wiederaufladbar\\\/\",\"url\":\"https:\\\/\\\/schweizversand.ch\\\/fr\\\/produkt\\\/philips-batterien-aa-nimh-1300-mah-wiederaufladbar\\\/\",\"name\":\"Philips Batterien AA NiMH 1300 mAh \u2013 Wiederaufladbar | Jetzt kaufen | Schweizversand.ch\",\"isPartOf\":{\"@id\":\"https:\\\/\\\/schweizversand.ch\\\/fr\\\/#website\"},\"primaryImageOfPage\":{\"@id\":\"https:\\\/\\\/schweizversand.ch\\\/fr\\\/produkt\\\/philips-batterien-aa-nimh-1300-mah-wiederaufladbar\\\/#primaryimage\"},\"image\":{\"@id\":\"https:\\\/\\\/schweizversand.ch\\\/fr\\\/produkt\\\/philips-batterien-aa-nimh-1300-mah-wiederaufladbar\\\/#primaryimage\"},\"thumbnailUrl\":\"https:\\\/\\\/schweizversand.ch\\\/wp-content\\\/uploads\\\/2026\\\/03\\\/5471919658.jpg\",\"datePublished\":\"2026-03-18T01:00:25+00:00\",\"dateModified\":\"2026-04-07T13:33:33+00:00\",\"description\":\"Philips Batterien AA NiMH 1300 mAh \u2013 Wiederaufladbar g\u00fcnstig kaufen bei Schweizversand.ch. Schnelle Lieferung in der Schweiz. Gratisversand ab CHF 50.\",\"breadcrumb\":{\"@id\":\"https:\\\/\\\/schweizversand.ch\\\/fr\\\/produkt\\\/philips-batterien-aa-nimh-1300-mah-wiederaufladbar\\\/#breadcrumb\"},\"inLanguage\":\"fr-FR\",\"potentialAction\":[{\"@type\":\"ReadAction\",\"target\":[\"https:\\\/\\\/schweizversand.ch\\\/fr\\\/produkt\\\/philips-batterien-aa-nimh-1300-mah-wiederaufladbar\\\/\"]}]},{\"@type\":\"ImageObject\",\"inLanguage\":\"fr-FR\",\"@id\":\"https:\\\/\\\/schweizversand.ch\\\/fr\\\/produkt\\\/philips-batterien-aa-nimh-1300-mah-wiederaufladbar\\\/#primaryimage\",\"url\":\"https:\\\/\\\/schweizversand.ch\\\/wp-content\\\/uploads\\\/2026\\\/03\\\/5471919658.jpg\",\"contentUrl\":\"https:\\\/\\\/schweizversand.ch\\\/wp-content\\\/uploads\\\/2026\\\/03\\\/5471919658.jpg\",\"width\":1024,\"height\":1024},{\"@type\":\"BreadcrumbList\",\"@id\":\"https:\\\/\\\/schweizversand.ch\\\/fr\\\/produkt\\\/philips-batterien-aa-nimh-1300-mah-wiederaufladbar\\\/#breadcrumb\",\"itemListElement\":[{\"@type\":\"ListItem\",\"position\":1,\"name\":\"Startseite\",\"item\":\"https:\\\/\\\/schweizversand.ch\\\/fr\\\/\"},{\"@type\":\"ListItem\",\"position\":2,\"name\":\"Boutique\",\"item\":\"https:\\\/\\\/schweizversand.ch\\\/fr\\\/boutique\\\/\"},{\"@type\":\"ListItem\",\"position\":3,\"name\":\"Piles rechargeables Philips AA NiMH 1300 mAh\"}]},{\"@type\":\"WebSite\",\"@id\":\"https:\\\/\\\/schweizversand.ch\\\/fr\\\/#website\",\"url\":\"https:\\\/\\\/schweizversand.ch\\\/fr\\\/\",\"name\":\"Schweizer Shop f\u00fcr Sport, Spiel und Freizeit\",\"description\":\"Gratisversand ab 50.- (netto), ab eigenem schweizer Lager, Lieferung innert 48h\",\"publisher\":{\"@id\":\"https:\\\/\\\/schweizversand.ch\\\/fr\\\/#organization\"},\"alternateName\":\"Schweizversand.ch\",\"potentialAction\":[{\"@type\":\"SearchAction\",\"target\":{\"@type\":\"EntryPoint\",\"urlTemplate\":\"https:\\\/\\\/schweizversand.ch\\\/fr\\\/?s={search_term_string}\"},\"query-input\":{\"@type\":\"PropertyValueSpecification\",\"valueRequired\":true,\"valueName\":\"search_term_string\"}}],\"inLanguage\":\"fr-FR\"},{\"@type\":\"Organization\",\"@id\":\"https:\\\/\\\/schweizversand.ch\\\/fr\\\/#organization\",\"name\":\"Schweizversand.ch\",\"url\":\"https:\\\/\\\/schweizversand.ch\\\/fr\\\/\",\"logo\":{\"@type\":\"ImageObject\",\"inLanguage\":\"fr-FR\",\"@id\":\"https:\\\/\\\/schweizversand.ch\\\/fr\\\/#\\\/schema\\\/logo\\\/image\\\/\",\"url\":\"https:\\\/\\\/schweizversand.ch\\\/wp-content\\\/uploads\\\/2026\\\/03\\\/Logo_Rund_Final-1.png\",\"contentUrl\":\"https:\\\/\\\/schweizversand.ch\\\/wp-content\\\/uploads\\\/2026\\\/03\\\/Logo_Rund_Final-1.png\",\"width\":404,\"height\":404,\"caption\":\"Schweizversand.ch\"},\"image\":{\"@id\":\"https:\\\/\\\/schweizversand.ch\\\/fr\\\/#\\\/schema\\\/logo\\\/image\\\/\"},\"sameAs\":[\"https:\\\/\\\/www.facebook.com\\\/Schweizversand\",\"https:\\\/\\\/www.instagram.com\\\/schweizversand.ch\\\/\"]}]}<\/script>\n<!-- \/ Yoast SEO plugin. -->","yoast_head_json":{"title":"Philips Batterien AA NiMH 1300 mAh \u2013 Wiederaufladbar | Jetzt kaufen | Schweizversand.ch","description":"Philips Batterien AA NiMH 1300 mAh \u2013 Wiederaufladbar g\u00fcnstig kaufen bei Schweizversand.ch. Schnelle Lieferung in der Schweiz. Gratisversand ab CHF 50.","robots":{"index":"index","follow":"follow","max-snippet":"max-snippet:-1","max-image-preview":"max-image-preview:large","max-video-preview":"max-video-preview:-1"},"canonical":"https:\/\/schweizversand.ch\/fr\/produkt\/philips-batterien-aa-nimh-1300-mah-wiederaufladbar\/","og_locale":"fr_FR","og_type":"article","og_title":"Philips Batterien AA NiMH 1300 mAh \u2013 Wiederaufladbar | Jetzt kaufen | Schweizversand.ch","og_description":"Philips Batterien AA NiMH 1300 mAh \u2013 Wiederaufladbar g\u00fcnstig kaufen bei Schweizversand.ch. Schnelle Lieferung in der Schweiz. Gratisversand ab CHF 50.","og_url":"https:\/\/schweizversand.ch\/fr\/produkt\/philips-batterien-aa-nimh-1300-mah-wiederaufladbar\/","og_site_name":"Schweizer Shop f\u00fcr Sport, Spiel und Freizeit","article_publisher":"https:\/\/www.facebook.com\/Schweizversand","article_modified_time":"2026-04-07T13:33:33+00:00","twitter_card":"summary_large_image","twitter_misc":{"Dur\u00e9e de lecture estim\u00e9e":"1 minute"},"schema":{"@context":"https:\/\/schema.org","@graph":[{"@type":"WebPage","@id":"https:\/\/schweizversand.ch\/fr\/produkt\/philips-batterien-aa-nimh-1300-mah-wiederaufladbar\/","url":"https:\/\/schweizversand.ch\/fr\/produkt\/philips-batterien-aa-nimh-1300-mah-wiederaufladbar\/","name":"Philips Batterien AA NiMH 1300 mAh \u2013 Wiederaufladbar | Jetzt kaufen | Schweizversand.ch","isPartOf":{"@id":"https:\/\/schweizversand.ch\/fr\/#website"},"primaryImageOfPage":{"@id":"https:\/\/schweizversand.ch\/fr\/produkt\/philips-batterien-aa-nimh-1300-mah-wiederaufladbar\/#primaryimage"},"image":{"@id":"https:\/\/schweizversand.ch\/fr\/produkt\/philips-batterien-aa-nimh-1300-mah-wiederaufladbar\/#primaryimage"},"thumbnailUrl":"https:\/\/schweizversand.ch\/wp-content\/uploads\/2026\/03\/5471919658.jpg","datePublished":"2026-03-18T01:00:25+00:00","dateModified":"2026-04-07T13:33:33+00:00","description":"Philips Batterien AA NiMH 1300 mAh \u2013 Wiederaufladbar g\u00fcnstig kaufen bei Schweizversand.ch. Schnelle Lieferung in der Schweiz. Gratisversand ab CHF 50.","breadcrumb":{"@id":"https:\/\/schweizversand.ch\/fr\/produkt\/philips-batterien-aa-nimh-1300-mah-wiederaufladbar\/#breadcrumb"},"inLanguage":"fr-FR","potentialAction":[{"@type":"ReadAction","target":["https:\/\/schweizversand.ch\/fr\/produkt\/philips-batterien-aa-nimh-1300-mah-wiederaufladbar\/"]}]},{"@type":"ImageObject","inLanguage":"fr-FR","@id":"https:\/\/schweizversand.ch\/fr\/produkt\/philips-batterien-aa-nimh-1300-mah-wiederaufladbar\/#primaryimage","url":"https:\/\/schweizversand.ch\/wp-content\/uploads\/2026\/03\/5471919658.jpg","contentUrl":"https:\/\/schweizversand.ch\/wp-content\/uploads\/2026\/03\/5471919658.jpg","width":1024,"height":1024},{"@type":"BreadcrumbList","@id":"https:\/\/schweizversand.ch\/fr\/produkt\/philips-batterien-aa-nimh-1300-mah-wiederaufladbar\/#breadcrumb","itemListElement":[{"@type":"ListItem","position":1,"name":"Startseite","item":"https:\/\/schweizversand.ch\/fr\/"},{"@type":"ListItem","position":2,"name":"Boutique","item":"https:\/\/schweizversand.ch\/fr\/boutique\/"},{"@type":"ListItem","position":3,"name":"Piles rechargeables Philips AA NiMH 1300 mAh"}]},{"@type":"WebSite","@id":"https:\/\/schweizversand.ch\/fr\/#website","url":"https:\/\/schweizversand.ch\/fr\/","name":"Schweizer Shop f\u00fcr Sport, Spiel und Freizeit","description":"Gratisversand ab 50.- (netto), ab eigenem schweizer Lager, Lieferung innert 48h","publisher":{"@id":"https:\/\/schweizversand.ch\/fr\/#organization"},"alternateName":"Schweizversand.ch","potentialAction":[{"@type":"SearchAction","target":{"@type":"EntryPoint","urlTemplate":"https:\/\/schweizversand.ch\/fr\/?s={search_term_string}"},"query-input":{"@type":"PropertyValueSpecification","valueRequired":true,"valueName":"search_term_string"}}],"inLanguage":"fr-FR"},{"@type":"Organization","@id":"https:\/\/schweizversand.ch\/fr\/#organization","name":"Schweizversand.ch","url":"https:\/\/schweizversand.ch\/fr\/","logo":{"@type":"ImageObject","inLanguage":"fr-FR","@id":"https:\/\/schweizversand.ch\/fr\/#\/schema\/logo\/image\/","url":"https:\/\/schweizversand.ch\/wp-content\/uploads\/2026\/03\/Logo_Rund_Final-1.png","contentUrl":"https:\/\/schweizversand.ch\/wp-content\/uploads\/2026\/03\/Logo_Rund_Final-1.png","width":404,"height":404,"caption":"Schweizversand.ch"},"image":{"@id":"https:\/\/schweizversand.ch\/fr\/#\/schema\/logo\/image\/"},"sameAs":["https:\/\/www.facebook.com\/Schweizversand","https:\/\/www.instagram.com\/schweizversand.ch\/"]}]}},"jetpack_sharing_enabled":true,"_links":{"self":[{"href":"https:\/\/schweizversand.ch\/fr\/wp-json\/wp\/v2\/product\/257100","targetHints":{"allow":["GET"]}}],"collection":[{"href":"https:\/\/schweizversand.ch\/fr\/wp-json\/wp\/v2\/product"}],"about":[{"href":"https:\/\/schweizversand.ch\/fr\/wp-json\/wp\/v2\/types\/product"}],"replies":[{"embeddable":true,"href":"https:\/\/schweizversand.ch\/fr\/wp-json\/wp\/v2\/comments?post=257100"}],"wp:featuredmedia":[{"embeddable":true,"href":"https:\/\/schweizversand.ch\/fr\/wp-json\/wp\/v2\/media\/257161"}],"wp:attachment":[{"href":"https:\/\/schweizversand.ch\/fr\/wp-json\/wp\/v2\/media?parent=257100"}],"wp:term":[{"taxonomy":"product_brand","embeddable":true,"href":"https:\/\/schweizversand.ch\/fr\/wp-json\/wp\/v2\/product_brand?post=257100"},{"taxonomy":"product_cat","embeddable":true,"href":"https:\/\/schweizversand.ch\/fr\/wp-json\/wp\/v2\/product_cat?post=257100"},{"taxonomy":"product_tag","embeddable":true,"href":"https:\/\/schweizversand.ch\/fr\/wp-json\/wp\/v2\/product_tag?post=257100"}],"curies":[{"name":"wp","href":"https:\/\/api.w.org\/{rel}","templated":true}]}}