{"id":257921,"date":"2026-03-20T02:01:07","date_gmt":"2026-03-20T01:01:07","guid":{"rendered":"https:\/\/schweizversand.ch\/produkt\/trespass-abbott-herren-jacke-7\/"},"modified":"2026-04-10T02:05:53","modified_gmt":"2026-04-10T00:05:53","slug":"trespass-abbott-herren-jacke-7","status":"publish","type":"product","link":"https:\/\/schweizversand.ch\/fr\/produkt\/trespass-abbott-herren-jacke-7\/","title":{"rendered":"Veste homme Trespass ABBOTT"},"content":{"rendered":"<h1><strong>Veste Softshell Abbott pour homme avec capuche<\/strong><\/h1>\n<div>La veste softshell Abbott pour homme est votre alli\u00e9e id\u00e9ale pour toutes vos activit\u00e9s outdoor. Gr\u00e2ce \u00e0 sa protection compl\u00e8te contre le vent et la pluie, vous \u00eates parfaitement \u00e9quip\u00e9 pour atteindre tous vos objectifs, quelles que soient les conditions. D\u00e9couvrez l&rsquo;alliance parfaite de <strong>fonctionnalit\u00e9, de confort et de design moderne<\/strong>.<\/p>\n<\/div>\n<div><strong>Concept Softshell r\u00e9volutionnaire<\/strong><br \/>Les v\u00eatements softshell offrent une interpr\u00e9tation moderne des v\u00eatements hardshell classiques. Cette veste garantit une plus grande libert\u00e9 de mouvement, ce qui en fait le choix id\u00e9al pour le sport, les activit\u00e9s de plein air et le quotidien. La veste softshell Abbott avec capuche vous offre la libert\u00e9 de mouvement dont vous avez besoin pour votre prochaine randonn\u00e9e ou au quotidien. Protection fiable contre les intemp\u00e9ries\u00a0: cette veste coupe-vent a \u00e9t\u00e9 test\u00e9e de mani\u00e8re approfondie pour vous garder au sec et \u00e0 l&rsquo;aise, m\u00eame sous des averses prolong\u00e9es. Bien que les vestes softshell n&rsquo;aient pas de coutures \u00e9tanches, leurs caract\u00e9ristiques techniques offrent une excellente protection contre les intemp\u00e9ries. C&rsquo;est la veste outdoor id\u00e9ale pour tous ceux qui privil\u00e9gient la performance. Caract\u00e9ristiques techniques et mat\u00e9riaux : &#8211; Imperm\u00e9abilit\u00e9 : 8\u00a0000 mm &#8211; Respirabilit\u00e9 : 3\u00a0000 mvp &#8211; Coupe-vent : Oui, protection compl\u00e8te &#8211; Mati\u00e8re : Tissu tiss\u00e9 haute r\u00e9sistance &#8211; Composition : 96 % polyester \/ 4 % \u00e9lasthanne &#8211; Membrane : Membrane TPU int\u00e9gr\u00e9e pour une imperm\u00e9abilit\u00e9 optimale. Vos atouts : Confort et souplesse. L&rsquo;association du polyester et de 4 % d&rsquo;\u00e9lasthanne conf\u00e8re \u00e0 cette veste softshell d\u00e9perlante une souplesse et une r\u00e9sistance exceptionnelles. La structure du tissu garantit sa durabilit\u00e9 et sa tenue. Profitez d&rsquo;un confort optimal tandis que la respirabilit\u00e9 de 3\u00a0000 mvp vous \u00e9vite la surchauffe, m\u00eame lors d&rsquo;activit\u00e9s intenses. Cette veste de randonn\u00e9e polyvalente s&rsquo;adapte parfaitement \u00e0 vos besoins. Que vous planifiiez une ascension exigeante en montagne ou que vous recherchiez simplement une veste fiable au quotidien, la veste softshell Abbott pour homme est le choix id\u00e9al. Elle vous prot\u00e8ge efficacement du vent et de la pluie tout en vous offrant le confort et la souplesse que vous attendez d&rsquo;un v\u00eatement technique de haute qualit\u00e9. Procurez-vous d\u00e8s maintenant votre veste softshell Abbott et profitez d&rsquo;une protection et d&rsquo;un confort maximum pour toutes vos aventures.<\/p>\n","protected":false},"excerpt":{"rendered":"<p>Veste Softshell Abbott pour homme avec capuche La veste softshell Abbott pour homme est votre alli\u00e9e id\u00e9ale pour toutes vos activit\u00e9s outdoor. Gr\u00e2ce \u00e0 sa protection compl\u00e8te contre le vent et la pluie, vous \u00eates parfaitement \u00e9quip\u00e9 pour atteindre tous vos objectifs, quelles que soient les conditions. D\u00e9couvrez l&rsquo;alliance parfaite de fonctionnalit\u00e9, de confort et de design moderne. Concept Softshell r\u00e9volutionnaireLes v\u00eatements softshell offrent une interpr\u00e9tation moderne des v\u00eatements hardshell classiques. Cette veste garantit une&hellip;<\/p>\n","protected":false},"featured_media":258335,"comment_status":"open","ping_status":"closed","template":"","meta":[],"product_brand":[],"product_cat":[38142,38145],"product_tag":[],"class_list":{"0":"post-257921","1":"product","2":"type-product","3":"status-publish","4":"has-post-thumbnail","6":"product_cat-herrenbekleidung","7":"product_cat-vetements-pour-hommes","8":"product_shipping_class-global_methods","10":"first","11":"instock","12":"taxable","13":"shipping-taxable","14":"purchasable","15":"product-type-simple"},"yoast_head":"<!-- This site is optimized with the Yoast SEO plugin v27.3 - https:\/\/yoast.com\/product\/yoast-seo-wordpress\/ -->\n<title>Trespass ABBOTT Herren Jacke | Jetzt kaufen | Schweizversand.ch<\/title>\n<meta name=\"description\" content=\"Trespass ABBOTT Herren Jacke g\u00fcnstig kaufen bei Schweizversand.ch. Schnelle Lieferung in der Schweiz. Gratisversand ab CHF 50.\" \/>\n<meta name=\"robots\" content=\"index, follow, max-snippet:-1, max-image-preview:large, max-video-preview:-1\" \/>\n<link rel=\"canonical\" href=\"https:\/\/schweizversand.ch\/fr\/produkt\/trespass-abbott-herren-jacke-7\/\" \/>\n<meta property=\"og:locale\" content=\"fr_FR\" \/>\n<meta property=\"og:type\" content=\"article\" \/>\n<meta property=\"og:title\" content=\"Trespass ABBOTT Herren Jacke | Jetzt kaufen | Schweizversand.ch\" \/>\n<meta property=\"og:description\" content=\"Trespass ABBOTT Herren Jacke g\u00fcnstig kaufen bei Schweizversand.ch. Schnelle Lieferung in der Schweiz. Gratisversand ab CHF 50.\" \/>\n<meta property=\"og:url\" content=\"https:\/\/schweizversand.ch\/fr\/produkt\/trespass-abbott-herren-jacke-7\/\" \/>\n<meta property=\"og:site_name\" content=\"Schweizer Shop f\u00fcr Sport, Spiel und Freizeit\" \/>\n<meta property=\"article:publisher\" content=\"https:\/\/www.facebook.com\/Schweizversand\" \/>\n<meta property=\"article:modified_time\" content=\"2026-04-10T00:05:53+00:00\" \/>\n<meta name=\"twitter:card\" content=\"summary_large_image\" \/>\n<meta name=\"twitter:label1\" content=\"Dur\u00e9e de lecture estim\u00e9e\" \/>\n\t<meta name=\"twitter:data1\" content=\"2 minutes\" \/>\n<script type=\"application\/ld+json\" class=\"yoast-schema-graph\">{\"@context\":\"https:\\\/\\\/schema.org\",\"@graph\":[{\"@type\":\"WebPage\",\"@id\":\"https:\\\/\\\/schweizversand.ch\\\/fr\\\/produkt\\\/trespass-abbott-herren-jacke-7\\\/\",\"url\":\"https:\\\/\\\/schweizversand.ch\\\/fr\\\/produkt\\\/trespass-abbott-herren-jacke-7\\\/\",\"name\":\"Trespass ABBOTT Herren Jacke | Jetzt kaufen | Schweizversand.ch\",\"isPartOf\":{\"@id\":\"https:\\\/\\\/schweizversand.ch\\\/fr\\\/#website\"},\"primaryImageOfPage\":{\"@id\":\"https:\\\/\\\/schweizversand.ch\\\/fr\\\/produkt\\\/trespass-abbott-herren-jacke-7\\\/#primaryimage\"},\"image\":{\"@id\":\"https:\\\/\\\/schweizversand.ch\\\/fr\\\/produkt\\\/trespass-abbott-herren-jacke-7\\\/#primaryimage\"},\"thumbnailUrl\":\"https:\\\/\\\/schweizversand.ch\\\/wp-content\\\/uploads\\\/2026\\\/03\\\/5471682973.jpg\",\"datePublished\":\"2026-03-20T01:01:07+00:00\",\"dateModified\":\"2026-04-10T00:05:53+00:00\",\"description\":\"Trespass ABBOTT Herren Jacke g\u00fcnstig kaufen bei Schweizversand.ch. Schnelle Lieferung in der Schweiz. Gratisversand ab CHF 50.\",\"breadcrumb\":{\"@id\":\"https:\\\/\\\/schweizversand.ch\\\/fr\\\/produkt\\\/trespass-abbott-herren-jacke-7\\\/#breadcrumb\"},\"inLanguage\":\"fr-FR\",\"potentialAction\":[{\"@type\":\"ReadAction\",\"target\":[\"https:\\\/\\\/schweizversand.ch\\\/fr\\\/produkt\\\/trespass-abbott-herren-jacke-7\\\/\"]}]},{\"@type\":\"ImageObject\",\"inLanguage\":\"fr-FR\",\"@id\":\"https:\\\/\\\/schweizversand.ch\\\/fr\\\/produkt\\\/trespass-abbott-herren-jacke-7\\\/#primaryimage\",\"url\":\"https:\\\/\\\/schweizversand.ch\\\/wp-content\\\/uploads\\\/2026\\\/03\\\/5471682973.jpg\",\"contentUrl\":\"https:\\\/\\\/schweizversand.ch\\\/wp-content\\\/uploads\\\/2026\\\/03\\\/5471682973.jpg\",\"width\":1024,\"height\":1024},{\"@type\":\"BreadcrumbList\",\"@id\":\"https:\\\/\\\/schweizversand.ch\\\/fr\\\/produkt\\\/trespass-abbott-herren-jacke-7\\\/#breadcrumb\",\"itemListElement\":[{\"@type\":\"ListItem\",\"position\":1,\"name\":\"Startseite\",\"item\":\"https:\\\/\\\/schweizversand.ch\\\/fr\\\/\"},{\"@type\":\"ListItem\",\"position\":2,\"name\":\"Boutique\",\"item\":\"https:\\\/\\\/schweizversand.ch\\\/fr\\\/boutique\\\/\"},{\"@type\":\"ListItem\",\"position\":3,\"name\":\"Veste homme Trespass ABBOTT\"}]},{\"@type\":\"WebSite\",\"@id\":\"https:\\\/\\\/schweizversand.ch\\\/fr\\\/#website\",\"url\":\"https:\\\/\\\/schweizversand.ch\\\/fr\\\/\",\"name\":\"Schweizer Shop f\u00fcr Sport, Spiel und Freizeit\",\"description\":\"Gratisversand ab 50.- (netto), ab eigenem schweizer Lager, Lieferung innert 48h\",\"publisher\":{\"@id\":\"https:\\\/\\\/schweizversand.ch\\\/fr\\\/#organization\"},\"alternateName\":\"Schweizversand.ch\",\"potentialAction\":[{\"@type\":\"SearchAction\",\"target\":{\"@type\":\"EntryPoint\",\"urlTemplate\":\"https:\\\/\\\/schweizversand.ch\\\/fr\\\/?s={search_term_string}\"},\"query-input\":{\"@type\":\"PropertyValueSpecification\",\"valueRequired\":true,\"valueName\":\"search_term_string\"}}],\"inLanguage\":\"fr-FR\"},{\"@type\":\"Organization\",\"@id\":\"https:\\\/\\\/schweizversand.ch\\\/fr\\\/#organization\",\"name\":\"Schweizversand.ch\",\"url\":\"https:\\\/\\\/schweizversand.ch\\\/fr\\\/\",\"logo\":{\"@type\":\"ImageObject\",\"inLanguage\":\"fr-FR\",\"@id\":\"https:\\\/\\\/schweizversand.ch\\\/fr\\\/#\\\/schema\\\/logo\\\/image\\\/\",\"url\":\"https:\\\/\\\/schweizversand.ch\\\/wp-content\\\/uploads\\\/2026\\\/03\\\/Logo_Rund_Final-1.png\",\"contentUrl\":\"https:\\\/\\\/schweizversand.ch\\\/wp-content\\\/uploads\\\/2026\\\/03\\\/Logo_Rund_Final-1.png\",\"width\":404,\"height\":404,\"caption\":\"Schweizversand.ch\"},\"image\":{\"@id\":\"https:\\\/\\\/schweizversand.ch\\\/fr\\\/#\\\/schema\\\/logo\\\/image\\\/\"},\"sameAs\":[\"https:\\\/\\\/www.facebook.com\\\/Schweizversand\",\"https:\\\/\\\/www.instagram.com\\\/schweizversand.ch\\\/\"]}]}<\/script>\n<!-- \/ Yoast SEO plugin. -->","yoast_head_json":{"title":"Trespass ABBOTT Herren Jacke | Jetzt kaufen | Schweizversand.ch","description":"Trespass ABBOTT Herren Jacke g\u00fcnstig kaufen bei Schweizversand.ch. Schnelle Lieferung in der Schweiz. Gratisversand ab CHF 50.","robots":{"index":"index","follow":"follow","max-snippet":"max-snippet:-1","max-image-preview":"max-image-preview:large","max-video-preview":"max-video-preview:-1"},"canonical":"https:\/\/schweizversand.ch\/fr\/produkt\/trespass-abbott-herren-jacke-7\/","og_locale":"fr_FR","og_type":"article","og_title":"Trespass ABBOTT Herren Jacke | Jetzt kaufen | Schweizversand.ch","og_description":"Trespass ABBOTT Herren Jacke g\u00fcnstig kaufen bei Schweizversand.ch. Schnelle Lieferung in der Schweiz. Gratisversand ab CHF 50.","og_url":"https:\/\/schweizversand.ch\/fr\/produkt\/trespass-abbott-herren-jacke-7\/","og_site_name":"Schweizer Shop f\u00fcr Sport, Spiel und Freizeit","article_publisher":"https:\/\/www.facebook.com\/Schweizversand","article_modified_time":"2026-04-10T00:05:53+00:00","twitter_card":"summary_large_image","twitter_misc":{"Dur\u00e9e de lecture estim\u00e9e":"2 minutes"},"schema":{"@context":"https:\/\/schema.org","@graph":[{"@type":"WebPage","@id":"https:\/\/schweizversand.ch\/fr\/produkt\/trespass-abbott-herren-jacke-7\/","url":"https:\/\/schweizversand.ch\/fr\/produkt\/trespass-abbott-herren-jacke-7\/","name":"Trespass ABBOTT Herren Jacke | Jetzt kaufen | Schweizversand.ch","isPartOf":{"@id":"https:\/\/schweizversand.ch\/fr\/#website"},"primaryImageOfPage":{"@id":"https:\/\/schweizversand.ch\/fr\/produkt\/trespass-abbott-herren-jacke-7\/#primaryimage"},"image":{"@id":"https:\/\/schweizversand.ch\/fr\/produkt\/trespass-abbott-herren-jacke-7\/#primaryimage"},"thumbnailUrl":"https:\/\/schweizversand.ch\/wp-content\/uploads\/2026\/03\/5471682973.jpg","datePublished":"2026-03-20T01:01:07+00:00","dateModified":"2026-04-10T00:05:53+00:00","description":"Trespass ABBOTT Herren Jacke g\u00fcnstig kaufen bei Schweizversand.ch. Schnelle Lieferung in der Schweiz. Gratisversand ab CHF 50.","breadcrumb":{"@id":"https:\/\/schweizversand.ch\/fr\/produkt\/trespass-abbott-herren-jacke-7\/#breadcrumb"},"inLanguage":"fr-FR","potentialAction":[{"@type":"ReadAction","target":["https:\/\/schweizversand.ch\/fr\/produkt\/trespass-abbott-herren-jacke-7\/"]}]},{"@type":"ImageObject","inLanguage":"fr-FR","@id":"https:\/\/schweizversand.ch\/fr\/produkt\/trespass-abbott-herren-jacke-7\/#primaryimage","url":"https:\/\/schweizversand.ch\/wp-content\/uploads\/2026\/03\/5471682973.jpg","contentUrl":"https:\/\/schweizversand.ch\/wp-content\/uploads\/2026\/03\/5471682973.jpg","width":1024,"height":1024},{"@type":"BreadcrumbList","@id":"https:\/\/schweizversand.ch\/fr\/produkt\/trespass-abbott-herren-jacke-7\/#breadcrumb","itemListElement":[{"@type":"ListItem","position":1,"name":"Startseite","item":"https:\/\/schweizversand.ch\/fr\/"},{"@type":"ListItem","position":2,"name":"Boutique","item":"https:\/\/schweizversand.ch\/fr\/boutique\/"},{"@type":"ListItem","position":3,"name":"Veste homme Trespass ABBOTT"}]},{"@type":"WebSite","@id":"https:\/\/schweizversand.ch\/fr\/#website","url":"https:\/\/schweizversand.ch\/fr\/","name":"Schweizer Shop f\u00fcr Sport, Spiel und Freizeit","description":"Gratisversand ab 50.- (netto), ab eigenem schweizer Lager, Lieferung innert 48h","publisher":{"@id":"https:\/\/schweizversand.ch\/fr\/#organization"},"alternateName":"Schweizversand.ch","potentialAction":[{"@type":"SearchAction","target":{"@type":"EntryPoint","urlTemplate":"https:\/\/schweizversand.ch\/fr\/?s={search_term_string}"},"query-input":{"@type":"PropertyValueSpecification","valueRequired":true,"valueName":"search_term_string"}}],"inLanguage":"fr-FR"},{"@type":"Organization","@id":"https:\/\/schweizversand.ch\/fr\/#organization","name":"Schweizversand.ch","url":"https:\/\/schweizversand.ch\/fr\/","logo":{"@type":"ImageObject","inLanguage":"fr-FR","@id":"https:\/\/schweizversand.ch\/fr\/#\/schema\/logo\/image\/","url":"https:\/\/schweizversand.ch\/wp-content\/uploads\/2026\/03\/Logo_Rund_Final-1.png","contentUrl":"https:\/\/schweizversand.ch\/wp-content\/uploads\/2026\/03\/Logo_Rund_Final-1.png","width":404,"height":404,"caption":"Schweizversand.ch"},"image":{"@id":"https:\/\/schweizversand.ch\/fr\/#\/schema\/logo\/image\/"},"sameAs":["https:\/\/www.facebook.com\/Schweizversand","https:\/\/www.instagram.com\/schweizversand.ch\/"]}]}},"jetpack_sharing_enabled":true,"_links":{"self":[{"href":"https:\/\/schweizversand.ch\/fr\/wp-json\/wp\/v2\/product\/257921","targetHints":{"allow":["GET"]}}],"collection":[{"href":"https:\/\/schweizversand.ch\/fr\/wp-json\/wp\/v2\/product"}],"about":[{"href":"https:\/\/schweizversand.ch\/fr\/wp-json\/wp\/v2\/types\/product"}],"replies":[{"embeddable":true,"href":"https:\/\/schweizversand.ch\/fr\/wp-json\/wp\/v2\/comments?post=257921"}],"wp:featuredmedia":[{"embeddable":true,"href":"https:\/\/schweizversand.ch\/fr\/wp-json\/wp\/v2\/media\/258335"}],"wp:attachment":[{"href":"https:\/\/schweizversand.ch\/fr\/wp-json\/wp\/v2\/media?parent=257921"}],"wp:term":[{"taxonomy":"product_brand","embeddable":true,"href":"https:\/\/schweizversand.ch\/fr\/wp-json\/wp\/v2\/product_brand?post=257921"},{"taxonomy":"product_cat","embeddable":true,"href":"https:\/\/schweizversand.ch\/fr\/wp-json\/wp\/v2\/product_cat?post=257921"},{"taxonomy":"product_tag","embeddable":true,"href":"https:\/\/schweizversand.ch\/fr\/wp-json\/wp\/v2\/product_tag?post=257921"}],"curies":[{"name":"wp","href":"https:\/\/api.w.org\/{rel}","templated":true}]}}