{"id":258463,"date":"2026-03-21T02:00:53","date_gmt":"2026-03-21T01:00:53","guid":{"rendered":"https:\/\/schweizversand.ch\/produkt\/hudora-turnreck-vario\/"},"modified":"2026-04-11T09:45:01","modified_gmt":"2026-04-11T07:45:01","slug":"hudora-turnreck-vario","status":"publish","type":"product","link":"https:\/\/schweizversand.ch\/fr\/produkt\/hudora-turnreck-vario\/","title":{"rendered":"Support de gymnastique Hudora Vario"},"content":{"rendered":"<h1><strong>Barre de gymnastique Vario \u2013 \u00c9quipement de gymnastique r\u00e9glable en hauteur pour enfants<\/strong><\/h1>\n<div>D\u00e9veloppez l&rsquo;agilit\u00e9 et le plaisir de vos enfants avec la barre de gymnastique Vario, id\u00e9ale pour le jardin. Cette barre de haute qualit\u00e9 et stable a \u00e9t\u00e9 sp\u00e9cialement con\u00e7ue pour une utilisation en ext\u00e9rieur et offre des ann\u00e9es de plaisir et de s\u00e9curit\u00e9.<\/p>\n<\/div>\n<div><strong>Flexibilit\u00e9 et \u00e9volutivit\u00e9<\/strong><br \/>La barre de gymnastique r\u00e9glable en hauteur s&rsquo;adapte parfaitement aux besoins de votre enfant. Gr\u00e2ce \u00e0 ses sept positions pr\u00e9d\u00e9finies, la hauteur se r\u00e8gle facilement d&rsquo;environ 72 cm \u00e0 170 cm. C&rsquo;est ainsi l&rsquo;\u00e9quipement de gymnastique ext\u00e9rieur id\u00e9al pour les enfants de 6 \u00e0 12 ans, et la barre s&rsquo;adapte \u00e0 leur croissance. Qualit\u00e9 et stabilit\u00e9 optimales\u00a0: la s\u00e9curit\u00e9 est notre priorit\u00e9. Le cadre robuste de section carr\u00e9e de 50 x 50 mm, en acier thermolaqu\u00e9 d&rsquo;une \u00e9paisseur de 1,9 mm, garantit une stabilit\u00e9 exceptionnelle. La barre horizontale en acier inoxydable mesure 118 cm de long, a un diam\u00e8tre de 25 mm et est r\u00e9sistante \u00e0 la corrosion pour supporter les intemp\u00e9ries. Le poids maximal de l&rsquo;utilisateur est de 120 kg.<\/p>\n<\/div>\n<div><strong>D\u00e9tails et dimensions du produit<\/strong><br \/>&#8211; R\u00e9glage de la hauteur sur 7 positions\u00a0: environ 72 \u00e0 170 cm<br \/>&#8211; 4 poteaux de 115 cm de haut chacun<br \/>&#8211; Mat\u00e9riau du cadre\u00a0: tubes d&rsquo;acier carr\u00e9s de 50 x 50 mm (thermolaqu\u00e9s, \u00e9paisseur de 1,9 mm)<br \/>&#8211; Barre de traction en acier inoxydable\u00a0: 118 cm de long, 25 mm de diam\u00e8tre (\u00e9paisseur de 2,5 mm)<br \/>&#8211; Dimensions assembl\u00e9es (avec 50 cm d&rsquo;encastrement)\u00a0: environ 180 x 115 x 5 cm<br \/>&#8211; Poids maximal de l&rsquo;utilisateur\u00a0: 120 kg<\/p>\n<\/div>\n<div><strong>Contenu de la livraison et du montage<\/strong><br \/>Gr\u00e2ce \u00e0 ses dimensions compactes, la barre de traction <strong>Vario<\/strong> s&rsquo;installe m\u00eame dans les petits jardins. Le kit comprend tout le mat\u00e9riel de fixation n\u00e9cessaire pour un montage s\u00e9curis\u00e9 et un scellement dans le b\u00e9ton, vous permettant ainsi de cr\u00e9er rapidement une structure de jeu ext\u00e9rieure s\u00fbre et durable.<\/p>\n","protected":false},"excerpt":{"rendered":"<p>Barre de gymnastique Vario \u2013 \u00c9quipement de gymnastique r\u00e9glable en hauteur pour enfants D\u00e9veloppez l&rsquo;agilit\u00e9 et le plaisir de vos enfants avec la barre de gymnastique Vario, id\u00e9ale pour le jardin. Cette barre de haute qualit\u00e9 et stable a \u00e9t\u00e9 sp\u00e9cialement con\u00e7ue pour une utilisation en ext\u00e9rieur et offre des ann\u00e9es de plaisir et de s\u00e9curit\u00e9. Flexibilit\u00e9 et \u00e9volutivit\u00e9La barre de gymnastique r\u00e9glable en hauteur s&rsquo;adapte parfaitement aux besoins de votre enfant. Gr\u00e2ce \u00e0 ses&hellip;<\/p>\n","protected":false},"featured_media":165362,"comment_status":"open","ping_status":"closed","template":"","meta":[],"product_brand":[],"product_cat":[38526],"product_tag":[],"class_list":{"0":"post-258463","1":"product","2":"type-product","3":"status-publish","4":"has-post-thumbnail","6":"product_cat-gartenspielgeraete","7":"product_shipping_class-global_methods","9":"first","10":"instock","11":"taxable","12":"shipping-taxable","13":"purchasable","14":"product-type-simple"},"yoast_head":"<!-- This site is optimized with the Yoast SEO plugin v27.3 - https:\/\/yoast.com\/product\/yoast-seo-wordpress\/ -->\n<title>Hudora Turnreck Vario | Jetzt kaufen | Schweizversand.ch<\/title>\n<meta name=\"description\" content=\"Hudora Turnreck Vario g\u00fcnstig kaufen bei Schweizversand.ch. Schnelle Lieferung in der Schweiz. Gratisversand ab CHF 50.\" \/>\n<meta name=\"robots\" content=\"index, follow, max-snippet:-1, max-image-preview:large, max-video-preview:-1\" \/>\n<link rel=\"canonical\" href=\"https:\/\/schweizversand.ch\/fr\/produkt\/hudora-turnreck-vario\/\" \/>\n<meta property=\"og:locale\" content=\"fr_FR\" \/>\n<meta property=\"og:type\" content=\"article\" \/>\n<meta property=\"og:title\" content=\"Hudora Turnreck Vario | Jetzt kaufen | Schweizversand.ch\" \/>\n<meta property=\"og:description\" content=\"Hudora Turnreck Vario g\u00fcnstig kaufen bei Schweizversand.ch. Schnelle Lieferung in der Schweiz. Gratisversand ab CHF 50.\" \/>\n<meta property=\"og:url\" content=\"https:\/\/schweizversand.ch\/fr\/produkt\/hudora-turnreck-vario\/\" \/>\n<meta property=\"og:site_name\" content=\"Schweizer Shop f\u00fcr Sport, Spiel und Freizeit\" \/>\n<meta property=\"article:publisher\" content=\"https:\/\/www.facebook.com\/Schweizversand\" \/>\n<meta property=\"article:modified_time\" content=\"2026-04-11T07:45:01+00:00\" \/>\n<meta name=\"twitter:card\" content=\"summary_large_image\" \/>\n<meta name=\"twitter:label1\" content=\"Dur\u00e9e de lecture estim\u00e9e\" \/>\n\t<meta name=\"twitter:data1\" content=\"2 minutes\" \/>\n<script type=\"application\/ld+json\" class=\"yoast-schema-graph\">{\"@context\":\"https:\\\/\\\/schema.org\",\"@graph\":[{\"@type\":\"WebPage\",\"@id\":\"https:\\\/\\\/schweizversand.ch\\\/fr\\\/produkt\\\/hudora-turnreck-vario\\\/\",\"url\":\"https:\\\/\\\/schweizversand.ch\\\/fr\\\/produkt\\\/hudora-turnreck-vario\\\/\",\"name\":\"Hudora Turnreck Vario | Jetzt kaufen | Schweizversand.ch\",\"isPartOf\":{\"@id\":\"https:\\\/\\\/schweizversand.ch\\\/fr\\\/#website\"},\"primaryImageOfPage\":{\"@id\":\"https:\\\/\\\/schweizversand.ch\\\/fr\\\/produkt\\\/hudora-turnreck-vario\\\/#primaryimage\"},\"image\":{\"@id\":\"https:\\\/\\\/schweizversand.ch\\\/fr\\\/produkt\\\/hudora-turnreck-vario\\\/#primaryimage\"},\"thumbnailUrl\":\"https:\\\/\\\/schweizversand.ch\\\/wp-content\\\/uploads\\\/2026\\\/02\\\/5471588424.png\",\"datePublished\":\"2026-03-21T01:00:53+00:00\",\"dateModified\":\"2026-04-11T07:45:01+00:00\",\"description\":\"Hudora Turnreck Vario g\u00fcnstig kaufen bei Schweizversand.ch. Schnelle Lieferung in der Schweiz. Gratisversand ab CHF 50.\",\"breadcrumb\":{\"@id\":\"https:\\\/\\\/schweizversand.ch\\\/fr\\\/produkt\\\/hudora-turnreck-vario\\\/#breadcrumb\"},\"inLanguage\":\"fr-FR\",\"potentialAction\":[{\"@type\":\"ReadAction\",\"target\":[\"https:\\\/\\\/schweizversand.ch\\\/fr\\\/produkt\\\/hudora-turnreck-vario\\\/\"]}]},{\"@type\":\"ImageObject\",\"inLanguage\":\"fr-FR\",\"@id\":\"https:\\\/\\\/schweizversand.ch\\\/fr\\\/produkt\\\/hudora-turnreck-vario\\\/#primaryimage\",\"url\":\"https:\\\/\\\/schweizversand.ch\\\/wp-content\\\/uploads\\\/2026\\\/02\\\/5471588424.png\",\"contentUrl\":\"https:\\\/\\\/schweizversand.ch\\\/wp-content\\\/uploads\\\/2026\\\/02\\\/5471588424.png\",\"width\":648,\"height\":1024},{\"@type\":\"BreadcrumbList\",\"@id\":\"https:\\\/\\\/schweizversand.ch\\\/fr\\\/produkt\\\/hudora-turnreck-vario\\\/#breadcrumb\",\"itemListElement\":[{\"@type\":\"ListItem\",\"position\":1,\"name\":\"Startseite\",\"item\":\"https:\\\/\\\/schweizversand.ch\\\/fr\\\/\"},{\"@type\":\"ListItem\",\"position\":2,\"name\":\"Boutique\",\"item\":\"https:\\\/\\\/schweizversand.ch\\\/fr\\\/boutique\\\/\"},{\"@type\":\"ListItem\",\"position\":3,\"name\":\"Support de gymnastique Hudora Vario\"}]},{\"@type\":\"WebSite\",\"@id\":\"https:\\\/\\\/schweizversand.ch\\\/fr\\\/#website\",\"url\":\"https:\\\/\\\/schweizversand.ch\\\/fr\\\/\",\"name\":\"Schweizer Shop f\u00fcr Sport, Spiel und Freizeit\",\"description\":\"Gratisversand ab 50.- (netto), ab eigenem schweizer Lager, Lieferung innert 48h\",\"publisher\":{\"@id\":\"https:\\\/\\\/schweizversand.ch\\\/fr\\\/#organization\"},\"alternateName\":\"Schweizversand.ch\",\"potentialAction\":[{\"@type\":\"SearchAction\",\"target\":{\"@type\":\"EntryPoint\",\"urlTemplate\":\"https:\\\/\\\/schweizversand.ch\\\/fr\\\/?s={search_term_string}\"},\"query-input\":{\"@type\":\"PropertyValueSpecification\",\"valueRequired\":true,\"valueName\":\"search_term_string\"}}],\"inLanguage\":\"fr-FR\"},{\"@type\":\"Organization\",\"@id\":\"https:\\\/\\\/schweizversand.ch\\\/fr\\\/#organization\",\"name\":\"Schweizversand.ch\",\"url\":\"https:\\\/\\\/schweizversand.ch\\\/fr\\\/\",\"logo\":{\"@type\":\"ImageObject\",\"inLanguage\":\"fr-FR\",\"@id\":\"https:\\\/\\\/schweizversand.ch\\\/fr\\\/#\\\/schema\\\/logo\\\/image\\\/\",\"url\":\"https:\\\/\\\/schweizversand.ch\\\/wp-content\\\/uploads\\\/2026\\\/03\\\/Logo_Rund_Final-1.png\",\"contentUrl\":\"https:\\\/\\\/schweizversand.ch\\\/wp-content\\\/uploads\\\/2026\\\/03\\\/Logo_Rund_Final-1.png\",\"width\":404,\"height\":404,\"caption\":\"Schweizversand.ch\"},\"image\":{\"@id\":\"https:\\\/\\\/schweizversand.ch\\\/fr\\\/#\\\/schema\\\/logo\\\/image\\\/\"},\"sameAs\":[\"https:\\\/\\\/www.facebook.com\\\/Schweizversand\",\"https:\\\/\\\/www.instagram.com\\\/schweizversand.ch\\\/\"]}]}<\/script>\n<!-- \/ Yoast SEO plugin. -->","yoast_head_json":{"title":"Hudora Turnreck Vario | Jetzt kaufen | Schweizversand.ch","description":"Hudora Turnreck Vario g\u00fcnstig kaufen bei Schweizversand.ch. Schnelle Lieferung in der Schweiz. Gratisversand ab CHF 50.","robots":{"index":"index","follow":"follow","max-snippet":"max-snippet:-1","max-image-preview":"max-image-preview:large","max-video-preview":"max-video-preview:-1"},"canonical":"https:\/\/schweizversand.ch\/fr\/produkt\/hudora-turnreck-vario\/","og_locale":"fr_FR","og_type":"article","og_title":"Hudora Turnreck Vario | Jetzt kaufen | Schweizversand.ch","og_description":"Hudora Turnreck Vario g\u00fcnstig kaufen bei Schweizversand.ch. Schnelle Lieferung in der Schweiz. Gratisversand ab CHF 50.","og_url":"https:\/\/schweizversand.ch\/fr\/produkt\/hudora-turnreck-vario\/","og_site_name":"Schweizer Shop f\u00fcr Sport, Spiel und Freizeit","article_publisher":"https:\/\/www.facebook.com\/Schweizversand","article_modified_time":"2026-04-11T07:45:01+00:00","twitter_card":"summary_large_image","twitter_misc":{"Dur\u00e9e de lecture estim\u00e9e":"2 minutes"},"schema":{"@context":"https:\/\/schema.org","@graph":[{"@type":"WebPage","@id":"https:\/\/schweizversand.ch\/fr\/produkt\/hudora-turnreck-vario\/","url":"https:\/\/schweizversand.ch\/fr\/produkt\/hudora-turnreck-vario\/","name":"Hudora Turnreck Vario | Jetzt kaufen | Schweizversand.ch","isPartOf":{"@id":"https:\/\/schweizversand.ch\/fr\/#website"},"primaryImageOfPage":{"@id":"https:\/\/schweizversand.ch\/fr\/produkt\/hudora-turnreck-vario\/#primaryimage"},"image":{"@id":"https:\/\/schweizversand.ch\/fr\/produkt\/hudora-turnreck-vario\/#primaryimage"},"thumbnailUrl":"https:\/\/schweizversand.ch\/wp-content\/uploads\/2026\/02\/5471588424.png","datePublished":"2026-03-21T01:00:53+00:00","dateModified":"2026-04-11T07:45:01+00:00","description":"Hudora Turnreck Vario g\u00fcnstig kaufen bei Schweizversand.ch. Schnelle Lieferung in der Schweiz. Gratisversand ab CHF 50.","breadcrumb":{"@id":"https:\/\/schweizversand.ch\/fr\/produkt\/hudora-turnreck-vario\/#breadcrumb"},"inLanguage":"fr-FR","potentialAction":[{"@type":"ReadAction","target":["https:\/\/schweizversand.ch\/fr\/produkt\/hudora-turnreck-vario\/"]}]},{"@type":"ImageObject","inLanguage":"fr-FR","@id":"https:\/\/schweizversand.ch\/fr\/produkt\/hudora-turnreck-vario\/#primaryimage","url":"https:\/\/schweizversand.ch\/wp-content\/uploads\/2026\/02\/5471588424.png","contentUrl":"https:\/\/schweizversand.ch\/wp-content\/uploads\/2026\/02\/5471588424.png","width":648,"height":1024},{"@type":"BreadcrumbList","@id":"https:\/\/schweizversand.ch\/fr\/produkt\/hudora-turnreck-vario\/#breadcrumb","itemListElement":[{"@type":"ListItem","position":1,"name":"Startseite","item":"https:\/\/schweizversand.ch\/fr\/"},{"@type":"ListItem","position":2,"name":"Boutique","item":"https:\/\/schweizversand.ch\/fr\/boutique\/"},{"@type":"ListItem","position":3,"name":"Support de gymnastique Hudora Vario"}]},{"@type":"WebSite","@id":"https:\/\/schweizversand.ch\/fr\/#website","url":"https:\/\/schweizversand.ch\/fr\/","name":"Schweizer Shop f\u00fcr Sport, Spiel und Freizeit","description":"Gratisversand ab 50.- (netto), ab eigenem schweizer Lager, Lieferung innert 48h","publisher":{"@id":"https:\/\/schweizversand.ch\/fr\/#organization"},"alternateName":"Schweizversand.ch","potentialAction":[{"@type":"SearchAction","target":{"@type":"EntryPoint","urlTemplate":"https:\/\/schweizversand.ch\/fr\/?s={search_term_string}"},"query-input":{"@type":"PropertyValueSpecification","valueRequired":true,"valueName":"search_term_string"}}],"inLanguage":"fr-FR"},{"@type":"Organization","@id":"https:\/\/schweizversand.ch\/fr\/#organization","name":"Schweizversand.ch","url":"https:\/\/schweizversand.ch\/fr\/","logo":{"@type":"ImageObject","inLanguage":"fr-FR","@id":"https:\/\/schweizversand.ch\/fr\/#\/schema\/logo\/image\/","url":"https:\/\/schweizversand.ch\/wp-content\/uploads\/2026\/03\/Logo_Rund_Final-1.png","contentUrl":"https:\/\/schweizversand.ch\/wp-content\/uploads\/2026\/03\/Logo_Rund_Final-1.png","width":404,"height":404,"caption":"Schweizversand.ch"},"image":{"@id":"https:\/\/schweizversand.ch\/fr\/#\/schema\/logo\/image\/"},"sameAs":["https:\/\/www.facebook.com\/Schweizversand","https:\/\/www.instagram.com\/schweizversand.ch\/"]}]}},"jetpack_sharing_enabled":true,"_links":{"self":[{"href":"https:\/\/schweizversand.ch\/fr\/wp-json\/wp\/v2\/product\/258463","targetHints":{"allow":["GET"]}}],"collection":[{"href":"https:\/\/schweizversand.ch\/fr\/wp-json\/wp\/v2\/product"}],"about":[{"href":"https:\/\/schweizversand.ch\/fr\/wp-json\/wp\/v2\/types\/product"}],"replies":[{"embeddable":true,"href":"https:\/\/schweizversand.ch\/fr\/wp-json\/wp\/v2\/comments?post=258463"}],"wp:featuredmedia":[{"embeddable":true,"href":"https:\/\/schweizversand.ch\/fr\/wp-json\/wp\/v2\/media\/165362"}],"wp:attachment":[{"href":"https:\/\/schweizversand.ch\/fr\/wp-json\/wp\/v2\/media?parent=258463"}],"wp:term":[{"taxonomy":"product_brand","embeddable":true,"href":"https:\/\/schweizversand.ch\/fr\/wp-json\/wp\/v2\/product_brand?post=258463"},{"taxonomy":"product_cat","embeddable":true,"href":"https:\/\/schweizversand.ch\/fr\/wp-json\/wp\/v2\/product_cat?post=258463"},{"taxonomy":"product_tag","embeddable":true,"href":"https:\/\/schweizversand.ch\/fr\/wp-json\/wp\/v2\/product_tag?post=258463"}],"curies":[{"name":"wp","href":"https:\/\/api.w.org\/{rel}","templated":true}]}}