{"id":258477,"date":"2026-03-21T02:00:57","date_gmt":"2026-03-21T01:00:57","guid":{"rendered":"https:\/\/schweizversand.ch\/produkt\/hudora-kinderinliner-mia-2\/"},"modified":"2026-04-22T15:35:31","modified_gmt":"2026-04-22T13:35:31","slug":"hudora-kinderinliner-mia-2","status":"publish","type":"product","link":"https:\/\/schweizversand.ch\/fr\/produkt\/hudora-kinderinliner-mia-2\/","title":{"rendered":"Patins \u00e0 roues align\u00e9es pour enfants Hudora Mia"},"content":{"rendered":"<h1><strong>Patins \u00e0 roues align\u00e9es HUDORA Mia \u2013 Patins \u00e0 roues align\u00e9es ajustables pour enfants<\/strong><\/h1>\n<div>Le patinage est une activit\u00e9 amusante pour toute la famille et favorise simultan\u00e9ment le d\u00e9veloppement de la motricit\u00e9 et du sens de l&rsquo;\u00e9quilibre de votre enfant. Avec les patins \u00e0 roues align\u00e9es HUDORA Mia, offrez \u00e0 votre enfant une initiation id\u00e9ale au monde des sports de glisse. Ces patins \u00e0 roues align\u00e9es de haute qualit\u00e9 pour filles sont con\u00e7us pour le confort, la s\u00e9curit\u00e9 et des ann\u00e9es de plaisir sur les pistes.<\/p>\n<\/div>\n<div><strong>Confort et ajustement<\/strong><br \/>Le mod\u00e8le Mia impressionne par sa vitesse et son confort exceptionnel. Le chausson int\u00e9rieur \u00e9pouse parfaitement la forme du pied, est parfaitement rembourr\u00e9 et garantit l&rsquo;absence de pincements et de frottements. Gr\u00e2ce au micro-ajustement, ces patins \u00e0 roues align\u00e9es ajustables pour enfants s&rsquo;adaptent \u00e0 la croissance de votre enfant sur quatre pointures, ce qui en fait un investissement durable. Performance et s\u00e9curit\u00e9 maximales\u00a0: \u00c9quip\u00e9s de roulements ABEC 5 de haute qualit\u00e9 et de roues en PU transparentes ultra-l\u00e9g\u00e8res, ces patins en ligne optimisent le plaisir de patiner. Le ch\u00e2ssis en PP r\u00e9sistant aux chocs et la certification T\u00dcV\/GS garantissent la s\u00e9curit\u00e9 de votre enfant en toutes circonstances. Lors des s\u00e9ances de patinage intenses, le syst\u00e8me Airvent respirant assure une ventilation optimale. Facilit\u00e9 d&rsquo;enfilage et de fermeture\u00a0: Un syst\u00e8me d&rsquo;enfilage pratique facilite la mise en place. Le syst\u00e8me de la\u00e7age rapide, associ\u00e9 \u00e0 la sangle de serrage et \u00e0 la boucle \u00e0 pression, permet un chaussage facile et s\u00fbr des patins pour enfants. Votre enfant peut ainsi se concentrer pleinement sur le patinage.<\/p>\n<\/div>\n<div><strong>D\u00e9tails et sp\u00e9cifications du produit<\/strong><br \/>&#8211; Pointures\u00a0: 33-36 (Taille des roues\u00a0: \u00d8 70 x 22 mm)<br \/>&#8211; Max. Poids de l&rsquo;utilisateur\u00a0: 60\u00a0kg<br \/>&#8211; Roulements\u00a0: ABEC\u00a05, carbone<br \/>&#8211; Roues\u00a0: Roues en polyur\u00e9thane moul\u00e9, transparentes, \u00e0 haut rebond 82\u00a0A<br \/>&#8211; Ch\u00e2ssis\u00a0: Ch\u00e2ssis en polypropyl\u00e8ne r\u00e9sistant aux chocs<br \/>&#8211; S\u00e9curit\u00e9\u00a0: Certifi\u00e9 T\u00dcV\/GS<br \/>&#8211; Caract\u00e9ristiques\u00a0: Taille ajustable sur 4\u00a0pointures, syst\u00e8me d&rsquo;a\u00e9ration, syst\u00e8me de la\u00e7age rapide<br \/>&#8211; Fermeture\u00a0: Boucle \u00e0 pression Power Strap<\/p>\n<\/div>\n<div>Remarque\u00a0: \u00c0 utiliser uniquement avec des \u00e9quipements de protection. Ne pas utiliser sur la voie publique. Offrez-vous ces patins \u00e0 roulettes polyvalents pour enfants d\u00e8s maintenant et vivez des moments inoubliables en plein air\u00a0!<\/p>\n","protected":false},"excerpt":{"rendered":"<p>Patins \u00e0 roues align\u00e9es HUDORA Mia \u2013 Patins \u00e0 roues align\u00e9es ajustables pour enfants Le patinage est une activit\u00e9 amusante pour toute la famille et favorise simultan\u00e9ment le d\u00e9veloppement de la motricit\u00e9 et du sens de l&rsquo;\u00e9quilibre de votre enfant. Avec les patins \u00e0 roues align\u00e9es HUDORA Mia, offrez \u00e0 votre enfant une initiation id\u00e9ale au monde des sports de glisse. Ces patins \u00e0 roues align\u00e9es de haute qualit\u00e9 pour filles sont con\u00e7us pour le&hellip;<\/p>\n","protected":false},"featured_media":167499,"comment_status":"open","ping_status":"closed","template":"","meta":[],"product_brand":[],"product_cat":[38530,39055],"product_tag":[],"class_list":{"0":"post-258477","1":"product","2":"type-product","3":"status-publish","4":"has-post-thumbnail","6":"product_cat-inlineskates","7":"product_cat-patins-en-ligne","8":"product_shipping_class-global_methods","10":"first","11":"instock","12":"taxable","13":"shipping-taxable","14":"purchasable","15":"product-type-simple"},"yoast_head":"<!-- This site is optimized with the Yoast SEO plugin v27.4 - https:\/\/yoast.com\/product\/yoast-seo-wordpress\/ -->\n<title>Hudora Kinderinliner Mia | Jetzt kaufen | Schweizversand.ch<\/title>\n<meta name=\"description\" content=\"Hudora Kinderinliner Mia g\u00fcnstig kaufen bei Schweizversand.ch. Schnelle Lieferung in der Schweiz. Gratisversand ab CHF 50.\" \/>\n<meta name=\"robots\" content=\"index, follow, max-snippet:-1, max-image-preview:large, max-video-preview:-1\" \/>\n<link rel=\"canonical\" href=\"https:\/\/schweizversand.ch\/fr\/produkt\/hudora-kinderinliner-mia-2\/\" \/>\n<meta property=\"og:locale\" content=\"fr_FR\" \/>\n<meta property=\"og:type\" content=\"article\" \/>\n<meta property=\"og:title\" content=\"Hudora Kinderinliner Mia | Jetzt kaufen | Schweizversand.ch\" \/>\n<meta property=\"og:description\" content=\"Hudora Kinderinliner Mia g\u00fcnstig kaufen bei Schweizversand.ch. Schnelle Lieferung in der Schweiz. Gratisversand ab CHF 50.\" \/>\n<meta property=\"og:url\" content=\"https:\/\/schweizversand.ch\/fr\/produkt\/hudora-kinderinliner-mia-2\/\" \/>\n<meta property=\"og:site_name\" content=\"Schweizer Shop f\u00fcr Sport, Spiel und Freizeit\" \/>\n<meta property=\"article:publisher\" content=\"https:\/\/www.facebook.com\/Schweizversand\" \/>\n<meta property=\"article:modified_time\" content=\"2026-04-22T13:35:31+00:00\" \/>\n<meta name=\"twitter:card\" content=\"summary_large_image\" \/>\n<meta name=\"twitter:label1\" content=\"Dur\u00e9e de lecture estim\u00e9e\" \/>\n\t<meta name=\"twitter:data1\" content=\"2 minutes\" \/>\n<script type=\"application\/ld+json\" class=\"yoast-schema-graph\">{\"@context\":\"https:\\\/\\\/schema.org\",\"@graph\":[{\"@type\":\"WebPage\",\"@id\":\"https:\\\/\\\/schweizversand.ch\\\/fr\\\/produkt\\\/hudora-kinderinliner-mia-2\\\/\",\"url\":\"https:\\\/\\\/schweizversand.ch\\\/fr\\\/produkt\\\/hudora-kinderinliner-mia-2\\\/\",\"name\":\"Hudora Kinderinliner Mia | Jetzt kaufen | Schweizversand.ch\",\"isPartOf\":{\"@id\":\"https:\\\/\\\/schweizversand.ch\\\/fr\\\/#website\"},\"primaryImageOfPage\":{\"@id\":\"https:\\\/\\\/schweizversand.ch\\\/fr\\\/produkt\\\/hudora-kinderinliner-mia-2\\\/#primaryimage\"},\"image\":{\"@id\":\"https:\\\/\\\/schweizversand.ch\\\/fr\\\/produkt\\\/hudora-kinderinliner-mia-2\\\/#primaryimage\"},\"thumbnailUrl\":\"https:\\\/\\\/schweizversand.ch\\\/wp-content\\\/uploads\\\/2026\\\/02\\\/5471476977.jpg\",\"datePublished\":\"2026-03-21T01:00:57+00:00\",\"dateModified\":\"2026-04-22T13:35:31+00:00\",\"description\":\"Hudora Kinderinliner Mia g\u00fcnstig kaufen bei Schweizversand.ch. Schnelle Lieferung in der Schweiz. Gratisversand ab CHF 50.\",\"breadcrumb\":{\"@id\":\"https:\\\/\\\/schweizversand.ch\\\/fr\\\/produkt\\\/hudora-kinderinliner-mia-2\\\/#breadcrumb\"},\"inLanguage\":\"fr-FR\",\"potentialAction\":[{\"@type\":\"ReadAction\",\"target\":[\"https:\\\/\\\/schweizversand.ch\\\/fr\\\/produkt\\\/hudora-kinderinliner-mia-2\\\/\"]}]},{\"@type\":\"ImageObject\",\"inLanguage\":\"fr-FR\",\"@id\":\"https:\\\/\\\/schweizversand.ch\\\/fr\\\/produkt\\\/hudora-kinderinliner-mia-2\\\/#primaryimage\",\"url\":\"https:\\\/\\\/schweizversand.ch\\\/wp-content\\\/uploads\\\/2026\\\/02\\\/5471476977.jpg\",\"contentUrl\":\"https:\\\/\\\/schweizversand.ch\\\/wp-content\\\/uploads\\\/2026\\\/02\\\/5471476977.jpg\",\"width\":1024,\"height\":982},{\"@type\":\"BreadcrumbList\",\"@id\":\"https:\\\/\\\/schweizversand.ch\\\/fr\\\/produkt\\\/hudora-kinderinliner-mia-2\\\/#breadcrumb\",\"itemListElement\":[{\"@type\":\"ListItem\",\"position\":1,\"name\":\"Startseite\",\"item\":\"https:\\\/\\\/schweizversand.ch\\\/fr\\\/home\\\/\"},{\"@type\":\"ListItem\",\"position\":2,\"name\":\"Boutique\",\"item\":\"https:\\\/\\\/schweizversand.ch\\\/fr\\\/boutique\\\/\"},{\"@type\":\"ListItem\",\"position\":3,\"name\":\"Sports\",\"item\":\"https:\\\/\\\/schweizversand.ch\\\/fr\\\/produkt-kategorie\\\/sports\\\/\"},{\"@type\":\"ListItem\",\"position\":4,\"name\":\"Sports \u00e0 roulettes\",\"item\":\"https:\\\/\\\/schweizversand.ch\\\/fr\\\/produkt-kategorie\\\/sports\\\/rollsport\\\/\"},{\"@type\":\"ListItem\",\"position\":5,\"name\":\"patins en ligne\",\"item\":\"https:\\\/\\\/schweizversand.ch\\\/fr\\\/produkt-kategorie\\\/sports\\\/rollsport\\\/inlineskates\\\/\"},{\"@type\":\"ListItem\",\"position\":6,\"name\":\"Patins \u00e0 roues align\u00e9es pour enfants Hudora Mia\"}]},{\"@type\":\"WebSite\",\"@id\":\"https:\\\/\\\/schweizversand.ch\\\/fr\\\/#website\",\"url\":\"https:\\\/\\\/schweizversand.ch\\\/fr\\\/\",\"name\":\"Schweizer Shop f\u00fcr Sport, Spiel und Freizeit\",\"description\":\"Gratisversand ab 50.- (netto), ab eigenem schweizer Lager, Lieferung innert 48h\",\"publisher\":{\"@id\":\"https:\\\/\\\/schweizversand.ch\\\/fr\\\/#organization\"},\"alternateName\":\"Schweizversand.ch\",\"potentialAction\":[{\"@type\":\"SearchAction\",\"target\":{\"@type\":\"EntryPoint\",\"urlTemplate\":\"https:\\\/\\\/schweizversand.ch\\\/fr\\\/?s={search_term_string}\"},\"query-input\":{\"@type\":\"PropertyValueSpecification\",\"valueRequired\":true,\"valueName\":\"search_term_string\"}}],\"inLanguage\":\"fr-FR\"},{\"@type\":\"Organization\",\"@id\":\"https:\\\/\\\/schweizversand.ch\\\/fr\\\/#organization\",\"name\":\"Schweizversand.ch\",\"url\":\"https:\\\/\\\/schweizversand.ch\\\/fr\\\/\",\"logo\":{\"@type\":\"ImageObject\",\"inLanguage\":\"fr-FR\",\"@id\":\"https:\\\/\\\/schweizversand.ch\\\/fr\\\/#\\\/schema\\\/logo\\\/image\\\/\",\"url\":\"https:\\\/\\\/schweizversand.ch\\\/wp-content\\\/uploads\\\/2026\\\/03\\\/Logo_Rund_Final-1.png\",\"contentUrl\":\"https:\\\/\\\/schweizversand.ch\\\/wp-content\\\/uploads\\\/2026\\\/03\\\/Logo_Rund_Final-1.png\",\"width\":404,\"height\":404,\"caption\":\"Schweizversand.ch\"},\"image\":{\"@id\":\"https:\\\/\\\/schweizversand.ch\\\/fr\\\/#\\\/schema\\\/logo\\\/image\\\/\"},\"sameAs\":[\"https:\\\/\\\/www.facebook.com\\\/Schweizversand\",\"https:\\\/\\\/www.instagram.com\\\/schweizversand.ch\\\/\"]}]}<\/script>\n<!-- \/ Yoast SEO plugin. -->","yoast_head_json":{"title":"Hudora Kinderinliner Mia | Jetzt kaufen | Schweizversand.ch","description":"Hudora Kinderinliner Mia g\u00fcnstig kaufen bei Schweizversand.ch. Schnelle Lieferung in der Schweiz. Gratisversand ab CHF 50.","robots":{"index":"index","follow":"follow","max-snippet":"max-snippet:-1","max-image-preview":"max-image-preview:large","max-video-preview":"max-video-preview:-1"},"canonical":"https:\/\/schweizversand.ch\/fr\/produkt\/hudora-kinderinliner-mia-2\/","og_locale":"fr_FR","og_type":"article","og_title":"Hudora Kinderinliner Mia | Jetzt kaufen | Schweizversand.ch","og_description":"Hudora Kinderinliner Mia g\u00fcnstig kaufen bei Schweizversand.ch. Schnelle Lieferung in der Schweiz. Gratisversand ab CHF 50.","og_url":"https:\/\/schweizversand.ch\/fr\/produkt\/hudora-kinderinliner-mia-2\/","og_site_name":"Schweizer Shop f\u00fcr Sport, Spiel und Freizeit","article_publisher":"https:\/\/www.facebook.com\/Schweizversand","article_modified_time":"2026-04-22T13:35:31+00:00","twitter_card":"summary_large_image","twitter_misc":{"Dur\u00e9e de lecture estim\u00e9e":"2 minutes"},"schema":{"@context":"https:\/\/schema.org","@graph":[{"@type":"WebPage","@id":"https:\/\/schweizversand.ch\/fr\/produkt\/hudora-kinderinliner-mia-2\/","url":"https:\/\/schweizversand.ch\/fr\/produkt\/hudora-kinderinliner-mia-2\/","name":"Hudora Kinderinliner Mia | Jetzt kaufen | Schweizversand.ch","isPartOf":{"@id":"https:\/\/schweizversand.ch\/fr\/#website"},"primaryImageOfPage":{"@id":"https:\/\/schweizversand.ch\/fr\/produkt\/hudora-kinderinliner-mia-2\/#primaryimage"},"image":{"@id":"https:\/\/schweizversand.ch\/fr\/produkt\/hudora-kinderinliner-mia-2\/#primaryimage"},"thumbnailUrl":"https:\/\/schweizversand.ch\/wp-content\/uploads\/2026\/02\/5471476977.jpg","datePublished":"2026-03-21T01:00:57+00:00","dateModified":"2026-04-22T13:35:31+00:00","description":"Hudora Kinderinliner Mia g\u00fcnstig kaufen bei Schweizversand.ch. Schnelle Lieferung in der Schweiz. Gratisversand ab CHF 50.","breadcrumb":{"@id":"https:\/\/schweizversand.ch\/fr\/produkt\/hudora-kinderinliner-mia-2\/#breadcrumb"},"inLanguage":"fr-FR","potentialAction":[{"@type":"ReadAction","target":["https:\/\/schweizversand.ch\/fr\/produkt\/hudora-kinderinliner-mia-2\/"]}]},{"@type":"ImageObject","inLanguage":"fr-FR","@id":"https:\/\/schweizversand.ch\/fr\/produkt\/hudora-kinderinliner-mia-2\/#primaryimage","url":"https:\/\/schweizversand.ch\/wp-content\/uploads\/2026\/02\/5471476977.jpg","contentUrl":"https:\/\/schweizversand.ch\/wp-content\/uploads\/2026\/02\/5471476977.jpg","width":1024,"height":982},{"@type":"BreadcrumbList","@id":"https:\/\/schweizversand.ch\/fr\/produkt\/hudora-kinderinliner-mia-2\/#breadcrumb","itemListElement":[{"@type":"ListItem","position":1,"name":"Startseite","item":"https:\/\/schweizversand.ch\/fr\/home\/"},{"@type":"ListItem","position":2,"name":"Boutique","item":"https:\/\/schweizversand.ch\/fr\/boutique\/"},{"@type":"ListItem","position":3,"name":"Sports","item":"https:\/\/schweizversand.ch\/fr\/produkt-kategorie\/sports\/"},{"@type":"ListItem","position":4,"name":"Sports \u00e0 roulettes","item":"https:\/\/schweizversand.ch\/fr\/produkt-kategorie\/sports\/rollsport\/"},{"@type":"ListItem","position":5,"name":"patins en ligne","item":"https:\/\/schweizversand.ch\/fr\/produkt-kategorie\/sports\/rollsport\/inlineskates\/"},{"@type":"ListItem","position":6,"name":"Patins \u00e0 roues align\u00e9es pour enfants Hudora Mia"}]},{"@type":"WebSite","@id":"https:\/\/schweizversand.ch\/fr\/#website","url":"https:\/\/schweizversand.ch\/fr\/","name":"Schweizer Shop f\u00fcr Sport, Spiel und Freizeit","description":"Gratisversand ab 50.- (netto), ab eigenem schweizer Lager, Lieferung innert 48h","publisher":{"@id":"https:\/\/schweizversand.ch\/fr\/#organization"},"alternateName":"Schweizversand.ch","potentialAction":[{"@type":"SearchAction","target":{"@type":"EntryPoint","urlTemplate":"https:\/\/schweizversand.ch\/fr\/?s={search_term_string}"},"query-input":{"@type":"PropertyValueSpecification","valueRequired":true,"valueName":"search_term_string"}}],"inLanguage":"fr-FR"},{"@type":"Organization","@id":"https:\/\/schweizversand.ch\/fr\/#organization","name":"Schweizversand.ch","url":"https:\/\/schweizversand.ch\/fr\/","logo":{"@type":"ImageObject","inLanguage":"fr-FR","@id":"https:\/\/schweizversand.ch\/fr\/#\/schema\/logo\/image\/","url":"https:\/\/schweizversand.ch\/wp-content\/uploads\/2026\/03\/Logo_Rund_Final-1.png","contentUrl":"https:\/\/schweizversand.ch\/wp-content\/uploads\/2026\/03\/Logo_Rund_Final-1.png","width":404,"height":404,"caption":"Schweizversand.ch"},"image":{"@id":"https:\/\/schweizversand.ch\/fr\/#\/schema\/logo\/image\/"},"sameAs":["https:\/\/www.facebook.com\/Schweizversand","https:\/\/www.instagram.com\/schweizversand.ch\/"]}]}},"jetpack_sharing_enabled":true,"_links":{"self":[{"href":"https:\/\/schweizversand.ch\/fr\/wp-json\/wp\/v2\/product\/258477","targetHints":{"allow":["GET"]}}],"collection":[{"href":"https:\/\/schweizversand.ch\/fr\/wp-json\/wp\/v2\/product"}],"about":[{"href":"https:\/\/schweizversand.ch\/fr\/wp-json\/wp\/v2\/types\/product"}],"replies":[{"embeddable":true,"href":"https:\/\/schweizversand.ch\/fr\/wp-json\/wp\/v2\/comments?post=258477"}],"wp:featuredmedia":[{"embeddable":true,"href":"https:\/\/schweizversand.ch\/fr\/wp-json\/wp\/v2\/media\/167499"}],"wp:attachment":[{"href":"https:\/\/schweizversand.ch\/fr\/wp-json\/wp\/v2\/media?parent=258477"}],"wp:term":[{"taxonomy":"product_brand","embeddable":true,"href":"https:\/\/schweizversand.ch\/fr\/wp-json\/wp\/v2\/product_brand?post=258477"},{"taxonomy":"product_cat","embeddable":true,"href":"https:\/\/schweizversand.ch\/fr\/wp-json\/wp\/v2\/product_cat?post=258477"},{"taxonomy":"product_tag","embeddable":true,"href":"https:\/\/schweizversand.ch\/fr\/wp-json\/wp\/v2\/product_tag?post=258477"}],"curies":[{"name":"wp","href":"https:\/\/api.w.org\/{rel}","templated":true}]}}