{"id":259728,"date":"2026-03-14T23:20:47","date_gmt":"2026-03-14T22:20:47","guid":{"rendered":"https:\/\/schweizversand.ch\/produkt\/xq-max-fahrradklingel\/"},"modified":"2026-04-19T15:34:24","modified_gmt":"2026-04-19T13:34:24","slug":"xq-max-fahrradklingel","status":"publish","type":"product","link":"https:\/\/schweizversand.ch\/fr\/produkt\/xq-max-fahrradklingel\/","title":{"rendered":"Sonnette de v\u00e9lo XQ Max"},"content":{"rendered":"<h1><strong>Sonnette de v\u00e9lo en fer et PP \u2013 3 cm de diam\u00e8tre, anodis\u00e9e<\/strong><\/h1>\n<div>Assurez <strong>s\u00e9curit\u00e9 et style<\/strong> lors de vos sorties \u00e0 v\u00e9lo avec cette sonnette compacte et robuste. Cette <strong>petite sonnette<\/strong> combine un fer de haute qualit\u00e9 et un mat\u00e9riau PP durable, et s&rsquo;adapte parfaitement \u00e0 tous les guidons.<\/p>\n<\/div>\n<div><strong>Design et qualit\u00e9 des mat\u00e9riaux<\/strong><br \/>La <strong>mini sonnette<\/strong> s\u00e9duit par son design compact et son petit diam\u00e8tre de seulement 3 cm. Gr\u00e2ce \u00e0 son anodisation sp\u00e9ciale, sa surface est particuli\u00e8rement <strong>r\u00e9sistante et anti-rayures<\/strong>, garantissant une longue dur\u00e9e de vie. Elle s&rsquo;int\u00e8gre \u00e9l\u00e9gamment \u00e0 tous les accessoires de v\u00e9lo. Vos avantages en un coup d&rsquo;\u0153il\u00a0: &#8211; Diam\u00e8tre\u00a0: 3\u00a0cm \u2013 s&rsquo;adapte parfaitement \u00e0 tous les guidons &#8211; Poids\u00a0: Seulement 27\u00a0g \u2013 extr\u00eamement l\u00e9ger et discret &#8211; Finition\u00a0: Sonnette de v\u00e9lo anodis\u00e9e pour une durabilit\u00e9 maximale &#8211; Mat\u00e9riaux\u00a0: Combinaison robuste de fer et de polypropyl\u00e8ne (PP) &#8211; Installation\u00a0: Fixation simple et rapide au guidon &#8211; Signalisation fiable\u00a0: Avec cette sonnette de guidon de 3\u00a0cm, vous signalez votre pr\u00e9sence de mani\u00e8re fiable et claire sur la route. Malgr\u00e9 sa petite taille, elle offre un son clair qui contribue \u00e0 votre s\u00e9curit\u00e9. Remarque importante concernant la commande\u00a0: Les couleurs (noir, rouge, bleu) sont livr\u00e9es assorties. Malheureusement, le choix de la couleur n&rsquo;est pas possible. Le prix indiqu\u00e9 est unitaire. Investissez dans cet accessoire de v\u00e9lo indispensable et profitez d&rsquo;une conduite s\u00fbre et \u00e9l\u00e9gante.<\/p>\n","protected":false},"excerpt":{"rendered":"<p>XQ Max Fahrradklingel \u00fcberzeugt mit robustem, eloxiertem Eisen-PP-Mix, nur 3 cm Durchmesser und 27 g Gewicht \u2013 sicher, langlebig und stilvoll f\u00fcr jede Radtour.<\/p>\n","protected":false},"featured_media":245191,"comment_status":"open","ping_status":"closed","template":"","meta":[],"product_brand":[],"product_cat":[38634],"product_tag":[],"class_list":{"0":"post-259728","1":"product","2":"type-product","3":"status-publish","4":"has-post-thumbnail","6":"product_cat-veloausruestung","7":"product_shipping_class-global_methods","9":"first","10":"instock","11":"taxable","12":"shipping-taxable","13":"purchasable","14":"product-type-simple"},"yoast_head":"<!-- This site is optimized with the Yoast SEO plugin v27.4 - https:\/\/yoast.com\/product\/yoast-seo-wordpress\/ -->\n<title>XQ Max Fahrradklingel<\/title>\n<meta name=\"description\" content=\"Fahrradklingel aus Eisen &amp; PP \u2013 3 cm Durchmesser, eloxiert Sorgen Sie f\u00fcr Sicherheit und Style auf Ihren Radtouren mit dieser kompakten und robusten Fahrradklin\" \/>\n<meta name=\"robots\" content=\"index, follow, max-snippet:-1, max-image-preview:large, max-video-preview:-1\" \/>\n<link rel=\"canonical\" href=\"https:\/\/schweizversand.ch\/fr\/produkt\/xq-max-fahrradklingel\/\" \/>\n<meta property=\"og:locale\" content=\"fr_FR\" \/>\n<meta property=\"og:type\" content=\"article\" \/>\n<meta property=\"og:title\" content=\"XQ Max Fahrradklingel\" \/>\n<meta property=\"og:description\" content=\"Fahrradklingel aus Eisen &amp; PP \u2013 3 cm Durchmesser, eloxiert Sorgen Sie f\u00fcr Sicherheit und Style auf Ihren Radtouren mit dieser kompakten und robusten Fahrradklin\" \/>\n<meta property=\"og:url\" content=\"https:\/\/schweizversand.ch\/fr\/produkt\/xq-max-fahrradklingel\/\" \/>\n<meta property=\"og:site_name\" content=\"Schweizer Shop f\u00fcr Sport, Spiel und Freizeit\" \/>\n<meta property=\"article:publisher\" content=\"https:\/\/www.facebook.com\/Schweizversand\" \/>\n<meta property=\"article:modified_time\" content=\"2026-04-19T13:34:24+00:00\" \/>\n<meta property=\"og:image\" content=\"https:\/\/schweizversand.ch\/wp-content\/uploads\/2026\/03\/5646714340.jpg\" \/>\n\t<meta property=\"og:image:width\" content=\"1024\" \/>\n\t<meta property=\"og:image:height\" content=\"701\" \/>\n\t<meta property=\"og:image:type\" content=\"image\/jpeg\" \/>\n<meta name=\"twitter:card\" content=\"summary_large_image\" \/>\n<meta name=\"twitter:label1\" content=\"Dur\u00e9e de lecture estim\u00e9e\" \/>\n\t<meta name=\"twitter:data1\" content=\"1 minute\" \/>\n<script type=\"application\/ld+json\" class=\"yoast-schema-graph\">{\"@context\":\"https:\\\/\\\/schema.org\",\"@graph\":[{\"@type\":\"WebPage\",\"@id\":\"https:\\\/\\\/schweizversand.ch\\\/fr\\\/produkt\\\/xq-max-fahrradklingel\\\/\",\"url\":\"https:\\\/\\\/schweizversand.ch\\\/fr\\\/produkt\\\/xq-max-fahrradklingel\\\/\",\"name\":\"XQ Max Fahrradklingel\",\"isPartOf\":{\"@id\":\"https:\\\/\\\/schweizversand.ch\\\/fr\\\/#website\"},\"primaryImageOfPage\":{\"@id\":\"https:\\\/\\\/schweizversand.ch\\\/fr\\\/produkt\\\/xq-max-fahrradklingel\\\/#primaryimage\"},\"image\":{\"@id\":\"https:\\\/\\\/schweizversand.ch\\\/fr\\\/produkt\\\/xq-max-fahrradklingel\\\/#primaryimage\"},\"thumbnailUrl\":\"https:\\\/\\\/schweizversand.ch\\\/wp-content\\\/uploads\\\/2026\\\/03\\\/5646714340.jpg\",\"datePublished\":\"2026-03-14T22:20:47+00:00\",\"dateModified\":\"2026-04-19T13:34:24+00:00\",\"description\":\"Fahrradklingel aus Eisen & PP \u2013 3 cm Durchmesser, eloxiert Sorgen Sie f\u00fcr Sicherheit und Style auf Ihren Radtouren mit dieser kompakten und robusten Fahrradklin\",\"breadcrumb\":{\"@id\":\"https:\\\/\\\/schweizversand.ch\\\/fr\\\/produkt\\\/xq-max-fahrradklingel\\\/#breadcrumb\"},\"inLanguage\":\"fr-FR\",\"potentialAction\":[{\"@type\":\"ReadAction\",\"target\":[\"https:\\\/\\\/schweizversand.ch\\\/fr\\\/produkt\\\/xq-max-fahrradklingel\\\/\"]}]},{\"@type\":\"ImageObject\",\"inLanguage\":\"fr-FR\",\"@id\":\"https:\\\/\\\/schweizversand.ch\\\/fr\\\/produkt\\\/xq-max-fahrradklingel\\\/#primaryimage\",\"url\":\"https:\\\/\\\/schweizversand.ch\\\/wp-content\\\/uploads\\\/2026\\\/03\\\/5646714340.jpg\",\"contentUrl\":\"https:\\\/\\\/schweizversand.ch\\\/wp-content\\\/uploads\\\/2026\\\/03\\\/5646714340.jpg\",\"width\":1024,\"height\":701},{\"@type\":\"BreadcrumbList\",\"@id\":\"https:\\\/\\\/schweizversand.ch\\\/fr\\\/produkt\\\/xq-max-fahrradklingel\\\/#breadcrumb\",\"itemListElement\":[{\"@type\":\"ListItem\",\"position\":1,\"name\":\"Startseite\",\"item\":\"https:\\\/\\\/schweizversand.ch\\\/fr\\\/home\\\/\"},{\"@type\":\"ListItem\",\"position\":2,\"name\":\"Boutique\",\"item\":\"https:\\\/\\\/schweizversand.ch\\\/fr\\\/boutique\\\/\"},{\"@type\":\"ListItem\",\"position\":3,\"name\":\"Sports\",\"item\":\"https:\\\/\\\/schweizversand.ch\\\/fr\\\/produkt-kategorie\\\/sports\\\/\"},{\"@type\":\"ListItem\",\"position\":4,\"name\":\"V\u00e9lo\",\"item\":\"https:\\\/\\\/schweizversand.ch\\\/fr\\\/produkt-kategorie\\\/sports\\\/velo\\\/\"},{\"@type\":\"ListItem\",\"position\":5,\"name\":\"\u00c9quipement de cyclisme\",\"item\":\"https:\\\/\\\/schweizversand.ch\\\/fr\\\/produkt-kategorie\\\/sports\\\/velo\\\/veloausruestung\\\/\"},{\"@type\":\"ListItem\",\"position\":6,\"name\":\"Sonnette de v\u00e9lo XQ Max\"}]},{\"@type\":\"WebSite\",\"@id\":\"https:\\\/\\\/schweizversand.ch\\\/fr\\\/#website\",\"url\":\"https:\\\/\\\/schweizversand.ch\\\/fr\\\/\",\"name\":\"Schweizer Shop f\u00fcr Sport, Spiel und Freizeit\",\"description\":\"Gratisversand ab 50.- (netto), ab eigenem schweizer Lager, Lieferung innert 48h\",\"publisher\":{\"@id\":\"https:\\\/\\\/schweizversand.ch\\\/fr\\\/#organization\"},\"alternateName\":\"Schweizversand.ch\",\"potentialAction\":[{\"@type\":\"SearchAction\",\"target\":{\"@type\":\"EntryPoint\",\"urlTemplate\":\"https:\\\/\\\/schweizversand.ch\\\/fr\\\/?s={search_term_string}\"},\"query-input\":{\"@type\":\"PropertyValueSpecification\",\"valueRequired\":true,\"valueName\":\"search_term_string\"}}],\"inLanguage\":\"fr-FR\"},{\"@type\":\"Organization\",\"@id\":\"https:\\\/\\\/schweizversand.ch\\\/fr\\\/#organization\",\"name\":\"Schweizversand.ch\",\"url\":\"https:\\\/\\\/schweizversand.ch\\\/fr\\\/\",\"logo\":{\"@type\":\"ImageObject\",\"inLanguage\":\"fr-FR\",\"@id\":\"https:\\\/\\\/schweizversand.ch\\\/fr\\\/#\\\/schema\\\/logo\\\/image\\\/\",\"url\":\"https:\\\/\\\/schweizversand.ch\\\/wp-content\\\/uploads\\\/2026\\\/03\\\/Logo_Rund_Final-1.png\",\"contentUrl\":\"https:\\\/\\\/schweizversand.ch\\\/wp-content\\\/uploads\\\/2026\\\/03\\\/Logo_Rund_Final-1.png\",\"width\":404,\"height\":404,\"caption\":\"Schweizversand.ch\"},\"image\":{\"@id\":\"https:\\\/\\\/schweizversand.ch\\\/fr\\\/#\\\/schema\\\/logo\\\/image\\\/\"},\"sameAs\":[\"https:\\\/\\\/www.facebook.com\\\/Schweizversand\",\"https:\\\/\\\/www.instagram.com\\\/schweizversand.ch\\\/\"]}]}<\/script>\n<!-- \/ Yoast SEO plugin. -->","yoast_head_json":{"title":"XQ Max Fahrradklingel","description":"Fahrradklingel aus Eisen & PP \u2013 3 cm Durchmesser, eloxiert Sorgen Sie f\u00fcr Sicherheit und Style auf Ihren Radtouren mit dieser kompakten und robusten Fahrradklin","robots":{"index":"index","follow":"follow","max-snippet":"max-snippet:-1","max-image-preview":"max-image-preview:large","max-video-preview":"max-video-preview:-1"},"canonical":"https:\/\/schweizversand.ch\/fr\/produkt\/xq-max-fahrradklingel\/","og_locale":"fr_FR","og_type":"article","og_title":"XQ Max Fahrradklingel","og_description":"Fahrradklingel aus Eisen & PP \u2013 3 cm Durchmesser, eloxiert Sorgen Sie f\u00fcr Sicherheit und Style auf Ihren Radtouren mit dieser kompakten und robusten Fahrradklin","og_url":"https:\/\/schweizversand.ch\/fr\/produkt\/xq-max-fahrradklingel\/","og_site_name":"Schweizer Shop f\u00fcr Sport, Spiel und Freizeit","article_publisher":"https:\/\/www.facebook.com\/Schweizversand","article_modified_time":"2026-04-19T13:34:24+00:00","og_image":[{"width":1024,"height":701,"url":"https:\/\/schweizversand.ch\/wp-content\/uploads\/2026\/03\/5646714340.jpg","type":"image\/jpeg"}],"twitter_card":"summary_large_image","twitter_misc":{"Dur\u00e9e de lecture estim\u00e9e":"1 minute"},"schema":{"@context":"https:\/\/schema.org","@graph":[{"@type":"WebPage","@id":"https:\/\/schweizversand.ch\/fr\/produkt\/xq-max-fahrradklingel\/","url":"https:\/\/schweizversand.ch\/fr\/produkt\/xq-max-fahrradklingel\/","name":"XQ Max Fahrradklingel","isPartOf":{"@id":"https:\/\/schweizversand.ch\/fr\/#website"},"primaryImageOfPage":{"@id":"https:\/\/schweizversand.ch\/fr\/produkt\/xq-max-fahrradklingel\/#primaryimage"},"image":{"@id":"https:\/\/schweizversand.ch\/fr\/produkt\/xq-max-fahrradklingel\/#primaryimage"},"thumbnailUrl":"https:\/\/schweizversand.ch\/wp-content\/uploads\/2026\/03\/5646714340.jpg","datePublished":"2026-03-14T22:20:47+00:00","dateModified":"2026-04-19T13:34:24+00:00","description":"Fahrradklingel aus Eisen & PP \u2013 3 cm Durchmesser, eloxiert Sorgen Sie f\u00fcr Sicherheit und Style auf Ihren Radtouren mit dieser kompakten und robusten Fahrradklin","breadcrumb":{"@id":"https:\/\/schweizversand.ch\/fr\/produkt\/xq-max-fahrradklingel\/#breadcrumb"},"inLanguage":"fr-FR","potentialAction":[{"@type":"ReadAction","target":["https:\/\/schweizversand.ch\/fr\/produkt\/xq-max-fahrradklingel\/"]}]},{"@type":"ImageObject","inLanguage":"fr-FR","@id":"https:\/\/schweizversand.ch\/fr\/produkt\/xq-max-fahrradklingel\/#primaryimage","url":"https:\/\/schweizversand.ch\/wp-content\/uploads\/2026\/03\/5646714340.jpg","contentUrl":"https:\/\/schweizversand.ch\/wp-content\/uploads\/2026\/03\/5646714340.jpg","width":1024,"height":701},{"@type":"BreadcrumbList","@id":"https:\/\/schweizversand.ch\/fr\/produkt\/xq-max-fahrradklingel\/#breadcrumb","itemListElement":[{"@type":"ListItem","position":1,"name":"Startseite","item":"https:\/\/schweizversand.ch\/fr\/home\/"},{"@type":"ListItem","position":2,"name":"Boutique","item":"https:\/\/schweizversand.ch\/fr\/boutique\/"},{"@type":"ListItem","position":3,"name":"Sports","item":"https:\/\/schweizversand.ch\/fr\/produkt-kategorie\/sports\/"},{"@type":"ListItem","position":4,"name":"V\u00e9lo","item":"https:\/\/schweizversand.ch\/fr\/produkt-kategorie\/sports\/velo\/"},{"@type":"ListItem","position":5,"name":"\u00c9quipement de cyclisme","item":"https:\/\/schweizversand.ch\/fr\/produkt-kategorie\/sports\/velo\/veloausruestung\/"},{"@type":"ListItem","position":6,"name":"Sonnette de v\u00e9lo XQ Max"}]},{"@type":"WebSite","@id":"https:\/\/schweizversand.ch\/fr\/#website","url":"https:\/\/schweizversand.ch\/fr\/","name":"Schweizer Shop f\u00fcr Sport, Spiel und Freizeit","description":"Gratisversand ab 50.- (netto), ab eigenem schweizer Lager, Lieferung innert 48h","publisher":{"@id":"https:\/\/schweizversand.ch\/fr\/#organization"},"alternateName":"Schweizversand.ch","potentialAction":[{"@type":"SearchAction","target":{"@type":"EntryPoint","urlTemplate":"https:\/\/schweizversand.ch\/fr\/?s={search_term_string}"},"query-input":{"@type":"PropertyValueSpecification","valueRequired":true,"valueName":"search_term_string"}}],"inLanguage":"fr-FR"},{"@type":"Organization","@id":"https:\/\/schweizversand.ch\/fr\/#organization","name":"Schweizversand.ch","url":"https:\/\/schweizversand.ch\/fr\/","logo":{"@type":"ImageObject","inLanguage":"fr-FR","@id":"https:\/\/schweizversand.ch\/fr\/#\/schema\/logo\/image\/","url":"https:\/\/schweizversand.ch\/wp-content\/uploads\/2026\/03\/Logo_Rund_Final-1.png","contentUrl":"https:\/\/schweizversand.ch\/wp-content\/uploads\/2026\/03\/Logo_Rund_Final-1.png","width":404,"height":404,"caption":"Schweizversand.ch"},"image":{"@id":"https:\/\/schweizversand.ch\/fr\/#\/schema\/logo\/image\/"},"sameAs":["https:\/\/www.facebook.com\/Schweizversand","https:\/\/www.instagram.com\/schweizversand.ch\/"]}]}},"jetpack_sharing_enabled":true,"_links":{"self":[{"href":"https:\/\/schweizversand.ch\/fr\/wp-json\/wp\/v2\/product\/259728","targetHints":{"allow":["GET"]}}],"collection":[{"href":"https:\/\/schweizversand.ch\/fr\/wp-json\/wp\/v2\/product"}],"about":[{"href":"https:\/\/schweizversand.ch\/fr\/wp-json\/wp\/v2\/types\/product"}],"replies":[{"embeddable":true,"href":"https:\/\/schweizversand.ch\/fr\/wp-json\/wp\/v2\/comments?post=259728"}],"wp:featuredmedia":[{"embeddable":true,"href":"https:\/\/schweizversand.ch\/fr\/wp-json\/wp\/v2\/media\/245191"}],"wp:attachment":[{"href":"https:\/\/schweizversand.ch\/fr\/wp-json\/wp\/v2\/media?parent=259728"}],"wp:term":[{"taxonomy":"product_brand","embeddable":true,"href":"https:\/\/schweizversand.ch\/fr\/wp-json\/wp\/v2\/product_brand?post=259728"},{"taxonomy":"product_cat","embeddable":true,"href":"https:\/\/schweizversand.ch\/fr\/wp-json\/wp\/v2\/product_cat?post=259728"},{"taxonomy":"product_tag","embeddable":true,"href":"https:\/\/schweizversand.ch\/fr\/wp-json\/wp\/v2\/product_tag?post=259728"}],"curies":[{"name":"wp","href":"https:\/\/api.w.org\/{rel}","templated":true}]}}