{"id":259734,"date":"2026-03-14T23:20:59","date_gmt":"2026-03-14T22:20:59","guid":{"rendered":"https:\/\/schweizversand.ch\/produkt\/xq-max-fenix-flight-shaft-34mm\/"},"modified":"2026-04-28T15:33:37","modified_gmt":"2026-04-28T13:33:37","slug":"xq-max-fenix-flight-shaft-34mm","status":"publish","type":"product","link":"https:\/\/schweizversand.ch\/fr\/produkt\/xq-max-fenix-flight-shaft-34mm\/","title":{"rendered":"XQ Max Fenix \u200b\u200bVol et tige 34 mm"},"content":{"rendered":"<div>XQ Max Fenix \u200b\u200b- Tige et ailettes en un seul accessoire\u00a0<br \/>La tige et l&rsquo;ailette XQ Max Fenix \u200b\u200bcombinent la tige et l&rsquo;ailette de votre fl\u00e9chette en un seul accessoire pratique. Fini les ailettes perdues en pleine partie\u00a0! Vos fl\u00e9chettes conserveront une forme a\u00e9rodynamique optimale pour un lancer plus stable et r\u00e9gulier. Sa conception monobloc ing\u00e9nieuse maintient l&rsquo;ailette \u00e0 un angle parfait de 90\u00b0, pour une stabilit\u00e9 maximale et une trajectoire constante, contrairement aux syst\u00e8mes classiques. Caract\u00e9ristiques du produit\u00a0: \u2022 Tige et ailettes int\u00e9gr\u00e9es \u2013 fini les ailettes qui se d\u00e9tachent \u2022 Angle fixe de 90\u00b0 pour des lancers constants \u2022 Vissage facile gr\u00e2ce au filetage int\u00e9gr\u00e9 \u2022 Ailettes de forme standard pour une stabilit\u00e9 de vol optimale \u2022 Fabriqu\u00e9 en plastique durable Taille\u00a0: \u2022 Moyen\u00a0: Longueur de la tige 34\u00a0mm \u2013 Longueur totale 74\u00a0mm<\/p>\n<\/div>\n<div>Remarque\u00a0: La longueur de la tige indiqu\u00e9e est mesur\u00e9e sans le filetage.<br \/>L\u2019ailette et la tige sont solidaires et ne peuvent \u00eatre s\u00e9par\u00e9es.<br \/>Contenu de la livraison\u00a0:<br \/>1\u00a0jeu = 3\u00a0x\u00a0Ailettes et tiges XQ Max Fenix<\/p>\n<\/div>\n","protected":false},"excerpt":{"rendered":"<p>XQ Max Fenix Flight &amp; Shaft 34mm vereint Schaft und Flight in einem Teil f\u00fcr maximale Stabilit\u00e4t, festen 90\u00b0-Winkel und konstant pr\u00e4zise Dartw\u00fcrfe ohne verlorene Flights.<\/p>\n","protected":false},"featured_media":157082,"comment_status":"open","ping_status":"closed","template":"","meta":[],"product_brand":[],"product_cat":[39188],"product_tag":[],"class_list":{"0":"post-259734","1":"product","2":"type-product","3":"status-publish","4":"has-post-thumbnail","6":"product_cat-dart","7":"product_shipping_class-global_methods","9":"first","10":"instock","11":"taxable","12":"shipping-taxable","13":"purchasable","14":"product-type-simple"},"yoast_head":"<!-- This site is optimized with the Yoast SEO plugin v27.4 - https:\/\/yoast.com\/product\/yoast-seo-wordpress\/ -->\n<title>XQ Max Fenix Flight &amp; Shaft 34mm<\/title>\n<meta name=\"description\" content=\"XQ Max Fenix Flight &amp; Shaft \u2013 Schaft und Flight in einem\u00a0 Der XQ Max Fenix Flight &amp; Shaft vereint Dart-Schaft und Flight in einem praktischen Zubeh\u00f6rteil f\u00fcr da\" \/>\n<meta name=\"robots\" content=\"index, follow, max-snippet:-1, max-image-preview:large, max-video-preview:-1\" \/>\n<link rel=\"canonical\" href=\"https:\/\/schweizversand.ch\/fr\/produkt\/xq-max-fenix-flight-shaft-34mm\/\" \/>\n<meta property=\"og:locale\" content=\"fr_FR\" \/>\n<meta property=\"og:type\" content=\"article\" \/>\n<meta property=\"og:title\" content=\"XQ Max Fenix Flight &amp; Shaft 34mm\" \/>\n<meta property=\"og:description\" content=\"XQ Max Fenix Flight &amp; Shaft \u2013 Schaft und Flight in einem\u00a0 Der XQ Max Fenix Flight &amp; Shaft vereint Dart-Schaft und Flight in einem praktischen Zubeh\u00f6rteil f\u00fcr da\" \/>\n<meta property=\"og:url\" content=\"https:\/\/schweizversand.ch\/fr\/produkt\/xq-max-fenix-flight-shaft-34mm\/\" \/>\n<meta property=\"og:site_name\" content=\"Schweizer Shop f\u00fcr Sport, Spiel und Freizeit\" \/>\n<meta property=\"article:publisher\" content=\"https:\/\/www.facebook.com\/Schweizversand\" \/>\n<meta property=\"article:modified_time\" content=\"2026-04-28T13:33:37+00:00\" \/>\n<meta property=\"og:image\" content=\"https:\/\/schweizversand.ch\/wp-content\/uploads\/2026\/02\/5471921729.jpg\" \/>\n\t<meta property=\"og:image:width\" content=\"355\" \/>\n\t<meta property=\"og:image:height\" content=\"1024\" \/>\n\t<meta property=\"og:image:type\" content=\"image\/jpeg\" \/>\n<meta name=\"twitter:card\" content=\"summary_large_image\" \/>\n<meta name=\"twitter:label1\" content=\"Dur\u00e9e de lecture estim\u00e9e\" \/>\n\t<meta name=\"twitter:data1\" content=\"1 minute\" \/>\n<script type=\"application\/ld+json\" class=\"yoast-schema-graph\">{\"@context\":\"https:\\\/\\\/schema.org\",\"@graph\":[{\"@type\":\"WebPage\",\"@id\":\"https:\\\/\\\/schweizversand.ch\\\/fr\\\/produkt\\\/xq-max-fenix-flight-shaft-34mm\\\/\",\"url\":\"https:\\\/\\\/schweizversand.ch\\\/fr\\\/produkt\\\/xq-max-fenix-flight-shaft-34mm\\\/\",\"name\":\"XQ Max Fenix Flight & Shaft 34mm\",\"isPartOf\":{\"@id\":\"https:\\\/\\\/schweizversand.ch\\\/fr\\\/#website\"},\"primaryImageOfPage\":{\"@id\":\"https:\\\/\\\/schweizversand.ch\\\/fr\\\/produkt\\\/xq-max-fenix-flight-shaft-34mm\\\/#primaryimage\"},\"image\":{\"@id\":\"https:\\\/\\\/schweizversand.ch\\\/fr\\\/produkt\\\/xq-max-fenix-flight-shaft-34mm\\\/#primaryimage\"},\"thumbnailUrl\":\"https:\\\/\\\/schweizversand.ch\\\/wp-content\\\/uploads\\\/2026\\\/02\\\/5471921729.jpg\",\"datePublished\":\"2026-03-14T22:20:59+00:00\",\"dateModified\":\"2026-04-28T13:33:37+00:00\",\"description\":\"XQ Max Fenix Flight & Shaft \u2013 Schaft und Flight in einem\u00a0 Der XQ Max Fenix Flight & Shaft vereint Dart-Schaft und Flight in einem praktischen Zubeh\u00f6rteil f\u00fcr da\",\"breadcrumb\":{\"@id\":\"https:\\\/\\\/schweizversand.ch\\\/fr\\\/produkt\\\/xq-max-fenix-flight-shaft-34mm\\\/#breadcrumb\"},\"inLanguage\":\"fr-FR\",\"potentialAction\":[{\"@type\":\"ReadAction\",\"target\":[\"https:\\\/\\\/schweizversand.ch\\\/fr\\\/produkt\\\/xq-max-fenix-flight-shaft-34mm\\\/\"]}]},{\"@type\":\"ImageObject\",\"inLanguage\":\"fr-FR\",\"@id\":\"https:\\\/\\\/schweizversand.ch\\\/fr\\\/produkt\\\/xq-max-fenix-flight-shaft-34mm\\\/#primaryimage\",\"url\":\"https:\\\/\\\/schweizversand.ch\\\/wp-content\\\/uploads\\\/2026\\\/02\\\/5471921729.jpg\",\"contentUrl\":\"https:\\\/\\\/schweizversand.ch\\\/wp-content\\\/uploads\\\/2026\\\/02\\\/5471921729.jpg\",\"width\":355,\"height\":1024},{\"@type\":\"BreadcrumbList\",\"@id\":\"https:\\\/\\\/schweizversand.ch\\\/fr\\\/produkt\\\/xq-max-fenix-flight-shaft-34mm\\\/#breadcrumb\",\"itemListElement\":[{\"@type\":\"ListItem\",\"position\":1,\"name\":\"Startseite\",\"item\":\"https:\\\/\\\/schweizversand.ch\\\/fr\\\/home\\\/\"},{\"@type\":\"ListItem\",\"position\":2,\"name\":\"Boutique\",\"item\":\"https:\\\/\\\/schweizversand.ch\\\/fr\\\/boutique\\\/\"},{\"@type\":\"ListItem\",\"position\":3,\"name\":\"Sports\",\"item\":\"https:\\\/\\\/schweizversand.ch\\\/fr\\\/produkt-kategorie\\\/sports\\\/\"},{\"@type\":\"ListItem\",\"position\":4,\"name\":\"sports de balle et fl\u00e9chettes\",\"item\":\"https:\\\/\\\/schweizversand.ch\\\/fr\\\/produkt-kategorie\\\/sports\\\/sports-de-balle-et-flechettes\\\/\"},{\"@type\":\"ListItem\",\"position\":5,\"name\":\"Fl\u00e9chettes\",\"item\":\"https:\\\/\\\/schweizversand.ch\\\/fr\\\/produkt-kategorie\\\/dart-2\\\/\"},{\"@type\":\"ListItem\",\"position\":6,\"name\":\"XQ Max Fenix \u200b\u200bVol et tige 34 mm\"}]},{\"@type\":\"WebSite\",\"@id\":\"https:\\\/\\\/schweizversand.ch\\\/fr\\\/#website\",\"url\":\"https:\\\/\\\/schweizversand.ch\\\/fr\\\/\",\"name\":\"Schweizer Shop f\u00fcr Sport, Spiel und Freizeit\",\"description\":\"Gratisversand ab 50.- (netto), ab eigenem schweizer Lager, Lieferung innert 48h\",\"publisher\":{\"@id\":\"https:\\\/\\\/schweizversand.ch\\\/fr\\\/#organization\"},\"alternateName\":\"Schweizversand.ch\",\"potentialAction\":[{\"@type\":\"SearchAction\",\"target\":{\"@type\":\"EntryPoint\",\"urlTemplate\":\"https:\\\/\\\/schweizversand.ch\\\/fr\\\/?s={search_term_string}\"},\"query-input\":{\"@type\":\"PropertyValueSpecification\",\"valueRequired\":true,\"valueName\":\"search_term_string\"}}],\"inLanguage\":\"fr-FR\"},{\"@type\":\"Organization\",\"@id\":\"https:\\\/\\\/schweizversand.ch\\\/fr\\\/#organization\",\"name\":\"Schweizversand.ch\",\"url\":\"https:\\\/\\\/schweizversand.ch\\\/fr\\\/\",\"logo\":{\"@type\":\"ImageObject\",\"inLanguage\":\"fr-FR\",\"@id\":\"https:\\\/\\\/schweizversand.ch\\\/fr\\\/#\\\/schema\\\/logo\\\/image\\\/\",\"url\":\"https:\\\/\\\/schweizversand.ch\\\/wp-content\\\/uploads\\\/2026\\\/03\\\/Logo_Rund_Final-1.png\",\"contentUrl\":\"https:\\\/\\\/schweizversand.ch\\\/wp-content\\\/uploads\\\/2026\\\/03\\\/Logo_Rund_Final-1.png\",\"width\":404,\"height\":404,\"caption\":\"Schweizversand.ch\"},\"image\":{\"@id\":\"https:\\\/\\\/schweizversand.ch\\\/fr\\\/#\\\/schema\\\/logo\\\/image\\\/\"},\"sameAs\":[\"https:\\\/\\\/www.facebook.com\\\/Schweizversand\",\"https:\\\/\\\/www.instagram.com\\\/schweizversand.ch\\\/\"]}]}<\/script>\n<!-- \/ Yoast SEO plugin. -->","yoast_head_json":{"title":"XQ Max Fenix Flight & Shaft 34mm","description":"XQ Max Fenix Flight & Shaft \u2013 Schaft und Flight in einem\u00a0 Der XQ Max Fenix Flight & Shaft vereint Dart-Schaft und Flight in einem praktischen Zubeh\u00f6rteil f\u00fcr da","robots":{"index":"index","follow":"follow","max-snippet":"max-snippet:-1","max-image-preview":"max-image-preview:large","max-video-preview":"max-video-preview:-1"},"canonical":"https:\/\/schweizversand.ch\/fr\/produkt\/xq-max-fenix-flight-shaft-34mm\/","og_locale":"fr_FR","og_type":"article","og_title":"XQ Max Fenix Flight & Shaft 34mm","og_description":"XQ Max Fenix Flight & Shaft \u2013 Schaft und Flight in einem\u00a0 Der XQ Max Fenix Flight & Shaft vereint Dart-Schaft und Flight in einem praktischen Zubeh\u00f6rteil f\u00fcr da","og_url":"https:\/\/schweizversand.ch\/fr\/produkt\/xq-max-fenix-flight-shaft-34mm\/","og_site_name":"Schweizer Shop f\u00fcr Sport, Spiel und Freizeit","article_publisher":"https:\/\/www.facebook.com\/Schweizversand","article_modified_time":"2026-04-28T13:33:37+00:00","og_image":[{"width":355,"height":1024,"url":"https:\/\/schweizversand.ch\/wp-content\/uploads\/2026\/02\/5471921729.jpg","type":"image\/jpeg"}],"twitter_card":"summary_large_image","twitter_misc":{"Dur\u00e9e de lecture estim\u00e9e":"1 minute"},"schema":{"@context":"https:\/\/schema.org","@graph":[{"@type":"WebPage","@id":"https:\/\/schweizversand.ch\/fr\/produkt\/xq-max-fenix-flight-shaft-34mm\/","url":"https:\/\/schweizversand.ch\/fr\/produkt\/xq-max-fenix-flight-shaft-34mm\/","name":"XQ Max Fenix Flight & Shaft 34mm","isPartOf":{"@id":"https:\/\/schweizversand.ch\/fr\/#website"},"primaryImageOfPage":{"@id":"https:\/\/schweizversand.ch\/fr\/produkt\/xq-max-fenix-flight-shaft-34mm\/#primaryimage"},"image":{"@id":"https:\/\/schweizversand.ch\/fr\/produkt\/xq-max-fenix-flight-shaft-34mm\/#primaryimage"},"thumbnailUrl":"https:\/\/schweizversand.ch\/wp-content\/uploads\/2026\/02\/5471921729.jpg","datePublished":"2026-03-14T22:20:59+00:00","dateModified":"2026-04-28T13:33:37+00:00","description":"XQ Max Fenix Flight & Shaft \u2013 Schaft und Flight in einem\u00a0 Der XQ Max Fenix Flight & Shaft vereint Dart-Schaft und Flight in einem praktischen Zubeh\u00f6rteil f\u00fcr da","breadcrumb":{"@id":"https:\/\/schweizversand.ch\/fr\/produkt\/xq-max-fenix-flight-shaft-34mm\/#breadcrumb"},"inLanguage":"fr-FR","potentialAction":[{"@type":"ReadAction","target":["https:\/\/schweizversand.ch\/fr\/produkt\/xq-max-fenix-flight-shaft-34mm\/"]}]},{"@type":"ImageObject","inLanguage":"fr-FR","@id":"https:\/\/schweizversand.ch\/fr\/produkt\/xq-max-fenix-flight-shaft-34mm\/#primaryimage","url":"https:\/\/schweizversand.ch\/wp-content\/uploads\/2026\/02\/5471921729.jpg","contentUrl":"https:\/\/schweizversand.ch\/wp-content\/uploads\/2026\/02\/5471921729.jpg","width":355,"height":1024},{"@type":"BreadcrumbList","@id":"https:\/\/schweizversand.ch\/fr\/produkt\/xq-max-fenix-flight-shaft-34mm\/#breadcrumb","itemListElement":[{"@type":"ListItem","position":1,"name":"Startseite","item":"https:\/\/schweizversand.ch\/fr\/home\/"},{"@type":"ListItem","position":2,"name":"Boutique","item":"https:\/\/schweizversand.ch\/fr\/boutique\/"},{"@type":"ListItem","position":3,"name":"Sports","item":"https:\/\/schweizversand.ch\/fr\/produkt-kategorie\/sports\/"},{"@type":"ListItem","position":4,"name":"sports de balle et fl\u00e9chettes","item":"https:\/\/schweizversand.ch\/fr\/produkt-kategorie\/sports\/sports-de-balle-et-flechettes\/"},{"@type":"ListItem","position":5,"name":"Fl\u00e9chettes","item":"https:\/\/schweizversand.ch\/fr\/produkt-kategorie\/dart-2\/"},{"@type":"ListItem","position":6,"name":"XQ Max Fenix \u200b\u200bVol et tige 34 mm"}]},{"@type":"WebSite","@id":"https:\/\/schweizversand.ch\/fr\/#website","url":"https:\/\/schweizversand.ch\/fr\/","name":"Schweizer Shop f\u00fcr Sport, Spiel und Freizeit","description":"Gratisversand ab 50.- (netto), ab eigenem schweizer Lager, Lieferung innert 48h","publisher":{"@id":"https:\/\/schweizversand.ch\/fr\/#organization"},"alternateName":"Schweizversand.ch","potentialAction":[{"@type":"SearchAction","target":{"@type":"EntryPoint","urlTemplate":"https:\/\/schweizversand.ch\/fr\/?s={search_term_string}"},"query-input":{"@type":"PropertyValueSpecification","valueRequired":true,"valueName":"search_term_string"}}],"inLanguage":"fr-FR"},{"@type":"Organization","@id":"https:\/\/schweizversand.ch\/fr\/#organization","name":"Schweizversand.ch","url":"https:\/\/schweizversand.ch\/fr\/","logo":{"@type":"ImageObject","inLanguage":"fr-FR","@id":"https:\/\/schweizversand.ch\/fr\/#\/schema\/logo\/image\/","url":"https:\/\/schweizversand.ch\/wp-content\/uploads\/2026\/03\/Logo_Rund_Final-1.png","contentUrl":"https:\/\/schweizversand.ch\/wp-content\/uploads\/2026\/03\/Logo_Rund_Final-1.png","width":404,"height":404,"caption":"Schweizversand.ch"},"image":{"@id":"https:\/\/schweizversand.ch\/fr\/#\/schema\/logo\/image\/"},"sameAs":["https:\/\/www.facebook.com\/Schweizversand","https:\/\/www.instagram.com\/schweizversand.ch\/"]}]}},"jetpack_sharing_enabled":true,"_links":{"self":[{"href":"https:\/\/schweizversand.ch\/fr\/wp-json\/wp\/v2\/product\/259734","targetHints":{"allow":["GET"]}}],"collection":[{"href":"https:\/\/schweizversand.ch\/fr\/wp-json\/wp\/v2\/product"}],"about":[{"href":"https:\/\/schweizversand.ch\/fr\/wp-json\/wp\/v2\/types\/product"}],"replies":[{"embeddable":true,"href":"https:\/\/schweizversand.ch\/fr\/wp-json\/wp\/v2\/comments?post=259734"}],"wp:featuredmedia":[{"embeddable":true,"href":"https:\/\/schweizversand.ch\/fr\/wp-json\/wp\/v2\/media\/157082"}],"wp:attachment":[{"href":"https:\/\/schweizversand.ch\/fr\/wp-json\/wp\/v2\/media?parent=259734"}],"wp:term":[{"taxonomy":"product_brand","embeddable":true,"href":"https:\/\/schweizversand.ch\/fr\/wp-json\/wp\/v2\/product_brand?post=259734"},{"taxonomy":"product_cat","embeddable":true,"href":"https:\/\/schweizversand.ch\/fr\/wp-json\/wp\/v2\/product_cat?post=259734"},{"taxonomy":"product_tag","embeddable":true,"href":"https:\/\/schweizversand.ch\/fr\/wp-json\/wp\/v2\/product_tag?post=259734"}],"curies":[{"name":"wp","href":"https:\/\/api.w.org\/{rel}","templated":true}]}}