{"id":259746,"date":"2026-03-25T02:00:16","date_gmt":"2026-03-25T01:00:16","guid":{"rendered":"https:\/\/schweizversand.ch\/produkt\/xq-max-dartmatte\/"},"modified":"2026-04-15T02:02:55","modified_gmt":"2026-04-15T00:02:55","slug":"xq-max-dartmatte","status":"publish","type":"product","link":"https:\/\/schweizversand.ch\/fr\/produkt\/xq-max-dartmatte\/","title":{"rendered":"Tapis de fl\u00e9chettes XQ Max"},"content":{"rendered":"<p>Tapis de fl\u00e9chettes XQ Max noir avec notre motif d&rsquo;avertissement XQ Max gris.<\/p>\n<\/p>\n<p>L&rsquo;extr\u00e9mit\u00e9 du tapis sert \u00e9galement de ligne de lancer, vous assurant ainsi de toujours \u00eatre \u00e0 la bonne distance de la cible.<\/p>\n<\/p>\n<p>Ce tapis est \u00e9galement dot\u00e9 d&rsquo;une base en caoutchouc antid\u00e9rapante.<\/p>\n<\/p>\n<p>Un tapis de fl\u00e9chettes est indispensable pour tout joueur de fl\u00e9chettes, qu&rsquo;il s&rsquo;entra\u00eene r\u00e9guli\u00e8rement ou qu&rsquo;il participe \u00e0 des parties. Utiliser un tapis sous la cible permet, dans la plupart des cas, d&rsquo;\u00e9viter que les tiges ou les pointes de vos fl\u00e9chettes ne se cassent si elles rebondissent et touchent le sol. De nombreux tapis de fl\u00e9chettes comportent \u00e9galement une ligne de lancer (oche) en plastique, en bois ou en m\u00e9tal. Vous pouvez vous appuyer dessus pour maintenir automatiquement la bonne distance de la cible.<\/p>\n<\/p>\n<p>Un tapis de fl\u00e9chettes est indispensable pour tout joueur de fl\u00e9chettes, qu&rsquo;il s&rsquo;entra\u00eene r\u00e9guli\u00e8rement ou qu&rsquo;il participe \u00e0 des parties. Le grand avantage de ces tapis de fl\u00e9chettes en caoutchouc est qu&rsquo;ils restent bien en place, ne se d\u00e9forment pas et sont faciles \u00e0 nettoyer.<\/p>\n<\/p>\n<p>Dimensions\u00a0: 80 x 237 cm<\/p>\n<\/p>\n<p>Composition\u00a0: 100\u00a0% polyamide avec envers en mousse de gel.<\/p>\n","protected":false},"excerpt":{"rendered":"<p>XQ Max Dartmatte bietet rutschfesten Gummiboden und integrierte Wurflinie f\u00fcr perfekten Stand und Schutz vor Dartsch\u00e4den \u2013 ideal f\u00fcr ambitionierte Dartspieler.<\/p>\n","protected":false},"featured_media":262564,"comment_status":"open","ping_status":"closed","template":"","meta":[],"product_brand":[],"product_cat":[39091],"product_tag":[],"class_list":{"0":"post-259746","1":"product","2":"type-product","3":"status-publish","4":"has-post-thumbnail","6":"product_cat-uncategorized","7":"product_shipping_class-global_methods","9":"first","10":"instock","11":"taxable","12":"shipping-taxable","13":"purchasable","14":"product-type-simple"},"yoast_head":"<!-- This site is optimized with the Yoast SEO plugin v27.4 - https:\/\/yoast.com\/product\/yoast-seo-wordpress\/ -->\n<title>XQ Max Dartmatte<\/title>\n<meta name=\"description\" content=\"XQ Max Dartmat schwarz mit unserem XQ Max Warndesign in grau.\u00a0 Das Ende der Matte ist auch die Wurflinie, so dass Sie immer im richtigen Abstand vom Brett sind\" \/>\n<meta name=\"robots\" content=\"index, follow, max-snippet:-1, max-image-preview:large, max-video-preview:-1\" \/>\n<link rel=\"canonical\" href=\"https:\/\/schweizversand.ch\/fr\/produkt\/xq-max-dartmatte\/\" \/>\n<meta property=\"og:locale\" content=\"fr_FR\" \/>\n<meta property=\"og:type\" content=\"article\" \/>\n<meta property=\"og:title\" content=\"XQ Max Dartmatte\" \/>\n<meta property=\"og:description\" content=\"XQ Max Dartmat schwarz mit unserem XQ Max Warndesign in grau.\u00a0 Das Ende der Matte ist auch die Wurflinie, so dass Sie immer im richtigen Abstand vom Brett sind\" \/>\n<meta property=\"og:url\" content=\"https:\/\/schweizversand.ch\/fr\/produkt\/xq-max-dartmatte\/\" \/>\n<meta property=\"og:site_name\" content=\"Schweizer Shop f\u00fcr Sport, Spiel und Freizeit\" \/>\n<meta property=\"article:publisher\" content=\"https:\/\/www.facebook.com\/Schweizversand\" \/>\n<meta property=\"article:modified_time\" content=\"2026-04-15T00:02:55+00:00\" \/>\n<meta property=\"og:image\" content=\"https:\/\/schweizversand.ch\/wp-content\/uploads\/2026\/03\/5471633436.png\" \/>\n\t<meta property=\"og:image:width\" content=\"1024\" \/>\n\t<meta property=\"og:image:height\" content=\"1024\" \/>\n\t<meta property=\"og:image:type\" content=\"image\/png\" \/>\n<meta name=\"twitter:card\" content=\"summary_large_image\" \/>\n<meta name=\"twitter:label1\" content=\"Dur\u00e9e de lecture estim\u00e9e\" \/>\n\t<meta name=\"twitter:data1\" content=\"1 minute\" \/>\n<script type=\"application\/ld+json\" class=\"yoast-schema-graph\">{\"@context\":\"https:\\\/\\\/schema.org\",\"@graph\":[{\"@type\":\"WebPage\",\"@id\":\"https:\\\/\\\/schweizversand.ch\\\/fr\\\/produkt\\\/xq-max-dartmatte\\\/\",\"url\":\"https:\\\/\\\/schweizversand.ch\\\/fr\\\/produkt\\\/xq-max-dartmatte\\\/\",\"name\":\"XQ Max Dartmatte\",\"isPartOf\":{\"@id\":\"https:\\\/\\\/schweizversand.ch\\\/fr\\\/#website\"},\"primaryImageOfPage\":{\"@id\":\"https:\\\/\\\/schweizversand.ch\\\/fr\\\/produkt\\\/xq-max-dartmatte\\\/#primaryimage\"},\"image\":{\"@id\":\"https:\\\/\\\/schweizversand.ch\\\/fr\\\/produkt\\\/xq-max-dartmatte\\\/#primaryimage\"},\"thumbnailUrl\":\"https:\\\/\\\/schweizversand.ch\\\/wp-content\\\/uploads\\\/2026\\\/03\\\/5471633436.png\",\"datePublished\":\"2026-03-25T01:00:16+00:00\",\"dateModified\":\"2026-04-15T00:02:55+00:00\",\"description\":\"XQ Max Dartmat schwarz mit unserem XQ Max Warndesign in grau.\u00a0 Das Ende der Matte ist auch die Wurflinie, so dass Sie immer im richtigen Abstand vom Brett sind\",\"breadcrumb\":{\"@id\":\"https:\\\/\\\/schweizversand.ch\\\/fr\\\/produkt\\\/xq-max-dartmatte\\\/#breadcrumb\"},\"inLanguage\":\"fr-FR\",\"potentialAction\":[{\"@type\":\"ReadAction\",\"target\":[\"https:\\\/\\\/schweizversand.ch\\\/fr\\\/produkt\\\/xq-max-dartmatte\\\/\"]}]},{\"@type\":\"ImageObject\",\"inLanguage\":\"fr-FR\",\"@id\":\"https:\\\/\\\/schweizversand.ch\\\/fr\\\/produkt\\\/xq-max-dartmatte\\\/#primaryimage\",\"url\":\"https:\\\/\\\/schweizversand.ch\\\/wp-content\\\/uploads\\\/2026\\\/03\\\/5471633436.png\",\"contentUrl\":\"https:\\\/\\\/schweizversand.ch\\\/wp-content\\\/uploads\\\/2026\\\/03\\\/5471633436.png\",\"width\":1024,\"height\":1024},{\"@type\":\"BreadcrumbList\",\"@id\":\"https:\\\/\\\/schweizversand.ch\\\/fr\\\/produkt\\\/xq-max-dartmatte\\\/#breadcrumb\",\"itemListElement\":[{\"@type\":\"ListItem\",\"position\":1,\"name\":\"Startseite\",\"item\":\"https:\\\/\\\/schweizversand.ch\\\/fr\\\/\"},{\"@type\":\"ListItem\",\"position\":2,\"name\":\"Boutique\",\"item\":\"https:\\\/\\\/schweizversand.ch\\\/fr\\\/boutique\\\/\"},{\"@type\":\"ListItem\",\"position\":3,\"name\":\"Uncategorized\",\"item\":\"https:\\\/\\\/schweizversand.ch\\\/fr\\\/produkt-kategorie\\\/uncategorized\\\/\"},{\"@type\":\"ListItem\",\"position\":4,\"name\":\"Tapis de fl\u00e9chettes XQ Max\"}]},{\"@type\":\"WebSite\",\"@id\":\"https:\\\/\\\/schweizversand.ch\\\/fr\\\/#website\",\"url\":\"https:\\\/\\\/schweizversand.ch\\\/fr\\\/\",\"name\":\"Schweizer Shop f\u00fcr Sport, Spiel und Freizeit\",\"description\":\"Gratisversand ab 50.- (netto), ab eigenem schweizer Lager, Lieferung innert 48h\",\"publisher\":{\"@id\":\"https:\\\/\\\/schweizversand.ch\\\/fr\\\/#organization\"},\"alternateName\":\"Schweizversand.ch\",\"potentialAction\":[{\"@type\":\"SearchAction\",\"target\":{\"@type\":\"EntryPoint\",\"urlTemplate\":\"https:\\\/\\\/schweizversand.ch\\\/fr\\\/?s={search_term_string}\"},\"query-input\":{\"@type\":\"PropertyValueSpecification\",\"valueRequired\":true,\"valueName\":\"search_term_string\"}}],\"inLanguage\":\"fr-FR\"},{\"@type\":\"Organization\",\"@id\":\"https:\\\/\\\/schweizversand.ch\\\/fr\\\/#organization\",\"name\":\"Schweizversand.ch\",\"url\":\"https:\\\/\\\/schweizversand.ch\\\/fr\\\/\",\"logo\":{\"@type\":\"ImageObject\",\"inLanguage\":\"fr-FR\",\"@id\":\"https:\\\/\\\/schweizversand.ch\\\/fr\\\/#\\\/schema\\\/logo\\\/image\\\/\",\"url\":\"https:\\\/\\\/schweizversand.ch\\\/wp-content\\\/uploads\\\/2026\\\/03\\\/Logo_Rund_Final-1.png\",\"contentUrl\":\"https:\\\/\\\/schweizversand.ch\\\/wp-content\\\/uploads\\\/2026\\\/03\\\/Logo_Rund_Final-1.png\",\"width\":404,\"height\":404,\"caption\":\"Schweizversand.ch\"},\"image\":{\"@id\":\"https:\\\/\\\/schweizversand.ch\\\/fr\\\/#\\\/schema\\\/logo\\\/image\\\/\"},\"sameAs\":[\"https:\\\/\\\/www.facebook.com\\\/Schweizversand\",\"https:\\\/\\\/www.instagram.com\\\/schweizversand.ch\\\/\"]}]}<\/script>\n<!-- \/ Yoast SEO plugin. -->","yoast_head_json":{"title":"XQ Max Dartmatte","description":"XQ Max Dartmat schwarz mit unserem XQ Max Warndesign in grau.\u00a0 Das Ende der Matte ist auch die Wurflinie, so dass Sie immer im richtigen Abstand vom Brett sind","robots":{"index":"index","follow":"follow","max-snippet":"max-snippet:-1","max-image-preview":"max-image-preview:large","max-video-preview":"max-video-preview:-1"},"canonical":"https:\/\/schweizversand.ch\/fr\/produkt\/xq-max-dartmatte\/","og_locale":"fr_FR","og_type":"article","og_title":"XQ Max Dartmatte","og_description":"XQ Max Dartmat schwarz mit unserem XQ Max Warndesign in grau.\u00a0 Das Ende der Matte ist auch die Wurflinie, so dass Sie immer im richtigen Abstand vom Brett sind","og_url":"https:\/\/schweizversand.ch\/fr\/produkt\/xq-max-dartmatte\/","og_site_name":"Schweizer Shop f\u00fcr Sport, Spiel und Freizeit","article_publisher":"https:\/\/www.facebook.com\/Schweizversand","article_modified_time":"2026-04-15T00:02:55+00:00","og_image":[{"width":1024,"height":1024,"url":"https:\/\/schweizversand.ch\/wp-content\/uploads\/2026\/03\/5471633436.png","type":"image\/png"}],"twitter_card":"summary_large_image","twitter_misc":{"Dur\u00e9e de lecture estim\u00e9e":"1 minute"},"schema":{"@context":"https:\/\/schema.org","@graph":[{"@type":"WebPage","@id":"https:\/\/schweizversand.ch\/fr\/produkt\/xq-max-dartmatte\/","url":"https:\/\/schweizversand.ch\/fr\/produkt\/xq-max-dartmatte\/","name":"XQ Max Dartmatte","isPartOf":{"@id":"https:\/\/schweizversand.ch\/fr\/#website"},"primaryImageOfPage":{"@id":"https:\/\/schweizversand.ch\/fr\/produkt\/xq-max-dartmatte\/#primaryimage"},"image":{"@id":"https:\/\/schweizversand.ch\/fr\/produkt\/xq-max-dartmatte\/#primaryimage"},"thumbnailUrl":"https:\/\/schweizversand.ch\/wp-content\/uploads\/2026\/03\/5471633436.png","datePublished":"2026-03-25T01:00:16+00:00","dateModified":"2026-04-15T00:02:55+00:00","description":"XQ Max Dartmat schwarz mit unserem XQ Max Warndesign in grau.\u00a0 Das Ende der Matte ist auch die Wurflinie, so dass Sie immer im richtigen Abstand vom Brett sind","breadcrumb":{"@id":"https:\/\/schweizversand.ch\/fr\/produkt\/xq-max-dartmatte\/#breadcrumb"},"inLanguage":"fr-FR","potentialAction":[{"@type":"ReadAction","target":["https:\/\/schweizversand.ch\/fr\/produkt\/xq-max-dartmatte\/"]}]},{"@type":"ImageObject","inLanguage":"fr-FR","@id":"https:\/\/schweizversand.ch\/fr\/produkt\/xq-max-dartmatte\/#primaryimage","url":"https:\/\/schweizversand.ch\/wp-content\/uploads\/2026\/03\/5471633436.png","contentUrl":"https:\/\/schweizversand.ch\/wp-content\/uploads\/2026\/03\/5471633436.png","width":1024,"height":1024},{"@type":"BreadcrumbList","@id":"https:\/\/schweizversand.ch\/fr\/produkt\/xq-max-dartmatte\/#breadcrumb","itemListElement":[{"@type":"ListItem","position":1,"name":"Startseite","item":"https:\/\/schweizversand.ch\/fr\/"},{"@type":"ListItem","position":2,"name":"Boutique","item":"https:\/\/schweizversand.ch\/fr\/boutique\/"},{"@type":"ListItem","position":3,"name":"Uncategorized","item":"https:\/\/schweizversand.ch\/fr\/produkt-kategorie\/uncategorized\/"},{"@type":"ListItem","position":4,"name":"Tapis de fl\u00e9chettes XQ Max"}]},{"@type":"WebSite","@id":"https:\/\/schweizversand.ch\/fr\/#website","url":"https:\/\/schweizversand.ch\/fr\/","name":"Schweizer Shop f\u00fcr Sport, Spiel und Freizeit","description":"Gratisversand ab 50.- (netto), ab eigenem schweizer Lager, Lieferung innert 48h","publisher":{"@id":"https:\/\/schweizversand.ch\/fr\/#organization"},"alternateName":"Schweizversand.ch","potentialAction":[{"@type":"SearchAction","target":{"@type":"EntryPoint","urlTemplate":"https:\/\/schweizversand.ch\/fr\/?s={search_term_string}"},"query-input":{"@type":"PropertyValueSpecification","valueRequired":true,"valueName":"search_term_string"}}],"inLanguage":"fr-FR"},{"@type":"Organization","@id":"https:\/\/schweizversand.ch\/fr\/#organization","name":"Schweizversand.ch","url":"https:\/\/schweizversand.ch\/fr\/","logo":{"@type":"ImageObject","inLanguage":"fr-FR","@id":"https:\/\/schweizversand.ch\/fr\/#\/schema\/logo\/image\/","url":"https:\/\/schweizversand.ch\/wp-content\/uploads\/2026\/03\/Logo_Rund_Final-1.png","contentUrl":"https:\/\/schweizversand.ch\/wp-content\/uploads\/2026\/03\/Logo_Rund_Final-1.png","width":404,"height":404,"caption":"Schweizversand.ch"},"image":{"@id":"https:\/\/schweizversand.ch\/fr\/#\/schema\/logo\/image\/"},"sameAs":["https:\/\/www.facebook.com\/Schweizversand","https:\/\/www.instagram.com\/schweizversand.ch\/"]}]}},"jetpack_sharing_enabled":true,"_links":{"self":[{"href":"https:\/\/schweizversand.ch\/fr\/wp-json\/wp\/v2\/product\/259746","targetHints":{"allow":["GET"]}}],"collection":[{"href":"https:\/\/schweizversand.ch\/fr\/wp-json\/wp\/v2\/product"}],"about":[{"href":"https:\/\/schweizversand.ch\/fr\/wp-json\/wp\/v2\/types\/product"}],"replies":[{"embeddable":true,"href":"https:\/\/schweizversand.ch\/fr\/wp-json\/wp\/v2\/comments?post=259746"}],"wp:featuredmedia":[{"embeddable":true,"href":"https:\/\/schweizversand.ch\/fr\/wp-json\/wp\/v2\/media\/262564"}],"wp:attachment":[{"href":"https:\/\/schweizversand.ch\/fr\/wp-json\/wp\/v2\/media?parent=259746"}],"wp:term":[{"taxonomy":"product_brand","embeddable":true,"href":"https:\/\/schweizversand.ch\/fr\/wp-json\/wp\/v2\/product_brand?post=259746"},{"taxonomy":"product_cat","embeddable":true,"href":"https:\/\/schweizversand.ch\/fr\/wp-json\/wp\/v2\/product_cat?post=259746"},{"taxonomy":"product_tag","embeddable":true,"href":"https:\/\/schweizversand.ch\/fr\/wp-json\/wp\/v2\/product_tag?post=259746"}],"curies":[{"name":"wp","href":"https:\/\/api.w.org\/{rel}","templated":true}]}}