{"id":259748,"date":"2026-03-14T23:49:10","date_gmt":"2026-03-14T22:49:10","guid":{"rendered":"https:\/\/schweizversand.ch\/produkt\/xq-max-fitnessmatte\/"},"modified":"2026-04-19T02:03:06","modified_gmt":"2026-04-19T00:03:06","slug":"xq-max-fitnessmatte","status":"publish","type":"product","link":"https:\/\/schweizversand.ch\/fr\/produkt\/xq-max-fitnessmatte\/","title":{"rendered":"Tapis de fitness XQ Max"},"content":{"rendered":"<p>Le tapis de fitness est un \u00e9quipement portable id\u00e9al pour la gymnastique, le yoga ou le Pilates \u00e0 domicile. Son rembourrage doux pr\u00e9serve les articulations. La mousse NBR le rend \u00e9galement antid\u00e9rapant, un atout essentiel pour de nombreux exercices. Une bonne adh\u00e9rence est cruciale pour la gymnastique et de nombreux exercices de yoga. Le yoga et le Pilates sont plus populaires que jamais et sont presque consid\u00e9r\u00e9s comme des sports grand public. L&rsquo;avantage\u00a0? Vous n&rsquo;avez presque pas besoin d&rsquo;accessoires\u00a0: un tapis de fitness et un peu de discipline suffisent pour profiter de ses bienfaits sur la sant\u00e9. Dimensions\u00a0: 180\u00a0x\u00a060\u00a0x\u00a01\u00a0cm. Couleurs\u00a0: rose, noir, bleu. Couleur al\u00e9atoire. Livraison al\u00e9atoire dans la limite des stocks disponibles. <br \/>Prix par tapis<\/br><\/div>\n","protected":false},"excerpt":{"rendered":"<p>XQ Max Fitnessmatte bietet rutschhemmenden NBR-Schaum und schonende D\u00e4mpfung f\u00fcr gelenkschonendes Yoga, Pilates und Gymnastik \u2013 Ihr mobiles Home-Gym f\u00fcr mehr Stabilit\u00e4t.<\/p>\n","protected":false},"featured_media":157439,"comment_status":"open","ping_status":"closed","template":"","meta":[],"product_brand":[],"product_cat":[38936],"product_tag":[],"class_list":{"0":"post-259748","1":"product","2":"type-product","3":"status-publish","4":"has-post-thumbnail","6":"product_cat-yoga-pilates","7":"product_shipping_class-global_methods","9":"first","10":"instock","11":"taxable","12":"shipping-taxable","13":"purchasable","14":"product-type-simple"},"yoast_head":"<!-- This site is optimized with the Yoast SEO plugin v27.4 - https:\/\/yoast.com\/product\/yoast-seo-wordpress\/ -->\n<title>XQ Max Fitnessmatte<\/title>\n<meta name=\"description\" content=\"Die Fitnessmatte ist das tragbare Home-Gym f\u00fcr Gymnastik, Yoga oder Pilates.\u00a0 \u00a0 \u00a0 \u00a0 \u00a0 \u00a0\u00a0 Die Fitnessmatte ist d\u00e4mpfend und damit schonend f\u00fcr die Gelenke.\u00a0 \u00a0 De\" \/>\n<meta name=\"robots\" content=\"index, follow, max-snippet:-1, max-image-preview:large, max-video-preview:-1\" \/>\n<link rel=\"canonical\" href=\"https:\/\/schweizversand.ch\/fr\/produkt\/xq-max-fitnessmatte\/\" \/>\n<meta property=\"og:locale\" content=\"fr_FR\" \/>\n<meta property=\"og:type\" content=\"article\" \/>\n<meta property=\"og:title\" content=\"XQ Max Fitnessmatte\" \/>\n<meta property=\"og:description\" content=\"Die Fitnessmatte ist das tragbare Home-Gym f\u00fcr Gymnastik, Yoga oder Pilates.\u00a0 \u00a0 \u00a0 \u00a0 \u00a0 \u00a0\u00a0 Die Fitnessmatte ist d\u00e4mpfend und damit schonend f\u00fcr die Gelenke.\u00a0 \u00a0 De\" \/>\n<meta property=\"og:url\" content=\"https:\/\/schweizversand.ch\/fr\/produkt\/xq-max-fitnessmatte\/\" \/>\n<meta property=\"og:site_name\" content=\"Schweizer Shop f\u00fcr Sport, Spiel und Freizeit\" \/>\n<meta property=\"article:publisher\" content=\"https:\/\/www.facebook.com\/Schweizversand\" \/>\n<meta property=\"article:modified_time\" content=\"2026-04-19T00:03:06+00:00\" \/>\n<meta property=\"og:image\" content=\"https:\/\/schweizversand.ch\/wp-content\/uploads\/2026\/02\/5471551452.jpg\" \/>\n\t<meta property=\"og:image:width\" content=\"1024\" \/>\n\t<meta property=\"og:image:height\" content=\"1022\" \/>\n\t<meta property=\"og:image:type\" content=\"image\/jpeg\" \/>\n<meta name=\"twitter:card\" content=\"summary_large_image\" \/>\n<meta name=\"twitter:label1\" content=\"Dur\u00e9e de lecture estim\u00e9e\" \/>\n\t<meta name=\"twitter:data1\" content=\"1 minute\" \/>\n<script type=\"application\/ld+json\" class=\"yoast-schema-graph\">{\"@context\":\"https:\\\/\\\/schema.org\",\"@graph\":[{\"@type\":\"WebPage\",\"@id\":\"https:\\\/\\\/schweizversand.ch\\\/fr\\\/produkt\\\/xq-max-fitnessmatte\\\/\",\"url\":\"https:\\\/\\\/schweizversand.ch\\\/fr\\\/produkt\\\/xq-max-fitnessmatte\\\/\",\"name\":\"XQ Max Fitnessmatte\",\"isPartOf\":{\"@id\":\"https:\\\/\\\/schweizversand.ch\\\/fr\\\/#website\"},\"primaryImageOfPage\":{\"@id\":\"https:\\\/\\\/schweizversand.ch\\\/fr\\\/produkt\\\/xq-max-fitnessmatte\\\/#primaryimage\"},\"image\":{\"@id\":\"https:\\\/\\\/schweizversand.ch\\\/fr\\\/produkt\\\/xq-max-fitnessmatte\\\/#primaryimage\"},\"thumbnailUrl\":\"https:\\\/\\\/schweizversand.ch\\\/wp-content\\\/uploads\\\/2026\\\/02\\\/5471551452.jpg\",\"datePublished\":\"2026-03-14T22:49:10+00:00\",\"dateModified\":\"2026-04-19T00:03:06+00:00\",\"description\":\"Die Fitnessmatte ist das tragbare Home-Gym f\u00fcr Gymnastik, Yoga oder Pilates.\u00a0 \u00a0 \u00a0 \u00a0 \u00a0 \u00a0\u00a0 Die Fitnessmatte ist d\u00e4mpfend und damit schonend f\u00fcr die Gelenke.\u00a0 \u00a0 De\",\"breadcrumb\":{\"@id\":\"https:\\\/\\\/schweizversand.ch\\\/fr\\\/produkt\\\/xq-max-fitnessmatte\\\/#breadcrumb\"},\"inLanguage\":\"fr-FR\",\"potentialAction\":[{\"@type\":\"ReadAction\",\"target\":[\"https:\\\/\\\/schweizversand.ch\\\/fr\\\/produkt\\\/xq-max-fitnessmatte\\\/\"]}]},{\"@type\":\"ImageObject\",\"inLanguage\":\"fr-FR\",\"@id\":\"https:\\\/\\\/schweizversand.ch\\\/fr\\\/produkt\\\/xq-max-fitnessmatte\\\/#primaryimage\",\"url\":\"https:\\\/\\\/schweizversand.ch\\\/wp-content\\\/uploads\\\/2026\\\/02\\\/5471551452.jpg\",\"contentUrl\":\"https:\\\/\\\/schweizversand.ch\\\/wp-content\\\/uploads\\\/2026\\\/02\\\/5471551452.jpg\",\"width\":1024,\"height\":1022},{\"@type\":\"BreadcrumbList\",\"@id\":\"https:\\\/\\\/schweizversand.ch\\\/fr\\\/produkt\\\/xq-max-fitnessmatte\\\/#breadcrumb\",\"itemListElement\":[{\"@type\":\"ListItem\",\"position\":1,\"name\":\"Startseite\",\"item\":\"https:\\\/\\\/schweizversand.ch\\\/fr\\\/home\\\/\"},{\"@type\":\"ListItem\",\"position\":2,\"name\":\"Boutique\",\"item\":\"https:\\\/\\\/schweizversand.ch\\\/fr\\\/boutique\\\/\"},{\"@type\":\"ListItem\",\"position\":3,\"name\":\"Sports\",\"item\":\"https:\\\/\\\/schweizversand.ch\\\/fr\\\/produkt-kategorie\\\/sports\\\/\"},{\"@type\":\"ListItem\",\"position\":4,\"name\":\"Fitness\",\"item\":\"https:\\\/\\\/schweizversand.ch\\\/fr\\\/produkt-kategorie\\\/sports\\\/fitness\\\/\"},{\"@type\":\"ListItem\",\"position\":5,\"name\":\"Yoga et Pilates\",\"item\":\"https:\\\/\\\/schweizversand.ch\\\/fr\\\/produkt-kategorie\\\/sports\\\/fitness\\\/yoga-pilates\\\/\"},{\"@type\":\"ListItem\",\"position\":6,\"name\":\"Tapis de fitness XQ Max\"}]},{\"@type\":\"WebSite\",\"@id\":\"https:\\\/\\\/schweizversand.ch\\\/fr\\\/#website\",\"url\":\"https:\\\/\\\/schweizversand.ch\\\/fr\\\/\",\"name\":\"Schweizer Shop f\u00fcr Sport, Spiel und Freizeit\",\"description\":\"Gratisversand ab 50.- (netto), ab eigenem schweizer Lager, Lieferung innert 48h\",\"publisher\":{\"@id\":\"https:\\\/\\\/schweizversand.ch\\\/fr\\\/#organization\"},\"alternateName\":\"Schweizversand.ch\",\"potentialAction\":[{\"@type\":\"SearchAction\",\"target\":{\"@type\":\"EntryPoint\",\"urlTemplate\":\"https:\\\/\\\/schweizversand.ch\\\/fr\\\/?s={search_term_string}\"},\"query-input\":{\"@type\":\"PropertyValueSpecification\",\"valueRequired\":true,\"valueName\":\"search_term_string\"}}],\"inLanguage\":\"fr-FR\"},{\"@type\":\"Organization\",\"@id\":\"https:\\\/\\\/schweizversand.ch\\\/fr\\\/#organization\",\"name\":\"Schweizversand.ch\",\"url\":\"https:\\\/\\\/schweizversand.ch\\\/fr\\\/\",\"logo\":{\"@type\":\"ImageObject\",\"inLanguage\":\"fr-FR\",\"@id\":\"https:\\\/\\\/schweizversand.ch\\\/fr\\\/#\\\/schema\\\/logo\\\/image\\\/\",\"url\":\"https:\\\/\\\/schweizversand.ch\\\/wp-content\\\/uploads\\\/2026\\\/03\\\/Logo_Rund_Final-1.png\",\"contentUrl\":\"https:\\\/\\\/schweizversand.ch\\\/wp-content\\\/uploads\\\/2026\\\/03\\\/Logo_Rund_Final-1.png\",\"width\":404,\"height\":404,\"caption\":\"Schweizversand.ch\"},\"image\":{\"@id\":\"https:\\\/\\\/schweizversand.ch\\\/fr\\\/#\\\/schema\\\/logo\\\/image\\\/\"},\"sameAs\":[\"https:\\\/\\\/www.facebook.com\\\/Schweizversand\",\"https:\\\/\\\/www.instagram.com\\\/schweizversand.ch\\\/\"]}]}<\/script>\n<!-- \/ Yoast SEO plugin. -->","yoast_head_json":{"title":"XQ Max Fitnessmatte","description":"Die Fitnessmatte ist das tragbare Home-Gym f\u00fcr Gymnastik, Yoga oder Pilates.\u00a0 \u00a0 \u00a0 \u00a0 \u00a0 \u00a0\u00a0 Die Fitnessmatte ist d\u00e4mpfend und damit schonend f\u00fcr die Gelenke.\u00a0 \u00a0 De","robots":{"index":"index","follow":"follow","max-snippet":"max-snippet:-1","max-image-preview":"max-image-preview:large","max-video-preview":"max-video-preview:-1"},"canonical":"https:\/\/schweizversand.ch\/fr\/produkt\/xq-max-fitnessmatte\/","og_locale":"fr_FR","og_type":"article","og_title":"XQ Max Fitnessmatte","og_description":"Die Fitnessmatte ist das tragbare Home-Gym f\u00fcr Gymnastik, Yoga oder Pilates.\u00a0 \u00a0 \u00a0 \u00a0 \u00a0 \u00a0\u00a0 Die Fitnessmatte ist d\u00e4mpfend und damit schonend f\u00fcr die Gelenke.\u00a0 \u00a0 De","og_url":"https:\/\/schweizversand.ch\/fr\/produkt\/xq-max-fitnessmatte\/","og_site_name":"Schweizer Shop f\u00fcr Sport, Spiel und Freizeit","article_publisher":"https:\/\/www.facebook.com\/Schweizversand","article_modified_time":"2026-04-19T00:03:06+00:00","og_image":[{"width":1024,"height":1022,"url":"https:\/\/schweizversand.ch\/wp-content\/uploads\/2026\/02\/5471551452.jpg","type":"image\/jpeg"}],"twitter_card":"summary_large_image","twitter_misc":{"Dur\u00e9e de lecture estim\u00e9e":"1 minute"},"schema":{"@context":"https:\/\/schema.org","@graph":[{"@type":"WebPage","@id":"https:\/\/schweizversand.ch\/fr\/produkt\/xq-max-fitnessmatte\/","url":"https:\/\/schweizversand.ch\/fr\/produkt\/xq-max-fitnessmatte\/","name":"XQ Max Fitnessmatte","isPartOf":{"@id":"https:\/\/schweizversand.ch\/fr\/#website"},"primaryImageOfPage":{"@id":"https:\/\/schweizversand.ch\/fr\/produkt\/xq-max-fitnessmatte\/#primaryimage"},"image":{"@id":"https:\/\/schweizversand.ch\/fr\/produkt\/xq-max-fitnessmatte\/#primaryimage"},"thumbnailUrl":"https:\/\/schweizversand.ch\/wp-content\/uploads\/2026\/02\/5471551452.jpg","datePublished":"2026-03-14T22:49:10+00:00","dateModified":"2026-04-19T00:03:06+00:00","description":"Die Fitnessmatte ist das tragbare Home-Gym f\u00fcr Gymnastik, Yoga oder Pilates.\u00a0 \u00a0 \u00a0 \u00a0 \u00a0 \u00a0\u00a0 Die Fitnessmatte ist d\u00e4mpfend und damit schonend f\u00fcr die Gelenke.\u00a0 \u00a0 De","breadcrumb":{"@id":"https:\/\/schweizversand.ch\/fr\/produkt\/xq-max-fitnessmatte\/#breadcrumb"},"inLanguage":"fr-FR","potentialAction":[{"@type":"ReadAction","target":["https:\/\/schweizversand.ch\/fr\/produkt\/xq-max-fitnessmatte\/"]}]},{"@type":"ImageObject","inLanguage":"fr-FR","@id":"https:\/\/schweizversand.ch\/fr\/produkt\/xq-max-fitnessmatte\/#primaryimage","url":"https:\/\/schweizversand.ch\/wp-content\/uploads\/2026\/02\/5471551452.jpg","contentUrl":"https:\/\/schweizversand.ch\/wp-content\/uploads\/2026\/02\/5471551452.jpg","width":1024,"height":1022},{"@type":"BreadcrumbList","@id":"https:\/\/schweizversand.ch\/fr\/produkt\/xq-max-fitnessmatte\/#breadcrumb","itemListElement":[{"@type":"ListItem","position":1,"name":"Startseite","item":"https:\/\/schweizversand.ch\/fr\/home\/"},{"@type":"ListItem","position":2,"name":"Boutique","item":"https:\/\/schweizversand.ch\/fr\/boutique\/"},{"@type":"ListItem","position":3,"name":"Sports","item":"https:\/\/schweizversand.ch\/fr\/produkt-kategorie\/sports\/"},{"@type":"ListItem","position":4,"name":"Fitness","item":"https:\/\/schweizversand.ch\/fr\/produkt-kategorie\/sports\/fitness\/"},{"@type":"ListItem","position":5,"name":"Yoga et Pilates","item":"https:\/\/schweizversand.ch\/fr\/produkt-kategorie\/sports\/fitness\/yoga-pilates\/"},{"@type":"ListItem","position":6,"name":"Tapis de fitness XQ Max"}]},{"@type":"WebSite","@id":"https:\/\/schweizversand.ch\/fr\/#website","url":"https:\/\/schweizversand.ch\/fr\/","name":"Schweizer Shop f\u00fcr Sport, Spiel und Freizeit","description":"Gratisversand ab 50.- (netto), ab eigenem schweizer Lager, Lieferung innert 48h","publisher":{"@id":"https:\/\/schweizversand.ch\/fr\/#organization"},"alternateName":"Schweizversand.ch","potentialAction":[{"@type":"SearchAction","target":{"@type":"EntryPoint","urlTemplate":"https:\/\/schweizversand.ch\/fr\/?s={search_term_string}"},"query-input":{"@type":"PropertyValueSpecification","valueRequired":true,"valueName":"search_term_string"}}],"inLanguage":"fr-FR"},{"@type":"Organization","@id":"https:\/\/schweizversand.ch\/fr\/#organization","name":"Schweizversand.ch","url":"https:\/\/schweizversand.ch\/fr\/","logo":{"@type":"ImageObject","inLanguage":"fr-FR","@id":"https:\/\/schweizversand.ch\/fr\/#\/schema\/logo\/image\/","url":"https:\/\/schweizversand.ch\/wp-content\/uploads\/2026\/03\/Logo_Rund_Final-1.png","contentUrl":"https:\/\/schweizversand.ch\/wp-content\/uploads\/2026\/03\/Logo_Rund_Final-1.png","width":404,"height":404,"caption":"Schweizversand.ch"},"image":{"@id":"https:\/\/schweizversand.ch\/fr\/#\/schema\/logo\/image\/"},"sameAs":["https:\/\/www.facebook.com\/Schweizversand","https:\/\/www.instagram.com\/schweizversand.ch\/"]}]}},"jetpack_sharing_enabled":true,"_links":{"self":[{"href":"https:\/\/schweizversand.ch\/fr\/wp-json\/wp\/v2\/product\/259748","targetHints":{"allow":["GET"]}}],"collection":[{"href":"https:\/\/schweizversand.ch\/fr\/wp-json\/wp\/v2\/product"}],"about":[{"href":"https:\/\/schweizversand.ch\/fr\/wp-json\/wp\/v2\/types\/product"}],"replies":[{"embeddable":true,"href":"https:\/\/schweizversand.ch\/fr\/wp-json\/wp\/v2\/comments?post=259748"}],"wp:featuredmedia":[{"embeddable":true,"href":"https:\/\/schweizversand.ch\/fr\/wp-json\/wp\/v2\/media\/157439"}],"wp:attachment":[{"href":"https:\/\/schweizversand.ch\/fr\/wp-json\/wp\/v2\/media?parent=259748"}],"wp:term":[{"taxonomy":"product_brand","embeddable":true,"href":"https:\/\/schweizversand.ch\/fr\/wp-json\/wp\/v2\/product_brand?post=259748"},{"taxonomy":"product_cat","embeddable":true,"href":"https:\/\/schweizversand.ch\/fr\/wp-json\/wp\/v2\/product_cat?post=259748"},{"taxonomy":"product_tag","embeddable":true,"href":"https:\/\/schweizversand.ch\/fr\/wp-json\/wp\/v2\/product_tag?post=259748"}],"curies":[{"name":"wp","href":"https:\/\/api.w.org\/{rel}","templated":true}]}}