{"id":259749,"date":"2026-03-14T23:49:11","date_gmt":"2026-03-14T22:49:11","guid":{"rendered":"https:\/\/schweizversand.ch\/produkt\/xq-max-tischtennis-set-2-schlaeger-3-baelle\/"},"modified":"2026-04-20T02:02:55","modified_gmt":"2026-04-20T00:02:55","slug":"xq-max-tischtennis-set-2-schlaeger-3-baelle","status":"publish","type":"product","link":"https:\/\/schweizversand.ch\/fr\/produkt\/xq-max-tischtennis-set-2-schlaeger-3-baelle\/","title":{"rendered":"Ensemble de tennis de table XQ Max &#8211; 2 raquettes, 3 balles"},"content":{"rendered":"<h1><strong>Ensemble de tennis de table XQ Max \u2013 Un kit complet pour s&rsquo;amuser imm\u00e9diatement<\/strong><\/h1>\n<div>Avec l&rsquo;ensemble de tennis de table XQ Max, vous disposez du mat\u00e9riel id\u00e9al pour commencer des parties passionnantes sans attendre. Cet ensemble complet est parfait pour les loisirs et garantit des moments de plaisir imm\u00e9diats, que ce soit dans le jardin ou \u00e0 l&rsquo;int\u00e9rieur.<\/p>\n<\/div>\n<div><strong>Pr\u00eat pour un match \u2013 Ensemble de tennis de table pour 2 joueurs<\/strong><br \/>Cet ensemble pratique pour 2 joueurs contient tous les \u00e9l\u00e9ments n\u00e9cessaires pour jouer imm\u00e9diatement. C&rsquo;est la solution id\u00e9ale pour les familles et les amis qui souhaitent faire une partie improvis\u00e9e et il offre un excellent rapport qualit\u00e9-prix.<\/p>\n<\/div>\n<div><strong>Raquettes et balles de haute qualit\u00e9<\/strong><br \/>L&rsquo;ensemble de raquettes comprend deux raquettes robustes et trois balles. Ces raquettes sont sp\u00e9cialement con\u00e7ues pour les joueurs occasionnels et offrent un bon \u00e9quilibre entre contr\u00f4le et vitesse. Le manche en bois confortable assure une prise en main s\u00fbre et agr\u00e9able.<\/p>\n<\/div>\n<div><strong>D\u00e9tails du produit \u2013 Raquettes et balles de tennis de table<\/strong><br \/>&#8211; Set de tennis de table<\/strong> pour deux joueurs<br \/>&#8211; 2 raquettes avec manches en bois<br \/>&#8211; 3 balles de tennis de table<br \/>&#8211; Mat\u00e9riaux des raquettes\u00a0: bois et caoutchouc<br \/>&#8211; \u00c9paisseur de la mousse\u00a0: 1\u00a0mm<br \/>&#8211; \u00c9paisseur du caoutchouc\u00a0: 1\u00a0mm<br \/>&#8211; \u00c9paisseur du bois\u00a0: 6\u00a0mm<\/p>\n<\/div>\n<div>Procurez-vous ce set de tennis de table<\/strong> d\u00e8s aujourd\u2019hui et vivez des moments inoubliables, riches en action et en d\u00e9fis sportifs.<\/p>\n","protected":false},"excerpt":{"rendered":"<p>XQ Max Tischtennis Set \u2013 2 robuste Schl\u00e4ger und 3 B\u00e4lle f\u00fcr sofortigen Spielspa\u00df. Perfekt f\u00fcr Freizeit und Hobby, drinnen und drau\u00dfen. Jetzt direkt loslegen!<\/p>\n","protected":false},"featured_media":157446,"comment_status":"open","ping_status":"closed","template":"","meta":[],"product_brand":[],"product_cat":[38363],"product_tag":[],"class_list":{"0":"post-259749","1":"product","2":"type-product","3":"status-publish","4":"has-post-thumbnail","6":"product_cat-tischtennis","7":"product_shipping_class-global_methods","9":"first","10":"instock","11":"taxable","12":"shipping-taxable","13":"purchasable","14":"product-type-simple"},"yoast_head":"<!-- This site is optimized with the Yoast SEO plugin v27.4 - https:\/\/yoast.com\/product\/yoast-seo-wordpress\/ -->\n<title>XQ Max Tischtennis Set - 2 Schl\u00e4ger, 3 B\u00e4lle<\/title>\n<meta name=\"description\" content=\"XQ Max Tischtennis-Set \u2013 Komplettset f\u00fcr den schnellen Spielspass Mit dem XQ Max Tischtennis-Set erwerben Sie die perfekte Ausr\u00fcstung, um sofort in spannende Du\" \/>\n<meta name=\"robots\" content=\"index, follow, max-snippet:-1, max-image-preview:large, max-video-preview:-1\" \/>\n<link rel=\"canonical\" href=\"https:\/\/schweizversand.ch\/fr\/produkt\/xq-max-tischtennis-set-2-schlaeger-3-baelle\/\" \/>\n<meta property=\"og:locale\" content=\"fr_FR\" \/>\n<meta property=\"og:type\" content=\"article\" \/>\n<meta property=\"og:title\" content=\"XQ Max Tischtennis Set - 2 Schl\u00e4ger, 3 B\u00e4lle\" \/>\n<meta property=\"og:description\" content=\"XQ Max Tischtennis-Set \u2013 Komplettset f\u00fcr den schnellen Spielspass Mit dem XQ Max Tischtennis-Set erwerben Sie die perfekte Ausr\u00fcstung, um sofort in spannende Du\" \/>\n<meta property=\"og:url\" content=\"https:\/\/schweizversand.ch\/fr\/produkt\/xq-max-tischtennis-set-2-schlaeger-3-baelle\/\" \/>\n<meta property=\"og:site_name\" content=\"Schweizer Shop f\u00fcr Sport, Spiel und Freizeit\" \/>\n<meta property=\"article:publisher\" content=\"https:\/\/www.facebook.com\/Schweizversand\" \/>\n<meta property=\"article:modified_time\" content=\"2026-04-20T00:02:55+00:00\" \/>\n<meta property=\"og:image\" content=\"https:\/\/schweizversand.ch\/wp-content\/uploads\/2026\/02\/5471890614.jpg\" \/>\n\t<meta property=\"og:image:width\" content=\"698\" \/>\n\t<meta property=\"og:image:height\" content=\"1024\" \/>\n\t<meta property=\"og:image:type\" content=\"image\/jpeg\" \/>\n<meta name=\"twitter:card\" content=\"summary_large_image\" \/>\n<meta name=\"twitter:label1\" content=\"Dur\u00e9e de lecture estim\u00e9e\" \/>\n\t<meta name=\"twitter:data1\" content=\"1 minute\" \/>\n<script type=\"application\/ld+json\" class=\"yoast-schema-graph\">{\"@context\":\"https:\\\/\\\/schema.org\",\"@graph\":[{\"@type\":\"WebPage\",\"@id\":\"https:\\\/\\\/schweizversand.ch\\\/fr\\\/produkt\\\/xq-max-tischtennis-set-2-schlaeger-3-baelle\\\/\",\"url\":\"https:\\\/\\\/schweizversand.ch\\\/fr\\\/produkt\\\/xq-max-tischtennis-set-2-schlaeger-3-baelle\\\/\",\"name\":\"XQ Max Tischtennis Set - 2 Schl\u00e4ger, 3 B\u00e4lle\",\"isPartOf\":{\"@id\":\"https:\\\/\\\/schweizversand.ch\\\/fr\\\/#website\"},\"primaryImageOfPage\":{\"@id\":\"https:\\\/\\\/schweizversand.ch\\\/fr\\\/produkt\\\/xq-max-tischtennis-set-2-schlaeger-3-baelle\\\/#primaryimage\"},\"image\":{\"@id\":\"https:\\\/\\\/schweizversand.ch\\\/fr\\\/produkt\\\/xq-max-tischtennis-set-2-schlaeger-3-baelle\\\/#primaryimage\"},\"thumbnailUrl\":\"https:\\\/\\\/schweizversand.ch\\\/wp-content\\\/uploads\\\/2026\\\/02\\\/5471890614.jpg\",\"datePublished\":\"2026-03-14T22:49:11+00:00\",\"dateModified\":\"2026-04-20T00:02:55+00:00\",\"description\":\"XQ Max Tischtennis-Set \u2013 Komplettset f\u00fcr den schnellen Spielspass Mit dem XQ Max Tischtennis-Set erwerben Sie die perfekte Ausr\u00fcstung, um sofort in spannende Du\",\"breadcrumb\":{\"@id\":\"https:\\\/\\\/schweizversand.ch\\\/fr\\\/produkt\\\/xq-max-tischtennis-set-2-schlaeger-3-baelle\\\/#breadcrumb\"},\"inLanguage\":\"fr-FR\",\"potentialAction\":[{\"@type\":\"ReadAction\",\"target\":[\"https:\\\/\\\/schweizversand.ch\\\/fr\\\/produkt\\\/xq-max-tischtennis-set-2-schlaeger-3-baelle\\\/\"]}]},{\"@type\":\"ImageObject\",\"inLanguage\":\"fr-FR\",\"@id\":\"https:\\\/\\\/schweizversand.ch\\\/fr\\\/produkt\\\/xq-max-tischtennis-set-2-schlaeger-3-baelle\\\/#primaryimage\",\"url\":\"https:\\\/\\\/schweizversand.ch\\\/wp-content\\\/uploads\\\/2026\\\/02\\\/5471890614.jpg\",\"contentUrl\":\"https:\\\/\\\/schweizversand.ch\\\/wp-content\\\/uploads\\\/2026\\\/02\\\/5471890614.jpg\",\"width\":698,\"height\":1024},{\"@type\":\"BreadcrumbList\",\"@id\":\"https:\\\/\\\/schweizversand.ch\\\/fr\\\/produkt\\\/xq-max-tischtennis-set-2-schlaeger-3-baelle\\\/#breadcrumb\",\"itemListElement\":[{\"@type\":\"ListItem\",\"position\":1,\"name\":\"Startseite\",\"item\":\"https:\\\/\\\/schweizversand.ch\\\/fr\\\/home\\\/\"},{\"@type\":\"ListItem\",\"position\":2,\"name\":\"Boutique\",\"item\":\"https:\\\/\\\/schweizversand.ch\\\/fr\\\/boutique\\\/\"},{\"@type\":\"ListItem\",\"position\":3,\"name\":\"Sports\",\"item\":\"https:\\\/\\\/schweizversand.ch\\\/fr\\\/produkt-kategorie\\\/sports\\\/\"},{\"@type\":\"ListItem\",\"position\":4,\"name\":\"sports de balle et fl\u00e9chettes\",\"item\":\"https:\\\/\\\/schweizversand.ch\\\/fr\\\/produkt-kategorie\\\/sports\\\/sports-de-balle-et-flechettes\\\/\"},{\"@type\":\"ListItem\",\"position\":5,\"name\":\"Tennis de table\",\"item\":\"https:\\\/\\\/schweizversand.ch\\\/fr\\\/produkt-kategorie\\\/tischtennis\\\/\"},{\"@type\":\"ListItem\",\"position\":6,\"name\":\"Ensemble de tennis de table XQ Max &#8211; 2 raquettes, 3 balles\"}]},{\"@type\":\"WebSite\",\"@id\":\"https:\\\/\\\/schweizversand.ch\\\/fr\\\/#website\",\"url\":\"https:\\\/\\\/schweizversand.ch\\\/fr\\\/\",\"name\":\"Schweizer Shop f\u00fcr Sport, Spiel und Freizeit\",\"description\":\"Gratisversand ab 50.- (netto), ab eigenem schweizer Lager, Lieferung innert 48h\",\"publisher\":{\"@id\":\"https:\\\/\\\/schweizversand.ch\\\/fr\\\/#organization\"},\"alternateName\":\"Schweizversand.ch\",\"potentialAction\":[{\"@type\":\"SearchAction\",\"target\":{\"@type\":\"EntryPoint\",\"urlTemplate\":\"https:\\\/\\\/schweizversand.ch\\\/fr\\\/?s={search_term_string}\"},\"query-input\":{\"@type\":\"PropertyValueSpecification\",\"valueRequired\":true,\"valueName\":\"search_term_string\"}}],\"inLanguage\":\"fr-FR\"},{\"@type\":\"Organization\",\"@id\":\"https:\\\/\\\/schweizversand.ch\\\/fr\\\/#organization\",\"name\":\"Schweizversand.ch\",\"url\":\"https:\\\/\\\/schweizversand.ch\\\/fr\\\/\",\"logo\":{\"@type\":\"ImageObject\",\"inLanguage\":\"fr-FR\",\"@id\":\"https:\\\/\\\/schweizversand.ch\\\/fr\\\/#\\\/schema\\\/logo\\\/image\\\/\",\"url\":\"https:\\\/\\\/schweizversand.ch\\\/wp-content\\\/uploads\\\/2026\\\/03\\\/Logo_Rund_Final-1.png\",\"contentUrl\":\"https:\\\/\\\/schweizversand.ch\\\/wp-content\\\/uploads\\\/2026\\\/03\\\/Logo_Rund_Final-1.png\",\"width\":404,\"height\":404,\"caption\":\"Schweizversand.ch\"},\"image\":{\"@id\":\"https:\\\/\\\/schweizversand.ch\\\/fr\\\/#\\\/schema\\\/logo\\\/image\\\/\"},\"sameAs\":[\"https:\\\/\\\/www.facebook.com\\\/Schweizversand\",\"https:\\\/\\\/www.instagram.com\\\/schweizversand.ch\\\/\"]}]}<\/script>\n<!-- \/ Yoast SEO plugin. -->","yoast_head_json":{"title":"XQ Max Tischtennis Set - 2 Schl\u00e4ger, 3 B\u00e4lle","description":"XQ Max Tischtennis-Set \u2013 Komplettset f\u00fcr den schnellen Spielspass Mit dem XQ Max Tischtennis-Set erwerben Sie die perfekte Ausr\u00fcstung, um sofort in spannende Du","robots":{"index":"index","follow":"follow","max-snippet":"max-snippet:-1","max-image-preview":"max-image-preview:large","max-video-preview":"max-video-preview:-1"},"canonical":"https:\/\/schweizversand.ch\/fr\/produkt\/xq-max-tischtennis-set-2-schlaeger-3-baelle\/","og_locale":"fr_FR","og_type":"article","og_title":"XQ Max Tischtennis Set - 2 Schl\u00e4ger, 3 B\u00e4lle","og_description":"XQ Max Tischtennis-Set \u2013 Komplettset f\u00fcr den schnellen Spielspass Mit dem XQ Max Tischtennis-Set erwerben Sie die perfekte Ausr\u00fcstung, um sofort in spannende Du","og_url":"https:\/\/schweizversand.ch\/fr\/produkt\/xq-max-tischtennis-set-2-schlaeger-3-baelle\/","og_site_name":"Schweizer Shop f\u00fcr Sport, Spiel und Freizeit","article_publisher":"https:\/\/www.facebook.com\/Schweizversand","article_modified_time":"2026-04-20T00:02:55+00:00","og_image":[{"width":698,"height":1024,"url":"https:\/\/schweizversand.ch\/wp-content\/uploads\/2026\/02\/5471890614.jpg","type":"image\/jpeg"}],"twitter_card":"summary_large_image","twitter_misc":{"Dur\u00e9e de lecture estim\u00e9e":"1 minute"},"schema":{"@context":"https:\/\/schema.org","@graph":[{"@type":"WebPage","@id":"https:\/\/schweizversand.ch\/fr\/produkt\/xq-max-tischtennis-set-2-schlaeger-3-baelle\/","url":"https:\/\/schweizversand.ch\/fr\/produkt\/xq-max-tischtennis-set-2-schlaeger-3-baelle\/","name":"XQ Max Tischtennis Set - 2 Schl\u00e4ger, 3 B\u00e4lle","isPartOf":{"@id":"https:\/\/schweizversand.ch\/fr\/#website"},"primaryImageOfPage":{"@id":"https:\/\/schweizversand.ch\/fr\/produkt\/xq-max-tischtennis-set-2-schlaeger-3-baelle\/#primaryimage"},"image":{"@id":"https:\/\/schweizversand.ch\/fr\/produkt\/xq-max-tischtennis-set-2-schlaeger-3-baelle\/#primaryimage"},"thumbnailUrl":"https:\/\/schweizversand.ch\/wp-content\/uploads\/2026\/02\/5471890614.jpg","datePublished":"2026-03-14T22:49:11+00:00","dateModified":"2026-04-20T00:02:55+00:00","description":"XQ Max Tischtennis-Set \u2013 Komplettset f\u00fcr den schnellen Spielspass Mit dem XQ Max Tischtennis-Set erwerben Sie die perfekte Ausr\u00fcstung, um sofort in spannende Du","breadcrumb":{"@id":"https:\/\/schweizversand.ch\/fr\/produkt\/xq-max-tischtennis-set-2-schlaeger-3-baelle\/#breadcrumb"},"inLanguage":"fr-FR","potentialAction":[{"@type":"ReadAction","target":["https:\/\/schweizversand.ch\/fr\/produkt\/xq-max-tischtennis-set-2-schlaeger-3-baelle\/"]}]},{"@type":"ImageObject","inLanguage":"fr-FR","@id":"https:\/\/schweizversand.ch\/fr\/produkt\/xq-max-tischtennis-set-2-schlaeger-3-baelle\/#primaryimage","url":"https:\/\/schweizversand.ch\/wp-content\/uploads\/2026\/02\/5471890614.jpg","contentUrl":"https:\/\/schweizversand.ch\/wp-content\/uploads\/2026\/02\/5471890614.jpg","width":698,"height":1024},{"@type":"BreadcrumbList","@id":"https:\/\/schweizversand.ch\/fr\/produkt\/xq-max-tischtennis-set-2-schlaeger-3-baelle\/#breadcrumb","itemListElement":[{"@type":"ListItem","position":1,"name":"Startseite","item":"https:\/\/schweizversand.ch\/fr\/home\/"},{"@type":"ListItem","position":2,"name":"Boutique","item":"https:\/\/schweizversand.ch\/fr\/boutique\/"},{"@type":"ListItem","position":3,"name":"Sports","item":"https:\/\/schweizversand.ch\/fr\/produkt-kategorie\/sports\/"},{"@type":"ListItem","position":4,"name":"sports de balle et fl\u00e9chettes","item":"https:\/\/schweizversand.ch\/fr\/produkt-kategorie\/sports\/sports-de-balle-et-flechettes\/"},{"@type":"ListItem","position":5,"name":"Tennis de table","item":"https:\/\/schweizversand.ch\/fr\/produkt-kategorie\/tischtennis\/"},{"@type":"ListItem","position":6,"name":"Ensemble de tennis de table XQ Max &#8211; 2 raquettes, 3 balles"}]},{"@type":"WebSite","@id":"https:\/\/schweizversand.ch\/fr\/#website","url":"https:\/\/schweizversand.ch\/fr\/","name":"Schweizer Shop f\u00fcr Sport, Spiel und Freizeit","description":"Gratisversand ab 50.- (netto), ab eigenem schweizer Lager, Lieferung innert 48h","publisher":{"@id":"https:\/\/schweizversand.ch\/fr\/#organization"},"alternateName":"Schweizversand.ch","potentialAction":[{"@type":"SearchAction","target":{"@type":"EntryPoint","urlTemplate":"https:\/\/schweizversand.ch\/fr\/?s={search_term_string}"},"query-input":{"@type":"PropertyValueSpecification","valueRequired":true,"valueName":"search_term_string"}}],"inLanguage":"fr-FR"},{"@type":"Organization","@id":"https:\/\/schweizversand.ch\/fr\/#organization","name":"Schweizversand.ch","url":"https:\/\/schweizversand.ch\/fr\/","logo":{"@type":"ImageObject","inLanguage":"fr-FR","@id":"https:\/\/schweizversand.ch\/fr\/#\/schema\/logo\/image\/","url":"https:\/\/schweizversand.ch\/wp-content\/uploads\/2026\/03\/Logo_Rund_Final-1.png","contentUrl":"https:\/\/schweizversand.ch\/wp-content\/uploads\/2026\/03\/Logo_Rund_Final-1.png","width":404,"height":404,"caption":"Schweizversand.ch"},"image":{"@id":"https:\/\/schweizversand.ch\/fr\/#\/schema\/logo\/image\/"},"sameAs":["https:\/\/www.facebook.com\/Schweizversand","https:\/\/www.instagram.com\/schweizversand.ch\/"]}]}},"jetpack_sharing_enabled":true,"_links":{"self":[{"href":"https:\/\/schweizversand.ch\/fr\/wp-json\/wp\/v2\/product\/259749","targetHints":{"allow":["GET"]}}],"collection":[{"href":"https:\/\/schweizversand.ch\/fr\/wp-json\/wp\/v2\/product"}],"about":[{"href":"https:\/\/schweizversand.ch\/fr\/wp-json\/wp\/v2\/types\/product"}],"replies":[{"embeddable":true,"href":"https:\/\/schweizversand.ch\/fr\/wp-json\/wp\/v2\/comments?post=259749"}],"wp:featuredmedia":[{"embeddable":true,"href":"https:\/\/schweizversand.ch\/fr\/wp-json\/wp\/v2\/media\/157446"}],"wp:attachment":[{"href":"https:\/\/schweizversand.ch\/fr\/wp-json\/wp\/v2\/media?parent=259749"}],"wp:term":[{"taxonomy":"product_brand","embeddable":true,"href":"https:\/\/schweizversand.ch\/fr\/wp-json\/wp\/v2\/product_brand?post=259749"},{"taxonomy":"product_cat","embeddable":true,"href":"https:\/\/schweizversand.ch\/fr\/wp-json\/wp\/v2\/product_cat?post=259749"},{"taxonomy":"product_tag","embeddable":true,"href":"https:\/\/schweizversand.ch\/fr\/wp-json\/wp\/v2\/product_tag?post=259749"}],"curies":[{"name":"wp","href":"https:\/\/api.w.org\/{rel}","templated":true}]}}