{"id":259750,"date":"2026-03-14T23:49:11","date_gmt":"2026-03-14T22:49:11","guid":{"rendered":"https:\/\/schweizversand.ch\/produkt\/xq-max-yoga-matte-eva\/"},"modified":"2026-05-05T15:32:51","modified_gmt":"2026-05-05T13:32:51","slug":"xq-max-yoga-matte-eva","status":"publish","type":"product","link":"https:\/\/schweizversand.ch\/fr\/produkt\/xq-max-yoga-matte-eva\/","title":{"rendered":"Tapis de yoga XQ Max EVA"},"content":{"rendered":"<p>Ce tapis de fitness est id\u00e9al comme tapis de sol ou de gym et convient \u00e0 une grande vari\u00e9t\u00e9 d&rsquo;exercices. Que ce soit pour le yoga, le Pilates ou les exercices pr\u00e9nataux, ce tapis rend vos s\u00e9ances au sol plus confortables et pr\u00e9serve vos articulations. Sa surface textur\u00e9e offre une bonne adh\u00e9rence et une grande durabilit\u00e9. Tr\u00e8s l\u00e9ger, il se fixe facilement gr\u00e2ce \u00e0 ses sangles. Facile \u00e0 ranger, il prend peu de place. Adapt\u00e9 au camping, il vous prot\u00e8ge de l&rsquo;humidit\u00e9, du froid et des terrains accident\u00e9s. Yoga, gymnastique et bien plus encore. Dimensions approximatives : 180 x 60 x 0,4 cm. Poids approximatif : 120 g. <br \/>Composition\u00a0: 80\u00a0% EVA \/ 15\u00a0% calcium \/ 5\u00a0% autres mat\u00e9riaux<\/br> <\/p>\n<p> Couleur al\u00e9atoire. Envoi selon les stocks disponibles.<\/br> <br \/>Prix par tapis<\/br><\/p>\n","protected":false},"excerpt":{"rendered":"<p>XQ Max Yoga Matte EVA bietet rutschfesten Halt, ist leicht, strapazierf\u00e4hig und ideal f\u00fcr Yoga, Pilates, Schwangerschaftsgymnastik sowie Camping und Outdoor-Eins\u00e4tze.<\/p>\n","protected":false},"featured_media":157463,"comment_status":"open","ping_status":"closed","template":"","meta":[],"product_brand":[],"product_cat":[38936],"product_tag":[],"class_list":{"0":"post-259750","1":"product","2":"type-product","3":"status-publish","4":"has-post-thumbnail","6":"product_cat-yoga-pilates","7":"product_shipping_class-global_methods","9":"first","10":"instock","11":"taxable","12":"shipping-taxable","13":"purchasable","14":"product-type-simple"},"yoast_head":"<!-- This site is optimized with the Yoast SEO plugin v27.5 - https:\/\/yoast.com\/product\/yoast-seo-wordpress\/ -->\n<title>XQ Max Yoga Matte EVA<\/title>\n<meta name=\"description\" content=\"Die Fitnessmatte ist ideal als Boden- oder Turnmatte und f\u00fcr die verschiedensten \u00dcbungen nutzbar.\u00a0 \u00a0 \u00a0 \u00a0 \u00a0 Ob Yoga, Pilates oder Schwangerschaftsgymnastik, mit\" \/>\n<meta name=\"robots\" content=\"index, follow, max-snippet:-1, max-image-preview:large, max-video-preview:-1\" \/>\n<link rel=\"canonical\" href=\"https:\/\/schweizversand.ch\/fr\/produkt\/xq-max-yoga-matte-eva\/\" \/>\n<meta property=\"og:locale\" content=\"fr_FR\" \/>\n<meta property=\"og:type\" content=\"article\" \/>\n<meta property=\"og:title\" content=\"XQ Max Yoga Matte EVA\" \/>\n<meta property=\"og:description\" content=\"Die Fitnessmatte ist ideal als Boden- oder Turnmatte und f\u00fcr die verschiedensten \u00dcbungen nutzbar.\u00a0 \u00a0 \u00a0 \u00a0 \u00a0 Ob Yoga, Pilates oder Schwangerschaftsgymnastik, mit\" \/>\n<meta property=\"og:url\" content=\"https:\/\/schweizversand.ch\/fr\/produkt\/xq-max-yoga-matte-eva\/\" \/>\n<meta property=\"og:site_name\" content=\"Schweizer Shop f\u00fcr Sport, Spiel und Freizeit\" \/>\n<meta property=\"article:publisher\" content=\"https:\/\/www.facebook.com\/Schweizversand\" \/>\n<meta property=\"article:modified_time\" content=\"2026-05-05T13:32:51+00:00\" \/>\n<meta property=\"og:image\" content=\"https:\/\/schweizversand.ch\/wp-content\/uploads\/2026\/02\/5471546227.jpg\" \/>\n\t<meta property=\"og:image:width\" content=\"1024\" \/>\n\t<meta property=\"og:image:height\" content=\"768\" \/>\n\t<meta property=\"og:image:type\" content=\"image\/jpeg\" \/>\n<meta name=\"twitter:card\" content=\"summary_large_image\" \/>\n<meta name=\"twitter:label1\" content=\"Dur\u00e9e de lecture estim\u00e9e\" \/>\n\t<meta name=\"twitter:data1\" content=\"1 minute\" \/>\n<script type=\"application\/ld+json\" class=\"yoast-schema-graph\">{\"@context\":\"https:\\\/\\\/schema.org\",\"@graph\":[{\"@type\":\"WebPage\",\"@id\":\"https:\\\/\\\/schweizversand.ch\\\/fr\\\/produkt\\\/xq-max-yoga-matte-eva\\\/\",\"url\":\"https:\\\/\\\/schweizversand.ch\\\/fr\\\/produkt\\\/xq-max-yoga-matte-eva\\\/\",\"name\":\"XQ Max Yoga Matte EVA\",\"isPartOf\":{\"@id\":\"https:\\\/\\\/schweizversand.ch\\\/fr\\\/#website\"},\"primaryImageOfPage\":{\"@id\":\"https:\\\/\\\/schweizversand.ch\\\/fr\\\/produkt\\\/xq-max-yoga-matte-eva\\\/#primaryimage\"},\"image\":{\"@id\":\"https:\\\/\\\/schweizversand.ch\\\/fr\\\/produkt\\\/xq-max-yoga-matte-eva\\\/#primaryimage\"},\"thumbnailUrl\":\"https:\\\/\\\/schweizversand.ch\\\/wp-content\\\/uploads\\\/2026\\\/02\\\/5471546227.jpg\",\"datePublished\":\"2026-03-14T22:49:11+00:00\",\"dateModified\":\"2026-05-05T13:32:51+00:00\",\"description\":\"Die Fitnessmatte ist ideal als Boden- oder Turnmatte und f\u00fcr die verschiedensten \u00dcbungen nutzbar.\u00a0 \u00a0 \u00a0 \u00a0 \u00a0 Ob Yoga, Pilates oder Schwangerschaftsgymnastik, mit\",\"breadcrumb\":{\"@id\":\"https:\\\/\\\/schweizversand.ch\\\/fr\\\/produkt\\\/xq-max-yoga-matte-eva\\\/#breadcrumb\"},\"inLanguage\":\"fr-FR\",\"potentialAction\":[{\"@type\":\"ReadAction\",\"target\":[\"https:\\\/\\\/schweizversand.ch\\\/fr\\\/produkt\\\/xq-max-yoga-matte-eva\\\/\"]}]},{\"@type\":\"ImageObject\",\"inLanguage\":\"fr-FR\",\"@id\":\"https:\\\/\\\/schweizversand.ch\\\/fr\\\/produkt\\\/xq-max-yoga-matte-eva\\\/#primaryimage\",\"url\":\"https:\\\/\\\/schweizversand.ch\\\/wp-content\\\/uploads\\\/2026\\\/02\\\/5471546227.jpg\",\"contentUrl\":\"https:\\\/\\\/schweizversand.ch\\\/wp-content\\\/uploads\\\/2026\\\/02\\\/5471546227.jpg\",\"width\":1024,\"height\":768},{\"@type\":\"BreadcrumbList\",\"@id\":\"https:\\\/\\\/schweizversand.ch\\\/fr\\\/produkt\\\/xq-max-yoga-matte-eva\\\/#breadcrumb\",\"itemListElement\":[{\"@type\":\"ListItem\",\"position\":1,\"name\":\"Startseite\",\"item\":\"https:\\\/\\\/schweizversand.ch\\\/fr\\\/home\\\/\"},{\"@type\":\"ListItem\",\"position\":2,\"name\":\"Boutique\",\"item\":\"https:\\\/\\\/schweizversand.ch\\\/fr\\\/boutique\\\/\"},{\"@type\":\"ListItem\",\"position\":3,\"name\":\"Sports\",\"item\":\"https:\\\/\\\/schweizversand.ch\\\/fr\\\/produkt-kategorie\\\/sports\\\/\"},{\"@type\":\"ListItem\",\"position\":4,\"name\":\"Fitness\",\"item\":\"https:\\\/\\\/schweizversand.ch\\\/fr\\\/produkt-kategorie\\\/sports\\\/fitness\\\/\"},{\"@type\":\"ListItem\",\"position\":5,\"name\":\"Yoga et Pilates\",\"item\":\"https:\\\/\\\/schweizversand.ch\\\/fr\\\/produkt-kategorie\\\/sports\\\/fitness\\\/yoga-pilates\\\/\"},{\"@type\":\"ListItem\",\"position\":6,\"name\":\"Tapis de yoga XQ Max EVA\"}]},{\"@type\":\"WebSite\",\"@id\":\"https:\\\/\\\/schweizversand.ch\\\/fr\\\/#website\",\"url\":\"https:\\\/\\\/schweizversand.ch\\\/fr\\\/\",\"name\":\"Schweizer Shop f\u00fcr Sport, Spiel und Freizeit\",\"description\":\"Gratisversand ab 50.- (netto), ab eigenem schweizer Lager, Lieferung innert 48h\",\"publisher\":{\"@id\":\"https:\\\/\\\/schweizversand.ch\\\/fr\\\/#organization\"},\"alternateName\":\"Schweizversand.ch\",\"potentialAction\":[{\"@type\":\"SearchAction\",\"target\":{\"@type\":\"EntryPoint\",\"urlTemplate\":\"https:\\\/\\\/schweizversand.ch\\\/fr\\\/?s={search_term_string}\"},\"query-input\":{\"@type\":\"PropertyValueSpecification\",\"valueRequired\":true,\"valueName\":\"search_term_string\"}}],\"inLanguage\":\"fr-FR\"},{\"@type\":\"Organization\",\"@id\":\"https:\\\/\\\/schweizversand.ch\\\/fr\\\/#organization\",\"name\":\"Schweizversand.ch\",\"url\":\"https:\\\/\\\/schweizversand.ch\\\/fr\\\/\",\"logo\":{\"@type\":\"ImageObject\",\"inLanguage\":\"fr-FR\",\"@id\":\"https:\\\/\\\/schweizversand.ch\\\/fr\\\/#\\\/schema\\\/logo\\\/image\\\/\",\"url\":\"https:\\\/\\\/schweizversand.ch\\\/wp-content\\\/uploads\\\/2026\\\/03\\\/Logo_Rund_Final-1.png\",\"contentUrl\":\"https:\\\/\\\/schweizversand.ch\\\/wp-content\\\/uploads\\\/2026\\\/03\\\/Logo_Rund_Final-1.png\",\"width\":404,\"height\":404,\"caption\":\"Schweizversand.ch\"},\"image\":{\"@id\":\"https:\\\/\\\/schweizversand.ch\\\/fr\\\/#\\\/schema\\\/logo\\\/image\\\/\"},\"sameAs\":[\"https:\\\/\\\/www.facebook.com\\\/Schweizversand\",\"https:\\\/\\\/www.instagram.com\\\/schweizversand.ch\\\/\"]}]}<\/script>\n<!-- \/ Yoast SEO plugin. -->","yoast_head_json":{"title":"XQ Max Yoga Matte EVA","description":"Die Fitnessmatte ist ideal als Boden- oder Turnmatte und f\u00fcr die verschiedensten \u00dcbungen nutzbar.\u00a0 \u00a0 \u00a0 \u00a0 \u00a0 Ob Yoga, Pilates oder Schwangerschaftsgymnastik, mit","robots":{"index":"index","follow":"follow","max-snippet":"max-snippet:-1","max-image-preview":"max-image-preview:large","max-video-preview":"max-video-preview:-1"},"canonical":"https:\/\/schweizversand.ch\/fr\/produkt\/xq-max-yoga-matte-eva\/","og_locale":"fr_FR","og_type":"article","og_title":"XQ Max Yoga Matte EVA","og_description":"Die Fitnessmatte ist ideal als Boden- oder Turnmatte und f\u00fcr die verschiedensten \u00dcbungen nutzbar.\u00a0 \u00a0 \u00a0 \u00a0 \u00a0 Ob Yoga, Pilates oder Schwangerschaftsgymnastik, mit","og_url":"https:\/\/schweizversand.ch\/fr\/produkt\/xq-max-yoga-matte-eva\/","og_site_name":"Schweizer Shop f\u00fcr Sport, Spiel und Freizeit","article_publisher":"https:\/\/www.facebook.com\/Schweizversand","article_modified_time":"2026-05-05T13:32:51+00:00","og_image":[{"width":1024,"height":768,"url":"https:\/\/schweizversand.ch\/wp-content\/uploads\/2026\/02\/5471546227.jpg","type":"image\/jpeg"}],"twitter_card":"summary_large_image","twitter_misc":{"Dur\u00e9e de lecture estim\u00e9e":"1 minute"},"schema":{"@context":"https:\/\/schema.org","@graph":[{"@type":"WebPage","@id":"https:\/\/schweizversand.ch\/fr\/produkt\/xq-max-yoga-matte-eva\/","url":"https:\/\/schweizversand.ch\/fr\/produkt\/xq-max-yoga-matte-eva\/","name":"XQ Max Yoga Matte EVA","isPartOf":{"@id":"https:\/\/schweizversand.ch\/fr\/#website"},"primaryImageOfPage":{"@id":"https:\/\/schweizversand.ch\/fr\/produkt\/xq-max-yoga-matte-eva\/#primaryimage"},"image":{"@id":"https:\/\/schweizversand.ch\/fr\/produkt\/xq-max-yoga-matte-eva\/#primaryimage"},"thumbnailUrl":"https:\/\/schweizversand.ch\/wp-content\/uploads\/2026\/02\/5471546227.jpg","datePublished":"2026-03-14T22:49:11+00:00","dateModified":"2026-05-05T13:32:51+00:00","description":"Die Fitnessmatte ist ideal als Boden- oder Turnmatte und f\u00fcr die verschiedensten \u00dcbungen nutzbar.\u00a0 \u00a0 \u00a0 \u00a0 \u00a0 Ob Yoga, Pilates oder Schwangerschaftsgymnastik, mit","breadcrumb":{"@id":"https:\/\/schweizversand.ch\/fr\/produkt\/xq-max-yoga-matte-eva\/#breadcrumb"},"inLanguage":"fr-FR","potentialAction":[{"@type":"ReadAction","target":["https:\/\/schweizversand.ch\/fr\/produkt\/xq-max-yoga-matte-eva\/"]}]},{"@type":"ImageObject","inLanguage":"fr-FR","@id":"https:\/\/schweizversand.ch\/fr\/produkt\/xq-max-yoga-matte-eva\/#primaryimage","url":"https:\/\/schweizversand.ch\/wp-content\/uploads\/2026\/02\/5471546227.jpg","contentUrl":"https:\/\/schweizversand.ch\/wp-content\/uploads\/2026\/02\/5471546227.jpg","width":1024,"height":768},{"@type":"BreadcrumbList","@id":"https:\/\/schweizversand.ch\/fr\/produkt\/xq-max-yoga-matte-eva\/#breadcrumb","itemListElement":[{"@type":"ListItem","position":1,"name":"Startseite","item":"https:\/\/schweizversand.ch\/fr\/home\/"},{"@type":"ListItem","position":2,"name":"Boutique","item":"https:\/\/schweizversand.ch\/fr\/boutique\/"},{"@type":"ListItem","position":3,"name":"Sports","item":"https:\/\/schweizversand.ch\/fr\/produkt-kategorie\/sports\/"},{"@type":"ListItem","position":4,"name":"Fitness","item":"https:\/\/schweizversand.ch\/fr\/produkt-kategorie\/sports\/fitness\/"},{"@type":"ListItem","position":5,"name":"Yoga et Pilates","item":"https:\/\/schweizversand.ch\/fr\/produkt-kategorie\/sports\/fitness\/yoga-pilates\/"},{"@type":"ListItem","position":6,"name":"Tapis de yoga XQ Max EVA"}]},{"@type":"WebSite","@id":"https:\/\/schweizversand.ch\/fr\/#website","url":"https:\/\/schweizversand.ch\/fr\/","name":"Schweizer Shop f\u00fcr Sport, Spiel und Freizeit","description":"Gratisversand ab 50.- (netto), ab eigenem schweizer Lager, Lieferung innert 48h","publisher":{"@id":"https:\/\/schweizversand.ch\/fr\/#organization"},"alternateName":"Schweizversand.ch","potentialAction":[{"@type":"SearchAction","target":{"@type":"EntryPoint","urlTemplate":"https:\/\/schweizversand.ch\/fr\/?s={search_term_string}"},"query-input":{"@type":"PropertyValueSpecification","valueRequired":true,"valueName":"search_term_string"}}],"inLanguage":"fr-FR"},{"@type":"Organization","@id":"https:\/\/schweizversand.ch\/fr\/#organization","name":"Schweizversand.ch","url":"https:\/\/schweizversand.ch\/fr\/","logo":{"@type":"ImageObject","inLanguage":"fr-FR","@id":"https:\/\/schweizversand.ch\/fr\/#\/schema\/logo\/image\/","url":"https:\/\/schweizversand.ch\/wp-content\/uploads\/2026\/03\/Logo_Rund_Final-1.png","contentUrl":"https:\/\/schweizversand.ch\/wp-content\/uploads\/2026\/03\/Logo_Rund_Final-1.png","width":404,"height":404,"caption":"Schweizversand.ch"},"image":{"@id":"https:\/\/schweizversand.ch\/fr\/#\/schema\/logo\/image\/"},"sameAs":["https:\/\/www.facebook.com\/Schweizversand","https:\/\/www.instagram.com\/schweizversand.ch\/"]}]}},"jetpack_sharing_enabled":true,"_links":{"self":[{"href":"https:\/\/schweizversand.ch\/fr\/wp-json\/wp\/v2\/product\/259750","targetHints":{"allow":["GET"]}}],"collection":[{"href":"https:\/\/schweizversand.ch\/fr\/wp-json\/wp\/v2\/product"}],"about":[{"href":"https:\/\/schweizversand.ch\/fr\/wp-json\/wp\/v2\/types\/product"}],"replies":[{"embeddable":true,"href":"https:\/\/schweizversand.ch\/fr\/wp-json\/wp\/v2\/comments?post=259750"}],"wp:featuredmedia":[{"embeddable":true,"href":"https:\/\/schweizversand.ch\/fr\/wp-json\/wp\/v2\/media\/157463"}],"wp:attachment":[{"href":"https:\/\/schweizversand.ch\/fr\/wp-json\/wp\/v2\/media?parent=259750"}],"wp:term":[{"taxonomy":"product_brand","embeddable":true,"href":"https:\/\/schweizversand.ch\/fr\/wp-json\/wp\/v2\/product_brand?post=259750"},{"taxonomy":"product_cat","embeddable":true,"href":"https:\/\/schweizversand.ch\/fr\/wp-json\/wp\/v2\/product_cat?post=259750"},{"taxonomy":"product_tag","embeddable":true,"href":"https:\/\/schweizversand.ch\/fr\/wp-json\/wp\/v2\/product_tag?post=259750"}],"curies":[{"name":"wp","href":"https:\/\/api.w.org\/{rel}","templated":true}]}}