{"id":259751,"date":"2026-03-14T23:49:11","date_gmt":"2026-03-14T22:49:11","guid":{"rendered":"https:\/\/schweizversand.ch\/produkt\/xq-max-fitnessmatte-2\/"},"modified":"2026-04-19T02:03:07","modified_gmt":"2026-04-19T00:03:07","slug":"xq-max-fitnessmatte-2","status":"publish","type":"product","link":"https:\/\/schweizversand.ch\/fr\/produkt\/xq-max-fitnessmatte-2\/","title":{"rendered":"Tapis de fitness XQ Max"},"content":{"rendered":"<h1><strong>Tapis de fitness premium 10 mm \u2013 Antid\u00e9rapant et confortable<\/strong><\/h1>\n<div>Optimisez vos entra\u00eenements avec ce tapis de fitness de haute qualit\u00e9, sp\u00e9cialement con\u00e7u pour un maximum de performance et de confort. Ce tapis \u00e9pais et r\u00e9sistant offre une surface stable et antid\u00e9rapante pour tous vos exercices. Id\u00e9al comme tapis de yoga ou de Pilates, il vous permettra de passer \u00e0 la vitesse sup\u00e9rieure.<\/p>\n<\/div>\n<div><strong>Confort et stabilit\u00e9 sup\u00e9rieurs<\/strong><br \/>Ce tapis de fitness \u00e9pais vous offre la s\u00e9curit\u00e9 et le confort n\u00e9cessaires \u00e0 une bonne posture et \u00e0 la protection de vos articulations. Avec ses 10 mm d&rsquo;\u00e9paisseur, il prot\u00e8ge efficacement des sols durs et offre un amorti confortable lors des entra\u00eenements intensifs. Il convient \u00e0 tous, des d\u00e9butants aux pratiquants confirm\u00e9s de yoga et de Pilates, qui privil\u00e9gient la qualit\u00e9. Mat\u00e9riaux de haute qualit\u00e9 et hygi\u00e8ne : Fabriqu\u00e9 en EVA robuste, ce tapis de fitness garantit durabilit\u00e9 et haute r\u00e9sistance \u00e0 la traction. La conception en mousse double face est non seulement \u00e9cologique, mais aussi antibact\u00e9rienne et antistatique. Gr\u00e2ce \u00e0 ses propri\u00e9t\u00e9s imperm\u00e9ables \u00e0 l&rsquo;eau et \u00e0 la poussi\u00e8re, le tapis est extr\u00eamement facile \u00e0 nettoyer et \u00e0 entretenir, garantissant une hygi\u00e8ne optimale lors de vos entra\u00eenements quotidiens. Caract\u00e9ristiques et avantages du produit\u00a0: &#8211; L\u00e9ger et durable pour un transport facile et une longue dur\u00e9e de vie &#8211; Tapis d&rsquo;entra\u00eenement antid\u00e9rapant offrant une excellente adh\u00e9rence sur toutes les surfaces &#8211; Mousse double face, conception anti-poussi\u00e8re, \u00e9cologique et antibact\u00e9rienne &#8211; Offre un soutien suppl\u00e9mentaire pour les exercices au sol et soulage la pression sur la colonne vert\u00e9brale &#8211; Imperm\u00e9able \u00e0 l&rsquo;eau et \u00e0 la poussi\u00e8re, tr\u00e8s facile \u00e0 nettoyer. D\u00e9tails techniques et contenu de la livraison\u00a0: &#8211; Mat\u00e9riau\u00a0: EVA (\u00e9thyl\u00e8ne-ac\u00e9tate de vinyle) &#8211; \u00c9paisseur\u00a0: 10\u00a0mm &#8211; Comprend une sangle de transport \u00e9lastique pour un transport et un rangement pratiques. Investissez dans votre sant\u00e9 et votre entra\u00eenement. Avec ce tapis de fitness haut de gamme, vous b\u00e9n\u00e9ficierez d&rsquo;une base fiable pour tous vos exercices. Commandez d\u00e8s maintenant et d\u00e9couvrez la diff\u00e9rence en termes de confort et de stabilit\u00e9.<\/p>\n","protected":false},"excerpt":{"rendered":"<p>XQ Max Fitnessmatte bietet 10 mm Komfort und rutschfeste Stabilit\u00e4t f\u00fcr sicheres Training. Perfekt f\u00fcr Yoga, Pilates und intensive Workouts \u2013 langlebig und gelenkschonend.<\/p>\n","protected":false},"featured_media":157468,"comment_status":"open","ping_status":"closed","template":"","meta":[],"product_brand":[],"product_cat":[38621],"product_tag":[],"class_list":{"0":"post-259751","1":"product","2":"type-product","3":"status-publish","4":"has-post-thumbnail","6":"product_cat-fitnesskleingeraete-zubehoer","7":"product_shipping_class-global_methods","9":"first","10":"instock","11":"taxable","12":"shipping-taxable","13":"purchasable","14":"product-type-simple"},"yoast_head":"<!-- This site is optimized with the Yoast SEO plugin v27.4 - https:\/\/yoast.com\/product\/yoast-seo-wordpress\/ -->\n<title>XQ Max Fitnessmatte<\/title>\n<meta name=\"description\" content=\"Premium Fitnessmatte 10 mm \u2013 Rutschfest und Komfortabel Steigern Sie die Effektivit\u00e4t Ihres Trainings mit dieser hochwertigen Fitnessmatte , die speziell f\u00fcr ma\" \/>\n<meta name=\"robots\" content=\"index, follow, max-snippet:-1, max-image-preview:large, max-video-preview:-1\" \/>\n<link rel=\"canonical\" href=\"https:\/\/schweizversand.ch\/fr\/produkt\/xq-max-fitnessmatte-2\/\" \/>\n<meta property=\"og:locale\" content=\"fr_FR\" \/>\n<meta property=\"og:type\" content=\"article\" \/>\n<meta property=\"og:title\" content=\"XQ Max Fitnessmatte\" \/>\n<meta property=\"og:description\" content=\"Premium Fitnessmatte 10 mm \u2013 Rutschfest und Komfortabel Steigern Sie die Effektivit\u00e4t Ihres Trainings mit dieser hochwertigen Fitnessmatte , die speziell f\u00fcr ma\" \/>\n<meta property=\"og:url\" content=\"https:\/\/schweizversand.ch\/fr\/produkt\/xq-max-fitnessmatte-2\/\" \/>\n<meta property=\"og:site_name\" content=\"Schweizer Shop f\u00fcr Sport, Spiel und Freizeit\" \/>\n<meta property=\"article:publisher\" content=\"https:\/\/www.facebook.com\/Schweizversand\" \/>\n<meta property=\"article:modified_time\" content=\"2026-04-19T00:03:07+00:00\" \/>\n<meta property=\"og:image\" content=\"https:\/\/schweizversand.ch\/wp-content\/uploads\/2026\/02\/5471545393.jpg\" \/>\n\t<meta property=\"og:image:width\" content=\"886\" \/>\n\t<meta property=\"og:image:height\" content=\"1024\" \/>\n\t<meta property=\"og:image:type\" content=\"image\/jpeg\" \/>\n<meta name=\"twitter:card\" content=\"summary_large_image\" \/>\n<meta name=\"twitter:label1\" content=\"Dur\u00e9e de lecture estim\u00e9e\" \/>\n\t<meta name=\"twitter:data1\" content=\"2 minutes\" \/>\n<script type=\"application\/ld+json\" class=\"yoast-schema-graph\">{\"@context\":\"https:\\\/\\\/schema.org\",\"@graph\":[{\"@type\":\"WebPage\",\"@id\":\"https:\\\/\\\/schweizversand.ch\\\/fr\\\/produkt\\\/xq-max-fitnessmatte-2\\\/\",\"url\":\"https:\\\/\\\/schweizversand.ch\\\/fr\\\/produkt\\\/xq-max-fitnessmatte-2\\\/\",\"name\":\"XQ Max Fitnessmatte\",\"isPartOf\":{\"@id\":\"https:\\\/\\\/schweizversand.ch\\\/fr\\\/#website\"},\"primaryImageOfPage\":{\"@id\":\"https:\\\/\\\/schweizversand.ch\\\/fr\\\/produkt\\\/xq-max-fitnessmatte-2\\\/#primaryimage\"},\"image\":{\"@id\":\"https:\\\/\\\/schweizversand.ch\\\/fr\\\/produkt\\\/xq-max-fitnessmatte-2\\\/#primaryimage\"},\"thumbnailUrl\":\"https:\\\/\\\/schweizversand.ch\\\/wp-content\\\/uploads\\\/2026\\\/02\\\/5471545393.jpg\",\"datePublished\":\"2026-03-14T22:49:11+00:00\",\"dateModified\":\"2026-04-19T00:03:07+00:00\",\"description\":\"Premium Fitnessmatte 10 mm \u2013 Rutschfest und Komfortabel Steigern Sie die Effektivit\u00e4t Ihres Trainings mit dieser hochwertigen Fitnessmatte , die speziell f\u00fcr ma\",\"breadcrumb\":{\"@id\":\"https:\\\/\\\/schweizversand.ch\\\/fr\\\/produkt\\\/xq-max-fitnessmatte-2\\\/#breadcrumb\"},\"inLanguage\":\"fr-FR\",\"potentialAction\":[{\"@type\":\"ReadAction\",\"target\":[\"https:\\\/\\\/schweizversand.ch\\\/fr\\\/produkt\\\/xq-max-fitnessmatte-2\\\/\"]}]},{\"@type\":\"ImageObject\",\"inLanguage\":\"fr-FR\",\"@id\":\"https:\\\/\\\/schweizversand.ch\\\/fr\\\/produkt\\\/xq-max-fitnessmatte-2\\\/#primaryimage\",\"url\":\"https:\\\/\\\/schweizversand.ch\\\/wp-content\\\/uploads\\\/2026\\\/02\\\/5471545393.jpg\",\"contentUrl\":\"https:\\\/\\\/schweizversand.ch\\\/wp-content\\\/uploads\\\/2026\\\/02\\\/5471545393.jpg\",\"width\":886,\"height\":1024},{\"@type\":\"BreadcrumbList\",\"@id\":\"https:\\\/\\\/schweizversand.ch\\\/fr\\\/produkt\\\/xq-max-fitnessmatte-2\\\/#breadcrumb\",\"itemListElement\":[{\"@type\":\"ListItem\",\"position\":1,\"name\":\"Startseite\",\"item\":\"https:\\\/\\\/schweizversand.ch\\\/fr\\\/home\\\/\"},{\"@type\":\"ListItem\",\"position\":2,\"name\":\"Boutique\",\"item\":\"https:\\\/\\\/schweizversand.ch\\\/fr\\\/boutique\\\/\"},{\"@type\":\"ListItem\",\"position\":3,\"name\":\"Sports\",\"item\":\"https:\\\/\\\/schweizversand.ch\\\/fr\\\/produkt-kategorie\\\/sports\\\/\"},{\"@type\":\"ListItem\",\"position\":4,\"name\":\"Fitness\",\"item\":\"https:\\\/\\\/schweizversand.ch\\\/fr\\\/produkt-kategorie\\\/sports\\\/fitness\\\/\"},{\"@type\":\"ListItem\",\"position\":5,\"name\":\"\u00c9quipement et accessoires de fitness\",\"item\":\"https:\\\/\\\/schweizversand.ch\\\/fr\\\/produkt-kategorie\\\/sports\\\/fitness\\\/fitnesskleingeraete-zubehoer\\\/\"},{\"@type\":\"ListItem\",\"position\":6,\"name\":\"Tapis de fitness XQ Max\"}]},{\"@type\":\"WebSite\",\"@id\":\"https:\\\/\\\/schweizversand.ch\\\/fr\\\/#website\",\"url\":\"https:\\\/\\\/schweizversand.ch\\\/fr\\\/\",\"name\":\"Schweizer Shop f\u00fcr Sport, Spiel und Freizeit\",\"description\":\"Gratisversand ab 50.- (netto), ab eigenem schweizer Lager, Lieferung innert 48h\",\"publisher\":{\"@id\":\"https:\\\/\\\/schweizversand.ch\\\/fr\\\/#organization\"},\"alternateName\":\"Schweizversand.ch\",\"potentialAction\":[{\"@type\":\"SearchAction\",\"target\":{\"@type\":\"EntryPoint\",\"urlTemplate\":\"https:\\\/\\\/schweizversand.ch\\\/fr\\\/?s={search_term_string}\"},\"query-input\":{\"@type\":\"PropertyValueSpecification\",\"valueRequired\":true,\"valueName\":\"search_term_string\"}}],\"inLanguage\":\"fr-FR\"},{\"@type\":\"Organization\",\"@id\":\"https:\\\/\\\/schweizversand.ch\\\/fr\\\/#organization\",\"name\":\"Schweizversand.ch\",\"url\":\"https:\\\/\\\/schweizversand.ch\\\/fr\\\/\",\"logo\":{\"@type\":\"ImageObject\",\"inLanguage\":\"fr-FR\",\"@id\":\"https:\\\/\\\/schweizversand.ch\\\/fr\\\/#\\\/schema\\\/logo\\\/image\\\/\",\"url\":\"https:\\\/\\\/schweizversand.ch\\\/wp-content\\\/uploads\\\/2026\\\/03\\\/Logo_Rund_Final-1.png\",\"contentUrl\":\"https:\\\/\\\/schweizversand.ch\\\/wp-content\\\/uploads\\\/2026\\\/03\\\/Logo_Rund_Final-1.png\",\"width\":404,\"height\":404,\"caption\":\"Schweizversand.ch\"},\"image\":{\"@id\":\"https:\\\/\\\/schweizversand.ch\\\/fr\\\/#\\\/schema\\\/logo\\\/image\\\/\"},\"sameAs\":[\"https:\\\/\\\/www.facebook.com\\\/Schweizversand\",\"https:\\\/\\\/www.instagram.com\\\/schweizversand.ch\\\/\"]}]}<\/script>\n<!-- \/ Yoast SEO plugin. -->","yoast_head_json":{"title":"XQ Max Fitnessmatte","description":"Premium Fitnessmatte 10 mm \u2013 Rutschfest und Komfortabel Steigern Sie die Effektivit\u00e4t Ihres Trainings mit dieser hochwertigen Fitnessmatte , die speziell f\u00fcr ma","robots":{"index":"index","follow":"follow","max-snippet":"max-snippet:-1","max-image-preview":"max-image-preview:large","max-video-preview":"max-video-preview:-1"},"canonical":"https:\/\/schweizversand.ch\/fr\/produkt\/xq-max-fitnessmatte-2\/","og_locale":"fr_FR","og_type":"article","og_title":"XQ Max Fitnessmatte","og_description":"Premium Fitnessmatte 10 mm \u2013 Rutschfest und Komfortabel Steigern Sie die Effektivit\u00e4t Ihres Trainings mit dieser hochwertigen Fitnessmatte , die speziell f\u00fcr ma","og_url":"https:\/\/schweizversand.ch\/fr\/produkt\/xq-max-fitnessmatte-2\/","og_site_name":"Schweizer Shop f\u00fcr Sport, Spiel und Freizeit","article_publisher":"https:\/\/www.facebook.com\/Schweizversand","article_modified_time":"2026-04-19T00:03:07+00:00","og_image":[{"width":886,"height":1024,"url":"https:\/\/schweizversand.ch\/wp-content\/uploads\/2026\/02\/5471545393.jpg","type":"image\/jpeg"}],"twitter_card":"summary_large_image","twitter_misc":{"Dur\u00e9e de lecture estim\u00e9e":"2 minutes"},"schema":{"@context":"https:\/\/schema.org","@graph":[{"@type":"WebPage","@id":"https:\/\/schweizversand.ch\/fr\/produkt\/xq-max-fitnessmatte-2\/","url":"https:\/\/schweizversand.ch\/fr\/produkt\/xq-max-fitnessmatte-2\/","name":"XQ Max Fitnessmatte","isPartOf":{"@id":"https:\/\/schweizversand.ch\/fr\/#website"},"primaryImageOfPage":{"@id":"https:\/\/schweizversand.ch\/fr\/produkt\/xq-max-fitnessmatte-2\/#primaryimage"},"image":{"@id":"https:\/\/schweizversand.ch\/fr\/produkt\/xq-max-fitnessmatte-2\/#primaryimage"},"thumbnailUrl":"https:\/\/schweizversand.ch\/wp-content\/uploads\/2026\/02\/5471545393.jpg","datePublished":"2026-03-14T22:49:11+00:00","dateModified":"2026-04-19T00:03:07+00:00","description":"Premium Fitnessmatte 10 mm \u2013 Rutschfest und Komfortabel Steigern Sie die Effektivit\u00e4t Ihres Trainings mit dieser hochwertigen Fitnessmatte , die speziell f\u00fcr ma","breadcrumb":{"@id":"https:\/\/schweizversand.ch\/fr\/produkt\/xq-max-fitnessmatte-2\/#breadcrumb"},"inLanguage":"fr-FR","potentialAction":[{"@type":"ReadAction","target":["https:\/\/schweizversand.ch\/fr\/produkt\/xq-max-fitnessmatte-2\/"]}]},{"@type":"ImageObject","inLanguage":"fr-FR","@id":"https:\/\/schweizversand.ch\/fr\/produkt\/xq-max-fitnessmatte-2\/#primaryimage","url":"https:\/\/schweizversand.ch\/wp-content\/uploads\/2026\/02\/5471545393.jpg","contentUrl":"https:\/\/schweizversand.ch\/wp-content\/uploads\/2026\/02\/5471545393.jpg","width":886,"height":1024},{"@type":"BreadcrumbList","@id":"https:\/\/schweizversand.ch\/fr\/produkt\/xq-max-fitnessmatte-2\/#breadcrumb","itemListElement":[{"@type":"ListItem","position":1,"name":"Startseite","item":"https:\/\/schweizversand.ch\/fr\/home\/"},{"@type":"ListItem","position":2,"name":"Boutique","item":"https:\/\/schweizversand.ch\/fr\/boutique\/"},{"@type":"ListItem","position":3,"name":"Sports","item":"https:\/\/schweizversand.ch\/fr\/produkt-kategorie\/sports\/"},{"@type":"ListItem","position":4,"name":"Fitness","item":"https:\/\/schweizversand.ch\/fr\/produkt-kategorie\/sports\/fitness\/"},{"@type":"ListItem","position":5,"name":"\u00c9quipement et accessoires de fitness","item":"https:\/\/schweizversand.ch\/fr\/produkt-kategorie\/sports\/fitness\/fitnesskleingeraete-zubehoer\/"},{"@type":"ListItem","position":6,"name":"Tapis de fitness XQ Max"}]},{"@type":"WebSite","@id":"https:\/\/schweizversand.ch\/fr\/#website","url":"https:\/\/schweizversand.ch\/fr\/","name":"Schweizer Shop f\u00fcr Sport, Spiel und Freizeit","description":"Gratisversand ab 50.- (netto), ab eigenem schweizer Lager, Lieferung innert 48h","publisher":{"@id":"https:\/\/schweizversand.ch\/fr\/#organization"},"alternateName":"Schweizversand.ch","potentialAction":[{"@type":"SearchAction","target":{"@type":"EntryPoint","urlTemplate":"https:\/\/schweizversand.ch\/fr\/?s={search_term_string}"},"query-input":{"@type":"PropertyValueSpecification","valueRequired":true,"valueName":"search_term_string"}}],"inLanguage":"fr-FR"},{"@type":"Organization","@id":"https:\/\/schweizversand.ch\/fr\/#organization","name":"Schweizversand.ch","url":"https:\/\/schweizversand.ch\/fr\/","logo":{"@type":"ImageObject","inLanguage":"fr-FR","@id":"https:\/\/schweizversand.ch\/fr\/#\/schema\/logo\/image\/","url":"https:\/\/schweizversand.ch\/wp-content\/uploads\/2026\/03\/Logo_Rund_Final-1.png","contentUrl":"https:\/\/schweizversand.ch\/wp-content\/uploads\/2026\/03\/Logo_Rund_Final-1.png","width":404,"height":404,"caption":"Schweizversand.ch"},"image":{"@id":"https:\/\/schweizversand.ch\/fr\/#\/schema\/logo\/image\/"},"sameAs":["https:\/\/www.facebook.com\/Schweizversand","https:\/\/www.instagram.com\/schweizversand.ch\/"]}]}},"jetpack_sharing_enabled":true,"_links":{"self":[{"href":"https:\/\/schweizversand.ch\/fr\/wp-json\/wp\/v2\/product\/259751","targetHints":{"allow":["GET"]}}],"collection":[{"href":"https:\/\/schweizversand.ch\/fr\/wp-json\/wp\/v2\/product"}],"about":[{"href":"https:\/\/schweizversand.ch\/fr\/wp-json\/wp\/v2\/types\/product"}],"replies":[{"embeddable":true,"href":"https:\/\/schweizversand.ch\/fr\/wp-json\/wp\/v2\/comments?post=259751"}],"wp:featuredmedia":[{"embeddable":true,"href":"https:\/\/schweizversand.ch\/fr\/wp-json\/wp\/v2\/media\/157468"}],"wp:attachment":[{"href":"https:\/\/schweizversand.ch\/fr\/wp-json\/wp\/v2\/media?parent=259751"}],"wp:term":[{"taxonomy":"product_brand","embeddable":true,"href":"https:\/\/schweizversand.ch\/fr\/wp-json\/wp\/v2\/product_brand?post=259751"},{"taxonomy":"product_cat","embeddable":true,"href":"https:\/\/schweizversand.ch\/fr\/wp-json\/wp\/v2\/product_cat?post=259751"},{"taxonomy":"product_tag","embeddable":true,"href":"https:\/\/schweizversand.ch\/fr\/wp-json\/wp\/v2\/product_tag?post=259751"}],"curies":[{"name":"wp","href":"https:\/\/api.w.org\/{rel}","templated":true}]}}