{"id":259752,"date":"2026-03-14T23:49:12","date_gmt":"2026-03-14T22:49:12","guid":{"rendered":"https:\/\/schweizversand.ch\/produkt\/xq-max-handgelenkbandage\/"},"modified":"2026-04-19T02:03:07","modified_gmt":"2026-04-19T00:03:07","slug":"xq-max-handgelenkbandage","status":"publish","type":"product","link":"https:\/\/schweizversand.ch\/fr\/produkt\/xq-max-handgelenkbandage\/","title":{"rendered":"Bandage de poignet XQ Max"},"content":{"rendered":"<p>Que vous soyez halt\u00e9rophile confirm\u00e9, amateur de sports de balle ou en r\u00e9\u00e9ducation, l&rsquo;attelle de poignet XQMax est votre alli\u00e9e fiable, vous offrant un soutien optimal lors de toutes vos activit\u00e9s. Elle assure le maintien et la protection n\u00e9cessaires tout en restant confortable \u00e0 porter.<\/p>\n<p>Cette bande \u00e9lastique, fabriqu\u00e9e dans un mat\u00e9riau r\u00e9sistant, procure un maintien ferme, une chaleur apaisante et un confort optimal. Elle soutient les muscles faibles et douloureux sans entraver les mouvements et peut \u00eatre port\u00e9e au poignet gauche comme au poignet droit.<\/p>\n<p>Caract\u00e9ristiques\u00a0:<\/p>\n<p>Genre\u00a0: Unisexe<\/p>\n<p>Taille\u00a0: Unique<\/p>\n<p>Couleur\u00a0: Bleu<\/p>\n<p>Longueur\u00a0: 13\u00a0cm<\/p>\n<p>Contenu de l&#8217;emballage\u00a0: 1\u00a0pi\u00e8ce<\/p>\n<p>Peut \u00eatre port\u00e9e au poignet gauche ou droit.<\/p>\n<p>Composition\u00a0: 70\u00a0% coton \/ 20\u00a0% \u00e9lasthanne \/ 10\u00a0% polypropyl\u00e8ne<\/p>\n","protected":false},"excerpt":{"rendered":"<p>XQ Max Handgelenkbandage bietet festen Halt, wohltuende W\u00e4rme und optimalen Komfort f\u00fcr Sport, Alltag und Rehabilitation \u2013 flexibel links oder rechts tragbar.<\/p>\n","protected":false},"featured_media":157485,"comment_status":"open","ping_status":"closed","template":"","meta":[],"product_brand":[],"product_cat":[38620],"product_tag":[],"class_list":{"0":"post-259752","1":"product","2":"type-product","3":"status-publish","4":"has-post-thumbnail","6":"product_cat-stuetzen-bandagen","7":"product_shipping_class-global_methods","9":"first","10":"instock","11":"taxable","12":"shipping-taxable","13":"purchasable","14":"product-type-simple"},"yoast_head":"<!-- This site is optimized with the Yoast SEO plugin v27.4 - https:\/\/yoast.com\/product\/yoast-seo-wordpress\/ -->\n<title>XQ Max Handgelenkbandage<\/title>\n<meta name=\"description\" content=\"Egal, ob Sie ein erfahrener Gewichtheber sind, Ballsportarten lieben oder sich in der Rehabilitation befinden, die XQMax Handgelenkbandage ist Ihr zuverl\u00e4ssiger\" \/>\n<meta name=\"robots\" content=\"index, follow, max-snippet:-1, max-image-preview:large, max-video-preview:-1\" \/>\n<link rel=\"canonical\" href=\"https:\/\/schweizversand.ch\/fr\/produkt\/xq-max-handgelenkbandage\/\" \/>\n<meta property=\"og:locale\" content=\"fr_FR\" \/>\n<meta property=\"og:type\" content=\"article\" \/>\n<meta property=\"og:title\" content=\"XQ Max Handgelenkbandage\" \/>\n<meta property=\"og:description\" content=\"Egal, ob Sie ein erfahrener Gewichtheber sind, Ballsportarten lieben oder sich in der Rehabilitation befinden, die XQMax Handgelenkbandage ist Ihr zuverl\u00e4ssiger\" \/>\n<meta property=\"og:url\" content=\"https:\/\/schweizversand.ch\/fr\/produkt\/xq-max-handgelenkbandage\/\" \/>\n<meta property=\"og:site_name\" content=\"Schweizer Shop f\u00fcr Sport, Spiel und Freizeit\" \/>\n<meta property=\"article:publisher\" content=\"https:\/\/www.facebook.com\/Schweizversand\" \/>\n<meta property=\"article:modified_time\" content=\"2026-04-19T00:03:07+00:00\" \/>\n<meta property=\"og:image\" content=\"https:\/\/schweizversand.ch\/wp-content\/uploads\/2026\/02\/5471578865.png\" \/>\n\t<meta property=\"og:image:width\" content=\"1024\" \/>\n\t<meta property=\"og:image:height\" content=\"1024\" \/>\n\t<meta property=\"og:image:type\" content=\"image\/png\" \/>\n<meta name=\"twitter:card\" content=\"summary_large_image\" \/>\n<meta name=\"twitter:label1\" content=\"Dur\u00e9e de lecture estim\u00e9e\" \/>\n\t<meta name=\"twitter:data1\" content=\"1 minute\" \/>\n<script type=\"application\/ld+json\" class=\"yoast-schema-graph\">{\"@context\":\"https:\\\/\\\/schema.org\",\"@graph\":[{\"@type\":\"WebPage\",\"@id\":\"https:\\\/\\\/schweizversand.ch\\\/fr\\\/produkt\\\/xq-max-handgelenkbandage\\\/\",\"url\":\"https:\\\/\\\/schweizversand.ch\\\/fr\\\/produkt\\\/xq-max-handgelenkbandage\\\/\",\"name\":\"XQ Max Handgelenkbandage\",\"isPartOf\":{\"@id\":\"https:\\\/\\\/schweizversand.ch\\\/fr\\\/#website\"},\"primaryImageOfPage\":{\"@id\":\"https:\\\/\\\/schweizversand.ch\\\/fr\\\/produkt\\\/xq-max-handgelenkbandage\\\/#primaryimage\"},\"image\":{\"@id\":\"https:\\\/\\\/schweizversand.ch\\\/fr\\\/produkt\\\/xq-max-handgelenkbandage\\\/#primaryimage\"},\"thumbnailUrl\":\"https:\\\/\\\/schweizversand.ch\\\/wp-content\\\/uploads\\\/2026\\\/02\\\/5471578865.png\",\"datePublished\":\"2026-03-14T22:49:12+00:00\",\"dateModified\":\"2026-04-19T00:03:07+00:00\",\"description\":\"Egal, ob Sie ein erfahrener Gewichtheber sind, Ballsportarten lieben oder sich in der Rehabilitation befinden, die XQMax Handgelenkbandage ist Ihr zuverl\u00e4ssiger\",\"breadcrumb\":{\"@id\":\"https:\\\/\\\/schweizversand.ch\\\/fr\\\/produkt\\\/xq-max-handgelenkbandage\\\/#breadcrumb\"},\"inLanguage\":\"fr-FR\",\"potentialAction\":[{\"@type\":\"ReadAction\",\"target\":[\"https:\\\/\\\/schweizversand.ch\\\/fr\\\/produkt\\\/xq-max-handgelenkbandage\\\/\"]}]},{\"@type\":\"ImageObject\",\"inLanguage\":\"fr-FR\",\"@id\":\"https:\\\/\\\/schweizversand.ch\\\/fr\\\/produkt\\\/xq-max-handgelenkbandage\\\/#primaryimage\",\"url\":\"https:\\\/\\\/schweizversand.ch\\\/wp-content\\\/uploads\\\/2026\\\/02\\\/5471578865.png\",\"contentUrl\":\"https:\\\/\\\/schweizversand.ch\\\/wp-content\\\/uploads\\\/2026\\\/02\\\/5471578865.png\",\"width\":1024,\"height\":1024},{\"@type\":\"BreadcrumbList\",\"@id\":\"https:\\\/\\\/schweizversand.ch\\\/fr\\\/produkt\\\/xq-max-handgelenkbandage\\\/#breadcrumb\",\"itemListElement\":[{\"@type\":\"ListItem\",\"position\":1,\"name\":\"Startseite\",\"item\":\"https:\\\/\\\/schweizversand.ch\\\/fr\\\/home\\\/\"},{\"@type\":\"ListItem\",\"position\":2,\"name\":\"Boutique\",\"item\":\"https:\\\/\\\/schweizversand.ch\\\/fr\\\/boutique\\\/\"},{\"@type\":\"ListItem\",\"position\":3,\"name\":\"Beaut\u00e9 et sant\u00e9\",\"item\":\"https:\\\/\\\/schweizversand.ch\\\/fr\\\/produkt-kategorie\\\/beaute-et-sante\\\/\"},{\"@type\":\"ListItem\",\"position\":4,\"name\":\"Sant\u00e9\",\"item\":\"https:\\\/\\\/schweizversand.ch\\\/fr\\\/produkt-kategorie\\\/beaute-et-sante\\\/sante\\\/\"},{\"@type\":\"ListItem\",\"position\":5,\"name\":\"Supports et bandages\",\"item\":\"https:\\\/\\\/schweizversand.ch\\\/fr\\\/produkt-kategorie\\\/beaute-et-sante\\\/sante\\\/stuetzen-bandagen\\\/\"},{\"@type\":\"ListItem\",\"position\":6,\"name\":\"Bandage de poignet XQ Max\"}]},{\"@type\":\"WebSite\",\"@id\":\"https:\\\/\\\/schweizversand.ch\\\/fr\\\/#website\",\"url\":\"https:\\\/\\\/schweizversand.ch\\\/fr\\\/\",\"name\":\"Schweizer Shop f\u00fcr Sport, Spiel und Freizeit\",\"description\":\"Gratisversand ab 50.- (netto), ab eigenem schweizer Lager, Lieferung innert 48h\",\"publisher\":{\"@id\":\"https:\\\/\\\/schweizversand.ch\\\/fr\\\/#organization\"},\"alternateName\":\"Schweizversand.ch\",\"potentialAction\":[{\"@type\":\"SearchAction\",\"target\":{\"@type\":\"EntryPoint\",\"urlTemplate\":\"https:\\\/\\\/schweizversand.ch\\\/fr\\\/?s={search_term_string}\"},\"query-input\":{\"@type\":\"PropertyValueSpecification\",\"valueRequired\":true,\"valueName\":\"search_term_string\"}}],\"inLanguage\":\"fr-FR\"},{\"@type\":\"Organization\",\"@id\":\"https:\\\/\\\/schweizversand.ch\\\/fr\\\/#organization\",\"name\":\"Schweizversand.ch\",\"url\":\"https:\\\/\\\/schweizversand.ch\\\/fr\\\/\",\"logo\":{\"@type\":\"ImageObject\",\"inLanguage\":\"fr-FR\",\"@id\":\"https:\\\/\\\/schweizversand.ch\\\/fr\\\/#\\\/schema\\\/logo\\\/image\\\/\",\"url\":\"https:\\\/\\\/schweizversand.ch\\\/wp-content\\\/uploads\\\/2026\\\/03\\\/Logo_Rund_Final-1.png\",\"contentUrl\":\"https:\\\/\\\/schweizversand.ch\\\/wp-content\\\/uploads\\\/2026\\\/03\\\/Logo_Rund_Final-1.png\",\"width\":404,\"height\":404,\"caption\":\"Schweizversand.ch\"},\"image\":{\"@id\":\"https:\\\/\\\/schweizversand.ch\\\/fr\\\/#\\\/schema\\\/logo\\\/image\\\/\"},\"sameAs\":[\"https:\\\/\\\/www.facebook.com\\\/Schweizversand\",\"https:\\\/\\\/www.instagram.com\\\/schweizversand.ch\\\/\"]}]}<\/script>\n<!-- \/ Yoast SEO plugin. -->","yoast_head_json":{"title":"XQ Max Handgelenkbandage","description":"Egal, ob Sie ein erfahrener Gewichtheber sind, Ballsportarten lieben oder sich in der Rehabilitation befinden, die XQMax Handgelenkbandage ist Ihr zuverl\u00e4ssiger","robots":{"index":"index","follow":"follow","max-snippet":"max-snippet:-1","max-image-preview":"max-image-preview:large","max-video-preview":"max-video-preview:-1"},"canonical":"https:\/\/schweizversand.ch\/fr\/produkt\/xq-max-handgelenkbandage\/","og_locale":"fr_FR","og_type":"article","og_title":"XQ Max Handgelenkbandage","og_description":"Egal, ob Sie ein erfahrener Gewichtheber sind, Ballsportarten lieben oder sich in der Rehabilitation befinden, die XQMax Handgelenkbandage ist Ihr zuverl\u00e4ssiger","og_url":"https:\/\/schweizversand.ch\/fr\/produkt\/xq-max-handgelenkbandage\/","og_site_name":"Schweizer Shop f\u00fcr Sport, Spiel und Freizeit","article_publisher":"https:\/\/www.facebook.com\/Schweizversand","article_modified_time":"2026-04-19T00:03:07+00:00","og_image":[{"width":1024,"height":1024,"url":"https:\/\/schweizversand.ch\/wp-content\/uploads\/2026\/02\/5471578865.png","type":"image\/png"}],"twitter_card":"summary_large_image","twitter_misc":{"Dur\u00e9e de lecture estim\u00e9e":"1 minute"},"schema":{"@context":"https:\/\/schema.org","@graph":[{"@type":"WebPage","@id":"https:\/\/schweizversand.ch\/fr\/produkt\/xq-max-handgelenkbandage\/","url":"https:\/\/schweizversand.ch\/fr\/produkt\/xq-max-handgelenkbandage\/","name":"XQ Max Handgelenkbandage","isPartOf":{"@id":"https:\/\/schweizversand.ch\/fr\/#website"},"primaryImageOfPage":{"@id":"https:\/\/schweizversand.ch\/fr\/produkt\/xq-max-handgelenkbandage\/#primaryimage"},"image":{"@id":"https:\/\/schweizversand.ch\/fr\/produkt\/xq-max-handgelenkbandage\/#primaryimage"},"thumbnailUrl":"https:\/\/schweizversand.ch\/wp-content\/uploads\/2026\/02\/5471578865.png","datePublished":"2026-03-14T22:49:12+00:00","dateModified":"2026-04-19T00:03:07+00:00","description":"Egal, ob Sie ein erfahrener Gewichtheber sind, Ballsportarten lieben oder sich in der Rehabilitation befinden, die XQMax Handgelenkbandage ist Ihr zuverl\u00e4ssiger","breadcrumb":{"@id":"https:\/\/schweizversand.ch\/fr\/produkt\/xq-max-handgelenkbandage\/#breadcrumb"},"inLanguage":"fr-FR","potentialAction":[{"@type":"ReadAction","target":["https:\/\/schweizversand.ch\/fr\/produkt\/xq-max-handgelenkbandage\/"]}]},{"@type":"ImageObject","inLanguage":"fr-FR","@id":"https:\/\/schweizversand.ch\/fr\/produkt\/xq-max-handgelenkbandage\/#primaryimage","url":"https:\/\/schweizversand.ch\/wp-content\/uploads\/2026\/02\/5471578865.png","contentUrl":"https:\/\/schweizversand.ch\/wp-content\/uploads\/2026\/02\/5471578865.png","width":1024,"height":1024},{"@type":"BreadcrumbList","@id":"https:\/\/schweizversand.ch\/fr\/produkt\/xq-max-handgelenkbandage\/#breadcrumb","itemListElement":[{"@type":"ListItem","position":1,"name":"Startseite","item":"https:\/\/schweizversand.ch\/fr\/home\/"},{"@type":"ListItem","position":2,"name":"Boutique","item":"https:\/\/schweizversand.ch\/fr\/boutique\/"},{"@type":"ListItem","position":3,"name":"Beaut\u00e9 et sant\u00e9","item":"https:\/\/schweizversand.ch\/fr\/produkt-kategorie\/beaute-et-sante\/"},{"@type":"ListItem","position":4,"name":"Sant\u00e9","item":"https:\/\/schweizversand.ch\/fr\/produkt-kategorie\/beaute-et-sante\/sante\/"},{"@type":"ListItem","position":5,"name":"Supports et bandages","item":"https:\/\/schweizversand.ch\/fr\/produkt-kategorie\/beaute-et-sante\/sante\/stuetzen-bandagen\/"},{"@type":"ListItem","position":6,"name":"Bandage de poignet XQ Max"}]},{"@type":"WebSite","@id":"https:\/\/schweizversand.ch\/fr\/#website","url":"https:\/\/schweizversand.ch\/fr\/","name":"Schweizer Shop f\u00fcr Sport, Spiel und Freizeit","description":"Gratisversand ab 50.- (netto), ab eigenem schweizer Lager, Lieferung innert 48h","publisher":{"@id":"https:\/\/schweizversand.ch\/fr\/#organization"},"alternateName":"Schweizversand.ch","potentialAction":[{"@type":"SearchAction","target":{"@type":"EntryPoint","urlTemplate":"https:\/\/schweizversand.ch\/fr\/?s={search_term_string}"},"query-input":{"@type":"PropertyValueSpecification","valueRequired":true,"valueName":"search_term_string"}}],"inLanguage":"fr-FR"},{"@type":"Organization","@id":"https:\/\/schweizversand.ch\/fr\/#organization","name":"Schweizversand.ch","url":"https:\/\/schweizversand.ch\/fr\/","logo":{"@type":"ImageObject","inLanguage":"fr-FR","@id":"https:\/\/schweizversand.ch\/fr\/#\/schema\/logo\/image\/","url":"https:\/\/schweizversand.ch\/wp-content\/uploads\/2026\/03\/Logo_Rund_Final-1.png","contentUrl":"https:\/\/schweizversand.ch\/wp-content\/uploads\/2026\/03\/Logo_Rund_Final-1.png","width":404,"height":404,"caption":"Schweizversand.ch"},"image":{"@id":"https:\/\/schweizversand.ch\/fr\/#\/schema\/logo\/image\/"},"sameAs":["https:\/\/www.facebook.com\/Schweizversand","https:\/\/www.instagram.com\/schweizversand.ch\/"]}]}},"jetpack_sharing_enabled":true,"_links":{"self":[{"href":"https:\/\/schweizversand.ch\/fr\/wp-json\/wp\/v2\/product\/259752","targetHints":{"allow":["GET"]}}],"collection":[{"href":"https:\/\/schweizversand.ch\/fr\/wp-json\/wp\/v2\/product"}],"about":[{"href":"https:\/\/schweizversand.ch\/fr\/wp-json\/wp\/v2\/types\/product"}],"replies":[{"embeddable":true,"href":"https:\/\/schweizversand.ch\/fr\/wp-json\/wp\/v2\/comments?post=259752"}],"wp:featuredmedia":[{"embeddable":true,"href":"https:\/\/schweizversand.ch\/fr\/wp-json\/wp\/v2\/media\/157485"}],"wp:attachment":[{"href":"https:\/\/schweizversand.ch\/fr\/wp-json\/wp\/v2\/media?parent=259752"}],"wp:term":[{"taxonomy":"product_brand","embeddable":true,"href":"https:\/\/schweizversand.ch\/fr\/wp-json\/wp\/v2\/product_brand?post=259752"},{"taxonomy":"product_cat","embeddable":true,"href":"https:\/\/schweizversand.ch\/fr\/wp-json\/wp\/v2\/product_cat?post=259752"},{"taxonomy":"product_tag","embeddable":true,"href":"https:\/\/schweizversand.ch\/fr\/wp-json\/wp\/v2\/product_tag?post=259752"}],"curies":[{"name":"wp","href":"https:\/\/api.w.org\/{rel}","templated":true}]}}