{"id":259753,"date":"2026-03-14T23:49:12","date_gmt":"2026-03-14T22:49:12","guid":{"rendered":"https:\/\/schweizversand.ch\/produkt\/xq-max-wadenstuetze\/"},"modified":"2026-04-19T02:03:07","modified_gmt":"2026-04-19T00:03:07","slug":"xq-max-wadenstuetze","status":"publish","type":"product","link":"https:\/\/schweizversand.ch\/fr\/produkt\/xq-max-wadenstuetze\/","title":{"rendered":"Support de mollet XQ Max"},"content":{"rendered":"<p>Soutien mollet XQ Max bleu : Un soutien simple pour un confort au quotidien !<\/p>\n<p>Le soutien mollet XQ Max est une solution simple et efficace pour tous ceux qui recherchent un soutien suppl\u00e9mentaire au mollet. Que vous soyez en convalescence apr\u00e8s une blessure ou que vous souhaitiez simplement plus de confort pendant vos entra\u00eenements ou vos activit\u00e9s quotidiennes, ce soutien mollet r\u00e9pond parfaitement \u00e0 vos besoins.<\/p>\n<p>Caract\u00e9ristiques principales du soutien mollet :<\/p>\n<p>1. Mati\u00e8re confortable : Fabriqu\u00e9 \u00e0 partir d&rsquo;un m\u00e9lange de 70 % de laine, 20 % d&rsquo;\u00e9lasthanne et 10 % de polypropyl\u00e8ne, ce soutien mollet offre une sensation de chaleur et de douceur, ainsi que l&rsquo;\u00e9lasticit\u00e9 n\u00e9cessaire pour s&rsquo;adapter parfaitement \u00e0 votre jambe.<\/p>\n<p>2. Taille unique : Con\u00e7u pour convenir \u00e0 la plupart des morphologies, ce soutien est particuli\u00e8rement pratique et polyvalent.<\/p>\n<p>3. Soutien et confort : Le soutien mollet aide \u00e0 stabiliser les muscles et \u00e0 minimiser les risques d&rsquo;inconfort ou de gonflement. De plus, sa mati\u00e8re respirante assure une bonne circulation de l&rsquo;air.<\/p>\n<p>4. Utilisation polyvalente\u00a0: Id\u00e9al pour les sportifs, les personnes exer\u00e7ant un m\u00e9tier physique ou toute personne ayant besoin d\u2019un soutien suppl\u00e9mentaire au niveau des mollets au quotidien.<\/p>\n<p>5. \u00c9l\u00e9gant et discret\u00a0: Sa couleur bleue sobre s\u2019accorde avec la plupart des tenues et se porte discr\u00e8tement sous les v\u00eatements.<\/p>\n<p>Conclusion\u00a0: Le support de mollets XQ Max bleu offre une solution simple et efficace pour tous ceux qui recherchent un soutien suppl\u00e9mentaire. Sa mati\u00e8re de haute qualit\u00e9 garantit un confort optimal, tandis que sa conception discr\u00e8te vous assure style et maintien tout au long de la journ\u00e9e. Offrez \u00e0 vos mollets le confort qu\u2019ils m\u00e9ritent avec le support de mollets XQ Max\u00a0!<\/p>\n","protected":false},"excerpt":{"rendered":"<p>XQ Max Wadenst\u00fctze bietet bequemen Halt mit w\u00e4rmendem Wollmix und perfekter Passform. Ideal f\u00fcr Alltag, Sport und schnelle Regeneration \u2013 bequem, elastisch, vielseitig.<\/p>\n","protected":false},"featured_media":157487,"comment_status":"open","ping_status":"closed","template":"","meta":[],"product_brand":[],"product_cat":[38620],"product_tag":[],"class_list":{"0":"post-259753","1":"product","2":"type-product","3":"status-publish","4":"has-post-thumbnail","6":"product_cat-stuetzen-bandagen","7":"product_shipping_class-global_methods","9":"first","10":"instock","11":"taxable","12":"shipping-taxable","13":"purchasable","14":"product-type-simple"},"yoast_head":"<!-- This site is optimized with the Yoast SEO plugin v27.4 - https:\/\/yoast.com\/product\/yoast-seo-wordpress\/ -->\n<title>XQ Max Wadenst\u00fctze<\/title>\n<meta name=\"description\" content=\"XQ Max Wadenst\u00fctze in Blau: Einfache Unterst\u00fctzung f\u00fcr den t\u00e4glichen Komfort!\u00a0 Die Wadenst\u00fctze von XQ Max ist eine unkomplizierte und effektive L\u00f6sung f\u00fcr alle\" \/>\n<meta name=\"robots\" content=\"index, follow, max-snippet:-1, max-image-preview:large, max-video-preview:-1\" \/>\n<link rel=\"canonical\" href=\"https:\/\/schweizversand.ch\/fr\/produkt\/xq-max-wadenstuetze\/\" \/>\n<meta property=\"og:locale\" content=\"fr_FR\" \/>\n<meta property=\"og:type\" content=\"article\" \/>\n<meta property=\"og:title\" content=\"XQ Max Wadenst\u00fctze\" \/>\n<meta property=\"og:description\" content=\"XQ Max Wadenst\u00fctze in Blau: Einfache Unterst\u00fctzung f\u00fcr den t\u00e4glichen Komfort!\u00a0 Die Wadenst\u00fctze von XQ Max ist eine unkomplizierte und effektive L\u00f6sung f\u00fcr alle\" \/>\n<meta property=\"og:url\" content=\"https:\/\/schweizversand.ch\/fr\/produkt\/xq-max-wadenstuetze\/\" \/>\n<meta property=\"og:site_name\" content=\"Schweizer Shop f\u00fcr Sport, Spiel und Freizeit\" \/>\n<meta property=\"article:publisher\" content=\"https:\/\/www.facebook.com\/Schweizversand\" \/>\n<meta property=\"article:modified_time\" content=\"2026-04-19T00:03:07+00:00\" \/>\n<meta property=\"og:image\" content=\"https:\/\/schweizversand.ch\/wp-content\/uploads\/2026\/02\/5471582574.png\" \/>\n\t<meta property=\"og:image:width\" content=\"1024\" \/>\n\t<meta property=\"og:image:height\" content=\"1024\" \/>\n\t<meta property=\"og:image:type\" content=\"image\/png\" \/>\n<meta name=\"twitter:card\" content=\"summary_large_image\" \/>\n<meta name=\"twitter:label1\" content=\"Dur\u00e9e de lecture estim\u00e9e\" \/>\n\t<meta name=\"twitter:data1\" content=\"1 minute\" \/>\n<script type=\"application\/ld+json\" class=\"yoast-schema-graph\">{\"@context\":\"https:\\\/\\\/schema.org\",\"@graph\":[{\"@type\":\"WebPage\",\"@id\":\"https:\\\/\\\/schweizversand.ch\\\/fr\\\/produkt\\\/xq-max-wadenstuetze\\\/\",\"url\":\"https:\\\/\\\/schweizversand.ch\\\/fr\\\/produkt\\\/xq-max-wadenstuetze\\\/\",\"name\":\"XQ Max Wadenst\u00fctze\",\"isPartOf\":{\"@id\":\"https:\\\/\\\/schweizversand.ch\\\/fr\\\/#website\"},\"primaryImageOfPage\":{\"@id\":\"https:\\\/\\\/schweizversand.ch\\\/fr\\\/produkt\\\/xq-max-wadenstuetze\\\/#primaryimage\"},\"image\":{\"@id\":\"https:\\\/\\\/schweizversand.ch\\\/fr\\\/produkt\\\/xq-max-wadenstuetze\\\/#primaryimage\"},\"thumbnailUrl\":\"https:\\\/\\\/schweizversand.ch\\\/wp-content\\\/uploads\\\/2026\\\/02\\\/5471582574.png\",\"datePublished\":\"2026-03-14T22:49:12+00:00\",\"dateModified\":\"2026-04-19T00:03:07+00:00\",\"description\":\"XQ Max Wadenst\u00fctze in Blau: Einfache Unterst\u00fctzung f\u00fcr den t\u00e4glichen Komfort!\u00a0 Die Wadenst\u00fctze von XQ Max ist eine unkomplizierte und effektive L\u00f6sung f\u00fcr alle\",\"breadcrumb\":{\"@id\":\"https:\\\/\\\/schweizversand.ch\\\/fr\\\/produkt\\\/xq-max-wadenstuetze\\\/#breadcrumb\"},\"inLanguage\":\"fr-FR\",\"potentialAction\":[{\"@type\":\"ReadAction\",\"target\":[\"https:\\\/\\\/schweizversand.ch\\\/fr\\\/produkt\\\/xq-max-wadenstuetze\\\/\"]}]},{\"@type\":\"ImageObject\",\"inLanguage\":\"fr-FR\",\"@id\":\"https:\\\/\\\/schweizversand.ch\\\/fr\\\/produkt\\\/xq-max-wadenstuetze\\\/#primaryimage\",\"url\":\"https:\\\/\\\/schweizversand.ch\\\/wp-content\\\/uploads\\\/2026\\\/02\\\/5471582574.png\",\"contentUrl\":\"https:\\\/\\\/schweizversand.ch\\\/wp-content\\\/uploads\\\/2026\\\/02\\\/5471582574.png\",\"width\":1024,\"height\":1024},{\"@type\":\"BreadcrumbList\",\"@id\":\"https:\\\/\\\/schweizversand.ch\\\/fr\\\/produkt\\\/xq-max-wadenstuetze\\\/#breadcrumb\",\"itemListElement\":[{\"@type\":\"ListItem\",\"position\":1,\"name\":\"Startseite\",\"item\":\"https:\\\/\\\/schweizversand.ch\\\/fr\\\/home\\\/\"},{\"@type\":\"ListItem\",\"position\":2,\"name\":\"Boutique\",\"item\":\"https:\\\/\\\/schweizversand.ch\\\/fr\\\/boutique\\\/\"},{\"@type\":\"ListItem\",\"position\":3,\"name\":\"Beaut\u00e9 et sant\u00e9\",\"item\":\"https:\\\/\\\/schweizversand.ch\\\/fr\\\/produkt-kategorie\\\/beaute-et-sante\\\/\"},{\"@type\":\"ListItem\",\"position\":4,\"name\":\"Sant\u00e9\",\"item\":\"https:\\\/\\\/schweizversand.ch\\\/fr\\\/produkt-kategorie\\\/beaute-et-sante\\\/sante\\\/\"},{\"@type\":\"ListItem\",\"position\":5,\"name\":\"Supports et bandages\",\"item\":\"https:\\\/\\\/schweizversand.ch\\\/fr\\\/produkt-kategorie\\\/beaute-et-sante\\\/sante\\\/stuetzen-bandagen\\\/\"},{\"@type\":\"ListItem\",\"position\":6,\"name\":\"Support de mollet XQ Max\"}]},{\"@type\":\"WebSite\",\"@id\":\"https:\\\/\\\/schweizversand.ch\\\/fr\\\/#website\",\"url\":\"https:\\\/\\\/schweizversand.ch\\\/fr\\\/\",\"name\":\"Schweizer Shop f\u00fcr Sport, Spiel und Freizeit\",\"description\":\"Gratisversand ab 50.- (netto), ab eigenem schweizer Lager, Lieferung innert 48h\",\"publisher\":{\"@id\":\"https:\\\/\\\/schweizversand.ch\\\/fr\\\/#organization\"},\"alternateName\":\"Schweizversand.ch\",\"potentialAction\":[{\"@type\":\"SearchAction\",\"target\":{\"@type\":\"EntryPoint\",\"urlTemplate\":\"https:\\\/\\\/schweizversand.ch\\\/fr\\\/?s={search_term_string}\"},\"query-input\":{\"@type\":\"PropertyValueSpecification\",\"valueRequired\":true,\"valueName\":\"search_term_string\"}}],\"inLanguage\":\"fr-FR\"},{\"@type\":\"Organization\",\"@id\":\"https:\\\/\\\/schweizversand.ch\\\/fr\\\/#organization\",\"name\":\"Schweizversand.ch\",\"url\":\"https:\\\/\\\/schweizversand.ch\\\/fr\\\/\",\"logo\":{\"@type\":\"ImageObject\",\"inLanguage\":\"fr-FR\",\"@id\":\"https:\\\/\\\/schweizversand.ch\\\/fr\\\/#\\\/schema\\\/logo\\\/image\\\/\",\"url\":\"https:\\\/\\\/schweizversand.ch\\\/wp-content\\\/uploads\\\/2026\\\/03\\\/Logo_Rund_Final-1.png\",\"contentUrl\":\"https:\\\/\\\/schweizversand.ch\\\/wp-content\\\/uploads\\\/2026\\\/03\\\/Logo_Rund_Final-1.png\",\"width\":404,\"height\":404,\"caption\":\"Schweizversand.ch\"},\"image\":{\"@id\":\"https:\\\/\\\/schweizversand.ch\\\/fr\\\/#\\\/schema\\\/logo\\\/image\\\/\"},\"sameAs\":[\"https:\\\/\\\/www.facebook.com\\\/Schweizversand\",\"https:\\\/\\\/www.instagram.com\\\/schweizversand.ch\\\/\"]}]}<\/script>\n<!-- \/ Yoast SEO plugin. -->","yoast_head_json":{"title":"XQ Max Wadenst\u00fctze","description":"XQ Max Wadenst\u00fctze in Blau: Einfache Unterst\u00fctzung f\u00fcr den t\u00e4glichen Komfort!\u00a0 Die Wadenst\u00fctze von XQ Max ist eine unkomplizierte und effektive L\u00f6sung f\u00fcr alle","robots":{"index":"index","follow":"follow","max-snippet":"max-snippet:-1","max-image-preview":"max-image-preview:large","max-video-preview":"max-video-preview:-1"},"canonical":"https:\/\/schweizversand.ch\/fr\/produkt\/xq-max-wadenstuetze\/","og_locale":"fr_FR","og_type":"article","og_title":"XQ Max Wadenst\u00fctze","og_description":"XQ Max Wadenst\u00fctze in Blau: Einfache Unterst\u00fctzung f\u00fcr den t\u00e4glichen Komfort!\u00a0 Die Wadenst\u00fctze von XQ Max ist eine unkomplizierte und effektive L\u00f6sung f\u00fcr alle","og_url":"https:\/\/schweizversand.ch\/fr\/produkt\/xq-max-wadenstuetze\/","og_site_name":"Schweizer Shop f\u00fcr Sport, Spiel und Freizeit","article_publisher":"https:\/\/www.facebook.com\/Schweizversand","article_modified_time":"2026-04-19T00:03:07+00:00","og_image":[{"width":1024,"height":1024,"url":"https:\/\/schweizversand.ch\/wp-content\/uploads\/2026\/02\/5471582574.png","type":"image\/png"}],"twitter_card":"summary_large_image","twitter_misc":{"Dur\u00e9e de lecture estim\u00e9e":"1 minute"},"schema":{"@context":"https:\/\/schema.org","@graph":[{"@type":"WebPage","@id":"https:\/\/schweizversand.ch\/fr\/produkt\/xq-max-wadenstuetze\/","url":"https:\/\/schweizversand.ch\/fr\/produkt\/xq-max-wadenstuetze\/","name":"XQ Max Wadenst\u00fctze","isPartOf":{"@id":"https:\/\/schweizversand.ch\/fr\/#website"},"primaryImageOfPage":{"@id":"https:\/\/schweizversand.ch\/fr\/produkt\/xq-max-wadenstuetze\/#primaryimage"},"image":{"@id":"https:\/\/schweizversand.ch\/fr\/produkt\/xq-max-wadenstuetze\/#primaryimage"},"thumbnailUrl":"https:\/\/schweizversand.ch\/wp-content\/uploads\/2026\/02\/5471582574.png","datePublished":"2026-03-14T22:49:12+00:00","dateModified":"2026-04-19T00:03:07+00:00","description":"XQ Max Wadenst\u00fctze in Blau: Einfache Unterst\u00fctzung f\u00fcr den t\u00e4glichen Komfort!\u00a0 Die Wadenst\u00fctze von XQ Max ist eine unkomplizierte und effektive L\u00f6sung f\u00fcr alle","breadcrumb":{"@id":"https:\/\/schweizversand.ch\/fr\/produkt\/xq-max-wadenstuetze\/#breadcrumb"},"inLanguage":"fr-FR","potentialAction":[{"@type":"ReadAction","target":["https:\/\/schweizversand.ch\/fr\/produkt\/xq-max-wadenstuetze\/"]}]},{"@type":"ImageObject","inLanguage":"fr-FR","@id":"https:\/\/schweizversand.ch\/fr\/produkt\/xq-max-wadenstuetze\/#primaryimage","url":"https:\/\/schweizversand.ch\/wp-content\/uploads\/2026\/02\/5471582574.png","contentUrl":"https:\/\/schweizversand.ch\/wp-content\/uploads\/2026\/02\/5471582574.png","width":1024,"height":1024},{"@type":"BreadcrumbList","@id":"https:\/\/schweizversand.ch\/fr\/produkt\/xq-max-wadenstuetze\/#breadcrumb","itemListElement":[{"@type":"ListItem","position":1,"name":"Startseite","item":"https:\/\/schweizversand.ch\/fr\/home\/"},{"@type":"ListItem","position":2,"name":"Boutique","item":"https:\/\/schweizversand.ch\/fr\/boutique\/"},{"@type":"ListItem","position":3,"name":"Beaut\u00e9 et sant\u00e9","item":"https:\/\/schweizversand.ch\/fr\/produkt-kategorie\/beaute-et-sante\/"},{"@type":"ListItem","position":4,"name":"Sant\u00e9","item":"https:\/\/schweizversand.ch\/fr\/produkt-kategorie\/beaute-et-sante\/sante\/"},{"@type":"ListItem","position":5,"name":"Supports et bandages","item":"https:\/\/schweizversand.ch\/fr\/produkt-kategorie\/beaute-et-sante\/sante\/stuetzen-bandagen\/"},{"@type":"ListItem","position":6,"name":"Support de mollet XQ Max"}]},{"@type":"WebSite","@id":"https:\/\/schweizversand.ch\/fr\/#website","url":"https:\/\/schweizversand.ch\/fr\/","name":"Schweizer Shop f\u00fcr Sport, Spiel und Freizeit","description":"Gratisversand ab 50.- (netto), ab eigenem schweizer Lager, Lieferung innert 48h","publisher":{"@id":"https:\/\/schweizversand.ch\/fr\/#organization"},"alternateName":"Schweizversand.ch","potentialAction":[{"@type":"SearchAction","target":{"@type":"EntryPoint","urlTemplate":"https:\/\/schweizversand.ch\/fr\/?s={search_term_string}"},"query-input":{"@type":"PropertyValueSpecification","valueRequired":true,"valueName":"search_term_string"}}],"inLanguage":"fr-FR"},{"@type":"Organization","@id":"https:\/\/schweizversand.ch\/fr\/#organization","name":"Schweizversand.ch","url":"https:\/\/schweizversand.ch\/fr\/","logo":{"@type":"ImageObject","inLanguage":"fr-FR","@id":"https:\/\/schweizversand.ch\/fr\/#\/schema\/logo\/image\/","url":"https:\/\/schweizversand.ch\/wp-content\/uploads\/2026\/03\/Logo_Rund_Final-1.png","contentUrl":"https:\/\/schweizversand.ch\/wp-content\/uploads\/2026\/03\/Logo_Rund_Final-1.png","width":404,"height":404,"caption":"Schweizversand.ch"},"image":{"@id":"https:\/\/schweizversand.ch\/fr\/#\/schema\/logo\/image\/"},"sameAs":["https:\/\/www.facebook.com\/Schweizversand","https:\/\/www.instagram.com\/schweizversand.ch\/"]}]}},"jetpack_sharing_enabled":true,"_links":{"self":[{"href":"https:\/\/schweizversand.ch\/fr\/wp-json\/wp\/v2\/product\/259753","targetHints":{"allow":["GET"]}}],"collection":[{"href":"https:\/\/schweizversand.ch\/fr\/wp-json\/wp\/v2\/product"}],"about":[{"href":"https:\/\/schweizversand.ch\/fr\/wp-json\/wp\/v2\/types\/product"}],"replies":[{"embeddable":true,"href":"https:\/\/schweizversand.ch\/fr\/wp-json\/wp\/v2\/comments?post=259753"}],"wp:featuredmedia":[{"embeddable":true,"href":"https:\/\/schweizversand.ch\/fr\/wp-json\/wp\/v2\/media\/157487"}],"wp:attachment":[{"href":"https:\/\/schweizversand.ch\/fr\/wp-json\/wp\/v2\/media?parent=259753"}],"wp:term":[{"taxonomy":"product_brand","embeddable":true,"href":"https:\/\/schweizversand.ch\/fr\/wp-json\/wp\/v2\/product_brand?post=259753"},{"taxonomy":"product_cat","embeddable":true,"href":"https:\/\/schweizversand.ch\/fr\/wp-json\/wp\/v2\/product_cat?post=259753"},{"taxonomy":"product_tag","embeddable":true,"href":"https:\/\/schweizversand.ch\/fr\/wp-json\/wp\/v2\/product_tag?post=259753"}],"curies":[{"name":"wp","href":"https:\/\/api.w.org\/{rel}","templated":true}]}}